{"id":4386,"date":"2021-09-13T09:35:32","date_gmt":"2021-09-13T09:35:32","guid":{"rendered":"https:\/\/recyclingequipinc.com\/?post_type=product&#038;p=4386"},"modified":"2025-01-20T10:24:30","modified_gmt":"2025-01-20T02:24:30","slug":"pet-bottle-washing-line","status":"publish","type":"product","link":"https:\/\/recyclingequipinc.com\/pt\/product\/pet-bottle-washing-line\/","title":{"rendered":"Linha de lavagem de garrafas PET"},"content":{"rendered":"<p>A linha de lavagem de garrafas PET \u00e9 principalmente uma linha de produ\u00e7\u00e3o para limpeza e tritura\u00e7\u00e3o de garrafas pl\u00e1sticas PET. A linha de lavagem de garrafas PET inclui principalmente um tanque de lavagem, um tanque de lavagem com \u00e1gua quente e, pelo menos, uma m\u00e1quina de limpeza por fric\u00e7\u00e3o. Cada m\u00e1quina \u00e9 conectada por um transportador helicoidal. Se o or\u00e7amento for alto ou se busca produtos acabados mais claros, voc\u00ea pode aumentar o n\u00famero de tanques de lavagem, tanques de lavagem com \u00e1gua quente e m\u00e1quinas de limpeza por fric\u00e7\u00e3o para dois ou tr\u00eas. Al\u00e9m disso, podemos customizar a linha de equipamentos de lavagem de acordo com sua necessidade.<\/p> <h2>Os principais equipamentos da linha de lavagem de garrafas pet<\/h2> <h3>Separador de etiquetas<\/h3> <p>O separador de r\u00f3tulos de garrafas pl\u00e1sticas \u00e9 a m\u00e1quina para remover r\u00f3tulos de garrafas pl\u00e1sticas. Sob a a\u00e7\u00e3o da rota\u00e7\u00e3o da m\u00e1quina, a placa ungueal dentro do removedor de r\u00f3tulos de pl\u00e1stico pode remover o r\u00f3tulo do corpo da garrafa. Depois de remover o r\u00f3tulo, o ventilador acima do separador de garrafas pl\u00e1sticas pode soprar o r\u00f3tulo para fora da fuselagem. Porque a taxa de separa\u00e7\u00e3o deste removedor de etiquetas de pl\u00e1stico est\u00e1 entre 98% \u2013 99%. Comparada com seus pares, a m\u00e1quina de Shuliy tem grandes vantagens na taxa de separa\u00e7\u00e3o.<\/p> <figure id=\"attachment_5475\" aria-describedby=\"caption-attachment-5475\" style=\"width: 750px\" class=\"wp-caption aligncenter\"><img fetchpriority=\"high\" decoding=\"async\" class=\"size-full wp-image-5475\" src=\"https:\/\/recyclingequipinc.com\/wp-content\/uploads\/2021\/09\/Plastic-Label-Remove-Machine.jpg\" alt=\"M\u00e1quina de remo\u00e7\u00e3o de etiquetas de pl\u00e1stico\" width=\"750\" height=\"750\" srcset=\"https:\/\/recyclingequipinc.com\/wp-content\/uploads\/2021\/09\/Plastic-Label-Remove-Machine.jpg 750w, https:\/\/recyclingequipinc.com\/wp-content\/uploads\/2021\/09\/Plastic-Label-Remove-Machine-100x100.jpg 100w, https:\/\/recyclingequipinc.com\/wp-content\/uploads\/2021\/09\/Plastic-Label-Remove-Machine-300x300.jpg 300w, https:\/\/recyclingequipinc.com\/wp-content\/uploads\/2021\/09\/Plastic-Label-Remove-Machine-150x150.jpg 150w, https:\/\/recyclingequipinc.com\/wp-content\/uploads\/2021\/09\/Plastic-Label-Remove-Machine-600x600.jpg 600w\" sizes=\"(max-width: 750px) 100vw, 750px\" \/><figcaption id=\"caption-attachment-5475\" class=\"wp-caption-text\">M\u00e1quina de remo\u00e7\u00e3o de etiquetas de pl\u00e1stico<\/figcaption><\/figure> <h3>M\u00e1quina de mesa de classifica\u00e7\u00e3o para transporte de correia<\/h3> <p>A m\u00e1quina de mesa de classifica\u00e7\u00e3o e transporte por correia \u00e9 uma mesa de transporte plana. Pode separar as garrafas pl\u00e1sticas que n\u00e3o foram rotuladas ou garrafas pl\u00e1sticas de cores diferentes. O objetivo \u00e9 melhorar a pureza dos flocos de pl\u00e1stico. Conforme mencionado acima, um pequeno n\u00famero de garrafas n\u00e3o foi desmarcado ap\u00f3s passar pelo separador pl\u00e1stico de r\u00f3tulos. Na mesa de classifica\u00e7\u00e3o do transportador de correia, voc\u00ea pode selecion\u00e1-los.<\/p> <figure id=\"attachment_5476\" aria-describedby=\"caption-attachment-5476\" style=\"width: 720px\" class=\"wp-caption aligncenter\"><img decoding=\"async\" class=\"size-full wp-image-5476\" src=\"https:\/\/recyclingequipinc.com\/wp-content\/uploads\/2021\/09\/Belt-Conveying-Sorting-Table-Machine.jpg\" alt=\"M\u00e1quina de mesa de classifica\u00e7\u00e3o para transporte de correia\" width=\"720\" height=\"540\" srcset=\"https:\/\/recyclingequipinc.com\/wp-content\/uploads\/2021\/09\/Belt-Conveying-Sorting-Table-Machine.jpg 720w, https:\/\/recyclingequipinc.com\/wp-content\/uploads\/2021\/09\/Belt-Conveying-Sorting-Table-Machine-300x225.jpg 300w, https:\/\/recyclingequipinc.com\/wp-content\/uploads\/2021\/09\/Belt-Conveying-Sorting-Table-Machine-600x450.jpg 600w\" sizes=\"(max-width: 720px) 100vw, 720px\" \/><figcaption id=\"caption-attachment-5476\" class=\"wp-caption-text\">M\u00e1quina de mesa de classifica\u00e7\u00e3o para transporte de correia<\/figcaption><\/figure> <h3>M\u00e1quina trituradora de pl\u00e1stico<\/h3> <p>O triturador de pl\u00e1stico Pet \u00e9 uma das m\u00e1quinas mais importantes na linha de lavagem de garrafas PET. A fun\u00e7\u00e3o do triturador de pl\u00e1stico \u00e9 esmagar a garrafa de pl\u00e1stico em um tamanho de folha de pl\u00e1stico definido. Nossa ferramenta de corte \u00e9 de a\u00e7o de alta qualidade, que pode facilmente esmagar garrafas pl\u00e1sticas sob a a\u00e7\u00e3o da rota\u00e7\u00e3o. E a tela dentro da m\u00e1quina tem 12 mm de espessura e o orif\u00edcio da tela tem 16 mm. Se voc\u00ea tiver a tela e o tamanho de malha desejados, pode entrar em contato conosco e poderemos fornecer um servi\u00e7o personalizado. Al\u00e9m disso, o tamanho dos flocos de pl\u00e1stico acabados pode ser personalizado de acordo com suas necessidades.<\/p> <figure id=\"attachment_5477\" aria-describedby=\"caption-attachment-5477\" style=\"width: 750px\" class=\"wp-caption aligncenter\"><img decoding=\"async\" class=\"size-full wp-image-5477\" src=\"https:\/\/recyclingequipinc.com\/wp-content\/uploads\/2021\/09\/Plastic-Crusher-Machine.jpg\" alt=\"M\u00e1quina trituradora de pl\u00e1stico\" width=\"750\" height=\"750\" srcset=\"https:\/\/recyclingequipinc.com\/wp-content\/uploads\/2021\/09\/Plastic-Crusher-Machine.jpg 750w, https:\/\/recyclingequipinc.com\/wp-content\/uploads\/2021\/09\/Plastic-Crusher-Machine-100x100.jpg 100w, https:\/\/recyclingequipinc.com\/wp-content\/uploads\/2021\/09\/Plastic-Crusher-Machine-300x300.jpg 300w, https:\/\/recyclingequipinc.com\/wp-content\/uploads\/2021\/09\/Plastic-Crusher-Machine-150x150.jpg 150w, https:\/\/recyclingequipinc.com\/wp-content\/uploads\/2021\/09\/Plastic-Crusher-Machine-600x600.jpg 600w\" sizes=\"(max-width: 750px) 100vw, 750px\" \/><figcaption id=\"caption-attachment-5477\" class=\"wp-caption-text\">M\u00e1quina trituradora de pl\u00e1stico<\/figcaption><\/figure> <h3>Tanque de lavagem<\/h3> <p>O equipamento \u00e9 utilizado para lavar flocos de pl\u00e1stico pela primeira vez ap\u00f3s o processo de britagem. Al\u00e9m disso, tamb\u00e9m pode separar flocos de tampa de pl\u00e1stico feitos de PP ou PE para melhorar a pureza dos flocos de PET. E \u00e9 adequado para maior separa\u00e7\u00e3o e enx\u00e1gue ap\u00f3s lavagem com \u00e1gua quente e m\u00e1quina de fric\u00e7\u00e3o para tornar os flocos de garrafa mais limpos. O tanque de lavagem funciona de forma est\u00e1vel com energia suficiente, material dur\u00e1vel e n\u00e3o \u00e9 f\u00e1cil de queimar. \u00c9 uma parte importante da linha de lavagem de garrafas PET.<\/p> <figure id=\"attachment_4624\" aria-describedby=\"caption-attachment-4624\" style=\"width: 674px\" class=\"wp-caption aligncenter\"><img loading=\"lazy\" decoding=\"async\" class=\"size-full wp-image-4624\" src=\"https:\/\/recyclingequipinc.com\/wp-content\/uploads\/2021\/09\/washing-tank-equipment.jpg\" alt=\"equipamento de tanque de lavagem\" width=\"674\" height=\"545\" srcset=\"https:\/\/recyclingequipinc.com\/wp-content\/uploads\/2021\/09\/washing-tank-equipment.jpg 674w, https:\/\/recyclingequipinc.com\/wp-content\/uploads\/2021\/09\/washing-tank-equipment-300x243.jpg 300w, https:\/\/recyclingequipinc.com\/wp-content\/uploads\/2021\/09\/washing-tank-equipment-600x485.jpg 600w\" sizes=\"(max-width: 674px) 100vw, 674px\" \/><figcaption id=\"caption-attachment-4624\" class=\"wp-caption-text\">equipamento de tanque de lavagem<\/figcaption><\/figure> <h3>M\u00e1quina de limpeza friccional para garrafas pet<\/h3> <p>A m\u00e1quina de lavar friccional aplica-se \u00e0 limpeza de res\u00edduos pl\u00e1sticos como equipamento de apoio da linha de lavagem de garrafas PET. Consiste no motor principal, motor, estrutura de p\u00e9, entrada de \u00e1gua, entrada de alimenta\u00e7\u00e3o, orif\u00edcio de descarga e assim por diante. H\u00e1 uma entrada externa de \u00e1gua na parte superior e um filtro de malha fina na parte inferior do corpo. Os materiais s\u00e3o inseridos pela entrada de alimenta\u00e7\u00e3o, totalmente esfregados com \u00e1gua corrente pelo parafuso girat\u00f3rio de alta velocidade, removendo impurezas (solo, areia, folhas, papel, polpa), e depois enxaguando a sujeira da superf\u00edcie.<\/p> <figure id=\"attachment_4626\" aria-describedby=\"caption-attachment-4626\" style=\"width: 720px\" class=\"wp-caption aligncenter\"><img loading=\"lazy\" decoding=\"async\" class=\"size-full wp-image-4626\" src=\"https:\/\/recyclingequipinc.com\/wp-content\/uploads\/2021\/09\/frictional-cleaning-equipment.jpg\" alt=\"equipamento de limpeza por fric\u00e7\u00e3o\" width=\"720\" height=\"540\" srcset=\"https:\/\/recyclingequipinc.com\/wp-content\/uploads\/2021\/09\/frictional-cleaning-equipment.jpg 720w, https:\/\/recyclingequipinc.com\/wp-content\/uploads\/2021\/09\/frictional-cleaning-equipment-300x225.jpg 300w, https:\/\/recyclingequipinc.com\/wp-content\/uploads\/2021\/09\/frictional-cleaning-equipment-600x450.jpg 600w\" sizes=\"(max-width: 720px) 100vw, 720px\" \/><figcaption id=\"caption-attachment-4626\" class=\"wp-caption-text\">equipamento de limpeza por fric\u00e7\u00e3o<\/figcaption><\/figure> <h3>M\u00e1quina de limpeza de alta temperatura<\/h3> <p class=\"translation-block\">A m\u00e1quina de lavagem com \u00e1gua quente \u00e9 amplamente aplicada na limpeza completa de pl\u00e1stico em \u00e1gua quente com detergente. Adota uma estrutura superior aberta com controlo autom\u00e1tico de temperatura, preserva\u00e7\u00e3o de calor e agita\u00e7\u00e3o. E ent\u00e3o o equipamento \u00e9 adequado para a <a href=\"https:\/\/recyclingequipinc.com\/pt\/produto\/pet-bottle-recycling-machine\/\"><strong>linha de reciclagem de garrafas PET<\/strong><\/a>, aquecimento r\u00e1pido e limpeza conveniente.<\/p> <figure id=\"attachment_4625\" aria-describedby=\"caption-attachment-4625\" style=\"width: 475px\" class=\"wp-caption aligncenter\"><img loading=\"lazy\" decoding=\"async\" class=\"size-full wp-image-4625\" src=\"https:\/\/recyclingequipinc.com\/wp-content\/uploads\/2021\/09\/high-water-washing-machine.jpg\" alt=\"m\u00e1quina de lavar com \u00e1gua alta\" width=\"475\" height=\"522\" srcset=\"https:\/\/recyclingequipinc.com\/wp-content\/uploads\/2021\/09\/high-water-washing-machine.jpg 475w, https:\/\/recyclingequipinc.com\/wp-content\/uploads\/2021\/09\/high-water-washing-machine-273x300.jpg 273w\" sizes=\"(max-width: 475px) 100vw, 475px\" \/><figcaption id=\"caption-attachment-4625\" class=\"wp-caption-text\">m\u00e1quina de lavar com \u00e1gua alta<\/figcaption><\/figure> <h4>Caracter\u00edsticas da m\u00e1quina de lavar com \u00e1gua quente<\/h4> <ol> <li>Mede e controla a temperatura do material conectando o termopar ao controlador de temperatura.<\/li> <li>H\u00e1 uma luva m\u00f3vel conectando o eixo de sa\u00edda do redutor e o eixo da p\u00e1, conveniente para desmontar e limpar.<\/li> <li>A superf\u00edcie da nossa concha adota um acabamento fosco polido espelhado.<\/li> <li>A superf\u00edcie interna tem acabamento espelhado. O tanque interno n\u00e3o tem \u00e2ngulo morto, limpando o material livre de reten\u00e7\u00e3o.<\/li> <\/ol> <h4>Par\u00e2metros da m\u00e1quina de lavar de alta temperatura<\/h4> <ol> <li>Volume: 5L, 10L<\/li> <li>M\u00e9todo de aquecimento: use carv\u00e3o ou g\u00e1s natural para aquecimento<\/li> <li>Temperatura de aquecimento do material: n\u00e3o mais que 90 \u2103<\/li> <li>Velocidade de agita\u00e7\u00e3o: 15 ~ 120 r\/min (velocidade constante)<\/li> <\/ol> <h3>M\u00e1quina de desidrata\u00e7\u00e3o de pl\u00e1stico<\/h3> <p>O desidratador de flocos de pl\u00e1stico \u00e9 a \u00faltima m\u00e1quina principal em toda a linha de reciclagem de garrafas pl\u00e1sticas PET. Desidrata e seca principalmente materiais. Com a ajuda da m\u00e1quina de desidrata\u00e7\u00e3o de pl\u00e1stico, os flocos de pl\u00e1stico limpos podem entrar diretamente no reservat\u00f3rio de compensa\u00e7\u00e3o.<\/p> <figure id=\"attachment_5478\" aria-describedby=\"caption-attachment-5478\" style=\"width: 750px\" class=\"wp-caption aligncenter\"><img loading=\"lazy\" decoding=\"async\" class=\"size-full wp-image-5478\" src=\"https:\/\/recyclingequipinc.com\/wp-content\/uploads\/2021\/09\/Plastic-Dewatering-Machine.jpg\" alt=\"M\u00e1quina de desidrata\u00e7\u00e3o de pl\u00e1stico\" width=\"750\" height=\"750\" srcset=\"https:\/\/recyclingequipinc.com\/wp-content\/uploads\/2021\/09\/Plastic-Dewatering-Machine.jpg 750w, https:\/\/recyclingequipinc.com\/wp-content\/uploads\/2021\/09\/Plastic-Dewatering-Machine-100x100.jpg 100w, https:\/\/recyclingequipinc.com\/wp-content\/uploads\/2021\/09\/Plastic-Dewatering-Machine-300x300.jpg 300w, https:\/\/recyclingequipinc.com\/wp-content\/uploads\/2021\/09\/Plastic-Dewatering-Machine-150x150.jpg 150w, https:\/\/recyclingequipinc.com\/wp-content\/uploads\/2021\/09\/Plastic-Dewatering-Machine-600x600.jpg 600w\" sizes=\"(max-width: 750px) 100vw, 750px\" \/><figcaption id=\"caption-attachment-5478\" class=\"wp-caption-text\">M\u00e1quina de desidrata\u00e7\u00e3o de pl\u00e1stico<\/figcaption><\/figure> <h2>A fun\u00e7\u00e3o dos flocos de pl\u00e1stico produzidos pela linha de lavagem de garrafas de pl\u00e1stico<\/h2> <ul> <li>Remanufatura garrafas pl\u00e1sticas PET. Os flocos de pl\u00e1stico reciclado n\u00e3o devem estar em contacto direto com os alimentos. No entanto, voc\u00ea pode coloc\u00e1-lo na camada intermedi\u00e1ria de garrafas pl\u00e1sticas PET de tr\u00eas camadas e, em seguida, transform\u00e1-lo em garrafas de bebidas carbonatadas.<\/li> <li>Flocos de pl\u00e1stico PET podem ser transformados em fibra e usados \u200b\u200bcomo sacos de dormir, colch\u00f5es, travesseiros, <a href=\"https:\/\/en.wikipedia.org\/wiki\/Felt\" target=\"_blank\" rel=\"noopener\">sentido<\/a>, etc.<\/li> <li>Al\u00e9m de fazer garrafas pl\u00e1sticas pet, voc\u00ea pode us\u00e1-lo para fazer tampas de rodas de carros, etc.<\/li> <\/ul>","protected":false},"excerpt":{"rendered":"<p class=\"translation-block\"><strong><b>Linha de lavagem de garrafas PET<\/b><\/strong> inclui um tanque de lavagem, um tanque de lavagem com \u00e1gua quente e uma m\u00e1quina de limpeza por fric\u00e7\u00e3o, pelo menos<strong><b>.<\/b><\/strong> Se o or\u00e7amento for elevado ou se pretender produtos acabados mais limpos, pode aumentar o n\u00famero de tanques de lavagem, tanques de lavagem com \u00e1gua quente, m\u00e1quinas de limpeza por fric\u00e7\u00e3o para dois ou tr\u00eas. A linha de equipamentos de lavagem pode ser personalizada de acordo com as suas necessidades.<\/p>","protected":false},"featured_media":4497,"template":"","meta":{"site-sidebar-layout":"default","site-content-layout":"default","ast-site-content-layout":"default","site-content-style":"default","site-sidebar-style":"default","ast-global-header-display":"","ast-banner-title-visibility":"","ast-main-header-display":"","ast-hfb-above-header-display":"","ast-hfb-below-header-display":"","ast-hfb-mobile-header-display":"","site-post-title":"","ast-breadcrumbs-content":"","ast-featured-img":"","footer-sml-layout":"","ast-disable-related-posts":"","theme-transparent-header-meta":"default","adv-header-id-meta":"","stick-header-meta":"default","header-above-stick-meta":"","header-main-stick-meta":"","header-below-stick-meta":"","astra-migrate-meta-layouts":"default","ast-page-background-enabled":"default","ast-page-background-meta":{"desktop":{"background-color":"","background-image":"","background-repeat":"repeat","background-position":"center center","background-size":"auto","background-attachment":"scroll","background-type":"","background-media":"","overlay-type":"","overlay-color":"","overlay-opacity":"","overlay-gradient":""},"tablet":{"background-color":"","background-image":"","background-repeat":"repeat","background-position":"center center","background-size":"auto","background-attachment":"scroll","background-type":"","background-media":"","overlay-type":"","overlay-color":"","overlay-opacity":"","overlay-gradient":""},"mobile":{"background-color":"","background-image":"","background-repeat":"repeat","background-position":"center center","background-size":"auto","background-attachment":"scroll","background-type":"","background-media":"","overlay-type":"","overlay-color":"","overlay-opacity":"","overlay-gradient":""}},"ast-content-background-meta":{"desktop":{"background-color":"var(--ast-global-color-5)","background-image":"","background-repeat":"repeat","background-position":"center center","background-size":"auto","background-attachment":"scroll","background-type":"","background-media":"","overlay-type":"","overlay-color":"","overlay-opacity":"","overlay-gradient":""},"tablet":{"background-color":"var(--ast-global-color-5)","background-image":"","background-repeat":"repeat","background-position":"center center","background-size":"auto","background-attachment":"scroll","background-type":"","background-media":"","overlay-type":"","overlay-color":"","overlay-opacity":"","overlay-gradient":""},"mobile":{"background-color":"var(--ast-global-color-5)","background-image":"","background-repeat":"repeat","background-position":"center center","background-size":"auto","background-attachment":"scroll","background-type":"","background-media":"","overlay-type":"","overlay-color":"","overlay-opacity":"","overlay-gradient":""}}},"product_brand":[],"product_cat":[36],"product_tag":[88,95],"class_list":{"0":"post-4386","1":"product","2":"type-product","3":"status-publish","4":"has-post-thumbnail","6":"product_cat-plastic-recycling-machine","7":"product_tag-pet-recycling","8":"product_tag-washing","9":"desktop-align-center","10":"tablet-align-center","11":"mobile-align-center","13":"first","14":"instock","15":"shipping-taxable","16":"product-type-simple"},"_links":{"self":[{"href":"https:\/\/recyclingequipinc.com\/pt\/wp-json\/wp\/v2\/product\/4386","targetHints":{"allow":["GET"]}}],"collection":[{"href":"https:\/\/recyclingequipinc.com\/pt\/wp-json\/wp\/v2\/product"}],"about":[{"href":"https:\/\/recyclingequipinc.com\/pt\/wp-json\/wp\/v2\/types\/product"}],"version-history":[{"count":0,"href":"https:\/\/recyclingequipinc.com\/pt\/wp-json\/wp\/v2\/product\/4386\/revisions"}],"wp:featuredmedia":[{"embeddable":true,"href":"https:\/\/recyclingequipinc.com\/pt\/wp-json\/wp\/v2\/media\/4497"}],"wp:attachment":[{"href":"https:\/\/recyclingequipinc.com\/pt\/wp-json\/wp\/v2\/media?parent=4386"}],"wp:term":[{"taxonomy":"product_brand","embeddable":true,"href":"https:\/\/recyclingequipinc.com\/pt\/wp-json\/wp\/v2\/product_brand?post=4386"},{"taxonomy":"product_cat","embeddable":true,"href":"https:\/\/recyclingequipinc.com\/pt\/wp-json\/wp\/v2\/product_cat?post=4386"},{"taxonomy":"product_tag","embeddable":true,"href":"https:\/\/recyclingequipinc.com\/pt\/wp-json\/wp\/v2\/product_tag?post=4386"}],"curies":[{"name":"wp","href":"https:\/\/api.w.org\/{rel}","templated":true}]}}