{"id":4383,"date":"2021-09-13T09:30:46","date_gmt":"2021-09-13T09:30:46","guid":{"rendered":"https:\/\/recyclingequipinc.com\/?post_type=product&#038;p=4383"},"modified":"2025-11-13T11:21:14","modified_gmt":"2025-11-13T03:21:14","slug":"horizontal-baler","status":"publish","type":"product","link":"https:\/\/recyclingequipinc.com\/pt\/product\/horizontal-baler\/","title":{"rendered":"Enfardadeira Horizontal"},"content":{"rendered":"<p class=\"translation-block\"><strong>O compactador horizontal<\/strong> \u00e9 um tipo de m\u00e1quina de reciclagem industrial, amplamente utilizado para compactar papel de desperd\u00edcio, garrafas pl\u00e1sticas, latas de bebidas, palha, pneus de descarte, caixas de papel, latas de alum\u00ednio, cart\u00e3o, roupas e sapatos usados, l\u00e3, algod\u00e3o, etc. Esta m\u00e1quina de compacta\u00e7\u00e3o de sucata \u00e9 a sua solu\u00e7\u00e3o para transformar sucata volumosa e de baixo valor em fardos densos, uniformes e altamente rent\u00e1veis, prontos para moinho.<\/p> <p class=\"translation-block\">Comparado com o <a href=\"https:\/\/recyclingequipinc.com\/pt\/produto\/vertical-baler\/\">compactador vertical<\/a>, a m\u00e1quina de prensagem horizontal tem maior capacidade, for\u00e7a de prensagem mais forte e produ\u00e7\u00e3o mais elevada. Independentemente do tipo de compactador, a maquinaria Shuliy suporta servi\u00e7os de personaliza\u00e7\u00e3o de acordo com suas necessidades.<\/p> <h2>Nossa S\u00e9rie de Compactadores Horizontais de Alta Densidade de Extremidade Fechada<\/h2> <p>Especializamo-nos em compactadores de canal de extremidade fechada robustos \u2014 a escolha preferida para opera\u00e7\u00f5es que requerem densidade superior do fardo e flexibilidade de m\u00faltiplos materiais. Estes compactadores hidr\u00e1ulicos oferecem a imensa pot\u00eancia de um compactador industrial de grande escala num pacote confi\u00e1vel, semi-autom\u00e1tico, de amarra\u00e7\u00e3o manual.<\/p> <p>Selecione o modelo adaptado \u00e0s suas necessidades de throughput:<\/p> <table style=\"border-collapse: collapse; width: 100%;\"> <tbody> <tr> <td style=\"width: 20%;\">Modelo<\/td> <td style=\"width: 20%;\">For\u00e7a do \u00cambolo (Press\u00e3o)<\/td> <td style=\"width: 20%;\">Capacidade (Taxa de Processamento)<\/td> <td style=\"width: 20%;\">Peso do Fardo (Est. OCC)<\/td> <td style=\"width: 20%;\">Aplica\u00e7\u00e3o Principal<\/td> <\/tr> <tr> <td style=\"width: 20%;\">SL-120<\/td> <td style=\"width: 20%;\">120 Toneladas<\/td> <td style=\"width: 20%;\">25-30 t\/dia<\/td> <td style=\"width: 20%;\">0,7-0,8 t\/fardo<\/td> <td style=\"width: 20%;\">Fluxos de papel de desperd\u00edcio de capacidade m\u00e9dia e variados<\/td> <\/tr> <tr> <td style=\"width: 20%;\">SL-160<\/td> <td style=\"width: 20%;\">160 Toneladas<\/td> <td style=\"width: 20%;\">5-8 t\/h<\/td> <td style=\"width: 20%;\">1,0-1,3 t\/fardo<\/td> <td style=\"width: 20%;\">Compacta\u00e7\u00e3o de alto volume para log\u00edstica e distribui\u00e7\u00e3o<\/td> <\/tr> <tr> <td style=\"width: 20%;\">SL-180<\/td> <td style=\"width: 20%;\">180 Toneladas<\/td> <td style=\"width: 20%;\">4-8 t\/h<\/td> <td style=\"width: 20%;\">0,5-1,0 t\/fardo<\/td> <td style=\"width: 20%;\">Densidade m\u00e1xima para materiais dif\u00edceis como garrafas PET e pneus<\/td> <\/tr> <\/tbody> <\/table> <h2>Por que as Nossas M\u00e1quinas de Prensagem de Fardos s\u00e3o um Investimento Mais Inteligente?<\/h2> <p>Ao comparar equipamentos de prensagem, o custo total de propriedade \u00e9 importante. Nosso design foca em dois fatores cr\u00edticos: m\u00e1xima efici\u00eancia operacional e despesas m\u00ednimas a longo prazo.<\/p> <h3>1. Efici\u00eancia Energ\u00e9tica Incompar\u00e1vel: Economize 33%<\/h3> <p>O nosso circuito hidr\u00e1ulico avan\u00e7ado n\u00e3o \u00e9 apenas potente \u2014 \u00e9 notavelmente eficiente. Utilizando um sistema de bomba de alta-baixa press\u00e3o dupla com componentes importados, este design garante uma for\u00e7a total de 180T enquanto reduz o consumo de energia em at\u00e9 33% em compara\u00e7\u00e3o com compactadores de gera\u00e7\u00e3o mais antiga. Isso representa uma poupan\u00e7a enorme, aumentando diretamente o seu lucro l\u00edquido.<\/p> <h3>2. Qualidade Superior do Fardo para Maiores Lucros<\/h3> <p>Nosso design de compactador horizontal de extremidade fechada comprime o material contra uma porta s\u00f3lida, garantindo que cada fardo seja extremamente s\u00f3lido e dimensionalmente uniforme. Alcan\u00e7ar densidades \u2265 450 kg\/m\u00b3 significa que seu produto final \u00e9 maximizado para valor de moinho e custo de frete m\u00ednimo.<\/p> <h3>3. Constru\u00eddo para o Esfor\u00e7o: Confiabilidade Industrial<\/h3> <p>A durabilidade n\u00e3o \u00e9 uma op\u00e7\u00e3o; \u00e9 uma caracter\u00edstica padr\u00e3o. Cada compactador de reciclagem \u00e9 constru\u00eddo com a\u00e7o estrutural de alta resist\u00eancia. \u00c1reas de elevado desgaste, particularmente dentro da c\u00e2mara de compress\u00e3o, est\u00e3o equipadas com revestimentos substitu\u00edveis e resistentes ao desgaste para garantir longevidade e tempos m\u00ednimos de manuten\u00e7\u00e3o. A qualidade robusta da constru\u00e7\u00e3o garante anos de servi\u00e7o confi\u00e1vel em qualquer ambiente industrial exigente.<\/p> <h2>Princ\u00edpio de Funcionamento dos Compactadores de Res\u00edduos Shuliy<\/h2> <p class=\"translation-block\">O compactador hidr\u00e1ulico consiste numa esteira de alimenta\u00e7\u00e3o, funil de alimenta\u00e7\u00e3o, <a href=\"https:\/\/en.wikipedia.org\/wiki\/Programmable_logic_controller\" target=\"_blank\" rel=\"noopener\">painel de controlo PLC<\/a>, uma polia de descarga, um cilindro hidr\u00e1ulico, etc. A opera\u00e7\u00e3o do nosso compactador horizontal \u00e9 otimizada para m\u00e1xima efici\u00eancia:<\/p> <ol> <li><strong>Alimenta\u00e7\u00e3o:<\/strong> O material \u00e9 alimentado continuamente, muitas vezes atrav\u00e9s de uma esteira padr\u00e3o, para o funil de grande capacidade.<\/li> <li><strong>Ciclo de Compress\u00e3o:<\/strong> O sistema PLC inicia o ciclo autom\u00e1tico. O pist\u00e3o hidr\u00e1ulico principal move a cabe\u00e7a da prensa horizontalmente. Ele empurra o material para dentro da c\u00e2mara de compacta\u00e7\u00e3o com for\u00e7a extrema, compactando-o contra a porta de reten\u00e7\u00e3o fechada.<\/li> <li><strong>Conclu\u00eddo o Palete:<\/strong> Esta compress\u00e3o c\u00edclica e horizontal continua at\u00e9 que o palete denso atinja o comprimento pr\u00e9-definido.<\/li> <li><strong>Amarra\u00e7\u00e3o &amp; Eje\u00e7\u00e3o:<\/strong> O operador fixa manualmente a palete acabada usando o sistema de cinco fios. Uma vez atada, a porta da c\u00e2mara \u00e9 aberta, e o pist\u00e3o estende-se automaticamente para ejetar a palete perfeitamente formada, de alta densidade.<\/li> <\/ol> <h2>Versatilidade de Materiais Abrangente<\/h2> <p>De filme pl\u00e1stico leve a sucata pesada de alum\u00ednio, nossos compactadores horizontais lidam com tudo. A pot\u00eancia e a estrutura s\u00e3o projetadas para processar os materiais mais desafiadores, garantindo que voc\u00ea precise de apenas uma m\u00e1quina para diversas necessidades de gest\u00e3o de res\u00edduos.<\/p> <table style=\"border-collapse: collapse; width: 100%;\"> <tbody> <tr> <td style=\"width: 25%;\">Materiais Processados<\/td> <td style=\"width: 25%;\">Fontes &amp; Aplica\u00e7\u00f5es Comuns<\/td> <\/tr> <tr> <td style=\"width: 25%;\">Papel &amp; Cart\u00e3o<\/td> <td style=\"width: 25%;\">OCC (Cart\u00e3o Ondulado Velho), Papel de Escrit\u00f3rio, Papel de Descarte<\/td> <\/tr> <tr> <td style=\"width: 25%;\">Pl\u00e1sticos<\/td> <td style=\"width: 25%;\">Garrafas PET, HDPE, Filme Pl\u00e1stico, Recipientes R\u00edgidos<\/td> <\/tr> <tr> <td style=\"width: 25%;\">Fibras<\/td> <td style=\"width: 25%;\">Pneus de Descarte, Palha, Feno, Roupas &amp; T\u00eaxteis Usados<\/td> <\/tr> <tr> <td style=\"width: 25%;\">Metais Leves<\/td> <td style=\"width: 25%;\">Latas de Alum\u00ednio, Latas de Lata, Sucata Leve<\/td> <\/tr> <\/tbody> <\/table> <p class=\"translation-block\">Al\u00e9m disso, tamb\u00e9m temos <a href=\"https:\/\/recyclingequipinc.com\/pt\/produto\/scrap-metal-baler\/\">compactadores de sucata met\u00e1lica<\/a> especificamente projetados para embalagens de metal pesado.<\/p> <h2>Dados Espec\u00edficos do Nosso Compactador Horizontal \u00e0 Venda<\/h2> <table style=\"border-collapse: collapse; width: 100%; height: 477px;\"> <tbody> <tr style=\"height: 53px;\"> <td style=\"width: 25%; height: 53px;\">Caracter\u00edstica<\/td> <td style=\"width: 25%; height: 53px;\">SL-120<\/td> <td style=\"width: 25%; height: 53px;\">SL-160<\/td> <td style=\"width: 25%; height: 53px;\">SL-180<\/td> <\/tr> <tr style=\"height: 53px;\"> <td style=\"width: 25%; height: 53px;\">For\u00e7a do \u00cambolo (Press\u00e3o)<\/td> <td style=\"width: 25%; height: 53px;\">120 Toneladas (28MPa)<\/td> <td style=\"width: 25%; height: 53px;\">160 Toneladas (31,5 Mpa)<\/td> <td style=\"width: 25%; height: 53px;\">180 Toneladas (31,5 Mpa)<\/td> <\/tr> <tr style=\"height: 53px;\"> <td style=\"width: 25%; height: 53px;\">Pot\u00eancia do Motor Principal<\/td> <td style=\"width: 25%; height: 53px;\">22 kW<\/td> <td style=\"width: 25%; height: 53px;\">37 kW<\/td> <td style=\"width: 25%; height: 53px;\">37 kW<\/td> <\/tr> <tr style=\"height: 53px;\"> <td style=\"width: 25%; height: 53px;\">Capacidade (Taxa de Processamento)<\/td> <td style=\"width: 25%; height: 53px;\">25-30 t\/dia<\/td> <td style=\"width: 25%; height: 53px;\">5-8 t\/h<\/td> <td style=\"width: 25%; height: 53px;\">4-8 t\/h<\/td> <\/tr> <tr style=\"height: 53px;\"> <td style=\"width: 25%; height: 53px;\">Tamanho da Abertura de Alimenta\u00e7\u00e3o<\/td> <td style=\"width: 25%; height: 53px;\">1700*1020 mm<\/td> <td style=\"width: 25%; height: 53px;\">1650*1100 mm<\/td> <td style=\"width: 25%; height: 53px;\">1650*1100 mm<\/td> <\/tr> <tr style=\"height: 53px;\"> <td style=\"width: 25%; height: 53px;\">Tamanho do Fardo (L*A*P)<\/td> <td style=\"width: 25%; height: 53px;\">600*600*L(Adj.)<\/td> <td style=\"width: 25%; height: 53px;\">1100*1250*L(Adj.)<\/td> <td style=\"width: 25%; height: 53px;\">1100*1250*L(Adj.)<\/td> <\/tr> <tr style=\"height: 53px;\"> <td style=\"width: 25%; height: 53px;\">Densidade do Fardo (Est.)<\/td> <td style=\"width: 25%; height: 53px;\">~450 kg\/m\u00b3<\/td> <td style=\"width: 25%; height: 53px;\">~450 kg\/m\u00b3<\/td> <td style=\"width: 25%; height: 53px;\">~450 kg\/m\u00b3<\/td> <\/tr> <tr style=\"height: 53px;\"> <td style=\"width: 25%; height: 53px;\">M\u00e9todo de Digita\u00e7\u00e3o<\/td> <td style=\"width: 25%; height: 53px;\">Amarra\u00e7\u00e3o Manual<\/td> <td style=\"width: 25%; height: 53px;\">Amarra\u00e7\u00e3o Manual de 5 Fios<\/td> <td style=\"width: 25%; height: 53px;\">Amarra\u00e7\u00e3o Manual de 5 Fios<\/td> <\/tr> <tr style=\"height: 53px;\"> <td style=\"width: 25%; height: 53px;\">Esteira (Padr\u00e3o)<\/td> <td style=\"width: 25%; height: 53px;\">Opcional<\/td> <td style=\"width: 25%; height: 53px;\">10,5*2m (Std.)<\/td> <td style=\"width: 25%; height: 53px;\">10,5*2m (Std.)<\/td> <\/tr> <\/tbody> <\/table> <h2>Pronto para Otimizar o Seu Fluxo de Res\u00edduos?<\/h2> <p>Maximize a densidade, minimize os custos. Nossa equipe de especialistas em equipamentos de reciclagem est\u00e1 pronta para fornecer uma solu\u00e7\u00e3o de compacta\u00e7\u00e3o personalizada que se integra perfeitamente \u00e0 sua instala\u00e7\u00e3o.<\/p> <p>Contacte-nos hoje para uma cota\u00e7\u00e3o detalhada e uma an\u00e1lise de ROI gratuita, sem compromisso, sobre os nossos compactadores horizontais de alto desempenho!<\/p>","protected":false},"excerpt":{"rendered":"<ul> <li><strong>For\u00e7a de 180 Toneladas:<\/strong> Alcan\u00e7ar \u2265 450 kg\/m\u00b3 de densidade<\/li> <li><strong>Economia de Energia de 33%:<\/strong> Custos operacionais mais baixos<\/li> <li><strong>Alto Volume de Produ\u00e7\u00e3o:<\/strong> Processar 5-8 toneladas por hora.<\/li> <li><strong>De Grau Industrial:<\/strong> Constru\u00eddo para reciclagem pesada 24\/7.<\/li> <\/ul>","protected":false},"featured_media":4474,"template":"","meta":{"site-sidebar-layout":"default","site-content-layout":"default","ast-site-content-layout":"default","site-content-style":"default","site-sidebar-style":"default","ast-global-header-display":"","ast-banner-title-visibility":"","ast-main-header-display":"","ast-hfb-above-header-display":"","ast-hfb-below-header-display":"","ast-hfb-mobile-header-display":"","site-post-title":"","ast-breadcrumbs-content":"","ast-featured-img":"","footer-sml-layout":"","ast-disable-related-posts":"","theme-transparent-header-meta":"default","adv-header-id-meta":"","stick-header-meta":"default","header-above-stick-meta":"","header-main-stick-meta":"","header-below-stick-meta":"","astra-migrate-meta-layouts":"set","ast-page-background-enabled":"default","ast-page-background-meta":{"desktop":{"background-color":"","background-image":"","background-repeat":"repeat","background-position":"center center","background-size":"auto","background-attachment":"scroll","background-type":"","background-media":"","overlay-type":"","overlay-color":"","overlay-opacity":"","overlay-gradient":""},"tablet":{"background-color":"","background-image":"","background-repeat":"repeat","background-position":"center center","background-size":"auto","background-attachment":"scroll","background-type":"","background-media":"","overlay-type":"","overlay-color":"","overlay-opacity":"","overlay-gradient":""},"mobile":{"background-color":"","background-image":"","background-repeat":"repeat","background-position":"center center","background-size":"auto","background-attachment":"scroll","background-type":"","background-media":"","overlay-type":"","overlay-color":"","overlay-opacity":"","overlay-gradient":""}},"ast-content-background-meta":{"desktop":{"background-color":"var(--ast-global-color-5)","background-image":"","background-repeat":"repeat","background-position":"center center","background-size":"auto","background-attachment":"scroll","background-type":"","background-media":"","overlay-type":"","overlay-color":"","overlay-opacity":"","overlay-gradient":""},"tablet":{"background-color":"var(--ast-global-color-5)","background-image":"","background-repeat":"repeat","background-position":"center center","background-size":"auto","background-attachment":"scroll","background-type":"","background-media":"","overlay-type":"","overlay-color":"","overlay-opacity":"","overlay-gradient":""},"mobile":{"background-color":"var(--ast-global-color-5)","background-image":"","background-repeat":"repeat","background-position":"center center","background-size":"auto","background-attachment":"scroll","background-type":"","background-media":"","overlay-type":"","overlay-color":"","overlay-opacity":"","overlay-gradient":""}}},"product_brand":[],"product_cat":[34],"product_tag":[74,75],"class_list":{"0":"post-4383","1":"product","2":"type-product","3":"status-publish","4":"has-post-thumbnail","6":"product_cat-industrial-baler","7":"product_tag-baler","8":"product_tag-industry-baler","9":"desktop-align-center","10":"tablet-align-center","11":"mobile-align-center","13":"first","14":"instock","15":"shipping-taxable","16":"product-type-simple"},"_links":{"self":[{"href":"https:\/\/recyclingequipinc.com\/pt\/wp-json\/wp\/v2\/product\/4383","targetHints":{"allow":["GET"]}}],"collection":[{"href":"https:\/\/recyclingequipinc.com\/pt\/wp-json\/wp\/v2\/product"}],"about":[{"href":"https:\/\/recyclingequipinc.com\/pt\/wp-json\/wp\/v2\/types\/product"}],"version-history":[{"count":0,"href":"https:\/\/recyclingequipinc.com\/pt\/wp-json\/wp\/v2\/product\/4383\/revisions"}],"wp:featuredmedia":[{"embeddable":true,"href":"https:\/\/recyclingequipinc.com\/pt\/wp-json\/wp\/v2\/media\/4474"}],"wp:attachment":[{"href":"https:\/\/recyclingequipinc.com\/pt\/wp-json\/wp\/v2\/media?parent=4383"}],"wp:term":[{"taxonomy":"product_brand","embeddable":true,"href":"https:\/\/recyclingequipinc.com\/pt\/wp-json\/wp\/v2\/product_brand?post=4383"},{"taxonomy":"product_cat","embeddable":true,"href":"https:\/\/recyclingequipinc.com\/pt\/wp-json\/wp\/v2\/product_cat?post=4383"},{"taxonomy":"product_tag","embeddable":true,"href":"https:\/\/recyclingequipinc.com\/pt\/wp-json\/wp\/v2\/product_tag?post=4383"}],"curies":[{"name":"wp","href":"https:\/\/api.w.org\/{rel}","templated":true}]}}