{"id":4380,"date":"2021-09-13T09:23:52","date_gmt":"2021-09-13T09:23:52","guid":{"rendered":"https:\/\/recyclingequipinc.com\/?post_type=product&#038;p=4380"},"modified":"2025-01-20T10:23:57","modified_gmt":"2025-01-20T02:23:57","slug":"belt-conveyor","status":"publish","type":"product","link":"https:\/\/recyclingequipinc.com\/pt\/product\/belt-conveyor\/","title":{"rendered":"Tabela de classifica\u00e7\u00e3o de garrafas pl\u00e1sticas"},"content":{"rendered":"<p class=\"translation-block\">A mesa de triagem de garrafas de pl\u00e1stico \u00e9 a m\u00e1quina b\u00e1sica em diferentes campos e linhas de produ\u00e7\u00e3o. \u00c9 composta por uma estrutura de a\u00e7o de transportador de correia, correia de PVC com um raspador, polias, um motor com velocidade ajust\u00e1vel, etc. O equipamento transporta principalmente pl\u00e1stico PP ou PE para a m\u00e1quina de esmagamento e lavagem na linha de reciclagem de filmes pl\u00e1sticos. Tamb\u00e9m pode ser usado para transportar garrafas para m\u00e1quinas de remo\u00e7\u00e3o de r\u00f3tulos na linha de reciclagem de garrafas PET. Se o cliente quiser selecionar essas garrafas sem remover completamente o r\u00f3tulo e outras garrafas de pl\u00e1stico, podemos fornecer outra m\u00e1quina de triagem de garrafas de pl\u00e1stico.<\/p> <figure id=\"attachment_5648\" aria-describedby=\"caption-attachment-5648\" style=\"width: 720px\" class=\"wp-caption aligncenter\"><img fetchpriority=\"high\" decoding=\"async\" class=\"size-full wp-image-5648\" src=\"https:\/\/recyclingequipinc.com\/wp-content\/uploads\/2021\/09\/plastic-bottle-sorting-table.jpg\" alt=\"mesa de classifica\u00e7\u00e3o de garrafas de pl\u00e1stico\" width=\"720\" height=\"540\" srcset=\"https:\/\/recyclingequipinc.com\/wp-content\/uploads\/2021\/09\/plastic-bottle-sorting-table.jpg 720w, https:\/\/recyclingequipinc.com\/wp-content\/uploads\/2021\/09\/plastic-bottle-sorting-table-300x225.jpg 300w, https:\/\/recyclingequipinc.com\/wp-content\/uploads\/2021\/09\/plastic-bottle-sorting-table-600x450.jpg 600w\" sizes=\"(max-width: 720px) 100vw, 720px\" \/><figcaption id=\"caption-attachment-5648\" class=\"wp-caption-text\">mesa de classifica\u00e7\u00e3o de garrafas de pl\u00e1stico<\/figcaption><\/figure> <p>Portanto, a mesa de classifica\u00e7\u00e3o de garrafas pl\u00e1sticas \u00e9 geralmente um dos primeiros produtos que aumentam a produtividade adquiridos por f\u00e1bricas de reciclagem de pl\u00e1stico. Embora existam muitos tipos de transportadores de correia, o tipo mais simples \u00e9 o tipo de leito deslizante. Quando conectado a sensores e outros equipamentos de automa\u00e7\u00e3o, o sistema de correia transportadora pode melhorar significativamente a produtividade. Portanto, \u00e9 indispens\u00e1vel em grandes linhas de produ\u00e7\u00e3o de reciclagem de res\u00edduos pl\u00e1sticos de PET.<\/p> <p>Para melhorar a pureza dos flocos finais de PET, \u00e9 melhor selecionar esse material diferente antes que as garrafas entrem no triturador de pl\u00e1stico. Por exemplo, escolha tampas de garrafa PP, filme PE e assim por diante em garrafas PET. O tamanho da correia transportadora pode ser customizado de acordo com sua necessidade, como comprimento e largura.<\/p>","protected":false},"excerpt":{"rendered":"<p>Para melhorar a pureza dos flocos finais de PET, \u00e9 melhor selecionar este material diferente antes das garrafas entrarem no triturador de pl\u00e1stico. Por exemplo, escolha tampas de garrafa PP, filme PE e assim por diante em garrafas PET. Os tamanhos dos transportadores de correia podem ser customizados de acordo com sua necessidade.<\/p>","protected":false},"featured_media":5657,"template":"","meta":{"site-sidebar-layout":"default","site-content-layout":"default","ast-site-content-layout":"default","site-content-style":"default","site-sidebar-style":"default","ast-global-header-display":"","ast-banner-title-visibility":"","ast-main-header-display":"","ast-hfb-above-header-display":"","ast-hfb-below-header-display":"","ast-hfb-mobile-header-display":"","site-post-title":"","ast-breadcrumbs-content":"","ast-featured-img":"","footer-sml-layout":"","ast-disable-related-posts":"","theme-transparent-header-meta":"default","adv-header-id-meta":"","stick-header-meta":"default","header-above-stick-meta":"","header-main-stick-meta":"","header-below-stick-meta":"","astra-migrate-meta-layouts":"default","ast-page-background-enabled":"default","ast-page-background-meta":{"desktop":{"background-color":"","background-image":"","background-repeat":"repeat","background-position":"center center","background-size":"auto","background-attachment":"scroll","background-type":"","background-media":"","overlay-type":"","overlay-color":"","overlay-opacity":"","overlay-gradient":""},"tablet":{"background-color":"","background-image":"","background-repeat":"repeat","background-position":"center center","background-size":"auto","background-attachment":"scroll","background-type":"","background-media":"","overlay-type":"","overlay-color":"","overlay-opacity":"","overlay-gradient":""},"mobile":{"background-color":"","background-image":"","background-repeat":"repeat","background-position":"center center","background-size":"auto","background-attachment":"scroll","background-type":"","background-media":"","overlay-type":"","overlay-color":"","overlay-opacity":"","overlay-gradient":""}},"ast-content-background-meta":{"desktop":{"background-color":"var(--ast-global-color-5)","background-image":"","background-repeat":"repeat","background-position":"center center","background-size":"auto","background-attachment":"scroll","background-type":"","background-media":"","overlay-type":"","overlay-color":"","overlay-opacity":"","overlay-gradient":""},"tablet":{"background-color":"var(--ast-global-color-5)","background-image":"","background-repeat":"repeat","background-position":"center center","background-size":"auto","background-attachment":"scroll","background-type":"","background-media":"","overlay-type":"","overlay-color":"","overlay-opacity":"","overlay-gradient":""},"mobile":{"background-color":"var(--ast-global-color-5)","background-image":"","background-repeat":"repeat","background-position":"center center","background-size":"auto","background-attachment":"scroll","background-type":"","background-media":"","overlay-type":"","overlay-color":"","overlay-opacity":"","overlay-gradient":""}}},"product_brand":[],"product_cat":[36],"product_tag":[90],"class_list":{"0":"post-4380","1":"product","2":"type-product","3":"status-publish","4":"has-post-thumbnail","6":"product_cat-plastic-recycling-machine","7":"product_tag-pet-part","8":"desktop-align-center","9":"tablet-align-center","10":"mobile-align-center","12":"first","13":"instock","14":"shipping-taxable","15":"product-type-simple"},"_links":{"self":[{"href":"https:\/\/recyclingequipinc.com\/pt\/wp-json\/wp\/v2\/product\/4380","targetHints":{"allow":["GET"]}}],"collection":[{"href":"https:\/\/recyclingequipinc.com\/pt\/wp-json\/wp\/v2\/product"}],"about":[{"href":"https:\/\/recyclingequipinc.com\/pt\/wp-json\/wp\/v2\/types\/product"}],"version-history":[{"count":0,"href":"https:\/\/recyclingequipinc.com\/pt\/wp-json\/wp\/v2\/product\/4380\/revisions"}],"wp:featuredmedia":[{"embeddable":true,"href":"https:\/\/recyclingequipinc.com\/pt\/wp-json\/wp\/v2\/media\/5657"}],"wp:attachment":[{"href":"https:\/\/recyclingequipinc.com\/pt\/wp-json\/wp\/v2\/media?parent=4380"}],"wp:term":[{"taxonomy":"product_brand","embeddable":true,"href":"https:\/\/recyclingequipinc.com\/pt\/wp-json\/wp\/v2\/product_brand?post=4380"},{"taxonomy":"product_cat","embeddable":true,"href":"https:\/\/recyclingequipinc.com\/pt\/wp-json\/wp\/v2\/product_cat?post=4380"},{"taxonomy":"product_tag","embeddable":true,"href":"https:\/\/recyclingequipinc.com\/pt\/wp-json\/wp\/v2\/product_tag?post=4380"}],"curies":[{"name":"wp","href":"https:\/\/api.w.org\/{rel}","templated":true}]}}