{"id":4373,"date":"2021-09-13T09:10:17","date_gmt":"2021-09-13T09:10:17","guid":{"rendered":"https:\/\/recyclingequipinc.com\/?post_type=product&#038;p=4373"},"modified":"2025-06-04T14:01:14","modified_gmt":"2025-06-04T06:01:14","slug":"pet-bottle-recycling-machine","status":"publish","type":"product","link":"https:\/\/recyclingequipinc.com\/pt\/product\/pet-bottle-recycling-machine\/","title":{"rendered":"M\u00e1quina de reciclagem de garrafas PET"},"content":{"rendered":"<p class=\"translation-block\"><strong>A m\u00e1quina de reciclagem de garrafas PET<\/strong> inclui principalmente transportador de correia, m\u00e1quina de remo\u00e7\u00e3o de r\u00f3tulos, mesa de picking com correia, triturador, tanque de lavagem, tanque de lavagem com \u00e1gua quente, m\u00e1quina de fric\u00e7\u00e3o, tanque de lavagem e separa\u00e7\u00e3o, desidratador, bin de armazenamento, m\u00e1quina de embalagem. Esta linha de reciclagem de pl\u00e1stico \u00e9 para lidar com garrafas de res\u00edduos PET. Atrav\u00e9s de todo o processo de remo\u00e7\u00e3o de r\u00f3tulos, tritura\u00e7\u00e3o de garrafas em flocos, lavagem de flocos e desidrata\u00e7\u00e3o, as garrafas PET se transformar\u00e3o em flocos PET limpos. Se a garrafa estiver muito suja, voc\u00ea pode combinar mais dispositivos de lavagem para limpeza. Al\u00e9m disso, oferecemos servi\u00e7os de personaliza\u00e7\u00e3o de acordo com suas necessidades reais.<\/p> <h2>Linha de produ\u00e7\u00e3o de reciclagem de garrafas PET<\/h2> <p>Transporte de garrafas \u2013 remo\u00e7\u00e3o de marcas registradas de garrafas \u2013 sele\u00e7\u00e3o e sele\u00e7\u00e3o \u2013 transporte \u2013 esmagamento de garrafas em flocos \u2013 enxaguamento de flocos \u2013 lavagem com \u00e1gua quente \u2013 limpeza por fric\u00e7\u00e3o \u2013 lavagem e separa\u00e7\u00e3o de flocos \u2013 desidrata\u00e7\u00e3o \u2013 armazenamento \u2013 ensacamento<\/p> <div class=\"ast-oembed-container\" style=\"height: 100%;\"><iframe title=\"Como reciclar suas garrafas pl\u00e1sticas usadas | Planta de reciclagem de garrafas PET\" width=\"500\" height=\"281\" src=\"https:\/\/www.youtube.com\/embed\/fLzxENe6oxY?feature=oembed\" frameborder=\"0\" allow=\"accelerometer; autoplay; clipboard-write; encrypted-media; gyroscope; picture-in-picture; web-share\" referrerpolicy=\"strict-origin-when-cross-origin\" allowfullscreen><\/iframe><\/div> <h2>Apresenta\u00e7\u00f5es simples de m\u00e1quinas de reciclagem de garrafas PET relacionadas<\/h2> <h3>1. Quebra-fardos<\/h3> <figure id=\"attachment_4585\" aria-describedby=\"caption-attachment-4585\" style=\"width: 687px\" class=\"wp-caption aligncenter\"><img fetchpriority=\"high\" decoding=\"async\" class=\"size-full wp-image-4585\" src=\"https:\/\/recyclingequipinc.com\/wp-content\/uploads\/2021\/09\/bale-breaker.jpg\" alt=\"quebrador de fardos\" width=\"687\" height=\"428\" srcset=\"https:\/\/recyclingequipinc.com\/wp-content\/uploads\/2021\/09\/bale-breaker.jpg 687w, https:\/\/recyclingequipinc.com\/wp-content\/uploads\/2021\/09\/bale-breaker-300x187.jpg 300w, https:\/\/recyclingequipinc.com\/wp-content\/uploads\/2021\/09\/bale-breaker-600x374.jpg 600w\" sizes=\"(max-width: 687px) 100vw, 687px\" \/><figcaption id=\"caption-attachment-4585\" class=\"wp-caption-text\">quebrador de fardos<\/figcaption><\/figure> <h3>2. Tela de rolo<\/h3> <figure id=\"attachment_4586\" aria-describedby=\"caption-attachment-4586\" style=\"width: 689px\" class=\"wp-caption aligncenter\"><img decoding=\"async\" class=\"size-full wp-image-4586\" src=\"https:\/\/recyclingequipinc.com\/wp-content\/uploads\/2021\/09\/roller-screen.jpg\" alt=\"tela de rolo\" width=\"689\" height=\"425\" srcset=\"https:\/\/recyclingequipinc.com\/wp-content\/uploads\/2021\/09\/roller-screen.jpg 689w, https:\/\/recyclingequipinc.com\/wp-content\/uploads\/2021\/09\/roller-screen-300x185.jpg 300w, https:\/\/recyclingequipinc.com\/wp-content\/uploads\/2021\/09\/roller-screen-600x370.jpg 600w\" sizes=\"(max-width: 689px) 100vw, 689px\" \/><figcaption id=\"caption-attachment-4586\" class=\"wp-caption-text\">tela de rolo<\/figcaption><\/figure> <h3>3. Transportador de correia\/m\u00e1quina de mesa de colheita de transporte de correia<\/h3> <p class=\"translation-block\">\u00c9 o equipamento para transportar garrafas para o triturador, aplicando em diferentes campos e linhas de produ\u00e7\u00e3o. O <a href=\"https:\/\/recyclingequipinc.com\/pt\/produto\/belt-conveyor\/\"><strong>transportador de correia<\/strong><\/a> adota uma estrutura de a\u00e7o, correia de PVC com raspador, polia de acionamento e motor de velocidade ajust\u00e1vel. O comprimento e a largura da correia podem ser personalizados com base em suas exig\u00eancias. Para aumentar a pureza dos flocos de PET finais, \u00e9 melhor separar manualmente os diferentes materiais antes de transportar as garrafas PET para o triturador, pois os processos de tratamento de diferentes materiais s\u00e3o diferentes. O comprimento e a largura s\u00e3o personalizados de acordo com suas exig\u00eancias.<\/p> <figure id=\"attachment_4587\" aria-describedby=\"caption-attachment-4587\" style=\"width: 689px\" class=\"wp-caption aligncenter\"><img decoding=\"async\" class=\"size-full wp-image-4587\" src=\"https:\/\/recyclingequipinc.com\/wp-content\/uploads\/2021\/09\/belt-conveyor.jpg\" alt=\"transportador de correia\" width=\"689\" height=\"429\" srcset=\"https:\/\/recyclingequipinc.com\/wp-content\/uploads\/2021\/09\/belt-conveyor.jpg 689w, https:\/\/recyclingequipinc.com\/wp-content\/uploads\/2021\/09\/belt-conveyor-300x187.jpg 300w, https:\/\/recyclingequipinc.com\/wp-content\/uploads\/2021\/09\/belt-conveyor-600x374.jpg 600w\" sizes=\"(max-width: 689px) 100vw, 689px\" \/><figcaption id=\"caption-attachment-4587\" class=\"wp-caption-text\">transportador de correia<\/figcaption><\/figure> <h3>4. M\u00e1quina de remo\u00e7\u00e3o de etiquetas<\/h3> <p>A m\u00e1quina de remo\u00e7\u00e3o de r\u00f3tulos de garrafas PET pode remover marcas registradas de garrafas PET, em vez de remover r\u00f3tulos manualmente. Ela pode atender \u00e0 produ\u00e7\u00e3o de alta capacidade e melhorar a efici\u00eancia da produ\u00e7\u00e3o. Pode ser aplicado em diferentes tamanhos de garrafas ajustando as l\u00e2minas da m\u00e1quina.<\/p> <figure id=\"attachment_4588\" aria-describedby=\"caption-attachment-4588\" style=\"width: 689px\" class=\"wp-caption aligncenter\"><img loading=\"lazy\" decoding=\"async\" class=\"size-full wp-image-4588\" src=\"https:\/\/recyclingequipinc.com\/wp-content\/uploads\/2021\/09\/label-removing-machine.jpg\" alt=\"m\u00e1quina de remo\u00e7\u00e3o de etiquetas\" width=\"689\" height=\"430\" srcset=\"https:\/\/recyclingequipinc.com\/wp-content\/uploads\/2021\/09\/label-removing-machine.jpg 689w, https:\/\/recyclingequipinc.com\/wp-content\/uploads\/2021\/09\/label-removing-machine-300x187.jpg 300w, https:\/\/recyclingequipinc.com\/wp-content\/uploads\/2021\/09\/label-removing-machine-600x374.jpg 600w\" sizes=\"(max-width: 689px) 100vw, 689px\" \/><figcaption id=\"caption-attachment-4588\" class=\"wp-caption-text\">m\u00e1quina de remo\u00e7\u00e3o de etiquetas<\/figcaption><\/figure> <h3>5. Triturador de garrafas PET<\/h3> <p class=\"translation-block\">O <a href=\"https:\/\/recyclingequipinc.com\/pt\/produto\/waste-plastic-crusher\/\"><strong>triturador de pl\u00e1stico PET<\/strong><\/a> \u00e9 equipado com l\u00e2minas de material de a\u00e7o liga, alta velocidade, dur\u00e1vel e resistente ao desgaste. Portanto, \u00e9 adequado para triturar garrafas PET em flocos.<\/p> <figure id=\"attachment_4589\" aria-describedby=\"caption-attachment-4589\" style=\"width: 688px\" class=\"wp-caption aligncenter\"><img loading=\"lazy\" decoding=\"async\" class=\"size-full wp-image-4589\" src=\"https:\/\/recyclingequipinc.com\/wp-content\/uploads\/2021\/09\/PET-bottle-crusher.jpg\" alt=\"Triturador de garrafas PET\" width=\"688\" height=\"425\" srcset=\"https:\/\/recyclingequipinc.com\/wp-content\/uploads\/2021\/09\/PET-bottle-crusher.jpg 688w, https:\/\/recyclingequipinc.com\/wp-content\/uploads\/2021\/09\/PET-bottle-crusher-300x185.jpg 300w, https:\/\/recyclingequipinc.com\/wp-content\/uploads\/2021\/09\/PET-bottle-crusher-600x371.jpg 600w\" sizes=\"(max-width: 688px) 100vw, 688px\" \/><figcaption id=\"caption-attachment-4589\" class=\"wp-caption-text\">Triturador de garrafas PET<\/figcaption><\/figure> <h3>6. Tanque de lavagem<\/h3> <p>O tanque de lavagem pode limpar restos de garrafas pela primeira vez e separar flocos de tampas de garrafas de PP ou PE de flocos de PET.<\/p> <figure id=\"attachment_4595\" aria-describedby=\"caption-attachment-4595\" style=\"width: 686px\" class=\"wp-caption aligncenter\"><img loading=\"lazy\" decoding=\"async\" class=\"size-full wp-image-4595\" src=\"https:\/\/recyclingequipinc.com\/wp-content\/uploads\/2021\/09\/cleaning-tank.jpg\" alt=\"tanque de limpeza\" width=\"686\" height=\"425\" srcset=\"https:\/\/recyclingequipinc.com\/wp-content\/uploads\/2021\/09\/cleaning-tank.jpg 686w, https:\/\/recyclingequipinc.com\/wp-content\/uploads\/2021\/09\/cleaning-tank-300x186.jpg 300w, https:\/\/recyclingequipinc.com\/wp-content\/uploads\/2021\/09\/cleaning-tank-600x372.jpg 600w\" sizes=\"(max-width: 686px) 100vw, 686px\" \/><figcaption id=\"caption-attachment-4595\" class=\"wp-caption-text\">tanque de limpeza<\/figcaption><\/figure> <h3>7. Transportador helicoidal<\/h3> <figure id=\"attachment_4596\" aria-describedby=\"caption-attachment-4596\" style=\"width: 687px\" class=\"wp-caption aligncenter\"><img loading=\"lazy\" decoding=\"async\" class=\"size-full wp-image-4596\" src=\"https:\/\/recyclingequipinc.com\/wp-content\/uploads\/2021\/09\/screw-conveyor.jpg\" alt=\"transportador helicoidal\" width=\"687\" height=\"425\" srcset=\"https:\/\/recyclingequipinc.com\/wp-content\/uploads\/2021\/09\/screw-conveyor.jpg 687w, https:\/\/recyclingequipinc.com\/wp-content\/uploads\/2021\/09\/screw-conveyor-300x186.jpg 300w, https:\/\/recyclingequipinc.com\/wp-content\/uploads\/2021\/09\/screw-conveyor-600x371.jpg 600w\" sizes=\"(max-width: 687px) 100vw, 687px\" \/><figcaption id=\"caption-attachment-4596\" class=\"wp-caption-text\">transportador helicoidal<\/figcaption><\/figure> <h3>8. Lavadora de \u00e1gua quente<\/h3> <p>O tanque de lavagem com \u00e1gua quente \u00e9 um equipamento necess\u00e1rio para a linha de limpeza de PET. Atrav\u00e9s do aquecimento da \u00e1gua e do uso de aditivos qu\u00edmicos, \u00e9 poss\u00edvel obter material limpo. \u00c9 uma estrutura superior aberta com fun\u00e7\u00f5es de controle autom\u00e1tico de temperatura, agita\u00e7\u00e3o de preserva\u00e7\u00e3o de calor, adequada para plantas de lavagem e reciclagem de pequeno, m\u00e9dio e grande porte.<\/p> <figure id=\"attachment_4597\" aria-describedby=\"caption-attachment-4597\" style=\"width: 689px\" class=\"wp-caption aligncenter\"><img loading=\"lazy\" decoding=\"async\" class=\"size-full wp-image-4597\" src=\"https:\/\/recyclingequipinc.com\/wp-content\/uploads\/2021\/09\/hot-water-washing-machine.jpg\" alt=\"m\u00e1quina de lavar \u00e1gua quente\" width=\"689\" height=\"425\" srcset=\"https:\/\/recyclingequipinc.com\/wp-content\/uploads\/2021\/09\/hot-water-washing-machine.jpg 689w, https:\/\/recyclingequipinc.com\/wp-content\/uploads\/2021\/09\/hot-water-washing-machine-300x185.jpg 300w, https:\/\/recyclingequipinc.com\/wp-content\/uploads\/2021\/09\/hot-water-washing-machine-600x370.jpg 600w\" sizes=\"(max-width: 689px) 100vw, 689px\" \/><figcaption id=\"caption-attachment-4597\" class=\"wp-caption-text\">m\u00e1quina de lavar \u00e1gua quente<\/figcaption><\/figure> <h3>9. M\u00e1quina de lavar friccional<\/h3> <p>O corpo da m\u00e1quina de limpeza por fric\u00e7\u00e3o \u00e9 composto pelo motor principal, motor, estrutura do p\u00e9, entrada de \u00e1gua, entrada de alimenta\u00e7\u00e3o, orif\u00edcio de descarga e assim por diante. A parte inferior do corpo \u00e9 um filtro de malha fina. Uma entrada externa de \u00e1gua est\u00e1 na parte superior. Os materiais devem entrar pela entrada de alimenta\u00e7\u00e3o. Parafuso girat\u00f3rio de alta velocidade que permite esfregar totalmente o material com \u00e1gua corrente. E ent\u00e3o limpe o material completamente.<\/p> <figure id=\"attachment_4599\" aria-describedby=\"caption-attachment-4599\" style=\"width: 685px\" class=\"wp-caption aligncenter\"><img loading=\"lazy\" decoding=\"async\" class=\"size-full wp-image-4599\" src=\"https:\/\/recyclingequipinc.com\/wp-content\/uploads\/2021\/09\/frictional-washing-machine-1.jpg\" alt=\"m\u00e1quina de lavar friccional\" width=\"685\" height=\"427\" srcset=\"https:\/\/recyclingequipinc.com\/wp-content\/uploads\/2021\/09\/frictional-washing-machine-1.jpg 685w, https:\/\/recyclingequipinc.com\/wp-content\/uploads\/2021\/09\/frictional-washing-machine-1-300x187.jpg 300w, https:\/\/recyclingequipinc.com\/wp-content\/uploads\/2021\/09\/frictional-washing-machine-1-600x374.jpg 600w\" sizes=\"(max-width: 685px) 100vw, 685px\" \/><figcaption id=\"caption-attachment-4599\" class=\"wp-caption-text\">m\u00e1quina de lavar friccional<\/figcaption><\/figure> <h3>10. M\u00e1quina de lavar e separar<\/h3> <p>A m\u00e1quina de lavar e separar para limpeza de folhas de PP, PE e PET, separa\u00e7\u00e3o autom\u00e1tica de tampas de garrafas e outros detritos flutuantes e separa\u00e7\u00e3o eficaz de areia e detritos de papel em v\u00e1rios materiais de folha. O tanque de lavagem \u00e9 um dos equipamentos ideais em m\u00e1quinas pl\u00e1sticas. Adequado para maior separa\u00e7\u00e3o e enx\u00e1gue de impurezas ap\u00f3s a limpeza para tornar os flocos da garrafa mais limpos e brancos. Al\u00e9m disso, tem as vantagens de opera\u00e7\u00e3o simples, efeito de limpeza claro, seguran\u00e7a e confiabilidade, longa vida \u00fatil.<\/p> <h3>11. Desidratador para chips PET<\/h3> <p>Esta m\u00e1quina desidratadora de pl\u00e1stico \u00e9 amplamente aplic\u00e1vel para desidrata\u00e7\u00e3o de flocos de PET. Possui as caracter\u00edsticas de um bom efeito desidratante, menor consumo de energia e efici\u00eancia, produ\u00e7\u00e3o cont\u00ednua, alto grau de automa\u00e7\u00e3o, alto rendimento e secura, etc.<\/p> <figure id=\"attachment_4600\" aria-describedby=\"caption-attachment-4600\" style=\"width: 687px\" class=\"wp-caption aligncenter\"><img loading=\"lazy\" decoding=\"async\" class=\"size-full wp-image-4600\" src=\"https:\/\/recyclingequipinc.com\/wp-content\/uploads\/2021\/09\/horizontal-dehydrator.jpg\" alt=\"desidratador horizontal\" width=\"687\" height=\"428\" srcset=\"https:\/\/recyclingequipinc.com\/wp-content\/uploads\/2021\/09\/horizontal-dehydrator.jpg 687w, https:\/\/recyclingequipinc.com\/wp-content\/uploads\/2021\/09\/horizontal-dehydrator-300x187.jpg 300w, https:\/\/recyclingequipinc.com\/wp-content\/uploads\/2021\/09\/horizontal-dehydrator-600x374.jpg 600w\" sizes=\"(max-width: 687px) 100vw, 687px\" \/><figcaption id=\"caption-attachment-4600\" class=\"wp-caption-text\">desidratador horizontal<\/figcaption><\/figure> <p>Al\u00e9m disso, a caixa de armazenamento transporta flocos de pl\u00e1stico PET para a m\u00e1quina por meio de um ventilador, e a m\u00e1quina de ensacamento pode embalar o material em sacos, o que \u00e9 conveniente para armazenar, comercializar e gerenciar.<\/p> <h2>Amplas aplica\u00e7\u00f5es de m\u00e1quina de reciclagem de garrafas PET<\/h2> <p class=\"translation-block\">A linha de reciclagem de garrafas PET \u00e9 amplamente aplicada a <a href=\"https:\/\/en.wikipedia.org\/wiki\/Category:Carbonated_drinks\" target=\"_blank\" rel=\"noopener\">bebidas carbonatadas<\/a>, \u00e1gua mineral, suco de fruta, medicamentos, cosm\u00e9ticos, caixas transparentes, produtos qu\u00edmicos, etc. Na classifica\u00e7\u00e3o de pl\u00e1sticos, o n\u00famero de codifica\u00e7\u00e3o do PET \u00e9 um. Como material de embalagem, o PET possui caracter\u00edsticas de boas propriedades mec\u00e2nicas, forte impacto e resist\u00eancia a boa dobra. Hoje em dia, as garrafas PET s\u00e3o usadas em toda parte no nosso dia a dia. Portanto, \u00e9 significativo para a preserva\u00e7\u00e3o do meio ambiente atrav\u00e9s da m\u00e1quina de reciclagem de garrafas PET. Se voc\u00ea deseja investir na reciclagem de garrafas PET, pode entrar em contato conosco para obter mais detalhes e podemos elaborar um plano de acordo com suas necessidades.<\/p> <h2>Caracter\u00edsticas da m\u00e1quina de reciclagem de garrafas PET<\/h2> <ol> <li>M\u00e1quinas altamente automatizadas, alto rendimento, economia de m\u00e3o de obra, praticidade e confiabilidade;<\/li> <li>Adequado para produ\u00e7\u00e3o em larga escala de reciclagem de garrafas PET, de forma eficiente;<\/li> <li>A linha de lavagem de garrafas PET \u00e9 ajust\u00e1vel de acordo com a limpeza das garrafas e seu or\u00e7amento.<\/li> <li>Uma linha de reciclagem de garrafas PET personalizada pode ser projetada com base na sua produ\u00e7\u00e3o.<\/li> <li>\u00c9 ben\u00e9fico para a prote\u00e7\u00e3o ambiental.<\/li> <\/ol> <h2>\u00c9 poss\u00edvel ganhar dinheiro reciclando garrafas pl\u00e1sticas PET?<\/h2> <p>Muitas pessoas podem se perguntar se a reciclagem de garrafas PET pode gerar lucro. Os principais m\u00e9todos de tratamento dos res\u00edduos pl\u00e1sticos incluem principalmente a incinera\u00e7\u00e3o, a elimina\u00e7\u00e3o em aterro e a reciclagem. Na opini\u00e3o de muitas pessoas, reciclar res\u00edduos de pl\u00e1stico n\u00e3o parece ser um neg\u00f3cio lucrativo porque uma garrafa de pl\u00e1stico tem um valor muito baixo. No entanto, nas grandes cidades, pelo menos milh\u00f5es de garrafas de \u00e1gua mineral usadas ser\u00e3o produzidas por pessoas. A garrafa de \u00e1gua mineral de uma tonelada provavelmente cont\u00e9m 60 mil garrafas pl\u00e1sticas, o que pode gerar um lucro de cerca de 300 d\u00f3lares.<\/p> <p>Superficialmente, a linha de m\u00e1quinas para reciclagem de garrafas PET \u00e9 um neg\u00f3cio com baixo lucro. Na verdade,\u00a0as perspectivas da ind\u00fastria de reciclagem de garrafas pl\u00e1sticas de \u00e1gua\u00a0s\u00e3o muito otimistas\u00a0do ponto de vista macro. Se voc\u00ea tem um suprimento est\u00e1vel, conhecimento abrangente sobre pl\u00e1stico e uma equipe, a reciclagem de pl\u00e1stico \u00e9 um neg\u00f3cio lucrativo para voc\u00ea.<\/p> <h2>Como escolher a m\u00e1quina de reciclagem de garrafas PET?<\/h2> <p class=\"translation-block\">As <a href=\"https:\/\/recyclingequipinc.com\/pt\/produto\/pet-bottle-washing-line\/\"><strong>m\u00e1quinas de lavar garrafas PET<\/strong><\/a> s\u00e3o diferentes devido \u00e0 limpeza das garrafas. A linha de produ\u00e7\u00e3o da m\u00e1quina de reciclagem de garrafas pl\u00e1sticas PET requer pelo menos um tanque de lavagem, um tanque de lavagem com \u00e1gua quente e uma m\u00e1quina de limpeza por fric\u00e7\u00e3o. Se o or\u00e7amento for baixo, esses tr\u00eas dispositivos de lavagem s\u00e3o necess\u00e1rios. Mas se as garrafas estiverem muito sujas e a f\u00e1brica quiser adicionar m\u00e1quinas de lavagem para garantir a limpeza das garrafas pl\u00e1sticas, o n\u00famero de tanques de lavagem, m\u00e1quinas de lavagem com \u00e1gua quente e m\u00e1quinas de lavagem por fric\u00e7\u00e3o pode aumentar para dois ou tr\u00eas. Voc\u00ea deseja obter mais detalhes? Entre em contato conosco e responderemos o mais r\u00e1pido poss\u00edvel.<\/p> <h2>V\u00eddeo da linha de reciclagem de garrafas PET<\/h2> <div class=\"ast-oembed-container\" style=\"height: 100%;\"><iframe title=\"V\u00eddeo expl\u00edcito de linha autom\u00e1tica de reciclagem de res\u00edduos de garrafas PET para fazer flocos de pl\u00e1stico PET na f\u00e1brica\" width=\"500\" height=\"281\" src=\"https:\/\/www.youtube.com\/embed\/NxbTX2KwQfA?feature=oembed\" frameborder=\"0\" allow=\"accelerometer; autoplay; clipboard-write; encrypted-media; gyroscope; picture-in-picture; web-share\" referrerpolicy=\"strict-origin-when-cross-origin\" allowfullscreen><\/iframe><\/div>","protected":false},"excerpt":{"rendered":"<p>Esta linha de reciclagem de pl\u00e1stico \u00e9 usada principalmente para lidar com res\u00edduos de garrafas feitas de PET. Atrav\u00e9s de todo o processo de remo\u00e7\u00e3o do r\u00f3tulo, tritura\u00e7\u00e3o das garrafas em flocos, lavagem dos flocos e desidrata\u00e7\u00e3o, as garrafas PET se tornar\u00e3o flocos PET limpos. Entre em contato conosco pelo melhor pre\u00e7o.<\/p>","protected":false},"featured_media":16800,"template":"","meta":{"site-sidebar-layout":"default","site-content-layout":"default","ast-site-content-layout":"default","site-content-style":"default","site-sidebar-style":"default","ast-global-header-display":"","ast-banner-title-visibility":"","ast-main-header-display":"","ast-hfb-above-header-display":"","ast-hfb-below-header-display":"","ast-hfb-mobile-header-display":"","site-post-title":"","ast-breadcrumbs-content":"","ast-featured-img":"","footer-sml-layout":"","ast-disable-related-posts":"","theme-transparent-header-meta":"default","adv-header-id-meta":"","stick-header-meta":"default","header-above-stick-meta":"","header-main-stick-meta":"","header-below-stick-meta":"","astra-migrate-meta-layouts":"set","ast-page-background-enabled":"default","ast-page-background-meta":{"desktop":{"background-color":"","background-image":"","background-repeat":"repeat","background-position":"center center","background-size":"auto","background-attachment":"scroll","background-type":"","background-media":"","overlay-type":"","overlay-color":"","overlay-opacity":"","overlay-gradient":""},"tablet":{"background-color":"","background-image":"","background-repeat":"repeat","background-position":"center center","background-size":"auto","background-attachment":"scroll","background-type":"","background-media":"","overlay-type":"","overlay-color":"","overlay-opacity":"","overlay-gradient":""},"mobile":{"background-color":"","background-image":"","background-repeat":"repeat","background-position":"center center","background-size":"auto","background-attachment":"scroll","background-type":"","background-media":"","overlay-type":"","overlay-color":"","overlay-opacity":"","overlay-gradient":""}},"ast-content-background-meta":{"desktop":{"background-color":"var(--ast-global-color-5)","background-image":"","background-repeat":"repeat","background-position":"center center","background-size":"auto","background-attachment":"scroll","background-type":"","background-media":"","overlay-type":"","overlay-color":"","overlay-opacity":"","overlay-gradient":""},"tablet":{"background-color":"var(--ast-global-color-5)","background-image":"","background-repeat":"repeat","background-position":"center center","background-size":"auto","background-attachment":"scroll","background-type":"","background-media":"","overlay-type":"","overlay-color":"","overlay-opacity":"","overlay-gradient":""},"mobile":{"background-color":"var(--ast-global-color-5)","background-image":"","background-repeat":"repeat","background-position":"center center","background-size":"auto","background-attachment":"scroll","background-type":"","background-media":"","overlay-type":"","overlay-color":"","overlay-opacity":"","overlay-gradient":""}}},"product_brand":[],"product_cat":[130],"product_tag":[64],"class_list":{"0":"post-4373","1":"product","2":"type-product","3":"status-publish","4":"has-post-thumbnail","6":"product_cat-solution","7":"product_tag-pet-bottle-recycling-line","8":"desktop-align-center","9":"tablet-align-center","10":"mobile-align-center","12":"first","13":"instock","14":"shipping-taxable","15":"product-type-simple"},"_links":{"self":[{"href":"https:\/\/recyclingequipinc.com\/pt\/wp-json\/wp\/v2\/product\/4373","targetHints":{"allow":["GET"]}}],"collection":[{"href":"https:\/\/recyclingequipinc.com\/pt\/wp-json\/wp\/v2\/product"}],"about":[{"href":"https:\/\/recyclingequipinc.com\/pt\/wp-json\/wp\/v2\/types\/product"}],"version-history":[{"count":0,"href":"https:\/\/recyclingequipinc.com\/pt\/wp-json\/wp\/v2\/product\/4373\/revisions"}],"wp:featuredmedia":[{"embeddable":true,"href":"https:\/\/recyclingequipinc.com\/pt\/wp-json\/wp\/v2\/media\/16800"}],"wp:attachment":[{"href":"https:\/\/recyclingequipinc.com\/pt\/wp-json\/wp\/v2\/media?parent=4373"}],"wp:term":[{"taxonomy":"product_brand","embeddable":true,"href":"https:\/\/recyclingequipinc.com\/pt\/wp-json\/wp\/v2\/product_brand?post=4373"},{"taxonomy":"product_cat","embeddable":true,"href":"https:\/\/recyclingequipinc.com\/pt\/wp-json\/wp\/v2\/product_cat?post=4373"},{"taxonomy":"product_tag","embeddable":true,"href":"https:\/\/recyclingequipinc.com\/pt\/wp-json\/wp\/v2\/product_tag?post=4373"}],"curies":[{"name":"wp","href":"https:\/\/api.w.org\/{rel}","templated":true}]}}