{"id":17556,"date":"2025-11-11T16:08:39","date_gmt":"2025-11-11T08:08:39","guid":{"rendered":"https:\/\/recyclingequipinc.com\/?post_type=product&#038;p=17556"},"modified":"2025-11-11T16:26:44","modified_gmt":"2025-11-11T08:26:44","slug":"spiral-rebar-bender","status":"publish","type":"product","link":"https:\/\/recyclingequipinc.com\/pt\/product\/spiral-rebar-bender\/","title":{"rendered":"M\u00e1quina de Dobragem de Verga Espiral Eficiente"},"content":{"rendered":"<p>Esta m\u00e1quina de dobragem de verga espiral enfrenta a tarefa exigente de moldar barras de a\u00e7o retas em formas de refor\u00e7o espiral ou circular precisas. Com precis\u00e3o de \u00b10,2 mm e velocidades de dobragem de at\u00e9 30 m\/min, transforma estoque reto em bobinas de alta qualidade em grande escala. Aumente a efici\u00eancia, reduza o tempo de trabalho, minimize a varia\u00e7\u00e3o.<\/p> <h2>O que \u00e9 a M\u00e1quina de Dobragem de Verga Espiral?<\/h2> <p>Uma m\u00e1quina de dobragem de verga espiral \u00e9 uma m\u00e1quina especializada usada em trabalhos de refor\u00e7o de concreto. Ela dobra vergalh\u00f5es em formas circulares ou helicoidais \u2014 essenciais para aplica\u00e7\u00f5es como gaiolas de estacas, argolas de t\u00fanel, \u00e2ncoras de ferrovias de alta velocidade ou an\u00e9is pr\u00e9-fabricados. Equipado com entrada CNC e acionamento hidr\u00e1ulico, a m\u00e1quina automatiza as opera\u00e7\u00f5es de alimenta\u00e7\u00e3o-dobragem-corte e lida com uma gama de di\u00e2metros, desde pequenas argolas at\u00e9 grandes espirais.<\/p> <div id='gallery-1' class='gallery galleryid-17556 gallery-columns-3 gallery-size-full'><figure class='gallery-item'> \t\t\t<div class='gallery-icon landscape'> \t\t\t\t<a href='https:\/\/recyclingequipinc.com\/pt\/?attachment_id=17577'><img fetchpriority=\"high\" decoding=\"async\" width=\"720\" height=\"540\" src=\"https:\/\/recyclingequipinc.com\/wp-content\/uploads\/2025\/11\/uniform-and-precisely-formed-rebar-spirals.webp\" class=\"attachment-full size-full\" alt=\"espirais de verga uniformes e precisamente formadas\" aria-describedby=\"gallery-1-17577\" srcset=\"https:\/\/recyclingequipinc.com\/wp-content\/uploads\/2025\/11\/uniform-and-precisely-formed-rebar-spirals.webp 720w, https:\/\/recyclingequipinc.com\/wp-content\/uploads\/2025\/11\/uniform-and-precisely-formed-rebar-spirals-300x225.webp 300w, https:\/\/recyclingequipinc.com\/wp-content\/uploads\/2025\/11\/uniform-and-precisely-formed-rebar-spirals-16x12.webp 16w\" sizes=\"(max-width: 720px) 100vw, 720px\" \/><\/a> \t\t\t<\/div> \t\t\t\t<figcaption class='wp-caption-text gallery-caption' id='gallery-1-17577'> \t\t\t\tespirais de verga uniformes e precisamente formadas \t\t\t\t<\/figcaption><\/figure><figure class='gallery-item'> \t\t\t<div class='gallery-icon landscape'> \t\t\t\t<a href='https:\/\/recyclingequipinc.com\/pt\/?attachment_id=17576'><img decoding=\"async\" width=\"750\" height=\"750\" src=\"https:\/\/recyclingequipinc.com\/wp-content\/uploads\/2025\/11\/steel-bar-ring-making-machine.webp\" class=\"attachment-full size-full\" alt=\"m\u00e1quina de fabrica\u00e7\u00e3o de an\u00e9is de barra de a\u00e7o\" aria-describedby=\"gallery-1-17576\" srcset=\"https:\/\/recyclingequipinc.com\/wp-content\/uploads\/2025\/11\/steel-bar-ring-making-machine.webp 750w, https:\/\/recyclingequipinc.com\/wp-content\/uploads\/2025\/11\/steel-bar-ring-making-machine-300x300.webp 300w, https:\/\/recyclingequipinc.com\/wp-content\/uploads\/2025\/11\/steel-bar-ring-making-machine-150x150.webp 150w, https:\/\/recyclingequipinc.com\/wp-content\/uploads\/2025\/11\/steel-bar-ring-making-machine-12x12.webp 12w, https:\/\/recyclingequipinc.com\/wp-content\/uploads\/2025\/11\/steel-bar-ring-making-machine-100x100.webp 100w\" sizes=\"(max-width: 750px) 100vw, 750px\" \/><\/a> \t\t\t<\/div> \t\t\t\t<figcaption class='wp-caption-text gallery-caption' id='gallery-1-17576'> \t\t\t\tm\u00e1quina de fabrica\u00e7\u00e3o de an\u00e9is de barra de a\u00e7o \t\t\t\t<\/figcaption><\/figure> \t\t<\/div>  <h2>Principais Benef\u00edcios da Nossa M\u00e1quina de Fabrica\u00e7\u00e3o de C\u00edrculos de Verga<\/h2> <p>Para empresas que buscam investir em uma m\u00e1quina de dobragem de argolas de a\u00e7o confi\u00e1vel e poderosa, o modelo Shuliy se destaca. Nossa M\u00e1quina de Dobragem de Barra de Laje CNC Totalmente Autom\u00e1tica de Cinco Cabe\u00e7otes \u00e9 projetada para trabalho de alto volume e alta precis\u00e3o, tornando-se a escolha ideal para projetos exigentes.<\/p> <ul> <li><strong>Controle CNC automatizado:<\/strong> defina o di\u00e2metro do aro, o passo do bobinado e a quantidade de lote uma vez; deixe-o funcionar.<\/li> <li><strong>Sa\u00edda de alta precis\u00e3o: <\/strong>forma e tamanho consistentes em grandes lotes; reduz o desperd\u00edcio.<\/li> <li><strong>Taxa de produ\u00e7\u00e3o r\u00e1pida: <\/strong>adequado para f\u00e1bricas de alta produ\u00e7\u00e3o ou locais de trabalho exigentes.<\/li> <li><strong>Sistema hidr\u00e1ulico robusto: <\/strong>for\u00e7a de flex\u00e3o forte, desempenho est\u00e1vel sob carga pesada.<\/li> <li><strong>Compatibilidade ampla de materiais: <\/strong>suporta m\u00faltiplos di\u00e2metros de barra, v\u00e1rios graus de refor\u00e7o.<\/li> <\/ul> <figure id=\"attachment_17573\" aria-describedby=\"caption-attachment-17573\" style=\"width: 750px\" class=\"wp-caption aligncenter\"><img decoding=\"async\" class=\"wp-image-17573 size-full\" src=\"https:\/\/recyclingequipinc.com\/wp-content\/uploads\/2025\/11\/rebar-circle-making-machine.webp\" alt=\"m\u00e1quina de fabrica\u00e7\u00e3o de c\u00edrculos de verga\" width=\"750\" height=\"750\" srcset=\"https:\/\/recyclingequipinc.com\/wp-content\/uploads\/2025\/11\/rebar-circle-making-machine.webp 750w, https:\/\/recyclingequipinc.com\/wp-content\/uploads\/2025\/11\/rebar-circle-making-machine-300x300.webp 300w, https:\/\/recyclingequipinc.com\/wp-content\/uploads\/2025\/11\/rebar-circle-making-machine-150x150.webp 150w, https:\/\/recyclingequipinc.com\/wp-content\/uploads\/2025\/11\/rebar-circle-making-machine-12x12.webp 12w, https:\/\/recyclingequipinc.com\/wp-content\/uploads\/2025\/11\/rebar-circle-making-machine-100x100.webp 100w\" sizes=\"(max-width: 750px) 100vw, 750px\" \/><figcaption id=\"caption-attachment-17573\" class=\"wp-caption-text\">m\u00e1quina de fabrica\u00e7\u00e3o de c\u00edrculos de verga<\/figcaption><\/figure> <h2>Como Funciona a Dobradora de An\u00e9is de Verga?<\/h2> <p class=\"translation-block\">Uma vez que os par\u00e2metros s\u00e3o programados, o PLC do sistema ativa o motor e a bomba hidr\u00e1ulica. O <a href=\"https:\/\/recyclingequipinc.com\/pt\/produto\/steel-bar-straightening-machine\/\">barra de a\u00e7o \u00e9 endireitada<\/a>, alimentada na montagem de arredondamento, dobrada na espiral ou c\u00edrculo pr\u00e9-definido e cortada automaticamente. Um ciclo suave: alimenta\u00e7\u00e3o \u2192 dobragem \u2192 corte. Este ciclo cont\u00ednuo garante m\u00ednima interven\u00e7\u00e3o manual e alta consist\u00eancia de produ\u00e7\u00e3o.<\/p> <figure id=\"attachment_17572\" aria-describedby=\"caption-attachment-17572\" style=\"width: 679px\" class=\"wp-caption aligncenter\"><img loading=\"lazy\" decoding=\"async\" class=\"wp-image-17572\" src=\"https:\/\/recyclingequipinc.com\/wp-content\/uploads\/2025\/11\/details-of-the-spring-coiling-machine.webp\" alt=\"detalhes da m\u00e1quina de enrolamento de molas\" width=\"679\" height=\"540\" srcset=\"https:\/\/recyclingequipinc.com\/wp-content\/uploads\/2025\/11\/details-of-the-spring-coiling-machine.webp 797w, https:\/\/recyclingequipinc.com\/wp-content\/uploads\/2025\/11\/details-of-the-spring-coiling-machine-300x239.webp 300w, https:\/\/recyclingequipinc.com\/wp-content\/uploads\/2025\/11\/details-of-the-spring-coiling-machine-768x611.webp 768w, https:\/\/recyclingequipinc.com\/wp-content\/uploads\/2025\/11\/details-of-the-spring-coiling-machine-15x12.webp 15w, https:\/\/recyclingequipinc.com\/wp-content\/uploads\/2025\/11\/details-of-the-spring-coiling-machine-750x597.webp 750w\" sizes=\"(max-width: 679px) 100vw, 679px\" \/><figcaption id=\"caption-attachment-17572\" class=\"wp-caption-text\">detalhes da m\u00e1quina de enrolamento de molas<\/figcaption><\/figure> <h2>Especifica\u00e7\u00f5es T\u00e9cnicas em um Relance<\/h2> <table style=\"border-collapse: collapse; width: 100%; height: 400px;\"> <tbody> <tr style=\"height: 82px;\"> <td style=\"width: 14.2857%; height: 82px;\">Modelo<\/td> <td style=\"width: 14.2857%; height: 82px;\">Di\u00e2metro da Barra de A\u00e7o(mm)<\/td> <td style=\"width: 14.2857%; height: 82px;\">Di\u00e2metro da Espiral\/C\u00edrculo(mm)<\/td> <td style=\"width: 14.2857%; height: 82px;\">Pot\u00eancia do Motor(kW)<\/td> <td style=\"width: 14.2857%; height: 82px;\">Velocidade(m\/min)<\/td> <td style=\"width: 14.2857%; height: 82px;\">Precis\u00e3o(mm)<\/td> <td style=\"width: 14.2857%; height: 82px;\">Peso(kg)<\/td> <\/tr> <tr style=\"height: 53px;\"> <td style=\"width: 14.2857%; height: 53px;\">SL-3<\/td> <td style=\"width: 14.2857%; height: 53px;\">3-6<\/td> <td style=\"width: 14.2857%; height: 53px;\">50-1000<\/td> <td style=\"width: 14.2857%; height: 53px;\">4<\/td> <td style=\"width: 14.2857%; height: 53px;\">16-25<\/td> <td style=\"width: 14.2857%; height: 53px;\">\u00b10,2<\/td> <td style=\"width: 14.2857%; height: 53px;\">480<\/td> <\/tr> <tr style=\"height: 53px;\"> <td style=\"width: 14.2857%; height: 53px;\">SL-6<\/td> <td style=\"width: 14.2857%; height: 53px;\">6-10<\/td> <td style=\"width: 14.2857%; height: 53px;\">50-800<\/td> <td style=\"width: 14.2857%; height: 53px;\">5.5<\/td> <td style=\"width: 14.2857%; height: 53px;\">16-25<\/td> <td style=\"width: 14.2857%; height: 53px;\">\u00b10,2<\/td> <td style=\"width: 14.2857%; height: 53px;\">560<\/td> <\/tr> <tr style=\"height: 53px;\"> <td style=\"width: 14.2857%; height: 53px;\">SL-8<\/td> <td style=\"width: 14.2857%; height: 53px;\">8-12<\/td> <td style=\"width: 14.2857%; height: 53px;\">50-1500<\/td> <td style=\"width: 14.2857%; height: 53px;\">7<\/td> <td style=\"width: 14.2857%; height: 53px;\">16-25<\/td> <td style=\"width: 14.2857%; height: 53px;\">\u00b10,2<\/td> <td style=\"width: 14.2857%; height: 53px;\">640<\/td> <\/tr> <tr style=\"height: 53px;\"> <td style=\"width: 14.2857%; height: 53px;\">SL-10<\/td> <td style=\"width: 14.2857%; height: 53px;\">10-14<\/td> <td style=\"width: 14.2857%; height: 53px;\">50-1800<\/td> <td style=\"width: 14.2857%; height: 53px;\">7<\/td> <td style=\"width: 14.2857%; height: 53px;\">16-25<\/td> <td style=\"width: 14.2857%; height: 53px;\">\u00b10,2<\/td> <td style=\"width: 14.2857%; height: 53px;\">690<\/td> <\/tr> <tr style=\"height: 53px;\"> <td style=\"width: 14.2857%; height: 53px;\">SL-16<\/td> <td style=\"width: 14.2857%; height: 53px;\">16-20<\/td> <td style=\"width: 14.2857%; height: 53px;\">50-2200<\/td> <td style=\"width: 14.2857%; height: 53px;\">11<\/td> <td style=\"width: 14.2857%; height: 53px;\">16-30<\/td> <td style=\"width: 14.2857%; height: 53px;\">\u00b10,2<\/td> <td style=\"width: 14.2857%; height: 53px;\">1150<\/td> <\/tr> <tr style=\"height: 53px;\"> <td style=\"width: 14.2857%; height: 53px;\">SL-25<\/td> <td style=\"width: 14.2857%; height: 53px;\">22-25<\/td> <td style=\"width: 14.2857%; height: 53px;\">50-3000<\/td> <td style=\"width: 14.2857%; height: 53px;\">15<\/td> <td style=\"width: 14.2857%; height: 53px;\">16-30<\/td> <td style=\"width: 14.2857%; height: 53px;\">\u00b10,2<\/td> <td style=\"width: 14.2857%; height: 53px;\">1350<\/td> <\/tr> <\/tbody> <\/table> <p class=\"translation-block\"><em>Nota: Faixas de tens\u00e3o ou di\u00e2metro personalizadas podem ser fornecidas.<\/em><\/p> <h2>Aplica\u00e7\u00f5es para a M\u00e1quina de Dobragem de Verga Espiral<\/h2> <ul> <li>Projetos de ferrovias de alta velocidade e metr\u00f4s \u2013 forma\u00e7\u00e3o de gaiolas espirais e \u00e2ncoras.<\/li> <li>Refor\u00e7o de pontes e t\u00faneis \u2013 produ\u00e7\u00e3o de grandes argolas circulares com precis\u00e3o.<\/li> <li>Fundamentos para edif\u00edcios, bases e\u00f3licas ou solares \u2013 refor\u00e7o espiral para estacas.<\/li> <li>Fabrica\u00e7\u00e3o de componentes de concreto pr\u00e9-moldados \u2013 fabrica\u00e7\u00e3o de argolas ou bobinas em grandes lotes.<\/li> <\/ul> <p>Essas aplica\u00e7\u00f5es dependem de m\u00e1quinas que oferecem velocidade, repetibilidade e durabilidade.<\/p> <h2>Por que escolher a Maquin\u00e1ria Shuliy para uma M\u00e1quina de Dobragem de Verga Espiral<\/h2> <p>A Maquin\u00e1ria Shuliy traz mais de duas d\u00e9cadas de experi\u00eancia em equipamentos de processamento de barras de a\u00e7o. Focamos em construir m\u00e1quinas que s\u00e3o confi\u00e1veis, serv\u00edveis e projetadas para ambientes de produ\u00e7\u00e3o.<\/p> <ul> <li>Projetos de m\u00e1quinas enraizados no uso de campo e nas reais necessidades do local.<\/li> <li>Componentes de qualidade e controle rigoroso garantem longa vida \u00fatil.<\/li> <li>Configura\u00e7\u00f5es personalizadas dispon\u00edveis para corresponder \u00e0s especifica\u00e7\u00f5es de energia regional e do local de trabalho.<\/li> <li>Canais de suporte claros: ajuda na instala\u00e7\u00e3o, fornecimento de pe\u00e7as, orienta\u00e7\u00e3o remota.<\/li> <\/ul> <p>Em resumo: voc\u00ea est\u00e1 investindo em uma m\u00e1quina que funciona \u2014 n\u00e3o apenas parece boa no papel.<\/p> <h2>Conclus\u00e3o<\/h2> <p>Se suas opera\u00e7\u00f5es exigem produ\u00e7\u00e3o consistente e de alto volume de refor\u00e7o de a\u00e7o espiral ou circular, a m\u00e1quina de dobragem de verga espiral Shuliy \u00e9 projetada para isso. Com precis\u00e3o, velocidade e automa\u00e7\u00e3o integradas, ela oferece a produ\u00e7\u00e3o, qualidade e confiabilidade que os projetos modernos exigem. Conecte-se com nossa equipe para explorar configura\u00e7\u00f5es, pre\u00e7os e demonstra\u00e7\u00f5es dos pr\u00f3ximos passos.<\/p>","protected":false},"excerpt":{"rendered":"<p>Forme refor\u00e7os espirais perfeitos em segundos \u2014 dobragem de alta velocidade e alta precis\u00e3o para o processamento moderno de a\u00e7o.<\/p>","protected":false},"featured_media":17575,"template":"","meta":{"site-sidebar-layout":"default","site-content-layout":"","ast-site-content-layout":"default","site-content-style":"default","site-sidebar-style":"default","ast-global-header-display":"","ast-banner-title-visibility":"","ast-main-header-display":"","ast-hfb-above-header-display":"","ast-hfb-below-header-display":"","ast-hfb-mobile-header-display":"","site-post-title":"","ast-breadcrumbs-content":"","ast-featured-img":"","footer-sml-layout":"","ast-disable-related-posts":"","theme-transparent-header-meta":"default","adv-header-id-meta":"","stick-header-meta":"","header-above-stick-meta":"","header-main-stick-meta":"","header-below-stick-meta":"","astra-migrate-meta-layouts":"set","ast-page-background-enabled":"default","ast-page-background-meta":{"desktop":{"background-color":"","background-image":"","background-repeat":"repeat","background-position":"center center","background-size":"auto","background-attachment":"scroll","background-type":"","background-media":"","overlay-type":"","overlay-color":"","overlay-opacity":"","overlay-gradient":""},"tablet":{"background-color":"","background-image":"","background-repeat":"repeat","background-position":"center center","background-size":"auto","background-attachment":"scroll","background-type":"","background-media":"","overlay-type":"","overlay-color":"","overlay-opacity":"","overlay-gradient":""},"mobile":{"background-color":"","background-image":"","background-repeat":"repeat","background-position":"center center","background-size":"auto","background-attachment":"scroll","background-type":"","background-media":"","overlay-type":"","overlay-color":"","overlay-opacity":"","overlay-gradient":""}},"ast-content-background-meta":{"desktop":{"background-color":"var(--ast-global-color-5)","background-image":"","background-repeat":"repeat","background-position":"center center","background-size":"auto","background-attachment":"scroll","background-type":"","background-media":"","overlay-type":"","overlay-color":"","overlay-opacity":"","overlay-gradient":""},"tablet":{"background-color":"var(--ast-global-color-5)","background-image":"","background-repeat":"repeat","background-position":"center center","background-size":"auto","background-attachment":"scroll","background-type":"","background-media":"","overlay-type":"","overlay-color":"","overlay-opacity":"","overlay-gradient":""},"mobile":{"background-color":"var(--ast-global-color-5)","background-image":"","background-repeat":"repeat","background-position":"center center","background-size":"auto","background-attachment":"scroll","background-type":"","background-media":"","overlay-type":"","overlay-color":"","overlay-opacity":"","overlay-gradient":""}}},"product_brand":[],"product_cat":[131],"product_tag":[],"class_list":{"0":"post-17556","1":"product","2":"type-product","3":"status-publish","4":"has-post-thumbnail","6":"product_cat-metal-recycling-machine","7":"desktop-align-center","8":"tablet-align-center","9":"mobile-align-center","11":"first","12":"instock","13":"shipping-taxable","14":"product-type-simple"},"_links":{"self":[{"href":"https:\/\/recyclingequipinc.com\/pt\/wp-json\/wp\/v2\/product\/17556","targetHints":{"allow":["GET"]}}],"collection":[{"href":"https:\/\/recyclingequipinc.com\/pt\/wp-json\/wp\/v2\/product"}],"about":[{"href":"https:\/\/recyclingequipinc.com\/pt\/wp-json\/wp\/v2\/types\/product"}],"version-history":[{"count":0,"href":"https:\/\/recyclingequipinc.com\/pt\/wp-json\/wp\/v2\/product\/17556\/revisions"}],"wp:featuredmedia":[{"embeddable":true,"href":"https:\/\/recyclingequipinc.com\/pt\/wp-json\/wp\/v2\/media\/17575"}],"wp:attachment":[{"href":"https:\/\/recyclingequipinc.com\/pt\/wp-json\/wp\/v2\/media?parent=17556"}],"wp:term":[{"taxonomy":"product_brand","embeddable":true,"href":"https:\/\/recyclingequipinc.com\/pt\/wp-json\/wp\/v2\/product_brand?post=17556"},{"taxonomy":"product_cat","embeddable":true,"href":"https:\/\/recyclingequipinc.com\/pt\/wp-json\/wp\/v2\/product_cat?post=17556"},{"taxonomy":"product_tag","embeddable":true,"href":"https:\/\/recyclingequipinc.com\/pt\/wp-json\/wp\/v2\/product_tag?post=17556"}],"curies":[{"name":"wp","href":"https:\/\/api.w.org\/{rel}","templated":true}]}}