{"id":17511,"date":"2025-09-17T15:30:51","date_gmt":"2025-09-17T07:30:51","guid":{"rendered":"https:\/\/recyclingequipinc.com\/?post_type=product&#038;p=17511"},"modified":"2025-09-17T15:30:51","modified_gmt":"2025-09-17T07:30:51","slug":"waste-tire-baler","status":"publish","type":"product","link":"https:\/\/recyclingequipinc.com\/pt\/product\/waste-tire-baler\/","title":{"rendered":"Enfardadeira de pneus usados para venda | Transforme sucata de pneus em lucros"},"content":{"rendered":"<p>O enfardador de pneus usados da Shuliy comprime eficientemente pneus sucateados volumosos em fardos densos. Dispon\u00edvel em modelos horizontal e vertical, este enfardador hidr\u00e1ulico processa at\u00e9 5 fardos por hora, cada um pesando cerca de 1200 kg. Ele reduz o espa\u00e7o de armazenamento, simplifica o transporte e ajuda empresas de reciclagem a aumentar a lucratividade.<\/p> <h2>De Res\u00edduos In\u00fateis a Mercadoria Valiosa<\/h2> <p>A transforma\u00e7\u00e3o que nosso enfardador de pneus usados realiza \u00e9 simples, mas profunda. Ele pega uma mat\u00e9ria-prima problem\u00e1tica e a transforma em um produto procurado.<\/p> <ul> <li><strong>Mat\u00e9rias-primas:<\/strong> Todos os tipos de pneus de sucata, incluindo pneus de autom\u00f3veis, caminh\u00f5es, autocarros e pneus agr\u00edcolas. Para pneus OTR de tamanho excessivo, recomenda-se uma pr\u00e9-processamento com uma <a href=\"https:\/\/recyclingequipinc.com\/pt\/produto\/hydraulic-tire-cutter\/\">m\u00e1quina cortadora de pneus<\/a> \u00e9 recomendado antes de compactar.<\/li> <li><strong>Produto Final:<\/strong> Fardos de pneus densos, de forma uniforme e firmemente atados. Cada fardo pesa aproximadamente 1200kg, tornando-os ideais para empilhamento e transporte eficientes.<\/li> <\/ul> <div id='gallery-1' class='gallery galleryid-17511 gallery-columns-3 gallery-size-full'><figure class='gallery-item'> \t\t\t<div class='gallery-icon landscape'> \t\t\t\t<a href='https:\/\/recyclingequipinc.com\/pt\/?attachment_id=17517'><img fetchpriority=\"high\" decoding=\"async\" width=\"720\" height=\"540\" src=\"https:\/\/recyclingequipinc.com\/wp-content\/uploads\/2025\/09\/piles-of-scrap-tires.webp\" class=\"attachment-full size-full\" alt=\"pilhas de pneus sucateados\" aria-describedby=\"gallery-1-17517\" srcset=\"https:\/\/recyclingequipinc.com\/wp-content\/uploads\/2025\/09\/piles-of-scrap-tires.webp 720w, https:\/\/recyclingequipinc.com\/wp-content\/uploads\/2025\/09\/piles-of-scrap-tires-300x225.webp 300w, https:\/\/recyclingequipinc.com\/wp-content\/uploads\/2025\/09\/piles-of-scrap-tires-16x12.webp 16w\" sizes=\"(max-width: 720px) 100vw, 720px\" \/><\/a> \t\t\t<\/div> \t\t\t\t<figcaption class='wp-caption-text gallery-caption' id='gallery-1-17517'> \t\t\t\tpilhas de pneus sucateados \t\t\t\t<\/figcaption><\/figure><figure class='gallery-item'> \t\t\t<div class='gallery-icon landscape'> \t\t\t\t<a href='https:\/\/recyclingequipinc.com\/pt\/?attachment_id=17514'><img decoding=\"async\" width=\"720\" height=\"540\" src=\"https:\/\/recyclingequipinc.com\/wp-content\/uploads\/2025\/09\/compact-tire-bales.webp\" class=\"attachment-full size-full\" alt=\"fardos de pneus compactos\" aria-describedby=\"gallery-1-17514\" srcset=\"https:\/\/recyclingequipinc.com\/wp-content\/uploads\/2025\/09\/compact-tire-bales.webp 720w, https:\/\/recyclingequipinc.com\/wp-content\/uploads\/2025\/09\/compact-tire-bales-300x225.webp 300w, https:\/\/recyclingequipinc.com\/wp-content\/uploads\/2025\/09\/compact-tire-bales-16x12.webp 16w\" sizes=\"(max-width: 720px) 100vw, 720px\" \/><\/a> \t\t\t<\/div> \t\t\t\t<figcaption class='wp-caption-text gallery-caption' id='gallery-1-17514'> \t\t\t\tfardos de pneus compactos \t\t\t\t<\/figcaption><\/figure> \t\t<\/div>  <h2>Filosofia de Engenharia e Design do Nosso Enfardador de Pneus Usados<\/h2> <p>Nossa m\u00e1quina de enfardamento de pneus \u00e9 constru\u00edda com base em durabilidade, pot\u00eancia e efici\u00eancia operacional.<\/p> <ul> <li><strong>Integridade Estrutural:<\/strong> O quadro principal \u00e9 constru\u00eddo com placas de a\u00e7o refor\u00e7ado de alta resist\u00eancia e vigas estruturais. Todas as soldaduras s\u00e3o aliviadas de tens\u00f5es para suportar a imensa carga c\u00edclica inerente \u00e0 compacta\u00e7\u00e3o de borracha com cintas de a\u00e7o.<\/li> <li><strong>Sistema de Energia Hidr\u00e1ulica:<\/strong> At the core is a 200-ton hydraulic system. The horizontal model utilizes a 45kw motor to drive high-pressure pumps, ensuring sufficient force and speed to overcome the material&#8217;s memory effect and achieve high bale density.<\/li> <li><strong>Fluxo de Material &amp; Efici\u00eancia:<\/strong> O modelo horizontal incorpora uma esteira de alimenta\u00e7\u00e3o autom\u00e1tica de 5,5kw e uma porta de eleva\u00e7\u00e3o, criando um fluxo de material consistente e eficiente que minimiza os tempos de ciclo e reduz a depend\u00eancia do operador.<\/li> <li><strong>Sistema de Controlo:<\/strong> A centralized PLC (Programmable Logic Controller) system manages the machine&#8217;s functions, providing reliable, automated cycles and essential safety interlocks for operator protection.<\/li> <\/ul> <div id='gallery-2' class='gallery galleryid-17511 gallery-columns-3 gallery-size-full'><figure class='gallery-item'> \t\t\t<div class='gallery-icon landscape'> \t\t\t\t<a href='https:\/\/recyclingequipinc.com\/pt\/?attachment_id=17516'><img decoding=\"async\" width=\"720\" height=\"540\" src=\"https:\/\/recyclingequipinc.com\/wp-content\/uploads\/2025\/09\/large-sized-conveyor-belts-and-feed-inlets-capable-of-accommodating-a-large-volume-of-tires.webp\" class=\"attachment-full size-full\" alt=\"esteiras transportadoras de grande porte e entradas de alimenta\u00e7\u00e3o capazes de acomodar um grande volume de pneus\" aria-describedby=\"gallery-2-17516\" srcset=\"https:\/\/recyclingequipinc.com\/wp-content\/uploads\/2025\/09\/large-sized-conveyor-belts-and-feed-inlets-capable-of-accommodating-a-large-volume-of-tires.webp 720w, https:\/\/recyclingequipinc.com\/wp-content\/uploads\/2025\/09\/large-sized-conveyor-belts-and-feed-inlets-capable-of-accommodating-a-large-volume-of-tires-300x225.webp 300w, https:\/\/recyclingequipinc.com\/wp-content\/uploads\/2025\/09\/large-sized-conveyor-belts-and-feed-inlets-capable-of-accommodating-a-large-volume-of-tires-16x12.webp 16w\" sizes=\"(max-width: 720px) 100vw, 720px\" \/><\/a> \t\t\t<\/div> \t\t\t\t<figcaption class='wp-caption-text gallery-caption' id='gallery-2-17516'> \t\t\t\testeiras transportadoras de grande porte e entradas de alimenta\u00e7\u00e3o capazes de acomodar um grande volume de pneus \t\t\t\t<\/figcaption><\/figure><figure class='gallery-item'> \t\t\t<div class='gallery-icon landscape'> \t\t\t\t<a href='https:\/\/recyclingequipinc.com\/pt\/?attachment_id=17519'><img loading=\"lazy\" decoding=\"async\" width=\"720\" height=\"540\" src=\"https:\/\/recyclingequipinc.com\/wp-content\/uploads\/2025\/09\/the-tire-baler-features-a-reinforced-frame-design.webp\" class=\"attachment-full size-full\" alt=\"o enfardador de pneus apresenta um design de estrutura refor\u00e7ada.\" aria-describedby=\"gallery-2-17519\" srcset=\"https:\/\/recyclingequipinc.com\/wp-content\/uploads\/2025\/09\/the-tire-baler-features-a-reinforced-frame-design.webp 720w, https:\/\/recyclingequipinc.com\/wp-content\/uploads\/2025\/09\/the-tire-baler-features-a-reinforced-frame-design-300x225.webp 300w, https:\/\/recyclingequipinc.com\/wp-content\/uploads\/2025\/09\/the-tire-baler-features-a-reinforced-frame-design-16x12.webp 16w\" sizes=\"(max-width: 720px) 100vw, 720px\" \/><\/a> \t\t\t<\/div> \t\t\t\t<figcaption class='wp-caption-text gallery-caption' id='gallery-2-17519'> \t\t\t\to enfardador de pneus apresenta um design de estrutura refor\u00e7ada. \t\t\t\t<\/figcaption><\/figure><figure class='gallery-item'> \t\t\t<div class='gallery-icon landscape'> \t\t\t\t<a href='https:\/\/recyclingequipinc.com\/pt\/?attachment_id=17518'><img loading=\"lazy\" decoding=\"async\" width=\"720\" height=\"540\" src=\"https:\/\/recyclingequipinc.com\/wp-content\/uploads\/2025\/09\/powerful-dual-hydraulic-cylinders.webp\" class=\"attachment-full size-full\" alt=\"cilindros hidr\u00e1ulicos duplos potentes\" aria-describedby=\"gallery-2-17518\" srcset=\"https:\/\/recyclingequipinc.com\/wp-content\/uploads\/2025\/09\/powerful-dual-hydraulic-cylinders.webp 720w, https:\/\/recyclingequipinc.com\/wp-content\/uploads\/2025\/09\/powerful-dual-hydraulic-cylinders-300x225.webp 300w, https:\/\/recyclingequipinc.com\/wp-content\/uploads\/2025\/09\/powerful-dual-hydraulic-cylinders-16x12.webp 16w\" sizes=\"(max-width: 720px) 100vw, 720px\" \/><\/a> \t\t\t<\/div> \t\t\t\t<figcaption class='wp-caption-text gallery-caption' id='gallery-2-17518'> \t\t\t\tcilindros hidr\u00e1ulicos duplos potentes \t\t\t\t<\/figcaption><\/figure> \t\t<\/div>  <h2>Especifica\u00e7\u00f5es T\u00e9cnicas: Uma Compara\u00e7\u00e3o Lado a Lado<\/h2> <p>Oferecemos dois modelos distintos para atender diferentes requisitos operacionais de escala, espa\u00e7o e investimento de capital. Para ajud\u00e1-lo a tomar a melhor decis\u00e3o para sua opera\u00e7\u00e3o, aqui est\u00e1 uma compara\u00e7\u00e3o direta de nossos dois modelos industriais de enfardadores de pneus. As principais diferen\u00e7as est\u00e3o na automa\u00e7\u00e3o, rendimento e investimento inicial.<\/p> <table style=\"border-collapse: collapse; width: 100%;\"> <tbody> <tr> <td style=\"width: 25%;\"><strong>Caracter\u00edstica<\/strong><\/td> <td style=\"width: 25%;\"><strong>Enfardador de Pneus Usados Horizontal<\/strong><\/td> <td style=\"width: 25%;\"><strong>M\u00e1quina Enfardadora de Pneus Vertical<\/strong><\/td> <\/tr> <tr> <td style=\"width: 25%;\"><strong>Ideal para<\/strong><\/td> <td style=\"width: 25%;\">Opera\u00e7\u00f5es Automatizadas de Alto Volume<\/td> <td style=\"width: 25%;\">P\u00e1tios Menores, Startups Econ\u00f4micas<\/td> <\/tr> <tr> <td style=\"width: 25%;\"><strong>Capacidade<\/strong><\/td> <td style=\"width: 25%;\">5 fardos\/h<\/td> <td style=\"width: 25%;\">3-4 fardos\/h<\/td> <\/tr> <tr> <td style=\"width: 25%;\"><strong>N\u00edvel de Automa\u00e7\u00e3o<\/strong><\/td> <td style=\"width: 25%;\">Esteira de Alimenta\u00e7\u00e3o Autom\u00e1tica<\/td> <td style=\"width: 25%;\">Carregamento e Opera\u00e7\u00e3o Manuais<\/td> <\/tr> <tr> <td style=\"width: 25%;\"><strong>Pot\u00eancia Principal\/Motor<\/strong><\/td> <td style=\"width: 25%;\">45 kW<\/td> <td style=\"width: 25%;\">22kW<\/td> <\/tr> <tr> <td style=\"width: 25%;\"><strong>Dimens\u00f5es do Fardo<\/strong><\/td> <td style=\"width: 25%;\">125*125*170 cm(Ajust\u00e1vel)<\/td> <td style=\"width: 25%;\">150*100*120 cm<\/td> <\/tr> <tr> <td style=\"width: 25%;\"><strong>Garantia<\/strong><\/td> <td style=\"width: 25%;\">1 ano gratuito<\/td> <td style=\"width: 25%;\">1 ano gratuito<\/td> <\/tr> <\/tbody> <\/table> <ul> <li><em>Se procura m\u00e1xima efici\u00eancia e automa\u00e7\u00e3o ao lidar com alto rendimento, uma m\u00e1quina de compactar horizontal representa o seu melhor investimento a longo prazo.<\/em><\/li> <li><em>Se tiver espa\u00e7o limitado ou desejar entrar no mercado com custos iniciais m\u00ednimos enquanto alcan\u00e7a capacidades de compress\u00e3o poderosas, uma compactadora vertical de pneus usados oferece um valor incompar\u00e1vel.<\/em><\/li> <\/ul> <h2>Como Funciona a M\u00e1quina de Enfardar Pneus?<\/h2> <p>O processo operacional do enfardador de pneus usados \u00e9 projetado para simplicidade e efici\u00eancia, transformando uma tarefa complexa em um fluxo de trabalho otimizado.<\/p> <ul> <li>Alimenta\u00e7\u00e3o: Os pneus usados s\u00e3o colocados na c\u00e2mara de enfardamento. A c\u00e2mara \u00e9 projetada para comportar v\u00e1rios pneus ao mesmo tempo.<\/li> <li>Compress\u00e3o: O enfardador hidr\u00e1ulico aplica press\u00e3o forte, empurrando o cilindro para baixo para comprimir os pneus camada por camada. Isso evita o rebote e garante opera\u00e7\u00e3o segura.<\/li> <li>Modelagem: Sob a press\u00e3o ajustada, os pneus formam um bloco denso e regular. O tamanho compacto facilita a manipula\u00e7\u00e3o, armazenamento e transporte.<\/li> <li>Amarra\u00e7\u00e3o: O fardo comprimido \u00e9 amarrado com arame de a\u00e7o ou cintas pl\u00e1sticas. Isso mant\u00e9m o bloco de pneus seguro e est\u00e1vel.<\/li> <li>Descarga: Finalmente, o enfardador de pneus usados empurra ou vira o fardo acabado, pronto para remo\u00e7\u00e3o com empilhador ou manual.<\/li> <\/ul> <div id='gallery-3' class='gallery galleryid-17511 gallery-columns-3 gallery-size-full'><figure class='gallery-item'> \t\t\t<div class='gallery-icon landscape'> \t\t\t\t<a href='https:\/\/recyclingequipinc.com\/pt\/?attachment_id=17515'><img loading=\"lazy\" decoding=\"async\" width=\"720\" height=\"540\" src=\"https:\/\/recyclingequipinc.com\/wp-content\/uploads\/2025\/09\/feed-inlet-of-the-waste-tire-baler.webp\" class=\"attachment-full size-full\" alt=\"entrada de alimenta\u00e7\u00e3o do enfardador de pneus usados\" aria-describedby=\"gallery-3-17515\" srcset=\"https:\/\/recyclingequipinc.com\/wp-content\/uploads\/2025\/09\/feed-inlet-of-the-waste-tire-baler.webp 720w, https:\/\/recyclingequipinc.com\/wp-content\/uploads\/2025\/09\/feed-inlet-of-the-waste-tire-baler-300x225.webp 300w, https:\/\/recyclingequipinc.com\/wp-content\/uploads\/2025\/09\/feed-inlet-of-the-waste-tire-baler-16x12.webp 16w\" sizes=\"(max-width: 720px) 100vw, 720px\" \/><\/a> \t\t\t<\/div> \t\t\t\t<figcaption class='wp-caption-text gallery-caption' id='gallery-3-17515'> \t\t\t\tentrada de alimenta\u00e7\u00e3o do enfardador de pneus usados \t\t\t\t<\/figcaption><\/figure><figure class='gallery-item'> \t\t\t<div class='gallery-icon landscape'> \t\t\t\t<a href='https:\/\/recyclingequipinc.com\/pt\/?attachment_id=17520'><img loading=\"lazy\" decoding=\"async\" width=\"720\" height=\"540\" src=\"https:\/\/recyclingequipinc.com\/wp-content\/uploads\/2025\/09\/tire-baling-machine-working.webp\" class=\"attachment-full size-full\" alt=\"m\u00e1quina de enfardar pneus em funcionamento\" aria-describedby=\"gallery-3-17520\" srcset=\"https:\/\/recyclingequipinc.com\/wp-content\/uploads\/2025\/09\/tire-baling-machine-working.webp 720w, https:\/\/recyclingequipinc.com\/wp-content\/uploads\/2025\/09\/tire-baling-machine-working-300x225.webp 300w, https:\/\/recyclingequipinc.com\/wp-content\/uploads\/2025\/09\/tire-baling-machine-working-16x12.webp 16w\" sizes=\"(max-width: 720px) 100vw, 720px\" \/><\/a> \t\t\t<\/div> \t\t\t\t<figcaption class='wp-caption-text gallery-caption' id='gallery-3-17520'> \t\t\t\tm\u00e1quina de enfardar pneus em funcionamento \t\t\t\t<\/figcaption><\/figure> \t\t<\/div>  <h2>Aplica\u00e7\u00f5es: Desbloqueando o Valor de Mercado dos Fardos de Pneus<\/h2> <p>Os fardos de pneus compactados n\u00e3o s\u00e3o res\u00edduos; s\u00e3o uma mercadoria valiosa com dois principais caminhos downstream: Recupera\u00e7\u00e3o de Energia e Recupera\u00e7\u00e3o de Material. Isso garante que voc\u00ea tenha um mercado consistente e diversificado para seu produto.<\/p> <h3><span style=\"font-size: 14pt;\">Recupera\u00e7\u00e3o de Energia<\/span><\/h3> <p>Combust\u00edvel Derivado de Pneus (TDF): Os fardos s\u00e3o uma fonte prim\u00e1ria de combust\u00edvel para fornos de cimento, f\u00e1bricas de celulose e papel, e caldeiras industriais devido ao seu alto valor calor\u00edfico e custo-benef\u00edcio em compara\u00e7\u00e3o com o carv\u00e3o.<\/p> <h3><span style=\"font-size: 14pt;\">Recupera\u00e7\u00e3o de Material<\/span><\/h3> <ul> <li>Mat\u00e9ria-prima para Produ\u00e7\u00e3o de Borracha Granulada: O papel principal da compacta\u00e7\u00e3o aqui \u00e9 reduzir drasticamente os custos de transporte para uma central de processamento. Na f\u00e1brica, os fardos s\u00e3o desatados e os pneus s\u00e3o alimentados em uma <a href=\"https:\/\/recyclingequipinc.com\/pt\/produto\/rubber-powder-production-line\/\">linha completa de reciclagem de pneus<\/a> para serem convertidos em borracha granulado de alto valor, p\u00f3 e a\u00e7o separado.<\/li> <li>Aplica\u00e7\u00f5es em Engenharia Civil: Os fardos tamb\u00e9m s\u00e3o usados diretamente em projetos como material de enchimento leve, perme\u00e1vel e amortecedor de vibra\u00e7\u00f5es para aterros rodovi\u00e1rios, muros de conten\u00e7\u00e3o e constru\u00e7\u00e3o de aterros sanit\u00e1rios.<\/li> <\/ul> <p>&nbsp;<\/p>","protected":false},"excerpt":{"rendered":"<p>Enfardador de Pneus Usados \u00e0 Venda:<\/p> <ul style=\"list-style-type: circle;\"> <li>Enfardamento Automatizado a 5 Fardos por Hora.<\/li> <li>Crie Fardos de 1200 kg para Reduzir Drasticamente os Custos de Envio.<\/li> <li>Solu\u00e7\u00f5es para Cada Escala e Or\u00e7amento.<\/li> <\/ul>","protected":false},"featured_media":17521,"template":"","meta":{"site-sidebar-layout":"default","site-content-layout":"","ast-site-content-layout":"default","site-content-style":"default","site-sidebar-style":"default","ast-global-header-display":"","ast-banner-title-visibility":"","ast-main-header-display":"","ast-hfb-above-header-display":"","ast-hfb-below-header-display":"","ast-hfb-mobile-header-display":"","site-post-title":"","ast-breadcrumbs-content":"","ast-featured-img":"","footer-sml-layout":"","ast-disable-related-posts":"","theme-transparent-header-meta":"default","adv-header-id-meta":"","stick-header-meta":"","header-above-stick-meta":"","header-main-stick-meta":"","header-below-stick-meta":"","astra-migrate-meta-layouts":"set","ast-page-background-enabled":"default","ast-page-background-meta":{"desktop":{"background-color":"","background-image":"","background-repeat":"repeat","background-position":"center center","background-size":"auto","background-attachment":"scroll","background-type":"","background-media":"","overlay-type":"","overlay-color":"","overlay-opacity":"","overlay-gradient":""},"tablet":{"background-color":"","background-image":"","background-repeat":"repeat","background-position":"center center","background-size":"auto","background-attachment":"scroll","background-type":"","background-media":"","overlay-type":"","overlay-color":"","overlay-opacity":"","overlay-gradient":""},"mobile":{"background-color":"","background-image":"","background-repeat":"repeat","background-position":"center center","background-size":"auto","background-attachment":"scroll","background-type":"","background-media":"","overlay-type":"","overlay-color":"","overlay-opacity":"","overlay-gradient":""}},"ast-content-background-meta":{"desktop":{"background-color":"var(--ast-global-color-5)","background-image":"","background-repeat":"repeat","background-position":"center center","background-size":"auto","background-attachment":"scroll","background-type":"","background-media":"","overlay-type":"","overlay-color":"","overlay-opacity":"","overlay-gradient":""},"tablet":{"background-color":"var(--ast-global-color-5)","background-image":"","background-repeat":"repeat","background-position":"center center","background-size":"auto","background-attachment":"scroll","background-type":"","background-media":"","overlay-type":"","overlay-color":"","overlay-opacity":"","overlay-gradient":""},"mobile":{"background-color":"var(--ast-global-color-5)","background-image":"","background-repeat":"repeat","background-position":"center center","background-size":"auto","background-attachment":"scroll","background-type":"","background-media":"","overlay-type":"","overlay-color":"","overlay-opacity":"","overlay-gradient":""}}},"product_brand":[],"product_cat":[128],"product_tag":[],"class_list":{"0":"post-17511","1":"product","2":"type-product","3":"status-publish","4":"has-post-thumbnail","6":"product_cat-tire-recycling-machine","7":"desktop-align-center","8":"tablet-align-center","9":"mobile-align-center","11":"first","12":"instock","13":"shipping-taxable","14":"product-type-simple"},"_links":{"self":[{"href":"https:\/\/recyclingequipinc.com\/pt\/wp-json\/wp\/v2\/product\/17511","targetHints":{"allow":["GET"]}}],"collection":[{"href":"https:\/\/recyclingequipinc.com\/pt\/wp-json\/wp\/v2\/product"}],"about":[{"href":"https:\/\/recyclingequipinc.com\/pt\/wp-json\/wp\/v2\/types\/product"}],"version-history":[{"count":0,"href":"https:\/\/recyclingequipinc.com\/pt\/wp-json\/wp\/v2\/product\/17511\/revisions"}],"wp:featuredmedia":[{"embeddable":true,"href":"https:\/\/recyclingequipinc.com\/pt\/wp-json\/wp\/v2\/media\/17521"}],"wp:attachment":[{"href":"https:\/\/recyclingequipinc.com\/pt\/wp-json\/wp\/v2\/media?parent=17511"}],"wp:term":[{"taxonomy":"product_brand","embeddable":true,"href":"https:\/\/recyclingequipinc.com\/pt\/wp-json\/wp\/v2\/product_brand?post=17511"},{"taxonomy":"product_cat","embeddable":true,"href":"https:\/\/recyclingequipinc.com\/pt\/wp-json\/wp\/v2\/product_cat?post=17511"},{"taxonomy":"product_tag","embeddable":true,"href":"https:\/\/recyclingequipinc.com\/pt\/wp-json\/wp\/v2\/product_tag?post=17511"}],"curies":[{"name":"wp","href":"https:\/\/api.w.org\/{rel}","templated":true}]}}