{"id":17488,"date":"2025-08-25T15:56:44","date_gmt":"2025-08-25T07:56:44","guid":{"rendered":"https:\/\/recyclingequipinc.com\/?post_type=product&#038;p=17488"},"modified":"2025-08-25T15:56:44","modified_gmt":"2025-08-25T07:56:44","slug":"tire-grinding-machine","status":"publish","type":"product","link":"https:\/\/recyclingequipinc.com\/pt\/product\/tire-grinding-machine\/","title":{"rendered":"M\u00e1quina de Rectifica\u00e7\u00e3o de Pneus de Alto Desempenho e Granulador de Borracha"},"content":{"rendered":"<p>Cada pneu de sucata representa um desafio e uma oportunidade. Para as empresas prontas a olhar para al\u00e9m do lixo, existe um valor incr\u00edvel bloqueado dentro dessa borracha. Constru\u00edmos a m\u00e1quina de moagem de pneus que aproveita essa oportunidade. Isto n\u00e3o \u00e9 apenas mais um equipamento; \u00e9 um sistema completo, um potente granulador de borracha concebido para transformar um problema de elimina\u00e7\u00e3o em p\u00f3s de borracha rent\u00e1veis e de alta procura.<\/p> <h2>Da Borracha de Sucata ao Recurso Refinado<\/h2> <p>A jornada de uma pilha de sucata at\u00e9 a sua transforma\u00e7\u00e3o num produto valioso \u00e9 um processo de refina\u00e7\u00e3o. A nossa m\u00e1quina de moagem de pneus est\u00e1 no cora\u00e7\u00e3o dessa transforma\u00e7\u00e3o.<\/p> <ul> <li><strong>O que entra<\/strong>? O sistema foi concebido para lidar com blocos de borracha pr\u00e9-processados, tipicamente entre 30-100mm.<\/li> <li><strong>O que sai<\/strong>? P\u00f3 de borracha puro, uniforme e incrivelmente vers\u00e1til. Voc\u00ea controla a produ\u00e7\u00e3o, podendo gerar gr\u00e2nulos de 5 a 40 malha, prontos para o mercado.<\/li> <\/ul> <p class=\"translation-block\">Claro, n\u00e3o se pode alimentar um pneu de cami\u00e3o inteiro diretamente num triturador. \u00c9 por isso que um sistema completo come\u00e7a frequentemente com uma potente etapa de pr\u00e9-processamento. Se estiver a lidar com pneus de sucata inteiros, a nossa m\u00e1quina trituradora de pneus de alta resist\u00eancia \u00e9 a \"cavalo de batalha\" de que necessita para criar o material de entrada perfeito para esta linha de moagem.<\/p> <div id='gallery-1' class='gallery galleryid-17488 gallery-columns-3 gallery-size-full'><figure class='gallery-item'> \t\t\t<div class='gallery-icon landscape'> \t\t\t\t<a href='https:\/\/recyclingequipinc.com\/pt\/?attachment_id=17502'><img fetchpriority=\"high\" decoding=\"async\" width=\"720\" height=\"540\" src=\"https:\/\/recyclingequipinc.com\/wp-content\/uploads\/2025\/08\/water-tires-under-1.2-m.webp\" class=\"attachment-full size-full\" alt=\"pneus de \u00e1gua com menos de 1.2 m\" aria-describedby=\"gallery-1-17502\" srcset=\"https:\/\/recyclingequipinc.com\/wp-content\/uploads\/2025\/08\/water-tires-under-1.2-m.webp 720w, https:\/\/recyclingequipinc.com\/wp-content\/uploads\/2025\/08\/water-tires-under-1.2-m-300x225.webp 300w, https:\/\/recyclingequipinc.com\/wp-content\/uploads\/2025\/08\/water-tires-under-1.2-m-16x12.webp 16w\" sizes=\"(max-width: 720px) 100vw, 720px\" \/><\/a> \t\t\t<\/div> \t\t\t\t<figcaption class='wp-caption-text gallery-caption' id='gallery-1-17502'> \t\t\t\tpneus de \u00e1gua com menos de 1.2 m \t\t\t\t<\/figcaption><\/figure><figure class='gallery-item'> \t\t\t<div class='gallery-icon landscape'> \t\t\t\t<a href='https:\/\/recyclingequipinc.com\/pt\/?attachment_id=17494'><img decoding=\"async\" width=\"720\" height=\"540\" src=\"https:\/\/recyclingequipinc.com\/wp-content\/uploads\/2025\/08\/fine-tire-powders.webp\" class=\"attachment-full size-full\" alt=\"p\u00f3 de pneus fino\" aria-describedby=\"gallery-1-17494\" srcset=\"https:\/\/recyclingequipinc.com\/wp-content\/uploads\/2025\/08\/fine-tire-powders.webp 720w, https:\/\/recyclingequipinc.com\/wp-content\/uploads\/2025\/08\/fine-tire-powders-300x225.webp 300w, https:\/\/recyclingequipinc.com\/wp-content\/uploads\/2025\/08\/fine-tire-powders-16x12.webp 16w\" sizes=\"(max-width: 720px) 100vw, 720px\" \/><\/a> \t\t\t<\/div> \t\t\t\t<figcaption class='wp-caption-text gallery-caption' id='gallery-1-17494'> \t\t\t\tp\u00f3 de pneus fino \t\t\t\t<\/figcaption><\/figure> \t\t<\/div>  <h2>Por que a Nossa M\u00e1quina de Moagem de Pneus se Destaca?<\/h2> <p>Nesta ind\u00fastria, desempenho e fiabilidade s\u00e3o tudo. Foc\u00e1mos nos detalhes que interessam \u00e0 sua margem de lucro.<\/p> <p class=\"translation-block\">Tudo se resume a Desempenho e Pureza. Primeiro, vamos falar sobre pot\u00eancia e velocidade. Esta n\u00e3o \u00e9 uma m\u00e1quina que apenas faz o trabalho; ela define o ritmo para toda a sua opera\u00e7\u00e3o, com modelos capazes de processar bem mais de 2.000 kg por hora. Mas a velocidade nada \u00e9 sem qualidade. \u00c9 por isso que integramos um processo de separa\u00e7\u00e3o magn\u00e9tica multi-est\u00e1gio. \u00c9 implac\u00e1vel, extraindo mais de 99,9% do fio de a\u00e7o. O resultado? Um p\u00f3 de borracha limpo e isento de metais que comanda um pre\u00e7o mais elevado. Sem compromissos.<\/p> <p class=\"translation-block\"><strong>Constru\u00edda para durar.<\/strong> O tempo de inatividade custa dinheiro. Sabemos disso. Por isso a nossa m\u00e1quina de moagem de pneus \u00e9 constru\u00edda em a\u00e7o de alta espessura e apresenta componentes cr\u00edticos, como as l\u00e2minas do britador, feitas de ligas altamente resistentes ao desgaste. Esta \u00e9 uma m\u00e1quina criada para o desgaste di\u00e1rio, desenhada para opera\u00e7\u00e3o cont\u00ednua em turno ap\u00f3s turno, ano ap\u00f3s ano.<\/p> <div id='gallery-2' class='gallery galleryid-17488 gallery-columns-3 gallery-size-full'><figure class='gallery-item'> \t\t\t<div class='gallery-icon landscape'> \t\t\t\t<a href='https:\/\/recyclingequipinc.com\/pt\/?attachment_id=17499'><img decoding=\"async\" width=\"720\" height=\"540\" src=\"https:\/\/recyclingequipinc.com\/wp-content\/uploads\/2025\/08\/tire-grinding-and-screening-process.webp\" class=\"attachment-full size-full\" alt=\"processo de moagem e peneira\u00e7\u00e3o de pneus\" aria-describedby=\"gallery-2-17499\" srcset=\"https:\/\/recyclingequipinc.com\/wp-content\/uploads\/2025\/08\/tire-grinding-and-screening-process.webp 720w, https:\/\/recyclingequipinc.com\/wp-content\/uploads\/2025\/08\/tire-grinding-and-screening-process-300x225.webp 300w, https:\/\/recyclingequipinc.com\/wp-content\/uploads\/2025\/08\/tire-grinding-and-screening-process-16x12.webp 16w\" sizes=\"(max-width: 720px) 100vw, 720px\" \/><\/a> \t\t\t<\/div> \t\t\t\t<figcaption class='wp-caption-text gallery-caption' id='gallery-2-17499'> \t\t\t\tprocesso de moagem e peneira\u00e7\u00e3o de pneus \t\t\t\t<\/figcaption><\/figure><figure class='gallery-item'> \t\t\t<div class='gallery-icon landscape'> \t\t\t\t<a href='https:\/\/recyclingequipinc.com\/pt\/?attachment_id=17498'><img loading=\"lazy\" decoding=\"async\" width=\"720\" height=\"540\" src=\"https:\/\/recyclingequipinc.com\/wp-content\/uploads\/2025\/08\/SL-560-tire-grinder-for-sale.webp\" class=\"attachment-full size-full\" alt=\"Moedor de pneus SL-560 para venda\" aria-describedby=\"gallery-2-17498\" srcset=\"https:\/\/recyclingequipinc.com\/wp-content\/uploads\/2025\/08\/SL-560-tire-grinder-for-sale.webp 720w, https:\/\/recyclingequipinc.com\/wp-content\/uploads\/2025\/08\/SL-560-tire-grinder-for-sale-300x225.webp 300w, https:\/\/recyclingequipinc.com\/wp-content\/uploads\/2025\/08\/SL-560-tire-grinder-for-sale-16x12.webp 16w\" sizes=\"(max-width: 720px) 100vw, 720px\" \/><\/a> \t\t\t<\/div> \t\t\t\t<figcaption class='wp-caption-text gallery-caption' id='gallery-2-17498'> \t\t\t\tMoedor de pneus SL-560 para venda \t\t\t\t<\/figcaption><\/figure> \t\t<\/div>  <div id='gallery-3' class='gallery galleryid-17488 gallery-columns-3 gallery-size-full'><figure class='gallery-item'> \t\t\t<div class='gallery-icon landscape'> \t\t\t\t<a href='https:\/\/recyclingequipinc.com\/pt\/?attachment_id=17495'><img loading=\"lazy\" decoding=\"async\" width=\"720\" height=\"540\" src=\"https:\/\/recyclingequipinc.com\/wp-content\/uploads\/2025\/08\/main-screen.webp\" class=\"attachment-full size-full\" alt=\"filtro principal\" aria-describedby=\"gallery-3-17495\" srcset=\"https:\/\/recyclingequipinc.com\/wp-content\/uploads\/2025\/08\/main-screen.webp 720w, https:\/\/recyclingequipinc.com\/wp-content\/uploads\/2025\/08\/main-screen-300x225.webp 300w, https:\/\/recyclingequipinc.com\/wp-content\/uploads\/2025\/08\/main-screen-16x12.webp 16w\" sizes=\"(max-width: 720px) 100vw, 720px\" \/><\/a> \t\t\t<\/div> \t\t\t\t<figcaption class='wp-caption-text gallery-caption' id='gallery-3-17495'> \t\t\t\tfiltro principal \t\t\t\t<\/figcaption><\/figure><figure class='gallery-item'> \t\t\t<div class='gallery-icon landscape'> \t\t\t\t<a href='https:\/\/recyclingequipinc.com\/pt\/?attachment_id=17497'><img loading=\"lazy\" decoding=\"async\" width=\"720\" height=\"540\" src=\"https:\/\/recyclingequipinc.com\/wp-content\/uploads\/2025\/08\/screening-fine-steel-wire.webp\" class=\"attachment-full size-full\" alt=\"peneiramento de fio de a\u00e7o fino\" aria-describedby=\"gallery-3-17497\" srcset=\"https:\/\/recyclingequipinc.com\/wp-content\/uploads\/2025\/08\/screening-fine-steel-wire.webp 720w, https:\/\/recyclingequipinc.com\/wp-content\/uploads\/2025\/08\/screening-fine-steel-wire-300x225.webp 300w, https:\/\/recyclingequipinc.com\/wp-content\/uploads\/2025\/08\/screening-fine-steel-wire-16x12.webp 16w\" sizes=\"(max-width: 720px) 100vw, 720px\" \/><\/a> \t\t\t<\/div> \t\t\t\t<figcaption class='wp-caption-text gallery-caption' id='gallery-3-17497'> \t\t\t\tpeneiramento de fio de a\u00e7o fino \t\t\t\t<\/figcaption><\/figure> \t\t<\/div>  <h2>Um Olhar por Dentro: O Processo de Moagem e Purifica\u00e7\u00e3o<\/h2> <p>Compreender como funciona o granulador de borracha revela a engenharia inteligente por detr\u00e1s da sua efici\u00eancia. Vamos percorrer o processo, que \u00e9 totalmente automatizado para minimizar a m\u00e3o de obra e maximizar a produ\u00e7\u00e3o.<\/p> <ol> <li>Alimenta\u00e7\u00e3o e Moagem: Come\u00e7a no Alimentador Principal, que entrega blocos de pneus ao Triturador de Borracha. \u00c9 aqui que o trabalho pesado acontece, \u00e0 medida que os blocos s\u00e3o aparados e mo\u00eddos em part\u00edculas menores.<\/li> <li>Dimensionamento e Classifica\u00e7\u00e3o: A mistura \u00e9 ent\u00e3o enviada para o Ecr\u00e3 Vibrat\u00f3rio Principal. Pense nele como o especialista em controlo de qualidade do sistema. As part\u00edculas do tamanho correto passam. Tudo o que for demasiado grande \u00e9 automaticamente enviado de volta para o britador para outra passagem. \u00c9 um sistema de ciclo fechado que garante a consist\u00eancia.<\/li> <li>Purifica\u00e7\u00e3o: Em seguida, o material flui sobre os Separadores Magn\u00e9ticos Bruto e Fino. Estes fortes \u00edmanes s\u00e3o cruciais, removendo com efici\u00eancia cada fibra de a\u00e7o.<\/li> <li>Polimento Final: uma Tela Vibrat\u00f3ria Vise tem uma \u00faltima verifica\u00e7\u00e3o, garantindo que o p\u00f3 de borracha final cumpra exatamente a sua especifica\u00e7\u00e3o de malha antes de seguir para a Sa\u00edda.<\/li> <\/ol> <div id='gallery-4' class='gallery galleryid-17488 gallery-columns-3 gallery-size-full'><figure class='gallery-item'> \t\t\t<div class='gallery-icon landscape'> \t\t\t\t<a href='https:\/\/recyclingequipinc.com\/pt\/?attachment_id=17496'><img loading=\"lazy\" decoding=\"async\" width=\"720\" height=\"540\" src=\"https:\/\/recyclingequipinc.com\/wp-content\/uploads\/2025\/08\/Overview-of-the-rubber-powder-making-plant.webp\" class=\"attachment-full size-full\" alt=\"Vis\u00e3o geral da planta de fabrica\u00e7\u00e3o de p\u00f3 de borracha\" aria-describedby=\"gallery-4-17496\" srcset=\"https:\/\/recyclingequipinc.com\/wp-content\/uploads\/2025\/08\/Overview-of-the-rubber-powder-making-plant.webp 720w, https:\/\/recyclingequipinc.com\/wp-content\/uploads\/2025\/08\/Overview-of-the-rubber-powder-making-plant-300x225.webp 300w, https:\/\/recyclingequipinc.com\/wp-content\/uploads\/2025\/08\/Overview-of-the-rubber-powder-making-plant-16x12.webp 16w\" sizes=\"(max-width: 720px) 100vw, 720px\" \/><\/a> \t\t\t<\/div> \t\t\t\t<figcaption class='wp-caption-text gallery-caption' id='gallery-4-17496'> \t\t\t\tVis\u00e3o geral da planta de fabrica\u00e7\u00e3o de p\u00f3 de borracha \t\t\t\t<\/figcaption><\/figure><figure class='gallery-item'> \t\t\t<div class='gallery-icon landscape'> \t\t\t\t<a href='https:\/\/recyclingequipinc.com\/pt\/?attachment_id=17501'><img loading=\"lazy\" decoding=\"async\" width=\"720\" height=\"540\" src=\"https:\/\/recyclingequipinc.com\/wp-content\/uploads\/2025\/08\/tire-grinding-machines.webp\" class=\"attachment-full size-full\" alt=\"moinhos de moagem de pneus\" aria-describedby=\"gallery-4-17501\" srcset=\"https:\/\/recyclingequipinc.com\/wp-content\/uploads\/2025\/08\/tire-grinding-machines.webp 720w, https:\/\/recyclingequipinc.com\/wp-content\/uploads\/2025\/08\/tire-grinding-machines-300x225.webp 300w, https:\/\/recyclingequipinc.com\/wp-content\/uploads\/2025\/08\/tire-grinding-machines-16x12.webp 16w\" sizes=\"(max-width: 720px) 100vw, 720px\" \/><\/a> \t\t\t<\/div> \t\t\t\t<figcaption class='wp-caption-text gallery-caption' id='gallery-4-17501'> \t\t\t\tmoinhos de moagem de pneus \t\t\t\t<\/figcaption><\/figure> \t\t<\/div>  <h2>Especifica\u00e7\u00f5es T\u00e9cnicas de Moinho de Pneus \u00e0 Venda: Encontre o Seu Ajuste Perfeito<\/h2> <p>As suas necessidades de produ\u00e7\u00e3o s\u00e3o \u00fanicas. \u00c9 por isso que oferecemos uma gama completa de modelos. Quer seja uma startup ou uma instala\u00e7\u00e3o de reciclagem em grande escala, existe uma m\u00e1quina de produ\u00e7\u00e3o de p\u00f3 de borracha na nossa linha que foi constru\u00edda para si.<\/p> <table style=\"width: 100%; border-collapse: collapse; height: 294px;\"> <tbody> <tr style=\"height: 82px;\"> <td style=\"width: 14.2857%; height: 82px;\">Modelo<\/td> <td style=\"width: 14.2857%; height: 82px;\">carater\u00edstica-chave<\/td> <td style=\"width: 14.2857%; height: 82px;\">Sa\u00edda: Malha 10 (kg\/h)<\/td> <td style=\"width: 14.2857%; height: 82px;\">Sa\u00edda: Malha 20 (kg\/h)<\/td> <td style=\"width: 14.2857%; height: 82px;\">Sa\u00edda: Malha 30 (kg\/h)<\/td> <td style=\"width: 14.2857%; height: 82px;\">Sa\u00edda: Malha 40 (kg\/h)<\/td> <\/tr> <tr style=\"height: 53px;\"> <td style=\"width: 14.2857%; height: 53px;\">SL-350<\/td> <td style=\"width: 14.2857%; height: 53px;\">Compacto &amp; Eficiente<\/td> <td style=\"width: 14.2857%; height: 53px;\">250-300<\/td> <td style=\"width: 14.2857%; height: 53px;\">180-230<\/td> <td style=\"width: 14.2857%; height: 53px;\">150-210<\/td> <td style=\"width: 14.2857%; height: 53px;\">80-120<\/td> <\/tr> <tr style=\"height: 53px;\"> <td style=\"width: 14.2857%; height: 53px;\">SL-400<\/td> <td style=\"width: 14.2857%; height: 53px;\">Desempenho Equilibrado<\/td> <td style=\"width: 14.2857%; height: 53px;\">400-500<\/td> <td style=\"width: 14.2857%; height: 53px;\">300-350<\/td> <td style=\"width: 14.2857%; height: 53px;\">240-280<\/td> <td style=\"width: 14.2857%; height: 53px;\">150-175<\/td> <\/tr> <tr style=\"height: 53px;\"> <td style=\"width: 14.2857%; height: 53px;\">SL-450<\/td> <td style=\"width: 14.2857%; height: 53px;\">Mais Popular<\/td> <td style=\"width: 14.2857%; height: 53px;\">500-600<\/td> <td style=\"width: 14.2857%; height: 53px;\">400-500<\/td> <td style=\"width: 14.2857%; height: 53px;\">350-450<\/td> <td style=\"width: 14.2857%; height: 53px;\">300-350<\/td> <\/tr> <tr style=\"height: 53px;\"> <td style=\"width: 14.2857%; height: 53px;\">SL-560<\/td> <td style=\"width: 14.2857%; height: 53px;\">Alta Vaz\u00e3o<\/td> <td style=\"width: 14.2857%; height: 53px;\">900-1000<\/td> <td style=\"width: 14.2857%; height: 53px;\">600-700<\/td> <td style=\"width: 14.2857%; height: 53px;\">450-550<\/td> <td style=\"width: 14.2857%; height: 53px;\">300-350<\/td> <\/tr> <tr> <td style=\"width: 14.2857%;\">SL-560D<\/td> <td style=\"width: 14.2857%;\">Capacidade Ampliada<\/td> <td style=\"width: 14.2857%;\">1500-1600<\/td> <td style=\"width: 14.2857%;\">1200-1300<\/td> <td style=\"width: 14.2857%;\">1000-1100<\/td> <td style=\"width: 14.2857%;\">800-900<\/td> <\/tr> <tr> <td style=\"width: 14.2857%;\">SL-600<\/td> <td style=\"width: 14.2857%;\">Desempenho M\u00e1ximo<\/td> <td style=\"width: 14.2857%;\">2100-2300<\/td> <td style=\"width: 14.2857%;\">1600-1700<\/td> <td style=\"width: 14.2857%;\">1200-1300<\/td> <td style=\"width: 14.2857%;\">900-1000<\/td> <\/tr> <\/tbody> <\/table> <h2>Pronto para Construir o Seu Neg\u00f3cio de Reciclagem de Pneus?<\/h2> <p>Os n\u00fameros falam por si. A engenharia \u00e9 s\u00f3lida. A \u00fanica pe\u00e7a em falta \u00e9 o seu neg\u00f3cio. Se leva a s\u00e9rio a transforma\u00e7\u00e3o de pneus de sucata num empreendimento rent\u00e1vel, vamos conversar.<\/p> <p>Contacte a nossa equipa hoje mesmo. Ajudaremos a configurar a m\u00e1quina de moagem de pneus perfeita para os seus objetivos e forneceremos um or\u00e7amento detalhado e sem compromisso!<\/p>","protected":false},"excerpt":{"rendered":"<p>Transforme pneus usados em p\u00f3 de borracha de alta pureza. Os nossos sistemas robustos e eficientes desbloqueiam nova rentabilidade e impulsionam uma economia circular sustent\u00e1vel para o seu neg\u00f3cio.<\/p>","protected":false},"featured_media":17500,"template":"","meta":{"site-sidebar-layout":"default","site-content-layout":"","ast-site-content-layout":"default","site-content-style":"default","site-sidebar-style":"default","ast-global-header-display":"","ast-banner-title-visibility":"","ast-main-header-display":"","ast-hfb-above-header-display":"","ast-hfb-below-header-display":"","ast-hfb-mobile-header-display":"","site-post-title":"","ast-breadcrumbs-content":"","ast-featured-img":"","footer-sml-layout":"","ast-disable-related-posts":"","theme-transparent-header-meta":"default","adv-header-id-meta":"","stick-header-meta":"","header-above-stick-meta":"","header-main-stick-meta":"","header-below-stick-meta":"","astra-migrate-meta-layouts":"set","ast-page-background-enabled":"default","ast-page-background-meta":{"desktop":{"background-color":"","background-image":"","background-repeat":"repeat","background-position":"center center","background-size":"auto","background-attachment":"scroll","background-type":"","background-media":"","overlay-type":"","overlay-color":"","overlay-opacity":"","overlay-gradient":""},"tablet":{"background-color":"","background-image":"","background-repeat":"repeat","background-position":"center center","background-size":"auto","background-attachment":"scroll","background-type":"","background-media":"","overlay-type":"","overlay-color":"","overlay-opacity":"","overlay-gradient":""},"mobile":{"background-color":"","background-image":"","background-repeat":"repeat","background-position":"center center","background-size":"auto","background-attachment":"scroll","background-type":"","background-media":"","overlay-type":"","overlay-color":"","overlay-opacity":"","overlay-gradient":""}},"ast-content-background-meta":{"desktop":{"background-color":"var(--ast-global-color-5)","background-image":"","background-repeat":"repeat","background-position":"center center","background-size":"auto","background-attachment":"scroll","background-type":"","background-media":"","overlay-type":"","overlay-color":"","overlay-opacity":"","overlay-gradient":""},"tablet":{"background-color":"var(--ast-global-color-5)","background-image":"","background-repeat":"repeat","background-position":"center center","background-size":"auto","background-attachment":"scroll","background-type":"","background-media":"","overlay-type":"","overlay-color":"","overlay-opacity":"","overlay-gradient":""},"mobile":{"background-color":"var(--ast-global-color-5)","background-image":"","background-repeat":"repeat","background-position":"center center","background-size":"auto","background-attachment":"scroll","background-type":"","background-media":"","overlay-type":"","overlay-color":"","overlay-opacity":"","overlay-gradient":""}}},"product_brand":[],"product_cat":[128],"product_tag":[],"class_list":{"0":"post-17488","1":"product","2":"type-product","3":"status-publish","4":"has-post-thumbnail","6":"product_cat-tire-recycling-machine","7":"desktop-align-center","8":"tablet-align-center","9":"mobile-align-center","11":"first","12":"instock","13":"shipping-taxable","14":"product-type-simple"},"_links":{"self":[{"href":"https:\/\/recyclingequipinc.com\/pt\/wp-json\/wp\/v2\/product\/17488","targetHints":{"allow":["GET"]}}],"collection":[{"href":"https:\/\/recyclingequipinc.com\/pt\/wp-json\/wp\/v2\/product"}],"about":[{"href":"https:\/\/recyclingequipinc.com\/pt\/wp-json\/wp\/v2\/types\/product"}],"version-history":[{"count":0,"href":"https:\/\/recyclingequipinc.com\/pt\/wp-json\/wp\/v2\/product\/17488\/revisions"}],"wp:featuredmedia":[{"embeddable":true,"href":"https:\/\/recyclingequipinc.com\/pt\/wp-json\/wp\/v2\/media\/17500"}],"wp:attachment":[{"href":"https:\/\/recyclingequipinc.com\/pt\/wp-json\/wp\/v2\/media?parent=17488"}],"wp:term":[{"taxonomy":"product_brand","embeddable":true,"href":"https:\/\/recyclingequipinc.com\/pt\/wp-json\/wp\/v2\/product_brand?post=17488"},{"taxonomy":"product_cat","embeddable":true,"href":"https:\/\/recyclingequipinc.com\/pt\/wp-json\/wp\/v2\/product_cat?post=17488"},{"taxonomy":"product_tag","embeddable":true,"href":"https:\/\/recyclingequipinc.com\/pt\/wp-json\/wp\/v2\/product_tag?post=17488"}],"curies":[{"name":"wp","href":"https:\/\/api.w.org\/{rel}","templated":true}]}}