{"id":17454,"date":"2025-08-11T15:34:22","date_gmt":"2025-08-11T07:34:22","guid":{"rendered":"https:\/\/recyclingequipinc.com\/?post_type=product&#038;p=17454"},"modified":"2025-08-11T15:34:23","modified_gmt":"2025-08-11T07:34:23","slug":"gantry-shear","status":"publish","type":"product","link":"https:\/\/recyclingequipinc.com\/pt\/product\/gantry-shear\/","title":{"rendered":"Cortador de P\u00f3rtico de Alta Resist\u00eancia para Corte de Sucata Met\u00e1lica"},"content":{"rendered":"<p data-start=\"544\" data-end=\"908\">A guilhotina de p\u00f3rtico hidr\u00e1ulica \u00e9 um equipamento essencial para instala\u00e7\u00f5es de reciclagem de sucata met\u00e1lica, sider\u00fargicas e estaleiros de desmontagem. Concebida para o corte pesado de perfis de a\u00e7o longos, vigas, chapas e sucata mista, a guilhotina de p\u00f3rtico Shuliy combina uma poderosa for\u00e7a de corte com um controlo hidr\u00e1ulico robusto, garantindo um desempenho est\u00e1vel, preciso e eficiente.<\/p> <p data-start=\"910\" data-end=\"1293\" class=\"translation-block\">As nossas m\u00e1quinas est\u00e3o dispon\u00edveis em diferentes capacidades para satisfazer diversas necessidades de produ\u00e7\u00e3o, oferecendo for\u00e7as de corte de <strong data-start=\"1024\" data-end=\"1049\">500 toneladas a 1000 toneladas<\/strong>, todas operando a uma press\u00e3o hidr\u00e1ulica m\u00e1xima de <strong data-start=\"1100\" data-end=\"1110\">28 MPa<\/strong>. Quer esteja a manusear sucata leve ou a\u00e7o industrial de grandes dimens\u00f5es, a guilhotina de p\u00f3rtico hidr\u00e1ulica da Shuliy foi concebida para proporcionar resultados consistentes, reduzindo ao mesmo tempo o tempo de manuseamento manual.<\/p> <div class=\"ast-oembed-container\" style=\"height: 100%;\"><iframe title=\"Guilhotina de P\u00f3rtico Industrial: Cortes Limpos, Pot\u00eancia Massiva\" width=\"500\" height=\"281\" src=\"https:\/\/www.youtube.com\/embed\/zOlqZY1smic?feature=oembed\" frameborder=\"0\" allow=\"accelerometer; autoplay; clipboard-write; encrypted-media; gyroscope; picture-in-picture; web-share\" referrerpolicy=\"strict-origin-when-cross-origin\" allowfullscreen><\/iframe><\/div> <h2>Mat\u00e9rias-Primas e Produtos Acabados da Guilhotina de P\u00f3rtico<\/h2> <p data-start=\"32\" data-end=\"518\">A nossa gama de guilhotinas de p\u00f3rtico oferece v\u00e1rias op\u00e7\u00f5es de modelos para se adequar a diferentes requisitos de produ\u00e7\u00e3o: manuseia uma vasta gama de materiais ferrosos, incluindo chapas de a\u00e7o pesadas, barras de a\u00e7o redondas e quadradas, perfis de a\u00e7o (vigas em H, perfis em U, perfis em L), carro\u00e7arias de sucata de ve\u00edculos e sucata de constru\u00e7\u00e3o. O potente sistema hidr\u00e1ulico garante uma elevada for\u00e7a de corte e um desempenho consistente, fornecendo sec\u00e7\u00f5es de a\u00e7o cortadas uniformemente, pe\u00e7as de metal prontas a fundir para a produ\u00e7\u00e3o de a\u00e7o e tamanhos de sucata otimizados para facilitar o transporte e a fundi\u00e7\u00e3o.<\/p> <p data-start=\"520\" data-end=\"894\">Esta vers\u00e1til guilhotina de p\u00f3rtico hidr\u00e1ulica \u00e9 amplamente utilizada em centros de reciclagem de sucata met\u00e1lica, sider\u00fargicas e fundi\u00e7\u00f5es, estaleiros de desmantelamento de navios, processamento de res\u00edduos de constru\u00e7\u00e3o e demoli\u00e7\u00e3o, e instala\u00e7\u00f5es de reciclagem de autom\u00f3veis. Ao otimizar o processo de corte, melhora significativamente a efici\u00eancia, reduz o manuseamento manual e maximiza o valor dos metais reciclados.<\/p> <figure id=\"attachment_17466\" aria-describedby=\"caption-attachment-17466\" style=\"width: 720px\" class=\"wp-caption aligncenter\"><img fetchpriority=\"high\" decoding=\"async\" class=\"wp-image-17466 size-full\" src=\"https:\/\/recyclingequipinc.com\/wp-content\/uploads\/2025\/08\/raw-materials-of-the-scrap-metal-shear.webp\" alt=\"mat\u00e9rias-primas da guilhotina de sucata met\u00e1lica\" width=\"720\" height=\"540\" srcset=\"https:\/\/recyclingequipinc.com\/wp-content\/uploads\/2025\/08\/raw-materials-of-the-scrap-metal-shear.webp 720w, https:\/\/recyclingequipinc.com\/wp-content\/uploads\/2025\/08\/raw-materials-of-the-scrap-metal-shear-300x225.webp 300w, https:\/\/recyclingequipinc.com\/wp-content\/uploads\/2025\/08\/raw-materials-of-the-scrap-metal-shear-16x12.webp 16w\" sizes=\"(max-width: 720px) 100vw, 720px\" \/><figcaption id=\"caption-attachment-17466\" class=\"wp-caption-text\">mat\u00e9rias-primas da guilhotina de sucata met\u00e1lica<\/figcaption><\/figure> <h2>Porqu\u00ea Escolher a Nossa Guilhotina de P\u00f3rtico Hidr\u00e1ulica?<\/h2> <ul> <li data-start=\"2385\" data-end=\"2507\"><strong data-start=\"2385\" data-end=\"2424\">M\u00faltiplos Modelos para Diferentes Cargas: <\/strong>Escolha entre os modelos de 500T, 630T, 800T e 1000T para corresponder \u00e0 sua escala de produ\u00e7\u00e3o.<\/li> <li data-start=\"2511\" data-end=\"2628\"><strong data-start=\"2511\" data-end=\"2530\">Alta efici\u00eancia: <\/strong>Frequ\u00eancia de corte ajust\u00e1vel (3-5 vezes\/min) permite otimiza\u00e7\u00e3o para v\u00e1rias densidades de sucata.<\/li> <li data-start=\"2632\" data-end=\"2732\"><strong data-start=\"2632\" data-end=\"2650\">Caixa de Alimenta\u00e7\u00e3o Grande: <\/strong>Manuseia materiais de grandes dimens\u00f5es sem pr\u00e9-processamento, melhorando a velocidade do fluxo de trabalho.<\/li> <li data-start=\"2736\" data-end=\"2847\"><strong data-start=\"2736\" data-end=\"2763\">Sistema Hidr\u00e1ulico Est\u00e1vel: <\/strong>Sa\u00edda consistente de alta press\u00e3o garante opera\u00e7\u00e3o suave e longa vida \u00fatil.<\/li> <li data-start=\"2851\" data-end=\"2959\"><strong data-start=\"2851\" data-end=\"2879\">L\u00e2minas de Corte de Precis\u00e3o: <\/strong>L\u00e2minas resistentes ao desgaste e de alta resist\u00eancia proporcionam cortes limpos e minimizam o desperd\u00edcio.<\/li> <li data-start=\"2963\" data-end=\"3058\"><strong data-start=\"2963\" data-end=\"2978\">Versatilidade: <\/strong>Adequado para vigas, chapas, vergalh\u00f5es, a\u00e7o quadrado e redondo, e sucata mista.<\/li> <li data-start=\"3062\" data-end=\"3175\"><strong data-start=\"3062\" data-end=\"3086\">Design de Economia de Energia: <\/strong>Circuito hidr\u00e1ulico otimizado reduz o consumo de energia, mantendo o desempenho.<\/li> <li data-start=\"3179\" data-end=\"3273\"><strong data-start=\"3179\" data-end=\"3205\">Padr\u00e3o Internacional: <\/strong>Projetado para corresponder aos requisitos de tens\u00e3o e frequ\u00eancia em todo o mundo.<\/li> <\/ul> <figure id=\"attachment_17468\" aria-describedby=\"caption-attachment-17468\" style=\"width: 540px\" class=\"wp-caption aligncenter\"><img decoding=\"async\" class=\"wp-image-17468 size-full\" src=\"https:\/\/recyclingequipinc.com\/wp-content\/uploads\/2025\/08\/Various-application-scenarios-of-gantry-shears.webp\" alt=\"V\u00e1rios cen\u00e1rios de aplica\u00e7\u00e3o de guilhotinas de p\u00f3rtico\" width=\"540\" height=\"540\" srcset=\"https:\/\/recyclingequipinc.com\/wp-content\/uploads\/2025\/08\/Various-application-scenarios-of-gantry-shears.webp 540w, https:\/\/recyclingequipinc.com\/wp-content\/uploads\/2025\/08\/Various-application-scenarios-of-gantry-shears-300x300.webp 300w, https:\/\/recyclingequipinc.com\/wp-content\/uploads\/2025\/08\/Various-application-scenarios-of-gantry-shears-150x150.webp 150w, https:\/\/recyclingequipinc.com\/wp-content\/uploads\/2025\/08\/Various-application-scenarios-of-gantry-shears-12x12.webp 12w, https:\/\/recyclingequipinc.com\/wp-content\/uploads\/2025\/08\/Various-application-scenarios-of-gantry-shears-100x100.webp 100w\" sizes=\"(max-width: 540px) 100vw, 540px\" \/><figcaption id=\"caption-attachment-17468\" class=\"wp-caption-text\">V\u00e1rios cen\u00e1rios de aplica\u00e7\u00e3o de guilhotinas de p\u00f3rtico<\/figcaption><\/figure> <h2>Par\u00e2metros T\u00e9cnicos das Guilhotinas de Sucata Met\u00e1lica<\/h2> <p>A nossa gama de guilhotinas de p\u00f3rtico oferece v\u00e1rias op\u00e7\u00f5es de modelos para se adequar a diferentes requisitos de produ\u00e7\u00e3o:<\/p> <ul> <li>For\u00e7a de Corte: 500-1000 toneladas<\/li> <li>For\u00e7a de Fixa\u00e7\u00e3o: 85-344 toneladas<\/li> <li>Tamanho da Caixa de Alimenta\u00e7\u00e3o: Comprimento at\u00e9 8000 mm * Largura 1900 mm * Profundidade 1200 mm<\/li> <li>Press\u00e3o Hidr\u00e1ulica: M\u00e1x. 28 MPa<\/li> <li>Frequ\u00eancia de Corte: Ajust\u00e1vel, 3-5 cursos por minuto<\/li> <li>Compatibilidade de Materiais: Barras redondas, perfis de a\u00e7o quadrados, chapas de a\u00e7o de espessura significativa<\/li> <\/ul> <p>O design da grande caixa de alimenta\u00e7\u00e3o acomoda sucata longa e irregular, enquanto a velocidade de corte ajust\u00e1vel oferece flexibilidade tanto para necessidades de corte de alto volume quanto de precis\u00e3o.<\/p> <div id='gallery-1' class='gallery galleryid-17454 gallery-columns-3 gallery-size-full'><figure class='gallery-item'> \t\t\t<div class='gallery-icon landscape'> \t\t\t\t<a href='https:\/\/recyclingequipinc.com\/pt\/?attachment_id=17467'><img decoding=\"async\" width=\"720\" height=\"540\" src=\"https:\/\/recyclingequipinc.com\/wp-content\/uploads\/2025\/08\/scrap-metal-shear-machine.webp\" class=\"attachment-full size-full\" alt=\"m\u00e1quina de corte de sucata met\u00e1lica\" aria-describedby=\"gallery-1-17467\" srcset=\"https:\/\/recyclingequipinc.com\/wp-content\/uploads\/2025\/08\/scrap-metal-shear-machine.webp 720w, https:\/\/recyclingequipinc.com\/wp-content\/uploads\/2025\/08\/scrap-metal-shear-machine-300x225.webp 300w, https:\/\/recyclingequipinc.com\/wp-content\/uploads\/2025\/08\/scrap-metal-shear-machine-16x12.webp 16w\" sizes=\"(max-width: 720px) 100vw, 720px\" \/><\/a> \t\t\t<\/div> \t\t\t\t<figcaption class='wp-caption-text gallery-caption' id='gallery-1-17467'> \t\t\t\tm\u00e1quina de corte de sucata met\u00e1lica \t\t\t\t<\/figcaption><\/figure><figure class='gallery-item'> \t\t\t<div class='gallery-icon landscape'> \t\t\t\t<a href='https:\/\/recyclingequipinc.com\/pt\/?attachment_id=17464'><img loading=\"lazy\" decoding=\"async\" width=\"720\" height=\"540\" src=\"https:\/\/recyclingequipinc.com\/wp-content\/uploads\/2025\/08\/hydrualic-gantry-shear-in-the-factory.webp\" class=\"attachment-full size-full\" alt=\"guilhotina de p\u00f3rtico hidr\u00e1ulica na f\u00e1brica\" aria-describedby=\"gallery-1-17464\" srcset=\"https:\/\/recyclingequipinc.com\/wp-content\/uploads\/2025\/08\/hydrualic-gantry-shear-in-the-factory.webp 720w, https:\/\/recyclingequipinc.com\/wp-content\/uploads\/2025\/08\/hydrualic-gantry-shear-in-the-factory-300x225.webp 300w, https:\/\/recyclingequipinc.com\/wp-content\/uploads\/2025\/08\/hydrualic-gantry-shear-in-the-factory-16x12.webp 16w\" sizes=\"(max-width: 720px) 100vw, 720px\" \/><\/a> \t\t\t<\/div> \t\t\t\t<figcaption class='wp-caption-text gallery-caption' id='gallery-1-17464'> \t\t\t\tguilhotina de p\u00f3rtico hidr\u00e1ulica na f\u00e1brica \t\t\t\t<\/figcaption><\/figure> \t\t<\/div>  <h2>Princ\u00edpio de Funcionamento da Guilhotina de P\u00f3rtico Shuliy<\/h2> <ul> <li>Alimenta\u00e7\u00e3o de Material: A sucata met\u00e1lica \u00e9 carregada na grande caixa de material (at\u00e9 8000\u00d71900\u00d71200mm) por grua, transportador ou carregador.<\/li> <li>Posicionamento e Fixa\u00e7\u00e3o: Cilindros de press\u00e3o hidr\u00e1ulica (at\u00e9 344T) movem-se para pressionar firmemente a sucata, impedindo o deslocamento do material durante o corte.<\/li> <li>Descida da L\u00e2mina e Corte: Os cilindros de corte principais (500T\u20131000T) acionam a l\u00e2mina superior para descer com alta for\u00e7a, cortando a sucata contra a l\u00e2mina inferior fixa.<\/li> <li>Curso de Retorno: Ap\u00f3s cada corte, a l\u00e2mina retrai automaticamente para a posi\u00e7\u00e3o inicial para a pr\u00f3xima opera\u00e7\u00e3o.<\/li> <li>Corte Cont\u00ednuo: Com uma frequ\u00eancia de corte ajust\u00e1vel (3\u20135 vezes por minuto), a guilhotina de p\u00f3rtico pode processar sucata continuamente para alta produ\u00e7\u00e3o.<\/li> <li>Descarga de Pe\u00e7as Acabadas: O metal cortado \u00e9 empurrado ou cai numa \u00e1rea de recolha, pronto para transporte ou processamento posterior.<\/li> <\/ul> <h2>Conclus\u00e3o<\/h2> <p>As guilhotinas de p\u00f3rtico Shuliy foram instaladas com sucesso em sucateiras em \u00c1frica, Sudeste Asi\u00e1tico, Europa Oriental e M\u00e9dio Oriente. Os clientes relatam aumento da capacidade de processamento, redu\u00e7\u00e3o dos custos de m\u00e3o de obra e maior valor da sucata ap\u00f3s a ado\u00e7\u00e3o das nossas solu\u00e7\u00f5es de guilhotina de p\u00f3rtico hidr\u00e1ulica.<\/p> <p class=\"translation-block\">Se procura uma guilhotina de p\u00f3rtico dur\u00e1vel, de alta capacidade e eficiente para reciclagem de sucata met\u00e1lica, a Shuliy oferece a solu\u00e7\u00e3o certa. Com design robusto, forte for\u00e7a de corte e suporte global p\u00f3s-venda, as nossas guilhotinas s\u00e3o confi\u00e1veis por empresas de reciclagem em todo o mundo. Al\u00e9m disso, tamb\u00e9m fornecemos <a href=\"https:\/\/recyclingequipinc.com\/pt\/categoria-produto\/industrial-baler\/\">prensa enfardadeira de sucata met\u00e1lica<\/a>.<\/p> <div id='gallery-2' class='gallery galleryid-17454 gallery-columns-3 gallery-size-full'><figure class='gallery-item'> \t\t\t<div class='gallery-icon landscape'> \t\t\t\t<a href='https:\/\/recyclingequipinc.com\/pt\/?attachment_id=17463'><img loading=\"lazy\" decoding=\"async\" width=\"720\" height=\"540\" src=\"https:\/\/recyclingequipinc.com\/wp-content\/uploads\/2025\/08\/gantry-shear-for-metal-recycling-exported-to-Saudi-Arabia.webp\" class=\"attachment-full size-full\" alt=\"guilhotina de p\u00f3rtico para reciclagem de metais exportada para a Ar\u00e1bia Saudita\" aria-describedby=\"gallery-2-17463\" srcset=\"https:\/\/recyclingequipinc.com\/wp-content\/uploads\/2025\/08\/gantry-shear-for-metal-recycling-exported-to-Saudi-Arabia.webp 720w, https:\/\/recyclingequipinc.com\/wp-content\/uploads\/2025\/08\/gantry-shear-for-metal-recycling-exported-to-Saudi-Arabia-300x225.webp 300w, https:\/\/recyclingequipinc.com\/wp-content\/uploads\/2025\/08\/gantry-shear-for-metal-recycling-exported-to-Saudi-Arabia-16x12.webp 16w\" sizes=\"(max-width: 720px) 100vw, 720px\" \/><\/a> \t\t\t<\/div> \t\t\t\t<figcaption class='wp-caption-text gallery-caption' id='gallery-2-17463'> \t\t\t\tguilhotina de p\u00f3rtico para reciclagem de metais exportada para a Ar\u00e1bia Saudita \t\t\t\t<\/figcaption><\/figure><figure class='gallery-item'> \t\t\t<div class='gallery-icon landscape'> \t\t\t\t<a href='https:\/\/recyclingequipinc.com\/pt\/?attachment_id=17465'><img loading=\"lazy\" decoding=\"async\" width=\"720\" height=\"540\" src=\"https:\/\/recyclingequipinc.com\/wp-content\/uploads\/2025\/08\/Installation-site-of-the-metal-shear.webp\" class=\"attachment-full size-full\" alt=\"Local de instala\u00e7\u00e3o da guilhotina de metal\" aria-describedby=\"gallery-2-17465\" srcset=\"https:\/\/recyclingequipinc.com\/wp-content\/uploads\/2025\/08\/Installation-site-of-the-metal-shear.webp 720w, https:\/\/recyclingequipinc.com\/wp-content\/uploads\/2025\/08\/Installation-site-of-the-metal-shear-300x225.webp 300w, https:\/\/recyclingequipinc.com\/wp-content\/uploads\/2025\/08\/Installation-site-of-the-metal-shear-16x12.webp 16w\" sizes=\"(max-width: 720px) 100vw, 720px\" \/><\/a> \t\t\t<\/div> \t\t\t\t<figcaption class='wp-caption-text gallery-caption' id='gallery-2-17465'> \t\t\t\tLocal de instala\u00e7\u00e3o da guilhotina de metal \t\t\t\t<\/figcaption><\/figure> \t\t<\/div>","protected":false},"excerpt":{"rendered":"<p>A guilhotina de p\u00f3rtico hidr\u00e1ulica Shuliy foi concebida para corte r\u00e1pido, preciso e pesado de sucata met\u00e1lica. Com potentes cilindros hidr\u00e1ulicos, grande capacidade de corte e l\u00e2minas dur\u00e1veis, aumenta a efici\u00eancia da reciclagem para sider\u00fargicas, sucateiros e locais de demoli\u00e7\u00e3o.<\/p>","protected":false},"featured_media":17469,"template":"","meta":{"site-sidebar-layout":"default","site-content-layout":"","ast-site-content-layout":"default","site-content-style":"default","site-sidebar-style":"default","ast-global-header-display":"","ast-banner-title-visibility":"","ast-main-header-display":"","ast-hfb-above-header-display":"","ast-hfb-below-header-display":"","ast-hfb-mobile-header-display":"","site-post-title":"","ast-breadcrumbs-content":"","ast-featured-img":"","footer-sml-layout":"","ast-disable-related-posts":"","theme-transparent-header-meta":"default","adv-header-id-meta":"","stick-header-meta":"","header-above-stick-meta":"","header-main-stick-meta":"","header-below-stick-meta":"","astra-migrate-meta-layouts":"set","ast-page-background-enabled":"default","ast-page-background-meta":{"desktop":{"background-color":"","background-image":"","background-repeat":"repeat","background-position":"center center","background-size":"auto","background-attachment":"scroll","background-type":"","background-media":"","overlay-type":"","overlay-color":"","overlay-opacity":"","overlay-gradient":""},"tablet":{"background-color":"","background-image":"","background-repeat":"repeat","background-position":"center center","background-size":"auto","background-attachment":"scroll","background-type":"","background-media":"","overlay-type":"","overlay-color":"","overlay-opacity":"","overlay-gradient":""},"mobile":{"background-color":"","background-image":"","background-repeat":"repeat","background-position":"center center","background-size":"auto","background-attachment":"scroll","background-type":"","background-media":"","overlay-type":"","overlay-color":"","overlay-opacity":"","overlay-gradient":""}},"ast-content-background-meta":{"desktop":{"background-color":"var(--ast-global-color-5)","background-image":"","background-repeat":"repeat","background-position":"center center","background-size":"auto","background-attachment":"scroll","background-type":"","background-media":"","overlay-type":"","overlay-color":"","overlay-opacity":"","overlay-gradient":""},"tablet":{"background-color":"var(--ast-global-color-5)","background-image":"","background-repeat":"repeat","background-position":"center center","background-size":"auto","background-attachment":"scroll","background-type":"","background-media":"","overlay-type":"","overlay-color":"","overlay-opacity":"","overlay-gradient":""},"mobile":{"background-color":"var(--ast-global-color-5)","background-image":"","background-repeat":"repeat","background-position":"center center","background-size":"auto","background-attachment":"scroll","background-type":"","background-media":"","overlay-type":"","overlay-color":"","overlay-opacity":"","overlay-gradient":""}}},"product_brand":[],"product_cat":[131],"product_tag":[],"class_list":{"0":"post-17454","1":"product","2":"type-product","3":"status-publish","4":"has-post-thumbnail","6":"product_cat-metal-recycling-machine","7":"desktop-align-center","8":"tablet-align-center","9":"mobile-align-center","11":"first","12":"instock","13":"shipping-taxable","14":"product-type-simple"},"_links":{"self":[{"href":"https:\/\/recyclingequipinc.com\/pt\/wp-json\/wp\/v2\/product\/17454","targetHints":{"allow":["GET"]}}],"collection":[{"href":"https:\/\/recyclingequipinc.com\/pt\/wp-json\/wp\/v2\/product"}],"about":[{"href":"https:\/\/recyclingequipinc.com\/pt\/wp-json\/wp\/v2\/types\/product"}],"version-history":[{"count":0,"href":"https:\/\/recyclingequipinc.com\/pt\/wp-json\/wp\/v2\/product\/17454\/revisions"}],"wp:featuredmedia":[{"embeddable":true,"href":"https:\/\/recyclingequipinc.com\/pt\/wp-json\/wp\/v2\/media\/17469"}],"wp:attachment":[{"href":"https:\/\/recyclingequipinc.com\/pt\/wp-json\/wp\/v2\/media?parent=17454"}],"wp:term":[{"taxonomy":"product_brand","embeddable":true,"href":"https:\/\/recyclingequipinc.com\/pt\/wp-json\/wp\/v2\/product_brand?post=17454"},{"taxonomy":"product_cat","embeddable":true,"href":"https:\/\/recyclingequipinc.com\/pt\/wp-json\/wp\/v2\/product_cat?post=17454"},{"taxonomy":"product_tag","embeddable":true,"href":"https:\/\/recyclingequipinc.com\/pt\/wp-json\/wp\/v2\/product_tag?post=17454"}],"curies":[{"name":"wp","href":"https:\/\/api.w.org\/{rel}","templated":true}]}}