{"id":17439,"date":"2025-08-04T15:07:01","date_gmt":"2025-08-04T07:07:01","guid":{"rendered":"https:\/\/recyclingequipinc.com\/?post_type=product&#038;p=17439"},"modified":"2025-08-04T15:07:01","modified_gmt":"2025-08-04T07:07:01","slug":"tire-debeader-machine","status":"publish","type":"product","link":"https:\/\/recyclingequipinc.com\/pt\/product\/tire-debeader-machine\/","title":{"rendered":"M\u00e1quina Descaro\u00e7adora de Pneus \u00e0 Venda"},"content":{"rendered":"<p>Os pneus usados cont\u00eam uma quantidade significativa de a\u00e7o embutido, o que os torna dif\u00edceis de triturar diretamente. Usar uma m\u00e1quina despoletadora de pneus para remover o aro de a\u00e7o permite a separa\u00e7\u00e3o e reciclagem eficientes de materiais valiosos, al\u00e9m de aumentar a efici\u00eancia geral do processamento e o retorno econ\u00f4mico. A Shuliy oferece uma variedade de m\u00e1quinas de desenhar fios de pneus que s\u00e3o adequadas para pneus padr\u00e3o (900\u20131.200 mm) e pneus OTR grandes (1.800\u20134.000 mm).<\/p> <div id='gallery-1' class='gallery galleryid-17439 gallery-columns-3 gallery-size-full'><figure class='gallery-item'> \t\t\t<div class='gallery-icon landscape'> \t\t\t\t<a href='https:\/\/recyclingequipinc.com\/pt\/?attachment_id=17450'><img fetchpriority=\"high\" decoding=\"async\" width=\"720\" height=\"540\" src=\"https:\/\/recyclingequipinc.com\/wp-content\/uploads\/2025\/08\/single-hook-tire-wire-removal-machine.webp\" class=\"attachment-full size-full\" alt=\"m\u00e1quina de remo\u00e7\u00e3o de fio de pneu com gancho \u00fanico\" aria-describedby=\"gallery-1-17450\" srcset=\"https:\/\/recyclingequipinc.com\/wp-content\/uploads\/2025\/08\/single-hook-tire-wire-removal-machine.webp 720w, https:\/\/recyclingequipinc.com\/wp-content\/uploads\/2025\/08\/single-hook-tire-wire-removal-machine-300x225.webp 300w, https:\/\/recyclingequipinc.com\/wp-content\/uploads\/2025\/08\/single-hook-tire-wire-removal-machine-16x12.webp 16w\" sizes=\"(max-width: 720px) 100vw, 720px\" \/><\/a> \t\t\t<\/div> \t\t\t\t<figcaption class='wp-caption-text gallery-caption' id='gallery-1-17450'> \t\t\t\tm\u00e1quina de remo\u00e7\u00e3o de fio de pneu com gancho \u00fanico \t\t\t\t<\/figcaption><\/figure><figure class='gallery-item'> \t\t\t<div class='gallery-icon landscape'> \t\t\t\t<a href='https:\/\/recyclingequipinc.com\/pt\/?attachment_id=17448'><img decoding=\"async\" width=\"720\" height=\"540\" src=\"https:\/\/recyclingequipinc.com\/wp-content\/uploads\/2025\/08\/powerful-tire-debeader-for-sale.webp\" class=\"attachment-full size-full\" alt=\"debedor de pneus potente \u00e0 venda\" aria-describedby=\"gallery-1-17448\" srcset=\"https:\/\/recyclingequipinc.com\/wp-content\/uploads\/2025\/08\/powerful-tire-debeader-for-sale.webp 720w, https:\/\/recyclingequipinc.com\/wp-content\/uploads\/2025\/08\/powerful-tire-debeader-for-sale-300x225.webp 300w, https:\/\/recyclingequipinc.com\/wp-content\/uploads\/2025\/08\/powerful-tire-debeader-for-sale-16x12.webp 16w\" sizes=\"(max-width: 720px) 100vw, 720px\" \/><\/a> \t\t\t<\/div> \t\t\t\t<figcaption class='wp-caption-text gallery-caption' id='gallery-1-17448'> \t\t\t\tdebedor de pneus potente \u00e0 venda \t\t\t\t<\/figcaption><\/figure><figure class='gallery-item'> \t\t\t<div class='gallery-icon landscape'> \t\t\t\t<a href='https:\/\/recyclingequipinc.com\/pt\/?attachment_id=17445'><img decoding=\"async\" width=\"720\" height=\"540\" src=\"https:\/\/recyclingequipinc.com\/wp-content\/uploads\/2025\/08\/OTR-tire-debeader-machine.webp\" class=\"attachment-full size-full\" alt=\"M\u00e1quina descaro\u00e7adora de pneus OTR\" aria-describedby=\"gallery-1-17445\" srcset=\"https:\/\/recyclingequipinc.com\/wp-content\/uploads\/2025\/08\/OTR-tire-debeader-machine.webp 720w, https:\/\/recyclingequipinc.com\/wp-content\/uploads\/2025\/08\/OTR-tire-debeader-machine-300x225.webp 300w, https:\/\/recyclingequipinc.com\/wp-content\/uploads\/2025\/08\/OTR-tire-debeader-machine-16x12.webp 16w\" sizes=\"(max-width: 720px) 100vw, 720px\" \/><\/a> \t\t\t<\/div> \t\t\t\t<figcaption class='wp-caption-text gallery-caption' id='gallery-1-17445'> \t\t\t\tM\u00e1quina descaro\u00e7adora de pneus OTR \t\t\t\t<\/figcaption><\/figure> \t\t<\/div>  <h2>Principais caracter\u00edsticas da nossa m\u00e1quina de despoletar pneus \u00e0 venda<\/h2> <ul> <li>Estrutura robusta, de grau industrial, para uso a longo prazo<\/li> <li>Controle hidr\u00e1ulico de alta precis\u00e3o e mecanismo de gancho<\/li> <li>F\u00e1cil manuten\u00e7\u00e3o e design amig\u00e1vel para o operador<\/li> <li>Modelos dispon\u00edveis para pneus padr\u00e3o e extra grandes<\/li> <li>Entrega r\u00e1pida e suporte t\u00e9cnico em todo o mundo<\/li> <\/ul> <div id='gallery-2' class='gallery galleryid-17439 gallery-columns-3 gallery-size-full'><figure class='gallery-item'> \t\t\t<div class='gallery-icon landscape'> \t\t\t\t<a href='https:\/\/recyclingequipinc.com\/pt\/?attachment_id=17444'><img loading=\"lazy\" decoding=\"async\" width=\"720\" height=\"540\" src=\"https:\/\/recyclingequipinc.com\/wp-content\/uploads\/2025\/08\/Effect-of-the-tire-debeader.webp\" class=\"attachment-full size-full\" alt=\"Efeito do despalpador de pneus\" aria-describedby=\"gallery-2-17444\" srcset=\"https:\/\/recyclingequipinc.com\/wp-content\/uploads\/2025\/08\/Effect-of-the-tire-debeader.webp 720w, https:\/\/recyclingequipinc.com\/wp-content\/uploads\/2025\/08\/Effect-of-the-tire-debeader-300x225.webp 300w, https:\/\/recyclingequipinc.com\/wp-content\/uploads\/2025\/08\/Effect-of-the-tire-debeader-16x12.webp 16w\" sizes=\"(max-width: 720px) 100vw, 720px\" \/><\/a> \t\t\t<\/div> \t\t\t\t<figcaption class='wp-caption-text gallery-caption' id='gallery-2-17444'> \t\t\t\tEfeito do despalpador de pneus \t\t\t\t<\/figcaption><\/figure><figure class='gallery-item'> \t\t\t<div class='gallery-icon landscape'> \t\t\t\t<a href='https:\/\/recyclingequipinc.com\/pt\/?attachment_id=17449'><img loading=\"lazy\" decoding=\"async\" width=\"720\" height=\"540\" src=\"https:\/\/recyclingequipinc.com\/wp-content\/uploads\/2025\/08\/removed-steel-wires.webp\" class=\"attachment-full size-full\" alt=\"fios de a\u00e7o removidos\" aria-describedby=\"gallery-2-17449\" srcset=\"https:\/\/recyclingequipinc.com\/wp-content\/uploads\/2025\/08\/removed-steel-wires.webp 720w, https:\/\/recyclingequipinc.com\/wp-content\/uploads\/2025\/08\/removed-steel-wires-300x225.webp 300w, https:\/\/recyclingequipinc.com\/wp-content\/uploads\/2025\/08\/removed-steel-wires-16x12.webp 16w\" sizes=\"(max-width: 720px) 100vw, 720px\" \/><\/a> \t\t\t<\/div> \t\t\t\t<figcaption class='wp-caption-text gallery-caption' id='gallery-2-17449'> \t\t\t\tfios de a\u00e7o removidos \t\t\t\t<\/figcaption><\/figure> \t\t<\/div>  <h2>Par\u00e2metros e diferen\u00e7as das v\u00e1rias m\u00e1quinas de remo\u00e7\u00e3o de fios de pneus<\/h2> <table style=\"border-collapse: collapse; width: 100%;\"> <tbody> <tr> <td style=\"width: 16.6667%;\">Modelo<\/td> <td style=\"width: 16.6667%;\">M\u00e1quina despalpadora de pneus de gancho \u00fanico<\/td> <td style=\"width: 16.6667%;\">M\u00e1quina despalpadora de pneus de gancho duplo<\/td> <td style=\"width: 16.6667%;\">M\u00e1quina de Desenho de Fios para Pneus OTR<\/td> <\/tr> <tr> <td style=\"width: 16.6667%;\">Quantidade de Ganchos<\/td> <td style=\"width: 16.6667%;\">1<\/td> <td style=\"width: 16.6667%;\">2<\/td> <td style=\"width: 16.6667%;\">1 gancho refor\u00e7ado de alta resist\u00eancia<\/td> <\/tr> <tr> <td style=\"width: 16.6667%;\">Tamanho do Pneus de Aplica\u00e7\u00e3o<\/td> <td style=\"width: 16.6667%;\">900-1200 mm<\/td> <td style=\"width: 16.6667%;\">900-1200 mm<\/td> <td style=\"width: 16.6667%;\">1800-4000 mm<\/td> <\/tr> <tr> <td style=\"width: 16.6667%;\">Princ\u00edpio de Funcionamento<\/td> <td style=\"width: 16.6667%;\">Puxa o fio de um lado<\/td> <td style=\"width: 16.6667%;\">Puxa fios de a\u00e7o de ambos os lados<\/td> <td style=\"width: 16.6667%;\">Remove an\u00e9is de a\u00e7o extremamente grossos de pneus OTR grandes<\/td> <\/tr> <tr> <td style=\"width: 16.6667%;\">Capacidade<\/td> <td style=\"width: 16.6667%;\">20-30 pneus\/h<\/td> <td style=\"width: 16.6667%;\">40-50 pneus\/h<\/td> <td style=\"width: 16.6667%;\">30 puxadas\/h<\/td> <\/tr> <tr> <td style=\"width: 16.6667%;\">Poder<\/td> <td style=\"width: 16.6667%;\">11 KW<\/td> <td style=\"width: 16.6667%;\">18,5 KW<\/td> <td style=\"width: 16.6667%;\">22+3 KW<\/td> <\/tr> <tr> <td style=\"width: 16.6667%;\">Caracter\u00edstica da Estrutura<\/td> <td style=\"width: 16.6667%;\">Compacto<\/td> <td style=\"width: 16.6667%;\">Compacto<\/td> <td style=\"width: 16.6667%;\">Estrutura extra-grande e sistema hidr\u00e1ulico<\/td> <\/tr> <tr> <td style=\"width: 16.6667%;\">M\u00e9todo de carga de pneus<\/td> <td style=\"width: 16.6667%;\">Manual ou semi-autom\u00e1tico<\/td> <td style=\"width: 16.6667%;\">Manual ou semi-autom\u00e1tico<\/td> <td style=\"width: 16.6667%;\">Empilhadeira ou dispositivo de i\u00e7amento<\/td> <\/tr> <tr> <td style=\"width: 16.6667%;\">Usu\u00e1rios-alvo<\/td> <td style=\"width: 16.6667%;\">Pequenas linhas de reciclagem<\/td> <td style=\"width: 16.6667%;\">Linhas de reciclagem m\u00e9dias<\/td> <td style=\"width: 16.6667%;\">Instala\u00e7\u00f5es de reciclagem OTR de alta resist\u00eancia<\/td> <\/tr> <\/tbody> <\/table> <div id='gallery-3' class='gallery galleryid-17439 gallery-columns-3 gallery-size-full'><figure class='gallery-item'> \t\t\t<div class='gallery-icon landscape'> \t\t\t\t<a href='https:\/\/recyclingequipinc.com\/pt\/?attachment_id=17451'><img loading=\"lazy\" decoding=\"async\" width=\"720\" height=\"540\" src=\"https:\/\/recyclingequipinc.com\/wp-content\/uploads\/2025\/08\/standard-tire-debeader-machine.webp\" class=\"attachment-full size-full\" alt=\"M\u00e1quina desmanteladora de pneus padr\u00e3o\" aria-describedby=\"gallery-3-17451\" srcset=\"https:\/\/recyclingequipinc.com\/wp-content\/uploads\/2025\/08\/standard-tire-debeader-machine.webp 720w, https:\/\/recyclingequipinc.com\/wp-content\/uploads\/2025\/08\/standard-tire-debeader-machine-300x225.webp 300w, https:\/\/recyclingequipinc.com\/wp-content\/uploads\/2025\/08\/standard-tire-debeader-machine-16x12.webp 16w\" sizes=\"(max-width: 720px) 100vw, 720px\" \/><\/a> \t\t\t<\/div> \t\t\t\t<figcaption class='wp-caption-text gallery-caption' id='gallery-3-17451'> \t\t\t\tM\u00e1quina desmanteladora de pneus padr\u00e3o \t\t\t\t<\/figcaption><\/figure><figure class='gallery-item'> \t\t\t<div class='gallery-icon landscape'> \t\t\t\t<a href='https:\/\/recyclingequipinc.com\/pt\/?attachment_id=17443'><img loading=\"lazy\" decoding=\"async\" width=\"720\" height=\"540\" src=\"https:\/\/recyclingequipinc.com\/wp-content\/uploads\/2025\/08\/double-single-tire-debeader-machine.webp\" class=\"attachment-full size-full\" alt=\"M\u00e1quina desmanteladora de pneus dupla e simples\" aria-describedby=\"gallery-3-17443\" srcset=\"https:\/\/recyclingequipinc.com\/wp-content\/uploads\/2025\/08\/double-single-tire-debeader-machine.webp 720w, https:\/\/recyclingequipinc.com\/wp-content\/uploads\/2025\/08\/double-single-tire-debeader-machine-300x225.webp 300w, https:\/\/recyclingequipinc.com\/wp-content\/uploads\/2025\/08\/double-single-tire-debeader-machine-16x12.webp 16w\" sizes=\"(max-width: 720px) 100vw, 720px\" \/><\/a> \t\t\t<\/div> \t\t\t\t<figcaption class='wp-caption-text gallery-caption' id='gallery-3-17443'> \t\t\t\tM\u00e1quina desmanteladora de pneus dupla e simples \t\t\t\t<\/figcaption><\/figure> \t\t<\/div>  <div id='gallery-4' class='gallery galleryid-17439 gallery-columns-3 gallery-size-full'><figure class='gallery-item'> \t\t\t<div class='gallery-icon portrait'> \t\t\t\t<a href='https:\/\/recyclingequipinc.com\/pt\/?attachment_id=17446'><img loading=\"lazy\" decoding=\"async\" width=\"540\" height=\"720\" src=\"https:\/\/recyclingequipinc.com\/wp-content\/uploads\/2025\/08\/OTR-tire-steel-wire-drawing-machine.webp\" class=\"attachment-full size-full\" alt=\"M\u00e1quina de desenrolar fio de a\u00e7o para pneus OTR\" aria-describedby=\"gallery-4-17446\" srcset=\"https:\/\/recyclingequipinc.com\/wp-content\/uploads\/2025\/08\/OTR-tire-steel-wire-drawing-machine.webp 540w, https:\/\/recyclingequipinc.com\/wp-content\/uploads\/2025\/08\/OTR-tire-steel-wire-drawing-machine-225x300.webp 225w, https:\/\/recyclingequipinc.com\/wp-content\/uploads\/2025\/08\/OTR-tire-steel-wire-drawing-machine-9x12.webp 9w\" sizes=\"(max-width: 540px) 100vw, 540px\" \/><\/a> \t\t\t<\/div> \t\t\t\t<figcaption class='wp-caption-text gallery-caption' id='gallery-4-17446'> \t\t\t\tM\u00e1quina de desenrolar fio de a\u00e7o para pneus OTR \t\t\t\t<\/figcaption><\/figure><figure class='gallery-item'> \t\t\t<div class='gallery-icon portrait'> \t\t\t\t<a href='https:\/\/recyclingequipinc.com\/pt\/?attachment_id=17447'><img loading=\"lazy\" decoding=\"async\" width=\"540\" height=\"720\" src=\"https:\/\/recyclingequipinc.com\/wp-content\/uploads\/2025\/08\/OTR-tyre-debeading-machine.webp\" class=\"attachment-full size-full\" alt=\"M\u00e1quina de desmonte de pneus OTR\" aria-describedby=\"gallery-4-17447\" srcset=\"https:\/\/recyclingequipinc.com\/wp-content\/uploads\/2025\/08\/OTR-tyre-debeading-machine.webp 540w, https:\/\/recyclingequipinc.com\/wp-content\/uploads\/2025\/08\/OTR-tyre-debeading-machine-225x300.webp 225w, https:\/\/recyclingequipinc.com\/wp-content\/uploads\/2025\/08\/OTR-tyre-debeading-machine-9x12.webp 9w\" sizes=\"(max-width: 540px) 100vw, 540px\" \/><\/a> \t\t\t<\/div> \t\t\t\t<figcaption class='wp-caption-text gallery-caption' id='gallery-4-17447'> \t\t\t\tM\u00e1quina de desmonte de pneus OTR \t\t\t\t<\/figcaption><\/figure> \t\t<\/div>  <p>A m\u00e1quina de desbeadagem de pneus OTR \u00e9 equipada com um \u00fanico gancho hidr\u00e1ulico refor\u00e7ado, projetado especificamente para remover a borda de a\u00e7o extremamente espessa de pneus grandes fora de estrada (OTR), tipicamente com di\u00e2metros que variam de 1800 a 4000 mm. Embora tecnicamente tenha apenas um gancho, este gancho \u00e9 significativamente maior, mais forte e constru\u00eddo para for\u00e7a de grau industrial\u2014ao contr\u00e1rio dos ganchos padr\u00e3o em desbeadadores pequenos.<\/p> <p>Em compara\u00e7\u00e3o, os desmoldadores de gancho simples e duplo s\u00e3o feitos para pneus de carros, caminh\u00f5es e \u00f4nibus regulares (900\u20131200 mm). Eles s\u00e3o compactos, mais f\u00e1ceis de mover e projetados para opera\u00e7\u00f5es em menor escala. O modelo de gancho duplo aumenta a efici\u00eancia ao lidar com ambos os lados do pneu ao mesmo tempo, enquanto o modelo OTR foca na for\u00e7a e estabilidade para pneus oversized e de alta resist\u00eancia.<\/p> <h2>Como funciona a m\u00e1quina removedora de bordas de pneus?<\/h2> <p>Todas as nossas m\u00e1quinas de desmonte de pneus seguem um princ\u00edpio de funcionamento semelhante, com algumas varia\u00e7\u00f5es com base no tipo de modelo. O processo t\u00edpico de opera\u00e7\u00e3o inclui:<\/p> <ol> <li>Carregamento de Pneus: O pneu usado \u00e9 colocado manual ou mecanicamente na mesa de trabalho ou bra\u00e7o de suporte da m\u00e1quina. Modelos padr\u00e3o (gancho simples\/duplo) suportam carregamento manual. O modelo OTR requer um empilhador ou guincho devido ao tamanho do pneu.<\/li> <li><span style=\"font-size: 16px;\">Apertar e Posicionar: <\/span><span style=\"font-size: 16px;\">O pneu \u00e9 preso firmemente pela press\u00e3o hidr\u00e1ulica para evitar movimento durante a extra\u00e7\u00e3o.<\/span><\/li> <li>Inser\u00e7\u00e3o do Gancho: Um gancho hidr\u00e1ulico \u00e9 inserido na \u00e1rea do tal\u00e3o do pneu para capturar o fio de a\u00e7o embutido. O modelo de gancho \u00fanico trabalha de um lado de cada vez. O modelo de gancho duplo trabalha em ambos os lados simultaneamente. O modelo OTR utiliza um gancho refor\u00e7ado para tal\u00f5es de a\u00e7o espessos.<\/li> <li>Extra\u00e7\u00e3o de Fios: O gancho \u00e9 puxado para fora pelo cilindro hidr\u00e1ulico, desenhando suavemente o anel de a\u00e7o.<\/li> <li>Descarregamento e Repeti\u00e7\u00e3o: O pneu (agora sem a\u00e7o) \u00e9 liberado e removido. O processo \u00e9 repetido para o pr\u00f3ximo pneu.<\/li> <\/ol> <h2>Sa\u00edda da m\u00e1quina extratora de fios de pneus<\/h2> <p>Ap\u00f3s a extra\u00e7\u00e3o do fio, obt\u00eam-se duas sa\u00eddas: o fio de a\u00e7o e o corpo de borracha do pneu sem o a\u00e7o. Cada um tem caracter\u00edsticas e usos distintos:<\/p> <ul> <li><strong>Fio de A\u00e7o da Bead:<\/strong> An\u00e9is de a\u00e7o de alta resist\u00eancia, com m\u00faltiplos la\u00e7os e m\u00ednimo res\u00edduo de borracha. Podem ser vendidos diretamente a sider\u00fargicas para remeltagem ou usados como combust\u00edvel industrial alternativo em algumas aplica\u00e7\u00f5es.<\/li> <li><strong style=\"font-size: 16px;\">Corpo de Pneus de Borracha:<\/strong> <span style=\"font-size: 16px;\">Uma vez que o a\u00e7o \u00e9 removido, o pneu pode ser processado ainda mais com um <a href=\"https:\/\/recyclingequipinc.com\/pt\/produto\/hydraulic-tire-cutter\/\">m\u00e1quina de corte de pneus<\/a>, <a href=\"https:\/\/recyclingequipinc.com\/pt\/produto\/tire-rubber-shredder-for-sale\/\">triturador de pneus<\/a>, e granulador de borracha. Para pneus OTR grandes, o desmonte OTR pode ser emparelhado com um cortador de pneus OTR para um pr\u00e9-tratamento eficiente.<\/span><\/li> <\/ul> <h2>M\u00e1quina Descaro\u00e7adora de Pneus \u00e0 Venda<\/h2> <p>A Shuliy Machinery est\u00e1 comprometida em fornecer m\u00e1quinas de desmonte de pneus dur\u00e1veis e de alto desempenho para empresas de reciclagem em todo o mundo. Quer voc\u00ea esteja lidando com pneus de passageiros padr\u00e3o ou pneus gigantes OTR, temos uma solu\u00e7\u00e3o adaptada \u00e0s suas necessidades. Entre em contato com nossa equipe agora para obter um or\u00e7amento e consulta gratuitos. N\u00f3s o ajudaremos a escolher o modelo certo e forneceremos total suporte t\u00e9cnico para instala\u00e7\u00e3o e opera\u00e7\u00e3o.<\/p>","protected":false},"excerpt":{"rendered":"<p>A Shuliy oferece uma variedade de m\u00e1quinas para remo\u00e7\u00e3o de fios de pneus, incluindo modelos de gancho simples e duplo, bem como m\u00e1quinas espec\u00edficas para pneus OTR. Estas m\u00e1quinas removem eficientemente an\u00e9is de fio de a\u00e7o e melhoram a efici\u00eancia da reciclagem.<\/p>","protected":false},"featured_media":17445,"template":"","meta":{"site-sidebar-layout":"default","site-content-layout":"","ast-site-content-layout":"default","site-content-style":"default","site-sidebar-style":"default","ast-global-header-display":"","ast-banner-title-visibility":"","ast-main-header-display":"","ast-hfb-above-header-display":"","ast-hfb-below-header-display":"","ast-hfb-mobile-header-display":"","site-post-title":"","ast-breadcrumbs-content":"","ast-featured-img":"","footer-sml-layout":"","ast-disable-related-posts":"","theme-transparent-header-meta":"default","adv-header-id-meta":"","stick-header-meta":"","header-above-stick-meta":"","header-main-stick-meta":"","header-below-stick-meta":"","astra-migrate-meta-layouts":"set","ast-page-background-enabled":"default","ast-page-background-meta":{"desktop":{"background-color":"","background-image":"","background-repeat":"repeat","background-position":"center center","background-size":"auto","background-attachment":"scroll","background-type":"","background-media":"","overlay-type":"","overlay-color":"","overlay-opacity":"","overlay-gradient":""},"tablet":{"background-color":"","background-image":"","background-repeat":"repeat","background-position":"center center","background-size":"auto","background-attachment":"scroll","background-type":"","background-media":"","overlay-type":"","overlay-color":"","overlay-opacity":"","overlay-gradient":""},"mobile":{"background-color":"","background-image":"","background-repeat":"repeat","background-position":"center center","background-size":"auto","background-attachment":"scroll","background-type":"","background-media":"","overlay-type":"","overlay-color":"","overlay-opacity":"","overlay-gradient":""}},"ast-content-background-meta":{"desktop":{"background-color":"var(--ast-global-color-5)","background-image":"","background-repeat":"repeat","background-position":"center center","background-size":"auto","background-attachment":"scroll","background-type":"","background-media":"","overlay-type":"","overlay-color":"","overlay-opacity":"","overlay-gradient":""},"tablet":{"background-color":"var(--ast-global-color-5)","background-image":"","background-repeat":"repeat","background-position":"center center","background-size":"auto","background-attachment":"scroll","background-type":"","background-media":"","overlay-type":"","overlay-color":"","overlay-opacity":"","overlay-gradient":""},"mobile":{"background-color":"var(--ast-global-color-5)","background-image":"","background-repeat":"repeat","background-position":"center center","background-size":"auto","background-attachment":"scroll","background-type":"","background-media":"","overlay-type":"","overlay-color":"","overlay-opacity":"","overlay-gradient":""}}},"product_brand":[],"product_cat":[128],"product_tag":[],"class_list":{"0":"post-17439","1":"product","2":"type-product","3":"status-publish","4":"has-post-thumbnail","6":"product_cat-tire-recycling-machine","7":"desktop-align-center","8":"tablet-align-center","9":"mobile-align-center","11":"first","12":"instock","13":"shipping-taxable","14":"product-type-simple"},"_links":{"self":[{"href":"https:\/\/recyclingequipinc.com\/pt\/wp-json\/wp\/v2\/product\/17439","targetHints":{"allow":["GET"]}}],"collection":[{"href":"https:\/\/recyclingequipinc.com\/pt\/wp-json\/wp\/v2\/product"}],"about":[{"href":"https:\/\/recyclingequipinc.com\/pt\/wp-json\/wp\/v2\/types\/product"}],"version-history":[{"count":0,"href":"https:\/\/recyclingequipinc.com\/pt\/wp-json\/wp\/v2\/product\/17439\/revisions"}],"wp:featuredmedia":[{"embeddable":true,"href":"https:\/\/recyclingequipinc.com\/pt\/wp-json\/wp\/v2\/media\/17445"}],"wp:attachment":[{"href":"https:\/\/recyclingequipinc.com\/pt\/wp-json\/wp\/v2\/media?parent=17439"}],"wp:term":[{"taxonomy":"product_brand","embeddable":true,"href":"https:\/\/recyclingequipinc.com\/pt\/wp-json\/wp\/v2\/product_brand?post=17439"},{"taxonomy":"product_cat","embeddable":true,"href":"https:\/\/recyclingequipinc.com\/pt\/wp-json\/wp\/v2\/product_cat?post=17439"},{"taxonomy":"product_tag","embeddable":true,"href":"https:\/\/recyclingequipinc.com\/pt\/wp-json\/wp\/v2\/product_tag?post=17439"}],"curies":[{"name":"wp","href":"https:\/\/api.w.org\/{rel}","templated":true}]}}