{"id":17417,"date":"2025-07-28T14:06:42","date_gmt":"2025-07-28T06:06:42","guid":{"rendered":"https:\/\/recyclingequipinc.com\/?post_type=product&#038;p=17417"},"modified":"2025-07-30T17:14:12","modified_gmt":"2025-07-30T09:14:12","slug":"hydraulic-tire-cutter","status":"publish","type":"product","link":"https:\/\/recyclingequipinc.com\/pt\/product\/hydraulic-tire-cutter\/","title":{"rendered":"Cortador de Pneus Hidr\u00e1ulico para Pneus de Lixo de 900-4000 mm"},"content":{"rendered":"<p>Nas opera\u00e7\u00f5es modernas de reciclagem de pneus, o primeiro passo para transformar pneus descartados em recursos valiosos \u00e9 cort\u00e1-los em peda\u00e7os manej\u00e1veis. A Shuliy Machinery oferece duas solu\u00e7\u00f5es robustas com sua s\u00e9rie de cortadores de pneus hidr\u00e1ulicos, projetadas para processar tanto pneus regulares (900-1200 mm) quanto pneus OTR grandes (1400-4000 mm). Se voc\u00ea est\u00e1 lidando com pneus de carro descartados ou pneus industriais enormes, nossas m\u00e1quinas oferecem cortes limpos e precisos que agilizam os processos subsequentes.<\/p> <div id='gallery-1' class='gallery galleryid-17417 gallery-columns-3 gallery-size-full'><figure class='gallery-item'> \t\t\t<div class='gallery-icon landscape'> \t\t\t\t<a href='https:\/\/recyclingequipinc.com\/pt\/?attachment_id=17422'><img fetchpriority=\"high\" decoding=\"async\" width=\"720\" height=\"540\" src=\"https:\/\/recyclingequipinc.com\/wp-content\/uploads\/2025\/07\/complete-waste-tires.webp\" class=\"attachment-full size-full\" alt=\"pneus descartados completos\" aria-describedby=\"gallery-1-17422\" srcset=\"https:\/\/recyclingequipinc.com\/wp-content\/uploads\/2025\/07\/complete-waste-tires.webp 720w, https:\/\/recyclingequipinc.com\/wp-content\/uploads\/2025\/07\/complete-waste-tires-300x225.webp 300w, https:\/\/recyclingequipinc.com\/wp-content\/uploads\/2025\/07\/complete-waste-tires-16x12.webp 16w\" sizes=\"(max-width: 720px) 100vw, 720px\" \/><\/a> \t\t\t<\/div> \t\t\t\t<figcaption class='wp-caption-text gallery-caption' id='gallery-1-17422'> \t\t\t\tpneus descartados completos \t\t\t\t<\/figcaption><\/figure><figure class='gallery-item'> \t\t\t<div class='gallery-icon landscape'> \t\t\t\t<a href='https:\/\/recyclingequipinc.com\/pt\/?attachment_id=17423'><img decoding=\"async\" width=\"720\" height=\"540\" src=\"https:\/\/recyclingequipinc.com\/wp-content\/uploads\/2025\/07\/cut-tire-segment.webp\" class=\"attachment-full size-full\" alt=\"segmento de pneu cortado\" aria-describedby=\"gallery-1-17423\" srcset=\"https:\/\/recyclingequipinc.com\/wp-content\/uploads\/2025\/07\/cut-tire-segment.webp 720w, https:\/\/recyclingequipinc.com\/wp-content\/uploads\/2025\/07\/cut-tire-segment-300x225.webp 300w, https:\/\/recyclingequipinc.com\/wp-content\/uploads\/2025\/07\/cut-tire-segment-16x12.webp 16w\" sizes=\"(max-width: 720px) 100vw, 720px\" \/><\/a> \t\t\t<\/div> \t\t\t\t<figcaption class='wp-caption-text gallery-caption' id='gallery-1-17423'> \t\t\t\tsegmento de pneu cortado \t\t\t\t<\/figcaption><\/figure> \t\t<\/div>  <h3 data-start=\"2847\" data-end=\"2899\">Principais Caracter\u00edsticas do Nosso Equipamento de Corte de Pneus<\/h3> <p data-start=\"2903\" data-end=\"2968\" class=\"translation-block\"><strong data-start=\"2905\" data-end=\"2933\">\u2705Corte acionado hidraulicamente<\/strong> garante alta pot\u00eancia e estabilidade<\/p> <p data-start=\"2971\" data-end=\"3038\" class=\"translation-block\"><strong data-start=\"2973\" data-end=\"3007\">\u2705L\u00e2mina industrial Cr12MoV<\/strong> para resist\u00eancia superior ao desgaste<\/p> <p data-start=\"3041\" data-end=\"3104\" class=\"translation-block\"><strong data-start=\"3043\" data-end=\"3065\">\u2705Solu\u00e7\u00f5es personalizadas<\/strong> para tamanhos de pneus padr\u00e3o e OTR<\/p> <p data-start=\"3107\" data-end=\"3175\" class=\"translation-block\"><strong data-start=\"3109\" data-end=\"3133\">\u2705Otimizado para seguran\u00e7a<\/strong>, facilidade de opera\u00e7\u00e3o e baixa manuten\u00e7\u00e3o<\/p> <p data-start=\"3178\" data-end=\"3254\" class=\"translation-block\">\u2705 Pr\u00e9-tratamento perfeito para <strong data-start=\"3206\" data-end=\"3252\">linhas de tritura\u00e7\u00e3o e granula\u00e7\u00e3o de pneus usados<\/strong><\/p> <div id='gallery-2' class='gallery galleryid-17417 gallery-columns-3 gallery-size-full'><figure class='gallery-item'> \t\t\t<div class='gallery-icon landscape'> \t\t\t\t<a href='https:\/\/recyclingequipinc.com\/pt\/?attachment_id=17427'><img decoding=\"async\" width=\"720\" height=\"540\" src=\"https:\/\/recyclingequipinc.com\/wp-content\/uploads\/2025\/07\/waste-tire-cutter.webp\" class=\"attachment-full size-full\" alt=\"cortador de pneus descartados\" aria-describedby=\"gallery-2-17427\" srcset=\"https:\/\/recyclingequipinc.com\/wp-content\/uploads\/2025\/07\/waste-tire-cutter.webp 720w, https:\/\/recyclingequipinc.com\/wp-content\/uploads\/2025\/07\/waste-tire-cutter-300x225.webp 300w, https:\/\/recyclingequipinc.com\/wp-content\/uploads\/2025\/07\/waste-tire-cutter-16x12.webp 16w\" sizes=\"(max-width: 720px) 100vw, 720px\" \/><\/a> \t\t\t<\/div> \t\t\t\t<figcaption class='wp-caption-text gallery-caption' id='gallery-2-17427'> \t\t\t\tcortador de pneus descartados \t\t\t\t<\/figcaption><\/figure><figure class='gallery-item'> \t\t\t<div class='gallery-icon landscape'> \t\t\t\t<a href='https:\/\/recyclingequipinc.com\/pt\/?attachment_id=17426'><img loading=\"lazy\" decoding=\"async\" width=\"720\" height=\"540\" src=\"https:\/\/recyclingequipinc.com\/wp-content\/uploads\/2025\/07\/standard-hydraulic-tire-cutter.webp\" class=\"attachment-full size-full\" alt=\"cortador de pneus hidr\u00e1ulico padr\u00e3o\" aria-describedby=\"gallery-2-17426\" srcset=\"https:\/\/recyclingequipinc.com\/wp-content\/uploads\/2025\/07\/standard-hydraulic-tire-cutter.webp 720w, https:\/\/recyclingequipinc.com\/wp-content\/uploads\/2025\/07\/standard-hydraulic-tire-cutter-300x225.webp 300w, https:\/\/recyclingequipinc.com\/wp-content\/uploads\/2025\/07\/standard-hydraulic-tire-cutter-16x12.webp 16w\" sizes=\"(max-width: 720px) 100vw, 720px\" \/><\/a> \t\t\t<\/div> \t\t\t\t<figcaption class='wp-caption-text gallery-caption' id='gallery-2-17426'> \t\t\t\tcortador de pneus hidr\u00e1ulico padr\u00e3o \t\t\t\t<\/figcaption><\/figure> \t\t<\/div>  <h2>M\u00e1quina de Corte de Pneus Usados Padr\u00e3o (para Pneus \u22641200mm)<\/h2> <p data-start=\"1010\" data-end=\"1380\">Este cortador de pneus de borracha \u00e9 ideal para cortar pneus de caminh\u00f5es e ve\u00edculos de passageiros com um di\u00e2metro externo entre 900mm e 1200mm. Ele utiliza um potente motor de 7,5kW e uma l\u00e2mina de corte endurecida feita de a\u00e7o Cr12MoV para oferecer um desempenho consistente a uma taxa de at\u00e9 60 pneus por hora. Seu design compacto o torna adequado para plantas de reciclagem de pequeno e m\u00e9dio porte.<\/p> <figure id=\"attachment_17425\" aria-describedby=\"caption-attachment-17425\" style=\"width: 720px\" class=\"wp-caption alignnone\"><img loading=\"lazy\" decoding=\"async\" class=\"wp-image-17425 size-full\" src=\"https:\/\/recyclingequipinc.com\/wp-content\/uploads\/2025\/07\/scrap-tire-cutter.webp\" alt=\"cortador de pneus usados\" width=\"720\" height=\"540\" srcset=\"https:\/\/recyclingequipinc.com\/wp-content\/uploads\/2025\/07\/scrap-tire-cutter.webp 720w, https:\/\/recyclingequipinc.com\/wp-content\/uploads\/2025\/07\/scrap-tire-cutter-300x225.webp 300w, https:\/\/recyclingequipinc.com\/wp-content\/uploads\/2025\/07\/scrap-tire-cutter-16x12.webp 16w\" sizes=\"(max-width: 720px) 100vw, 720px\" \/><figcaption id=\"caption-attachment-17425\" class=\"wp-caption-text\">cortador de pneus usados<\/figcaption><\/figure> <h3 data-start=\"1382\" data-end=\"1411\"><strong data-start=\"1382\" data-end=\"1411\">Especifica\u00e7\u00f5es T\u00e9cnicas:<\/strong><\/h3> <ul> <li data-start=\"1415\" data-end=\"1446\"><strong data-start=\"1415\" data-end=\"1432\">Nome da M\u00e1quina:<\/strong> Cortador de Pneus<\/li> <li data-start=\"1415\" data-end=\"1446\"><strong data-start=\"1584\" data-end=\"1609\">Tamanho do Pneus em Processamento:<\/strong> 900\u20131200mm<\/li> <li data-start=\"1415\" data-end=\"1446\"><strong data-start=\"1625\" data-end=\"1636\">Sa\u00edda:<\/strong> 60 pneus\/hora<\/li> <li data-start=\"1415\" data-end=\"1446\"><strong data-start=\"1449\" data-end=\"1459\">Pot\u00eancia:<\/strong> 7.5kW<\/li> <li data-start=\"1470\" data-end=\"1506\"><strong data-start=\"1470\" data-end=\"1484\">Dimens\u00e3o:<\/strong> 1,7m*0,8m*1,85m<\/li> <li data-start=\"1509\" data-end=\"1558\"><strong data-start=\"1509\" data-end=\"1526\">Tamanho da Embalagem:<\/strong> 1,9m*1m*2,1m (caixa de madeira)<\/li> <li><strong>Peso da M\u00e1quina:<\/strong> 1400 kg<\/li> <li><strong data-start=\"1655\" data-end=\"1674\">Material da l\u00e2mina:<\/strong> A\u00e7o liga de alta resist\u00eancia Cr12MoV<\/li> <\/ul> <h3 data-start=\"1712\" data-end=\"1853\"><strong data-start=\"1712\" data-end=\"1730\">Fun\u00e7\u00e3o Principal:<\/strong><\/h3> <p data-start=\"1712\" data-end=\"1853\">Este modelo \u00e9 projetado para cortar pneus de carro e caminh\u00e3o sem tal\u00e3o em blocos com menos de 900mm, preparando-os para tritura\u00e7\u00e3o ou granula\u00e7\u00e3o.<\/p> <h2 data-start=\"1712\" data-end=\"1853\">Cortador Hidr\u00e1ulico de Pneus OTR (para Pneus \u22644000 mm)<\/h2> <p data-start=\"1920\" data-end=\"2278\">O cortador de pneus hidr\u00e1ulico OTR \u00e9 uma solu\u00e7\u00e3o robusta para cortar pneus de engenharia ultra-grandes, especialmente aqueles usados em minera\u00e7\u00e3o ou constru\u00e7\u00e3o pesada. Ele processa pneus OTR com o bead removido, com di\u00e2metros que variam de 1400mm a 4000mm. Constru\u00eddo com estruturas refor\u00e7adas e uma l\u00e2mina de alta qualidade Cr12MoV, ele corta esses pneus maci\u00e7os a uma taxa de dois cortes por minuto.<\/p> <figure id=\"attachment_17424\" aria-describedby=\"caption-attachment-17424\" style=\"width: 720px\" class=\"wp-caption alignnone\"><img loading=\"lazy\" decoding=\"async\" class=\"wp-image-17424 size-full\" src=\"https:\/\/recyclingequipinc.com\/wp-content\/uploads\/2025\/07\/OTR-hydraulic-tire-cutter.webp\" alt=\"Cortador de pneus hidr\u00e1ulico OTR\" width=\"720\" height=\"540\" srcset=\"https:\/\/recyclingequipinc.com\/wp-content\/uploads\/2025\/07\/OTR-hydraulic-tire-cutter.webp 720w, https:\/\/recyclingequipinc.com\/wp-content\/uploads\/2025\/07\/OTR-hydraulic-tire-cutter-300x225.webp 300w, https:\/\/recyclingequipinc.com\/wp-content\/uploads\/2025\/07\/OTR-hydraulic-tire-cutter-16x12.webp 16w\" sizes=\"(max-width: 720px) 100vw, 720px\" \/><figcaption id=\"caption-attachment-17424\" class=\"wp-caption-text\">Cortador de pneus hidr\u00e1ulico OTR<\/figcaption><\/figure> <h3 data-start=\"2280\" data-end=\"2309\">Especifica\u00e7\u00f5es T\u00e9cnicas:<\/h3> <ul> <li data-start=\"2313\" data-end=\"2348\"><strong data-start=\"2313\" data-end=\"2330\">Nome da M\u00e1quina:<\/strong> Cortador de pneus em sucata OTR<\/li> <li data-start=\"2505\" data-end=\"2565\"><strong data-start=\"2505\" data-end=\"2530\">Tamanho do Pneus em Processamento:<\/strong> 1400\u20134000mm (sem borda de a\u00e7o)<\/li> <li data-start=\"2568\" data-end=\"2599\"><strong data-start=\"2568\" data-end=\"2579\">Sa\u00edda:<\/strong> 2 cortes por minuto<\/li> <li data-start=\"2351\" data-end=\"2369\"><strong data-start=\"2351\" data-end=\"2361\">Pot\u00eancia:<\/strong> 7.5kW<\/li> <li data-start=\"2372\" data-end=\"2409\"><strong data-start=\"2372\" data-end=\"2386\">Dimens\u00e3o:<\/strong> 3,13m*1,65m*2,7m<\/li> <li data-start=\"2412\" data-end=\"2479\"><strong data-start=\"2412\" data-end=\"2429\">Tamanho da Embalagem:<\/strong> N\u00e3o aplic\u00e1vel (muito grande para embalagem de madeira)<\/li> <li data-start=\"2482\" data-end=\"2502\"><strong data-start=\"2482\" data-end=\"2493\">Peso da M\u00e1quina:<\/strong> 7200kg<\/li> <li data-start=\"2602\" data-end=\"2657\"><strong data-start=\"2602\" data-end=\"2621\">Material da l\u00e2mina:<\/strong> A\u00e7o liga de alta resist\u00eancia Cr12MoV<\/li> <\/ul> <h3 data-start=\"2659\" data-end=\"2840\">Fun\u00e7\u00e3o Principal<strong data-start=\"2659\" data-end=\"2677\">:<\/strong><\/h3> <p data-start=\"2659\" data-end=\"2840\">Esta m\u00e1quina hidr\u00e1ulica de corte de pneus manuseia pneus de grandes dimens\u00f5es que j\u00e1 passaram pela remo\u00e7\u00e3o de fios de a\u00e7o. Ela corta o corpo do pneu em tiras para posterior tritura\u00e7\u00e3o e reciclagem.<\/p> <h2 data-start=\"2659\" data-end=\"2840\">Princ\u00edpio de Funcionamento do Cortador de Pneus Usados<\/h2> <p>1. Coloque o pneu na bancada de trabalho.<br \/> O operador posiciona o pneu usado no local designado na plataforma de corte, garantindo que o pneu esteja est\u00e1vel e diretamente sob a ferramenta de corte.<\/p> <p>2. O sistema de acionamento hidr\u00e1ulico \u00e9 ativado.<br \/> Uma vez que o operador inicia a m\u00e1quina, o sistema de acionamento da bomba hidr\u00e1ulica come\u00e7a a operar, fornecendo uma fonte poderosa de energia para as ferramentas de corte.<\/p> <p>3. A ferramenta de corte hidr\u00e1ulica corta o pneu.<br \/> O sistema hidr\u00e1ulico aciona a ferramenta de corte de alta resist\u00eancia para pressionar vertical ou horizontalmente, cortando a carca\u00e7a do pneu em grandes peda\u00e7os de dimens\u00f5es especificadas (por exemplo, menos de 900 mm) para posterior tritura\u00e7\u00e3o ou processamento.<\/p> <p>4. V\u00e1rios cortes podem ser realizados em segmentos.<br \/> Para pneus OTR maiores, o processo de corte \u00e9 dividido em m\u00faltiplos segmentos, com cada corte espa\u00e7ado aproximadamente um minuto. Isso garante a integridade estrutural e previne sobrecarga do equipamento.<\/p> <p class=\"translation-block\">5. O produto final \u00e9 enviado.<br \/> Os peda\u00e7os de pneu cortados seguem para a pr\u00f3xima <a href=\"https:\/\/recyclingequipinc.com\/pt\/produto\/tire-rubber-shredder-for-sale\/\">etapa de tritura\u00e7\u00e3o<\/a> ou moagem.<\/p> <h2 data-start=\"3178\" data-end=\"3254\">Aplica\u00e7\u00e3o da M\u00e1quina Cortadora de Pneus de Borracha \u00e0 Venda<\/h2> <p data-start=\"3285\" data-end=\"3340\">Nossas m\u00e1quinas cortadoras de pneus hidr\u00e1ulicas s\u00e3o amplamente utilizadas em:<\/p> <ul data-start=\"3342\" data-end=\"3509\"> <li data-start=\"3342\" data-end=\"3367\"> <p data-start=\"3344\" data-end=\"3367\">f\u00e1bricas de reciclagem de pneus<\/p> <\/li> <li data-start=\"3368\" data-end=\"3396\"> <p data-start=\"3370\" data-end=\"3396\">Centros de gest\u00e3o de res\u00edduos<\/p> <\/li> <li data-start=\"3397\" data-end=\"3425\"> <p data-start=\"3399\" data-end=\"3425\">Linhas de granula\u00e7\u00e3o de borracha<\/p> <\/li> <li data-start=\"3426\" data-end=\"3458\"> <p data-start=\"3428\" data-end=\"3458\">Esta\u00e7\u00f5es de processamento de pneus OTR<\/p> <\/li> <li data-start=\"3459\" data-end=\"3509\"> <p data-start=\"3461\" data-end=\"3509\">Pr\u00e9-tratamento para pir\u00f3lise ou desvulcaniza\u00e7\u00e3o<\/p> <\/li> <\/ul> <h2 data-start=\"3516\" data-end=\"3558\">Atualize a sua linha de reciclagem de pneus hoje<\/h2> <p data-start=\"3560\" data-end=\"3836\">Os cortadores de pneus hidr\u00e1ulicos da Shuliy s\u00e3o projetados para atender \u00e0s demandas mais rigorosas da ind\u00fastria de reciclagem de pneus usados. Quer voc\u00ea esteja lidando com milhares de pneus pequenos ou grandes lotes de pneus OTR industriais, nossas m\u00e1quinas garantem um processamento seguro, eficiente e econ\u00f4mico.<\/p> <p data-start=\"3838\" data-end=\"3946\" class=\"translation-block\">\ud83d\udce9 <strong data-start=\"3841\" data-end=\"3859\">Contacte-nos agora<\/strong> para obter um or\u00e7amento, suporte t\u00e9cnico e solu\u00e7\u00f5es personalizadas para as suas necessidades de corte de pneus!<\/p>","protected":false},"excerpt":{"rendered":"<p>Procurando uma maneira eficiente de cortar pneus de carro ou OTR? Os cortadores de pneus hidr\u00e1ulicos da Shuliy s\u00e3o projetados para precis\u00e3o e seguran\u00e7a, manuseando tamanhos de pneus de 900mm a 4000mm. Nossas m\u00e1quinas oferecem desempenho excepcional para o pr\u00e9-processamento de pneus na reciclagem.<\/p>","protected":false},"featured_media":17428,"template":"","meta":{"site-sidebar-layout":"default","site-content-layout":"","ast-site-content-layout":"default","site-content-style":"default","site-sidebar-style":"default","ast-global-header-display":"","ast-banner-title-visibility":"","ast-main-header-display":"","ast-hfb-above-header-display":"","ast-hfb-below-header-display":"","ast-hfb-mobile-header-display":"","site-post-title":"","ast-breadcrumbs-content":"","ast-featured-img":"","footer-sml-layout":"","ast-disable-related-posts":"","theme-transparent-header-meta":"default","adv-header-id-meta":"","stick-header-meta":"","header-above-stick-meta":"","header-main-stick-meta":"","header-below-stick-meta":"","astra-migrate-meta-layouts":"set","ast-page-background-enabled":"default","ast-page-background-meta":{"desktop":{"background-color":"","background-image":"","background-repeat":"repeat","background-position":"center center","background-size":"auto","background-attachment":"scroll","background-type":"","background-media":"","overlay-type":"","overlay-color":"","overlay-opacity":"","overlay-gradient":""},"tablet":{"background-color":"","background-image":"","background-repeat":"repeat","background-position":"center center","background-size":"auto","background-attachment":"scroll","background-type":"","background-media":"","overlay-type":"","overlay-color":"","overlay-opacity":"","overlay-gradient":""},"mobile":{"background-color":"","background-image":"","background-repeat":"repeat","background-position":"center center","background-size":"auto","background-attachment":"scroll","background-type":"","background-media":"","overlay-type":"","overlay-color":"","overlay-opacity":"","overlay-gradient":""}},"ast-content-background-meta":{"desktop":{"background-color":"var(--ast-global-color-5)","background-image":"","background-repeat":"repeat","background-position":"center center","background-size":"auto","background-attachment":"scroll","background-type":"","background-media":"","overlay-type":"","overlay-color":"","overlay-opacity":"","overlay-gradient":""},"tablet":{"background-color":"var(--ast-global-color-5)","background-image":"","background-repeat":"repeat","background-position":"center center","background-size":"auto","background-attachment":"scroll","background-type":"","background-media":"","overlay-type":"","overlay-color":"","overlay-opacity":"","overlay-gradient":""},"mobile":{"background-color":"var(--ast-global-color-5)","background-image":"","background-repeat":"repeat","background-position":"center center","background-size":"auto","background-attachment":"scroll","background-type":"","background-media":"","overlay-type":"","overlay-color":"","overlay-opacity":"","overlay-gradient":""}}},"product_brand":[],"product_cat":[128],"product_tag":[],"class_list":{"0":"post-17417","1":"product","2":"type-product","3":"status-publish","4":"has-post-thumbnail","6":"product_cat-tire-recycling-machine","7":"desktop-align-center","8":"tablet-align-center","9":"mobile-align-center","11":"first","12":"instock","13":"shipping-taxable","14":"product-type-simple"},"_links":{"self":[{"href":"https:\/\/recyclingequipinc.com\/pt\/wp-json\/wp\/v2\/product\/17417","targetHints":{"allow":["GET"]}}],"collection":[{"href":"https:\/\/recyclingequipinc.com\/pt\/wp-json\/wp\/v2\/product"}],"about":[{"href":"https:\/\/recyclingequipinc.com\/pt\/wp-json\/wp\/v2\/types\/product"}],"version-history":[{"count":0,"href":"https:\/\/recyclingequipinc.com\/pt\/wp-json\/wp\/v2\/product\/17417\/revisions"}],"wp:featuredmedia":[{"embeddable":true,"href":"https:\/\/recyclingequipinc.com\/pt\/wp-json\/wp\/v2\/media\/17428"}],"wp:attachment":[{"href":"https:\/\/recyclingequipinc.com\/pt\/wp-json\/wp\/v2\/media?parent=17417"}],"wp:term":[{"taxonomy":"product_brand","embeddable":true,"href":"https:\/\/recyclingequipinc.com\/pt\/wp-json\/wp\/v2\/product_brand?post=17417"},{"taxonomy":"product_cat","embeddable":true,"href":"https:\/\/recyclingequipinc.com\/pt\/wp-json\/wp\/v2\/product_cat?post=17417"},{"taxonomy":"product_tag","embeddable":true,"href":"https:\/\/recyclingequipinc.com\/pt\/wp-json\/wp\/v2\/product_tag?post=17417"}],"curies":[{"name":"wp","href":"https:\/\/api.w.org\/{rel}","templated":true}]}}