{"id":17412,"date":"2025-07-28T14:31:28","date_gmt":"2025-07-28T06:31:28","guid":{"rendered":"https:\/\/recyclingequipinc.com\/?post_type=product&#038;p=17412"},"modified":"2025-07-30T17:13:57","modified_gmt":"2025-07-30T09:13:57","slug":"tire-steel-wire-separator","status":"publish","type":"product","link":"https:\/\/recyclingequipinc.com\/pt\/product\/tire-steel-wire-separator\/","title":{"rendered":"Separador de Fios de A\u00e7o para Reciclagem de Pneus Padr\u00e3o e OTR"},"content":{"rendered":"<p>Os pneus usados cont\u00eam grandes quantidades de fio de a\u00e7o duro. Se forem alimentados diretamente em um triturador de pneus sem tratamento pr\u00e9vio, podem facilmente danificar o equipamento. A Shuliy oferece dois tipos de separadores de fio de a\u00e7o para pneus eficientes, usados para pneus padr\u00e3o (1400 mm), que separam com precis\u00e3o os fios de a\u00e7o dos res\u00edduos de pneus, permitindo a triagem, reciclagem e reutiliza\u00e7\u00e3o eficientes de recursos.<\/p> <div id='gallery-1' class='gallery galleryid-17412 gallery-columns-3 gallery-size-full'><figure class='gallery-item'> \t\t\t<div class='gallery-icon landscape'> \t\t\t\t<a href='https:\/\/recyclingequipinc.com\/pt\/?attachment_id=17434'><img fetchpriority=\"high\" decoding=\"async\" width=\"720\" height=\"540\" src=\"https:\/\/recyclingequipinc.com\/wp-content\/uploads\/2025\/07\/standard-tire-steel-wire-separator.webp\" class=\"attachment-full size-full\" alt=\"separador de fio de a\u00e7o para pneus padr\u00e3o\" aria-describedby=\"gallery-1-17434\" srcset=\"https:\/\/recyclingequipinc.com\/wp-content\/uploads\/2025\/07\/standard-tire-steel-wire-separator.webp 720w, https:\/\/recyclingequipinc.com\/wp-content\/uploads\/2025\/07\/standard-tire-steel-wire-separator-300x225.webp 300w, https:\/\/recyclingequipinc.com\/wp-content\/uploads\/2025\/07\/standard-tire-steel-wire-separator-16x12.webp 16w\" sizes=\"(max-width: 720px) 100vw, 720px\" \/><\/a> \t\t\t<\/div> \t\t\t\t<figcaption class='wp-caption-text gallery-caption' id='gallery-1-17434'> \t\t\t\tseparador de fio de a\u00e7o para pneus padr\u00e3o \t\t\t\t<\/figcaption><\/figure><figure class='gallery-item'> \t\t\t<div class='gallery-icon landscape'> \t\t\t\t<a href='https:\/\/recyclingequipinc.com\/pt\/?attachment_id=17431'><img decoding=\"async\" width=\"720\" height=\"540\" src=\"https:\/\/recyclingequipinc.com\/wp-content\/uploads\/2025\/07\/OTR-tire-steel-wire-separator.webp\" class=\"attachment-full size-full\" alt=\"Separador de fio de a\u00e7o para pneus OTR\" aria-describedby=\"gallery-1-17431\" srcset=\"https:\/\/recyclingequipinc.com\/wp-content\/uploads\/2025\/07\/OTR-tire-steel-wire-separator.webp 720w, https:\/\/recyclingequipinc.com\/wp-content\/uploads\/2025\/07\/OTR-tire-steel-wire-separator-300x225.webp 300w, https:\/\/recyclingequipinc.com\/wp-content\/uploads\/2025\/07\/OTR-tire-steel-wire-separator-16x12.webp 16w\" sizes=\"(max-width: 720px) 100vw, 720px\" \/><\/a> \t\t\t<\/div> \t\t\t\t<figcaption class='wp-caption-text gallery-caption' id='gallery-1-17431'> \t\t\t\tSeparador de fio de a\u00e7o para pneus OTR \t\t\t\t<\/figcaption><\/figure> \t\t<\/div>  <h2 data-start=\"641\" data-end=\"680\">Por que precisamos de um separador de fio de a\u00e7o para pneus?<\/h2> <p data-start=\"562\" data-end=\"710\">Sejam pneus padr\u00e3o ou pneus gigantes para minera\u00e7\u00e3o, os fios de tal\u00e3o dos pneus s\u00e3o feitos de a\u00e7o de alta resist\u00eancia, embutidos na lateral dos pneus para manter sua integridade estrutural. No entanto, esses fios podem:<\/p> <ul data-start=\"712\" data-end=\"838\"> <li data-start=\"712\" data-end=\"759\"> <p data-start=\"714\" data-end=\"759\" class=\"translation-block\">Dano <a href=\"https:\/\/recyclingequipinc.com\/pt\/produto\/tire-rubber-shredder-for-sale\/\">desintegradores de pneus<\/a> e trituradores de borracha<\/p> <\/li> <li data-start=\"760\" data-end=\"801\"> <p data-start=\"762\" data-end=\"801\">Reduz a qualidade do p\u00f3 de borracha produzido.<\/p> <\/li> <li data-start=\"802\" data-end=\"838\"> <p data-start=\"804\" data-end=\"838\">Reduzir a efici\u00eancia da reciclagem.<\/p> <\/li> <\/ul> <p data-start=\"873\" data-end=\"913\">Usar uma m\u00e1quina de remo\u00e7\u00e3o de fios de pneus antes da tritura\u00e7\u00e3o ajuda:<\/p> <ul data-start=\"914\" data-end=\"1144\"> <li data-start=\"914\" data-end=\"968\"> <p data-start=\"916\" data-end=\"968\">Proteger trituradores e moedores de danos causados pelo a\u00e7o.<\/p> <\/li> <li data-start=\"969\" data-end=\"1029\"> <p data-start=\"971\" data-end=\"1029\">A melhorar a pureza da borracha para a produ\u00e7\u00e3o de gr\u00e2nulos ou p\u00f3.<\/p> <\/li> <li data-start=\"1030\" data-end=\"1082\"> <p data-start=\"1032\" data-end=\"1082\">Possibilitar a reciclagem de a\u00e7o e a separa\u00e7\u00e3o de recursos.<\/p> <\/li> <li data-start=\"1083\" data-end=\"1144\"> <p data-start=\"1085\" data-end=\"1144\">Apoiar a opera\u00e7\u00e3o suave e eficiente da linha de reciclagem de pneus.<\/p> <\/li> <\/ul> <figure id=\"attachment_17433\" aria-describedby=\"caption-attachment-17433\" style=\"width: 720px\" class=\"wp-caption aligncenter\"><img decoding=\"async\" class=\"wp-image-17433 size-full\" src=\"https:\/\/recyclingequipinc.com\/wp-content\/uploads\/2025\/07\/rubber-and-steel-rims-separaton-effect.webp\" alt=\"efeito de separa\u00e7\u00e3o de aros de borracha e a\u00e7o\" width=\"720\" height=\"540\" srcset=\"https:\/\/recyclingequipinc.com\/wp-content\/uploads\/2025\/07\/rubber-and-steel-rims-separaton-effect.webp 720w, https:\/\/recyclingequipinc.com\/wp-content\/uploads\/2025\/07\/rubber-and-steel-rims-separaton-effect-300x225.webp 300w, https:\/\/recyclingequipinc.com\/wp-content\/uploads\/2025\/07\/rubber-and-steel-rims-separaton-effect-16x12.webp 16w\" sizes=\"(max-width: 720px) 100vw, 720px\" \/><figcaption id=\"caption-attachment-17433\" class=\"wp-caption-text\">efeito de separa\u00e7\u00e3o de aros de borracha e a\u00e7o<\/figcaption><\/figure> <h2 data-start=\"3377\" data-end=\"3470\">Dois tipos de separadores de fio de a\u00e7o para pneus<\/h2> <h3 data-start=\"1116\" data-end=\"1174\">1. Separador de Fios de A\u00e7o para Pneus Padr\u00e3o (Modelo: SWS-100)<\/h3> <p data-start=\"1176\" data-end=\"1388\" class=\"translation-block\">Usado em <a href=\"https:\/\/recyclingequipinc.com\/pt\/produto\/waste-tire-recycling-line\/\">linhas de reciclagem semi-autom\u00e1ticas<\/a>, este modelo \u00e9 ideal para manusear pneus de carro, caminh\u00e3o e \u00f4nibus com di\u00e2metros de at\u00e9 <strong data-start=\"1304\" data-end=\"1315\">1200 mm<\/strong>. Geralmente \u00e9 combinado com um <strong data-start=\"1345\" data-end=\"1365\">cortador de flancos de pneus<\/strong> e um <strong data-start=\"1370\" data-end=\"1387\">desintegrador de pneus<\/strong>.<\/p> <figure id=\"attachment_17436\" aria-describedby=\"caption-attachment-17436\" style=\"width: 720px\" class=\"wp-caption alignnone\"><img loading=\"lazy\" decoding=\"async\" class=\"wp-image-17436 size-full\" src=\"https:\/\/recyclingequipinc.com\/wp-content\/uploads\/2025\/07\/tire-wire-removal-machine.webp\" alt=\"m\u00e1quina de remo\u00e7\u00e3o de fios de pneus\" width=\"720\" height=\"540\" srcset=\"https:\/\/recyclingequipinc.com\/wp-content\/uploads\/2025\/07\/tire-wire-removal-machine.webp 720w, https:\/\/recyclingequipinc.com\/wp-content\/uploads\/2025\/07\/tire-wire-removal-machine-300x225.webp 300w, https:\/\/recyclingequipinc.com\/wp-content\/uploads\/2025\/07\/tire-wire-removal-machine-16x12.webp 16w\" sizes=\"(max-width: 720px) 100vw, 720px\" \/><figcaption id=\"caption-attachment-17436\" class=\"wp-caption-text\">m\u00e1quina de remo\u00e7\u00e3o de fios de pneus<\/figcaption><\/figure> <table style=\"width: 100%; height: 318px;\"> <tbody> <tr style=\"height: 53px;\"> <td style=\"height: 53px;\">Modelo<\/td> <td style=\"height: 53px;\">Separador de Fios de A\u00e7o SWS-100<\/td> <\/tr> <tr style=\"height: 53px;\"> <td style=\"height: 53px;\">Pot\u00eancia do Motor<\/td> <td style=\"height: 53px;\">18,5 kW<\/td> <\/tr> <tr style=\"height: 53px;\"> <td style=\"height: 53px;\">Capacidade<\/td> <td style=\"height: 53px;\">120 pcs\/h<\/td> <\/tr> <tr style=\"height: 53px;\"> <td style=\"height: 53px;\">Tamanho do pneu de entrada<\/td> <td style=\"height: 53px;\">\u22641200 mm<\/td> <\/tr> <tr style=\"height: 53px;\"> <td style=\"height: 53px;\">Tamanho da m\u00e1quina<\/td> <td style=\"height: 53px;\">2*1,9*1,8 m<\/td> <\/tr> <tr style=\"height: 53px;\"> <td style=\"height: 53px;\">Peso da m\u00e1quina<\/td> <td style=\"height: 53px;\">1800 kg<\/td> <\/tr> <\/tbody> <\/table> <h3>2. Separador de Fios de A\u00e7o para Pneus OTR (para pneus de 1400\u20134000 mm)<\/h3> <p class=\"translation-block\">Este separador de anel de a\u00e7o de alta resist\u00eancia \u00e9 projetado para <strong data-start=\"1965\" data-end=\"1993\">pneus OTR (fora de estrada)<\/strong> usados na minera\u00e7\u00e3o, agricultura e constru\u00e7\u00e3o. Ele pode extrair fios de a\u00e7o espessos de grandes pneus industriais de forma eficiente, sendo frequentemente utilizado com uma m\u00e1quina desmontadora de pneus e um desintegrador de pneus.<\/p> <figure id=\"attachment_17432\" aria-describedby=\"caption-attachment-17432\" style=\"width: 720px\" class=\"wp-caption aligncenter\"><img loading=\"lazy\" decoding=\"async\" class=\"wp-image-17432 size-full\" src=\"https:\/\/recyclingequipinc.com\/wp-content\/uploads\/2025\/07\/OTR-tire-wire-removal-machine.webp\" alt=\"m\u00e1quina de remo\u00e7\u00e3o de fios de pneus OTR\" width=\"720\" height=\"540\" srcset=\"https:\/\/recyclingequipinc.com\/wp-content\/uploads\/2025\/07\/OTR-tire-wire-removal-machine.webp 720w, https:\/\/recyclingequipinc.com\/wp-content\/uploads\/2025\/07\/OTR-tire-wire-removal-machine-300x225.webp 300w, https:\/\/recyclingequipinc.com\/wp-content\/uploads\/2025\/07\/OTR-tire-wire-removal-machine-16x12.webp 16w\" sizes=\"(max-width: 720px) 100vw, 720px\" \/><figcaption id=\"caption-attachment-17432\" class=\"wp-caption-text\">m\u00e1quina de remo\u00e7\u00e3o de fios de pneus OTR<\/figcaption><\/figure> <table> <tbody> <tr> <td>Nome<\/td> <td>M\u00e1quina de Remo\u00e7\u00e3o de Fios de Pneus OTR<\/td> <\/tr> <tr> <td>Pot\u00eancia do Motor<\/td> <td>35,5 kW<\/td> <\/tr> <tr> <td>Tamanho do Pneu de Entrada<\/td> <td>1400\u20134000 mm<\/td> <\/tr> <tr> <td>Sa\u00edda<\/td> <td>1 borda \/ 2-5 minutos<\/td> <\/tr> <tr> <td>Dimens\u00f5es<\/td> <td>3.65*2.1*1.95 m<\/td> <\/tr> <tr> <td>Peso<\/td> <td>6200 kg<\/td> <\/tr> <tr> <td>Embalagem<\/td> <td>Desembalado (m\u00e1quina de grandes dimens\u00f5es)<\/td> <\/tr> <\/tbody> <\/table> <h2>Principais Caracter\u00edsticas da Nossa M\u00e1quina Removedora de Fios de Tal\u00e3o de Pneus<\/h2> <p data-start=\"2776\" data-end=\"2888\" class=\"translation-block\"><strong data-start=\"2778\" data-end=\"2800\">\u2705 Compatibilidade Total<\/strong>:<br data-start=\"2801\" data-end=\"2804\" \/>Integra-se perfeitamente em linhas de reciclagem de pneus semi-autom\u00e1ticas e <a href=\"https:\/\/recyclingequipinc.com\/pt\/produto\/mining-tire-recycling-machine\/\">linhas de reciclagem de pneus OTR<\/a>.\u00aa<\/p> <p data-start=\"2890\" data-end=\"3031\" class=\"translation-block\"><strong data-start=\"2892\" data-end=\"2913\">\u2705 Estrutura Duradoura<\/strong>:<br data-start=\"2914\" data-end=\"2917\" \/>Fabricado com estruturas de a\u00e7o espessado, materiais resistentes ao desgaste e motores de grau industrial para uma longa vida \u00fatil.<\/p> <p data-start=\"3033\" data-end=\"3136\" class=\"translation-block\"><strong data-start=\"3035\" data-end=\"3054\">\u2705 Alta Efici\u00eancia<\/strong>:<br data-start=\"3055\" data-end=\"3058\" \/>Extrai arames de a\u00e7o de forma r\u00e1pida e limpa com m\u00ednima interven\u00e7\u00e3o manual.<\/p> <p data-start=\"3138\" data-end=\"3238\" class=\"translation-block\"><strong data-start=\"3140\" data-end=\"3159\">\u2705 Baixa Manuten\u00e7\u00e3o<\/strong>:<br data-start=\"3160\" data-end=\"3163\" \/>Estrutura simples com pe\u00e7as de f\u00e1cil acesso para inspe\u00e7\u00e3o e repara\u00e7\u00e3o r\u00e1pidas.<\/p> <p data-start=\"3240\" data-end=\"3375\" class=\"translation-block\"><strong data-start=\"3242\" data-end=\"3265\">\u2705 Design Personaliz\u00e1vel<\/strong>:<br data-start=\"3266\" data-end=\"3269\" \/>Suporte para diferentes tamanhos de pneus, tens\u00f5es de opera\u00e7\u00e3o e liga\u00e7\u00f5es de transportadores para corresponder ao layout da sua f\u00e1brica.<\/p> <p data-start=\"3377\" data-end=\"3470\" class=\"translation-block\">\u2705 <strong data-start=\"3379\" data-end=\"3397\">Opera\u00e7\u00e3o Segura<\/strong>:<br data-start=\"3398\" data-end=\"3401\" \/>Equipado com paragem de emerg\u00eancia, prote\u00e7\u00f5es de seguran\u00e7a e prote\u00e7\u00e3o contra sobrecarga.<\/p> <h2>Aplica\u00e7\u00f5es em linhas de produ\u00e7\u00e3o de p\u00f3 de borracha<\/h2> <table> <thead> <tr> <th>Tipo de M\u00e1quina<\/th> <th>Aplicativo<\/th> <th>Funciona com<\/th> <\/tr> <\/thead> <tbody> <tr> <td><strong>Separador de fio de a\u00e7o para pneus padr\u00e3o<\/strong><\/td> <td>Pneus padr\u00e3o (\u22641200 mm)<\/td> <td>Cortador de lateral + triturador de pneus<\/td> <\/tr> <tr> <td><strong>Separador de fio de a\u00e7o para pneus OTR<\/strong><\/td> <td>Pneus de engenharia \/ todo-o-terreno (1400\u20134000 mm)<\/td> <td>Desmontadora de pneus + triturador de pneus<\/td> <\/tr> <\/tbody> <\/table> <div id='gallery-2' class='gallery galleryid-17412 gallery-columns-3 gallery-size-full'><figure class='gallery-item'> \t\t\t<div class='gallery-icon landscape'> \t\t\t\t<a href='https:\/\/recyclingequipinc.com\/pt\/?attachment_id=17435'><img loading=\"lazy\" decoding=\"async\" width=\"720\" height=\"540\" src=\"https:\/\/recyclingequipinc.com\/wp-content\/uploads\/2025\/07\/steel-wire-separator-used-in-900-1200-mm-tire-recycling-line.webp\" class=\"attachment-full size-full\" alt=\"separador de fio de a\u00e7o usado na linha de reciclagem de pneus de 900-1200 mm\" aria-describedby=\"gallery-2-17435\" srcset=\"https:\/\/recyclingequipinc.com\/wp-content\/uploads\/2025\/07\/steel-wire-separator-used-in-900-1200-mm-tire-recycling-line.webp 720w, https:\/\/recyclingequipinc.com\/wp-content\/uploads\/2025\/07\/steel-wire-separator-used-in-900-1200-mm-tire-recycling-line-300x225.webp 300w, https:\/\/recyclingequipinc.com\/wp-content\/uploads\/2025\/07\/steel-wire-separator-used-in-900-1200-mm-tire-recycling-line-16x12.webp 16w\" sizes=\"(max-width: 720px) 100vw, 720px\" \/><\/a> \t\t\t<\/div> \t\t\t\t<figcaption class='wp-caption-text gallery-caption' id='gallery-2-17435'> \t\t\t\tseparador de fio de a\u00e7o usado na linha de reciclagem de pneus de 900-1200 mm \t\t\t\t<\/figcaption><\/figure><figure class='gallery-item'> \t\t\t<div class='gallery-icon landscape'> \t\t\t\t<a href='https:\/\/recyclingequipinc.com\/pt\/?attachment_id=17430'><img loading=\"lazy\" decoding=\"async\" width=\"720\" height=\"540\" src=\"https:\/\/recyclingequipinc.com\/wp-content\/uploads\/2025\/07\/OTR-tire-bead-wire-remover-machine-in-mining-tire-recycling-line.webp\" class=\"attachment-full size-full\" alt=\"m\u00e1quina removedora de fio de tal\u00e3o de pneus OTR na linha de reciclagem de pneus de minera\u00e7\u00e3o\" aria-describedby=\"gallery-2-17430\" srcset=\"https:\/\/recyclingequipinc.com\/wp-content\/uploads\/2025\/07\/OTR-tire-bead-wire-remover-machine-in-mining-tire-recycling-line.webp 720w, https:\/\/recyclingequipinc.com\/wp-content\/uploads\/2025\/07\/OTR-tire-bead-wire-remover-machine-in-mining-tire-recycling-line-300x225.webp 300w, https:\/\/recyclingequipinc.com\/wp-content\/uploads\/2025\/07\/OTR-tire-bead-wire-remover-machine-in-mining-tire-recycling-line-16x12.webp 16w\" sizes=\"(max-width: 720px) 100vw, 720px\" \/><\/a> \t\t\t<\/div> \t\t\t\t<figcaption class='wp-caption-text gallery-caption' id='gallery-2-17430'> \t\t\t\tm\u00e1quina removedora de fio de tal\u00e3o de pneus OTR na linha de reciclagem de pneus de minera\u00e7\u00e3o \t\t\t\t<\/figcaption><\/figure> \t\t<\/div>  <h2>Como funciona a m\u00e1quina de remo\u00e7\u00e3o de fios de pneus?<\/h2> <p data-start=\"144\" data-end=\"315\">O separador de fios de a\u00e7o de pneus \u00e9 projetado para extrair os fios de bead resistentes embutidos nas laterais de pneus de carros e caminh\u00f5es descartados antes da tritura\u00e7\u00e3o. Veja como funciona:<\/p> <ol data-start=\"317\" data-end=\"1105\"> <li data-start=\"317\" data-end=\"500\"> <p data-start=\"320\" data-end=\"500\" class=\"translation-block\"><strong data-start=\"320\" data-end=\"347\">Posicionamento Manual do Pneu<\/strong><br data-start=\"347\" data-end=\"350\" \/>O operador coloca um tal\u00e3o de pneu pr\u00e9-cortado (geralmente ap\u00f3s o corte com um cortador de flanco de pneu ou removedor de tal\u00e3o) na \u00e1rea de alimenta\u00e7\u00e3o entre os rolos.<\/p> <\/li> <li data-start=\"502\" data-end=\"690\"> <p data-start=\"505\" data-end=\"690\" class=\"translation-block\"><strong data-start=\"505\" data-end=\"533\">Tra\u00e7\u00e3o Potente por Rolos<\/strong><br data-start=\"533\" data-end=\"536\" \/>A m\u00e1quina est\u00e1 equipada com dois ou tr\u00eas rolos de alta resist\u00eancia acionados por um motor potente (por exemplo, 18,5 kW). Estes rolos agarram e puxam o tal\u00e3o do pneu para dentro.<\/p> <\/li> <li data-start=\"692\" data-end=\"906\"> <p data-start=\"695\" data-end=\"906\" class=\"translation-block\"><strong data-start=\"695\" data-end=\"721\">Separa\u00e7\u00e3o Fio-Borracha<\/strong><br data-start=\"721\" data-end=\"724\" \/>\u00c0 medida que o tal\u00e3o do pneu se move atrav\u00e9s dos rolos, uma l\u00e2mina de separa\u00e7\u00e3o ou entalhe especialmente concebida aplica press\u00e3o para remover o anel de fio de a\u00e7o embutido da borracha circundante.<\/p> <\/li> <li data-start=\"908\" data-end=\"1105\"> <p data-start=\"911\" data-end=\"936\" class=\"translation-block\">Coleta Separada<\/p> <ul data-start=\"940\" data-end=\"1105\"> <li data-start=\"940\" data-end=\"1042\"> <p data-start=\"942\" data-end=\"1042\">O fio de a\u00e7o \u00e9 puxado como um la\u00e7o cont\u00ednuo ou semi-cont\u00ednuo e coletado separadamente.<\/p> <\/li> <li data-start=\"1046\" data-end=\"1105\"> <p data-start=\"1048\" data-end=\"1105\">Os res\u00edduos de borracha caem ou s\u00e3o removidos manualmente.<\/p> <\/li> <\/ul> <\/li> <\/ol> <h2>Solu\u00e7\u00f5es completas de reciclagem de pneus dispon\u00edveis<\/h2> <p data-start=\"4005\" data-end=\"4068\">A Shuliy Machinery fornece configura\u00e7\u00f5es completas de linhas de reciclagem, incluindo:<\/p> <ul data-start=\"4070\" data-end=\"4236\"> <li data-start=\"4070\" data-end=\"4104\"> <p data-start=\"4072\" data-end=\"4104\">Removedores de parede lateral de pneus \/ M\u00e1quina desmontadora de pneus OTR<\/p> <\/li> <li data-start=\"4105\" data-end=\"4143\"> <p data-start=\"4107\" data-end=\"4143\">Triturador de pneus \u00e0 venda<\/p> <\/li> <li data-start=\"4144\" data-end=\"4183\"> <p data-start=\"4146\" data-end=\"4183\">Separadores magn\u00e9ticos e granuladores de borracha<\/p> <\/li> <li data-start=\"4184\" data-end=\"4236\"> <p data-start=\"4186\" data-end=\"4236\">Configura\u00e7\u00f5es totalmente autom\u00e1ticas ou semi-autom\u00e1ticas<\/p> <\/li> <\/ul> <p data-start=\"4238\" data-end=\"4330\">Precisa de uma configura\u00e7\u00e3o personalizada? Deixe nossos engenheiros ajudarem a adaptar a solu\u00e7\u00e3o certa para o seu neg\u00f3cio.<\/p> <p>&nbsp;<\/p>","protected":false},"excerpt":{"rendered":"<p>O separador de fio de a\u00e7o para pneus Shuliy proporciona uma remo\u00e7\u00e3o de fio limpa, eficiente e sem danos \u2014 essencial para proteger os trituradores a jusante e aumentar a produtividade da linha de reciclagem. Ideal para recicladores de pneus.<\/p>","protected":false},"featured_media":17431,"template":"","meta":{"site-sidebar-layout":"default","site-content-layout":"","ast-site-content-layout":"default","site-content-style":"default","site-sidebar-style":"default","ast-global-header-display":"","ast-banner-title-visibility":"","ast-main-header-display":"","ast-hfb-above-header-display":"","ast-hfb-below-header-display":"","ast-hfb-mobile-header-display":"","site-post-title":"","ast-breadcrumbs-content":"","ast-featured-img":"","footer-sml-layout":"","ast-disable-related-posts":"","theme-transparent-header-meta":"default","adv-header-id-meta":"","stick-header-meta":"","header-above-stick-meta":"","header-main-stick-meta":"","header-below-stick-meta":"","astra-migrate-meta-layouts":"set","ast-page-background-enabled":"default","ast-page-background-meta":{"desktop":{"background-color":"","background-image":"","background-repeat":"repeat","background-position":"center center","background-size":"auto","background-attachment":"scroll","background-type":"","background-media":"","overlay-type":"","overlay-color":"","overlay-opacity":"","overlay-gradient":""},"tablet":{"background-color":"","background-image":"","background-repeat":"repeat","background-position":"center center","background-size":"auto","background-attachment":"scroll","background-type":"","background-media":"","overlay-type":"","overlay-color":"","overlay-opacity":"","overlay-gradient":""},"mobile":{"background-color":"","background-image":"","background-repeat":"repeat","background-position":"center center","background-size":"auto","background-attachment":"scroll","background-type":"","background-media":"","overlay-type":"","overlay-color":"","overlay-opacity":"","overlay-gradient":""}},"ast-content-background-meta":{"desktop":{"background-color":"var(--ast-global-color-5)","background-image":"","background-repeat":"repeat","background-position":"center center","background-size":"auto","background-attachment":"scroll","background-type":"","background-media":"","overlay-type":"","overlay-color":"","overlay-opacity":"","overlay-gradient":""},"tablet":{"background-color":"var(--ast-global-color-5)","background-image":"","background-repeat":"repeat","background-position":"center center","background-size":"auto","background-attachment":"scroll","background-type":"","background-media":"","overlay-type":"","overlay-color":"","overlay-opacity":"","overlay-gradient":""},"mobile":{"background-color":"var(--ast-global-color-5)","background-image":"","background-repeat":"repeat","background-position":"center center","background-size":"auto","background-attachment":"scroll","background-type":"","background-media":"","overlay-type":"","overlay-color":"","overlay-opacity":"","overlay-gradient":""}}},"product_brand":[],"product_cat":[128],"product_tag":[],"class_list":{"0":"post-17412","1":"product","2":"type-product","3":"status-publish","4":"has-post-thumbnail","6":"product_cat-tire-recycling-machine","7":"desktop-align-center","8":"tablet-align-center","9":"mobile-align-center","11":"first","12":"instock","13":"shipping-taxable","14":"product-type-simple"},"_links":{"self":[{"href":"https:\/\/recyclingequipinc.com\/pt\/wp-json\/wp\/v2\/product\/17412","targetHints":{"allow":["GET"]}}],"collection":[{"href":"https:\/\/recyclingequipinc.com\/pt\/wp-json\/wp\/v2\/product"}],"about":[{"href":"https:\/\/recyclingequipinc.com\/pt\/wp-json\/wp\/v2\/types\/product"}],"version-history":[{"count":0,"href":"https:\/\/recyclingequipinc.com\/pt\/wp-json\/wp\/v2\/product\/17412\/revisions"}],"wp:featuredmedia":[{"embeddable":true,"href":"https:\/\/recyclingequipinc.com\/pt\/wp-json\/wp\/v2\/media\/17431"}],"wp:attachment":[{"href":"https:\/\/recyclingequipinc.com\/pt\/wp-json\/wp\/v2\/media?parent=17412"}],"wp:term":[{"taxonomy":"product_brand","embeddable":true,"href":"https:\/\/recyclingequipinc.com\/pt\/wp-json\/wp\/v2\/product_brand?post=17412"},{"taxonomy":"product_cat","embeddable":true,"href":"https:\/\/recyclingequipinc.com\/pt\/wp-json\/wp\/v2\/product_cat?post=17412"},{"taxonomy":"product_tag","embeddable":true,"href":"https:\/\/recyclingequipinc.com\/pt\/wp-json\/wp\/v2\/product_tag?post=17412"}],"curies":[{"name":"wp","href":"https:\/\/api.w.org\/{rel}","templated":true}]}}