{"id":17387,"date":"2025-07-21T15:40:31","date_gmt":"2025-07-21T07:40:31","guid":{"rendered":"https:\/\/recyclingequipinc.com\/?post_type=product&#038;p=17387"},"modified":"2025-07-21T15:40:31","modified_gmt":"2025-07-21T07:40:31","slug":"tire-rubber-shredder-for-sale","status":"publish","type":"product","link":"https:\/\/recyclingequipinc.com\/pt\/product\/tire-rubber-shredder-for-sale\/","title":{"rendered":"Triturador de Borracha de Pneus \u00e0 Venda | M\u00e1quina de Tritura\u00e7\u00e3o de Pneus"},"content":{"rendered":"<p>\u00c0 medida que as ind\u00fastrias automotiva e de engenharia continuam a crescer, a necessidade de reciclagem de pneus aumenta. O triturador de borracha de pneus \u00e0 venda \u00e9 um equipamento importante para a reciclagem.<br \/> Ele tritura pneus usados e produz pe\u00e7as de borracha pequenas e uniformes que s\u00e3o f\u00e1ceis de moer, transportar, armazenar ou usar como mat\u00e9rias-primas para novos produtos de borracha.<\/p> <div id='gallery-1' class='gallery galleryid-17387 gallery-columns-3 gallery-size-full'><figure class='gallery-item'> \t\t\t<div class='gallery-icon landscape'> \t\t\t\t<a href='https:\/\/recyclingequipinc.com\/pt\/?attachment_id=17399'><img fetchpriority=\"high\" decoding=\"async\" width=\"720\" height=\"540\" src=\"https:\/\/recyclingequipinc.com\/wp-content\/uploads\/2025\/07\/industrial-rubber-shredder.webp\" class=\"attachment-full size-full\" alt=\"destruidor de borracha industrial\" aria-describedby=\"gallery-1-17399\" srcset=\"https:\/\/recyclingequipinc.com\/wp-content\/uploads\/2025\/07\/industrial-rubber-shredder.webp 720w, https:\/\/recyclingequipinc.com\/wp-content\/uploads\/2025\/07\/industrial-rubber-shredder-300x225.webp 300w, https:\/\/recyclingequipinc.com\/wp-content\/uploads\/2025\/07\/industrial-rubber-shredder-16x12.webp 16w\" sizes=\"(max-width: 720px) 100vw, 720px\" \/><\/a> \t\t\t<\/div> \t\t\t\t<figcaption class='wp-caption-text gallery-caption' id='gallery-1-17399'> \t\t\t\tdestruidor de borracha industrial \t\t\t\t<\/figcaption><\/figure><figure class='gallery-item'> \t\t\t<div class='gallery-icon landscape'> \t\t\t\t<a href='https:\/\/recyclingequipinc.com\/pt\/?attachment_id=17400'><img decoding=\"async\" width=\"720\" height=\"540\" src=\"https:\/\/recyclingequipinc.com\/wp-content\/uploads\/2025\/07\/rubber-blocks-processed-by-rubber-tire-chipper.webp\" class=\"attachment-full size-full\" alt=\"blocos de borracha processados por triturador de pneus de borracha\" aria-describedby=\"gallery-1-17400\" srcset=\"https:\/\/recyclingequipinc.com\/wp-content\/uploads\/2025\/07\/rubber-blocks-processed-by-rubber-tire-chipper.webp 720w, https:\/\/recyclingequipinc.com\/wp-content\/uploads\/2025\/07\/rubber-blocks-processed-by-rubber-tire-chipper-300x225.webp 300w, https:\/\/recyclingequipinc.com\/wp-content\/uploads\/2025\/07\/rubber-blocks-processed-by-rubber-tire-chipper-16x12.webp 16w\" sizes=\"(max-width: 720px) 100vw, 720px\" \/><\/a> \t\t\t<\/div> \t\t\t\t<figcaption class='wp-caption-text gallery-caption' id='gallery-1-17400'> \t\t\t\tblocos de borracha processados por triturador de pneus de borracha \t\t\t\t<\/figcaption><\/figure> \t\t<\/div>  <h2>Mat\u00e9rias-primas e sa\u00edda da m\u00e1quina de tritura\u00e7\u00e3o de pneus<\/h2> <p class=\"translation-block\">O triturador de borracha de pneus Shuliy para venda vem em v\u00e1rios modelos e tamanhos, oferecendo flexibilidade para se adaptar a diferentes necessidades de produ\u00e7\u00e3o e aplica\u00e7\u00f5es. O triturador pode processar todos os tipos de pneus, incluindo pneus autom\u00f3veis, de constru\u00e7\u00e3o (OTR) e grandes pneus OTR. Tanto as <a href=\"https:\/\/recyclingequipinc.com\/pt\/produto\/rubber-powder-production-line\/\">linhas de produ\u00e7\u00e3o de p\u00f3 de borracha autom\u00e1ticas<\/a> como as <a href=\"https:\/\/recyclingequipinc.com\/pt\/produto\/waste-tire-recycling-line\/\">semi-autom\u00e1ticas<\/a> podem ser adaptadas em conformidade.<\/p> <p>A trituradora industrial de pneus pode processar as seguintes formas de mat\u00e9ria-prima:<\/p> <ul> <li>Pneus inteiros (at\u00e9 1400 mm de di\u00e2metro)<\/li> <li>Partes de pneus desintegrados ou sem fios<\/li> <li>Cortar segmentos ou tiras de pneus<\/li> <\/ul> <div id='gallery-2' class='gallery galleryid-17387 gallery-columns-3 gallery-size-full'><figure class='gallery-item'> \t\t\t<div class='gallery-icon landscape'> \t\t\t\t<a href='https:\/\/recyclingequipinc.com\/pt\/?attachment_id=17408'><img decoding=\"async\" width=\"720\" height=\"540\" src=\"https:\/\/recyclingequipinc.com\/wp-content\/uploads\/2025\/07\/whole-tires.webp\" class=\"attachment-full size-full\" alt=\"pneus inteiros\" aria-describedby=\"gallery-2-17408\" srcset=\"https:\/\/recyclingequipinc.com\/wp-content\/uploads\/2025\/07\/whole-tires.webp 720w, https:\/\/recyclingequipinc.com\/wp-content\/uploads\/2025\/07\/whole-tires-300x225.webp 300w, https:\/\/recyclingequipinc.com\/wp-content\/uploads\/2025\/07\/whole-tires-16x12.webp 16w\" sizes=\"(max-width: 720px) 100vw, 720px\" \/><\/a> \t\t\t<\/div> \t\t\t\t<figcaption class='wp-caption-text gallery-caption' id='gallery-2-17408'> \t\t\t\tpneus inteiros \t\t\t\t<\/figcaption><\/figure><figure class='gallery-item'> \t\t\t<div class='gallery-icon landscape'> \t\t\t\t<a href='https:\/\/recyclingequipinc.com\/pt\/?attachment_id=17398'><img loading=\"lazy\" decoding=\"async\" width=\"720\" height=\"540\" src=\"https:\/\/recyclingequipinc.com\/wp-content\/uploads\/2025\/07\/disintegrated-OTR-tires.webp\" class=\"attachment-full size-full\" alt=\"pneus OTR desintegrados\" aria-describedby=\"gallery-2-17398\" srcset=\"https:\/\/recyclingequipinc.com\/wp-content\/uploads\/2025\/07\/disintegrated-OTR-tires.webp 720w, https:\/\/recyclingequipinc.com\/wp-content\/uploads\/2025\/07\/disintegrated-OTR-tires-300x225.webp 300w, https:\/\/recyclingequipinc.com\/wp-content\/uploads\/2025\/07\/disintegrated-OTR-tires-16x12.webp 16w\" sizes=\"(max-width: 720px) 100vw, 720px\" \/><\/a> \t\t\t<\/div> \t\t\t\t<figcaption class='wp-caption-text gallery-caption' id='gallery-2-17398'> \t\t\t\tpneus OTR desintegrados \t\t\t\t<\/figcaption><\/figure> \t\t<\/div>  <p>O tamanho dos peda\u00e7os de borracha triturada pode ser ajustado mudando a tela. Uma faixa de sa\u00edda t\u00edpica \u00e9 de 50-100 mm para acomodar diferentes requisitos de processamento subsequente.<\/p> <figure id=\"attachment_17407\" aria-describedby=\"caption-attachment-17407\" style=\"width: 720px\" class=\"wp-caption alignnone\"><img loading=\"lazy\" decoding=\"async\" class=\"wp-image-17407 size-full\" src=\"https:\/\/recyclingequipinc.com\/wp-content\/uploads\/2025\/07\/uniform-tire-blocks.webp\" alt=\"blocos de pneus uniformes\" width=\"720\" height=\"540\" srcset=\"https:\/\/recyclingequipinc.com\/wp-content\/uploads\/2025\/07\/uniform-tire-blocks.webp 720w, https:\/\/recyclingequipinc.com\/wp-content\/uploads\/2025\/07\/uniform-tire-blocks-300x225.webp 300w, https:\/\/recyclingequipinc.com\/wp-content\/uploads\/2025\/07\/uniform-tire-blocks-16x12.webp 16w\" sizes=\"(max-width: 720px) 100vw, 720px\" \/><figcaption id=\"caption-attachment-17407\" class=\"wp-caption-text\">blocos de pneus uniformes<\/figcaption><\/figure> <h2>Principais caracter\u00edsticas do destruidor de borracha \u00e0 venda<\/h2> <ul> <li data-start=\"78\" data-end=\"181\"> <p data-start=\"81\" data-end=\"181\" class=\"translation-block\"><strong data-start=\"81\" data-end=\"101\">Ampla Aplica\u00e7\u00e3o: <\/strong>Adequado para todos os tipos de pneus usados, incluindo pneus de carro, cami\u00e3o, OTR, etc.<\/p> <\/li> <li data-start=\"182\" data-end=\"280\"> <p data-start=\"185\" data-end=\"280\" class=\"translation-block\"><strong data-start=\"185\" data-end=\"207\">Tritura\u00e7\u00e3o Potente: <\/strong>Design de alto torque e baixa velocidade garante um desempenho forte e eficiente.<\/p> <\/li> <li data-start=\"281\" data-end=\"368\"> <p data-start=\"284\" data-end=\"368\" class=\"translation-block\"><strong data-start=\"284\" data-end=\"304\">Estrutura Robusta: <\/strong>Estrutura de servi\u00e7o pesado constru\u00edda para opera\u00e7\u00e3o cont\u00ednua e est\u00e1vel.<\/p> <\/li> <li data-start=\"369\" data-end=\"458\"> <p data-start=\"372\" data-end=\"458\" class=\"translation-block\"><strong data-start=\"372\" data-end=\"390\">Sa\u00edda Uniforme: <\/strong>Blocos de borracha limpos e de tamanho uniforme, ideais para processamento posterior.<\/p> <\/li> <li data-start=\"459\" data-end=\"570\"> <p data-start=\"462\" data-end=\"570\" class=\"translation-block\"><strong data-start=\"462\" data-end=\"483\">Grelha Ajust\u00e1vel: <\/strong>Tamanho da sa\u00edda ajust\u00e1vel (tipicamente 50\u2013100 mm); a grelha \u00e9 f\u00e1cil de substituir e manter.<\/p> <\/li> <li data-start=\"571\" data-end=\"676\"> <p data-start=\"574\" data-end=\"676\" class=\"translation-block\"><strong data-start=\"574\" data-end=\"598\">P\u00f3s-Venda Fi\u00e1vel: <\/strong>Garantia fornecida com instala\u00e7\u00e3o no local e suporte t\u00e9cnico opcionais.<\/p> <\/li> <\/ul> <div id='gallery-3' class='gallery galleryid-17387 gallery-columns-3 gallery-size-full'><figure class='gallery-item'> \t\t\t<div class='gallery-icon landscape'> \t\t\t\t<a href='https:\/\/recyclingequipinc.com\/pt\/?attachment_id=17405'><img loading=\"lazy\" decoding=\"async\" width=\"720\" height=\"540\" src=\"https:\/\/recyclingequipinc.com\/wp-content\/uploads\/2025\/07\/tire-shredding-machine-screens.webp\" class=\"attachment-full size-full\" alt=\"telhas de m\u00e1quina de tritura\u00e7\u00e3o de pneus\" aria-describedby=\"gallery-3-17405\" srcset=\"https:\/\/recyclingequipinc.com\/wp-content\/uploads\/2025\/07\/tire-shredding-machine-screens.webp 720w, https:\/\/recyclingequipinc.com\/wp-content\/uploads\/2025\/07\/tire-shredding-machine-screens-300x225.webp 300w, https:\/\/recyclingequipinc.com\/wp-content\/uploads\/2025\/07\/tire-shredding-machine-screens-16x12.webp 16w\" sizes=\"(max-width: 720px) 100vw, 720px\" \/><\/a> \t\t\t<\/div> \t\t\t\t<figcaption class='wp-caption-text gallery-caption' id='gallery-3-17405'> \t\t\t\ttelhas de m\u00e1quina de tritura\u00e7\u00e3o de pneus \t\t\t\t<\/figcaption><\/figure><figure class='gallery-item'> \t\t\t<div class='gallery-icon landscape'> \t\t\t\t<a href='https:\/\/recyclingequipinc.com\/pt\/?attachment_id=17397'><img loading=\"lazy\" decoding=\"async\" width=\"720\" height=\"540\" src=\"https:\/\/recyclingequipinc.com\/wp-content\/uploads\/2025\/07\/blades-of-tire-rubber-shredders.webp\" class=\"attachment-full size-full\" alt=\"l\u00e2minas de trituradores de borracha de pneus\" aria-describedby=\"gallery-3-17397\" srcset=\"https:\/\/recyclingequipinc.com\/wp-content\/uploads\/2025\/07\/blades-of-tire-rubber-shredders.webp 720w, https:\/\/recyclingequipinc.com\/wp-content\/uploads\/2025\/07\/blades-of-tire-rubber-shredders-300x225.webp 300w, https:\/\/recyclingequipinc.com\/wp-content\/uploads\/2025\/07\/blades-of-tire-rubber-shredders-16x12.webp 16w\" sizes=\"(max-width: 720px) 100vw, 720px\" \/><\/a> \t\t\t<\/div> \t\t\t\t<figcaption class='wp-caption-text gallery-caption' id='gallery-3-17397'> \t\t\t\tl\u00e2minas de trituradores de borracha de pneus \t\t\t\t<\/figcaption><\/figure> \t\t<\/div>  <h2>Lista de m\u00e1quinas de destrui\u00e7\u00e3o de borracha<\/h2> <p>Um triturador de pneus usado profissionalmente, projetado para cortar todos os tipos de pneus em blocos de borracha uniformes (50\u2013100 mm), ideal para reciclagem, moagem ou uso como combust\u00edvel alternativo. Esses trituradores de pneus est\u00e3o dispon\u00edveis em v\u00e1rios modelos para atender \u00e0s suas necessidades de produ\u00e7\u00e3o.<\/p> <table> <thead> <tr> <th><strong>Modelo<\/strong><\/th> <th><strong>SL-900<\/strong><\/th> <th><strong>SL-1000<\/strong><\/th> <th><strong>SL-1200<\/strong><\/th> <th><strong>SL-1500<\/strong><\/th> <th><strong>SL-1800<\/strong><\/th> <\/tr> <\/thead> <tbody> <tr> <td><strong>Capacidade<\/strong><\/td> <td>2 toneladas\/h<\/td> <td>4 toneladas\/h<\/td> <td>5\u20136 toneladas\/h<\/td> <td>8\u201310 toneladas\/h<\/td> <td>15\u201320 toneladas\/h<\/td> <\/tr> <tr> <td><strong>Tamanho de entrada<\/strong><\/td> <td>\u2264900 mm<\/td> <td>\u22641000 mm<\/td> <td>\u22641200 mm<\/td> <td>\u22641200 mm<\/td> <td>\u22641400 mm<\/td> <\/tr> <tr> <td><strong>Tamanho da Sa\u00edda<\/strong><\/td> <td>50 mm<\/td> <td>60 mm<\/td> <td>60 mm<\/td> <td>75 mm<\/td> <td>100 mm<\/td> <\/tr> <tr> <td><strong>Pot\u00eancia do Motor<\/strong><\/td> <td>64,5 kW<\/td> <td>94,5 kW<\/td> <td>157 kW<\/td> <td>188,5 kW<\/td> <td>328,5 kW<\/td> <\/tr> <tr> <td><strong>Especifica\u00e7\u00f5es da L\u00e2mina<\/strong><\/td> <td>360 mm \u00d8 \/ 50 mm de espessura \/ 16 pcs<\/td> <td>440 mm \u00d8 \/ 50 mm de espessura \/ 16 pcs<\/td> <td>510 mm \u00d8 \/ 60 mm de espessura \/ 18 pcs<\/td> <td>580 mm \u00d8 \/ 75 mm de espessura \/ 20 pcs<\/td> <td>650 mm \u00d8 \/ 100 mm de espessura \/ 18 pcs<\/td> <\/tr> <tr> <td><strong>Peso da M\u00e1quina<\/strong><\/td> <td>10 toneladas<\/td> <td>13 toneladas<\/td> <td>15,8 toneladas<\/td> <td>18,6 toneladas<\/td> <td>26 toneladas<\/td> <\/tr> <tr> <td><strong>Pegada<\/strong><\/td> <td>9*5*2.8 m<\/td> <td>10*6*3.2 m<\/td> <td>10*6*3.2 m<\/td> <td>20*10*3,5 m<\/td> <td>20*12*4 m<\/td> <\/tr> <tr> <td><strong>Tamanho do transportador<\/strong><\/td> <td>7200*950 mm<\/td> <td>7200*1150 mm<\/td> <td>7200*1350 mm<\/td> <td>7200*1350 mm<\/td> <td>7200*1550 mm<\/td> <\/tr> <tr> <td><strong>Material da l\u00e2mina<\/strong><\/td> <td>Composto de a\u00e7o liga<\/td> <td>Composto de a\u00e7o liga<\/td> <td>Composto de a\u00e7o liga<\/td> <td>Composto de a\u00e7o liga<\/td> <td>Composto de a\u00e7o liga<\/td> <\/tr> <\/tbody> <\/table> <div id='gallery-4' class='gallery galleryid-17387 gallery-columns-3 gallery-size-full'><figure class='gallery-item'> \t\t\t<div class='gallery-icon landscape'> \t\t\t\t<a href='https:\/\/recyclingequipinc.com\/pt\/?attachment_id=17404'><img loading=\"lazy\" decoding=\"async\" width=\"720\" height=\"540\" src=\"https:\/\/recyclingequipinc.com\/wp-content\/uploads\/2025\/07\/tire-rubber-shredder-for-sale.webp\" class=\"attachment-full size-full\" alt=\"triturador de borracha de pneus \u00e0 venda\" aria-describedby=\"gallery-4-17404\" srcset=\"https:\/\/recyclingequipinc.com\/wp-content\/uploads\/2025\/07\/tire-rubber-shredder-for-sale.webp 720w, https:\/\/recyclingequipinc.com\/wp-content\/uploads\/2025\/07\/tire-rubber-shredder-for-sale-300x225.webp 300w, https:\/\/recyclingequipinc.com\/wp-content\/uploads\/2025\/07\/tire-rubber-shredder-for-sale-16x12.webp 16w\" sizes=\"(max-width: 720px) 100vw, 720px\" \/><\/a> \t\t\t<\/div> \t\t\t\t<figcaption class='wp-caption-text gallery-caption' id='gallery-4-17404'> \t\t\t\ttriturador de borracha de pneus \u00e0 venda \t\t\t\t<\/figcaption><\/figure><figure class='gallery-item'> \t\t\t<div class='gallery-icon landscape'> \t\t\t\t<a href='https:\/\/recyclingequipinc.com\/pt\/?attachment_id=17402'><img loading=\"lazy\" decoding=\"async\" width=\"720\" height=\"534\" src=\"https:\/\/recyclingequipinc.com\/wp-content\/uploads\/2025\/07\/rubber-shredding-machine.webp\" class=\"attachment-full size-full\" alt=\"m\u00e1quina de tritura\u00e7\u00e3o de borracha\" aria-describedby=\"gallery-4-17402\" srcset=\"https:\/\/recyclingequipinc.com\/wp-content\/uploads\/2025\/07\/rubber-shredding-machine.webp 720w, https:\/\/recyclingequipinc.com\/wp-content\/uploads\/2025\/07\/rubber-shredding-machine-300x223.webp 300w, https:\/\/recyclingequipinc.com\/wp-content\/uploads\/2025\/07\/rubber-shredding-machine-16x12.webp 16w\" sizes=\"(max-width: 720px) 100vw, 720px\" \/><\/a> \t\t\t<\/div> \t\t\t\t<figcaption class='wp-caption-text gallery-caption' id='gallery-4-17402'> \t\t\t\tm\u00e1quina de tritura\u00e7\u00e3o de borracha \t\t\t\t<\/figcaption><\/figure><figure class='gallery-item'> \t\t\t<div class='gallery-icon landscape'> \t\t\t\t<a href='https:\/\/recyclingequipinc.com\/pt\/?attachment_id=17401'><img loading=\"lazy\" decoding=\"async\" width=\"720\" height=\"540\" src=\"https:\/\/recyclingequipinc.com\/wp-content\/uploads\/2025\/07\/rubber-shredder-for-sale.webp\" class=\"attachment-full size-full\" alt=\"triturador de borracha \u00e0 venda\" aria-describedby=\"gallery-4-17401\" srcset=\"https:\/\/recyclingequipinc.com\/wp-content\/uploads\/2025\/07\/rubber-shredder-for-sale.webp 720w, https:\/\/recyclingequipinc.com\/wp-content\/uploads\/2025\/07\/rubber-shredder-for-sale-300x225.webp 300w, https:\/\/recyclingequipinc.com\/wp-content\/uploads\/2025\/07\/rubber-shredder-for-sale-16x12.webp 16w\" sizes=\"(max-width: 720px) 100vw, 720px\" \/><\/a> \t\t\t<\/div> \t\t\t\t<figcaption class='wp-caption-text gallery-caption' id='gallery-4-17401'> \t\t\t\ttriturador de borracha \u00e0 venda \t\t\t\t<\/figcaption><\/figure> \t\t<\/div>  <h2>Princ\u00edpio de funcionamento da m\u00e1quina de tritura\u00e7\u00e3o de pneus \u00e0 venda<\/h2> <p data-start=\"243\" data-end=\"443\">Este triturador de borracha \u00e0 venda adota um design de corte de eixo duplo para quebrar eficientemente pneus em sucata. Uma caracter\u00edstica chave \u00e9 a sua tela rotativa externa\u2014materiais em excesso que n\u00e3o atendem ao tamanho de sa\u00edda definido ser\u00e3o rotacionados de volta para o funil e triturados novamente, garantindo uma granularidade consistente e minimizando o manuseio manual.<\/p> <p data-start=\"671\" data-end=\"1056\" class=\"translation-block\">Movida por um <strong data-start=\"683\" data-end=\"715\">motor de baixa velocidade e alto torque<\/strong>, a m\u00e1quina oferece for\u00e7a de corte poderosa, menor desgaste e longa vida \u00fatil. Este design torna-a ideal para sistemas de tritura\u00e7\u00e3o de pneus usados, reciclagem de borracha industrial e para iniciar ou expandir um neg\u00f3cio de tritura\u00e7\u00e3o de pneus. Tamb\u00e9m pode funcionar em combina\u00e7\u00e3o com granuladores de pneus para redu\u00e7\u00e3o adicional de tamanho.<\/p> <figure id=\"attachment_17406\" aria-describedby=\"caption-attachment-17406\" style=\"width: 720px\" class=\"wp-caption alignnone\"><img loading=\"lazy\" decoding=\"async\" class=\"wp-image-17406 size-full\" src=\"https:\/\/recyclingequipinc.com\/wp-content\/uploads\/2025\/07\/tires-fed-into-the-tyre-crusher.webp\" alt=\"pneus alimentados na trituradora de pneus\" width=\"720\" height=\"540\" srcset=\"https:\/\/recyclingequipinc.com\/wp-content\/uploads\/2025\/07\/tires-fed-into-the-tyre-crusher.webp 720w, https:\/\/recyclingequipinc.com\/wp-content\/uploads\/2025\/07\/tires-fed-into-the-tyre-crusher-300x225.webp 300w, https:\/\/recyclingequipinc.com\/wp-content\/uploads\/2025\/07\/tires-fed-into-the-tyre-crusher-16x12.webp 16w\" sizes=\"(max-width: 720px) 100vw, 720px\" \/><figcaption id=\"caption-attachment-17406\" class=\"wp-caption-text\">pneus alimentados na trituradora de pneus<\/figcaption><\/figure> <h2 data-start=\"75\" data-end=\"118\">Comece a lucrar com res\u00edduos de pneus hoje<\/h2> <p data-start=\"119\" data-end=\"331\">Os nossos trituradores de pneus de borracha avan\u00e7ados ajudam-no a transformar pneus em sucata em materiais valiosos com facilidade e efici\u00eancia. Contacte a nossa equipa de especialistas via WhatsApp: +86 17303831295 para uma consulta gratuita e or\u00e7amento da m\u00e1quina!<\/p>","protected":false},"excerpt":{"rendered":"<p>A Shuliy oferece uma ampla gama de trituradores de borracha para pneus com capacidade de 2-20 t\/h para a tritura\u00e7\u00e3o potente de pneus e borracha descartados. O tamanho dos blocos de borracha resultantes \u00e9 ajust\u00e1vel dentro da faixa de 50-100 mm, gra\u00e7as \u00e0 cobertura da tela.<\/p>","protected":false},"featured_media":17403,"template":"","meta":{"site-sidebar-layout":"default","site-content-layout":"","ast-site-content-layout":"default","site-content-style":"default","site-sidebar-style":"default","ast-global-header-display":"","ast-banner-title-visibility":"","ast-main-header-display":"","ast-hfb-above-header-display":"","ast-hfb-below-header-display":"","ast-hfb-mobile-header-display":"","site-post-title":"","ast-breadcrumbs-content":"","ast-featured-img":"","footer-sml-layout":"","ast-disable-related-posts":"","theme-transparent-header-meta":"default","adv-header-id-meta":"","stick-header-meta":"","header-above-stick-meta":"","header-main-stick-meta":"","header-below-stick-meta":"","astra-migrate-meta-layouts":"set","ast-page-background-enabled":"default","ast-page-background-meta":{"desktop":{"background-color":"","background-image":"","background-repeat":"repeat","background-position":"center center","background-size":"auto","background-attachment":"scroll","background-type":"","background-media":"","overlay-type":"","overlay-color":"","overlay-opacity":"","overlay-gradient":""},"tablet":{"background-color":"","background-image":"","background-repeat":"repeat","background-position":"center center","background-size":"auto","background-attachment":"scroll","background-type":"","background-media":"","overlay-type":"","overlay-color":"","overlay-opacity":"","overlay-gradient":""},"mobile":{"background-color":"","background-image":"","background-repeat":"repeat","background-position":"center center","background-size":"auto","background-attachment":"scroll","background-type":"","background-media":"","overlay-type":"","overlay-color":"","overlay-opacity":"","overlay-gradient":""}},"ast-content-background-meta":{"desktop":{"background-color":"var(--ast-global-color-5)","background-image":"","background-repeat":"repeat","background-position":"center center","background-size":"auto","background-attachment":"scroll","background-type":"","background-media":"","overlay-type":"","overlay-color":"","overlay-opacity":"","overlay-gradient":""},"tablet":{"background-color":"var(--ast-global-color-5)","background-image":"","background-repeat":"repeat","background-position":"center center","background-size":"auto","background-attachment":"scroll","background-type":"","background-media":"","overlay-type":"","overlay-color":"","overlay-opacity":"","overlay-gradient":""},"mobile":{"background-color":"var(--ast-global-color-5)","background-image":"","background-repeat":"repeat","background-position":"center center","background-size":"auto","background-attachment":"scroll","background-type":"","background-media":"","overlay-type":"","overlay-color":"","overlay-opacity":"","overlay-gradient":""}}},"product_brand":[],"product_cat":[128],"product_tag":[],"class_list":{"0":"post-17387","1":"product","2":"type-product","3":"status-publish","4":"has-post-thumbnail","6":"product_cat-tire-recycling-machine","7":"desktop-align-center","8":"tablet-align-center","9":"mobile-align-center","11":"first","12":"instock","13":"shipping-taxable","14":"product-type-simple"},"_links":{"self":[{"href":"https:\/\/recyclingequipinc.com\/pt\/wp-json\/wp\/v2\/product\/17387","targetHints":{"allow":["GET"]}}],"collection":[{"href":"https:\/\/recyclingequipinc.com\/pt\/wp-json\/wp\/v2\/product"}],"about":[{"href":"https:\/\/recyclingequipinc.com\/pt\/wp-json\/wp\/v2\/types\/product"}],"version-history":[{"count":0,"href":"https:\/\/recyclingequipinc.com\/pt\/wp-json\/wp\/v2\/product\/17387\/revisions"}],"wp:featuredmedia":[{"embeddable":true,"href":"https:\/\/recyclingequipinc.com\/pt\/wp-json\/wp\/v2\/media\/17403"}],"wp:attachment":[{"href":"https:\/\/recyclingequipinc.com\/pt\/wp-json\/wp\/v2\/media?parent=17387"}],"wp:term":[{"taxonomy":"product_brand","embeddable":true,"href":"https:\/\/recyclingequipinc.com\/pt\/wp-json\/wp\/v2\/product_brand?post=17387"},{"taxonomy":"product_cat","embeddable":true,"href":"https:\/\/recyclingequipinc.com\/pt\/wp-json\/wp\/v2\/product_cat?post=17387"},{"taxonomy":"product_tag","embeddable":true,"href":"https:\/\/recyclingequipinc.com\/pt\/wp-json\/wp\/v2\/product_tag?post=17387"}],"curies":[{"name":"wp","href":"https:\/\/api.w.org\/{rel}","templated":true}]}}