{"id":17366,"date":"2025-07-07T14:33:25","date_gmt":"2025-07-07T06:33:25","guid":{"rendered":"https:\/\/recyclingequipinc.com\/?post_type=product&#038;p=17366"},"modified":"2025-07-07T14:33:25","modified_gmt":"2025-07-07T06:33:25","slug":"plastic-bag-shredder","status":"publish","type":"product","link":"https:\/\/recyclingequipinc.com\/pt\/product\/plastic-bag-shredder\/","title":{"rendered":"Triturador de Sacos Pl\u00e1sticos para Reciclagem de Res\u00edduos Pl\u00e1sticos Macios"},"content":{"rendered":"<p>Na crescente ind\u00fastria de reciclagem de pl\u00e1sticos, ter o equipamento certo pode melhorar significativamente a sua efici\u00eancia e a qualidade da produ\u00e7\u00e3o. O nosso triturador de sacos pl\u00e1sticos \u00e9 uma m\u00e1quina de alto desempenho, especialmente projetada para triturar todos os tipos de filmes e sacos pl\u00e1sticos flex\u00edveis, incluindo LDPE, HDPE e outros materiais de embalagem flex\u00edveis. Quer esteja a processar res\u00edduos p\u00f3s-consumo ou sobras de filmes industriais, este triturador oferece uma solu\u00e7\u00e3o poderosa e fi\u00e1vel.<\/p> <h2>O que \u00e9 um triturador de sacos pl\u00e1sticos?<\/h2> <p data-start=\"793\" data-end=\"1114\">Um triturador de sacos pl\u00e1sticos \u00e9 uma m\u00e1quina que reduz o tamanho dos sacos pl\u00e1sticos em peda\u00e7os menores e uniformes, adequados para lavagem, secagem e reciclagem adicional. \u00c9 uma parte crucial de qualquer linha de reciclagem de filmes pl\u00e1sticos, especialmente para materiais macios e leves que s\u00e3o dif\u00edceis de processar com trituradores convencionais.<\/p> <p data-start=\"1116\" data-end=\"1139\">A nossa m\u00e1quina pode lidar com:<\/p> <ul data-start=\"1140\" data-end=\"1329\"> <li data-start=\"1140\" data-end=\"1171\"> <p data-start=\"1142\" data-end=\"1171\">Sacolas de compras em LDPE e HDPE<\/p> <\/li> <li data-start=\"1172\" data-end=\"1205\"> <p data-start=\"1174\" data-end=\"1205\">Sacos de lixo e forros de lixo<\/p> <\/li> <li data-start=\"1206\" data-end=\"1234\"> <p data-start=\"1208\" data-end=\"1234\">Filmes esticados industriais<\/p> <\/li> <li data-start=\"1235\" data-end=\"1280\"> <p data-start=\"1237\" data-end=\"1280\">Filmes de embalagem de alimentos e embalagens pl\u00e1sticas<\/p> <\/li> <li data-start=\"1281\" data-end=\"1329\"> <p data-start=\"1283\" data-end=\"1329\">Filmes de mulching agr\u00edcola e coberturas de estufas<\/p> <\/li> <\/ul> <div id='gallery-1' class='gallery galleryid-17366 gallery-columns-3 gallery-size-full'><figure class='gallery-item'> \t\t\t<div class='gallery-icon landscape'> \t\t\t\t<a href='https:\/\/recyclingequipinc.com\/pt\/?attachment_id=17380'><img fetchpriority=\"high\" decoding=\"async\" width=\"740\" height=\"540\" src=\"https:\/\/recyclingequipinc.com\/wp-content\/uploads\/2025\/07\/woven-bags.webp\" class=\"attachment-full size-full\" alt=\"sacos de tecido\" aria-describedby=\"gallery-1-17380\" srcset=\"https:\/\/recyclingequipinc.com\/wp-content\/uploads\/2025\/07\/woven-bags.webp 740w, https:\/\/recyclingequipinc.com\/wp-content\/uploads\/2025\/07\/woven-bags-300x219.webp 300w, https:\/\/recyclingequipinc.com\/wp-content\/uploads\/2025\/07\/woven-bags-16x12.webp 16w\" sizes=\"(max-width: 740px) 100vw, 740px\" \/><\/a> \t\t\t<\/div> \t\t\t\t<figcaption class='wp-caption-text gallery-caption' id='gallery-1-17380'> \t\t\t\tsacos de tecido \t\t\t\t<\/figcaption><\/figure><figure class='gallery-item'> \t\t\t<div class='gallery-icon landscape'> \t\t\t\t<a href='https:\/\/recyclingequipinc.com\/pt\/?attachment_id=17372'><img decoding=\"async\" width=\"720\" height=\"540\" src=\"https:\/\/recyclingequipinc.com\/wp-content\/uploads\/2025\/07\/packaging-PE-films.webp\" class=\"attachment-full size-full\" alt=\"Filmes de PE para embalagem\" aria-describedby=\"gallery-1-17372\" srcset=\"https:\/\/recyclingequipinc.com\/wp-content\/uploads\/2025\/07\/packaging-PE-films.webp 720w, https:\/\/recyclingequipinc.com\/wp-content\/uploads\/2025\/07\/packaging-PE-films-300x225.webp 300w, https:\/\/recyclingequipinc.com\/wp-content\/uploads\/2025\/07\/packaging-PE-films-16x12.webp 16w\" sizes=\"(max-width: 720px) 100vw, 720px\" \/><\/a> \t\t\t<\/div> \t\t\t\t<figcaption class='wp-caption-text gallery-caption' id='gallery-1-17372'> \t\t\t\tFilmes de PE para embalagem \t\t\t\t<\/figcaption><\/figure><figure class='gallery-item'> \t\t\t<div class='gallery-icon landscape'> \t\t\t\t<a href='https:\/\/recyclingequipinc.com\/pt\/?attachment_id=17369'><img decoding=\"async\" width=\"720\" height=\"540\" src=\"https:\/\/recyclingequipinc.com\/wp-content\/uploads\/2025\/07\/agricultural-film.webp\" class=\"attachment-full size-full\" alt=\"Filme agr\u00edcola\" aria-describedby=\"gallery-1-17369\" srcset=\"https:\/\/recyclingequipinc.com\/wp-content\/uploads\/2025\/07\/agricultural-film.webp 720w, https:\/\/recyclingequipinc.com\/wp-content\/uploads\/2025\/07\/agricultural-film-300x225.webp 300w, https:\/\/recyclingequipinc.com\/wp-content\/uploads\/2025\/07\/agricultural-film-16x12.webp 16w\" sizes=\"(max-width: 720px) 100vw, 720px\" \/><\/a> \t\t\t<\/div> \t\t\t\t<figcaption class='wp-caption-text gallery-caption' id='gallery-1-17369'> \t\t\t\tFilme agr\u00edcola \t\t\t\t<\/figcaption><\/figure> \t\t<\/div>  <h3 data-start=\"1336\" data-end=\"1393\">Principais caracter\u00edsticas do nosso triturador e picador de sacos pl\u00e1sticos<\/h3> <ul data-start=\"1395\" data-end=\"2004\"> <li data-start=\"1395\" data-end=\"1545\"> <p data-start=\"1397\" data-end=\"1545\" class=\"translation-block\"><strong data-start=\"1397\" data-end=\"1431\">Sistema de Corte de Alta Efici\u00eancia<\/strong>: Equipado com l\u00e2minas de rota\u00e7\u00e3o de alta velocidade e facas fixas, alcan\u00e7ando uma redu\u00e7\u00e3o de tamanho consistente de pl\u00e1sticos macios.<\/p> <\/li> <li data-start=\"1546\" data-end=\"1676\"> <p data-start=\"1548\" data-end=\"1676\" class=\"translation-block\"><strong data-start=\"1548\" data-end=\"1571\">Design Anti-Enrolamento<\/strong>: Otimizado para filmes finos e flex\u00edveis que tendem a enrolar-se nos eixos \u2014 perfeito para sacos e filmes de embalagem.<\/p> <\/li> <li data-start=\"1677\" data-end=\"1775\"> <p data-start=\"1679\" data-end=\"1775\" class=\"translation-block\"><strong data-start=\"1679\" data-end=\"1699\">Estrutura Robusta<\/strong>: Feito com a\u00e7o resistente ao desgaste para garantir durabilidade e longa vida \u00fatil.<\/p> <\/li> <li data-start=\"1776\" data-end=\"1882\"> <p data-start=\"1778\" data-end=\"1882\" class=\"translation-block\"><strong data-start=\"1778\" data-end=\"1807\">Tamanhos de Ecr\u00e3 Personaliz\u00e1veis<\/strong>: Permite tamanhos de sa\u00edda ajust\u00e1veis dependendo dos seus requisitos a jusante.<\/p> <\/li> <li data-start=\"1883\" data-end=\"2004\"> <p data-start=\"1885\" data-end=\"2004\" class=\"translation-block\"><strong data-start=\"1885\" data-end=\"1924\">Sistema Opcional de Transportador e Ventilador<\/strong>: Permite alimenta\u00e7\u00e3o e descarga automatizadas, ideal para linhas de reciclagem integradas.<\/p> <\/li> <\/ul> <div id='gallery-2' class='gallery galleryid-17366 gallery-columns-3 gallery-size-full'><figure class='gallery-item'> \t\t\t<div class='gallery-icon landscape'> \t\t\t\t<a href='https:\/\/recyclingequipinc.com\/pt\/?attachment_id=17376'><img loading=\"lazy\" decoding=\"async\" width=\"720\" height=\"540\" src=\"https:\/\/recyclingequipinc.com\/wp-content\/uploads\/2025\/07\/plastic-film-crusher-blades.webp\" class=\"attachment-full size-full\" alt=\"l\u00e2minas de triturador de filme pl\u00e1stico\" aria-describedby=\"gallery-2-17376\" srcset=\"https:\/\/recyclingequipinc.com\/wp-content\/uploads\/2025\/07\/plastic-film-crusher-blades.webp 720w, https:\/\/recyclingequipinc.com\/wp-content\/uploads\/2025\/07\/plastic-film-crusher-blades-300x225.webp 300w, https:\/\/recyclingequipinc.com\/wp-content\/uploads\/2025\/07\/plastic-film-crusher-blades-16x12.webp 16w\" sizes=\"(max-width: 720px) 100vw, 720px\" \/><\/a> \t\t\t<\/div> \t\t\t\t<figcaption class='wp-caption-text gallery-caption' id='gallery-2-17376'> \t\t\t\tl\u00e2minas de triturador de filme pl\u00e1stico \t\t\t\t<\/figcaption><\/figure><figure class='gallery-item'> \t\t\t<div class='gallery-icon landscape'> \t\t\t\t<a href='https:\/\/recyclingequipinc.com\/pt\/?attachment_id=17377'><img loading=\"lazy\" decoding=\"async\" width=\"720\" height=\"540\" src=\"https:\/\/recyclingequipinc.com\/wp-content\/uploads\/2025\/07\/screen-of-the-plastic-film-shredder.webp\" class=\"attachment-full size-full\" alt=\"tela do triturador de filme pl\u00e1stico\" aria-describedby=\"gallery-2-17377\" srcset=\"https:\/\/recyclingequipinc.com\/wp-content\/uploads\/2025\/07\/screen-of-the-plastic-film-shredder.webp 720w, https:\/\/recyclingequipinc.com\/wp-content\/uploads\/2025\/07\/screen-of-the-plastic-film-shredder-300x225.webp 300w, https:\/\/recyclingequipinc.com\/wp-content\/uploads\/2025\/07\/screen-of-the-plastic-film-shredder-16x12.webp 16w\" sizes=\"(max-width: 720px) 100vw, 720px\" \/><\/a> \t\t\t<\/div> \t\t\t\t<figcaption class='wp-caption-text gallery-caption' id='gallery-2-17377'> \t\t\t\ttela do triturador de filme pl\u00e1stico \t\t\t\t<\/figcaption><\/figure><figure class='gallery-item'> \t\t\t<div class='gallery-icon landscape'> \t\t\t\t<a href='https:\/\/recyclingequipinc.com\/pt\/?attachment_id=17373'><img loading=\"lazy\" decoding=\"async\" width=\"720\" height=\"540\" src=\"https:\/\/recyclingequipinc.com\/wp-content\/uploads\/2025\/07\/plastic-bag-shredder-for-sale.webp\" class=\"attachment-full size-full\" alt=\"triturador de sacos pl\u00e1sticos \u00e0 venda\" aria-describedby=\"gallery-2-17373\" srcset=\"https:\/\/recyclingequipinc.com\/wp-content\/uploads\/2025\/07\/plastic-bag-shredder-for-sale.webp 720w, https:\/\/recyclingequipinc.com\/wp-content\/uploads\/2025\/07\/plastic-bag-shredder-for-sale-300x225.webp 300w, https:\/\/recyclingequipinc.com\/wp-content\/uploads\/2025\/07\/plastic-bag-shredder-for-sale-16x12.webp 16w\" sizes=\"(max-width: 720px) 100vw, 720px\" \/><\/a> \t\t\t<\/div> \t\t\t\t<figcaption class='wp-caption-text gallery-caption' id='gallery-2-17373'> \t\t\t\ttriturador de sacos pl\u00e1sticos \u00e0 venda \t\t\t\t<\/figcaption><\/figure> \t\t<\/div>  <h2>Especifica\u00e7\u00f5es t\u00e9cnicas do nosso triturador de filme pl\u00e1stico<\/h2> <table> <thead> <tr> <th><strong>Modelo<\/strong><\/th> <th><strong>SLSP-600<\/strong><\/th> <th><strong>SLSP-800<\/strong><\/th> <th><strong>SLSP-1000<\/strong><\/th> <\/tr> <\/thead> <tbody> <tr> <td><strong>Pot\u00eancia do Motor<\/strong><\/td> <td>30 kW<\/td> <td>45 kW<\/td> <td>55 kW<\/td> <\/tr> <tr> <td><strong>Capacidade<\/strong><\/td> <td>600\u2013800 kg\/h<\/td> <td>800\u20131000 kg\/h<\/td> <td>1000\u20131200 kg\/h<\/td> <\/tr> <tr> <td><strong>Mat\u00e9rias-primas aplic\u00e1veis<\/strong><\/td> <td>filme PE, filme LDPE, filme HDPE, filme de mulching agr\u00edcola, filme de estufa, sacos de pl\u00e1stico para compras, sacos de lixo, filme stretch, filme retr\u00e1til, filme impresso, embalagens de pl\u00e1stico macio, filme de embalagem<\/td> <td>Mesma que \u00e0 esquerda<\/td> <td>Mesma que \u00e0 esquerda<\/td> <\/tr> <tr> <td><strong>Tamanho final da sa\u00edda<\/strong><\/td> <td>40\u201350 mm (tamanho da tela ajust\u00e1vel)<\/td> <td>40\u201350 mm<\/td> <td>40\u201350 mm<\/td> <\/tr> <tr> <td><strong>Material da Faca<\/strong><\/td> <td>60Si2Mn<\/td> <td>60Si2Mn<\/td> <td>60Si2Mn<\/td> <\/tr> <tr> <td><strong>N\u00famero de Facas Rotativas<\/strong><\/td> <td>10 pcs<\/td> <td>10 pcs<\/td> <td>10 pcs<\/td> <\/tr> <tr> <td><strong>Largura da Caixa do Triturador<\/strong><\/td> <td>600 mm<\/td> <td>800 mm<\/td> <td>1000 mm<\/td> <\/tr> <tr> <td><strong>Material do Quadro da M\u00e1quina<\/strong><\/td> <td>A\u00e7o inoxid\u00e1vel de alta qualidade<\/td> <td>A\u00e7o inoxid\u00e1vel de alta qualidade<\/td> <td>A\u00e7o inoxid\u00e1vel de alta qualidade<\/td> <\/tr> <tr> <td><strong>Aplica\u00e7\u00f5es Comuns<\/strong><\/td> <td>Picador de sacos pl\u00e1sticos, triturador de filme pl\u00e1stico, picador de filme stretch, triturador de flocos de pl\u00e1stico macio<\/td> <td>Mesma que \u00e0 esquerda<\/td> <td>Mesma que \u00e0 esquerda<\/td> <\/tr> <\/tbody> <\/table> <p class=\"translation-block\"><em>Nota: Modelos personalizados est\u00e3o dispon\u00edveis com base nas suas necessidades de mat\u00e9ria-prima e capacidade.<\/em><\/p> <figure id=\"attachment_17374\" aria-describedby=\"caption-attachment-17374\" style=\"width: 720px\" class=\"wp-caption aligncenter\"><img loading=\"lazy\" decoding=\"async\" class=\"wp-image-17374 size-full\" src=\"https:\/\/recyclingequipinc.com\/wp-content\/uploads\/2025\/07\/plastic-bag-shredder-in-the-factory.webp\" alt=\"destruidor de sacos pl\u00e1sticos na f\u00e1brica\" width=\"720\" height=\"540\" srcset=\"https:\/\/recyclingequipinc.com\/wp-content\/uploads\/2025\/07\/plastic-bag-shredder-in-the-factory.webp 720w, https:\/\/recyclingequipinc.com\/wp-content\/uploads\/2025\/07\/plastic-bag-shredder-in-the-factory-300x225.webp 300w, https:\/\/recyclingequipinc.com\/wp-content\/uploads\/2025\/07\/plastic-bag-shredder-in-the-factory-16x12.webp 16w\" sizes=\"(max-width: 720px) 100vw, 720px\" \/><figcaption id=\"caption-attachment-17374\" class=\"wp-caption-text\">destruidor de sacos pl\u00e1sticos na f\u00e1brica<\/figcaption><\/figure> <p><span style=\"font-size: 1.7em; font-weight: bold;\">Como Funciona o Destruidor de Sacos Pl\u00e1sticos?<\/span><\/p> <p data-start=\"145\" data-end=\"459\">O triturador de sacos pl\u00e1sticos funciona alimentando materiais pl\u00e1sticos macios\u2014como sacos de compras, filmes el\u00e1sticos ou embalagens\u2014em uma c\u00e2mara de corte rotativa. Dentro da c\u00e2mara, l\u00e2minas rotativas de alta velocidade trabalham em conjunto com l\u00e2minas fixas para fatiar e rasgar o pl\u00e1stico em flocos menores e uniformes.<\/p> <p data-start=\"461\" data-end=\"490\">O processo de trabalho inclui:<\/p> <ol data-start=\"492\" data-end=\"913\"> <li data-start=\"492\" data-end=\"564\"> <p data-start=\"495\" data-end=\"564\" class=\"translation-block\"><strong data-start=\"495\" data-end=\"506\">Alimenta\u00e7\u00e3o<\/strong>: Sacos de pl\u00e1stico s\u00e3o carregados manualmente ou atrav\u00e9s de uma esteira transportadora.<\/p> <\/li> <li data-start=\"565\" data-end=\"685\"> <p data-start=\"568\" data-end=\"685\" class=\"translation-block\"><strong data-start=\"568\" data-end=\"591\">Corte e Tritura\u00e7\u00e3o<\/strong>: As l\u00e2minas rotativas cortam o material contra l\u00e2minas fixas, minimizando o entupimento e o enrolamento.<\/p> <\/li> <li data-start=\"686\" data-end=\"802\"> <p data-start=\"689\" data-end=\"802\" class=\"translation-block\"><strong data-start=\"689\" data-end=\"699\">Dimensionamento<\/strong>: Uma peneira sob as l\u00e2minas filtra o material, permitindo a passagem apenas de flocos com o tamanho adequado.<\/p> <\/li> <li data-start=\"803\" data-end=\"913\"> <p data-start=\"806\" data-end=\"913\" class=\"translation-block\"><strong data-start=\"806\" data-end=\"819\">Descarga<\/strong>: O pl\u00e1stico triturado \u00e9 recolhido ou transportado diretamente para o sistema de lavagem ou peletiza\u00e7\u00e3o.<\/p> <\/li> <\/ol> <p data-start=\"915\" data-end=\"1058\">: Muitos modelos apresentam designs de l\u00e2minas anti-enrolamento e sistemas autom\u00e1ticos de revers\u00e3o para evitar atolamentos\u2014tornando-os ideais para pl\u00e1sticos macios e flex\u00edveis.<\/p> <figure id=\"attachment_17370\" aria-describedby=\"caption-attachment-17370\" style=\"width: 720px\" class=\"wp-caption aligncenter\"><img loading=\"lazy\" decoding=\"async\" class=\"wp-image-17370 size-full\" src=\"https:\/\/recyclingequipinc.com\/wp-content\/uploads\/2025\/07\/Conveyor-Belt-Connection-to-Plastic-Film-Crusher.webp\" alt=\"Conex\u00e3o da Correia Transportadora ao Triturador de Filme Pl\u00e1stico\" width=\"720\" height=\"540\" srcset=\"https:\/\/recyclingequipinc.com\/wp-content\/uploads\/2025\/07\/Conveyor-Belt-Connection-to-Plastic-Film-Crusher.webp 720w, https:\/\/recyclingequipinc.com\/wp-content\/uploads\/2025\/07\/Conveyor-Belt-Connection-to-Plastic-Film-Crusher-300x225.webp 300w, https:\/\/recyclingequipinc.com\/wp-content\/uploads\/2025\/07\/Conveyor-Belt-Connection-to-Plastic-Film-Crusher-16x12.webp 16w\" sizes=\"(max-width: 720px) 100vw, 720px\" \/><figcaption id=\"caption-attachment-17370\" class=\"wp-caption-text\">Conex\u00e3o da Correia Transportadora ao Triturador de Filme Pl\u00e1stico<\/figcaption><\/figure> <h2 data-start=\"915\" data-end=\"1058\">Picador de filme pl\u00e1stico eficiente instalado em todo o mundo<\/h2> <p data-start=\"98\" data-end=\"568\" class=\"translation-block\">A nossa m\u00e1quina trituradora de filmes pl\u00e1sticos, conhecida pelo seu <strong data-start=\"150\" data-end=\"264\">design anti-enrolamento, alta efici\u00eancia de tritura\u00e7\u00e3o e compatibilidade com uma vasta gama de materiais pl\u00e1sticos macios<\/strong>, tem sido exportada com sucesso para pa\u00edses como Qu\u00e9nia, \u00c1frica do Sul, Ar\u00e1bia Saudita, M\u00e9xico, etc. Tem ajudado os clientes a melhorar eficientemente a sua capacidade de reciclagem e a reduzir os custos de m\u00e3o de obra, o que tem recebido feedback positivo consistente de clientes globais.<\/p> <p data-start=\"702\" data-end=\"789\">: Para apoiar nossos clientes, fornecemos servi\u00e7os abrangentes de p\u00f3s-venda, incluindo:<\/p> <ul data-start=\"790\" data-end=\"940\"> <li data-start=\"790\" data-end=\"827\"> <p data-start=\"792\" data-end=\"827\" class=\"translation-block\"><strong data-start=\"792\" data-end=\"827\">Instala\u00e7\u00e3o e forma\u00e7\u00e3o no local<\/strong><\/p> <\/li> <li data-start=\"828\" data-end=\"859\"> <p data-start=\"830\" data-end=\"859\" class=\"translation-block\"><strong data-start=\"830\" data-end=\"859\">Garantia de qualidade de um ano<\/strong><\/p> <\/li> <li data-start=\"860\" data-end=\"904\"> <p data-start=\"862\" data-end=\"904\" class=\"translation-block\"><strong data-start=\"862\" data-end=\"904\">Orienta\u00e7\u00e3o por v\u00eddeo e suporte online 24\/7<\/strong><\/p> <\/li> <li data-start=\"905\" data-end=\"940\"> <p data-start=\"907\" data-end=\"940\" class=\"translation-block\"><strong data-start=\"907\" data-end=\"940\">Pe\u00e7as sobressalentes prontamente dispon\u00edveis<\/strong><\/p> <\/li> <\/ul> <p data-start=\"942\" data-end=\"1105\" class=\"translation-block\">\ud83d\udce9 <strong data-start=\"945\" data-end=\"965\">Contacte-nos hoje<\/strong> para obter uma solu\u00e7\u00e3o personalizada para o seu projeto de reciclagem de pel\u00edcula pl\u00e1stica. Deixe-nos ajud\u00e1-lo a iniciar ou atualizar a sua linha de reciclagem com confian\u00e7a! Tamb\u00e9m fornecemos <a href=\"https:\/\/recyclingequipinc.com\/pt\/produto\/waste-plastic-crusher\/\">esmagador de pl\u00e1stico r\u00edgido<\/a>, <a href=\"https:\/\/recyclingequipinc.com\/pt\/produto\/styrofoam-shredder\/\">triturador de esferovite<\/a> e <a href=\"https:\/\/recyclingequipinc.com\/pt\/produto\/pet-plastic-bottle-crushing-machine\/\">trituradores de garrafas PET<\/a>.<\/p>","protected":false},"excerpt":{"rendered":"<p class=\"translation-block\"><strong data-start=\"38\" data-end=\"72\">A trituradora de sacos pl\u00e1sticos da Shuliy<\/strong> \u00e9 constru\u00edda para esmagar pl\u00e1sticos moles de forma eficiente\u2014chega de entupimentos ou enrolamentos. De sacos pl\u00e1sticos a pel\u00edcula esticada, transforma res\u00edduos emaranhados em flocos limpos e uniformes, aumentando a sua produ\u00e7\u00e3o de reciclagem.<\/p>","protected":false},"featured_media":17375,"template":"","meta":{"site-sidebar-layout":"default","site-content-layout":"","ast-site-content-layout":"default","site-content-style":"default","site-sidebar-style":"default","ast-global-header-display":"","ast-banner-title-visibility":"","ast-main-header-display":"","ast-hfb-above-header-display":"","ast-hfb-below-header-display":"","ast-hfb-mobile-header-display":"","site-post-title":"","ast-breadcrumbs-content":"","ast-featured-img":"","footer-sml-layout":"","ast-disable-related-posts":"","theme-transparent-header-meta":"default","adv-header-id-meta":"","stick-header-meta":"","header-above-stick-meta":"","header-main-stick-meta":"","header-below-stick-meta":"","astra-migrate-meta-layouts":"set","ast-page-background-enabled":"default","ast-page-background-meta":{"desktop":{"background-color":"","background-image":"","background-repeat":"repeat","background-position":"center center","background-size":"auto","background-attachment":"scroll","background-type":"","background-media":"","overlay-type":"","overlay-color":"","overlay-opacity":"","overlay-gradient":""},"tablet":{"background-color":"","background-image":"","background-repeat":"repeat","background-position":"center center","background-size":"auto","background-attachment":"scroll","background-type":"","background-media":"","overlay-type":"","overlay-color":"","overlay-opacity":"","overlay-gradient":""},"mobile":{"background-color":"","background-image":"","background-repeat":"repeat","background-position":"center center","background-size":"auto","background-attachment":"scroll","background-type":"","background-media":"","overlay-type":"","overlay-color":"","overlay-opacity":"","overlay-gradient":""}},"ast-content-background-meta":{"desktop":{"background-color":"var(--ast-global-color-5)","background-image":"","background-repeat":"repeat","background-position":"center center","background-size":"auto","background-attachment":"scroll","background-type":"","background-media":"","overlay-type":"","overlay-color":"","overlay-opacity":"","overlay-gradient":""},"tablet":{"background-color":"var(--ast-global-color-5)","background-image":"","background-repeat":"repeat","background-position":"center center","background-size":"auto","background-attachment":"scroll","background-type":"","background-media":"","overlay-type":"","overlay-color":"","overlay-opacity":"","overlay-gradient":""},"mobile":{"background-color":"var(--ast-global-color-5)","background-image":"","background-repeat":"repeat","background-position":"center center","background-size":"auto","background-attachment":"scroll","background-type":"","background-media":"","overlay-type":"","overlay-color":"","overlay-opacity":"","overlay-gradient":""}}},"product_brand":[],"product_cat":[36],"product_tag":[],"class_list":{"0":"post-17366","1":"product","2":"type-product","3":"status-publish","4":"has-post-thumbnail","6":"product_cat-plastic-recycling-machine","7":"desktop-align-center","8":"tablet-align-center","9":"mobile-align-center","11":"first","12":"instock","13":"shipping-taxable","14":"product-type-simple"},"_links":{"self":[{"href":"https:\/\/recyclingequipinc.com\/pt\/wp-json\/wp\/v2\/product\/17366","targetHints":{"allow":["GET"]}}],"collection":[{"href":"https:\/\/recyclingequipinc.com\/pt\/wp-json\/wp\/v2\/product"}],"about":[{"href":"https:\/\/recyclingequipinc.com\/pt\/wp-json\/wp\/v2\/types\/product"}],"version-history":[{"count":0,"href":"https:\/\/recyclingequipinc.com\/pt\/wp-json\/wp\/v2\/product\/17366\/revisions"}],"wp:featuredmedia":[{"embeddable":true,"href":"https:\/\/recyclingequipinc.com\/pt\/wp-json\/wp\/v2\/media\/17375"}],"wp:attachment":[{"href":"https:\/\/recyclingequipinc.com\/pt\/wp-json\/wp\/v2\/media?parent=17366"}],"wp:term":[{"taxonomy":"product_brand","embeddable":true,"href":"https:\/\/recyclingequipinc.com\/pt\/wp-json\/wp\/v2\/product_brand?post=17366"},{"taxonomy":"product_cat","embeddable":true,"href":"https:\/\/recyclingequipinc.com\/pt\/wp-json\/wp\/v2\/product_cat?post=17366"},{"taxonomy":"product_tag","embeddable":true,"href":"https:\/\/recyclingequipinc.com\/pt\/wp-json\/wp\/v2\/product_tag?post=17366"}],"curies":[{"name":"wp","href":"https:\/\/api.w.org\/{rel}","templated":true}]}}