{"id":17320,"date":"2025-06-23T15:49:29","date_gmt":"2025-06-23T07:49:29","guid":{"rendered":"https:\/\/recyclingequipinc.com\/?post_type=product&#038;p=17320"},"modified":"2025-06-23T15:49:29","modified_gmt":"2025-06-23T07:49:29","slug":"tire-block-cutter","status":"publish","type":"product","link":"https:\/\/recyclingequipinc.com\/pt\/product\/tire-block-cutter\/","title":{"rendered":"Cortador de Blocos de Pneus | Reciclagem de Corte de Pneus"},"content":{"rendered":"<p data-start=\"450\" data-end=\"891\">Depois de os pneus serem despojados e cortados em se\u00e7\u00f5es de borracha estreitas, o passo final antes da tritura\u00e7\u00e3o ou granula\u00e7\u00e3o \u00e9 cortar essas tiras em peda\u00e7os menores. A cortadora de blocos de pneus Shuliy \u00e9 uma solu\u00e7\u00e3o robusta e confi\u00e1vel para esta fase cr\u00edtica. Projetada para processar bandas de rodagem de borracha, tiras e pe\u00e7as de parede lateral grossas, nossa m\u00e1quina de corte de blocos de pneus aumenta significativamente a efici\u00eancia da reciclagem e reduz a carga sobre os trituradores a jusante.<\/p> <p data-start=\"893\" data-end=\"1142\" class=\"translation-block\">Oferecemos <strong>dois modelos<\/strong> para atender a diferentes necessidades de capacidade: a M\u00e1quina Padronizada de Corte de Blocos de Pneus e o Cortador de Blocos de Pneus Atualizado, ambos amplamente utilizados em <a href=\"https:\/\/recyclingequipinc.com\/pt\/produto\/waste-tire-recycling-line\/\"><strong data-start=\"1048\" data-end=\"1087\">linhas de reciclagem de pneus semiautom\u00e1ticas<\/strong>.<\/a><\/p> <div id='gallery-1' class='gallery galleryid-17320 gallery-columns-3 gallery-size-full'><figure class='gallery-item'> \t\t\t<div class='gallery-icon landscape'> \t\t\t\t<a href='https:\/\/recyclingequipinc.com\/pt\/?attachment_id=17332'><img fetchpriority=\"high\" decoding=\"async\" width=\"720\" height=\"540\" src=\"https:\/\/recyclingequipinc.com\/wp-content\/uploads\/2025\/06\/tire-block-cutter-for-sale.webp\" class=\"attachment-full size-full\" alt=\"cortador de blocos de pneus \u00e0 venda\" aria-describedby=\"gallery-1-17332\" srcset=\"https:\/\/recyclingequipinc.com\/wp-content\/uploads\/2025\/06\/tire-block-cutter-for-sale.webp 720w, https:\/\/recyclingequipinc.com\/wp-content\/uploads\/2025\/06\/tire-block-cutter-for-sale-300x225.webp 300w, https:\/\/recyclingequipinc.com\/wp-content\/uploads\/2025\/06\/tire-block-cutter-for-sale-16x12.webp 16w\" sizes=\"(max-width: 720px) 100vw, 720px\" \/><\/a> \t\t\t<\/div> \t\t\t\t<figcaption class='wp-caption-text gallery-caption' id='gallery-1-17332'> \t\t\t\tcortador de blocos de pneus \u00e0 venda \t\t\t\t<\/figcaption><\/figure><figure class='gallery-item'> \t\t\t<div class='gallery-icon landscape'> \t\t\t\t<a href='https:\/\/recyclingequipinc.com\/pt\/?attachment_id=17335'><img decoding=\"async\" width=\"800\" height=\"597\" src=\"https:\/\/recyclingequipinc.com\/wp-content\/uploads\/2025\/06\/uniform-tire-chunks.webp\" class=\"attachment-full size-full\" alt=\"peda\u00e7os de pneus uniformes\" aria-describedby=\"gallery-1-17335\" srcset=\"https:\/\/recyclingequipinc.com\/wp-content\/uploads\/2025\/06\/uniform-tire-chunks.webp 800w, https:\/\/recyclingequipinc.com\/wp-content\/uploads\/2025\/06\/uniform-tire-chunks-300x225.webp 300w, https:\/\/recyclingequipinc.com\/wp-content\/uploads\/2025\/06\/uniform-tire-chunks-768x573.webp 768w, https:\/\/recyclingequipinc.com\/wp-content\/uploads\/2025\/06\/uniform-tire-chunks-16x12.webp 16w, https:\/\/recyclingequipinc.com\/wp-content\/uploads\/2025\/06\/uniform-tire-chunks-750x560.webp 750w\" sizes=\"(max-width: 800px) 100vw, 800px\" \/><\/a> \t\t\t<\/div> \t\t\t\t<figcaption class='wp-caption-text gallery-caption' id='gallery-1-17335'> \t\t\t\tpeda\u00e7os de pneus uniformes \t\t\t\t<\/figcaption><\/figure> \t\t<\/div>  <h2 data-start=\"893\" data-end=\"1142\">Mat\u00e9rias-Primas e Produtos Finais do Cortador de Blocos de Pneus<\/h2> <p data-start=\"1190\" data-end=\"1210\" class=\"translation-block\"><strong data-start=\"1190\" data-end=\"1208\">Mat\u00e9rias-Primas:<\/strong><\/p> <ul data-start=\"1211\" data-end=\"1446\"> <li data-start=\"1211\" data-end=\"1297\"> <p data-start=\"1213\" data-end=\"1297\" class=\"translation-block\">Tiras de borracha do <a class=\"cursor-pointer\" rel=\"noopener\" data-start=\"1236\" data-end=\"1295\"><strong data-start=\"1237\" data-end=\"1258\">cortador de tiras de pneus<\/strong><\/a><\/p> <\/li> <li data-start=\"1298\" data-end=\"1343\"> <p data-start=\"1300\" data-end=\"1343\">Desperd\u00edcio de bandas de rodagem de pneus e blocos de borracha grossos<\/p> <\/li> <li data-start=\"1344\" data-end=\"1446\"> <p data-start=\"1346\" data-end=\"1446\" class=\"translation-block\">Pe\u00e7as processadas de flanco do <a class=\"cursor-pointer\" href=\"https:\/\/recyclingequipinc.com\/pt\/produto\/tire-sidewall-cutter\/\" rel=\"noopener\" data-start=\"1381\" data-end=\"1446\"><strong data-start=\"1382\" data-end=\"1406\">cortador de flanco de pneus<\/strong><\/a><\/p> <\/li> <\/ul> <p data-start=\"1448\" data-end=\"1469\" class=\"translation-block\"><strong data-start=\"1448\" data-end=\"1467\">Produtos Finais:<\/strong><\/p> <ul data-start=\"1470\" data-end=\"1659\"> <li data-start=\"1470\" data-end=\"1581\"> <p data-start=\"1472\" data-end=\"1581\" class=\"translation-block\">Peda\u00e7os de borracha compactos, dimensionados para carregamento eficiente em trituradores de pneus, granuladores ou unidades de devulcaniza\u00e7\u00e3o<\/p> <\/li> <li data-start=\"1582\" data-end=\"1659\"> <p data-start=\"1584\" data-end=\"1659\" class=\"translation-block\">Tamanhos t\u00edpicos de blocos: <strong data-start=\"1605\" data-end=\"1617\">3\u00d75\u00d76 cm<\/strong> (Modelo Padronizado) ou <strong data-start=\"1631\" data-end=\"1641\">5\u00d75 cm<\/strong> (Modelo Atualizado)<\/p> <\/li> <\/ul> <div id='gallery-2' class='gallery galleryid-17320 gallery-columns-3 gallery-size-full'><figure class='gallery-item'> \t\t\t<div class='gallery-icon landscape'> \t\t\t\t<a href='https:\/\/recyclingequipinc.com\/pt\/?attachment_id=17331'><img decoding=\"async\" width=\"720\" height=\"540\" src=\"https:\/\/recyclingequipinc.com\/wp-content\/uploads\/2025\/06\/rubber-strips-fed-into-the-tire-block-cutting-machine.webp\" class=\"attachment-full size-full\" alt=\"faixas de borracha alimentadas na m\u00e1quina de corte de blocos de pneus\" aria-describedby=\"gallery-2-17331\" srcset=\"https:\/\/recyclingequipinc.com\/wp-content\/uploads\/2025\/06\/rubber-strips-fed-into-the-tire-block-cutting-machine.webp 720w, https:\/\/recyclingequipinc.com\/wp-content\/uploads\/2025\/06\/rubber-strips-fed-into-the-tire-block-cutting-machine-300x225.webp 300w, https:\/\/recyclingequipinc.com\/wp-content\/uploads\/2025\/06\/rubber-strips-fed-into-the-tire-block-cutting-machine-16x12.webp 16w\" sizes=\"(max-width: 720px) 100vw, 720px\" \/><\/a> \t\t\t<\/div> \t\t\t\t<figcaption class='wp-caption-text gallery-caption' id='gallery-2-17331'> \t\t\t\tfaixas de borracha alimentadas na m\u00e1quina de corte de blocos de pneus \t\t\t\t<\/figcaption><\/figure><figure class='gallery-item'> \t\t\t<div class='gallery-icon landscape'> \t\t\t\t<a href='https:\/\/recyclingequipinc.com\/pt\/?attachment_id=17330'><img loading=\"lazy\" decoding=\"async\" width=\"720\" height=\"540\" src=\"https:\/\/recyclingequipinc.com\/wp-content\/uploads\/2025\/06\/cut-tire-blocks.webp\" class=\"attachment-full size-full\" alt=\"cortar blocos de pneu\" aria-describedby=\"gallery-2-17330\" srcset=\"https:\/\/recyclingequipinc.com\/wp-content\/uploads\/2025\/06\/cut-tire-blocks.webp 720w, https:\/\/recyclingequipinc.com\/wp-content\/uploads\/2025\/06\/cut-tire-blocks-300x225.webp 300w, https:\/\/recyclingequipinc.com\/wp-content\/uploads\/2025\/06\/cut-tire-blocks-16x12.webp 16w\" sizes=\"(max-width: 720px) 100vw, 720px\" \/><\/a> \t\t\t<\/div> \t\t\t\t<figcaption class='wp-caption-text gallery-caption' id='gallery-2-17330'> \t\t\t\tcortar blocos de pneu \t\t\t\t<\/figcaption><\/figure> \t\t<\/div>  <h2>Por que escolher a nossa m\u00e1quina de corte de blocos de pneus?<\/h2> <ul> <li data-start=\"2845\" data-end=\"2891\"> <p data-start=\"2847\" data-end=\"2891\">Dois modelos para diferentes escalas de produ\u00e7\u00e3o<\/p> <\/li> <li data-start=\"2892\" data-end=\"2940\"> <p data-start=\"2894\" data-end=\"2940\">Sa\u00edda de bloco compacto para tritura\u00e7\u00e3o eficiente<\/p> <\/li> <li data-start=\"2941\" data-end=\"2993\"> <p data-start=\"2943\" data-end=\"2993\">Estrutura dur\u00e1vel e desempenho de corte est\u00e1vel<\/p> <\/li> <li data-start=\"2994\" data-end=\"3034\"> <p data-start=\"2996\" data-end=\"3034\">Sistema de controle hidr\u00e1ulico f\u00e1cil de usar<\/p> <\/li> <li data-start=\"3035\" data-end=\"3117\"> <p data-start=\"3037\" data-end=\"3117\">Compat\u00edvel com v\u00e1rios materiais de borracha, incluindo bandas de rodagem grossas e laterais<\/p> <\/li> <li data-start=\"3118\" data-end=\"3302\"> <p data-start=\"3120\" data-end=\"3302\">Integra-se perfeitamente em linhas de reciclagem de pneus com um cortador de faixas de pneus e um triturador de pneus.<\/p> <\/li> <\/ul> <h2>Par\u00e2metros da nossa cortadora de blocos de pneus usados<\/h2> <p data-start=\"207\" data-end=\"475\">A Shuliy oferece dois modelos poderosos de m\u00e1quinas de corte de blocos de pneus projetadas para cortar bandas de rodagem e tiras de borracha em blocos compactos. Quer voc\u00ea opere uma planta de reciclagem de pneus de m\u00e9dio ou grande porte, nossas m\u00e1quinas podem atender \u00e0s suas necessidades de produ\u00e7\u00e3o de forma eficiente.<\/p> <div class=\"_tableContainer_16hzy_1\"> <div class=\"_tableWrapper_16hzy_14 group flex w-fit flex-col-reverse\" tabindex=\"-1\"> <table class=\"w-fit min-w-(--thread-content-width)\" data-start=\"477\" data-end=\"1527\"> <thead data-start=\"477\" data-end=\"586\"> <tr data-start=\"477\" data-end=\"586\"> <th data-start=\"477\" data-end=\"514\" data-col-size=\"sm\"><strong data-start=\"479\" data-end=\"488\">Modelo<\/strong><\/th> <th data-start=\"514\" data-end=\"553\" data-col-size=\"md\"><strong data-start=\"516\" data-end=\"552\">Cortador de Blocos de Pneus Comum<\/strong><\/th> <th data-start=\"553\" data-end=\"586\" data-col-size=\"md\"><strong data-start=\"555\" data-end=\"584\">Cortador de Blocos de Pneus Atualizado<\/strong><\/th> <\/tr> <\/thead> <tbody data-start=\"696\" data-end=\"1527\"> <tr data-start=\"696\" data-end=\"831\"> <td data-start=\"696\" data-end=\"732\" data-col-size=\"sm\"><strong data-start=\"701\" data-end=\"716\">Pot\u00eancia do Motor<\/strong><\/td> <td data-col-size=\"md\" data-start=\"732\" data-end=\"781\">5,5 kW \u2013 Est\u00e1vel para corte de borracha de m\u00e9dia intensidade<\/td> <td data-col-size=\"md\" data-start=\"781\" data-end=\"831\">18,5 kW \u2013 Alta pot\u00eancia para opera\u00e7\u00f5es pesadas<\/td> <\/tr> <tr data-start=\"832\" data-end=\"962\"> <td data-start=\"832\" data-end=\"868\" data-col-size=\"sm\"><strong data-start=\"837\" data-end=\"860\">Capacidade de Processamento<\/strong><\/td> <td data-col-size=\"md\" data-start=\"868\" data-end=\"920\">800 kg\/h \u2013 Adequado para plantas de pequeno a m\u00e9dio porte<\/td> <td data-col-size=\"md\" data-start=\"920\" data-end=\"962\">1500 kg\/h \u2013 Para linhas de reciclagem maiores<\/td> <\/tr> <tr data-start=\"963\" data-end=\"1073\"> <td data-start=\"963\" data-end=\"999\" data-col-size=\"sm\"><strong data-start=\"968\" data-end=\"989\">Tamanho da Sa\u00edda do Bloco<\/strong><\/td> <td data-col-size=\"md\" data-start=\"999\" data-end=\"1039\">Peda\u00e7os de borracha de 3 \u00d7 5 \u00d7 6 cm<\/td> <td data-col-size=\"md\" data-start=\"1039\" data-end=\"1073\">Blocos de borracha uniformes de 5 \u00d7 5 cm<\/td> <\/tr> <tr data-start=\"1074\" data-end=\"1184\"> <td data-start=\"1074\" data-end=\"1110\" data-col-size=\"sm\"><strong data-start=\"1079\" data-end=\"1109\">Dimens\u00f5es da m\u00e1quina (C\u00d7L\u00d7A)<\/strong><\/td> <td data-col-size=\"md\" data-start=\"1110\" data-end=\"1150\">1,0 \u00d7 0,8 \u00d7 1,4 m<\/td> <td data-col-size=\"md\" data-start=\"1150\" data-end=\"1184\">1,3 \u00d7 1,1 \u00d7 1,5 m<\/td> <\/tr> <tr data-start=\"1185\" data-end=\"1295\"> <td data-start=\"1185\" data-end=\"1221\" data-col-size=\"sm\"><strong data-start=\"1190\" data-end=\"1200\">Peso<\/strong><\/td> <td data-col-size=\"md\" data-start=\"1221\" data-end=\"1261\">800 kg<\/td> <td data-col-size=\"md\" data-start=\"1261\" data-end=\"1295\">1200 kg<\/td> <\/tr> <tr data-start=\"1296\" data-end=\"1409\"> <td data-start=\"1296\" data-end=\"1332\" data-col-size=\"sm\"><strong data-start=\"1301\" data-end=\"1327\">Compatibilidade de Materiais<\/strong><\/td> <td data-col-size=\"md\" data-start=\"1332\" data-end=\"1372\">Tiras de borracha, bandas de rodagem, laterais<\/td> <td data-col-size=\"md\" data-start=\"1372\" data-end=\"1409\">Blocos de borracha pesados, bandas de rodagem grossas<\/td> <\/tr> <tr data-start=\"1410\" data-end=\"1527\"> <td data-start=\"1410\" data-end=\"1446\" data-col-size=\"sm\"><strong data-start=\"1415\" data-end=\"1433\">M\u00e9todo de Corte<\/strong><\/td> <td data-col-size=\"md\" data-start=\"1446\" data-end=\"1486\">Sistema de l\u00e2mina de press\u00e3o hidr\u00e1ulica<\/td> <td data-col-size=\"md\" data-start=\"1486\" data-end=\"1527\">Sistema de corte de alta press\u00e3o atualizado<\/td> <\/tr> <\/tbody> <\/table> <\/div> <\/div> <figure id=\"attachment_17336\" aria-describedby=\"caption-attachment-17336\" style=\"width: 720px\" class=\"wp-caption aligncenter\"><img loading=\"lazy\" decoding=\"async\" class=\"wp-image-17336 size-full\" src=\"https:\/\/recyclingequipinc.com\/wp-content\/uploads\/2025\/06\/waste-tire-block-cutter.webp\" alt=\"Cortador de blocos de pneus usados\" width=\"720\" height=\"540\" srcset=\"https:\/\/recyclingequipinc.com\/wp-content\/uploads\/2025\/06\/waste-tire-block-cutter.webp 720w, https:\/\/recyclingequipinc.com\/wp-content\/uploads\/2025\/06\/waste-tire-block-cutter-300x225.webp 300w, https:\/\/recyclingequipinc.com\/wp-content\/uploads\/2025\/06\/waste-tire-block-cutter-16x12.webp 16w\" sizes=\"(max-width: 720px) 100vw, 720px\" \/><figcaption id=\"caption-attachment-17336\" class=\"wp-caption-text\">Cortador de blocos de pneus usados<\/figcaption><\/figure> <h2>Como Funciona o Cortador de Blocos de Pneus?<\/h2> <p data-start=\"1694\" data-end=\"1916\" class=\"translation-block\"><strong data-start=\"1697\" data-end=\"1726\">Opera\u00e7\u00e3o da L\u00e2mina Hidr\u00e1ulica<\/strong><br data-start=\"1726\" data-end=\"1729\" \/>Ambos os modelos utilizam uma l\u00e2mina de corte hidr\u00e1ulica vertical. O operador coloca tiras de borracha planas na mesa de corte, em seguida, ativa a prensa para cortar o material em blocos consistentes.<\/p> <p data-start=\"1918\" data-end=\"2080\" class=\"translation-block\"><strong data-start=\"1921\" data-end=\"1943\">Alta For\u00e7a de Corte<\/strong><br data-start=\"1943\" data-end=\"1946\" \/>A vers\u00e3o atualizada apresenta um motor mais potente (18,5 kW), oferecendo maior for\u00e7a para materiais mais resistentes e maior capacidade de produ\u00e7\u00e3o.<\/p> <h3 data-start=\"1534\" data-end=\"1582\">Qual Cortador de Blocos de Borracha \u00e9 o Certo para Voc\u00ea?<\/h3> <ul data-start=\"1584\" data-end=\"1863\"> <li data-start=\"1584\" data-end=\"1704\"> <p data-start=\"1586\" data-end=\"1704\">Use o modelo padronizado se voc\u00ea estiver operando um sistema de corte de pneus de sucata pequeno a m\u00e9dio com necessidades de produ\u00e7\u00e3o moderadas.<\/p> <\/li> <li data-start=\"1705\" data-end=\"1863\"> <p data-start=\"1707\" data-end=\"1863\">Escolha o Cortador de Blocos de Pneus Atualizado para opera\u00e7\u00f5es de reciclagem de borracha de alto volume, onde o processamento mais r\u00e1pido e materiais de borracha mais resistentes est\u00e3o envolvidos.<\/p> <\/li> <\/ul> <p data-start=\"1865\" data-end=\"2092\">Ambas as m\u00e1quinas s\u00e3o projetadas para funcionar perfeitamente com cortadores de tiras de pneus e se integrar a uma linha de reciclagem de pneus semiautom\u00e1tica. Se voc\u00ea tiver outras necessidades de produ\u00e7\u00e3o, tamb\u00e9m podemos fornecer m\u00e1quinas de corte de pneus personalizadas!<\/p> <figure id=\"attachment_17333\" aria-describedby=\"caption-attachment-17333\" style=\"width: 720px\" class=\"wp-caption aligncenter\"><img loading=\"lazy\" decoding=\"async\" class=\"wp-image-17333 size-full\" src=\"https:\/\/recyclingequipinc.com\/wp-content\/uploads\/2025\/06\/tire-block-cutter.webp\" alt=\"cortador de blocos de pneus\" width=\"720\" height=\"540\" srcset=\"https:\/\/recyclingequipinc.com\/wp-content\/uploads\/2025\/06\/tire-block-cutter.webp 720w, https:\/\/recyclingequipinc.com\/wp-content\/uploads\/2025\/06\/tire-block-cutter-300x225.webp 300w, https:\/\/recyclingequipinc.com\/wp-content\/uploads\/2025\/06\/tire-block-cutter-16x12.webp 16w\" sizes=\"(max-width: 720px) 100vw, 720px\" \/><figcaption id=\"caption-attachment-17333\" class=\"wp-caption-text\">cortador de blocos de pneus<\/figcaption><\/figure>","protected":false},"excerpt":{"rendered":"<p class=\"translation-block\">O <strong data-start=\"52\" data-end=\"73\">cortador de blocos de pneus<\/strong> \u00e9 usado para cortar sec\u00e7\u00f5es de borracha grossas\u2014como piso de pneu ou tiras largas\u2014em blocos uniformes com aproximadamente <strong data-start=\"180\" data-end=\"188\">5 cm<\/strong> de comprimento e largura, tornando-os mais f\u00e1ceis para tritura\u00e7\u00e3o, moagem e reciclagem subsequentes.<\/p>","protected":false},"featured_media":17332,"template":"","meta":{"site-sidebar-layout":"default","site-content-layout":"","ast-site-content-layout":"default","site-content-style":"default","site-sidebar-style":"default","ast-global-header-display":"","ast-banner-title-visibility":"","ast-main-header-display":"","ast-hfb-above-header-display":"","ast-hfb-below-header-display":"","ast-hfb-mobile-header-display":"","site-post-title":"","ast-breadcrumbs-content":"","ast-featured-img":"","footer-sml-layout":"","ast-disable-related-posts":"","theme-transparent-header-meta":"default","adv-header-id-meta":"","stick-header-meta":"","header-above-stick-meta":"","header-main-stick-meta":"","header-below-stick-meta":"","astra-migrate-meta-layouts":"set","ast-page-background-enabled":"default","ast-page-background-meta":{"desktop":{"background-color":"","background-image":"","background-repeat":"repeat","background-position":"center center","background-size":"auto","background-attachment":"scroll","background-type":"","background-media":"","overlay-type":"","overlay-color":"","overlay-opacity":"","overlay-gradient":""},"tablet":{"background-color":"","background-image":"","background-repeat":"repeat","background-position":"center center","background-size":"auto","background-attachment":"scroll","background-type":"","background-media":"","overlay-type":"","overlay-color":"","overlay-opacity":"","overlay-gradient":""},"mobile":{"background-color":"","background-image":"","background-repeat":"repeat","background-position":"center center","background-size":"auto","background-attachment":"scroll","background-type":"","background-media":"","overlay-type":"","overlay-color":"","overlay-opacity":"","overlay-gradient":""}},"ast-content-background-meta":{"desktop":{"background-color":"var(--ast-global-color-5)","background-image":"","background-repeat":"repeat","background-position":"center center","background-size":"auto","background-attachment":"scroll","background-type":"","background-media":"","overlay-type":"","overlay-color":"","overlay-opacity":"","overlay-gradient":""},"tablet":{"background-color":"var(--ast-global-color-5)","background-image":"","background-repeat":"repeat","background-position":"center center","background-size":"auto","background-attachment":"scroll","background-type":"","background-media":"","overlay-type":"","overlay-color":"","overlay-opacity":"","overlay-gradient":""},"mobile":{"background-color":"var(--ast-global-color-5)","background-image":"","background-repeat":"repeat","background-position":"center center","background-size":"auto","background-attachment":"scroll","background-type":"","background-media":"","overlay-type":"","overlay-color":"","overlay-opacity":"","overlay-gradient":""}}},"product_brand":[],"product_cat":[128],"product_tag":[],"class_list":{"0":"post-17320","1":"product","2":"type-product","3":"status-publish","4":"has-post-thumbnail","6":"product_cat-tire-recycling-machine","7":"desktop-align-center","8":"tablet-align-center","9":"mobile-align-center","11":"first","12":"instock","13":"shipping-taxable","14":"product-type-simple"},"_links":{"self":[{"href":"https:\/\/recyclingequipinc.com\/pt\/wp-json\/wp\/v2\/product\/17320","targetHints":{"allow":["GET"]}}],"collection":[{"href":"https:\/\/recyclingequipinc.com\/pt\/wp-json\/wp\/v2\/product"}],"about":[{"href":"https:\/\/recyclingequipinc.com\/pt\/wp-json\/wp\/v2\/types\/product"}],"version-history":[{"count":0,"href":"https:\/\/recyclingequipinc.com\/pt\/wp-json\/wp\/v2\/product\/17320\/revisions"}],"wp:featuredmedia":[{"embeddable":true,"href":"https:\/\/recyclingequipinc.com\/pt\/wp-json\/wp\/v2\/media\/17332"}],"wp:attachment":[{"href":"https:\/\/recyclingequipinc.com\/pt\/wp-json\/wp\/v2\/media?parent=17320"}],"wp:term":[{"taxonomy":"product_brand","embeddable":true,"href":"https:\/\/recyclingequipinc.com\/pt\/wp-json\/wp\/v2\/product_brand?post=17320"},{"taxonomy":"product_cat","embeddable":true,"href":"https:\/\/recyclingequipinc.com\/pt\/wp-json\/wp\/v2\/product_cat?post=17320"},{"taxonomy":"product_tag","embeddable":true,"href":"https:\/\/recyclingequipinc.com\/pt\/wp-json\/wp\/v2\/product_tag?post=17320"}],"curies":[{"name":"wp","href":"https:\/\/api.w.org\/{rel}","templated":true}]}}