{"id":17313,"date":"2025-06-23T16:06:20","date_gmt":"2025-06-23T08:06:20","guid":{"rendered":"https:\/\/recyclingequipinc.com\/?post_type=product&#038;p=17313"},"modified":"2025-06-23T16:06:20","modified_gmt":"2025-06-23T08:06:20","slug":"waste-tire-strip-cutter","status":"publish","type":"product","link":"https:\/\/recyclingequipinc.com\/pt\/product\/waste-tire-strip-cutter\/","title":{"rendered":"Cortador de tiras de pneus usados"},"content":{"rendered":"<p>Mesmo depois de removidos os fios de a\u00e7o embutidos, a parte restante de borracha do pneu ainda \u00e9 espessa e resistente, tornando dif\u00edcil a sua tritura\u00e7\u00e3o ou moagem direta. Para resolver isso, utiliza-se um cortador de tiras de pneu para cortar a banda de rodagem do pneu em tiras de borracha de 3 a 5 cm de largura, completando a fase de pr\u00e9-tratamento e melhorando significativamente a efici\u00eancia da reciclagem de pneus.<\/p> <figure id=\"attachment_17343\" aria-describedby=\"caption-attachment-17343\" style=\"width: 720px\" class=\"wp-caption aligncenter\"><img fetchpriority=\"high\" decoding=\"async\" class=\"wp-image-17343 size-full\" src=\"https:\/\/recyclingequipinc.com\/wp-content\/uploads\/2025\/06\/tire-strip-cutter-machine.webp\" alt=\"m\u00e1quina cortadora de tiras de pneus\" width=\"720\" height=\"540\" srcset=\"https:\/\/recyclingequipinc.com\/wp-content\/uploads\/2025\/06\/tire-strip-cutter-machine.webp 720w, https:\/\/recyclingequipinc.com\/wp-content\/uploads\/2025\/06\/tire-strip-cutter-machine-300x225.webp 300w, https:\/\/recyclingequipinc.com\/wp-content\/uploads\/2025\/06\/tire-strip-cutter-machine-16x12.webp 16w\" sizes=\"(max-width: 720px) 100vw, 720px\" \/><figcaption id=\"caption-attachment-17343\" class=\"wp-caption-text\">m\u00e1quina cortadora de tiras de pneus<\/figcaption><\/figure> <h2>Aplica\u00e7\u00e3o e Sa\u00edda da M\u00e1quina Cortadora de Faixas de Pneus<\/h2> <h3>Faixa de Trabalho<\/h3> <p data-start=\"70\" data-end=\"500\" class=\"translation-block\">O cortador de tiras de pneu Shuliy \u00e9 comumente utilizado em <a href=\"https:\/\/recyclingequipinc.com\/pt\/produto\/waste-tire-recycling-line\/\">linhas de reciclagem de pneus semi-autom\u00e1ticas<\/a> para processar pneus com at\u00e9 <strong data-start=\"190\" data-end=\"212\">1200mm de di\u00e2metro<\/strong>. Funciona em combina\u00e7\u00e3o com m\u00e1quinas como o <a href=\"https:\/\/recyclingequipinc.com\/pt\/produto\/tire-sidewall-cutter\/\">cortador de flancos de pneu<\/a> e o <a href=\"https:\/\/recyclingequipinc.com\/pt\/produto\/tire-block-cutter\/\">cortador de blocos de pneu<\/a>, permitindo a desmontagem passo a passo de pneus em fim de vida e reduzindo a carga nos equipamentos de tritura\u00e7\u00e3o subsequentes.<\/p> <p data-start=\"502\" data-end=\"840\" class=\"translation-block\">\u00c9 amplamente aplic\u00e1vel \u00e0 reciclagem de pneus de autom\u00f3veis, pneus de cami\u00f5es e outros semelhantes. Com a sua ampla compatibilidade e desempenho confi\u00e1vel, esta m\u00e1quina \u00e9 uma ferramenta essencial para <strong data-start=\"696\" data-end=\"777\">f\u00e1bricas de reciclagem de pneus, centros de processamento de sucata, fabricantes de produtos de borracha<\/strong> e outras instala\u00e7\u00f5es que procuram otimizar o pr\u00e9-processamento de pneus.<\/p> <h3 data-start=\"502\" data-end=\"840\">Produtos Finais<\/h3> <p data-start=\"672\" data-end=\"851\" class=\"translation-block\">O cortador de tiras de pneu corta estas bandas de borracha em <strong data-start=\"744\" data-end=\"761\">tiras de borracha<\/strong> uniformes, tipicamente com <strong data-start=\"773\" data-end=\"792\">3\u20135 cm de largura<\/strong>, dependendo do espa\u00e7amento das l\u00e2minas de corte. Estas tiras s\u00e3o adequadas para corte posterior em blocos.<\/p> <div id='gallery-1' class='gallery galleryid-17313 gallery-columns-3 gallery-size-full'><figure class='gallery-item'> \t\t\t<div class='gallery-icon landscape'> \t\t\t\t<a href='https:\/\/recyclingequipinc.com\/pt\/?attachment_id=17339'><img decoding=\"async\" width=\"720\" height=\"540\" src=\"https:\/\/recyclingequipinc.com\/wp-content\/uploads\/2025\/06\/put-tire-sidewall-between-the-two-rollers.webp\" class=\"attachment-full size-full\" alt=\"colocar a lateral do pneu entre os dois rolos\" aria-describedby=\"gallery-1-17339\" srcset=\"https:\/\/recyclingequipinc.com\/wp-content\/uploads\/2025\/06\/put-tire-sidewall-between-the-two-rollers.webp 720w, https:\/\/recyclingequipinc.com\/wp-content\/uploads\/2025\/06\/put-tire-sidewall-between-the-two-rollers-300x225.webp 300w, https:\/\/recyclingequipinc.com\/wp-content\/uploads\/2025\/06\/put-tire-sidewall-between-the-two-rollers-16x12.webp 16w\" sizes=\"(max-width: 720px) 100vw, 720px\" \/><\/a> \t\t\t<\/div> \t\t\t\t<figcaption class='wp-caption-text gallery-caption' id='gallery-1-17339'> \t\t\t\tcolocar a lateral do pneu entre os dois rolos \t\t\t\t<\/figcaption><\/figure><figure class='gallery-item'> \t\t\t<div class='gallery-icon landscape'> \t\t\t\t<a href='https:\/\/recyclingequipinc.com\/pt\/?attachment_id=17338'><img decoding=\"async\" width=\"720\" height=\"540\" src=\"https:\/\/recyclingequipinc.com\/wp-content\/uploads\/2025\/06\/output-long-rubber-strips.webp\" class=\"attachment-full size-full\" alt=\"produzir longas tiras de borracha\" aria-describedby=\"gallery-1-17338\" srcset=\"https:\/\/recyclingequipinc.com\/wp-content\/uploads\/2025\/06\/output-long-rubber-strips.webp 720w, https:\/\/recyclingequipinc.com\/wp-content\/uploads\/2025\/06\/output-long-rubber-strips-300x225.webp 300w, https:\/\/recyclingequipinc.com\/wp-content\/uploads\/2025\/06\/output-long-rubber-strips-16x12.webp 16w\" sizes=\"(max-width: 720px) 100vw, 720px\" \/><\/a> \t\t\t<\/div> \t\t\t\t<figcaption class='wp-caption-text gallery-caption' id='gallery-1-17338'> \t\t\t\tproduzir longas tiras de borracha \t\t\t\t<\/figcaption><\/figure> \t\t<\/div>  <h2 data-start=\"672\" data-end=\"851\">Por que a Nossa M\u00e1quina Cortadora de Faixas de Pneus \u00e9 Popular no Mercado?<\/h2> <p data-start=\"170\" data-end=\"452\">Como um fornecedor experiente de m\u00e1quinas de reciclagem de pneus, a Shuliy Machinery tem fornecido solu\u00e7\u00f5es personalizadas de corte de pneus para recicladores de borracha em todo o mundo. Nosso cortador de tiras de pneus de borracha \u00e9 projetado com versatilidade, efici\u00eancia e facilidade de uso em mente. As principais caracter\u00edsticas incluem:<\/p> <ul> <li data-start=\"456\" data-end=\"566\"><strong data-start=\"456\" data-end=\"478\">Compatibilidade Ampla<\/strong>Adequado para processar v\u00e1rios tipos de pneus usados com di\u00e2metros de at\u00e9 <strong data-start=\"554\" data-end=\"564\">1200mm<\/strong><\/li> <li data-start=\"456\" data-end=\"566\"><strong data-start=\"569\" data-end=\"592\">L\u00e2minas de Alta Qualidade<\/strong>Equipado com cortadores de liga afiados e resistentes ao desgaste para desempenho duradouro e eficiente<\/li> <li data-start=\"691\" data-end=\"800\"><strong data-start=\"691\" data-end=\"717\">Tamanho de Sa\u00edda Ajust\u00e1vel<\/strong>A largura da tira de borracha pode ser ajustada para atender a necessidades espec\u00edficas de processamento a jusante<\/li> <li data-start=\"803\" data-end=\"916\"><strong data-start=\"803\" data-end=\"835\">F\u00e1cil de Operar e Manter<\/strong>Design amig\u00e1vel com orienta\u00e7\u00e3o operacional e suporte fornecido pela Shuliy<\/li> <li data-start=\"919\" data-end=\"1003\"><strong data-start=\"919\" data-end=\"945\">Corte Limpo e Preciso<\/strong>Produz tiras de borracha com bordas suaves e m\u00ednimo desperd\u00edcio<\/li> <li data-start=\"1006\" data-end=\"1163\"><strong data-start=\"1006\" data-end=\"1046\">Entrega R\u00e1pida e Suporte \u00e0 Instala\u00e7\u00e3o<\/strong>As m\u00e1quinas s\u00e3o enviadas rapidamente, com servi\u00e7o de instala\u00e7\u00e3o no local opcional para ajud\u00e1-lo a iniciar a produ\u00e7\u00e3o sem demora<\/li> <\/ul> <div id='gallery-2' class='gallery galleryid-17313 gallery-columns-3 gallery-size-full'><figure class='gallery-item'> \t\t\t<div class='gallery-icon landscape'> \t\t\t\t<a href='https:\/\/recyclingequipinc.com\/pt\/?attachment_id=17341'><img loading=\"lazy\" decoding=\"async\" width=\"720\" height=\"540\" src=\"https:\/\/recyclingequipinc.com\/wp-content\/uploads\/2025\/06\/rubber-strip-cutting-machine.webp\" class=\"attachment-full size-full\" alt=\"m\u00e1quina de corte de tiras de borracha\" aria-describedby=\"gallery-2-17341\" srcset=\"https:\/\/recyclingequipinc.com\/wp-content\/uploads\/2025\/06\/rubber-strip-cutting-machine.webp 720w, https:\/\/recyclingequipinc.com\/wp-content\/uploads\/2025\/06\/rubber-strip-cutting-machine-300x225.webp 300w, https:\/\/recyclingequipinc.com\/wp-content\/uploads\/2025\/06\/rubber-strip-cutting-machine-16x12.webp 16w\" sizes=\"(max-width: 720px) 100vw, 720px\" \/><\/a> \t\t\t<\/div> \t\t\t\t<figcaption class='wp-caption-text gallery-caption' id='gallery-2-17341'> \t\t\t\tm\u00e1quina de corte de tiras de borracha \t\t\t\t<\/figcaption><\/figure><figure class='gallery-item'> \t\t\t<div class='gallery-icon landscape'> \t\t\t\t<a href='https:\/\/recyclingequipinc.com\/pt\/?attachment_id=17340'><img loading=\"lazy\" decoding=\"async\" width=\"720\" height=\"540\" src=\"https:\/\/recyclingequipinc.com\/wp-content\/uploads\/2025\/06\/rubber-strip-cutter.webp\" class=\"attachment-full size-full\" alt=\"cortador de tiras de borracha\" aria-describedby=\"gallery-2-17340\" srcset=\"https:\/\/recyclingequipinc.com\/wp-content\/uploads\/2025\/06\/rubber-strip-cutter.webp 720w, https:\/\/recyclingequipinc.com\/wp-content\/uploads\/2025\/06\/rubber-strip-cutter-300x225.webp 300w, https:\/\/recyclingequipinc.com\/wp-content\/uploads\/2025\/06\/rubber-strip-cutter-16x12.webp 16w\" sizes=\"(max-width: 720px) 100vw, 720px\" \/><\/a> \t\t\t<\/div> \t\t\t\t<figcaption class='wp-caption-text gallery-caption' id='gallery-2-17340'> \t\t\t\tcortador de tiras de borracha \t\t\t\t<\/figcaption><\/figure> \t\t<\/div>  <h2 data-start=\"179\" data-end=\"238\">Especifica\u00e7\u00f5es T\u00e9cnicas da Cortadora de Faixas de Borracha \u00e0 Venda<\/h2> <p>Abaixo est\u00e3o as especifica\u00e7\u00f5es t\u00e9cnicas da nossa m\u00e1quina de corte de tiras de pneus, projetada para processar pneus de carro e caminh\u00e3o com at\u00e9 1200 mm de di\u00e2metro. Possui um motor de alta efici\u00eancia de 5,5 kW, largura de corte ajust\u00e1vel e l\u00e2minas de liga resistentes ao desgaste\u2014ideal para uso em linhas de reciclagem de pneus usados semi-autom\u00e1ticas.<\/p> <div class=\"_tableContainer_16hzy_1\"> <div class=\"_tableWrapper_16hzy_14 group flex w-fit flex-col-reverse\" tabindex=\"-1\"> <table class=\"w-fit min-w-(--thread-content-width)\" data-start=\"240\" data-end=\"959\"> <thead data-start=\"240\" data-end=\"300\"> <tr data-start=\"240\" data-end=\"300\"> <th data-start=\"240\" data-end=\"266\" data-col-size=\"sm\"><strong data-start=\"242\" data-end=\"251\">Modelo de Pneu<\/strong><\/th> <th data-start=\"266\" data-end=\"300\" data-col-size=\"md\"><strong data-start=\"268\" data-end=\"298\">M\u00e1quina de Corte de Tiras de Pneu<\/strong><\/th> <\/tr> <\/thead> <tbody data-start=\"360\" data-end=\"959\"> <tr data-start=\"360\" data-end=\"455\"> <td data-start=\"360\" data-end=\"387\" data-col-size=\"sm\"><strong data-start=\"365\" data-end=\"380\">Pot\u00eancia do Motor<\/strong><\/td> <td data-col-size=\"md\" data-start=\"387\" data-end=\"455\">5,5 kW \u2013 Motor de alta efici\u00eancia para corte est\u00e1vel e cont\u00ednuo<\/td> <\/tr> <tr data-start=\"456\" data-end=\"557\"> <td data-start=\"456\" data-end=\"483\" data-col-size=\"sm\"><strong data-start=\"461\" data-end=\"481\">Capacidade de Corte<\/strong><\/td> <td data-col-size=\"md\" data-start=\"483\" data-end=\"557\">At\u00e9 <strong data-start=\"491\" data-end=\"504\">1000 kg\/h<\/strong> \u2013 Ideal para opera\u00e7\u00f5es de reciclagem de pneus em m\u00e9dia escala<\/td> <\/tr> <tr data-start=\"558\" data-end=\"647\"> <td data-start=\"558\" data-end=\"585\" data-col-size=\"sm\"><strong data-start=\"563\" data-end=\"581\">Velocidade de Rota\u00e7\u00e3o<\/strong><\/td> <td data-col-size=\"md\" data-start=\"585\" data-end=\"647\">45 r\/min \u2013 Velocidade otimizada para corte suave de tiras de borracha<\/td> <\/tr> <tr data-start=\"648\" data-end=\"744\"> <td data-start=\"648\" data-end=\"675\" data-col-size=\"sm\"><strong data-start=\"653\" data-end=\"675\">Dimens\u00f5es da M\u00e1quina<\/strong><\/td> <td data-col-size=\"md\" data-start=\"675\" data-end=\"744\">1,3 m*0,8 m*1,65 m \u2013 Design compacto que se adapta \u00e0 maioria dos layouts de f\u00e1bricas<\/td> <\/tr> <tr data-start=\"745\" data-end=\"825\"> <td data-start=\"745\" data-end=\"772\" data-col-size=\"sm\"><strong data-start=\"750\" data-end=\"768\">Peso da M\u00e1quina<\/strong><\/td> <td data-col-size=\"md\" data-start=\"772\" data-end=\"825\">850 kg \u2013 Estrutura robusta e resistente a vibra\u00e7\u00f5es<\/td> <\/tr> <tr data-start=\"826\" data-end=\"959\"> <td data-start=\"826\" data-end=\"853\" data-col-size=\"sm\"><strong data-start=\"831\" data-end=\"852\">Tamanho da sa\u00edda da tira<\/strong><\/td> <td data-col-size=\"md\" data-start=\"853\" data-end=\"959\">Ajust\u00e1vel <strong data-start=\"866\" data-end=\"895\">Tiras de borracha de 3\u20135 cm de largura<\/strong> \u2013 Perfeito para tritura\u00e7\u00e3o, granula\u00e7\u00e3o ou pir\u00f3lise a jusante<\/td> <\/tr> <\/tbody> <\/table> <\/div> <\/div> <h2>Princ\u00edpio de Funcionamento da M\u00e1quina Cortadora de Faixas de Pneus de Borracha<\/h2> <figure id=\"attachment_17342\" aria-describedby=\"caption-attachment-17342\" style=\"width: 720px\" class=\"wp-caption aligncenter\"><img loading=\"lazy\" decoding=\"async\" class=\"wp-image-17342 size-full\" src=\"https:\/\/recyclingequipinc.com\/wp-content\/uploads\/2025\/06\/structure-of-the-tire-strip-cutting-machine.webp\" alt=\"estrutura da m\u00e1quina de corte de tiras de pneu\" width=\"720\" height=\"540\" srcset=\"https:\/\/recyclingequipinc.com\/wp-content\/uploads\/2025\/06\/structure-of-the-tire-strip-cutting-machine.webp 720w, https:\/\/recyclingequipinc.com\/wp-content\/uploads\/2025\/06\/structure-of-the-tire-strip-cutting-machine-300x225.webp 300w, https:\/\/recyclingequipinc.com\/wp-content\/uploads\/2025\/06\/structure-of-the-tire-strip-cutting-machine-16x12.webp 16w\" sizes=\"(max-width: 720px) 100vw, 720px\" \/><figcaption id=\"caption-attachment-17342\" class=\"wp-caption-text\">estrutura da m\u00e1quina de corte de tiras de pneu<\/figcaption><\/figure> <p data-start=\"149\" data-end=\"286\" class=\"translation-block\"><strong data-start=\"152\" data-end=\"183\">Estrutura de L\u00e2mina Rotativa Dupla<\/strong><br data-start=\"183\" data-end=\"186\" \/>A m\u00e1quina \u00e9 equipada com l\u00e2minas rotativas superiores e inferiores, formando um par de cortadores rolantes.<\/p> <p data-start=\"288\" data-end=\"415\" class=\"translation-block\"><strong data-start=\"291\" data-end=\"309\">Coloca\u00e7\u00e3o do Pneu<\/strong><br data-start=\"309\" data-end=\"312\" \/>A banda de rodagem do pneu pr\u00e9-cortada \u00e9 inserida entre os dois rolos ap\u00f3s a remo\u00e7\u00e3o da lateral e do aro.<\/p> <p data-start=\"417\" data-end=\"578\" class=\"translation-block\"><strong data-start=\"420\" data-end=\"445\">Processo de Corte em Faixa<\/strong><br data-start=\"445\" data-end=\"448\" \/>\u00c0 medida que as l\u00e2minas giram em dire\u00e7\u00f5es opostas, elas agarram e cortam o pneu em <strong data-start=\"531\" data-end=\"560\">faixas de borracha de 3 a 5 cm de largura<\/strong> com bordas limpas.<\/p> <p data-start=\"580\" data-end=\"768\" class=\"translation-block\"><strong data-start=\"582\" data-end=\"614\">Ideal para Processamento Adicional<\/strong><br data-start=\"614\" data-end=\"617\" \/>As faixas resultantes s\u00e3o perfeitas para serem alimentadas em trituradores, moedores ou cortadores de blocos de borracha, melhorando a efici\u00eancia do processo de reciclagem de pneus.<\/p> <h2 data-start=\"580\" data-end=\"768\">Cortador de Faixas de Pneus \u00e0 Venda<\/h2> <p>A Shuliy Machinery oferece cortadores de tiras de pneus dur\u00e1veis e acess\u00edveis \u00e0 venda, com servi\u00e7o personalizado para diferentes tamanhos de pneus e capacidades de processamento. Cada m\u00e1quina \u00e9 rigorosamente testada e pode ser personalizada para atender aos seus objetivos de reciclagem. Se estiver interessado, n\u00e3o hesite em nos contactar!<\/p>","protected":false},"excerpt":{"rendered":"<p>A m\u00e1quina cortadora de tiras de pneus \u00e9 o segundo passo na linha de reciclagem de pneus semi-autom\u00e1tica. Ela corta as laterais dos pneus e produz tiras de borracha longas de 3 a 5 cm de largura, melhorando a efici\u00eancia da reciclagem.<\/p>","protected":false},"featured_media":17344,"template":"","meta":{"site-sidebar-layout":"default","site-content-layout":"","ast-site-content-layout":"default","site-content-style":"default","site-sidebar-style":"default","ast-global-header-display":"","ast-banner-title-visibility":"","ast-main-header-display":"","ast-hfb-above-header-display":"","ast-hfb-below-header-display":"","ast-hfb-mobile-header-display":"","site-post-title":"","ast-breadcrumbs-content":"","ast-featured-img":"","footer-sml-layout":"","ast-disable-related-posts":"","theme-transparent-header-meta":"default","adv-header-id-meta":"","stick-header-meta":"","header-above-stick-meta":"","header-main-stick-meta":"","header-below-stick-meta":"","astra-migrate-meta-layouts":"set","ast-page-background-enabled":"default","ast-page-background-meta":{"desktop":{"background-color":"","background-image":"","background-repeat":"repeat","background-position":"center center","background-size":"auto","background-attachment":"scroll","background-type":"","background-media":"","overlay-type":"","overlay-color":"","overlay-opacity":"","overlay-gradient":""},"tablet":{"background-color":"","background-image":"","background-repeat":"repeat","background-position":"center center","background-size":"auto","background-attachment":"scroll","background-type":"","background-media":"","overlay-type":"","overlay-color":"","overlay-opacity":"","overlay-gradient":""},"mobile":{"background-color":"","background-image":"","background-repeat":"repeat","background-position":"center center","background-size":"auto","background-attachment":"scroll","background-type":"","background-media":"","overlay-type":"","overlay-color":"","overlay-opacity":"","overlay-gradient":""}},"ast-content-background-meta":{"desktop":{"background-color":"var(--ast-global-color-5)","background-image":"","background-repeat":"repeat","background-position":"center center","background-size":"auto","background-attachment":"scroll","background-type":"","background-media":"","overlay-type":"","overlay-color":"","overlay-opacity":"","overlay-gradient":""},"tablet":{"background-color":"var(--ast-global-color-5)","background-image":"","background-repeat":"repeat","background-position":"center center","background-size":"auto","background-attachment":"scroll","background-type":"","background-media":"","overlay-type":"","overlay-color":"","overlay-opacity":"","overlay-gradient":""},"mobile":{"background-color":"var(--ast-global-color-5)","background-image":"","background-repeat":"repeat","background-position":"center center","background-size":"auto","background-attachment":"scroll","background-type":"","background-media":"","overlay-type":"","overlay-color":"","overlay-opacity":"","overlay-gradient":""}}},"product_brand":[],"product_cat":[128],"product_tag":[],"class_list":{"0":"post-17313","1":"product","2":"type-product","3":"status-publish","4":"has-post-thumbnail","6":"product_cat-tire-recycling-machine","7":"desktop-align-center","8":"tablet-align-center","9":"mobile-align-center","11":"first","12":"instock","13":"shipping-taxable","14":"product-type-simple"},"_links":{"self":[{"href":"https:\/\/recyclingequipinc.com\/pt\/wp-json\/wp\/v2\/product\/17313","targetHints":{"allow":["GET"]}}],"collection":[{"href":"https:\/\/recyclingequipinc.com\/pt\/wp-json\/wp\/v2\/product"}],"about":[{"href":"https:\/\/recyclingequipinc.com\/pt\/wp-json\/wp\/v2\/types\/product"}],"version-history":[{"count":0,"href":"https:\/\/recyclingequipinc.com\/pt\/wp-json\/wp\/v2\/product\/17313\/revisions"}],"wp:featuredmedia":[{"embeddable":true,"href":"https:\/\/recyclingequipinc.com\/pt\/wp-json\/wp\/v2\/media\/17344"}],"wp:attachment":[{"href":"https:\/\/recyclingequipinc.com\/pt\/wp-json\/wp\/v2\/media?parent=17313"}],"wp:term":[{"taxonomy":"product_brand","embeddable":true,"href":"https:\/\/recyclingequipinc.com\/pt\/wp-json\/wp\/v2\/product_brand?post=17313"},{"taxonomy":"product_cat","embeddable":true,"href":"https:\/\/recyclingequipinc.com\/pt\/wp-json\/wp\/v2\/product_cat?post=17313"},{"taxonomy":"product_tag","embeddable":true,"href":"https:\/\/recyclingequipinc.com\/pt\/wp-json\/wp\/v2\/product_tag?post=17313"}],"curies":[{"name":"wp","href":"https:\/\/api.w.org\/{rel}","templated":true}]}}