{"id":17311,"date":"2025-06-23T15:13:49","date_gmt":"2025-06-23T07:13:49","guid":{"rendered":"https:\/\/recyclingequipinc.com\/?post_type=product&#038;p=17311"},"modified":"2025-06-23T15:13:50","modified_gmt":"2025-06-23T07:13:50","slug":"tire-sidewall-cutter","status":"publish","type":"product","link":"https:\/\/recyclingequipinc.com\/pt\/product\/tire-sidewall-cutter\/","title":{"rendered":"Cortador de Lateral de Pneu para Reciclagem"},"content":{"rendered":"<p>A Shuliy Machinery fornece v\u00e1rias m\u00e1quinas de corte de pneus especializadas para melhorar a efici\u00eancia da reciclagem de pneus usados. Entre elas, o cortador de laterais de pneus tornou-se uma escolha preferida para empresas de reciclagem de pneus devido \u00e0 sua estrutura compacta, desempenho confi\u00e1vel e resultados de corte precisos. Esta m\u00e1quina \u00e9 projetada para separar as laterais do piso de pneus usados, tornando o desmantelamento ou a extra\u00e7\u00e3o de fios de a\u00e7o muito mais f\u00e1cil e econ\u00f4mica.<\/p> <figure id=\"attachment_17325\" aria-describedby=\"caption-attachment-17325\" style=\"width: 720px\" class=\"wp-caption aligncenter\"><img fetchpriority=\"high\" decoding=\"async\" class=\"wp-image-17325 size-full\" src=\"https:\/\/recyclingequipinc.com\/wp-content\/uploads\/2025\/06\/tire-ring-cutter.webp\" alt=\"cortador de anel de pneu\" width=\"720\" height=\"540\" srcset=\"https:\/\/recyclingequipinc.com\/wp-content\/uploads\/2025\/06\/tire-ring-cutter.webp 720w, https:\/\/recyclingequipinc.com\/wp-content\/uploads\/2025\/06\/tire-ring-cutter-300x225.webp 300w, https:\/\/recyclingequipinc.com\/wp-content\/uploads\/2025\/06\/tire-ring-cutter-16x12.webp 16w\" sizes=\"(max-width: 720px) 100vw, 720px\" \/><figcaption id=\"caption-attachment-17325\" class=\"wp-caption-text\">cortador de anel de pneu<\/figcaption><\/figure> <h2>O que \u00e9 o Cortador de Lateral de Pneus?<\/h2> <p data-start=\"52\" data-end=\"318\">O aro do pneu cont\u00e9m fios de a\u00e7o densamente compactados, tornando-o extremamente duro e dif\u00edcil de processar diretamente. Sem um pr\u00e9-tratamento adequado, pode danificar equipamentos de corte ou tritura\u00e7\u00e3o. Para resolver isso, \u00e9 utilizado um cortador de aro de pneu para remover com seguran\u00e7a a \u00e1rea do aro.<\/p> <p data-start=\"320\" data-end=\"453\">Em resumo, o cortador de laterais de pneus (tamb\u00e9m conhecido como cortador de an\u00e9is de pneus ou cortador de laterais de pneus de caminh\u00e3o) \u00e9 usado para:<\/p> <ul data-start=\"455\" data-end=\"618\"> <li data-start=\"455\" data-end=\"509\"> <p data-start=\"457\" data-end=\"509\">Cortar as laterais da coroa ou banda de rodagem do pneu.<\/p> <\/li> <li data-start=\"510\" data-end=\"561\"> <p data-start=\"512\" data-end=\"561\">Permitir um corte adicional de pneus e separa\u00e7\u00e3o de fios.<\/p> <\/li> <li data-start=\"562\" data-end=\"618\"> <p data-start=\"564\" data-end=\"618\">Reduzir o volume do pneu para facilitar o manuseio e o transporte.<\/p> <\/li> <\/ul> <p data-start=\"620\" data-end=\"829\" class=\"translation-block\">Ap\u00f3s a remo\u00e7\u00e3o dos flancos dos pneus, estes podem ser processados em tiras utilizando um <strong data-start=\"701\" data-end=\"722\">cortador de tiras de pneus<\/strong> ou enviados para um <strong data-start=\"736\" data-end=\"760\">separador de arame de a\u00e7o<\/strong> para extra\u00e7\u00e3o de arame, dependendo dos requisitos do processo de reciclagem.<\/p> <div id='gallery-1' class='gallery galleryid-17311 gallery-columns-3 gallery-size-full'><figure class='gallery-item'> \t\t\t<div class='gallery-icon landscape'> \t\t\t\t<a href='https:\/\/recyclingequipinc.com\/pt\/?attachment_id=17324'><img decoding=\"async\" width=\"720\" height=\"540\" src=\"https:\/\/recyclingequipinc.com\/wp-content\/uploads\/2025\/06\/tire-bead.webp\" class=\"attachment-full size-full\" alt=\"bead de pneu\" aria-describedby=\"gallery-1-17324\" srcset=\"https:\/\/recyclingequipinc.com\/wp-content\/uploads\/2025\/06\/tire-bead.webp 720w, https:\/\/recyclingequipinc.com\/wp-content\/uploads\/2025\/06\/tire-bead-300x225.webp 300w, https:\/\/recyclingequipinc.com\/wp-content\/uploads\/2025\/06\/tire-bead-16x12.webp 16w\" sizes=\"(max-width: 720px) 100vw, 720px\" \/><\/a> \t\t\t<\/div> \t\t\t\t<figcaption class='wp-caption-text gallery-caption' id='gallery-1-17324'> \t\t\t\tbead de pneu \t\t\t\t<\/figcaption><\/figure><figure class='gallery-item'> \t\t\t<div class='gallery-icon landscape'> \t\t\t\t<a href='https:\/\/recyclingequipinc.com\/pt\/?attachment_id=17323'><img decoding=\"async\" width=\"720\" height=\"540\" src=\"https:\/\/recyclingequipinc.com\/wp-content\/uploads\/2025\/06\/tire-bead-steel-wires.webp\" class=\"attachment-full size-full\" alt=\"fios de a\u00e7o do bead do pneu\" aria-describedby=\"gallery-1-17323\" srcset=\"https:\/\/recyclingequipinc.com\/wp-content\/uploads\/2025\/06\/tire-bead-steel-wires.webp 720w, https:\/\/recyclingequipinc.com\/wp-content\/uploads\/2025\/06\/tire-bead-steel-wires-300x225.webp 300w, https:\/\/recyclingequipinc.com\/wp-content\/uploads\/2025\/06\/tire-bead-steel-wires-16x12.webp 16w\" sizes=\"(max-width: 720px) 100vw, 720px\" \/><\/a> \t\t\t<\/div> \t\t\t\t<figcaption class='wp-caption-text gallery-caption' id='gallery-1-17323'> \t\t\t\tfios de a\u00e7o do bead do pneu \t\t\t\t<\/figcaption><\/figure> \t\t<\/div>  <hr data-start=\"831\" data-end=\"834\" \/> <h2>Aplica\u00e7\u00e3o do Cortador de Lateral de Pneus<\/h2> <p>A nossa m\u00e1quina de corte de parede lateral de pneus \u00e9 especialmente projetada para processar todos os tipos de pneus &lt; 1200 mm, incluindo pneus de caminh\u00e3o, pneus de carro, e assim por diante. Pode ser utilizada nas seguintes ind\u00fastrias:<\/p> <ul> <li>f\u00e1bricas de reciclagem de pneus<\/li> <li>fabrica\u00e7\u00e3o de produtos de borracha<\/li> <li>oficinas de extra\u00e7\u00e3o de fios de a\u00e7o<\/li> <li>P\u00e1tios de processamento de sucata<\/li> <\/ul> <p>Sinta-se \u00e0 vontade para nos contactar e enviar as suas mat\u00e9rias-primas, e podemos recomendar e personalizar uma m\u00e1quina de corte de parede lateral de pneus adequada \u00e0s suas necessidades.<\/p> <h2>Principais Caracter\u00edsticas da Nossa M\u00e1quina de Corte de An\u00e9is de Pneus<\/h2> <ul> <li><strong data-start=\"2050\" data-end=\"2072\">Compatibilidade Ampla<\/strong>: Pode lidar com v\u00e1rios tamanhos de pneus de passageiros e caminh\u00f5es.<\/li> <li><strong data-start=\"1738\" data-end=\"1757\">Alta Efici\u00eancia<\/strong>: Separa rapidamente as laterais com bordas limpas e suaves.<\/li> <li data-start=\"1738\" data-end=\"1813\"><strong data-start=\"1816\" data-end=\"1834\">L\u00e2minas Dur\u00e1veis<\/strong>: L\u00e2minas de liga resistentes ao desgaste garantem longa vida \u00fatil.<\/li> <li data-start=\"1738\" data-end=\"1813\"><strong data-start=\"1893\" data-end=\"1913\">Opera\u00e7\u00e3o Simples<\/strong>: F\u00e1cil de operar com treinamento m\u00ednimo necess\u00e1rio<\/li> <li data-start=\"1738\" data-end=\"1813\"><strong data-start=\"1966\" data-end=\"1986\">Estrutura Est\u00e1vel<\/strong>: Estrutura compacta e robusta garante cortes seguros e est\u00e1veis.<\/li> <li data-start=\"1738\" data-end=\"1813\"><strong data-start=\"2132\" data-end=\"2151\">Baixa Manuten\u00e7\u00e3o<\/strong>: Projetado para uso a longo prazo com manuten\u00e7\u00e3o m\u00ednima<\/li> <li data-start=\"1738\" data-end=\"1813\"><strong data-start=\"2204\" data-end=\"2222\">Custo-efetivo<\/strong>: Reduz o custo de m\u00e3o de obra e aumenta a velocidade de processamento.<\/li> <\/ul> <figure id=\"attachment_17328\" aria-describedby=\"caption-attachment-17328\" style=\"width: 720px\" class=\"wp-caption aligncenter\"><img loading=\"lazy\" decoding=\"async\" class=\"wp-image-17328 size-full\" src=\"https:\/\/recyclingequipinc.com\/wp-content\/uploads\/2025\/06\/tire-sidewall-cutting-machine-for-sale.webp\" alt=\"m\u00e1quina de corte de parede lateral de pneus \u00e0 venda\" width=\"720\" height=\"540\" srcset=\"https:\/\/recyclingequipinc.com\/wp-content\/uploads\/2025\/06\/tire-sidewall-cutting-machine-for-sale.webp 720w, https:\/\/recyclingequipinc.com\/wp-content\/uploads\/2025\/06\/tire-sidewall-cutting-machine-for-sale-300x225.webp 300w, https:\/\/recyclingequipinc.com\/wp-content\/uploads\/2025\/06\/tire-sidewall-cutting-machine-for-sale-16x12.webp 16w\" sizes=\"(max-width: 720px) 100vw, 720px\" \/><figcaption id=\"caption-attachment-17328\" class=\"wp-caption-text\">m\u00e1quina de corte de parede lateral de pneus \u00e0 venda<\/figcaption><\/figure> <h2>Dados T\u00e9cnicos do Cortador de Lateral de Pneus<\/h2> <table style=\"border-collapse: collapse; width: 100%;\"> <tbody> <tr> <td style=\"width: 50%;\">Nome<\/td> <td style=\"width: 50%;\">cortador de lateral de pneu<\/td> <\/tr> <tr> <td style=\"width: 50%;\">Capacidade<\/td> <td style=\"width: 50%;\">40pcs\/h<\/td> <\/tr> <tr> <td style=\"width: 50%;\">Pot\u00eancia do Motor<\/td> <td style=\"width: 50%;\">4+0.75 KW<\/td> <\/tr> <tr> <td style=\"width: 50%;\">Faixa de Trabalho<\/td> <td style=\"width: 50%;\">pneus de 650-1200 mm<\/td> <\/tr> <tr> <td style=\"width: 50%;\">Tamanho da m\u00e1quina<\/td> <td style=\"width: 50%;\">1.8*1.3*1.6 m<\/td> <\/tr> <\/tbody> <\/table> <h2>Como Funciona a M\u00e1quina de Corte de Lateral de Pneus?<\/h2> <p>O pneu \u00e9 colocado deitado na plataforma rotativa e fixado com seguran\u00e7a. Ap\u00f3s ligar a m\u00e1quina, o operador utiliza o sistema de controlo para ajustar a posi\u00e7\u00e3o da ferramenta de corte em liga e ativar a rota\u00e7\u00e3o da plataforma. \u00c0 medida que a plataforma gira, a l\u00e2mina move-se gradualmente para dentro, cortando precisamente ao longo da borda ou da parede lateral para alcan\u00e7ar uma separa\u00e7\u00e3o limpa.<\/p> <figure id=\"attachment_17327\" aria-describedby=\"caption-attachment-17327\" style=\"width: 720px\" class=\"wp-caption aligncenter\"><img loading=\"lazy\" decoding=\"async\" class=\"wp-image-17327 size-full\" src=\"https:\/\/recyclingequipinc.com\/wp-content\/uploads\/2025\/06\/tire-sidewall-cutter-working-in-the-factory.webp\" alt=\"cortador de borda de pneu a trabalhar na f\u00e1brica\" width=\"720\" height=\"540\" srcset=\"https:\/\/recyclingequipinc.com\/wp-content\/uploads\/2025\/06\/tire-sidewall-cutter-working-in-the-factory.webp 720w, https:\/\/recyclingequipinc.com\/wp-content\/uploads\/2025\/06\/tire-sidewall-cutter-working-in-the-factory-300x225.webp 300w, https:\/\/recyclingequipinc.com\/wp-content\/uploads\/2025\/06\/tire-sidewall-cutter-working-in-the-factory-16x12.webp 16w\" sizes=\"(max-width: 720px) 100vw, 720px\" \/><figcaption id=\"caption-attachment-17327\" class=\"wp-caption-text\">cortador de borda de pneu a trabalhar na f\u00e1brica<\/figcaption><\/figure> <h2>Cortador de Lateral de Pneus \u00e0 Venda<\/h2> <p class=\"translation-block\">Procurando um cortador de laterais de pneus \u00e0 venda? A Shuliy oferece m\u00e1quinas de alta qualidade e custo-benef\u00edcio prontas para envio mundial. Se voc\u00ea est\u00e1 come\u00e7ando uma nova planta de reciclagem ou atualizando seu sistema atual, nossa m\u00e1quina de corte de laterais de pneus \u00e9 um investimento s\u00f3lido. Se voc\u00ea estiver interessado, confira nossa <a href=\"https:\/\/recyclingequipinc.com\/pt\/produto\/waste-tire-recycling-line\/\">linha de reciclagem de pneus usados semi-autom\u00e1tica<\/a> para ver como o cortador de laterais de pneus funciona como parte de um fluxo de trabalho de reciclagem otimizado, ou sinta-se \u00e0 vontade para entrar em contato conosco!<\/p>","protected":false},"excerpt":{"rendered":"<p>O cortador de parede lateral de pneus \u00e9 o primeiro passo utilizado em uma linha de reciclagem de pneus semi-autom\u00e1tica. Esta m\u00e1quina de corte pode cortar e remover eficientemente o tal\u00e3o do pneu que incorpora fios de a\u00e7o para facilitar as etapas de reciclagem subsequentes.<\/p>","protected":false},"featured_media":17326,"template":"","meta":{"site-sidebar-layout":"default","site-content-layout":"","ast-site-content-layout":"default","site-content-style":"default","site-sidebar-style":"default","ast-global-header-display":"","ast-banner-title-visibility":"","ast-main-header-display":"","ast-hfb-above-header-display":"","ast-hfb-below-header-display":"","ast-hfb-mobile-header-display":"","site-post-title":"","ast-breadcrumbs-content":"","ast-featured-img":"","footer-sml-layout":"","ast-disable-related-posts":"","theme-transparent-header-meta":"default","adv-header-id-meta":"","stick-header-meta":"","header-above-stick-meta":"","header-main-stick-meta":"","header-below-stick-meta":"","astra-migrate-meta-layouts":"set","ast-page-background-enabled":"default","ast-page-background-meta":{"desktop":{"background-color":"","background-image":"","background-repeat":"repeat","background-position":"center center","background-size":"auto","background-attachment":"scroll","background-type":"","background-media":"","overlay-type":"","overlay-color":"","overlay-opacity":"","overlay-gradient":""},"tablet":{"background-color":"","background-image":"","background-repeat":"repeat","background-position":"center center","background-size":"auto","background-attachment":"scroll","background-type":"","background-media":"","overlay-type":"","overlay-color":"","overlay-opacity":"","overlay-gradient":""},"mobile":{"background-color":"","background-image":"","background-repeat":"repeat","background-position":"center center","background-size":"auto","background-attachment":"scroll","background-type":"","background-media":"","overlay-type":"","overlay-color":"","overlay-opacity":"","overlay-gradient":""}},"ast-content-background-meta":{"desktop":{"background-color":"var(--ast-global-color-5)","background-image":"","background-repeat":"repeat","background-position":"center center","background-size":"auto","background-attachment":"scroll","background-type":"","background-media":"","overlay-type":"","overlay-color":"","overlay-opacity":"","overlay-gradient":""},"tablet":{"background-color":"var(--ast-global-color-5)","background-image":"","background-repeat":"repeat","background-position":"center center","background-size":"auto","background-attachment":"scroll","background-type":"","background-media":"","overlay-type":"","overlay-color":"","overlay-opacity":"","overlay-gradient":""},"mobile":{"background-color":"var(--ast-global-color-5)","background-image":"","background-repeat":"repeat","background-position":"center center","background-size":"auto","background-attachment":"scroll","background-type":"","background-media":"","overlay-type":"","overlay-color":"","overlay-opacity":"","overlay-gradient":""}}},"product_brand":[],"product_cat":[128],"product_tag":[],"class_list":{"0":"post-17311","1":"product","2":"type-product","3":"status-publish","4":"has-post-thumbnail","6":"product_cat-tire-recycling-machine","7":"desktop-align-center","8":"tablet-align-center","9":"mobile-align-center","11":"first","12":"instock","13":"shipping-taxable","14":"product-type-simple"},"_links":{"self":[{"href":"https:\/\/recyclingequipinc.com\/pt\/wp-json\/wp\/v2\/product\/17311","targetHints":{"allow":["GET"]}}],"collection":[{"href":"https:\/\/recyclingequipinc.com\/pt\/wp-json\/wp\/v2\/product"}],"about":[{"href":"https:\/\/recyclingequipinc.com\/pt\/wp-json\/wp\/v2\/types\/product"}],"version-history":[{"count":0,"href":"https:\/\/recyclingequipinc.com\/pt\/wp-json\/wp\/v2\/product\/17311\/revisions"}],"wp:featuredmedia":[{"embeddable":true,"href":"https:\/\/recyclingequipinc.com\/pt\/wp-json\/wp\/v2\/media\/17326"}],"wp:attachment":[{"href":"https:\/\/recyclingequipinc.com\/pt\/wp-json\/wp\/v2\/media?parent=17311"}],"wp:term":[{"taxonomy":"product_brand","embeddable":true,"href":"https:\/\/recyclingequipinc.com\/pt\/wp-json\/wp\/v2\/product_brand?post=17311"},{"taxonomy":"product_cat","embeddable":true,"href":"https:\/\/recyclingequipinc.com\/pt\/wp-json\/wp\/v2\/product_cat?post=17311"},{"taxonomy":"product_tag","embeddable":true,"href":"https:\/\/recyclingequipinc.com\/pt\/wp-json\/wp\/v2\/product_tag?post=17311"}],"curies":[{"name":"wp","href":"https:\/\/api.w.org\/{rel}","templated":true}]}}