{"id":17293,"date":"2025-06-09T16:37:00","date_gmt":"2025-06-09T08:37:00","guid":{"rendered":"https:\/\/recyclingequipinc.com\/?post_type=product&#038;p=17293"},"modified":"2025-08-22T10:20:13","modified_gmt":"2025-08-22T02:20:13","slug":"cotton-waste-cutting-machine","status":"publish","type":"product","link":"https:\/\/recyclingequipinc.com\/pt\/product\/cotton-waste-cutting-machine\/","title":{"rendered":"M\u00e1quina de Corte de Res\u00edduos de Algod\u00e3o para Reciclagem de Fibra"},"content":{"rendered":"<p>Os res\u00edduos de algod\u00e3o e os tecidos descartados, como roupas velhas, cortinas, tapetes e redes de pesca, s\u00e3o comuns em nossas vidas di\u00e1rias. Estes materiais t\u00eam um alto valor de reciclagem e podem ser processados em novos produtos de fibra, como tecidos n\u00e3o tecidos, materiais de isolamento, etc.<\/p> <p>No entanto, os res\u00edduos t\u00eaxteis grandes e volumosos s\u00e3o dif\u00edceis de manusear diretamente. Usando a m\u00e1quina de corte de res\u00edduos de algod\u00e3o t\u00eaxtil Shuliy, esses materiais podem ser triturados em fibras curtas e uniformes, melhorando significativamente a efici\u00eancia da reciclagem de fibras e permitindo um processo de corte cont\u00ednuo, est\u00e1vel e de alta velocidade.<\/p> <div class=\"ast-oembed-container\" style=\"height: 100%;\"><iframe title=\"M\u00e1quina Potente de Corte de Fibra em A\u00e7\u00e3o: De Enchimento de Edredons e T\u00eaxteis a Fibra Reciclada\" width=\"500\" height=\"281\" src=\"https:\/\/www.youtube.com\/embed\/k3odotZRnOg?feature=oembed\" frameborder=\"0\" allow=\"accelerometer; autoplay; clipboard-write; encrypted-media; gyroscope; picture-in-picture; web-share\" referrerpolicy=\"strict-origin-when-cross-origin\" allowfullscreen><\/iframe><\/div> <h2>Aplica\u00e7\u00e3o e Fun\u00e7\u00e3o da M\u00e1quina de Corte de Res\u00edduos de Algod\u00e3o<\/h2> <p>A m\u00e1quina de corte de fibra Shuliy pode cortar eficientemente os seguintes materiais:<\/p> <p>Ind\u00fastria T\u00eaxtil: Roupas em desuso, res\u00edduos de fios de algod\u00e3o, roupas descartadas, tecidos n\u00e3o tecidos, etiquetas de marca, etc.<br \/> Materiais fibrosos: Algod\u00e3o, l\u00e3, fibras qu\u00edmicas, linho e recortes de couro.<br \/> Res\u00edduos industriais: Filme pl\u00e1stico, papel, etc.<\/p> <div id='gallery-1' class='gallery galleryid-17293 gallery-columns-3 gallery-size-medium'><figure class='gallery-item'> \t\t\t<div class='gallery-icon landscape'> \t\t\t\t<a href='https:\/\/recyclingequipinc.com\/pt\/?attachment_id=17302'><img fetchpriority=\"high\" decoding=\"async\" width=\"300\" height=\"225\" src=\"https:\/\/recyclingequipinc.com\/wp-content\/uploads\/2025\/06\/waste-clothes-300x225.webp\" class=\"attachment-medium size-medium\" alt=\"roupas em desperd\u00edcio\" aria-describedby=\"gallery-1-17302\" srcset=\"https:\/\/recyclingequipinc.com\/wp-content\/uploads\/2025\/06\/waste-clothes-300x225.webp 300w, https:\/\/recyclingequipinc.com\/wp-content\/uploads\/2025\/06\/waste-clothes-16x12.webp 16w, https:\/\/recyclingequipinc.com\/wp-content\/uploads\/2025\/06\/waste-clothes.webp 720w\" sizes=\"(max-width: 300px) 100vw, 300px\" \/><\/a> \t\t\t<\/div> \t\t\t\t<figcaption class='wp-caption-text gallery-caption' id='gallery-1-17302'> \t\t\t\troupas em desperd\u00edcio \t\t\t\t<\/figcaption><\/figure><figure class='gallery-item'> \t\t\t<div class='gallery-icon landscape'> \t\t\t\t<a href='https:\/\/recyclingequipinc.com\/pt\/?attachment_id=17300'><img decoding=\"async\" width=\"300\" height=\"225\" src=\"https:\/\/recyclingequipinc.com\/wp-content\/uploads\/2025\/06\/nonwoven-fabric-300x225.webp\" class=\"attachment-medium size-medium\" alt=\"tecido n\u00e3o tecido\" aria-describedby=\"gallery-1-17300\" srcset=\"https:\/\/recyclingequipinc.com\/wp-content\/uploads\/2025\/06\/nonwoven-fabric-300x225.webp 300w, https:\/\/recyclingequipinc.com\/wp-content\/uploads\/2025\/06\/nonwoven-fabric-16x12.webp 16w, https:\/\/recyclingequipinc.com\/wp-content\/uploads\/2025\/06\/nonwoven-fabric.webp 720w\" sizes=\"(max-width: 300px) 100vw, 300px\" \/><\/a> \t\t\t<\/div> \t\t\t\t<figcaption class='wp-caption-text gallery-caption' id='gallery-1-17300'> \t\t\t\ttecido n\u00e3o tecido \t\t\t\t<\/figcaption><\/figure><figure class='gallery-item'> \t\t\t<div class='gallery-icon landscape'> \t\t\t\t<a href='https:\/\/recyclingequipinc.com\/pt\/?attachment_id=17304'><img decoding=\"async\" width=\"300\" height=\"225\" src=\"https:\/\/recyclingequipinc.com\/wp-content\/uploads\/2025\/06\/wool-fiber-300x225.webp\" class=\"attachment-medium size-medium\" alt=\"fibra de l\u00e3\" aria-describedby=\"gallery-1-17304\" srcset=\"https:\/\/recyclingequipinc.com\/wp-content\/uploads\/2025\/06\/wool-fiber-300x225.webp 300w, https:\/\/recyclingequipinc.com\/wp-content\/uploads\/2025\/06\/wool-fiber-16x12.webp 16w, https:\/\/recyclingequipinc.com\/wp-content\/uploads\/2025\/06\/wool-fiber.webp 720w\" sizes=\"(max-width: 300px) 100vw, 300px\" \/><\/a> \t\t\t<\/div> \t\t\t\t<figcaption class='wp-caption-text gallery-caption' id='gallery-1-17304'> \t\t\t\tfibra de l\u00e3 \t\t\t\t<\/figcaption><\/figure> \t\t<\/div>  <p>Com esta m\u00e1quina de corte de t\u00eaxteis, voc\u00ea pode obter:<\/p> <ul> <li>Corte Fino: Corta uniformemente o material fibroso residual (comprimento ajust\u00e1vel: 3 mm - 500 mm).<\/li> <li>Pr\u00e9-tratamento de Regenera\u00e7\u00e3o: Fornece mat\u00e9rias-primas qualificadas para soltar e reprocessar.<\/li> <li>Substituir Trabalho Manual: Resolve o problema do corte e picagem tradicionais, que requerem muita m\u00e3o de obra.<\/li> <li>Bom Efeito de Corte: Comparado a uma m\u00e1quina de corte a laser de fibra, n\u00e3o h\u00e1 impacto t\u00e9rmico ou marcas de queimadura no material, e n\u00e3o \u00e9 pegajoso.<\/li> <li>Otimiza\u00e7\u00e3o de Processos: Realiza automa\u00e7\u00e3o total da alimenta\u00e7\u00e3o cont\u00ednua, corte e descarregamento.<\/li> <\/ul> <div id='gallery-2' class='gallery galleryid-17293 gallery-columns-3 gallery-size-medium'><figure class='gallery-item'> \t\t\t<div class='gallery-icon landscape'> \t\t\t\t<a href='https:\/\/recyclingequipinc.com\/pt\/?attachment_id=17298'><img loading=\"lazy\" decoding=\"async\" width=\"300\" height=\"225\" src=\"https:\/\/recyclingequipinc.com\/wp-content\/uploads\/2025\/06\/cut-fibers-300x225.webp\" class=\"attachment-medium size-medium\" alt=\"fibras cortadas\" aria-describedby=\"gallery-2-17298\" srcset=\"https:\/\/recyclingequipinc.com\/wp-content\/uploads\/2025\/06\/cut-fibers-300x225.webp 300w, https:\/\/recyclingequipinc.com\/wp-content\/uploads\/2025\/06\/cut-fibers-16x12.webp 16w, https:\/\/recyclingequipinc.com\/wp-content\/uploads\/2025\/06\/cut-fibers.webp 720w\" sizes=\"(max-width: 300px) 100vw, 300px\" \/><\/a> \t\t\t<\/div> \t\t\t\t<figcaption class='wp-caption-text gallery-caption' id='gallery-2-17298'> \t\t\t\tfibras cortadas \t\t\t\t<\/figcaption><\/figure><figure class='gallery-item'> \t\t\t<div class='gallery-icon landscape'> \t\t\t\t<a href='https:\/\/recyclingequipinc.com\/pt\/?attachment_id=17301'><img loading=\"lazy\" decoding=\"async\" width=\"300\" height=\"225\" src=\"https:\/\/recyclingequipinc.com\/wp-content\/uploads\/2025\/06\/small-fiber-pieces-output-300x225.webp\" class=\"attachment-medium size-medium\" alt=\"sa\u00edda de pequenos peda\u00e7os de fibra\" aria-describedby=\"gallery-2-17301\" srcset=\"https:\/\/recyclingequipinc.com\/wp-content\/uploads\/2025\/06\/small-fiber-pieces-output-300x225.webp 300w, https:\/\/recyclingequipinc.com\/wp-content\/uploads\/2025\/06\/small-fiber-pieces-output-16x12.webp 16w, https:\/\/recyclingequipinc.com\/wp-content\/uploads\/2025\/06\/small-fiber-pieces-output.webp 720w\" sizes=\"(max-width: 300px) 100vw, 300px\" \/><\/a> \t\t\t<\/div> \t\t\t\t<figcaption class='wp-caption-text gallery-caption' id='gallery-2-17301'> \t\t\t\tsa\u00edda de pequenos peda\u00e7os de fibra \t\t\t\t<\/figcaption><\/figure> \t\t<\/div>  <h2>As 5 principais vantagens da m\u00e1quina cortadora de tecidos<\/h2> <ul> <li data-start=\"114\" data-end=\"218\"> <p data-start=\"117\" data-end=\"218\" class=\"translation-block\"><strong data-start=\"117\" data-end=\"139\">Corte de Alta Velocidade<\/strong><br data-start=\"139\" data-end=\"142\" \/>L\u00e2minas rotativas espirais avan\u00e7adas permitem corte cont\u00ednuo a 300\u20132000 kg\/h.<\/p> <\/li> <li data-start=\"220\" data-end=\"311\"> <p data-start=\"223\" data-end=\"311\" class=\"translation-block\"><strong data-start=\"223\" data-end=\"242\">Controle Preciso<\/strong><br data-start=\"242\" data-end=\"245\" \/>Comprimento de corte ajust\u00e1vel com precis\u00e3o de \u00b11mm (dependente do modelo).<\/p> <\/li> <li data-start=\"313\" data-end=\"404\"> <p data-start=\"316\" data-end=\"404\" class=\"translation-block\"><strong data-start=\"316\" data-end=\"334\">L\u00e2minas Dur\u00e1veis<\/strong><br data-start=\"334\" data-end=\"337\" \/>L\u00e2minas de a\u00e7o liga com design de borda dupla aumentam a vida \u00fatil em 3\u00d7.<\/p> <\/li> <li data-start=\"406\" data-end=\"503\"> <p data-start=\"409\" data-end=\"503\" class=\"translation-block\"><strong data-start=\"409\" data-end=\"429\">Prote\u00e7\u00e3o Inteligente<\/strong><br data-start=\"429\" data-end=\"432\" \/>Prote\u00e7\u00e3o contra sobrecarga embutida e parada de emerg\u00eancia para opera\u00e7\u00e3o mais segura.<\/p> <\/li> <li data-start=\"505\" data-end=\"607\"> <p data-start=\"508\" data-end=\"607\" class=\"translation-block\"><strong data-start=\"508\" data-end=\"528\">Manuten\u00e7\u00e3o F\u00e1cil<\/strong><br data-start=\"528\" data-end=\"531\" \/>Bandeja de l\u00e2mina modular e guia visual permitem manuten\u00e7\u00e3o r\u00e1pida em &lt;30 minutos.<\/p> <\/li> <\/ul> <div id='gallery-3' class='gallery galleryid-17293 gallery-columns-3 gallery-size-medium'><figure class='gallery-item'> \t\t\t<div class='gallery-icon landscape'> \t\t\t\t<a href='https:\/\/recyclingequipinc.com\/pt\/?attachment_id=17303'><img loading=\"lazy\" decoding=\"async\" width=\"300\" height=\"225\" src=\"https:\/\/recyclingequipinc.com\/wp-content\/uploads\/2025\/06\/waste-cotton-cloth-cuttiing-machine-300x225.webp\" class=\"attachment-medium size-medium\" alt=\"m\u00e1quina de corte de pano de algod\u00e3o residual\" aria-describedby=\"gallery-3-17303\" srcset=\"https:\/\/recyclingequipinc.com\/wp-content\/uploads\/2025\/06\/waste-cotton-cloth-cuttiing-machine-300x225.webp 300w, https:\/\/recyclingequipinc.com\/wp-content\/uploads\/2025\/06\/waste-cotton-cloth-cuttiing-machine-16x12.webp 16w, https:\/\/recyclingequipinc.com\/wp-content\/uploads\/2025\/06\/waste-cotton-cloth-cuttiing-machine.webp 720w\" sizes=\"(max-width: 300px) 100vw, 300px\" \/><\/a> \t\t\t<\/div> \t\t\t\t<figcaption class='wp-caption-text gallery-caption' id='gallery-3-17303'> \t\t\t\tm\u00e1quina de corte de pano de algod\u00e3o residual \t\t\t\t<\/figcaption><\/figure><figure class='gallery-item'> \t\t\t<div class='gallery-icon landscape'> \t\t\t\t<a href='https:\/\/recyclingequipinc.com\/pt\/?attachment_id=17299'><img loading=\"lazy\" decoding=\"async\" width=\"300\" height=\"225\" src=\"https:\/\/recyclingequipinc.com\/wp-content\/uploads\/2025\/06\/fiber-textile-cutter-machine-blades-300x225.webp\" class=\"attachment-medium size-medium\" alt=\"l\u00e2minas de m\u00e1quina cortadora de t\u00eaxteis de fibra\" aria-describedby=\"gallery-3-17299\" srcset=\"https:\/\/recyclingequipinc.com\/wp-content\/uploads\/2025\/06\/fiber-textile-cutter-machine-blades-300x225.webp 300w, https:\/\/recyclingequipinc.com\/wp-content\/uploads\/2025\/06\/fiber-textile-cutter-machine-blades-16x12.webp 16w, https:\/\/recyclingequipinc.com\/wp-content\/uploads\/2025\/06\/fiber-textile-cutter-machine-blades.webp 720w\" sizes=\"(max-width: 300px) 100vw, 300px\" \/><\/a> \t\t\t<\/div> \t\t\t\t<figcaption class='wp-caption-text gallery-caption' id='gallery-3-17299'> \t\t\t\tl\u00e2minas de m\u00e1quina cortadora de t\u00eaxteis de fibra \t\t\t\t<\/figcaption><\/figure> \t\t<\/div>  <h2>M\u00e1quinas de corte de tecido mais vendidas \u00e0 venda<\/h2> <p>Aqui est\u00e3o as especifica\u00e7\u00f5es das nossas cinco m\u00e1quinas de corte de res\u00edduos de algod\u00e3o mais vendidas. As l\u00e2minas da m\u00e1quina de corte de fibras s\u00e3o feitas de um a\u00e7o ferramenta de liga duro e dur\u00e1vel.<\/p> <table style=\"border-collapse: collapse; width: 100%;\"> <tbody> <tr> <td style=\"width: 16.6667%;\">Modelo<\/td> <td style=\"width: 16.6667%;\">500B<\/td> <td style=\"width: 16.6667%;\">800C<\/td> <td style=\"width: 16.6667%;\">1200B<\/td> <td style=\"width: 16.6667%;\">1600B<\/td> <td style=\"width: 16.6667%;\">2400B<\/td> <\/tr> <tr> <td style=\"width: 16.6667%;\">Capacidade<\/td> <td style=\"width: 16.6667%;\">300\u2013500 kg\/h<\/td> <td style=\"width: 16.6667%;\">500\u2013800 kg\/h<\/td> <td style=\"width: 16.6667%;\">800\u20131200 kg\/h<\/td> <td style=\"width: 16.6667%;\">1000\u20133000 kg\/h<\/td> <td style=\"width: 16.6667%;\">\u00a02000\u20135000 kg\/h<\/td> <\/tr> <tr> <td style=\"width: 16.6667%;\">Pot\u00eancia do Motor<\/td> <td style=\"width: 16.6667%;\">5.5 + 1.5 kW<\/td> <td style=\"width: 16.6667%;\">\u00a07.5 + 1.5 kW<\/td> <td style=\"width: 16.6667%;\">15 + 2.2 kW<\/td> <td style=\"width: 16.6667%;\">\u00a018.5 + 3.0 kW<\/td> <td style=\"width: 16.6667%;\">\u00a022 + 3.0 kW<\/td> <\/tr> <tr> <td style=\"width: 16.6667%;\">Tamanho de Corte<\/td> <td style=\"width: 16.6667%;\">5\u2013150 mm<\/td> <td style=\"width: 16.6667%;\">5\u2013150 mm<\/td> <td style=\"width: 16.6667%;\">5\u2013150 mm<\/td> <td style=\"width: 16.6667%;\">5\u2013300 mm<\/td> <td style=\"width: 16.6667%;\">10\u2013300 mm<\/td> <\/tr> <tr> <td style=\"width: 16.6667%;\">Espessura de Corte<\/td> <td style=\"width: 16.6667%;\">20 mm<\/td> <td style=\"width: 16.6667%;\">\u00a030\u201350 mm<\/td> <td style=\"width: 16.6667%;\">\u00a030\u201350 mm<\/td> <td style=\"width: 16.6667%;\">\u00a030\u2013150 mm<\/td> <td style=\"width: 16.6667%;\">\u00a030\u2013200 mm<\/td> <\/tr> <tr> <td style=\"width: 16.6667%;\">Dimens\u00f5es<\/td> <td style=\"width: 16.6667%;\">3200*1000*1200 mm<\/td> <td style=\"width: 16.6667%;\">3200*1000*1200 mm<\/td> <td style=\"width: 16.6667%;\">7000*1500*1500 mm<\/td> <td style=\"width: 16.6667%;\">7000*1800*1950 mm<\/td> <td style=\"width: 16.6667%;\">5800*2200*1950 mm<\/td> <\/tr> <tr> <td style=\"width: 16.6667%;\">Correia de Entrada\/Sa\u00edda<\/td> <td style=\"width: 16.6667%;\">2800*350 mm<\/td> <td style=\"width: 16.6667%;\">\u00a02800*350 mm<\/td> <td style=\"width: 16.6667%;\">\u00a03000*520 mm<\/td> <td style=\"width: 16.6667%;\">\u00a03000*720 mm<\/td> <td style=\"width: 16.6667%;\">\u00a03000*1100 mm<\/td> <\/tr> <tr> <td style=\"width: 16.6667%;\">Configura\u00e7\u00e3o El\u00e9trica<\/td> <td style=\"width: 16.6667%;\">Prote\u00e7\u00e3o t\u00e9rmica contra sobrecarga, caixa de controle el\u00e9trico<\/td> <td style=\"width: 16.6667%;\">Prote\u00e7\u00e3o t\u00e9rmica contra sobrecarga, caixa de controle el\u00e9trico<\/td> <td style=\"width: 16.6667%;\">\u00a0Caixa de controle el\u00e9trico independente<\/td> <td style=\"width: 16.6667%;\">\u00a0Caixa de controle el\u00e9trico independente<\/td> <td style=\"width: 16.6667%;\">Caixa de controle el\u00e9trico tripla independente<\/td> <\/tr> <\/tbody> <\/table> <h2>Princ\u00edpio de Funcionamento da M\u00e1quina de Corte de Tecido de Algod\u00e3o Residual<\/h2> <ul> <li>Entrada: Coloque fibras de desperd\u00edcio, pano de algod\u00e3o, etc., na correia transportadora e na m\u00e1quina de corte de desperd\u00edcio de algod\u00e3o.<\/li> <li>Corte: A m\u00e1quina de corte de fibras utiliza um design avan\u00e7ado de l\u00e2mina rotativa espiral inclinada que trabalha com l\u00e2minas fixas para criar um ponto de cisalhamento em movimento. Isso permite um corte cont\u00ednuo e em alta velocidade de materiais.<\/li> <li>Descarregamento: Os peda\u00e7os de fibra cortados deslizam para o funil e s\u00e3o enviados atrav\u00e9s da correia de sa\u00edda. De acordo com os requisitos de produ\u00e7\u00e3o, pode ser adicionado um dispositivo de separa\u00e7\u00e3o magn\u00e9tica forte para absorver pregos misturados, bot\u00f5es, etc., prolongando a vida \u00fatil das l\u00e2minas.<\/li> <\/ul> <h2>Obtenha o pre\u00e7o da cortadora de tecidos!<\/h2> <p>A Shuliy oferece uma ampla gama de m\u00e1quinas de corte de res\u00edduos de algod\u00e3o e solu\u00e7\u00f5es personalizadas para reciclagem de fibras. Se estiver interessado, entre em contato conosco para pre\u00e7os, fotos, v\u00eddeos ao vivo, aplica\u00e7\u00f5es na ind\u00fastria e muito mais!<\/p> <figure id=\"attachment_17296\" aria-describedby=\"caption-attachment-17296\" style=\"width: 720px\" class=\"wp-caption aligncenter\"><img loading=\"lazy\" decoding=\"async\" class=\"wp-image-17296 size-full\" src=\"https:\/\/recyclingequipinc.com\/wp-content\/uploads\/2025\/06\/cotton-waste-cutting-machine-for-sale.webp\" alt=\"m\u00e1quina de corte de res\u00edduos de algod\u00e3o \u00e0 venda\" width=\"720\" height=\"540\" srcset=\"https:\/\/recyclingequipinc.com\/wp-content\/uploads\/2025\/06\/cotton-waste-cutting-machine-for-sale.webp 720w, https:\/\/recyclingequipinc.com\/wp-content\/uploads\/2025\/06\/cotton-waste-cutting-machine-for-sale-300x225.webp 300w, https:\/\/recyclingequipinc.com\/wp-content\/uploads\/2025\/06\/cotton-waste-cutting-machine-for-sale-16x12.webp 16w\" sizes=\"(max-width: 720px) 100vw, 720px\" \/><figcaption id=\"caption-attachment-17296\" class=\"wp-caption-text\">m\u00e1quina de corte de res\u00edduos de algod\u00e3o \u00e0 venda<\/figcaption><\/figure>","protected":false},"excerpt":{"rendered":"<p>A m\u00e1quina de corte de res\u00edduos de algod\u00e3o Shuliy corta todos os tipos de fibras t\u00eaxteis em peda\u00e7os pequenos e uniformes, fornecendo mat\u00e9rias-primas qualificadas para a abertura e reprocessamento subsequentes. Esta m\u00e1quina tem uma capacidade de 300-5.000 kg\/h, e o comprimento da fibra acabada pode ser ajustado de 3 a 500 mm.<\/p>","protected":false},"featured_media":17297,"template":"","meta":{"site-sidebar-layout":"default","site-content-layout":"","ast-site-content-layout":"default","site-content-style":"default","site-sidebar-style":"default","ast-global-header-display":"","ast-banner-title-visibility":"","ast-main-header-display":"","ast-hfb-above-header-display":"","ast-hfb-below-header-display":"","ast-hfb-mobile-header-display":"","site-post-title":"","ast-breadcrumbs-content":"","ast-featured-img":"","footer-sml-layout":"","ast-disable-related-posts":"","theme-transparent-header-meta":"default","adv-header-id-meta":"","stick-header-meta":"","header-above-stick-meta":"","header-main-stick-meta":"","header-below-stick-meta":"","astra-migrate-meta-layouts":"set","ast-page-background-enabled":"default","ast-page-background-meta":{"desktop":{"background-color":"","background-image":"","background-repeat":"repeat","background-position":"center center","background-size":"auto","background-attachment":"scroll","background-type":"","background-media":"","overlay-type":"","overlay-color":"","overlay-opacity":"","overlay-gradient":""},"tablet":{"background-color":"","background-image":"","background-repeat":"repeat","background-position":"center center","background-size":"auto","background-attachment":"scroll","background-type":"","background-media":"","overlay-type":"","overlay-color":"","overlay-opacity":"","overlay-gradient":""},"mobile":{"background-color":"","background-image":"","background-repeat":"repeat","background-position":"center center","background-size":"auto","background-attachment":"scroll","background-type":"","background-media":"","overlay-type":"","overlay-color":"","overlay-opacity":"","overlay-gradient":""}},"ast-content-background-meta":{"desktop":{"background-color":"var(--ast-global-color-5)","background-image":"","background-repeat":"repeat","background-position":"center center","background-size":"auto","background-attachment":"scroll","background-type":"","background-media":"","overlay-type":"","overlay-color":"","overlay-opacity":"","overlay-gradient":""},"tablet":{"background-color":"var(--ast-global-color-5)","background-image":"","background-repeat":"repeat","background-position":"center center","background-size":"auto","background-attachment":"scroll","background-type":"","background-media":"","overlay-type":"","overlay-color":"","overlay-opacity":"","overlay-gradient":""},"mobile":{"background-color":"var(--ast-global-color-5)","background-image":"","background-repeat":"repeat","background-position":"center center","background-size":"auto","background-attachment":"scroll","background-type":"","background-media":"","overlay-type":"","overlay-color":"","overlay-opacity":"","overlay-gradient":""}}},"product_brand":[],"product_cat":[129],"product_tag":[],"class_list":{"0":"post-17293","1":"product","2":"type-product","3":"status-publish","4":"has-post-thumbnail","6":"product_cat-fiber-recycling-machine","7":"desktop-align-center","8":"tablet-align-center","9":"mobile-align-center","11":"first","12":"instock","13":"shipping-taxable","14":"product-type-simple"},"_links":{"self":[{"href":"https:\/\/recyclingequipinc.com\/pt\/wp-json\/wp\/v2\/product\/17293","targetHints":{"allow":["GET"]}}],"collection":[{"href":"https:\/\/recyclingequipinc.com\/pt\/wp-json\/wp\/v2\/product"}],"about":[{"href":"https:\/\/recyclingequipinc.com\/pt\/wp-json\/wp\/v2\/types\/product"}],"version-history":[{"count":0,"href":"https:\/\/recyclingequipinc.com\/pt\/wp-json\/wp\/v2\/product\/17293\/revisions"}],"wp:featuredmedia":[{"embeddable":true,"href":"https:\/\/recyclingequipinc.com\/pt\/wp-json\/wp\/v2\/media\/17297"}],"wp:attachment":[{"href":"https:\/\/recyclingequipinc.com\/pt\/wp-json\/wp\/v2\/media?parent=17293"}],"wp:term":[{"taxonomy":"product_brand","embeddable":true,"href":"https:\/\/recyclingequipinc.com\/pt\/wp-json\/wp\/v2\/product_brand?post=17293"},{"taxonomy":"product_cat","embeddable":true,"href":"https:\/\/recyclingequipinc.com\/pt\/wp-json\/wp\/v2\/product_cat?post=17293"},{"taxonomy":"product_tag","embeddable":true,"href":"https:\/\/recyclingequipinc.com\/pt\/wp-json\/wp\/v2\/product_tag?post=17293"}],"curies":[{"name":"wp","href":"https:\/\/api.w.org\/{rel}","templated":true}]}}