{"id":17268,"date":"2025-05-26T14:37:26","date_gmt":"2025-05-26T06:37:26","guid":{"rendered":"https:\/\/recyclingequipinc.com\/?post_type=product&#038;p=17268"},"modified":"2025-05-26T14:38:27","modified_gmt":"2025-05-26T06:38:27","slug":"mining-tire-recycling-machine","status":"publish","type":"product","link":"https:\/\/recyclingequipinc.com\/pt\/product\/mining-tire-recycling-machine\/","title":{"rendered":"M\u00e1quina de Reciclagem de Pneus de Minera\u00e7\u00e3o \u00e0 Venda | Descarte de Pneus OTR"},"content":{"rendered":"<p>\u00c0 medida que a agricultura, a minera\u00e7\u00e3o e outras ind\u00fastrias se desenvolveram, o n\u00famero de pneus fora de estrada (OTR) descartados aumentou dramaticamente. Embora os pneus de minera\u00e7\u00e3o em fim de vida tenham um alto valor de reciclagem, eles s\u00e3o dif\u00edceis de processar diretamente devido ao seu grande tamanho e estrutura robusta. As m\u00e1quinas de reciclagem de pneus de minera\u00e7\u00e3o Shuliy podem processar pneus OTR gigantes com mais de 1400 mm para obter p\u00f3 de borracha ajust\u00e1vel em tamanhos que variam de 10 a 40 mesh, aros de a\u00e7o e fibras de nylon para reutiliza\u00e7\u00e3o.<\/p> <figure id=\"attachment_17275\" aria-describedby=\"caption-attachment-17275\" style=\"width: 720px\" class=\"wp-caption aligncenter\"><img fetchpriority=\"high\" decoding=\"async\" class=\"wp-image-17275 size-full\" src=\"https:\/\/recyclingequipinc.com\/wp-content\/uploads\/2025\/05\/mining-tire-recycling-line.webp\" alt=\"linha de reciclagem de pneus de minera\u00e7\u00e3o\" width=\"720\" height=\"540\" srcset=\"https:\/\/recyclingequipinc.com\/wp-content\/uploads\/2025\/05\/mining-tire-recycling-line.webp 720w, https:\/\/recyclingequipinc.com\/wp-content\/uploads\/2025\/05\/mining-tire-recycling-line-300x225.webp 300w, https:\/\/recyclingequipinc.com\/wp-content\/uploads\/2025\/05\/mining-tire-recycling-line-16x12.webp 16w\" sizes=\"(max-width: 720px) 100vw, 720px\" \/><figcaption id=\"caption-attachment-17275\" class=\"wp-caption-text\">linha de reciclagem de pneus de minera\u00e7\u00e3o<\/figcaption><\/figure> <h2>O Papel das M\u00e1quinas de Reciclagem de Pneus de Minera\u00e7\u00e3o Shuliy<\/h2> <p>Este sistema de reciclagem de pneus de minera\u00e7\u00e3o \u00e9 adequado para todos os pneus grandes com um di\u00e2metro superior a 1400 mm, incluindo pneus de minera\u00e7\u00e3o, pneus de movimenta\u00e7\u00e3o de terras, pneus de carregadeiras, etc. Atrav\u00e9s de um processo de desintegra\u00e7\u00e3o, tritura\u00e7\u00e3o, moagem e triagem, obt\u00e9m-se um p\u00f3 de borracha fino e uniforme. Estes p\u00f3s s\u00e3o amplamente utilizados na remanufatura de modifica\u00e7\u00f5es de asfalto, pneus reciclados, tapetes de borracha e outros produtos de borracha. A finura do p\u00f3 de borracha pode ser ajustada de 10 a 40 mesh de acordo com a demanda.<\/p> <div id='gallery-1' class='gallery galleryid-17268 gallery-columns-3 gallery-size-full'><figure class='gallery-item'> \t\t\t<div class='gallery-icon landscape'> \t\t\t\t<a href='https:\/\/recyclingequipinc.com\/pt\/?attachment_id=17278'><img decoding=\"async\" width=\"720\" height=\"540\" src=\"https:\/\/recyclingequipinc.com\/wp-content\/uploads\/2025\/05\/OTR-mining-tires.webp\" class=\"attachment-full size-full\" alt=\"pneus de minera\u00e7\u00e3o OTR\" aria-describedby=\"gallery-1-17278\" srcset=\"https:\/\/recyclingequipinc.com\/wp-content\/uploads\/2025\/05\/OTR-mining-tires.webp 720w, https:\/\/recyclingequipinc.com\/wp-content\/uploads\/2025\/05\/OTR-mining-tires-300x225.webp 300w, https:\/\/recyclingequipinc.com\/wp-content\/uploads\/2025\/05\/OTR-mining-tires-16x12.webp 16w\" sizes=\"(max-width: 720px) 100vw, 720px\" \/><\/a> \t\t\t<\/div> \t\t\t\t<figcaption class='wp-caption-text gallery-caption' id='gallery-1-17278'> \t\t\t\tpneus de minera\u00e7\u00e3o OTR \t\t\t\t<\/figcaption><\/figure><figure class='gallery-item'> \t\t\t<div class='gallery-icon landscape'> \t\t\t\t<a href='https:\/\/recyclingequipinc.com\/pt\/?attachment_id=17281'><img decoding=\"async\" width=\"720\" height=\"540\" src=\"https:\/\/recyclingequipinc.com\/wp-content\/uploads\/2025\/05\/Taller-than-human-large-mining-tires.webp\" class=\"attachment-full size-full\" alt=\"pneus de minera\u00e7\u00e3o maiores que um humano\" aria-describedby=\"gallery-1-17281\" srcset=\"https:\/\/recyclingequipinc.com\/wp-content\/uploads\/2025\/05\/Taller-than-human-large-mining-tires.webp 720w, https:\/\/recyclingequipinc.com\/wp-content\/uploads\/2025\/05\/Taller-than-human-large-mining-tires-300x225.webp 300w, https:\/\/recyclingequipinc.com\/wp-content\/uploads\/2025\/05\/Taller-than-human-large-mining-tires-16x12.webp 16w\" sizes=\"(max-width: 720px) 100vw, 720px\" \/><\/a> \t\t\t<\/div> \t\t\t\t<figcaption class='wp-caption-text gallery-caption' id='gallery-1-17281'> \t\t\t\tpneus de minera\u00e7\u00e3o maiores que um humano \t\t\t\t<\/figcaption><\/figure><figure class='gallery-item'> \t\t\t<div class='gallery-icon landscape'> \t\t\t\t<a href='https:\/\/recyclingequipinc.com\/pt\/?attachment_id=17274'><img loading=\"lazy\" decoding=\"async\" width=\"720\" height=\"540\" src=\"https:\/\/recyclingequipinc.com\/wp-content\/uploads\/2025\/05\/gaint-tires.webp\" class=\"attachment-full size-full\" alt=\"pneus gigantes\" aria-describedby=\"gallery-1-17274\" srcset=\"https:\/\/recyclingequipinc.com\/wp-content\/uploads\/2025\/05\/gaint-tires.webp 720w, https:\/\/recyclingequipinc.com\/wp-content\/uploads\/2025\/05\/gaint-tires-300x225.webp 300w, https:\/\/recyclingequipinc.com\/wp-content\/uploads\/2025\/05\/gaint-tires-16x12.webp 16w\" sizes=\"(max-width: 720px) 100vw, 720px\" \/><\/a> \t\t\t<\/div> \t\t\t\t<figcaption class='wp-caption-text gallery-caption' id='gallery-1-17274'> \t\t\t\tpneus gigantes \t\t\t\t<\/figcaption><\/figure> \t\t<\/div>  <p>Al\u00e9m disso, o fio de a\u00e7o e a fibra s\u00e3o efetivamente separados ao longo do processo de produ\u00e7\u00e3o de p\u00f3 de pneu. Estes materiais podem ser utilizados como mat\u00e9rias-primas para a produ\u00e7\u00e3o de a\u00e7o e como combust\u00edveis alternativos, respetivamente. Isso aumenta significativamente a taxa de utiliza\u00e7\u00e3o de recursos e o valor econ\u00f4mico dos pneus OTR descartados.<\/p> <figure id=\"attachment_17282\" aria-describedby=\"caption-attachment-17282\" style=\"width: 1120px\" class=\"wp-caption aligncenter\"><img loading=\"lazy\" decoding=\"async\" class=\"wp-image-17282 size-full\" src=\"https:\/\/recyclingequipinc.com\/wp-content\/uploads\/2025\/05\/wide-applications-of-recycled-materials-from-OTR-tires.webp\" alt=\"amplas aplica\u00e7\u00f5es de materiais reciclados de pneus OTR\" width=\"1120\" height=\"200\" srcset=\"https:\/\/recyclingequipinc.com\/wp-content\/uploads\/2025\/05\/wide-applications-of-recycled-materials-from-OTR-tires.webp 1120w, https:\/\/recyclingequipinc.com\/wp-content\/uploads\/2025\/05\/wide-applications-of-recycled-materials-from-OTR-tires-300x54.webp 300w, https:\/\/recyclingequipinc.com\/wp-content\/uploads\/2025\/05\/wide-applications-of-recycled-materials-from-OTR-tires-1024x183.webp 1024w, https:\/\/recyclingequipinc.com\/wp-content\/uploads\/2025\/05\/wide-applications-of-recycled-materials-from-OTR-tires-768x137.webp 768w, https:\/\/recyclingequipinc.com\/wp-content\/uploads\/2025\/05\/wide-applications-of-recycled-materials-from-OTR-tires-18x3.webp 18w, https:\/\/recyclingequipinc.com\/wp-content\/uploads\/2025\/05\/wide-applications-of-recycled-materials-from-OTR-tires-750x134.webp 750w\" sizes=\"(max-width: 1120px) 100vw, 1120px\" \/><figcaption id=\"caption-attachment-17282\" class=\"wp-caption-text\">amplas aplica\u00e7\u00f5es de materiais reciclados de pneus OTR<\/figcaption><\/figure> <h2>Vantagens do Nosso Equipamento de Reciclagem de Pneus de Minera\u00e7\u00e3o<\/h2> <ul> <li>Com forte adaptabilidade e ampla aplica\u00e7\u00e3o, \u00e9 adequado para todos os pneus OTR com di\u00e2metro superior a 1400 mm.<\/li> <li>Toda a m\u00e1quina \u00e9 constru\u00edda de acordo com os padr\u00f5es da ind\u00fastria pesada, com uma estrutura robusta, materiais resistentes ao desgaste, uma alta capacidade de carga e uma elevada efici\u00eancia operacional.<\/li> <li>A finura do p\u00f3 de borracha pode ser ajustada de 10 a 40 mesh para atender a v\u00e1rios requisitos de produ\u00e7\u00e3o.<\/li> <li>Ele separa de forma altamente eficiente impurezas de fio de a\u00e7o e fibra, e o p\u00f3 de borracha \u00e9 99% puro ou mais.<\/li> <li>Possui baixo consumo de energia e est\u00e1 em conformidade com os padr\u00f5es de prote\u00e7\u00e3o ambiental e economia de energia.<\/li> <\/ul> <p>&nbsp;<\/p> <h2>Duas Linhas de Produ\u00e7\u00e3o de Borracha Totalmente Autom\u00e1ticas<\/h2> <p>Para atender plenamente \u00e0s necessidades de reciclagem de pneus OTR de diferentes tamanhos, a Shuliy oferece duas rotas de processamento: \"Desenho de Fios-Desgaste-Moagem\" \u00e9 usado para pneus de tamanho m\u00e9dio (1400-4000 mm), enquanto \"Desintegra\u00e7\u00e3o-Desgaste-Moagem\" \u00e9 usado para pneus inteiros de tamanho excessivo (\u22652100 mm). Tamb\u00e9m h\u00e1 op\u00e7\u00f5es flex\u00edveis dispon\u00edveis para atender a v\u00e1rias necessidades de produ\u00e7\u00e3o.<\/p> <h3><span style=\"font-size: 14pt;\">Linha de Reciclagem de Pneus OTR para Pneus de 1400-4000 mm<\/span><\/h3> <figure id=\"attachment_17277\" aria-describedby=\"caption-attachment-17277\" style=\"width: 720px\" class=\"wp-caption alignleft\"><img loading=\"lazy\" decoding=\"async\" class=\"wp-image-17277 size-full\" src=\"https:\/\/recyclingequipinc.com\/wp-content\/uploads\/2025\/05\/mining-tire-recycling-solution-1.webp\" alt=\"solu\u00e7\u00e3o de reciclagem de pneus de minera\u00e7\u00e3o 1\" width=\"720\" height=\"540\" srcset=\"https:\/\/recyclingequipinc.com\/wp-content\/uploads\/2025\/05\/mining-tire-recycling-solution-1.webp 720w, https:\/\/recyclingequipinc.com\/wp-content\/uploads\/2025\/05\/mining-tire-recycling-solution-1-300x225.webp 300w, https:\/\/recyclingequipinc.com\/wp-content\/uploads\/2025\/05\/mining-tire-recycling-solution-1-16x12.webp 16w\" sizes=\"(max-width: 720px) 100vw, 720px\" \/><figcaption id=\"caption-attachment-17277\" class=\"wp-caption-text\">solu\u00e7\u00e3o de reciclagem de pneus de minera\u00e7\u00e3o 1<\/figcaption><\/figure> <p>&nbsp;<\/p> <p>M\u00e1quinas de reciclagem de pneus de minera\u00e7\u00e3o envolvidas:<br \/> Desmontadora de pneus OTR, m\u00e1quina de corte de pneus OTR, triturador de pneus de borracha, triturador de pneus e separador magn\u00e9tico<\/p> <p>Fluxo de Trabalho:<\/p> <ol> <li>A M\u00e1quina de Desenho de Pneus OTR remove eficientemente os aros das laterais usando um poderoso sistema hidr\u00e1ulico e dispositivo de agarre.<\/li> <li>O pneu de borracha, com os aros removidos, \u00e9 dividido em segmentos f\u00e1ceis de triturar por uma m\u00e1quina de corte.<\/li> <li>O triturador de pneus tritura poderosamente os pneus em pequenos peda\u00e7os uniformes medindo 50-100 mm usando um cortador rotativo de alta velocidade.<\/li> <li>Moagem de rolos duplos e aplica\u00e7\u00e3o de dispositivos de triagem em m\u00faltiplas camadas e separa\u00e7\u00e3o magn\u00e9tica, produzindo p\u00f3 de borracha de acordo com o tamanho definido, alcan\u00e7ando uma triagem precisa.<\/li> <li>O separador de fibras separa eficientemente as impurezas de fibra usando classifica\u00e7\u00e3o por fluxo de ar.<\/li> <\/ol> <p>&nbsp;<\/p> <p>&nbsp;<\/p> <figure id=\"attachment_17276\" aria-describedby=\"caption-attachment-17276\" style=\"width: 720px\" class=\"wp-caption alignleft\"><img loading=\"lazy\" decoding=\"async\" class=\"wp-image-17276 size-full\" src=\"https:\/\/recyclingequipinc.com\/wp-content\/uploads\/2025\/05\/mining-tire-recycling-plant-2.webp\" alt=\"planta de reciclagem de pneus de minera\u00e7\u00e3o 2\" width=\"720\" height=\"540\" srcset=\"https:\/\/recyclingequipinc.com\/wp-content\/uploads\/2025\/05\/mining-tire-recycling-plant-2.webp 720w, https:\/\/recyclingequipinc.com\/wp-content\/uploads\/2025\/05\/mining-tire-recycling-plant-2-300x225.webp 300w, https:\/\/recyclingequipinc.com\/wp-content\/uploads\/2025\/05\/mining-tire-recycling-plant-2-16x12.webp 16w\" sizes=\"(max-width: 720px) 100vw, 720px\" \/><figcaption id=\"caption-attachment-17276\" class=\"wp-caption-text\">planta de reciclagem de pneus de minera\u00e7\u00e3o 2<\/figcaption><\/figure> <p>&nbsp;<\/p> <p>Equipamento de reciclagem de pneus OTR envolvidos: m\u00e1quina de desmontagem de pneus OTR, separador de fios de a\u00e7o OTR, m\u00e1quina de tritura\u00e7\u00e3o de pneus, m\u00e1quina de moagem de pneus e separa\u00e7\u00e3o magn\u00e9tica.<\/p> <p>Fluxo de Trabalho:<\/p> <ol> <li>A m\u00e1quina desmontadora OTR desmonta rapidamente pneus grandes em segmentos de topo, lateral e carca\u00e7a usando l\u00e2minas potentes e ajust\u00e1veis.<\/li> <li>O separador de bordas OTR separa eficientemente e completamente as bordas embutidas na carca\u00e7a.<\/li> <li>Os blocos de pneus com bordas removidas s\u00e3o ent\u00e3o alimentados na trituradora de pneus para uma tritura\u00e7\u00e3o uniforme.<\/li> <li>O sistema de moagem e triagem de pneus permite a moagem fina e a remo\u00e7\u00e3o eficiente de blocos de borracha.<\/li> <li>O separador de fibras separa as fibras.<\/li> <\/ol> <p>&nbsp;<\/p> <p>&nbsp;<\/p> <p>&nbsp;<\/p> <h2>M\u00e1quinas profissionais de reciclagem de pneus de minera\u00e7\u00e3o \u00e0 venda<\/h2> <p>\u00c0 medida que a minera\u00e7\u00e3o, engenharia, transporte e outras ind\u00fastrias pesadas continuam a se desenvolver, o uso de pneus OTR est\u00e1 crescendo. Seu grande tamanho e caracter\u00edsticas n\u00e3o degrad\u00e1veis apresentam importantes desafios ambientais e de gest\u00e3o de recursos. Ao mesmo tempo, o mercado de reciclagem de pneus OTR gera oportunidades de neg\u00f3cios sem precedentes, \u00e0 medida que os pa\u00edses fortalecem o apoio pol\u00edtico \u00e0 reciclagem de pneus usados.<\/p> <p>A Shuliy est\u00e1 comprometida em fornecer aos nossos clientes globais solu\u00e7\u00f5es de reciclagem de pneus OTR eficientes e ambientalmente amig\u00e1veis. Oferecemos configura\u00e7\u00f5es de equipamentos personalizadas e cobrimos todo o processo, desde o planejamento do local e instala\u00e7\u00e3o porta a porta at\u00e9 o treinamento t\u00e9cnico e uma garantia gratuita de um ano. Isso ajuda nossos clientes a iniciar a produ\u00e7\u00e3o rapidamente e gerar lucros constantes. Nossos equipamentos foram exportados para o Canad\u00e1, Austr\u00e1lia, Qu\u00eania e outros pa\u00edses, e receberam ampla aclama\u00e7\u00e3o.<\/p> <p>Sinta-se \u00e0 vontade para nos contactar hoje para uma proposta e or\u00e7amento se quiser liderar o mercado de reciclagem de pneus OTR. Shuliy \u2014 o seu parceiro confi\u00e1vel em equipamentos de reciclagem!<\/p> <div id='gallery-2' class='gallery galleryid-17268 gallery-columns-2 gallery-size-full'><figure class='gallery-item'> \t\t\t<div class='gallery-icon landscape'> \t\t\t\t<a href='https:\/\/recyclingequipinc.com\/pt\/?attachment_id=17280'><img loading=\"lazy\" decoding=\"async\" width=\"720\" height=\"540\" src=\"https:\/\/recyclingequipinc.com\/wp-content\/uploads\/2025\/05\/Sapin-customers-visit-Shuliy.webp\" class=\"attachment-full size-full\" alt=\"Clientes da Espanha visitam a Shuliy\" aria-describedby=\"gallery-2-17280\" srcset=\"https:\/\/recyclingequipinc.com\/wp-content\/uploads\/2025\/05\/Sapin-customers-visit-Shuliy.webp 720w, https:\/\/recyclingequipinc.com\/wp-content\/uploads\/2025\/05\/Sapin-customers-visit-Shuliy-300x225.webp 300w, https:\/\/recyclingequipinc.com\/wp-content\/uploads\/2025\/05\/Sapin-customers-visit-Shuliy-16x12.webp 16w\" sizes=\"(max-width: 720px) 100vw, 720px\" \/><\/a> \t\t\t<\/div> \t\t\t\t<figcaption class='wp-caption-text gallery-caption' id='gallery-2-17280'> \t\t\t\tClientes da Espanha visitam a Shuliy \t\t\t\t<\/figcaption><\/figure><figure class='gallery-item'> \t\t\t<div class='gallery-icon landscape'> \t\t\t\t<a href='https:\/\/recyclingequipinc.com\/pt\/?attachment_id=17272'><img loading=\"lazy\" decoding=\"async\" width=\"720\" height=\"540\" src=\"https:\/\/recyclingequipinc.com\/wp-content\/uploads\/2025\/05\/Austrialian-clients-visit-tire-recycling-machines.webp\" class=\"attachment-full size-full\" alt=\"Clientes australianos visitam m\u00e1quinas de reciclagem de pneus\" aria-describedby=\"gallery-2-17272\" srcset=\"https:\/\/recyclingequipinc.com\/wp-content\/uploads\/2025\/05\/Austrialian-clients-visit-tire-recycling-machines.webp 720w, https:\/\/recyclingequipinc.com\/wp-content\/uploads\/2025\/05\/Austrialian-clients-visit-tire-recycling-machines-300x225.webp 300w, https:\/\/recyclingequipinc.com\/wp-content\/uploads\/2025\/05\/Austrialian-clients-visit-tire-recycling-machines-16x12.webp 16w\" sizes=\"(max-width: 720px) 100vw, 720px\" \/><\/a> \t\t\t<\/div> \t\t\t\t<figcaption class='wp-caption-text gallery-caption' id='gallery-2-17272'> \t\t\t\tClientes australianos visitam m\u00e1quinas de reciclagem de pneus \t\t\t\t<\/figcaption><\/figure> \t\t<\/div>","protected":false},"excerpt":{"rendered":"<p>As m\u00e1quinas de reciclagem de pneus de minera\u00e7\u00e3o Shuliy s\u00e3o especialmente projetadas para processar pneus OTR grandes (\u22651400 mm) e produzir p\u00f3 de borracha de alta qualidade (10-40 mesh). Ela oferece uma solu\u00e7\u00e3o completa para a disposi\u00e7\u00e3o de pneus OTR.<\/p>","protected":false},"featured_media":17277,"template":"","meta":{"site-sidebar-layout":"default","site-content-layout":"","ast-site-content-layout":"default","site-content-style":"default","site-sidebar-style":"default","ast-global-header-display":"","ast-banner-title-visibility":"","ast-main-header-display":"","ast-hfb-above-header-display":"","ast-hfb-below-header-display":"","ast-hfb-mobile-header-display":"","site-post-title":"","ast-breadcrumbs-content":"","ast-featured-img":"","footer-sml-layout":"","ast-disable-related-posts":"","theme-transparent-header-meta":"default","adv-header-id-meta":"","stick-header-meta":"","header-above-stick-meta":"","header-main-stick-meta":"","header-below-stick-meta":"","astra-migrate-meta-layouts":"set","ast-page-background-enabled":"default","ast-page-background-meta":{"desktop":{"background-color":"","background-image":"","background-repeat":"repeat","background-position":"center center","background-size":"auto","background-attachment":"scroll","background-type":"","background-media":"","overlay-type":"","overlay-color":"","overlay-opacity":"","overlay-gradient":""},"tablet":{"background-color":"","background-image":"","background-repeat":"repeat","background-position":"center center","background-size":"auto","background-attachment":"scroll","background-type":"","background-media":"","overlay-type":"","overlay-color":"","overlay-opacity":"","overlay-gradient":""},"mobile":{"background-color":"","background-image":"","background-repeat":"repeat","background-position":"center center","background-size":"auto","background-attachment":"scroll","background-type":"","background-media":"","overlay-type":"","overlay-color":"","overlay-opacity":"","overlay-gradient":""}},"ast-content-background-meta":{"desktop":{"background-color":"var(--ast-global-color-5)","background-image":"","background-repeat":"repeat","background-position":"center center","background-size":"auto","background-attachment":"scroll","background-type":"","background-media":"","overlay-type":"","overlay-color":"","overlay-opacity":"","overlay-gradient":""},"tablet":{"background-color":"var(--ast-global-color-5)","background-image":"","background-repeat":"repeat","background-position":"center center","background-size":"auto","background-attachment":"scroll","background-type":"","background-media":"","overlay-type":"","overlay-color":"","overlay-opacity":"","overlay-gradient":""},"mobile":{"background-color":"var(--ast-global-color-5)","background-image":"","background-repeat":"repeat","background-position":"center center","background-size":"auto","background-attachment":"scroll","background-type":"","background-media":"","overlay-type":"","overlay-color":"","overlay-opacity":"","overlay-gradient":""}}},"product_brand":[],"product_cat":[128],"product_tag":[],"class_list":{"0":"post-17268","1":"product","2":"type-product","3":"status-publish","4":"has-post-thumbnail","6":"product_cat-tire-recycling-machine","7":"desktop-align-center","8":"tablet-align-center","9":"mobile-align-center","11":"first","12":"instock","13":"shipping-taxable","14":"product-type-simple"},"_links":{"self":[{"href":"https:\/\/recyclingequipinc.com\/pt\/wp-json\/wp\/v2\/product\/17268","targetHints":{"allow":["GET"]}}],"collection":[{"href":"https:\/\/recyclingequipinc.com\/pt\/wp-json\/wp\/v2\/product"}],"about":[{"href":"https:\/\/recyclingequipinc.com\/pt\/wp-json\/wp\/v2\/types\/product"}],"version-history":[{"count":0,"href":"https:\/\/recyclingequipinc.com\/pt\/wp-json\/wp\/v2\/product\/17268\/revisions"}],"wp:featuredmedia":[{"embeddable":true,"href":"https:\/\/recyclingequipinc.com\/pt\/wp-json\/wp\/v2\/media\/17277"}],"wp:attachment":[{"href":"https:\/\/recyclingequipinc.com\/pt\/wp-json\/wp\/v2\/media?parent=17268"}],"wp:term":[{"taxonomy":"product_brand","embeddable":true,"href":"https:\/\/recyclingequipinc.com\/pt\/wp-json\/wp\/v2\/product_brand?post=17268"},{"taxonomy":"product_cat","embeddable":true,"href":"https:\/\/recyclingequipinc.com\/pt\/wp-json\/wp\/v2\/product_cat?post=17268"},{"taxonomy":"product_tag","embeddable":true,"href":"https:\/\/recyclingequipinc.com\/pt\/wp-json\/wp\/v2\/product_tag?post=17268"}],"curies":[{"name":"wp","href":"https:\/\/api.w.org\/{rel}","templated":true}]}}