{"id":17256,"date":"2025-05-20T15:40:48","date_gmt":"2025-05-20T07:40:48","guid":{"rendered":"https:\/\/recyclingequipinc.com\/?post_type=product&#038;p=17256"},"modified":"2025-05-20T15:40:48","modified_gmt":"2025-05-20T07:40:48","slug":"rubber-powder-production-line","status":"publish","type":"product","link":"https:\/\/recyclingequipinc.com\/pt\/product\/rubber-powder-production-line\/","title":{"rendered":"Linha de Produ\u00e7\u00e3o de P\u00f3 de Borracha Totalmente Autom\u00e1tica"},"content":{"rendered":"<p>\u00c0 medida que a ind\u00fastria autom\u00f3vel se desenvolve, o n\u00famero de pneus em fim de vida aumenta, tornando a reciclagem de pneus um projeto popular. A Shuliy Machinery desenvolveu tr\u00eas tipos de linhas de produ\u00e7\u00e3o de p\u00f3 de borracha totalmente automatizadas que podem converter eficientemente pneus em fim de vida em p\u00f3 de borracha, ajudando os recicladores de pneus em todo o mundo a gerir neg\u00f3cios rent\u00e1veis e ecol\u00f3gicos.<\/p> <div class=\"ast-oembed-container\" style=\"height: 100%;\"><iframe title=\"Linha de Reciclagem de Pneus Totalmente Autom\u00e1tica em A\u00e7\u00e3o | Produ\u00e7\u00e3o de P\u00f3 de Borracha de Alta Efici\u00eancia\" width=\"500\" height=\"281\" src=\"https:\/\/www.youtube.com\/embed\/vPOWjr2Om_E?feature=oembed\" frameborder=\"0\" allow=\"accelerometer; autoplay; clipboard-write; encrypted-media; gyroscope; picture-in-picture; web-share\" referrerpolicy=\"strict-origin-when-cross-origin\" allowfullscreen><\/iframe><\/div> <h2>Aplica\u00e7\u00e3o de Linhas Autom\u00e1ticas de Reciclagem de Pneus<\/h2> <p>Estas linhas s\u00e3o adequadas para o processamento de pneus com at\u00e9 1200 mm de di\u00e2metro, atrav\u00e9s da desmontagem, tritura\u00e7\u00e3o e moagem. Este processo produz os fios de a\u00e7o, p\u00f3s de borracha e fibras de nylon contidos nos pneus em sucata, que podem ser classificados e reciclados.<\/p> <p>Esta linha de reciclagem de pneus totalmente autom\u00e1tica, altamente eficiente e que economiza m\u00e3o de obra, \u00e9 recomendada para empresas m\u00e9dias e grandes.<\/p> <figure id=\"attachment_17266\" aria-describedby=\"caption-attachment-17266\" style=\"width: 720px\" class=\"wp-caption aligncenter\"><img fetchpriority=\"high\" decoding=\"async\" class=\"wp-image-17266 size-full\" src=\"https:\/\/recyclingequipinc.com\/wp-content\/uploads\/2025\/05\/what-can-you-get-with-Shuliy-rubber-powder-production-lines.webp\" alt=\"o que voc\u00ea pode obter com as linhas de produ\u00e7\u00e3o de p\u00f3 de borracha Shuliy\" width=\"720\" height=\"540\" srcset=\"https:\/\/recyclingequipinc.com\/wp-content\/uploads\/2025\/05\/what-can-you-get-with-Shuliy-rubber-powder-production-lines.webp 720w, https:\/\/recyclingequipinc.com\/wp-content\/uploads\/2025\/05\/what-can-you-get-with-Shuliy-rubber-powder-production-lines-300x225.webp 300w, https:\/\/recyclingequipinc.com\/wp-content\/uploads\/2025\/05\/what-can-you-get-with-Shuliy-rubber-powder-production-lines-16x12.webp 16w\" sizes=\"(max-width: 720px) 100vw, 720px\" \/><figcaption id=\"caption-attachment-17266\" class=\"wp-caption-text\">o que voc\u00ea pode obter com as linhas de produ\u00e7\u00e3o de p\u00f3 de borracha Shuliy<\/figcaption><\/figure> <h2>Principais Vantagens das Linhas de Produ\u00e7\u00e3o de P\u00f3 de Borracha Totalmente Autom\u00e1ticas<\/h2> <ul style=\"list-style-type: circle;\"> <li><strong>Alta efici\u00eancia:<\/strong> at\u00e9 18 toneladas de p\u00f3 de borracha por dia.<\/li> <li><strong>Produtos finais de alta qualidade:<\/strong> a pureza do p\u00f3 de borracha acabado \u00e9 de pelo menos 99%, proporcionando alto valor agregado.<\/li> <li><strong>Flexibilidade:<\/strong> uma variedade de programas para escolher, com finura ajust\u00e1vel do p\u00f3 de borracha.<\/li> <li><strong>Prote\u00e7\u00e3o ambiental:<\/strong> baixo consumo de energia e conformidade com os padr\u00f5es CE da Uni\u00e3o Europeia e padr\u00f5es de emiss\u00e3o de poeira.<\/li> <\/ul> <h2>Tr\u00eas Tipos de Linhas de Produ\u00e7\u00e3o de P\u00f3 de Borracha<\/h2> <h3><span style=\"font-size: 14pt;\">Solu\u00e7\u00e3o de Reciclagem de Pneus 1:\u00a0<\/span><\/h3> <figure id=\"attachment_17260\" aria-describedby=\"caption-attachment-17260\" style=\"width: 720px\" class=\"wp-caption alignleft\"><img decoding=\"async\" class=\"wp-image-17260 size-full\" src=\"https:\/\/recyclingequipinc.com\/wp-content\/uploads\/2025\/05\/automatic-rubber-powder-production-line.webp\" alt=\"linha de produ\u00e7\u00e3o autom\u00e1tica de p\u00f3 de borracha\" width=\"720\" height=\"540\" srcset=\"https:\/\/recyclingequipinc.com\/wp-content\/uploads\/2025\/05\/automatic-rubber-powder-production-line.webp 720w, https:\/\/recyclingequipinc.com\/wp-content\/uploads\/2025\/05\/automatic-rubber-powder-production-line-300x225.webp 300w, https:\/\/recyclingequipinc.com\/wp-content\/uploads\/2025\/05\/automatic-rubber-powder-production-line-16x12.webp 16w\" sizes=\"(max-width: 720px) 100vw, 720px\" \/><figcaption id=\"caption-attachment-17260\" class=\"wp-caption-text\">linha de produ\u00e7\u00e3o autom\u00e1tica de p\u00f3 de borracha<\/figcaption><\/figure> <p>&nbsp;<\/p> <p class=\"translation-block\"><strong>Inclui equipamento: <\/strong> m\u00e1quina desfiadora de pneus, m\u00e1quina de corte de pneus, triturador de pneus, sistema de moagem e peneira\u00e7\u00e3o de pneus<\/p> <p class=\"translation-block\"><strong style=\"font-size: 16px\">Processo de trabalho detalhado:<\/strong><\/p> <ol> <li>A m\u00e1quina despoletadora de pneus puxa os aros de a\u00e7o para fora dos aros internos dos pneus usando um forte dispositivo de tra\u00e7\u00e3o hidr\u00e1ulica.<\/li> <li>A m\u00e1quina cortadora de pneus corta os pneus em duas ou tr\u00eas pe\u00e7as, que s\u00e3o f\u00e1ceis de colocar no triturador para processamento.<\/li> <li>O triturador de pneus esmaga os pneus em pequenos peda\u00e7os uniformes, aumentando a efici\u00eancia da moagem subsequente.<\/li> <li>A linha de fabrica\u00e7\u00e3o de p\u00f3 de borracha produz p\u00f3 de borracha de alta qualidade com uma finura ajust\u00e1vel de 10 a 40 mesh atrav\u00e9s de processos como moagem em rolos duplos, triagem em tela vibrat\u00f3ria e separa\u00e7\u00e3o magn\u00e9tica.<\/li> <\/ol> <ol style=\"list-style-type: lower-alpha;\"> <li style=\"list-style-type: none;\"><\/li> <\/ol> <p>&nbsp;<\/p> <p>&nbsp;<\/p> <p>&nbsp;<\/p> <h3><span style=\"font-size: 14pt;\">Planta de Reciclagem de Pneus Usados 2:<\/span><\/h3> <figure id=\"attachment_17261\" aria-describedby=\"caption-attachment-17261\" style=\"width: 720px\" class=\"wp-caption alignleft\"><img decoding=\"async\" class=\"wp-image-17261 size-full\" src=\"https:\/\/recyclingequipinc.com\/wp-content\/uploads\/2025\/05\/fully-automatic-waste-tire-recycling-line.webp\" alt=\"linha de reciclagem de pneus usados totalmente autom\u00e1tica\" width=\"720\" height=\"540\" srcset=\"https:\/\/recyclingequipinc.com\/wp-content\/uploads\/2025\/05\/fully-automatic-waste-tire-recycling-line.webp 720w, https:\/\/recyclingequipinc.com\/wp-content\/uploads\/2025\/05\/fully-automatic-waste-tire-recycling-line-300x225.webp 300w, https:\/\/recyclingequipinc.com\/wp-content\/uploads\/2025\/05\/fully-automatic-waste-tire-recycling-line-16x12.webp 16w\" sizes=\"(max-width: 720px) 100vw, 720px\" \/><figcaption id=\"caption-attachment-17261\" class=\"wp-caption-text\">linha de reciclagem de pneus usados totalmente autom\u00e1tica<\/figcaption><\/figure> <p>&nbsp;<\/p> <p>&nbsp;<\/p> <p class=\"translation-block\"><strong>Inclui instala\u00e7\u00e3o: <\/strong> removedor e cortador de arame de tal\u00e3o de pneu, separador de arame de a\u00e7o de pneu, triturador de pneus de borracha, linha de tritura\u00e7\u00e3o de pneus<\/p> <p class=\"translation-block\"><strong>Processo de Trabalho Completo:<\/strong><\/p> <ol> <li>A m\u00e1quina de remo\u00e7\u00e3o e corte de borda de pneu remove a borda do pneu que cont\u00e9m os fios de a\u00e7o e corta o pneu, que em seguida entra na m\u00e1quina de tritura\u00e7\u00e3o de pneus atrav\u00e9s de uma correia transportadora autom\u00e1tica.<\/li> <li>O separador de fios de a\u00e7o do pneu separa ent\u00e3o as partes de borracha e de fios de a\u00e7o da borda do pneu, sendo que a parte de borracha tamb\u00e9m pode ser colocada no triturador para processamento.<\/li> <li>O poderoso triturador e os sistemas de moagem e triagem ent\u00e3o esmagam, moem e removem impurezas da borracha.<\/li> <li>Sa\u00edda: P\u00f3 de borracha altamente puro, cuja finura pode ser ajustada usando a tela.<\/li> <\/ol> <p>&nbsp;<\/p> <p>&nbsp;<\/p> <h3><span style=\"font-size: 14pt;\">Linha de Produ\u00e7\u00e3o de P\u00f3 de Borracha 3:<\/span><\/h3> <figure id=\"attachment_17264\" aria-describedby=\"caption-attachment-17264\" style=\"width: 720px\" class=\"wp-caption alignleft\"><img loading=\"lazy\" decoding=\"async\" class=\"wp-image-17264 size-full\" src=\"https:\/\/recyclingequipinc.com\/wp-content\/uploads\/2025\/05\/tire-recycling-plant.webp\" alt=\"planta de reciclagem de pneus\" width=\"720\" height=\"540\" srcset=\"https:\/\/recyclingequipinc.com\/wp-content\/uploads\/2025\/05\/tire-recycling-plant.webp 720w, https:\/\/recyclingequipinc.com\/wp-content\/uploads\/2025\/05\/tire-recycling-plant-300x225.webp 300w, https:\/\/recyclingequipinc.com\/wp-content\/uploads\/2025\/05\/tire-recycling-plant-16x12.webp 16w\" sizes=\"(max-width: 720px) 100vw, 720px\" \/><figcaption id=\"caption-attachment-17264\" class=\"wp-caption-text\">planta de reciclagem de pneus<\/figcaption><\/figure> <p>&nbsp;<\/p> <p>&nbsp;<\/p> <p>&nbsp;<\/p> <p class=\"translation-block\"><strong>Inclui m\u00e1quinas: <\/strong><\/p> <p>Triturador de borracha industrial, moedor de borracha de pneu e separador magn\u00e9tico<\/p> <p class=\"translation-block\"><strong>Fluxo de trabalho:<\/strong><\/p> <p>Ao contr\u00e1rio das duas solu\u00e7\u00f5es anteriores, esta solu\u00e7\u00e3o de reciclagem de pneus n\u00e3o requer pr\u00e9-processamento. O pneu inteiro pode ser colocado diretamente em um triturador de pneus de alta pot\u00eancia, seguido de moagem profunda e triagem.<\/p> <p>&nbsp;<\/p> <p>&nbsp;<\/p> <p>&nbsp;<\/p> <p>&nbsp;<\/p> <p>&nbsp;<\/p> <h2>Casos de Sucesso sobre Linhas de Produ\u00e7\u00e3o de Pneus de Borracha<\/h2> <p>Anteriormente, export\u00e1mos linhas de reciclagem de pneus totalmente automatizadas para o Canad\u00e1, Qatar, \u00c1frica do Sul, \u00cdndia e outros pa\u00edses, ajudando a estabelecer f\u00e1bricas de reciclagem de pneus e a melhorar a efici\u00eancia em todo o mundo. Por exemplo, ap\u00f3s a introdu\u00e7\u00e3o da linha de produ\u00e7\u00e3o autom\u00e1tica de p\u00f3 de borracha Shuliy 560# numa f\u00e1brica canadiana, a sua produ\u00e7\u00e3o di\u00e1ria aumentou para 5 toneladas, melhorando significativamente a efici\u00eancia e a rentabilidade.<\/p> <div id='gallery-1' class='gallery galleryid-17256 gallery-columns-3 gallery-size-thumbnail'><figure class='gallery-item'> \t\t\t<div class='gallery-icon landscape'> \t\t\t\t<a href='https:\/\/recyclingequipinc.com\/pt\/?attachment_id=17265'><img loading=\"lazy\" decoding=\"async\" width=\"150\" height=\"150\" src=\"https:\/\/recyclingequipinc.com\/wp-content\/uploads\/2025\/05\/tire-recycling-quipment-to-Canada-150x150.webp\" class=\"attachment-thumbnail size-thumbnail\" alt=\"equipamento de reciclagem de pneus para o Canad\u00e1\" aria-describedby=\"gallery-1-17265\" srcset=\"https:\/\/recyclingequipinc.com\/wp-content\/uploads\/2025\/05\/tire-recycling-quipment-to-Canada-150x150.webp 150w, https:\/\/recyclingequipinc.com\/wp-content\/uploads\/2025\/05\/tire-recycling-quipment-to-Canada-100x100.webp 100w\" sizes=\"(max-width: 150px) 100vw, 150px\" \/><\/a> \t\t\t<\/div> \t\t\t\t<figcaption class='wp-caption-text gallery-caption' id='gallery-1-17265'> \t\t\t\tequipamento de reciclagem de pneus para o Canad\u00e1 \t\t\t\t<\/figcaption><\/figure><figure class='gallery-item'> \t\t\t<div class='gallery-icon landscape'> \t\t\t\t<a href='https:\/\/recyclingequipinc.com\/pt\/?attachment_id=17263'><img loading=\"lazy\" decoding=\"async\" width=\"150\" height=\"150\" src=\"https:\/\/recyclingequipinc.com\/wp-content\/uploads\/2025\/05\/tire-recycling-machines-to-Austrilia-150x150.webp\" class=\"attachment-thumbnail size-thumbnail\" alt=\"m\u00e1quinas de reciclagem de pneus para a Austr\u00e1lia\" aria-describedby=\"gallery-1-17263\" srcset=\"https:\/\/recyclingequipinc.com\/wp-content\/uploads\/2025\/05\/tire-recycling-machines-to-Austrilia-150x150.webp 150w, https:\/\/recyclingequipinc.com\/wp-content\/uploads\/2025\/05\/tire-recycling-machines-to-Austrilia-100x100.webp 100w\" sizes=\"(max-width: 150px) 100vw, 150px\" \/><\/a> \t\t\t<\/div> \t\t\t\t<figcaption class='wp-caption-text gallery-caption' id='gallery-1-17263'> \t\t\t\tm\u00e1quinas de reciclagem de pneus para a Austr\u00e1lia \t\t\t\t<\/figcaption><\/figure><figure class='gallery-item'> \t\t\t<div class='gallery-icon landscape'> \t\t\t\t<a href='https:\/\/recyclingequipinc.com\/pt\/?attachment_id=17262'><img loading=\"lazy\" decoding=\"async\" width=\"150\" height=\"150\" src=\"https:\/\/recyclingequipinc.com\/wp-content\/uploads\/2025\/05\/tire-recycling-machine-packed-for-shippment-to-South-africa-150x150.webp\" class=\"attachment-thumbnail size-thumbnail\" alt=\"m\u00e1quina de reciclagem de pneus embalada para envio para a \u00c1frica do Sul\" aria-describedby=\"gallery-1-17262\" srcset=\"https:\/\/recyclingequipinc.com\/wp-content\/uploads\/2025\/05\/tire-recycling-machine-packed-for-shippment-to-South-africa-150x150.webp 150w, https:\/\/recyclingequipinc.com\/wp-content\/uploads\/2025\/05\/tire-recycling-machine-packed-for-shippment-to-South-africa-100x100.webp 100w\" sizes=\"(max-width: 150px) 100vw, 150px\" \/><\/a> \t\t\t<\/div> \t\t\t\t<figcaption class='wp-caption-text gallery-caption' id='gallery-1-17262'> \t\t\t\tm\u00e1quina de reciclagem de pneus embalada para envio para a \u00c1frica do Sul \t\t\t\t<\/figcaption><\/figure> \t\t<\/div>  <h2>Equipamento Autom\u00e1tico de Reciclagem de Pneus \u00e0 Venda<\/h2> <p>Como um fornecedor l\u00edder de equipamentos para reciclagem de pneus, podemos oferecer um servi\u00e7o abrangente, desde o design e instala\u00e7\u00e3o at\u00e9 o suporte p\u00f3s-venda. Se estiver interessado, n\u00e3o hesite em nos contactar!<\/p>","protected":false},"excerpt":{"rendered":"<p>A linha de produ\u00e7\u00e3o autom\u00e1tica de p\u00f3 de borracha da Shuliy \u00e9 projetada para converter pneus usados com menos de 1200 mm em p\u00f3 de borracha para reutiliza\u00e7\u00e3o. A finura do p\u00f3 de borracha pode ser ajustada para uma faixa de 10 a 40 mesh, com uma pureza de pelo menos 99%.<\/p>","protected":false},"featured_media":17264,"template":"","meta":{"site-sidebar-layout":"default","site-content-layout":"","ast-site-content-layout":"default","site-content-style":"default","site-sidebar-style":"default","ast-global-header-display":"","ast-banner-title-visibility":"","ast-main-header-display":"","ast-hfb-above-header-display":"","ast-hfb-below-header-display":"","ast-hfb-mobile-header-display":"","site-post-title":"","ast-breadcrumbs-content":"","ast-featured-img":"","footer-sml-layout":"","ast-disable-related-posts":"","theme-transparent-header-meta":"default","adv-header-id-meta":"","stick-header-meta":"","header-above-stick-meta":"","header-main-stick-meta":"","header-below-stick-meta":"","astra-migrate-meta-layouts":"set","ast-page-background-enabled":"default","ast-page-background-meta":{"desktop":{"background-color":"","background-image":"","background-repeat":"repeat","background-position":"center center","background-size":"auto","background-attachment":"scroll","background-type":"","background-media":"","overlay-type":"","overlay-color":"","overlay-opacity":"","overlay-gradient":""},"tablet":{"background-color":"","background-image":"","background-repeat":"repeat","background-position":"center center","background-size":"auto","background-attachment":"scroll","background-type":"","background-media":"","overlay-type":"","overlay-color":"","overlay-opacity":"","overlay-gradient":""},"mobile":{"background-color":"","background-image":"","background-repeat":"repeat","background-position":"center center","background-size":"auto","background-attachment":"scroll","background-type":"","background-media":"","overlay-type":"","overlay-color":"","overlay-opacity":"","overlay-gradient":""}},"ast-content-background-meta":{"desktop":{"background-color":"var(--ast-global-color-5)","background-image":"","background-repeat":"repeat","background-position":"center center","background-size":"auto","background-attachment":"scroll","background-type":"","background-media":"","overlay-type":"","overlay-color":"","overlay-opacity":"","overlay-gradient":""},"tablet":{"background-color":"var(--ast-global-color-5)","background-image":"","background-repeat":"repeat","background-position":"center center","background-size":"auto","background-attachment":"scroll","background-type":"","background-media":"","overlay-type":"","overlay-color":"","overlay-opacity":"","overlay-gradient":""},"mobile":{"background-color":"var(--ast-global-color-5)","background-image":"","background-repeat":"repeat","background-position":"center center","background-size":"auto","background-attachment":"scroll","background-type":"","background-media":"","overlay-type":"","overlay-color":"","overlay-opacity":"","overlay-gradient":""}}},"product_brand":[],"product_cat":[128],"product_tag":[],"class_list":{"0":"post-17256","1":"product","2":"type-product","3":"status-publish","4":"has-post-thumbnail","6":"product_cat-tire-recycling-machine","7":"desktop-align-center","8":"tablet-align-center","9":"mobile-align-center","11":"first","12":"instock","13":"shipping-taxable","14":"product-type-simple"},"_links":{"self":[{"href":"https:\/\/recyclingequipinc.com\/pt\/wp-json\/wp\/v2\/product\/17256","targetHints":{"allow":["GET"]}}],"collection":[{"href":"https:\/\/recyclingequipinc.com\/pt\/wp-json\/wp\/v2\/product"}],"about":[{"href":"https:\/\/recyclingequipinc.com\/pt\/wp-json\/wp\/v2\/types\/product"}],"version-history":[{"count":0,"href":"https:\/\/recyclingequipinc.com\/pt\/wp-json\/wp\/v2\/product\/17256\/revisions"}],"wp:featuredmedia":[{"embeddable":true,"href":"https:\/\/recyclingequipinc.com\/pt\/wp-json\/wp\/v2\/media\/17264"}],"wp:attachment":[{"href":"https:\/\/recyclingequipinc.com\/pt\/wp-json\/wp\/v2\/media?parent=17256"}],"wp:term":[{"taxonomy":"product_brand","embeddable":true,"href":"https:\/\/recyclingequipinc.com\/pt\/wp-json\/wp\/v2\/product_brand?post=17256"},{"taxonomy":"product_cat","embeddable":true,"href":"https:\/\/recyclingequipinc.com\/pt\/wp-json\/wp\/v2\/product_cat?post=17256"},{"taxonomy":"product_tag","embeddable":true,"href":"https:\/\/recyclingequipinc.com\/pt\/wp-json\/wp\/v2\/product_tag?post=17256"}],"curies":[{"name":"wp","href":"https:\/\/api.w.org\/{rel}","templated":true}]}}