{"id":17105,"date":"2025-01-24T17:00:18","date_gmt":"2025-01-24T09:00:18","guid":{"rendered":"https:\/\/recyclingequipinc.com\/?post_type=product&#038;p=17105"},"modified":"2025-01-24T17:00:18","modified_gmt":"2025-01-24T09:00:18","slug":"trommel-sieve","status":"publish","type":"product","link":"https:\/\/recyclingequipinc.com\/pt\/product\/trommel-sieve\/","title":{"rendered":"Peneira Trommel de garrafa de pl\u00e1stico para venda"},"content":{"rendered":"<p>Como um equipamento eficiente de triagem e separa\u00e7\u00e3o de impurezas, a peneira Trommel fornece suporte t\u00e9cnico significativo e garantia de qualidade para reciclagem de garrafas pl\u00e1sticas. Como um equipamento eficiente de triagem e separa\u00e7\u00e3o de impurezas, a peneira trommel fornece suporte t\u00e9cnico substancial e garantia de qualidade para reciclagem de garrafas pl\u00e1sticas. Seu princ\u00edpio de funcionamento \u00fanico e ampla aplicabilidade o tornam de alto valor utilit\u00e1rio.<\/p> <figure id=\"attachment_17121\" aria-describedby=\"caption-attachment-17121\" style=\"width: 720px\" class=\"wp-caption aligncenter\"><img fetchpriority=\"high\" decoding=\"async\" class=\"size-full wp-image-17121\" src=\"https:\/\/recyclingequipinc.com\/wp-content\/uploads\/2025\/01\/trommel-sieve.webp\" alt=\"peneira trommel\" width=\"720\" height=\"540\" srcset=\"https:\/\/recyclingequipinc.com\/wp-content\/uploads\/2025\/01\/trommel-sieve.webp 720w, https:\/\/recyclingequipinc.com\/wp-content\/uploads\/2025\/01\/trommel-sieve-300x225.webp 300w, https:\/\/recyclingequipinc.com\/wp-content\/uploads\/2025\/01\/trommel-sieve-16x12.webp 16w\" sizes=\"(max-width: 720px) 100vw, 720px\" \/><figcaption id=\"caption-attachment-17121\" class=\"wp-caption-text\">peneira trommel<\/figcaption><\/figure> <h2>Por que usar peneiras Trommel?<\/h2> <p>As telas de copo s\u00e3o comumente usadas para pr\u00e9-tratar garrafas pl\u00e1sticas antes de serem trituradas e recicladas, ent\u00e3o por que us\u00e1-las? Entre outros motivos:<\/p> <ul> <li>O uso de uma peneira pode remover efetivamente impurezas grandes, reduzir a dificuldade de reciclagem subsequente e ajudar a melhorar a efici\u00eancia e a qualidade das linhas de reciclagem de PET.<\/li> <li>A pr\u00e9-triagem de pedras, metais e outras impurezas pode ajudar a melhorar a vida \u00fatil do britador, lavadora, etc. subsequente, para evitar bloqueios, emperramento, etc.<\/li> <li>As peneiras girat\u00f3rias podem ajudar a peneirar garrafas PET de diferentes tamanhos, o que \u00e9 conveniente para o tratamento de reciclagem gradual e maximiza a efici\u00eancia da reciclagem de pl\u00e1stico.<\/li> <\/ul> <figure id=\"attachment_17122\" aria-describedby=\"caption-attachment-17122\" style=\"width: 720px\" class=\"wp-caption aligncenter\"><img decoding=\"async\" class=\"size-full wp-image-17122\" src=\"https:\/\/recyclingequipinc.com\/wp-content\/uploads\/2025\/01\/trommel-sieve-2.webp\" alt=\"peneira trommel\" width=\"720\" height=\"539\" srcset=\"https:\/\/recyclingequipinc.com\/wp-content\/uploads\/2025\/01\/trommel-sieve-2.webp 720w, https:\/\/recyclingequipinc.com\/wp-content\/uploads\/2025\/01\/trommel-sieve-2-300x225.webp 300w, https:\/\/recyclingequipinc.com\/wp-content\/uploads\/2025\/01\/trommel-sieve-2-16x12.webp 16w\" sizes=\"(max-width: 720px) 100vw, 720px\" \/><figcaption id=\"caption-attachment-17122\" class=\"wp-caption-text\">peneira trommel<\/figcaption><\/figure> <h2>Vantagens da peneira Shuliy Tumbler<\/h2> <ul> <li>Fabricado em a\u00e7o carbono, resistente ao desgaste e dur\u00e1vel, baixo custo de manuten\u00e7\u00e3o.<\/li> <li>Estrutura de peneira trommel de pl\u00e1stico simples, f\u00e1cil de operar, limpar e manter.<\/li> <li>Grande capacidade, alto desempenho e alto rendimento para filtrar e remover impurezas de PET com efici\u00eancia.<\/li> <li>Pode ser usado em uma ampla variedade de tamanhos e formatos de garrafas pl\u00e1sticas.<\/li> <\/ul> <figure id=\"attachment_17125\" aria-describedby=\"caption-attachment-17125\" style=\"width: 720px\" class=\"wp-caption aligncenter\"><img decoding=\"async\" class=\"size-full wp-image-17125\" src=\"https:\/\/recyclingequipinc.com\/wp-content\/uploads\/2025\/01\/trommel-screen.webp\" alt=\"tela trommel\" width=\"720\" height=\"540\" srcset=\"https:\/\/recyclingequipinc.com\/wp-content\/uploads\/2025\/01\/trommel-screen.webp 720w, https:\/\/recyclingequipinc.com\/wp-content\/uploads\/2025\/01\/trommel-screen-300x225.webp 300w, https:\/\/recyclingequipinc.com\/wp-content\/uploads\/2025\/01\/trommel-screen-16x12.webp 16w\" sizes=\"(max-width: 720px) 100vw, 720px\" \/><figcaption id=\"caption-attachment-17125\" class=\"wp-caption-text\">tela trommel<\/figcaption><\/figure> <h2>Como funciona uma peneira de tambor?<\/h2> <p>Uma peneira trommel consiste principalmente em um tambor, tela, suporte, motor, entrada e sa\u00edda.<\/p> <p>As garrafas pl\u00e1sticas s\u00e3o alimentadas no tambor atrav\u00e9s da entrada, o tambor \u00e9 acionado pelo motor para girar lentamente, as garrafas pl\u00e1sticas s\u00e3o roladas e as impurezas s\u00e3o separadas pelo tamanho da abertura da tela. As impurezas menores que a malhagem s\u00e3o descarregadas atrav\u00e9s da malha, enquanto as garrafas pl\u00e1sticas maiores que a malhagem continuam a rolar e s\u00e3o eventualmente descarregadas atrav\u00e9s de diferentes portas de descarga e transportadas para o pr\u00f3ximo equipamento de reciclagem.<\/p> <p>Dependendo da situa\u00e7\u00e3o de produ\u00e7\u00e3o, voc\u00ea pode escolher uma tela com diferentes tamanhos de malha para filtrar garrafas pl\u00e1sticas de maneira eficaz. Envie-nos seus requisitos de produ\u00e7\u00e3o e recomendaremos a escolha certa para voc\u00ea!<\/p> <figure id=\"attachment_17123\" aria-describedby=\"caption-attachment-17123\" style=\"width: 720px\" class=\"wp-caption aligncenter\"><img loading=\"lazy\" decoding=\"async\" class=\"wp-image-17123 size-full\" src=\"https:\/\/recyclingequipinc.com\/wp-content\/uploads\/2025\/01\/drum-screen.webp\" alt=\"tela de tambor na f\u00e1brica\" width=\"720\" height=\"540\" srcset=\"https:\/\/recyclingequipinc.com\/wp-content\/uploads\/2025\/01\/drum-screen.webp 720w, https:\/\/recyclingequipinc.com\/wp-content\/uploads\/2025\/01\/drum-screen-300x225.webp 300w, https:\/\/recyclingequipinc.com\/wp-content\/uploads\/2025\/01\/drum-screen-16x12.webp 16w\" sizes=\"(max-width: 720px) 100vw, 720px\" \/><figcaption id=\"caption-attachment-17123\" class=\"wp-caption-text\">tela de tambor na f\u00e1brica<\/figcaption><\/figure> <h2>Par\u00e2metros da tela do Tumbler<\/h2> <table style=\"border-collapse: collapse; width: 43.3696%;\"> <tbody> <tr> <td style=\"width: 21.4607%;\">Mat\u00e9rias-primas<\/td> <td style=\"width: 21.9101%;\">Garrafas PET<\/td> <\/tr> <tr> <td style=\"width: 21.4607%;\">Comprimento do trommel<\/td> <td style=\"width: 21.9101%;\">4500 mm<\/td> <\/tr> <tr> <td style=\"width: 21.4607%;\">Fun\u00e7\u00e3o<\/td> <td style=\"width: 21.9101%;\">Triagem<\/td> <\/tr> <tr> <td style=\"width: 21.4607%;\">Garantia<\/td> <td style=\"width: 21.9101%;\">Um ano<\/td> <\/tr> <\/tbody> <\/table> <p>&nbsp;<\/p> <h2>A aplica\u00e7\u00e3o pr\u00e1tica da tela Trommel<\/h2> <p>A reciclagem de PET \u00e9 geralmente dividida em pr\u00e9-tratamento, tritura\u00e7\u00e3o e limpeza, com v\u00e1rios elos principais. A tela trommel desempenha um papel fundamental no pr\u00e9-tratamento. Ele pode realizar com efici\u00eancia a separa\u00e7\u00e3o preliminar de impurezas para reciclagem de garrafas pl\u00e1sticas, fornecendo garantia de qualidade est\u00e1vel da mat\u00e9ria-prima e melhorando a efici\u00eancia dos elos de processamento subsequentes e a pureza do produto acabado.<\/p> <figure id=\"attachment_17124\" aria-describedby=\"caption-attachment-17124\" style=\"width: 720px\" class=\"wp-caption aligncenter\"><img loading=\"lazy\" decoding=\"async\" class=\"size-full wp-image-17124\" src=\"https:\/\/recyclingequipinc.com\/wp-content\/uploads\/2025\/01\/drum-sieve.webp\" alt=\"peneira de tambor\" width=\"720\" height=\"540\" srcset=\"https:\/\/recyclingequipinc.com\/wp-content\/uploads\/2025\/01\/drum-sieve.webp 720w, https:\/\/recyclingequipinc.com\/wp-content\/uploads\/2025\/01\/drum-sieve-300x225.webp 300w, https:\/\/recyclingequipinc.com\/wp-content\/uploads\/2025\/01\/drum-sieve-16x12.webp 16w\" sizes=\"(max-width: 720px) 100vw, 720px\" \/><figcaption id=\"caption-attachment-17124\" class=\"wp-caption-text\">peneira de tambor<\/figcaption><\/figure> <h2>Resumindo<\/h2> <p>O texto acima \u00e9 uma introdu\u00e7\u00e3o geral \u00e0 tela trommel. Se voc\u00ea quiser saber informa\u00e7\u00f5es mais detalhadas, como efici\u00eancia de triagem espec\u00edfica ou recomenda\u00e7\u00f5es de linhas de produ\u00e7\u00e3o adequadas, n\u00e3o hesite em nos contatar. Estamos ansiosos para discutir isso com voc\u00ea mais detalhadamente!<\/p> <p>&nbsp;<\/p>","protected":false},"excerpt":{"rendered":"<p>A peneira tipo tumbler \u00e9 comumente usada na reciclagem de PET, pr\u00e9-triagem para remover grandes peda\u00e7os de papel, pedras e outras impurezas antes da tritura\u00e7\u00e3o, para melhorar a efici\u00eancia da reciclagem de garrafas pl\u00e1sticas.<\/p>","protected":false},"featured_media":17126,"template":"","meta":{"site-sidebar-layout":"default","site-content-layout":"","ast-site-content-layout":"default","site-content-style":"default","site-sidebar-style":"default","ast-global-header-display":"","ast-banner-title-visibility":"","ast-main-header-display":"","ast-hfb-above-header-display":"","ast-hfb-below-header-display":"","ast-hfb-mobile-header-display":"","site-post-title":"","ast-breadcrumbs-content":"","ast-featured-img":"","footer-sml-layout":"","ast-disable-related-posts":"","theme-transparent-header-meta":"default","adv-header-id-meta":"","stick-header-meta":"","header-above-stick-meta":"","header-main-stick-meta":"","header-below-stick-meta":"","astra-migrate-meta-layouts":"set","ast-page-background-enabled":"default","ast-page-background-meta":{"desktop":{"background-color":"","background-image":"","background-repeat":"repeat","background-position":"center center","background-size":"auto","background-attachment":"scroll","background-type":"","background-media":"","overlay-type":"","overlay-color":"","overlay-opacity":"","overlay-gradient":""},"tablet":{"background-color":"","background-image":"","background-repeat":"repeat","background-position":"center center","background-size":"auto","background-attachment":"scroll","background-type":"","background-media":"","overlay-type":"","overlay-color":"","overlay-opacity":"","overlay-gradient":""},"mobile":{"background-color":"","background-image":"","background-repeat":"repeat","background-position":"center center","background-size":"auto","background-attachment":"scroll","background-type":"","background-media":"","overlay-type":"","overlay-color":"","overlay-opacity":"","overlay-gradient":""}},"ast-content-background-meta":{"desktop":{"background-color":"var(--ast-global-color-5)","background-image":"","background-repeat":"repeat","background-position":"center center","background-size":"auto","background-attachment":"scroll","background-type":"","background-media":"","overlay-type":"","overlay-color":"","overlay-opacity":"","overlay-gradient":""},"tablet":{"background-color":"var(--ast-global-color-5)","background-image":"","background-repeat":"repeat","background-position":"center center","background-size":"auto","background-attachment":"scroll","background-type":"","background-media":"","overlay-type":"","overlay-color":"","overlay-opacity":"","overlay-gradient":""},"mobile":{"background-color":"var(--ast-global-color-5)","background-image":"","background-repeat":"repeat","background-position":"center center","background-size":"auto","background-attachment":"scroll","background-type":"","background-media":"","overlay-type":"","overlay-color":"","overlay-opacity":"","overlay-gradient":""}}},"product_brand":[],"product_cat":[36],"product_tag":[90],"class_list":{"0":"post-17105","1":"product","2":"type-product","3":"status-publish","4":"has-post-thumbnail","6":"product_cat-plastic-recycling-machine","7":"product_tag-pet-part","8":"desktop-align-center","9":"tablet-align-center","10":"mobile-align-center","12":"first","13":"instock","14":"shipping-taxable","15":"product-type-simple"},"_links":{"self":[{"href":"https:\/\/recyclingequipinc.com\/pt\/wp-json\/wp\/v2\/product\/17105","targetHints":{"allow":["GET"]}}],"collection":[{"href":"https:\/\/recyclingequipinc.com\/pt\/wp-json\/wp\/v2\/product"}],"about":[{"href":"https:\/\/recyclingequipinc.com\/pt\/wp-json\/wp\/v2\/types\/product"}],"version-history":[{"count":0,"href":"https:\/\/recyclingequipinc.com\/pt\/wp-json\/wp\/v2\/product\/17105\/revisions"}],"wp:featuredmedia":[{"embeddable":true,"href":"https:\/\/recyclingequipinc.com\/pt\/wp-json\/wp\/v2\/media\/17126"}],"wp:attachment":[{"href":"https:\/\/recyclingequipinc.com\/pt\/wp-json\/wp\/v2\/media?parent=17105"}],"wp:term":[{"taxonomy":"product_brand","embeddable":true,"href":"https:\/\/recyclingequipinc.com\/pt\/wp-json\/wp\/v2\/product_brand?post=17105"},{"taxonomy":"product_cat","embeddable":true,"href":"https:\/\/recyclingequipinc.com\/pt\/wp-json\/wp\/v2\/product_cat?post=17105"},{"taxonomy":"product_tag","embeddable":true,"href":"https:\/\/recyclingequipinc.com\/pt\/wp-json\/wp\/v2\/product_tag?post=17105"}],"curies":[{"name":"wp","href":"https:\/\/api.w.org\/{rel}","templated":true}]}}