{"id":17102,"date":"2025-01-24T18:05:00","date_gmt":"2025-01-24T10:05:00","guid":{"rendered":"https:\/\/recyclingequipinc.com\/?post_type=product&#038;p=17102"},"modified":"2025-01-24T18:05:00","modified_gmt":"2025-01-24T10:05:00","slug":"pet-bottle-bale-opener","status":"publish","type":"product","link":"https:\/\/recyclingequipinc.com\/pt\/product\/pet-bottle-bale-opener\/","title":{"rendered":"Abridor de fardos de garrafas PET"},"content":{"rendered":"<p>As f\u00e1bricas costumam usar enfardadeiras hidr\u00e1ulicas para comprimir grandes quantidades de res\u00edduos de pl\u00e1stico em blocos para facilitar o transporte e armazenamento. Ent\u00e3o, antes da reciclagem do pl\u00e1stico, \u00e9 necess\u00e1rio usar o abridor de fardos de garrafas PET para desempacotar os blocos de pl\u00e1stico e solt\u00e1-los, facilitando assim o processo de reciclagem subsequente e aumentando a efici\u00eancia da reciclagem do pl\u00e1stico.<\/p> <div class=\"ast-oembed-container\" style=\"height: 100%;\"><iframe title=\"Abridor de fardos de garrafas de pl\u00e1stico: Aumente a efici\u00eancia da reciclagem de pl\u00e1stico!\" width=\"500\" height=\"281\" src=\"https:\/\/www.youtube.com\/embed\/_22nDnzyN2w?feature=oembed\" frameborder=\"0\" allow=\"accelerometer; autoplay; clipboard-write; encrypted-media; gyroscope; picture-in-picture; web-share\" referrerpolicy=\"strict-origin-when-cross-origin\" allowfullscreen><\/iframe><\/div> <h2>Por que usar um abridor de fardos?<\/h2> <ul> <li>O abridor de fardos pode realizar com efici\u00eancia a descompress\u00e3o de blocos de pl\u00e1stico, acelerar o processo de produ\u00e7\u00e3o subsequente e melhorar a efici\u00eancia da reciclagem de pl\u00e1stico.<\/li> <li>Abre os fardos pl\u00e1sticos de alta densidade, evitando o bloqueio ou dano do equipamento de reciclagem de pl\u00e1stico subsequente causado pelo grande volume de fardos pl\u00e1sticos.<\/li> <li>Comparado com o m\u00e9todo tradicional de desembalagem manual, o abridor de fardos n\u00e3o apenas reduz significativamente os custos de m\u00e3o de obra, mas tamb\u00e9m alcan\u00e7a um efeito de desembalagem mais eficiente e uniforme.<\/li> <\/ul> <h2>Vantagens da m\u00e1quina abridora de fardos Shuliy<\/h2> <ul> <li>Pode ser usado para processar garrafas pl\u00e1sticas, filmes pl\u00e1sticos e muitos outros materiais pl\u00e1sticos, incluindo PET, PP, PE, LDPE, etc.<\/li> <li>Equipada com l\u00e2minas poderosas feitas de a\u00e7o inoxid\u00e1vel de alta qualidade, a m\u00e1quina abridora de fardos de garrafas PET pode quebrar os peda\u00e7os de pl\u00e1stico de forma r\u00e1pida e uniforme.<\/li> <li>O design preciso da abertura das embalagens evita efetivamente a quebra do pl\u00e1stico no processo de desembalagem.<\/li> <li>O alto grau de automa\u00e7\u00e3o, opera\u00e7\u00e3o simples e segura e m\u00e3o de obra reduzida.<\/li> <li>Pode ser combinado de forma flex\u00edvel com uma linha de produ\u00e7\u00e3o adequada de acordo com a demanda de produ\u00e7\u00e3o.<\/li> <\/ul> <figure id=\"attachment_17130\" aria-describedby=\"caption-attachment-17130\" style=\"width: 720px\" class=\"wp-caption aligncenter\"><img fetchpriority=\"high\" decoding=\"async\" class=\"size-full wp-image-17130\" src=\"https:\/\/recyclingequipinc.com\/wp-content\/uploads\/2025\/01\/PET-bottle-bale-opener-2.webp\" alt=\"Abridor de fardos de garrafas PET\" width=\"720\" height=\"540\" srcset=\"https:\/\/recyclingequipinc.com\/wp-content\/uploads\/2025\/01\/PET-bottle-bale-opener-2.webp 720w, https:\/\/recyclingequipinc.com\/wp-content\/uploads\/2025\/01\/PET-bottle-bale-opener-2-300x225.webp 300w, https:\/\/recyclingequipinc.com\/wp-content\/uploads\/2025\/01\/PET-bottle-bale-opener-2-16x12.webp 16w\" sizes=\"(max-width: 720px) 100vw, 720px\" \/><figcaption id=\"caption-attachment-17130\" class=\"wp-caption-text\">Abridor de fardos de garrafas PET<\/figcaption><\/figure> <h2>Aplica\u00e7\u00f5es da M\u00e1quina Debaler<\/h2> <p>Os abridores de fardos de pl\u00e1stico s\u00e3o amplamente utilizados no pr\u00e9-tratamento de v\u00e1rios tipos de reciclagem de pl\u00e1sticos, incluindo:<\/p> <ul> <li>Reciclagem de PET: para soltar as garrafas pl\u00e1sticas comprimidas e depois remover as impurezas pl\u00e1sticas com um <a href=\"https:\/\/recyclingequipinc.com\/pt\/produto\/pet-bottle-label-remover-machine\/\">removedor de etiquetas<\/a> e uma tela de copo.<\/li> <li>Reciclagem de filme pl\u00e1stico: para soltar uniformemente o material do filme comprimido, evitar o fen\u00f4meno de emaranhamento e melhorar a efici\u00eancia da reciclagem.<\/li> <li>Outros materiais: O abridor de fardos tamb\u00e9m pode ser usado para reciclagem de pl\u00e1stico r\u00edgido para ajudar na classifica\u00e7\u00e3o de pl\u00e1stico ou res\u00edduos de papel, t\u00eaxteis e outras ind\u00fastrias.<\/li> <\/ul> <h2>Como funciona o abridor de fardos?<\/h2> <ol> <li>Alimenta\u00e7\u00e3o: Os blocos pl\u00e1sticos comprimidos entram na parte interna do abridor de fardos de garrafas PET.<\/li> <li>Quebra: As l\u00e2minas giram em alta velocidade para triturar as pe\u00e7as de pl\u00e1stico e, devido ao seu design preciso, as l\u00e2minas n\u00e3o danificam o pl\u00e1stico.<\/li> <li>Descarga: O pl\u00e1stico triturado \u00e9 transportado em uma esteira at\u00e9 o pr\u00f3ximo processo de reciclagem.<\/li> <\/ol> <figure id=\"attachment_17129\" aria-describedby=\"caption-attachment-17129\" style=\"width: 720px\" class=\"wp-caption alignnone\"><img decoding=\"async\" class=\"size-full wp-image-17129\" src=\"https:\/\/recyclingequipinc.com\/wp-content\/uploads\/2025\/01\/debaler-machine.webp\" alt=\"m\u00e1quina debaladeira\" width=\"720\" height=\"540\" srcset=\"https:\/\/recyclingequipinc.com\/wp-content\/uploads\/2025\/01\/debaler-machine.webp 720w, https:\/\/recyclingequipinc.com\/wp-content\/uploads\/2025\/01\/debaler-machine-300x225.webp 300w, https:\/\/recyclingequipinc.com\/wp-content\/uploads\/2025\/01\/debaler-machine-16x12.webp 16w\" sizes=\"(max-width: 720px) 100vw, 720px\" \/><figcaption id=\"caption-attachment-17129\" class=\"wp-caption-text\">m\u00e1quina debaladeira<\/figcaption><\/figure> <h2>Conclus\u00e3o<\/h2> <p>O Abridor de Fardos \u00e9 um equipamento indispens\u00e1vel e importante nas linhas de reciclagem de pl\u00e1stico em grande escala, que aumenta e melhora efetivamente a efici\u00eancia da reciclagem de pl\u00e1stico e reduz o desgaste da m\u00e3o de obra e do equipamento. Se voc\u00ea estiver interessado, entre em contato conosco e forneceremos o programa de reciclagem de pl\u00e1stico perfeito.<\/p> <p>&nbsp;<\/p>","protected":false},"excerpt":{"rendered":"<p>Os abridores de fardos de garrafas PET s\u00e3o usados \u200b\u200bno pr\u00e9-processamento da reciclagem de pl\u00e1stico para soltar fardos de pl\u00e1stico compactados para posterior reciclagem.<\/p>","protected":false},"featured_media":17128,"template":"","meta":{"site-sidebar-layout":"default","site-content-layout":"","ast-site-content-layout":"default","site-content-style":"default","site-sidebar-style":"default","ast-global-header-display":"","ast-banner-title-visibility":"","ast-main-header-display":"","ast-hfb-above-header-display":"","ast-hfb-below-header-display":"","ast-hfb-mobile-header-display":"","site-post-title":"","ast-breadcrumbs-content":"","ast-featured-img":"","footer-sml-layout":"","ast-disable-related-posts":"","theme-transparent-header-meta":"default","adv-header-id-meta":"","stick-header-meta":"","header-above-stick-meta":"","header-main-stick-meta":"","header-below-stick-meta":"","astra-migrate-meta-layouts":"set","ast-page-background-enabled":"default","ast-page-background-meta":{"desktop":{"background-color":"","background-image":"","background-repeat":"repeat","background-position":"center center","background-size":"auto","background-attachment":"scroll","background-type":"","background-media":"","overlay-type":"","overlay-color":"","overlay-opacity":"","overlay-gradient":""},"tablet":{"background-color":"","background-image":"","background-repeat":"repeat","background-position":"center center","background-size":"auto","background-attachment":"scroll","background-type":"","background-media":"","overlay-type":"","overlay-color":"","overlay-opacity":"","overlay-gradient":""},"mobile":{"background-color":"","background-image":"","background-repeat":"repeat","background-position":"center center","background-size":"auto","background-attachment":"scroll","background-type":"","background-media":"","overlay-type":"","overlay-color":"","overlay-opacity":"","overlay-gradient":""}},"ast-content-background-meta":{"desktop":{"background-color":"var(--ast-global-color-5)","background-image":"","background-repeat":"repeat","background-position":"center center","background-size":"auto","background-attachment":"scroll","background-type":"","background-media":"","overlay-type":"","overlay-color":"","overlay-opacity":"","overlay-gradient":""},"tablet":{"background-color":"var(--ast-global-color-5)","background-image":"","background-repeat":"repeat","background-position":"center center","background-size":"auto","background-attachment":"scroll","background-type":"","background-media":"","overlay-type":"","overlay-color":"","overlay-opacity":"","overlay-gradient":""},"mobile":{"background-color":"var(--ast-global-color-5)","background-image":"","background-repeat":"repeat","background-position":"center center","background-size":"auto","background-attachment":"scroll","background-type":"","background-media":"","overlay-type":"","overlay-color":"","overlay-opacity":"","overlay-gradient":""}}},"product_brand":[],"product_cat":[36],"product_tag":[74],"class_list":{"0":"post-17102","1":"product","2":"type-product","3":"status-publish","4":"has-post-thumbnail","6":"product_cat-plastic-recycling-machine","7":"product_tag-baler","8":"desktop-align-center","9":"tablet-align-center","10":"mobile-align-center","12":"first","13":"instock","14":"shipping-taxable","15":"product-type-simple"},"_links":{"self":[{"href":"https:\/\/recyclingequipinc.com\/pt\/wp-json\/wp\/v2\/product\/17102","targetHints":{"allow":["GET"]}}],"collection":[{"href":"https:\/\/recyclingequipinc.com\/pt\/wp-json\/wp\/v2\/product"}],"about":[{"href":"https:\/\/recyclingequipinc.com\/pt\/wp-json\/wp\/v2\/types\/product"}],"version-history":[{"count":0,"href":"https:\/\/recyclingequipinc.com\/pt\/wp-json\/wp\/v2\/product\/17102\/revisions"}],"wp:featuredmedia":[{"embeddable":true,"href":"https:\/\/recyclingequipinc.com\/pt\/wp-json\/wp\/v2\/media\/17128"}],"wp:attachment":[{"href":"https:\/\/recyclingequipinc.com\/pt\/wp-json\/wp\/v2\/media?parent=17102"}],"wp:term":[{"taxonomy":"product_brand","embeddable":true,"href":"https:\/\/recyclingequipinc.com\/pt\/wp-json\/wp\/v2\/product_brand?post=17102"},{"taxonomy":"product_cat","embeddable":true,"href":"https:\/\/recyclingequipinc.com\/pt\/wp-json\/wp\/v2\/product_cat?post=17102"},{"taxonomy":"product_tag","embeddable":true,"href":"https:\/\/recyclingequipinc.com\/pt\/wp-json\/wp\/v2\/product_tag?post=17102"}],"curies":[{"name":"wp","href":"https:\/\/api.w.org\/{rel}","templated":true}]}}