{"id":17097,"date":"2025-01-24T16:17:57","date_gmt":"2025-01-24T08:17:57","guid":{"rendered":"https:\/\/recyclingequipinc.com\/?post_type=product&#038;p=17097"},"modified":"2025-01-24T16:17:57","modified_gmt":"2025-01-24T08:17:57","slug":"forced-feeder","status":"publish","type":"product","link":"https:\/\/recyclingequipinc.com\/pt\/product\/forced-feeder\/","title":{"rendered":"Alimentador for\u00e7ado eficiente para linha de pelotiza\u00e7\u00e3o de pl\u00e1stico"},"content":{"rendered":"<p>O filme pl\u00e1stico, devido ao seu grande tamanho e peso leve, \u00e9 dif\u00edcil de alimentar no processo de reciclagem e est\u00e1 sujeito a problemas como ac\u00famulo de material, alimenta\u00e7\u00e3o irregular ou emperramento, o que afeta a efici\u00eancia do processamento e a estabilidade de opera\u00e7\u00e3o do equipamento. Portanto, \u00e9 necess\u00e1rio utilizar o alimentador for\u00e7ado autom\u00e1tico para ajudar o filme pl\u00e1stico a ser alimentado uniformemente para melhorar a efici\u00eancia da reciclagem do pl\u00e1stico.<\/p> <div class=\"ast-oembed-container\" style=\"height: 100%;\"><iframe title=\"Como funciona um alimentador for\u00e7ado para pelotiza\u00e7\u00e3o de pl\u00e1stico?\" width=\"500\" height=\"281\" src=\"https:\/\/www.youtube.com\/embed\/ts8jgIE6AAw?feature=oembed\" frameborder=\"0\" allow=\"accelerometer; autoplay; clipboard-write; encrypted-media; gyroscope; picture-in-picture; web-share\" referrerpolicy=\"strict-origin-when-cross-origin\" allowfullscreen><\/iframe><\/div> <h2>Caracter\u00edsticas de nossos alimentadores for\u00e7ados de filme pl\u00e1stico:<\/h2> <ul> <li>O alto grau de automa\u00e7\u00e3o, seguro e f\u00e1cil de operar.<\/li> <li>Forte for\u00e7a de aperto, pode facilmente manusear filme pl\u00e1stico solto ou irregular.<\/li> <li>Equipado com motor de alta efici\u00eancia, alta efici\u00eancia de transporte e forte garantia de alimenta\u00e7\u00e3o cont\u00ednua e est\u00e1vel.<\/li> <li>Conecta-se perfeitamente com m\u00e1quinas de reciclagem de pl\u00e1stico, como granuladores de pl\u00e1stico, e realiza o transporte eficiente de fragmentos de pl\u00e1stico.<\/li> <li>Certifique-se de que o pl\u00e1stico entre uniformemente no peletizador de pl\u00e1stico, o que contribui para melhorar a qualidade da pelotiza\u00e7\u00e3o do pl\u00e1stico.<\/li> <li>Ampla gama de aplica\u00e7\u00f5es, comumente usada no processamento de todos os tipos de filme pl\u00e1stico, pl\u00e1stico r\u00edgido e espuma, incluindo PP, PE, LDPE, HDPE, PVC, etc.<\/li> <li>Design humanizado, f\u00e1cil de limpar e manter, e a natureza fechada do alimentador for\u00e7ado \u00e9 boa, n\u00e3o \u00e9 f\u00e1cil de vazar pl\u00e1stico, para evitar polui\u00e7\u00e3o ambiental.<\/li> <\/ul> <figure id=\"attachment_17108\" aria-describedby=\"caption-attachment-17108\" style=\"width: 300px\" class=\"wp-caption alignleft\"><img fetchpriority=\"high\" decoding=\"async\" class=\"wp-image-17108 size-medium\" src=\"https:\/\/recyclingequipinc.com\/wp-content\/uploads\/2025\/01\/plastic-feeding-machine-300x225.webp\" alt=\"m\u00e1quina de alimenta\u00e7\u00e3o de pl\u00e1stico\" width=\"300\" height=\"225\" srcset=\"https:\/\/recyclingequipinc.com\/wp-content\/uploads\/2025\/01\/plastic-feeding-machine-300x225.webp 300w, https:\/\/recyclingequipinc.com\/wp-content\/uploads\/2025\/01\/plastic-feeding-machine-16x12.webp 16w, https:\/\/recyclingequipinc.com\/wp-content\/uploads\/2025\/01\/plastic-feeding-machine.webp 720w\" sizes=\"(max-width: 300px) 100vw, 300px\" \/><figcaption id=\"caption-attachment-17108\" class=\"wp-caption-text\">m\u00e1quina de alimenta\u00e7\u00e3o de pl\u00e1stico<\/figcaption><\/figure> <figure id=\"attachment_17109\" aria-describedby=\"caption-attachment-17109\" style=\"width: 300px\" class=\"wp-caption alignleft\"><img decoding=\"async\" class=\"wp-image-17109 size-medium\" src=\"https:\/\/recyclingequipinc.com\/wp-content\/uploads\/2025\/01\/stainless-steel-blades-of-the-forced-feeder-300x225.webp\" alt=\"l\u00e2minas de a\u00e7o inoxid\u00e1vel do alimentador for\u00e7ado\" width=\"300\" height=\"225\" srcset=\"https:\/\/recyclingequipinc.com\/wp-content\/uploads\/2025\/01\/stainless-steel-blades-of-the-forced-feeder-300x225.webp 300w, https:\/\/recyclingequipinc.com\/wp-content\/uploads\/2025\/01\/stainless-steel-blades-of-the-forced-feeder-16x12.webp 16w, https:\/\/recyclingequipinc.com\/wp-content\/uploads\/2025\/01\/stainless-steel-blades-of-the-forced-feeder.webp 720w\" sizes=\"(max-width: 300px) 100vw, 300px\" \/><figcaption id=\"caption-attachment-17109\" class=\"wp-caption-text\">l\u00e2minas de a\u00e7o inoxid\u00e1vel do alimentador for\u00e7ado<\/figcaption><\/figure> <h2>Par\u00e2metros do alimentador for\u00e7ado<\/h2> <table style=\"border-collapse: collapse; width: 46.5156%;\"> <tbody> <tr> <td style=\"width: 21.1158%;\">Modelo<\/td> <td style=\"width: 25.4874%;\">SL-150<\/td> <\/tr> <tr> <td style=\"width: 21.1158%;\">Poder<\/td> <td style=\"width: 25.4874%;\">5,5 kW<\/td> <\/tr> <tr> <td style=\"width: 21.1158%;\">Redutor<\/td> <td style=\"width: 25.4874%;\">Redutor de engrenagem endurecido<\/td> <\/tr> <tr> <td style=\"width: 21.1158%;\">Controle Canibet<\/td> <td style=\"width: 25.4874%;\">Sim<\/td> <\/tr> <tr> <td style=\"width: 21.1158%;\">Eixo de transmiss\u00e3o<\/td> <td style=\"width: 25.4874%;\">Sim<\/td> <\/tr> <\/tbody> <\/table> <figure id=\"attachment_17113\" aria-describedby=\"caption-attachment-17113\" style=\"width: 300px\" class=\"wp-caption alignleft\"><img decoding=\"async\" class=\"wp-image-17113 size-medium\" src=\"https:\/\/recyclingequipinc.com\/wp-content\/uploads\/2025\/01\/forced-feeder-machine-for-plastic-recycling-300x225.webp\" alt=\"m\u00e1quina de alimenta\u00e7\u00e3o for\u00e7ada para reciclagem de pl\u00e1stico\" width=\"300\" height=\"225\" srcset=\"https:\/\/recyclingequipinc.com\/wp-content\/uploads\/2025\/01\/forced-feeder-machine-for-plastic-recycling-300x225.webp 300w, https:\/\/recyclingequipinc.com\/wp-content\/uploads\/2025\/01\/forced-feeder-machine-for-plastic-recycling-16x12.webp 16w, https:\/\/recyclingequipinc.com\/wp-content\/uploads\/2025\/01\/forced-feeder-machine-for-plastic-recycling.webp 720w\" sizes=\"(max-width: 300px) 100vw, 300px\" \/><figcaption id=\"caption-attachment-17113\" class=\"wp-caption-text\">m\u00e1quina de alimenta\u00e7\u00e3o for\u00e7ada para reciclagem de pl\u00e1stico<\/figcaption><\/figure> <figure id=\"attachment_17112\" aria-describedby=\"caption-attachment-17112\" style=\"width: 300px\" class=\"wp-caption alignleft\"><img loading=\"lazy\" decoding=\"async\" class=\"wp-image-17112 size-medium\" src=\"https:\/\/recyclingequipinc.com\/wp-content\/uploads\/2025\/01\/details-of-feeding-machine-300x225.webp\" alt=\"detalhes da m\u00e1quina de alimenta\u00e7\u00e3o\" width=\"300\" height=\"225\" srcset=\"https:\/\/recyclingequipinc.com\/wp-content\/uploads\/2025\/01\/details-of-feeding-machine-300x225.webp 300w, https:\/\/recyclingequipinc.com\/wp-content\/uploads\/2025\/01\/details-of-feeding-machine-16x12.webp 16w, https:\/\/recyclingequipinc.com\/wp-content\/uploads\/2025\/01\/details-of-feeding-machine.webp 720w\" sizes=\"(max-width: 300px) 100vw, 300px\" \/><figcaption id=\"caption-attachment-17112\" class=\"wp-caption-text\">detalhes da m\u00e1quina de alimenta\u00e7\u00e3o<\/figcaption><\/figure> <h2>Princ\u00edpio de funcionamento dos alimentadores for\u00e7ados<\/h2> <p>O alimentador \u00e9 equipado com um motor de alta pot\u00eancia conectado ao eixo de transmiss\u00e3o, que fornece forte pot\u00eancia para girar o eixo de transmiss\u00e3o. Quando o pl\u00e1stico \u00e9 alimentado no alimentador, o eixo de acionamento aciona as l\u00e2minas em espiral para girar, que agarra e comprime o pl\u00e1stico, descarrega-o atrav\u00e9s da sa\u00edda na parte inferior e entra diretamente na m\u00e1quina de pelotiza\u00e7\u00e3o de pl\u00e1stico para processamento de fus\u00e3o a quente.<\/p> <p>Neste processo, devido \u00e0 estrutura vertical do alimentador for\u00e7ado, o pl\u00e1stico \u00e9 afetado pela gravidade, o que acelera ainda mais a velocidade do pl\u00e1stico empurrado, evitando efetivamente o entupimento do material e melhorando a continuidade e estabilidade da efici\u00eancia da reciclagem.<\/p> <figure id=\"attachment_17114\" aria-describedby=\"caption-attachment-17114\" style=\"width: 720px\" class=\"wp-caption aligncenter\"><img loading=\"lazy\" decoding=\"async\" class=\"size-full wp-image-17114\" src=\"https:\/\/recyclingequipinc.com\/wp-content\/uploads\/2025\/01\/Feeding-Extruder-System.webp\" alt=\"Sistema Extrusor de Alimenta\u00e7\u00e3o\" width=\"720\" height=\"540\" srcset=\"https:\/\/recyclingequipinc.com\/wp-content\/uploads\/2025\/01\/Feeding-Extruder-System.webp 720w, https:\/\/recyclingequipinc.com\/wp-content\/uploads\/2025\/01\/Feeding-Extruder-System-300x225.webp 300w, https:\/\/recyclingequipinc.com\/wp-content\/uploads\/2025\/01\/Feeding-Extruder-System-16x12.webp 16w\" sizes=\"(max-width: 720px) 100vw, 720px\" \/><figcaption id=\"caption-attachment-17114\" class=\"wp-caption-text\">Sistema Extrusor de Alimenta\u00e7\u00e3o<\/figcaption><\/figure> <h2>Aplica\u00e7\u00f5es de alimenta\u00e7\u00e3o for\u00e7ada<\/h2> <p>O alimentador for\u00e7ado por parafuso \u00e9 adequado para pelotiza\u00e7\u00e3o e reciclagem de v\u00e1rios tipos de pl\u00e1sticos, incluindo sacos tecidos, filmes agr\u00edcolas, paletes de pl\u00e1stico, tubos e materiais EPE. Este dispositivo comprime e mistura res\u00edduos de pl\u00e1stico, alimentando-os na extrusora para fus\u00e3o e extrus\u00e3o.<\/p> <p class=\"translation-block\">Usar alimentadores for\u00e7ados em vez de trabalho manual pode ajudar a reduzir os custos de m\u00e3o de obra, garantindo ao mesmo tempo uma entrega uniforme e eficiente de pl\u00e1stico. Isso resulta em um processo de <a href=\"https:\/\/recyclingequipinc.com\/pt\/produto\/plastic-film-pelletizing-machine\/\">pelotiza\u00e7\u00e3o de pl\u00e1stico<\/a> mais est\u00e1vel e cont\u00ednuo, minimizando o risco de emaranhamento de materiais e obstru\u00e7\u00f5es na maquinaria.<\/p> <figure id=\"attachment_17115\" aria-describedby=\"caption-attachment-17115\" style=\"width: 300px\" class=\"wp-caption alignleft\"><img loading=\"lazy\" decoding=\"async\" class=\"wp-image-17115 size-medium\" src=\"https:\/\/recyclingequipinc.com\/wp-content\/uploads\/2025\/01\/EPE-plastics-300x225.webp\" alt=\"Pl\u00e1sticos EPE\" width=\"300\" height=\"225\" srcset=\"https:\/\/recyclingequipinc.com\/wp-content\/uploads\/2025\/01\/EPE-plastics-300x225.webp 300w, https:\/\/recyclingequipinc.com\/wp-content\/uploads\/2025\/01\/EPE-plastics-16x12.webp 16w, https:\/\/recyclingequipinc.com\/wp-content\/uploads\/2025\/01\/EPE-plastics.webp 720w\" sizes=\"(max-width: 300px) 100vw, 300px\" \/><figcaption id=\"caption-attachment-17115\" class=\"wp-caption-text\">Pl\u00e1sticos EPE<\/figcaption><\/figure> <figure id=\"attachment_17116\" aria-describedby=\"caption-attachment-17116\" style=\"width: 300px\" class=\"wp-caption alignleft\"><img loading=\"lazy\" decoding=\"async\" class=\"wp-image-17116 size-medium\" src=\"https:\/\/recyclingequipinc.com\/wp-content\/uploads\/2025\/01\/PP-plastic-films-300x225.webp\" alt=\"Filmes pl\u00e1sticos PP\" width=\"300\" height=\"225\" srcset=\"https:\/\/recyclingequipinc.com\/wp-content\/uploads\/2025\/01\/PP-plastic-films-300x225.webp 300w, https:\/\/recyclingequipinc.com\/wp-content\/uploads\/2025\/01\/PP-plastic-films-16x12.webp 16w, https:\/\/recyclingequipinc.com\/wp-content\/uploads\/2025\/01\/PP-plastic-films.webp 720w\" sizes=\"(max-width: 300px) 100vw, 300px\" \/><figcaption id=\"caption-attachment-17116\" class=\"wp-caption-text\">Filmes pl\u00e1sticos PP<\/figcaption><\/figure> <figure id=\"attachment_17117\" aria-describedby=\"caption-attachment-17117\" style=\"width: 300px\" class=\"wp-caption alignleft\"><img loading=\"lazy\" decoding=\"async\" class=\"wp-image-17117 size-medium\" src=\"https:\/\/recyclingequipinc.com\/wp-content\/uploads\/2025\/01\/woven-bags-300x225.webp\" alt=\"sacos de tecido\" width=\"300\" height=\"225\" srcset=\"https:\/\/recyclingequipinc.com\/wp-content\/uploads\/2025\/01\/woven-bags-300x225.webp 300w, https:\/\/recyclingequipinc.com\/wp-content\/uploads\/2025\/01\/woven-bags-16x12.webp 16w, https:\/\/recyclingequipinc.com\/wp-content\/uploads\/2025\/01\/woven-bags.webp 720w\" sizes=\"(max-width: 300px) 100vw, 300px\" \/><figcaption id=\"caption-attachment-17117\" class=\"wp-caption-text\">sacos de tecido<\/figcaption><\/figure> <h2>Conclus\u00e3o<\/h2> <p>Como fornecedor profissional de m\u00e1quinas para reciclagem de pl\u00e1stico, podemos fornecer ou personalizar v\u00e1rios modelos de alimentadores for\u00e7ados para se adequar \u00e0 sua linha de produ\u00e7\u00e3o de reciclagem. Envie-nos suas necessidades de produ\u00e7\u00e3o, estamos sempre aguardando sua mensagem!<\/p> <p>&nbsp;<\/p>","protected":false},"excerpt":{"rendered":"<p>Os alimentadores for\u00e7ados aumentam a efici\u00eancia da reciclagem de pl\u00e1sticos, comprimindo ou misturando e ajudando a alimentar os pl\u00e1sticos na entrada das m\u00e1quinas de reciclagem de pl\u00e1sticos de maneira cont\u00ednua e est\u00e1vel.<\/p>","protected":false},"featured_media":17107,"template":"","meta":{"site-sidebar-layout":"default","site-content-layout":"","ast-site-content-layout":"default","site-content-style":"default","site-sidebar-style":"default","ast-global-header-display":"","ast-banner-title-visibility":"","ast-main-header-display":"","ast-hfb-above-header-display":"","ast-hfb-below-header-display":"","ast-hfb-mobile-header-display":"","site-post-title":"","ast-breadcrumbs-content":"","ast-featured-img":"","footer-sml-layout":"","ast-disable-related-posts":"","theme-transparent-header-meta":"default","adv-header-id-meta":"","stick-header-meta":"","header-above-stick-meta":"","header-main-stick-meta":"","header-below-stick-meta":"","astra-migrate-meta-layouts":"set","ast-page-background-enabled":"default","ast-page-background-meta":{"desktop":{"background-color":"","background-image":"","background-repeat":"repeat","background-position":"center center","background-size":"auto","background-attachment":"scroll","background-type":"","background-media":"","overlay-type":"","overlay-color":"","overlay-opacity":"","overlay-gradient":""},"tablet":{"background-color":"","background-image":"","background-repeat":"repeat","background-position":"center center","background-size":"auto","background-attachment":"scroll","background-type":"","background-media":"","overlay-type":"","overlay-color":"","overlay-opacity":"","overlay-gradient":""},"mobile":{"background-color":"","background-image":"","background-repeat":"repeat","background-position":"center center","background-size":"auto","background-attachment":"scroll","background-type":"","background-media":"","overlay-type":"","overlay-color":"","overlay-opacity":"","overlay-gradient":""}},"ast-content-background-meta":{"desktop":{"background-color":"var(--ast-global-color-5)","background-image":"","background-repeat":"repeat","background-position":"center center","background-size":"auto","background-attachment":"scroll","background-type":"","background-media":"","overlay-type":"","overlay-color":"","overlay-opacity":"","overlay-gradient":""},"tablet":{"background-color":"var(--ast-global-color-5)","background-image":"","background-repeat":"repeat","background-position":"center center","background-size":"auto","background-attachment":"scroll","background-type":"","background-media":"","overlay-type":"","overlay-color":"","overlay-opacity":"","overlay-gradient":""},"mobile":{"background-color":"var(--ast-global-color-5)","background-image":"","background-repeat":"repeat","background-position":"center center","background-size":"auto","background-attachment":"scroll","background-type":"","background-media":"","overlay-type":"","overlay-color":"","overlay-opacity":"","overlay-gradient":""}}},"product_brand":[],"product_cat":[36],"product_tag":[],"class_list":{"0":"post-17097","1":"product","2":"type-product","3":"status-publish","4":"has-post-thumbnail","6":"product_cat-plastic-recycling-machine","7":"desktop-align-center","8":"tablet-align-center","9":"mobile-align-center","11":"first","12":"instock","13":"shipping-taxable","14":"product-type-simple"},"_links":{"self":[{"href":"https:\/\/recyclingequipinc.com\/pt\/wp-json\/wp\/v2\/product\/17097","targetHints":{"allow":["GET"]}}],"collection":[{"href":"https:\/\/recyclingequipinc.com\/pt\/wp-json\/wp\/v2\/product"}],"about":[{"href":"https:\/\/recyclingequipinc.com\/pt\/wp-json\/wp\/v2\/types\/product"}],"version-history":[{"count":0,"href":"https:\/\/recyclingequipinc.com\/pt\/wp-json\/wp\/v2\/product\/17097\/revisions"}],"wp:featuredmedia":[{"embeddable":true,"href":"https:\/\/recyclingequipinc.com\/pt\/wp-json\/wp\/v2\/media\/17107"}],"wp:attachment":[{"href":"https:\/\/recyclingequipinc.com\/pt\/wp-json\/wp\/v2\/media?parent=17097"}],"wp:term":[{"taxonomy":"product_brand","embeddable":true,"href":"https:\/\/recyclingequipinc.com\/pt\/wp-json\/wp\/v2\/product_brand?post=17097"},{"taxonomy":"product_cat","embeddable":true,"href":"https:\/\/recyclingequipinc.com\/pt\/wp-json\/wp\/v2\/product_cat?post=17097"},{"taxonomy":"product_tag","embeddable":true,"href":"https:\/\/recyclingequipinc.com\/pt\/wp-json\/wp\/v2\/product_tag?post=17097"}],"curies":[{"name":"wp","href":"https:\/\/api.w.org\/{rel}","templated":true}]}}