{"id":17080,"date":"2025-01-22T11:09:50","date_gmt":"2025-01-22T03:09:50","guid":{"rendered":"https:\/\/recyclingequipinc.com\/?post_type=product&#038;p=17080"},"modified":"2025-01-22T11:09:50","modified_gmt":"2025-01-22T03:09:50","slug":"plastic-pellet-storage-silos","status":"publish","type":"product","link":"https:\/\/recyclingequipinc.com\/pt\/product\/plastic-pellet-storage-silos\/","title":{"rendered":"Silos de armazenamento de pelotas de pl\u00e1stico de a\u00e7o inoxid\u00e1vel para reciclagem de pl\u00e1stico"},"content":{"rendered":"<p>Os Silos de Armazenamento de Pellets Pl\u00e1sticos s\u00e3o projetados para armazenar pellets pl\u00e1sticos reciclados, trazendo benef\u00edcios de qualidade, econ\u00f4micos e ambientais \u00e0 reciclagem de pl\u00e1sticos, proporcionando condi\u00e7\u00f5es rigorosas de armazenamento, e s\u00e3o um equipamento essencial em todos os tipos de linhas de reciclagem de pl\u00e1sticos.<\/p> <div class=\"ast-oembed-container\" style=\"height: 100%;\"><iframe title=\"Silos de armazenamento de pellets de pl\u00e1stico eficientes: Maximize a capacidade e a estabilidade!\" width=\"500\" height=\"281\" src=\"https:\/\/www.youtube.com\/embed\/OqUPjlXKKlU?feature=oembed\" frameborder=\"0\" allow=\"accelerometer; autoplay; clipboard-write; encrypted-media; gyroscope; picture-in-picture; web-share\" referrerpolicy=\"strict-origin-when-cross-origin\" allowfullscreen><\/iframe><\/div> <h2>Quais s\u00e3o as vantagens dos silos de armazenamento de pellets de pl\u00e1stico Shuliy?<\/h2> <ul> <li>\u00c0 prova de umidade e poeira: O silo de armazenamento fornece um ambiente de armazenamento selado para os pellets de pl\u00e1stico, protegendo os pellets da umidade e contamina\u00e7\u00e3o externa e reduzindo a perda de material.<\/li> <li>Previne o envelhecimento dos pellets: O compartimento de armazenamento \u00e9 feito de a\u00e7o inoxid\u00e1vel imperme\u00e1vel, evitando que a luz solar direta envelhe\u00e7a e oxide os pellets de pl\u00e1stico.<br \/> Facilita a gest\u00e3o dos pellets: o armazenamento centralizado dos pellets produzidos facilita a posterior gest\u00e3o ordenada dos pellets em termos de transporte, embalagem, processamento, etc.<\/li> <li>Melhorar a efici\u00eancia da reciclagem: A coopera\u00e7\u00e3o eficiente entre o recipiente de armazenamento de granulado de pl\u00e1stico e o sistema de pelotiza\u00e7\u00e3o de pl\u00e1stico pode efetivamente resolver o problema de acumula\u00e7\u00e3o de granulado acabado e garantir a continuidade do processo de reciclagem, melhorando significativamente a efici\u00eancia operacional geral.<\/li> <li>Reduzir o custo de armazenamento: Pode reduzir o espa\u00e7o de gr\u00e2nulos de pl\u00e1stico na f\u00e1brica e melhorar a taxa de utiliza\u00e7\u00e3o do espa\u00e7o.<\/li> <li>Prevenir a polui\u00e7\u00e3o ambiental: O armazenamento centralizado evita que os gr\u00e2nulos de pl\u00e1stico se espalhem, derramem, etc., o que causa polui\u00e7\u00e3o ambiental e aumenta a carga sobre a terra.<\/li> <\/ul> <figure id=\"attachment_17085\" aria-describedby=\"caption-attachment-17085\" style=\"width: 720px\" class=\"wp-caption aligncenter\"><img fetchpriority=\"high\" decoding=\"async\" class=\"wp-image-17085 size-full\" src=\"https:\/\/recyclingequipinc.com\/wp-content\/uploads\/2025\/01\/plastic-pellet-storage-bins-in-stock.webp\" alt=\"silos de armazenamento de pelotas de pl\u00e1stico em estoque\" width=\"720\" height=\"540\" srcset=\"https:\/\/recyclingequipinc.com\/wp-content\/uploads\/2025\/01\/plastic-pellet-storage-bins-in-stock.webp 720w, https:\/\/recyclingequipinc.com\/wp-content\/uploads\/2025\/01\/plastic-pellet-storage-bins-in-stock-300x225.webp 300w, https:\/\/recyclingequipinc.com\/wp-content\/uploads\/2025\/01\/plastic-pellet-storage-bins-in-stock-16x12.webp 16w\" sizes=\"(max-width: 720px) 100vw, 720px\" \/><figcaption id=\"caption-attachment-17085\" class=\"wp-caption-text\">silos de armazenamento de pelotas de pl\u00e1stico em estoque<\/figcaption><\/figure> <h2>Por que nos escolher?<\/h2> <ul> <li>Fabricado em a\u00e7o inoxid\u00e1vel de alta qualidade, dur\u00e1vel e resistente \u00e0 corros\u00e3o, evitando a radia\u00e7\u00e3o ultravioleta.<\/li> <li>A caixa de armazenamento de pellets de pl\u00e1stico \u00e9 f\u00e1cil de limpar e usar e pode ser acoplada ao transportador autom\u00e1tico para transportar eficientemente o granulado de pl\u00e1stico e reduzir a m\u00e3o de obra.<\/li> <li>A combina\u00e7\u00e3o do design da estrutura cil\u00edndrica superior e c\u00f4nica inferior n\u00e3o apenas maximiza a capacidade de reten\u00e7\u00e3o da caixa de armazenamento de pellets de pl\u00e1stico, mas tamb\u00e9m otimiza o caminho de fluxo do pellet para garantir que os pellets possam ser removidos suavemente atrav\u00e9s da porta de descarga inferior.<\/li> <li>Pode ser usado para armazenar uma variedade de materiais pl\u00e1sticos, incluindo PET, PP, PE, HDPE, PVC, ABS, EPS, EPE, etc.<\/li> <\/ul> <figure id=\"attachment_17084\" aria-describedby=\"caption-attachment-17084\" style=\"width: 720px\" class=\"wp-caption aligncenter\"><img decoding=\"async\" class=\"size-full wp-image-17084\" src=\"https:\/\/recyclingequipinc.com\/wp-content\/uploads\/2025\/01\/plastic-pellet-storage-bin-in-pelletizing-line.webp\" alt=\"caixa de armazenamento de pellets de pl\u00e1stico na linha de pelotiza\u00e7\u00e3o\" width=\"720\" height=\"540\" srcset=\"https:\/\/recyclingequipinc.com\/wp-content\/uploads\/2025\/01\/plastic-pellet-storage-bin-in-pelletizing-line.webp 720w, https:\/\/recyclingequipinc.com\/wp-content\/uploads\/2025\/01\/plastic-pellet-storage-bin-in-pelletizing-line-300x225.webp 300w, https:\/\/recyclingequipinc.com\/wp-content\/uploads\/2025\/01\/plastic-pellet-storage-bin-in-pelletizing-line-16x12.webp 16w\" sizes=\"(max-width: 720px) 100vw, 720px\" \/><figcaption id=\"caption-attachment-17084\" class=\"wp-caption-text\">caixa de armazenamento de pellets de pl\u00e1stico na linha de pelotiza\u00e7\u00e3o<\/figcaption><\/figure> <h2>Caracter\u00edsticas estruturais de silos de pellets pl\u00e1sticos<\/h2> <p>A caixa de armazenamento de pellets de pl\u00e1stico \u00e9 constru\u00edda em a\u00e7o inoxid\u00e1vel de alta qualidade para durabilidade e resist\u00eancia \u00e0 corros\u00e3o. Possui um design superior selado para evitar a entrada de poeira e umidade e est\u00e1 equipado com uma abertura de acesso para f\u00e1cil manuten\u00e7\u00e3o e inspe\u00e7\u00e3o.<\/p> <p>A entrada est\u00e1 localizada na lateral do silo e normalmente \u00e9 conectada ao tubo de transporte para proporcionar um transporte eficiente. A porta de descarga est\u00e1 localizada na parte inferior da tremonha para que os pellets possam ser facilmente descarregados por gravidade quando o material for removido. Os silos de armazenamento de pellets de pl\u00e1stico s\u00e3o suportados por um trip\u00e9, que \u00e9 extremamente est\u00e1vel e oferece uma garantia s\u00f3lida e poderosa para transportar grandes quantidades de pellets de pl\u00e1stico.<\/p> <figure id=\"attachment_17088\" aria-describedby=\"caption-attachment-17088\" style=\"width: 720px\" class=\"wp-caption aligncenter\"><img decoding=\"async\" class=\"size-full wp-image-17088\" src=\"https:\/\/recyclingequipinc.com\/wp-content\/uploads\/2025\/01\/storage-bin.webp\" alt=\"compartimento de armazenamento\" width=\"720\" height=\"540\" srcset=\"https:\/\/recyclingequipinc.com\/wp-content\/uploads\/2025\/01\/storage-bin.webp 720w, https:\/\/recyclingequipinc.com\/wp-content\/uploads\/2025\/01\/storage-bin-300x225.webp 300w, https:\/\/recyclingequipinc.com\/wp-content\/uploads\/2025\/01\/storage-bin-16x12.webp 16w\" sizes=\"(max-width: 720px) 100vw, 720px\" \/><figcaption id=\"caption-attachment-17088\" class=\"wp-caption-text\">compartimento de armazenamento<\/figcaption><\/figure> <h2>Detalhes de silos de armazenamento de pl\u00e1stico<\/h2> <table style=\"border-collapse: collapse; width: 43.2958%; height: 298px;\"> <tbody> <tr style=\"height: 53px;\"> <td style=\"width: 24.8315%; height: 53px;\">Materiais<\/td> <td style=\"width: 30.5641%; height: 53px;\">A\u00e7o inoxid\u00e1vel de alta qualidade<\/td> <\/tr> <tr style=\"height: 53px;\"> <td style=\"width: 24.8315%; height: 53px;\">Volume<\/td> <td style=\"width: 30.5641%; height: 53px;\">1t-30t<\/td> <\/tr> <tr style=\"height: 53px;\"> <td style=\"width: 24.8315%; height: 53px;\">Tamanho<\/td> <td style=\"width: 30.5641%; height: 53px;\">Personalizado pelo volume<\/td> <\/tr> <tr style=\"height: 53px;\"> <td style=\"width: 24.8315%; height: 53px;\">Aplicativo<\/td> <td style=\"width: 30.5641%; height: 53px;\">Armazenamento de v\u00e1rios pellets de pl\u00e1stico em linhas de reciclagem<\/td> <\/tr> <tr style=\"height: 53px;\"> <td style=\"width: 24.8315%; height: 53px;\">Servi\u00e7os<\/td> <td style=\"width: 30.5641%; height: 53px;\">Suporte t\u00e9cnico personalizado e garantia de um ano<\/td> <\/tr> <\/tbody> <\/table> <h2>Como aplicar caixas de armazenamento na reciclagem de pl\u00e1stico?<\/h2> <p class=\"translation-block\">Como mostrado na imagem abaixo, na <a href=\"https:\/\/recyclingequipinc.com\/pt\/produto\/plastic-granulator-machine\/\">linha de pelletiza\u00e7\u00e3o de pl\u00e1stico<\/a>, os silos de armazenamento de pelotas de pl\u00e1stico est\u00e3o frequentemente conectados aos pelletizadores de pl\u00e1stico por meio de tubos de transporte, que s\u00e3o convenientes para coletar e armazenar as pelotas regeneradas. Oferecemos uma ampla gama de silos de armazenamento de pelotas com capacidades de 10 a 30 toneladas para atender flexivelmente a diferentes requisitos de produ\u00e7\u00e3o.<\/p> <figure id=\"attachment_17087\" aria-describedby=\"caption-attachment-17087\" style=\"width: 720px\" class=\"wp-caption aligncenter\"><img loading=\"lazy\" decoding=\"async\" class=\"size-full wp-image-17087\" src=\"https:\/\/recyclingequipinc.com\/wp-content\/uploads\/2025\/01\/granules-enter-the-storage-bin-via-an-automatic-conveyor.webp\" alt=\"os gr\u00e2nulos entram na caixa de armazenamento atrav\u00e9s de um transportador autom\u00e1tico\" width=\"720\" height=\"540\" srcset=\"https:\/\/recyclingequipinc.com\/wp-content\/uploads\/2025\/01\/granules-enter-the-storage-bin-via-an-automatic-conveyor.webp 720w, https:\/\/recyclingequipinc.com\/wp-content\/uploads\/2025\/01\/granules-enter-the-storage-bin-via-an-automatic-conveyor-300x225.webp 300w, https:\/\/recyclingequipinc.com\/wp-content\/uploads\/2025\/01\/granules-enter-the-storage-bin-via-an-automatic-conveyor-16x12.webp 16w\" sizes=\"(max-width: 720px) 100vw, 720px\" \/><figcaption id=\"caption-attachment-17087\" class=\"wp-caption-text\">os gr\u00e2nulos entram na caixa de armazenamento atrav\u00e9s de um transportador autom\u00e1tico<\/figcaption><\/figure> <h2>Conclus\u00e3o<\/h2> <p>Os silos de armazenamento de pellets de pl\u00e1stico, como m\u00e1quinas importantes para armazenar pellets acabados, podem n\u00e3o apenas tornar o armazenamento de pellets mais conveniente, mas tamb\u00e9m proteger a qualidade dos pellets de pl\u00e1stico, prevenir a polui\u00e7\u00e3o ambiental e assim por diante. Se voc\u00ea estiver interessado, fique \u00e0 vontade para perguntar!<\/p> <figure id=\"attachment_17089\" aria-describedby=\"caption-attachment-17089\" style=\"width: 720px\" class=\"wp-caption aligncenter\"><img loading=\"lazy\" decoding=\"async\" class=\"size-full wp-image-17089\" src=\"https:\/\/recyclingequipinc.com\/wp-content\/uploads\/2025\/01\/plastic-extruder-pelletizing-line.webp\" alt=\"linha de pelotiza\u00e7\u00e3o de extrusora de pl\u00e1stico\" width=\"720\" height=\"540\" srcset=\"https:\/\/recyclingequipinc.com\/wp-content\/uploads\/2025\/01\/plastic-extruder-pelletizing-line.webp 720w, https:\/\/recyclingequipinc.com\/wp-content\/uploads\/2025\/01\/plastic-extruder-pelletizing-line-300x225.webp 300w, https:\/\/recyclingequipinc.com\/wp-content\/uploads\/2025\/01\/plastic-extruder-pelletizing-line-16x12.webp 16w\" sizes=\"(max-width: 720px) 100vw, 720px\" \/><figcaption id=\"caption-attachment-17089\" class=\"wp-caption-text\">linha de pelotiza\u00e7\u00e3o de extrusora de pl\u00e1stico<\/figcaption><\/figure> <p>&nbsp;<\/p> <p>&nbsp;<\/p>","protected":false},"excerpt":{"rendered":"<p>Para garantir a qualidade dos pellets de pl\u00e1stico reciclado e reduzir os custos de produ\u00e7\u00e3o, as condi\u00e7\u00f5es de armazenamento dos pellets de pl\u00e1stico devem ser rigorosamente controladas. Como especialistas em reciclagem de pl\u00e1stico, oferecemos silos de armazenamento de pellets de pl\u00e1stico de a\u00e7o inoxid\u00e1vel de alta qualidade para fornecer a solu\u00e7\u00e3o perfeita de armazenamento de pl\u00e1stico.<\/p>","protected":false},"featured_media":17083,"template":"","meta":{"site-sidebar-layout":"default","site-content-layout":"","ast-site-content-layout":"default","site-content-style":"default","site-sidebar-style":"default","ast-global-header-display":"","ast-banner-title-visibility":"","ast-main-header-display":"","ast-hfb-above-header-display":"","ast-hfb-below-header-display":"","ast-hfb-mobile-header-display":"","site-post-title":"","ast-breadcrumbs-content":"","ast-featured-img":"","footer-sml-layout":"","ast-disable-related-posts":"","theme-transparent-header-meta":"default","adv-header-id-meta":"","stick-header-meta":"","header-above-stick-meta":"","header-main-stick-meta":"","header-below-stick-meta":"","astra-migrate-meta-layouts":"set","ast-page-background-enabled":"default","ast-page-background-meta":{"desktop":{"background-color":"","background-image":"","background-repeat":"repeat","background-position":"center center","background-size":"auto","background-attachment":"scroll","background-type":"","background-media":"","overlay-type":"","overlay-color":"","overlay-opacity":"","overlay-gradient":""},"tablet":{"background-color":"","background-image":"","background-repeat":"repeat","background-position":"center center","background-size":"auto","background-attachment":"scroll","background-type":"","background-media":"","overlay-type":"","overlay-color":"","overlay-opacity":"","overlay-gradient":""},"mobile":{"background-color":"","background-image":"","background-repeat":"repeat","background-position":"center center","background-size":"auto","background-attachment":"scroll","background-type":"","background-media":"","overlay-type":"","overlay-color":"","overlay-opacity":"","overlay-gradient":""}},"ast-content-background-meta":{"desktop":{"background-color":"var(--ast-global-color-5)","background-image":"","background-repeat":"repeat","background-position":"center center","background-size":"auto","background-attachment":"scroll","background-type":"","background-media":"","overlay-type":"","overlay-color":"","overlay-opacity":"","overlay-gradient":""},"tablet":{"background-color":"var(--ast-global-color-5)","background-image":"","background-repeat":"repeat","background-position":"center center","background-size":"auto","background-attachment":"scroll","background-type":"","background-media":"","overlay-type":"","overlay-color":"","overlay-opacity":"","overlay-gradient":""},"mobile":{"background-color":"var(--ast-global-color-5)","background-image":"","background-repeat":"repeat","background-position":"center center","background-size":"auto","background-attachment":"scroll","background-type":"","background-media":"","overlay-type":"","overlay-color":"","overlay-opacity":"","overlay-gradient":""}}},"product_brand":[],"product_cat":[36],"product_tag":[84],"class_list":{"0":"post-17080","1":"product","2":"type-product","3":"status-publish","4":"has-post-thumbnail","6":"product_cat-plastic-recycling-machine","7":"product_tag-pelletizer-part","8":"desktop-align-center","9":"tablet-align-center","10":"mobile-align-center","12":"first","13":"instock","14":"shipping-taxable","15":"product-type-simple"},"_links":{"self":[{"href":"https:\/\/recyclingequipinc.com\/pt\/wp-json\/wp\/v2\/product\/17080","targetHints":{"allow":["GET"]}}],"collection":[{"href":"https:\/\/recyclingequipinc.com\/pt\/wp-json\/wp\/v2\/product"}],"about":[{"href":"https:\/\/recyclingequipinc.com\/pt\/wp-json\/wp\/v2\/types\/product"}],"version-history":[{"count":0,"href":"https:\/\/recyclingequipinc.com\/pt\/wp-json\/wp\/v2\/product\/17080\/revisions"}],"wp:featuredmedia":[{"embeddable":true,"href":"https:\/\/recyclingequipinc.com\/pt\/wp-json\/wp\/v2\/media\/17083"}],"wp:attachment":[{"href":"https:\/\/recyclingequipinc.com\/pt\/wp-json\/wp\/v2\/media?parent=17080"}],"wp:term":[{"taxonomy":"product_brand","embeddable":true,"href":"https:\/\/recyclingequipinc.com\/pt\/wp-json\/wp\/v2\/product_brand?post=17080"},{"taxonomy":"product_cat","embeddable":true,"href":"https:\/\/recyclingequipinc.com\/pt\/wp-json\/wp\/v2\/product_cat?post=17080"},{"taxonomy":"product_tag","embeddable":true,"href":"https:\/\/recyclingequipinc.com\/pt\/wp-json\/wp\/v2\/product_tag?post=17080"}],"curies":[{"name":"wp","href":"https:\/\/api.w.org\/{rel}","templated":true}]}}