{"id":16992,"date":"2025-01-17T15:04:33","date_gmt":"2025-01-17T07:04:33","guid":{"rendered":"https:\/\/recyclingequipinc.com\/?post_type=product&#038;p=16992"},"modified":"2025-01-20T10:04:02","modified_gmt":"2025-01-20T02:04:02","slug":"plastic-dana-cutting-machine","status":"publish","type":"product","link":"https:\/\/recyclingequipinc.com\/pt\/product\/plastic-dana-cutting-machine\/","title":{"rendered":"M\u00e1quina de corte de pl\u00e1stico Dana"},"content":{"rendered":"<p>Como transformar pl\u00e1sticos extrudados em pellets uniformes? A m\u00e1quina de corte de pl\u00e1stico dana Shuliy oferece aos clientes solu\u00e7\u00f5es de produ\u00e7\u00e3o de pellets de alta qualidade com desempenho de corte eficiente, ajuste flex\u00edvel do tamanho do pellet e desempenho operacional est\u00e1vel.<\/p> <div class=\"ast-oembed-container\" style=\"height: 100%;\"><iframe title=\"M\u00e1quina para fabricar gr\u00e2nulos de pl\u00e1stico r\u00edgido: transformar pl\u00e1sticos HDPE\/PP\/PE\/PVC em pelotas recicladas\" width=\"500\" height=\"281\" src=\"https:\/\/www.youtube.com\/embed\/wkOeeLbD1uY?feature=oembed\" frameborder=\"0\" allow=\"accelerometer; autoplay; clipboard-write; encrypted-media; gyroscope; picture-in-picture; web-share\" referrerpolicy=\"strict-origin-when-cross-origin\" allowfullscreen><\/iframe><\/div> <h2>Por que usamos a m\u00e1quina de corte de pl\u00e1stico Dana?<\/h2> <ul> <li>O cortador de pellets de pl\u00e1stico corta longas tiras de pl\u00e1stico extrudado em pellets pequenos e uniformes para posterior armazenamento, transporte e produ\u00e7\u00e3o eficiente de novos produtos pl\u00e1sticos.<\/li> <li>O tamanho dos pellets pode ser ajustado de forma flex\u00edvel ajustando a dist\u00e2ncia entre as l\u00e2minas e a velocidade do cortador.<\/li> <li>A pelotiza\u00e7\u00e3o com peletizadora de pl\u00e1stico \u00e9 mais eficiente e segura e garante pellets uniformes.<\/li> <\/ul> <figure id=\"attachment_16993\" aria-describedby=\"caption-attachment-16993\" style=\"width: 300px\" class=\"wp-caption alignleft\"><img fetchpriority=\"high\" decoding=\"async\" class=\"wp-image-16993 size-medium\" src=\"https:\/\/recyclingequipinc.com\/wp-content\/uploads\/2025\/01\/plastic-dana-cutting-machine-300x225.webp\" alt=\"m\u00e1quina de corte de pl\u00e1stico dana\" width=\"300\" height=\"225\" srcset=\"https:\/\/recyclingequipinc.com\/wp-content\/uploads\/2025\/01\/plastic-dana-cutting-machine-300x225.webp 300w, https:\/\/recyclingequipinc.com\/wp-content\/uploads\/2025\/01\/plastic-dana-cutting-machine-16x12.webp 16w, https:\/\/recyclingequipinc.com\/wp-content\/uploads\/2025\/01\/plastic-dana-cutting-machine.webp 720w\" sizes=\"(max-width: 300px) 100vw, 300px\" \/><figcaption id=\"caption-attachment-16993\" class=\"wp-caption-text\">m\u00e1quina de corte de pl\u00e1stico dana<\/figcaption><\/figure> <figure id=\"attachment_16994\" aria-describedby=\"caption-attachment-16994\" style=\"width: 300px\" class=\"wp-caption alignleft\"><img decoding=\"async\" class=\"wp-image-16994 size-medium\" src=\"https:\/\/recyclingequipinc.com\/wp-content\/uploads\/2025\/01\/uniform-recycled-pellets-300x217.webp\" alt=\"pelotas recicladas uniformes\" width=\"300\" height=\"217\" srcset=\"https:\/\/recyclingequipinc.com\/wp-content\/uploads\/2025\/01\/uniform-recycled-pellets-300x217.webp 300w, https:\/\/recyclingequipinc.com\/wp-content\/uploads\/2025\/01\/uniform-recycled-pellets-18x12.webp 18w, https:\/\/recyclingequipinc.com\/wp-content\/uploads\/2025\/01\/uniform-recycled-pellets.webp 720w\" sizes=\"(max-width: 300px) 100vw, 300px\" \/><figcaption id=\"caption-attachment-16994\" class=\"wp-caption-text\">pelotas recicladas uniformes<\/figcaption><\/figure> <h2>Quais s\u00e3o as vantagens da m\u00e1quina cortadora de gr\u00e2nulos de pl\u00e1stico?<\/h2> <ul> <li>Ampla gama de aplica\u00e7\u00f5es: Pode ser aplicado com efici\u00eancia em PP, PE, LDPE, HDOE, PVC, ABS, PET e muitos outros materiais pl\u00e1sticos diferentes.<\/li> <li>Alta efici\u00eancia: Com capacidade de 150-280Kg\/h, pode atender a maioria das necessidades de pelotiza\u00e7\u00e3o de pl\u00e1stico. Tamb\u00e9m podemos fornecer m\u00e1quinas personalizadas para necessidades especiais.<\/li> <li>Dur\u00e1vel: As facas s\u00e3o feitas de a\u00e7o inoxid\u00e1vel de alta qualidade, resistentes ao desgaste e \u00e0 corros\u00e3o, com longa vida \u00fatil.<\/li> <li>Ajuste flex\u00edvel: pode controlar com flexibilidade a velocidade de entrada e sa\u00edda, a velocidade da l\u00e2mina e a folga da l\u00e2mina para atender \u00e0s diferentes necessidades de diferentes produ\u00e7\u00f5es de granulados de pl\u00e1stico.<\/li> <li>Estabilidade: Produ\u00e7\u00e3o cont\u00ednua e est\u00e1vel, sem emperramento e entupimento, o que ajuda a melhorar a efici\u00eancia da reciclagem de pl\u00e1stico.<\/li> <\/ul> <figure id=\"attachment_16995\" aria-describedby=\"caption-attachment-16995\" style=\"width: 720px\" class=\"wp-caption aligncenter\"><img decoding=\"async\" class=\"size-full wp-image-16995\" src=\"https:\/\/recyclingequipinc.com\/wp-content\/uploads\/2025\/01\/plastic-dana-cutter.webp\" alt=\"cortador de pl\u00e1stico dana\" width=\"720\" height=\"540\" srcset=\"https:\/\/recyclingequipinc.com\/wp-content\/uploads\/2025\/01\/plastic-dana-cutter.webp 720w, https:\/\/recyclingequipinc.com\/wp-content\/uploads\/2025\/01\/plastic-dana-cutter-300x225.webp 300w, https:\/\/recyclingequipinc.com\/wp-content\/uploads\/2025\/01\/plastic-dana-cutter-16x12.webp 16w\" sizes=\"(max-width: 720px) 100vw, 720px\" \/><figcaption id=\"caption-attachment-16995\" class=\"wp-caption-text\">cortador de pl\u00e1stico dana<\/figcaption><\/figure> <h2>Como podemos usar a m\u00e1quina cortadora de pl\u00e1stico Dana?<\/h2> <p>O cortador de pellets de pl\u00e1stico consiste em uma estrutura, l\u00e2mina, motor, entrada, sa\u00edda e roda de press\u00e3o de borracha.<\/p> <ol> <li>As tiras pl\u00e1sticas, formadas pela extrus\u00e3o e resfriamento, entram pela entrada de alimenta\u00e7\u00e3o e s\u00e3o transportadas para a \u00e1rea de corte sob a a\u00e7\u00e3o fixa das rodas de borracha da prensa para evitar deslizamentos ou danos.<\/li> <li>As facas m\u00f3veis da m\u00e1quina de corte de pl\u00e1stico Dana giram em alta velocidade e se combinam com as facas fixas para cortar a tira de pl\u00e1stico no tamanho definido.<\/li> <li>Os pellets pl\u00e1sticos uniformes s\u00e3o descarregados atrav\u00e9s da abertura de descarga para posterior secagem e armazenamento.<\/li> <\/ol> <figure id=\"attachment_16997\" aria-describedby=\"caption-attachment-16997\" style=\"width: 300px\" class=\"wp-caption alignleft\"><img loading=\"lazy\" decoding=\"async\" class=\"wp-image-16997 size-medium\" src=\"https:\/\/recyclingequipinc.com\/wp-content\/uploads\/2025\/01\/Rubber-pressure-roller-of-plastic-dana-cutter-300x225.webp\" alt=\"Rolo de press\u00e3o de borracha do cortador de pl\u00e1stico dana\" width=\"300\" height=\"225\" srcset=\"https:\/\/recyclingequipinc.com\/wp-content\/uploads\/2025\/01\/Rubber-pressure-roller-of-plastic-dana-cutter-300x225.webp 300w, https:\/\/recyclingequipinc.com\/wp-content\/uploads\/2025\/01\/Rubber-pressure-roller-of-plastic-dana-cutter-16x12.webp 16w, https:\/\/recyclingequipinc.com\/wp-content\/uploads\/2025\/01\/Rubber-pressure-roller-of-plastic-dana-cutter.webp 720w\" sizes=\"(max-width: 300px) 100vw, 300px\" \/><figcaption id=\"caption-attachment-16997\" class=\"wp-caption-text\">Rolo de press\u00e3o de borracha do cortador de pl\u00e1stico dana<\/figcaption><\/figure> <figure id=\"attachment_16996\" aria-describedby=\"caption-attachment-16996\" style=\"width: 300px\" class=\"wp-caption alignleft\"><img loading=\"lazy\" decoding=\"async\" class=\"wp-image-16996 size-medium\" src=\"https:\/\/recyclingequipinc.com\/wp-content\/uploads\/2025\/01\/Plastic-pellet-cutting-machine-300x225.webp\" alt=\"M\u00e1quina de corte de pellets de pl\u00e1stico\" width=\"300\" height=\"225\" srcset=\"https:\/\/recyclingequipinc.com\/wp-content\/uploads\/2025\/01\/Plastic-pellet-cutting-machine-300x225.webp 300w, https:\/\/recyclingequipinc.com\/wp-content\/uploads\/2025\/01\/Plastic-pellet-cutting-machine-16x12.webp 16w, https:\/\/recyclingequipinc.com\/wp-content\/uploads\/2025\/01\/Plastic-pellet-cutting-machine.webp 720w\" sizes=\"(max-width: 300px) 100vw, 300px\" \/><figcaption id=\"caption-attachment-16996\" class=\"wp-caption-text\">M\u00e1quina de corte de pellets de pl\u00e1stico<\/figcaption><\/figure> <h2>Par\u00e2metros de nossa m\u00e1quina de fabrica\u00e7\u00e3o de gr\u00e2nulos reciclados<\/h2> <p>&nbsp;<\/p> <table style=\"border-collapse: collapse; width: 63.0712%;\"> <tbody> <tr> <td style=\"width: 16.779%;\">Modelo<\/td> <td style=\"width: 11.4607%;\">SL-140<\/td> <td style=\"width: 10.6476%;\">SL-160<\/td> <td style=\"width: 11.1226%;\">SL-180<\/td> <td style=\"width: 11.797%;\">SL-200<\/td> <\/tr> <tr> <td style=\"width: 16.779%;\">Capacidade (kg\/h)<\/td> <td style=\"width: 11.4607%;\">150<\/td> <td style=\"width: 10.6476%;\">180<\/td> <td style=\"width: 11.1226%;\">250<\/td> <td style=\"width: 11.797%;\">280<\/td> <\/tr> <tr> <td style=\"width: 16.779%;\">Pot\u00eancia (KW)<\/td> <td style=\"width: 11.4607%;\">2.2<\/td> <td style=\"width: 10.6476%;\">2.2<\/td> <td style=\"width: 11.1226%;\">3.0<\/td> <td style=\"width: 11.797%;\">3.0<\/td> <\/tr> <tr> <td style=\"width: 16.779%;\">Gira o n\u00famero das l\u00e2minas<\/td> <td style=\"width: 11.4607%;\">18<\/td> <td style=\"width: 10.6476%;\">18<\/td> <td style=\"width: 11.1226%;\">22<\/td> <td style=\"width: 11.797%;\">22<\/td> <\/tr> <\/tbody> <\/table> <p>Aqui est\u00e3o alguns par\u00e2metros de cortador de pellets de pl\u00e1stico mais vendidos para refer\u00eancia. Envie-nos seus requisitos de produ\u00e7\u00e3o, recomendaremos ou personalizaremos o modelo certo para voc\u00ea!<\/p> <figure id=\"attachment_16998\" aria-describedby=\"caption-attachment-16998\" style=\"width: 720px\" class=\"wp-caption aligncenter\"><img loading=\"lazy\" decoding=\"async\" class=\"size-full wp-image-16998\" src=\"https:\/\/recyclingequipinc.com\/wp-content\/uploads\/2025\/01\/plastic-granule-cutting-machine.webp\" alt=\"m\u00e1quina cortadora de gr\u00e2nulos de pl\u00e1stico\" width=\"720\" height=\"540\" srcset=\"https:\/\/recyclingequipinc.com\/wp-content\/uploads\/2025\/01\/plastic-granule-cutting-machine.webp 720w, https:\/\/recyclingequipinc.com\/wp-content\/uploads\/2025\/01\/plastic-granule-cutting-machine-300x225.webp 300w, https:\/\/recyclingequipinc.com\/wp-content\/uploads\/2025\/01\/plastic-granule-cutting-machine-16x12.webp 16w\" sizes=\"(max-width: 720px) 100vw, 720px\" \/><figcaption id=\"caption-attachment-16998\" class=\"wp-caption-text\">m\u00e1quina cortadora de gr\u00e2nulos de pl\u00e1stico<\/figcaption><\/figure> <h2>Pre\u00e7o da m\u00e1quina cortadora de pl\u00e1stico Dana<\/h2> <p class=\"translation-block\">As m\u00e1quinas de corte Dana de pl\u00e1stico s\u00e3o frequentemente utilizadas em conjunto com extrusoras de pl\u00e1stico e tanques de arrefecimento de pl\u00e1stico para converter pl\u00e1stico residual em granulado reciclado. Pode escolher entre um <a href=\"https:\/\/recyclingequipinc.com\/pt\/produto\/plastic-granulator-machine\/\">sistema de peletiza\u00e7\u00e3o de pl\u00e1stico<\/a> completo ou um cortador de granulado separado para satisfazer diferentes necessidades de produ\u00e7\u00e3o.<\/p> <p>O pre\u00e7o da m\u00e1quina de corte de tiras de pl\u00e1stico depende do modelo, dos materiais das l\u00e2minas e assim por diante. Entre em contato conosco para obter mais detalhes e forneceremos sugest\u00f5es razo\u00e1veis \u200b\u200bde pelotiza\u00e7\u00e3o!<\/p> <figure id=\"attachment_16999\" aria-describedby=\"caption-attachment-16999\" style=\"width: 720px\" class=\"wp-caption aligncenter\"><img loading=\"lazy\" decoding=\"async\" class=\"size-full wp-image-16999\" src=\"https:\/\/recyclingequipinc.com\/wp-content\/uploads\/2025\/01\/complete-pelletizing-line.webp\" alt=\"linha completa de pelotiza\u00e7\u00e3o\" width=\"720\" height=\"393\" srcset=\"https:\/\/recyclingequipinc.com\/wp-content\/uploads\/2025\/01\/complete-pelletizing-line.webp 720w, https:\/\/recyclingequipinc.com\/wp-content\/uploads\/2025\/01\/complete-pelletizing-line-300x164.webp 300w, https:\/\/recyclingequipinc.com\/wp-content\/uploads\/2025\/01\/complete-pelletizing-line-18x10.webp 18w\" sizes=\"(max-width: 720px) 100vw, 720px\" \/><figcaption id=\"caption-attachment-16999\" class=\"wp-caption-text\">linha completa de pelotiza\u00e7\u00e3o<\/figcaption><\/figure>","protected":false},"excerpt":{"rendered":"<p>A m\u00e1quina de corte de pl\u00e1stico dana \u00e9 o equipamento chave para o corte de tiras de pl\u00e1stico em pellets uniformes, o que est\u00e1 relacionado ao tamanho dos gr\u00e2nulos reciclados e \u00e0 efici\u00eancia de todo o processo de pelotiza\u00e7\u00e3o.<\/p>","protected":false},"featured_media":16993,"template":"","meta":{"site-sidebar-layout":"default","site-content-layout":"","ast-site-content-layout":"default","site-content-style":"default","site-sidebar-style":"default","ast-global-header-display":"","ast-banner-title-visibility":"","ast-main-header-display":"","ast-hfb-above-header-display":"","ast-hfb-below-header-display":"","ast-hfb-mobile-header-display":"","site-post-title":"","ast-breadcrumbs-content":"","ast-featured-img":"","footer-sml-layout":"","ast-disable-related-posts":"","theme-transparent-header-meta":"default","adv-header-id-meta":"","stick-header-meta":"","header-above-stick-meta":"","header-main-stick-meta":"","header-below-stick-meta":"","astra-migrate-meta-layouts":"set","ast-page-background-enabled":"default","ast-page-background-meta":{"desktop":{"background-color":"","background-image":"","background-repeat":"repeat","background-position":"center center","background-size":"auto","background-attachment":"scroll","background-type":"","background-media":"","overlay-type":"","overlay-color":"","overlay-opacity":"","overlay-gradient":""},"tablet":{"background-color":"","background-image":"","background-repeat":"repeat","background-position":"center center","background-size":"auto","background-attachment":"scroll","background-type":"","background-media":"","overlay-type":"","overlay-color":"","overlay-opacity":"","overlay-gradient":""},"mobile":{"background-color":"","background-image":"","background-repeat":"repeat","background-position":"center center","background-size":"auto","background-attachment":"scroll","background-type":"","background-media":"","overlay-type":"","overlay-color":"","overlay-opacity":"","overlay-gradient":""}},"ast-content-background-meta":{"desktop":{"background-color":"var(--ast-global-color-5)","background-image":"","background-repeat":"repeat","background-position":"center center","background-size":"auto","background-attachment":"scroll","background-type":"","background-media":"","overlay-type":"","overlay-color":"","overlay-opacity":"","overlay-gradient":""},"tablet":{"background-color":"var(--ast-global-color-5)","background-image":"","background-repeat":"repeat","background-position":"center center","background-size":"auto","background-attachment":"scroll","background-type":"","background-media":"","overlay-type":"","overlay-color":"","overlay-opacity":"","overlay-gradient":""},"mobile":{"background-color":"var(--ast-global-color-5)","background-image":"","background-repeat":"repeat","background-position":"center center","background-size":"auto","background-attachment":"scroll","background-type":"","background-media":"","overlay-type":"","overlay-color":"","overlay-opacity":"","overlay-gradient":""}}},"product_brand":[],"product_cat":[36],"product_tag":[84],"class_list":{"0":"post-16992","1":"product","2":"type-product","3":"status-publish","4":"has-post-thumbnail","6":"product_cat-plastic-recycling-machine","7":"product_tag-pelletizer-part","8":"desktop-align-center","9":"tablet-align-center","10":"mobile-align-center","12":"first","13":"instock","14":"shipping-taxable","15":"product-type-simple"},"_links":{"self":[{"href":"https:\/\/recyclingequipinc.com\/pt\/wp-json\/wp\/v2\/product\/16992","targetHints":{"allow":["GET"]}}],"collection":[{"href":"https:\/\/recyclingequipinc.com\/pt\/wp-json\/wp\/v2\/product"}],"about":[{"href":"https:\/\/recyclingequipinc.com\/pt\/wp-json\/wp\/v2\/types\/product"}],"version-history":[{"count":0,"href":"https:\/\/recyclingequipinc.com\/pt\/wp-json\/wp\/v2\/product\/16992\/revisions"}],"wp:featuredmedia":[{"embeddable":true,"href":"https:\/\/recyclingequipinc.com\/pt\/wp-json\/wp\/v2\/media\/16993"}],"wp:attachment":[{"href":"https:\/\/recyclingequipinc.com\/pt\/wp-json\/wp\/v2\/media?parent=16992"}],"wp:term":[{"taxonomy":"product_brand","embeddable":true,"href":"https:\/\/recyclingequipinc.com\/pt\/wp-json\/wp\/v2\/product_brand?post=16992"},{"taxonomy":"product_cat","embeddable":true,"href":"https:\/\/recyclingequipinc.com\/pt\/wp-json\/wp\/v2\/product_cat?post=16992"},{"taxonomy":"product_tag","embeddable":true,"href":"https:\/\/recyclingequipinc.com\/pt\/wp-json\/wp\/v2\/product_tag?post=16992"}],"curies":[{"name":"wp","href":"https:\/\/api.w.org\/{rel}","templated":true}]}}