{"id":16984,"date":"2025-01-17T16:33:18","date_gmt":"2025-01-17T08:33:18","guid":{"rendered":"https:\/\/recyclingequipinc.com\/?post_type=product&#038;p=16984"},"modified":"2025-01-20T10:03:34","modified_gmt":"2025-01-20T02:03:34","slug":"extrusion-cooling-tank","status":"publish","type":"product","link":"https:\/\/recyclingequipinc.com\/pt\/product\/extrusion-cooling-tank\/","title":{"rendered":"Tanque de resfriamento de extrus\u00e3o em sistema de pelotiza\u00e7\u00e3o de fios"},"content":{"rendered":"<p>O tanque de resfriamento de extrus\u00e3o \u00e9 uma parte importante do sistema de pelotiza\u00e7\u00e3o de pl\u00e1stico. Ele resfria e molda o pl\u00e1stico fundido extrudado e ajuda a estabelecer a base para o subsequente corte de pl\u00e1stico dana. Este post explicar\u00e1 detalhadamente nossos banhos-maria para granula\u00e7\u00e3o.<\/p> <div class=\"ast-oembed-container\" style=\"height: 100%;\"><iframe title=\"M\u00e1quina para fabricar gr\u00e2nulos de pl\u00e1stico r\u00edgido: transformar pl\u00e1sticos HDPE\/PP\/PE\/PVC em pelotas recicladas\" width=\"500\" height=\"281\" src=\"https:\/\/www.youtube.com\/embed\/wkOeeLbD1uY?feature=oembed\" frameborder=\"0\" allow=\"accelerometer; autoplay; clipboard-write; encrypted-media; gyroscope; picture-in-picture; web-share\" referrerpolicy=\"strict-origin-when-cross-origin\" allowfullscreen><\/iframe><\/div> <h2>Por que precisamos do banho de resfriamento de \u00e1gua para pellets de pl\u00e1stico?<\/h2> <ul> <li><strong>Resfriamento:<\/strong> Os res\u00edduos de pl\u00e1stico s\u00e3o derretidos e extrudados em altas temperaturas, por isso amolecem, deformam e at\u00e9 quebram facilmente e precisam ser resfriados por tanques de resfriamento de extrus\u00e3o.<\/li> <li><strong>Modelagem:<\/strong> A qualidade dos pellets reciclados \u00e9 influenciada pelo tamanho, lisura da superf\u00edcie e uniformidade do pl\u00e1stico extrudado da cabe\u00e7a da matriz. Resfriar e moldar as tiras em um banho de resfriamento pode melhorar a qualidade dos pellets resultantes e evitar que o pl\u00e1stico grude em altas temperaturas.<\/li> <li><strong>Economia de energia:<\/strong> Em compara\u00e7\u00e3o com outros m\u00e9todos de resfriamento, o banho-maria para pl\u00e1stico \u00e9 mais eficiente em termos energ\u00e9ticos, ecologicamente correto e reduz os custos operacionais.<\/li> <li><strong>Prolongue a vida \u00fatil da m\u00e1quina de corte de pl\u00e1stico Dana: <\/strong>As tiras de pl\u00e1stico que n\u00e3o foram resfriadas o suficiente para entrar no granulador a jusante ir\u00e3o emperrar as l\u00e2minas do cortador de pellets de pl\u00e1stico, causar cortes irregulares e at\u00e9 mesmo danificar o equipamento. O resfriamento do pl\u00e1stico ajudar\u00e1 a garantir um corte subsequente suave.<\/li> <\/ul> <figure id=\"attachment_17025\" aria-describedby=\"caption-attachment-17025\" style=\"width: 720px\" class=\"wp-caption aligncenter\"><img fetchpriority=\"high\" decoding=\"async\" class=\"size-full wp-image-17025\" src=\"https:\/\/recyclingequipinc.com\/wp-content\/uploads\/2025\/01\/extrusion-cooling-tank.webp\" alt=\"tanque de resfriamento de extrus\u00e3o\" width=\"720\" height=\"540\" srcset=\"https:\/\/recyclingequipinc.com\/wp-content\/uploads\/2025\/01\/extrusion-cooling-tank.webp 720w, https:\/\/recyclingequipinc.com\/wp-content\/uploads\/2025\/01\/extrusion-cooling-tank-300x225.webp 300w, https:\/\/recyclingequipinc.com\/wp-content\/uploads\/2025\/01\/extrusion-cooling-tank-16x12.webp 16w\" sizes=\"(max-width: 720px) 100vw, 720px\" \/><figcaption id=\"caption-attachment-17025\" class=\"wp-caption-text\">tanque de resfriamento de extrus\u00e3o<\/figcaption><\/figure> <h2>Principais recursos do nosso tanque de resfriamento por extrus\u00e3o<\/h2> <ul> <li>Design razo\u00e1vel do tamanho do tanque de resfriamento de extrus\u00e3o para que diferentes materiais pl\u00e1sticos possam ser totalmente resfriados ao mesmo tempo, mas tamb\u00e9m para evitar fluxo deficiente de material e desperd\u00edcio de energia.<\/li> <li>Feito de a\u00e7o inoxid\u00e1vel de alta qualidade, nosso banho de resfriamento de fio \u00e9 dur\u00e1vel, resistente \u00e0 corros\u00e3o e possui boa condutividade t\u00e9rmica, o que pode resfriar com efici\u00eancia as tiras de pl\u00e1stico.<\/li> <li>Fluxo de \u00e1gua ajust\u00e1vel no banho-maria para garantir um resfriamento uniforme do pl\u00e1stico.<\/li> <li>Ancoragem conveniente, o tanque de resfriamento pode ser usado em perfeita coopera\u00e7\u00e3o com v\u00e1rios tipos de extrusoras de pl\u00e1stico e m\u00e1quinas de corte de pl\u00e1stico dana para promover conjuntamente a fabrica\u00e7\u00e3o de gr\u00e2nulos reciclados.<\/li> <li>Equipado com dispositivo sensor de seguran\u00e7a \u00e0 prova d'\u00e1gua e \u00e0 prova de vazamentos, alta seguran\u00e7a.<\/li> <li>F\u00e1cil de limpar e manter e amigo do ambiente com baixo consumo de energia.<\/li> <\/ul> <figure id=\"attachment_17026\" aria-describedby=\"caption-attachment-17026\" style=\"width: 720px\" class=\"wp-caption aligncenter\"><img decoding=\"async\" class=\"size-full wp-image-17026\" src=\"https:\/\/recyclingequipinc.com\/wp-content\/uploads\/2025\/01\/extrusion-cooling-tank-2.webp\" alt=\"tanque de resfriamento de extrus\u00e3o\" width=\"720\" height=\"540\" srcset=\"https:\/\/recyclingequipinc.com\/wp-content\/uploads\/2025\/01\/extrusion-cooling-tank-2.webp 720w, https:\/\/recyclingequipinc.com\/wp-content\/uploads\/2025\/01\/extrusion-cooling-tank-2-300x225.webp 300w, https:\/\/recyclingequipinc.com\/wp-content\/uploads\/2025\/01\/extrusion-cooling-tank-2-16x12.webp 16w\" sizes=\"(max-width: 720px) 100vw, 720px\" \/><figcaption id=\"caption-attachment-17026\" class=\"wp-caption-text\">tanque de resfriamento de extrus\u00e3o<\/figcaption><\/figure> <h2>Detalhes sobre o tanque de resfriamento de pl\u00e1stico<\/h2> <table style=\"border-collapse: collapse; width: 51.9109%; height: 265px;\"> <tbody> <tr style=\"height: 53px;\"> <td style=\"width: 29.9396%; height: 53px; text-align: center;\">Tamanho(m)<\/td> <td style=\"width: 28.4902%; height: 53px; text-align: center;\">2.5*0.4<\/td> <\/tr> <tr style=\"height: 53px;\"> <td style=\"width: 29.9396%; height: 53px; text-align: center;\">Material<\/td> <td style=\"width: 28.4902%; height: 53px; text-align: center;\">A\u00e7o inoxid\u00e1vel de alta qualidade<\/td> <\/tr> <tr style=\"height: 53px;\"> <td style=\"width: 29.9396%; height: 53px; text-align: center;\">Mat\u00e9ria-prima<\/td> <td style=\"width: 28.4902%; height: 53px; text-align: center;\">Tiras de pl\u00e1stico extrudadas da cabe\u00e7a de rosca<\/td> <\/tr> <tr style=\"height: 53px;\"> <td style=\"width: 29.9396%; height: 53px; text-align: center;\">Fun\u00e7\u00e3o<\/td> <td style=\"width: 28.4902%; height: 53px; text-align: center;\">Esfrie e molde as tiras de pl\u00e1stico<\/td> <\/tr> <tr style=\"height: 53px;\"> <td style=\"width: 29.9396%; height: 53px; text-align: center;\">Servi\u00e7os<\/td> <td style=\"width: 28.4902%; height: 53px; text-align: center;\">Suporte t\u00e9cnico personalizado e garantia de um ano<\/td> <\/tr> <\/tbody> <\/table> <figure id=\"attachment_17027\" aria-describedby=\"caption-attachment-17027\" style=\"width: 720px\" class=\"wp-caption aligncenter\"><img decoding=\"async\" class=\"size-full wp-image-17027\" src=\"https:\/\/recyclingequipinc.com\/wp-content\/uploads\/2025\/01\/strand-cooling-tank.webp\" alt=\"tanque de resfriamento de fio\" width=\"720\" height=\"540\" srcset=\"https:\/\/recyclingequipinc.com\/wp-content\/uploads\/2025\/01\/strand-cooling-tank.webp 720w, https:\/\/recyclingequipinc.com\/wp-content\/uploads\/2025\/01\/strand-cooling-tank-300x225.webp 300w, https:\/\/recyclingequipinc.com\/wp-content\/uploads\/2025\/01\/strand-cooling-tank-16x12.webp 16w\" sizes=\"(max-width: 720px) 100vw, 720px\" \/><figcaption id=\"caption-attachment-17027\" class=\"wp-caption-text\">tanque de resfriamento de fio<\/figcaption><\/figure> <h2>Como funciona o banho-maria de pl\u00e1stico?<\/h2> <p>Depois que o pl\u00e1stico \u00e9 extrudado da cabe\u00e7a do granulador em alta temperatura, ele entra no tanque de resfriamento de extrus\u00e3o. A \u00e1gua no tanque serve como meio de resfriamento, absorvendo o calor de forma r\u00e1pida e uniforme. Essa \u00e1gua aquecida flui por um sistema de circula\u00e7\u00e3o, passa por um trocador de calor e retorna ao tanque para manter um processo de resfriamento consistente. Finalmente, o pl\u00e1stico resfriado uniformemente \u00e9 transferido para a peletizadora para corte, facilitado por um dispositivo de eleva\u00e7\u00e3o autom\u00e1tico.<\/p> <p>Durante este processo, a temperatura e a vaz\u00e3o da \u00e1gua circulante podem ser ajustadas usando o gabinete inteligente do peletizador para atender aos requisitos de resfriamento de diferentes tipos de pl\u00e1stico. Al\u00e9m disso, a \u00e1gua de resfriamento pode ser drenada e substitu\u00edda periodicamente para garantir um desempenho ideal.<\/p> <figure id=\"attachment_17028\" aria-describedby=\"caption-attachment-17028\" style=\"width: 300px\" class=\"wp-caption alignleft\"><img loading=\"lazy\" decoding=\"async\" class=\"wp-image-17028 size-medium\" src=\"https:\/\/recyclingequipinc.com\/wp-content\/uploads\/2025\/01\/extruded-plastic-enter-the-cooling-tank-300x225.webp\" alt=\"pl\u00e1stico extrudado entra no tanque de resfriamento\" width=\"300\" height=\"225\" srcset=\"https:\/\/recyclingequipinc.com\/wp-content\/uploads\/2025\/01\/extruded-plastic-enter-the-cooling-tank-300x225.webp 300w, https:\/\/recyclingequipinc.com\/wp-content\/uploads\/2025\/01\/extruded-plastic-enter-the-cooling-tank-16x12.webp 16w, https:\/\/recyclingequipinc.com\/wp-content\/uploads\/2025\/01\/extruded-plastic-enter-the-cooling-tank.webp 720w\" sizes=\"(max-width: 300px) 100vw, 300px\" \/><figcaption id=\"caption-attachment-17028\" class=\"wp-caption-text\">pl\u00e1stico extrudado entra no tanque de resfriamento<\/figcaption><\/figure> <figure id=\"attachment_17029\" aria-describedby=\"caption-attachment-17029\" style=\"width: 300px\" class=\"wp-caption alignleft\"><img loading=\"lazy\" decoding=\"async\" class=\"wp-image-17029 size-medium\" src=\"https:\/\/recyclingequipinc.com\/wp-content\/uploads\/2025\/01\/extrusion-cooling-tank-1-300x225.webp\" alt=\"tanque de resfriamento de extrus\u00e3o\" width=\"300\" height=\"225\" srcset=\"https:\/\/recyclingequipinc.com\/wp-content\/uploads\/2025\/01\/extrusion-cooling-tank-1-300x225.webp 300w, https:\/\/recyclingequipinc.com\/wp-content\/uploads\/2025\/01\/extrusion-cooling-tank-1-16x12.webp 16w, https:\/\/recyclingequipinc.com\/wp-content\/uploads\/2025\/01\/extrusion-cooling-tank-1.webp 720w\" sizes=\"(max-width: 300px) 100vw, 300px\" \/><figcaption id=\"caption-attachment-17029\" class=\"wp-caption-text\">tanque de resfriamento de extrus\u00e3o<\/figcaption><\/figure> <h2>Precau\u00e7\u00f5es de uso<\/h2> <ul> <li>Certifique-se de substituir a \u00e1gua de resfriamento e limpar o tanque de resfriamento de extrus\u00e3o regularmente para manter a limpeza do material e evitar que contaminantes obstruam os tubos ou corroam o tanque.<\/li> <li>Ajuste a taxa de fluxo de \u00e1gua e a temperatura para atender \u00e0s diferentes necessidades de resfriamento de diferentes materiais.<\/li> <\/ul> <h2>Resumo<\/h2> <p class=\"translation-block\">Como uma parte importante do sistema de granula\u00e7\u00e3o de pl\u00e1stico, um tanque de arrefecimento de extrus\u00e3o \u00e9 frequentemente usado com uma extrusora de pl\u00e1stico e um granulador de pl\u00e1stico. Ajuda a arrefecer e a modelar o pl\u00e1stico extrudido pela m\u00e1quina extrusora de pl\u00e1stico. Se quiser saber mais sobre <a href=\"https:\/\/recyclingequipinc.com\/pt\/produto\/plastic-granulator-machine\/\">granula\u00e7\u00e3o de pl\u00e1stico<\/a>, contacte-nos e n\u00f3s recomendaremos o equipamento certo para si!<\/p> <figure id=\"attachment_17030\" aria-describedby=\"caption-attachment-17030\" style=\"width: 720px\" class=\"wp-caption aligncenter\"><img loading=\"lazy\" decoding=\"async\" class=\"size-full wp-image-17030\" src=\"https:\/\/recyclingequipinc.com\/wp-content\/uploads\/2025\/01\/extrusion-cooling-tank-in-plastic-pelletizing-system.webp\" alt=\"tanque de resfriamento de extrus\u00e3o em sistema de pelotiza\u00e7\u00e3o de pl\u00e1stico\" width=\"720\" height=\"540\" srcset=\"https:\/\/recyclingequipinc.com\/wp-content\/uploads\/2025\/01\/extrusion-cooling-tank-in-plastic-pelletizing-system.webp 720w, https:\/\/recyclingequipinc.com\/wp-content\/uploads\/2025\/01\/extrusion-cooling-tank-in-plastic-pelletizing-system-300x225.webp 300w, https:\/\/recyclingequipinc.com\/wp-content\/uploads\/2025\/01\/extrusion-cooling-tank-in-plastic-pelletizing-system-16x12.webp 16w\" sizes=\"(max-width: 720px) 100vw, 720px\" \/><figcaption id=\"caption-attachment-17030\" class=\"wp-caption-text\">tanque de resfriamento de extrus\u00e3o em sistema de pelotiza\u00e7\u00e3o de pl\u00e1stico<\/figcaption><\/figure>","protected":false},"excerpt":{"rendered":"<p>Os tanques de resfriamento de extrus\u00e3o s\u00e3o usados \u200b\u200bpara resfriar e moldar tiras de pl\u00e1stico extrudado para promover reciclagem e pelotiza\u00e7\u00e3o eficientes.<\/p>","protected":false},"featured_media":17025,"template":"","meta":{"site-sidebar-layout":"default","site-content-layout":"","ast-site-content-layout":"default","site-content-style":"default","site-sidebar-style":"default","ast-global-header-display":"","ast-banner-title-visibility":"","ast-main-header-display":"","ast-hfb-above-header-display":"","ast-hfb-below-header-display":"","ast-hfb-mobile-header-display":"","site-post-title":"","ast-breadcrumbs-content":"","ast-featured-img":"","footer-sml-layout":"","ast-disable-related-posts":"","theme-transparent-header-meta":"default","adv-header-id-meta":"","stick-header-meta":"","header-above-stick-meta":"","header-main-stick-meta":"","header-below-stick-meta":"","astra-migrate-meta-layouts":"set","ast-page-background-enabled":"default","ast-page-background-meta":{"desktop":{"background-color":"","background-image":"","background-repeat":"repeat","background-position":"center center","background-size":"auto","background-attachment":"scroll","background-type":"","background-media":"","overlay-type":"","overlay-color":"","overlay-opacity":"","overlay-gradient":""},"tablet":{"background-color":"","background-image":"","background-repeat":"repeat","background-position":"center center","background-size":"auto","background-attachment":"scroll","background-type":"","background-media":"","overlay-type":"","overlay-color":"","overlay-opacity":"","overlay-gradient":""},"mobile":{"background-color":"","background-image":"","background-repeat":"repeat","background-position":"center center","background-size":"auto","background-attachment":"scroll","background-type":"","background-media":"","overlay-type":"","overlay-color":"","overlay-opacity":"","overlay-gradient":""}},"ast-content-background-meta":{"desktop":{"background-color":"var(--ast-global-color-5)","background-image":"","background-repeat":"repeat","background-position":"center center","background-size":"auto","background-attachment":"scroll","background-type":"","background-media":"","overlay-type":"","overlay-color":"","overlay-opacity":"","overlay-gradient":""},"tablet":{"background-color":"var(--ast-global-color-5)","background-image":"","background-repeat":"repeat","background-position":"center center","background-size":"auto","background-attachment":"scroll","background-type":"","background-media":"","overlay-type":"","overlay-color":"","overlay-opacity":"","overlay-gradient":""},"mobile":{"background-color":"var(--ast-global-color-5)","background-image":"","background-repeat":"repeat","background-position":"center center","background-size":"auto","background-attachment":"scroll","background-type":"","background-media":"","overlay-type":"","overlay-color":"","overlay-opacity":"","overlay-gradient":""}}},"product_brand":[],"product_cat":[36],"product_tag":[84],"class_list":{"0":"post-16984","1":"product","2":"type-product","3":"status-publish","4":"has-post-thumbnail","6":"product_cat-plastic-recycling-machine","7":"product_tag-pelletizer-part","8":"desktop-align-center","9":"tablet-align-center","10":"mobile-align-center","12":"first","13":"instock","14":"shipping-taxable","15":"product-type-simple"},"_links":{"self":[{"href":"https:\/\/recyclingequipinc.com\/pt\/wp-json\/wp\/v2\/product\/16984","targetHints":{"allow":["GET"]}}],"collection":[{"href":"https:\/\/recyclingequipinc.com\/pt\/wp-json\/wp\/v2\/product"}],"about":[{"href":"https:\/\/recyclingequipinc.com\/pt\/wp-json\/wp\/v2\/types\/product"}],"version-history":[{"count":0,"href":"https:\/\/recyclingequipinc.com\/pt\/wp-json\/wp\/v2\/product\/16984\/revisions"}],"wp:featuredmedia":[{"embeddable":true,"href":"https:\/\/recyclingequipinc.com\/pt\/wp-json\/wp\/v2\/media\/17025"}],"wp:attachment":[{"href":"https:\/\/recyclingequipinc.com\/pt\/wp-json\/wp\/v2\/media?parent=16984"}],"wp:term":[{"taxonomy":"product_brand","embeddable":true,"href":"https:\/\/recyclingequipinc.com\/pt\/wp-json\/wp\/v2\/product_brand?post=16984"},{"taxonomy":"product_cat","embeddable":true,"href":"https:\/\/recyclingequipinc.com\/pt\/wp-json\/wp\/v2\/product_cat?post=16984"},{"taxonomy":"product_tag","embeddable":true,"href":"https:\/\/recyclingequipinc.com\/pt\/wp-json\/wp\/v2\/product_tag?post=16984"}],"curies":[{"name":"wp","href":"https:\/\/api.w.org\/{rel}","templated":true}]}}