{"id":16952,"date":"2025-01-14T14:22:47","date_gmt":"2025-01-14T06:22:47","guid":{"rendered":"https:\/\/recyclingequipinc.com\/?post_type=product&#038;p=16952"},"modified":"2025-06-04T14:03:13","modified_gmt":"2025-06-04T06:03:13","slug":"styrofoam-recycling-machine","status":"publish","type":"product","link":"https:\/\/recyclingequipinc.com\/pt\/product\/styrofoam-recycling-machine\/","title":{"rendered":"M\u00e1quinas de reciclagem de isopor facilitam seu neg\u00f3cio de reciclagem de EPS"},"content":{"rendered":"<p>Como as espumas pl\u00e1sticas residuais podem ser convertidas de forma eficiente em pellets recicl\u00e1veis? Este artigo enfoca m\u00e1quinas de reciclagem de isopor e processos de reciclagem de espuma para orientar os recicladores de isopor.<\/p> <div class=\"ast-oembed-container\" style=\"height: 100%;\"><iframe title=\"Chega de desperd\u00edcio de espuma: esta solu\u00e7\u00e3o de reciclagem de espuma \u00e9 para voc\u00ea\" width=\"500\" height=\"281\" src=\"https:\/\/www.youtube.com\/embed\/Fhogy_M1KXU?feature=oembed\" frameborder=\"0\" allow=\"accelerometer; autoplay; clipboard-write; encrypted-media; gyroscope; picture-in-picture; web-share\" referrerpolicy=\"strict-origin-when-cross-origin\" allowfullscreen><\/iframe><\/div> <h2>Por que nos escolher?<\/h2> <ol> <li>Nossas m\u00e1quinas de reciclagem de espuma possuem especifica\u00e7\u00f5es completas para atender \u00e0s suas diferentes necessidades. Eles s\u00e3o adequados para todos os tipos de produ\u00e7\u00e3o de reciclagem de espuma em larga, m\u00e9dia e pequena escala.<\/li> <li>Ampla gama de aplica\u00e7\u00f5es: v\u00e1rias formas de EPS, EPP, EPE, XPS e outras mat\u00e9rias-primas de espuma podem ser recicladas.<\/li> <li>Alto desempenho, capacidade de 150-300kg\/h, alta efici\u00eancia. Tamb\u00e9m podemos fornecer m\u00e1quinas personalizadas se voc\u00ea tiver necessidades especiais.<\/li> <li>Economia de energia e prote\u00e7\u00e3o ambiental: Equipado com dispositivo de remo\u00e7\u00e3o de poeira, motor de alta efici\u00eancia, etc., que pode reduzir o consumo de energia e atender aos requisitos de prote\u00e7\u00e3o ambiental.<\/li> <li>F\u00e1cil Manuten\u00e7\u00e3o: O design humanizado da m\u00e1quina de reciclagem de espuma \u00e9 f\u00e1cil de operar e manter. Enquanto isso, oferecemos servi\u00e7o p\u00f3s-venda completo e podemos fornecer suporte t\u00e9cnico.<\/li> <li>Alta qualidade dos produtos acabados: as part\u00edculas de espuma reciclada s\u00e3o uniformes e redondas, com boas propriedades f\u00edsicas e alta pureza, podendo ser utilizadas diretamente na produ\u00e7\u00e3o e processamento industrial.<\/li> <\/ol> <figure id=\"attachment_16963\" aria-describedby=\"caption-attachment-16963\" style=\"width: 720px\" class=\"wp-caption aligncenter\"><img fetchpriority=\"high\" decoding=\"async\" class=\"size-full wp-image-16963\" src=\"https:\/\/recyclingequipinc.com\/wp-content\/uploads\/2025\/01\/styrofoam-recycling-machines-1.webp\" alt=\"m\u00e1quinas de reciclagem de isopor\" width=\"720\" height=\"540\" srcset=\"https:\/\/recyclingequipinc.com\/wp-content\/uploads\/2025\/01\/styrofoam-recycling-machines-1.webp 720w, https:\/\/recyclingequipinc.com\/wp-content\/uploads\/2025\/01\/styrofoam-recycling-machines-1-300x225.webp 300w, https:\/\/recyclingequipinc.com\/wp-content\/uploads\/2025\/01\/styrofoam-recycling-machines-1-16x12.webp 16w\" sizes=\"(max-width: 720px) 100vw, 720px\" \/><figcaption id=\"caption-attachment-16963\" class=\"wp-caption-text\">m\u00e1quinas de reciclagem de isopor<\/figcaption><\/figure> <h2>Aplica\u00e7\u00f5es das m\u00e1quinas de reciclagem de isopor<\/h2> <p>M\u00e1quinas de reciclagem de isopor s\u00e3o comumente usadas para processar res\u00edduos de espuma de embalagens, constru\u00e7\u00e3o, m\u00f3veis, automotivo, agricultura e muitas outras ind\u00fastrias, como lancheiras de espuma, embalagens de espuma de correio, colch\u00f5es, estofamento de assentos de carro, pain\u00e9is de isolamento de constru\u00e7\u00e3o, filme de prote\u00e7\u00e3o de frutas, etc.<\/p> <p>A linha de reciclagem de espuma EPS converte grandes peda\u00e7os de espuma descartada em pellets reciclados finos atrav\u00e9s dos processos de tritura\u00e7\u00e3o, compacta\u00e7\u00e3o e granula\u00e7\u00e3o. Quer se trate de reciclagem p\u00f3s-consumo ou reciclagem industrial interna de EPS, nossas m\u00e1quinas de reciclagem de isopor podem atender \u00e0s suas necessidades de produ\u00e7\u00e3o e os pellets de pl\u00e1stico acabados atender\u00e3o a altos padr\u00f5es.<\/p> <figure id=\"attachment_17033\" aria-describedby=\"caption-attachment-17033\" style=\"width: 300px\" class=\"wp-caption alignleft\"><img decoding=\"async\" class=\"wp-image-17033 size-medium\" src=\"https:\/\/recyclingequipinc.com\/wp-content\/uploads\/2025\/01\/screenshot_2024-12-16_09-59-43-300x225.png\" alt=\"espumas residuais\" width=\"300\" height=\"225\" srcset=\"https:\/\/recyclingequipinc.com\/wp-content\/uploads\/2025\/01\/screenshot_2024-12-16_09-59-43-300x225.png 300w, https:\/\/recyclingequipinc.com\/wp-content\/uploads\/2025\/01\/screenshot_2024-12-16_09-59-43-16x12.png 16w, https:\/\/recyclingequipinc.com\/wp-content\/uploads\/2025\/01\/screenshot_2024-12-16_09-59-43.png 720w\" sizes=\"(max-width: 300px) 100vw, 300px\" \/><figcaption id=\"caption-attachment-17033\" class=\"wp-caption-text\">espumas residuais<\/figcaption><\/figure> <figure id=\"attachment_17034\" aria-describedby=\"caption-attachment-17034\" style=\"width: 300px\" class=\"wp-caption alignleft\"><img decoding=\"async\" class=\"wp-image-17034 size-medium\" src=\"https:\/\/recyclingequipinc.com\/wp-content\/uploads\/2025\/01\/screenshot_2024-12-16_10-01-53-300x225.png\" alt=\"placa de isopor\" width=\"300\" height=\"225\" srcset=\"https:\/\/recyclingequipinc.com\/wp-content\/uploads\/2025\/01\/screenshot_2024-12-16_10-01-53-300x225.png 300w, https:\/\/recyclingequipinc.com\/wp-content\/uploads\/2025\/01\/screenshot_2024-12-16_10-01-53-16x12.png 16w, https:\/\/recyclingequipinc.com\/wp-content\/uploads\/2025\/01\/screenshot_2024-12-16_10-01-53.png 720w\" sizes=\"(max-width: 300px) 100vw, 300px\" \/><figcaption id=\"caption-attachment-17034\" class=\"wp-caption-text\">placa de isopor<\/figcaption><\/figure> <figure id=\"attachment_17035\" aria-describedby=\"caption-attachment-17035\" style=\"width: 300px\" class=\"wp-caption alignleft\"><img loading=\"lazy\" decoding=\"async\" class=\"wp-image-17035 size-medium\" src=\"https:\/\/recyclingequipinc.com\/wp-content\/uploads\/2025\/01\/screenshot_2024-12-16_10-03-40-300x225.png\" alt=\"recheios de sof\u00e1 eps\" width=\"300\" height=\"225\" srcset=\"https:\/\/recyclingequipinc.com\/wp-content\/uploads\/2025\/01\/screenshot_2024-12-16_10-03-40-300x225.png 300w, https:\/\/recyclingequipinc.com\/wp-content\/uploads\/2025\/01\/screenshot_2024-12-16_10-03-40-16x12.png 16w, https:\/\/recyclingequipinc.com\/wp-content\/uploads\/2025\/01\/screenshot_2024-12-16_10-03-40.png 720w\" sizes=\"(max-width: 300px) 100vw, 300px\" \/><figcaption id=\"caption-attachment-17035\" class=\"wp-caption-text\">recheios de sof\u00e1 eps<\/figcaption><\/figure> <p>&nbsp;<\/p> <p>&nbsp;<\/p> <p>&nbsp;<\/p> <p>&nbsp;<\/p> <p>&nbsp;<\/p> <p>&nbsp;<\/p> <p>&nbsp;<\/p> <figure id=\"attachment_17036\" aria-describedby=\"caption-attachment-17036\" style=\"width: 300px\" class=\"wp-caption alignleft\"><img loading=\"lazy\" decoding=\"async\" class=\"wp-image-17036 size-medium\" src=\"https:\/\/recyclingequipinc.com\/wp-content\/uploads\/2025\/01\/screenshot_2024-12-16_09-56-51-300x225.png\" alt=\"gr\u00e2nulos reciclados\" width=\"300\" height=\"225\" srcset=\"https:\/\/recyclingequipinc.com\/wp-content\/uploads\/2025\/01\/screenshot_2024-12-16_09-56-51-300x225.png 300w, https:\/\/recyclingequipinc.com\/wp-content\/uploads\/2025\/01\/screenshot_2024-12-16_09-56-51-16x12.png 16w, https:\/\/recyclingequipinc.com\/wp-content\/uploads\/2025\/01\/screenshot_2024-12-16_09-56-51.png 720w\" sizes=\"(max-width: 300px) 100vw, 300px\" \/><figcaption id=\"caption-attachment-17036\" class=\"wp-caption-text\">gr\u00e2nulos reciclados<\/figcaption><\/figure> <figure id=\"attachment_17037\" aria-describedby=\"caption-attachment-17037\" style=\"width: 300px\" class=\"wp-caption alignleft\"><img loading=\"lazy\" decoding=\"async\" class=\"wp-image-17037 size-medium\" src=\"https:\/\/recyclingequipinc.com\/wp-content\/uploads\/2025\/01\/screenshot_2024-12-16_09-58-14-300x225.png\" alt=\"pelotas de isopor\" width=\"300\" height=\"225\" srcset=\"https:\/\/recyclingequipinc.com\/wp-content\/uploads\/2025\/01\/screenshot_2024-12-16_09-58-14-300x225.png 300w, https:\/\/recyclingequipinc.com\/wp-content\/uploads\/2025\/01\/screenshot_2024-12-16_09-58-14-16x12.png 16w, https:\/\/recyclingequipinc.com\/wp-content\/uploads\/2025\/01\/screenshot_2024-12-16_09-58-14.png 720w\" sizes=\"(max-width: 300px) 100vw, 300px\" \/><figcaption id=\"caption-attachment-17037\" class=\"wp-caption-text\">pelotas de isopor<\/figcaption><\/figure> <h2>Como funciona a reciclagem de espuma de polietileno expandido?<\/h2> <h3>1. Esmagamento<\/h3> <p>A espuma pl\u00e1stica \u00e9 grande, de densidade leve, f\u00e1cil de quebrar e dif\u00edcil de transportar, armazenar e processar. Portanto, use a trituradora de espuma para triturar as mat\u00e9rias-primas coletadas para pr\u00e9-tratamento e obter blocos menores de isopor.<\/p> <p class=\"translation-block\">Shuliy<a href=\"https:\/\/recyclingequipinc.com\/pt\/produto\/styrofoam-shredder\/\"> triturador de poliestireno<\/a> \u00e9 feito de a\u00e7o inoxid\u00e1vel de alta qualidade, dur\u00e1vel e resistente \u00e0 corros\u00e3o, e possui uma grande capacidade e alta produ\u00e7\u00e3o.<\/p> <ul> <li>Capacidade: 250-500kg\/h<\/li> <li>Pot\u00eancia: 5,5-11KW<\/li> <li>Material: a\u00e7o inoxid\u00e1vel de alta qualidade<\/li> <li>Produtos Finais: Peda\u00e7os de espuma menores e uniformes<\/li> <\/ul> <figure id=\"attachment_16956\" aria-describedby=\"caption-attachment-16956\" style=\"width: 720px\" class=\"wp-caption aligncenter\"><img loading=\"lazy\" decoding=\"async\" class=\"wp-image-16956 size-full\" src=\"https:\/\/recyclingequipinc.com\/wp-content\/uploads\/2025\/01\/EPS-shredding-machine.webp\" alt=\"M\u00e1quina trituradora EPS\" width=\"720\" height=\"540\" srcset=\"https:\/\/recyclingequipinc.com\/wp-content\/uploads\/2025\/01\/EPS-shredding-machine.webp 720w, https:\/\/recyclingequipinc.com\/wp-content\/uploads\/2025\/01\/EPS-shredding-machine-300x225.webp 300w, https:\/\/recyclingequipinc.com\/wp-content\/uploads\/2025\/01\/EPS-shredding-machine-16x12.webp 16w\" sizes=\"(max-width: 720px) 100vw, 720px\" \/><figcaption id=\"caption-attachment-16956\" class=\"wp-caption-text\">M\u00e1quina trituradora EPS<\/figcaption><\/figure> <h3>2. Prensagem a frio<\/h3> <p>Se precisar reduzir ainda mais o volume da espuma, voc\u00ea pode usar o compactador de isopor para comprimir os blocos de espuma triturados em blocos de espuma densos por press\u00e3o mec\u00e2nica, o que facilita o transporte, armazenamento subsequente, etc.<\/p> <p class=\"translation-block\"><a href=\"https:\/\/recyclingequipinc.com\/pt\/produto\/eps-foam-densifier\/\">M\u00e1quinas de briquetagem de EPS<\/a> n\u00e3o requerem aquecimento, resultando em baixo consumo de energia; elas podem reduzir o volume de espumas pl\u00e1sticas em at\u00e9 40 vezes, resultando em compress\u00e3o eficiente; al\u00e9m disso, a prensagem a frio n\u00e3o altera as propriedades qu\u00edmicas do material, o que facilita o processamento subsequente.<\/p> <ul> <li>Capacidade: 150-250kg\/h<\/li> <li>Pot\u00eancia: 11-22KW<\/li> <li>Produtos finais: Blocos de compress\u00e3o de espuma de alta densidade<\/li> <\/ul> <figure id=\"attachment_16960\" aria-describedby=\"caption-attachment-16960\" style=\"width: 720px\" class=\"wp-caption aligncenter\"><img loading=\"lazy\" decoding=\"async\" class=\"size-full wp-image-16960\" src=\"https:\/\/recyclingequipinc.com\/wp-content\/uploads\/2025\/01\/styrofoam-compactor.webp\" alt=\"compactador de isopor\" width=\"720\" height=\"540\" srcset=\"https:\/\/recyclingequipinc.com\/wp-content\/uploads\/2025\/01\/styrofoam-compactor.webp 720w, https:\/\/recyclingequipinc.com\/wp-content\/uploads\/2025\/01\/styrofoam-compactor-300x225.webp 300w, https:\/\/recyclingequipinc.com\/wp-content\/uploads\/2025\/01\/styrofoam-compactor-16x12.webp 16w\" sizes=\"(max-width: 720px) 100vw, 720px\" \/><figcaption id=\"caption-attachment-16960\" class=\"wp-caption-text\">compactador de isopor<\/figcaption><\/figure> <h3>3. Fus\u00e3o a Quente<\/h3> <p>Se for necess\u00e1ria uma densidade mais alta ou um estado fundido do bloco de espuma, a m\u00e1quina de reciclagem de fus\u00e3o a quente EPS \u00e9 recomendada. O aparelho de fus\u00e3o de isopor aquece a espuma at\u00e9 um estado fundido em alta temperatura e depois a extrusa para formar um bloco de espuma de alta densidade e baixo volume. Al\u00e9m disso, o processo de fus\u00e3o e aquecimento pode filtrar impurezas e melhorar a pureza dos pl\u00e1sticos reciclados.<\/p> <p class=\"translation-block\"><a href=\"https:\/\/recyclingequipinc.com\/pt\/produto\/eps-epe-foam-hot-melting-machine\/\">Densificador de espuma<\/a> \u00e9 adequado para processamento de reciclagem profunda. \u00c9 f\u00e1cil de operar, economiza energia e \u00e9 ambientalmente amig\u00e1vel, podendo obter blocos de espuma de maior densidade de forma eficiente; equipado com um sistema de filtro de esc\u00f3ria para remover impurezas de forma eficaz.<\/p> <ul> <li>Capacidade: 100-250kg\/h<\/li> <li>Pot\u00eancia: 15-22KW<\/li> <li>Produtos finais: Lingotes de isopor de alta densidade e alta pureza<\/li> <\/ul> <figure id=\"attachment_16961\" aria-describedby=\"caption-attachment-16961\" style=\"width: 720px\" class=\"wp-caption aligncenter\"><img loading=\"lazy\" decoding=\"async\" class=\"size-full wp-image-16961\" src=\"https:\/\/recyclingequipinc.com\/wp-content\/uploads\/2025\/01\/styrofoam-densifier.webp\" alt=\"densificador de isopor\" width=\"720\" height=\"540\" srcset=\"https:\/\/recyclingequipinc.com\/wp-content\/uploads\/2025\/01\/styrofoam-densifier.webp 720w, https:\/\/recyclingequipinc.com\/wp-content\/uploads\/2025\/01\/styrofoam-densifier-300x225.webp 300w, https:\/\/recyclingequipinc.com\/wp-content\/uploads\/2025\/01\/styrofoam-densifier-16x12.webp 16w\" sizes=\"(max-width: 720px) 100vw, 720px\" \/><figcaption id=\"caption-attachment-16961\" class=\"wp-caption-text\">densificador de isopor<\/figcaption><\/figure> <p>4. Pelotiza\u00e7\u00e3o<\/p> <p class=\"translation-block\">Use uma <a href=\"https:\/\/recyclingequipinc.com\/pt\/produto\/eps-foam-pelletizing-machine\/\">m\u00e1quina de pelletiza\u00e7\u00e3o de EPS<\/a> ou uma m\u00e1quina de extrus\u00e3o de EPE para converter blocos de espuma processados em pellets reciclados uniformes atrav\u00e9s de derretimento, extrus\u00e3o, resfriamento e corte. As granula\u00e7\u00f5es pl\u00e1sticas recicladas podem, ent\u00e3o, ser usadas diretamente na fabrica\u00e7\u00e3o e processamento de novos produtos pl\u00e1sticos.<\/p> <p>A escolha de um granulador de isopor est\u00e1vel est\u00e1 relacionada \u00e0 qualidade dos pellets acabados. Nossos granuladores de espuma s\u00e3o est\u00e1veis \u200b\u200be resistentes a altas temperaturas e est\u00e3o equipados com um bom sistema de filtragem, o que pode reduzir o n\u00famero de substitui\u00e7\u00f5es de filtros e paradas de m\u00e1quinas. O alto grau de automa\u00e7\u00e3o, f\u00e1cil de operar.<\/p> <ul> <li>Capacidade: 150-375kg\/h<\/li> <li>Pot\u00eancia: 15-22KW<\/li> <li>Pe\u00e7as: extrusora de espuma, tanque de resfriamento, m\u00e1quina de corte de pl\u00e1stico dana<\/li> <li>Produtos Finais: Part\u00edculas de espuma de alta pureza, n\u00e3o poluentes, est\u00e1veis \u200b\u200be homog\u00eaneas<\/li> <\/ul> <figure id=\"attachment_16962\" aria-describedby=\"caption-attachment-16962\" style=\"width: 720px\" class=\"wp-caption aligncenter\"><img loading=\"lazy\" decoding=\"async\" class=\"size-full wp-image-16962\" src=\"https:\/\/recyclingequipinc.com\/wp-content\/uploads\/2025\/01\/foam-granulator.webp\" alt=\"granulador de espuma\" width=\"720\" height=\"540\" srcset=\"https:\/\/recyclingequipinc.com\/wp-content\/uploads\/2025\/01\/foam-granulator.webp 720w, https:\/\/recyclingequipinc.com\/wp-content\/uploads\/2025\/01\/foam-granulator-300x225.webp 300w, https:\/\/recyclingequipinc.com\/wp-content\/uploads\/2025\/01\/foam-granulator-16x12.webp 16w\" sizes=\"(max-width: 720px) 100vw, 720px\" \/><figcaption id=\"caption-attachment-16962\" class=\"wp-caption-text\">granulador de espuma<\/figcaption><\/figure> <h2>Conclus\u00e3o<\/h2> <p>A convers\u00e3o de res\u00edduos de espuma em pellets reciclados requer tritura\u00e7\u00e3o, compress\u00e3o, granula\u00e7\u00e3o, etc. Shuliy, como equipe profissional, tem se dedicado a criar a solu\u00e7\u00e3o certa de reciclagem de isopor para nossos clientes. Se voc\u00ea tiver alguma d\u00favida, entre em contato conosco, seja bem-vindo!<\/p> <p>&nbsp;<\/p>","protected":false},"excerpt":{"rendered":"<p>As m\u00e1quinas de reciclagem de isopor incluem triturador de espuma EPS, compactador de isopor, peletizador EPS, etc. Ela converte o isopor residual em pellets reciclados de alta qualidade com boa qualidade, alto rendimento e alta efici\u00eancia.<\/p>","protected":false},"featured_media":16963,"template":"","meta":{"site-sidebar-layout":"default","site-content-layout":"","ast-site-content-layout":"default","site-content-style":"default","site-sidebar-style":"default","ast-global-header-display":"","ast-banner-title-visibility":"","ast-main-header-display":"","ast-hfb-above-header-display":"","ast-hfb-below-header-display":"","ast-hfb-mobile-header-display":"","site-post-title":"","ast-breadcrumbs-content":"","ast-featured-img":"","footer-sml-layout":"","ast-disable-related-posts":"","theme-transparent-header-meta":"default","adv-header-id-meta":"","stick-header-meta":"","header-above-stick-meta":"","header-main-stick-meta":"","header-below-stick-meta":"","astra-migrate-meta-layouts":"set","ast-page-background-enabled":"default","ast-page-background-meta":{"desktop":{"background-color":"","background-image":"","background-repeat":"repeat","background-position":"center center","background-size":"auto","background-attachment":"scroll","background-type":"","background-media":"","overlay-type":"","overlay-color":"","overlay-opacity":"","overlay-gradient":""},"tablet":{"background-color":"","background-image":"","background-repeat":"repeat","background-position":"center center","background-size":"auto","background-attachment":"scroll","background-type":"","background-media":"","overlay-type":"","overlay-color":"","overlay-opacity":"","overlay-gradient":""},"mobile":{"background-color":"","background-image":"","background-repeat":"repeat","background-position":"center center","background-size":"auto","background-attachment":"scroll","background-type":"","background-media":"","overlay-type":"","overlay-color":"","overlay-opacity":"","overlay-gradient":""}},"ast-content-background-meta":{"desktop":{"background-color":"var(--ast-global-color-5)","background-image":"","background-repeat":"repeat","background-position":"center center","background-size":"auto","background-attachment":"scroll","background-type":"","background-media":"","overlay-type":"","overlay-color":"","overlay-opacity":"","overlay-gradient":""},"tablet":{"background-color":"var(--ast-global-color-5)","background-image":"","background-repeat":"repeat","background-position":"center center","background-size":"auto","background-attachment":"scroll","background-type":"","background-media":"","overlay-type":"","overlay-color":"","overlay-opacity":"","overlay-gradient":""},"mobile":{"background-color":"var(--ast-global-color-5)","background-image":"","background-repeat":"repeat","background-position":"center center","background-size":"auto","background-attachment":"scroll","background-type":"","background-media":"","overlay-type":"","overlay-color":"","overlay-opacity":"","overlay-gradient":""}}},"product_brand":[],"product_cat":[130],"product_tag":[80],"class_list":{"0":"post-16952","1":"product","2":"type-product","3":"status-publish","4":"has-post-thumbnail","6":"product_cat-solution","7":"product_tag-foam","8":"desktop-align-center","9":"tablet-align-center","10":"mobile-align-center","12":"first","13":"instock","14":"shipping-taxable","15":"product-type-simple"},"_links":{"self":[{"href":"https:\/\/recyclingequipinc.com\/pt\/wp-json\/wp\/v2\/product\/16952","targetHints":{"allow":["GET"]}}],"collection":[{"href":"https:\/\/recyclingequipinc.com\/pt\/wp-json\/wp\/v2\/product"}],"about":[{"href":"https:\/\/recyclingequipinc.com\/pt\/wp-json\/wp\/v2\/types\/product"}],"version-history":[{"count":0,"href":"https:\/\/recyclingequipinc.com\/pt\/wp-json\/wp\/v2\/product\/16952\/revisions"}],"wp:featuredmedia":[{"embeddable":true,"href":"https:\/\/recyclingequipinc.com\/pt\/wp-json\/wp\/v2\/media\/16963"}],"wp:attachment":[{"href":"https:\/\/recyclingequipinc.com\/pt\/wp-json\/wp\/v2\/media?parent=16952"}],"wp:term":[{"taxonomy":"product_brand","embeddable":true,"href":"https:\/\/recyclingequipinc.com\/pt\/wp-json\/wp\/v2\/product_brand?post=16952"},{"taxonomy":"product_cat","embeddable":true,"href":"https:\/\/recyclingequipinc.com\/pt\/wp-json\/wp\/v2\/product_cat?post=16952"},{"taxonomy":"product_tag","embeddable":true,"href":"https:\/\/recyclingequipinc.com\/pt\/wp-json\/wp\/v2\/product_tag?post=16952"}],"curies":[{"name":"wp","href":"https:\/\/api.w.org\/{rel}","templated":true}]}}