{"id":16917,"date":"2025-01-09T16:29:47","date_gmt":"2025-01-09T08:29:47","guid":{"rendered":"https:\/\/recyclingequipinc.com\/?post_type=product&#038;p=16917"},"modified":"2025-01-20T10:04:56","modified_gmt":"2025-01-20T02:04:56","slug":"styrofoam-shredder","status":"publish","type":"product","link":"https:\/\/recyclingequipinc.com\/pt\/product\/styrofoam-shredder\/","title":{"rendered":"Triturador de isopor | M\u00e1quina trituradora de espuma de poliestireno"},"content":{"rendered":"<p>As m\u00e1quinas trituradoras de isopor, tamb\u00e9m conhecidas como m\u00e1quinas trituradoras de poliestireno, podem triturar com efici\u00eancia EPS, EPE, EPP e outras mat\u00e9rias-primas de espuma. Tem capacidade de 250-500kg\/h e pode ser customizado para atender todas as escalas de f\u00e1bricas de reciclagem de isopor. Se voc\u00ea deseja reciclagem de EPS p\u00f3s-consumo ou na f\u00e1brica, leia este artigo para descobrir o que nossa m\u00e1quina trituradora de espuma pode fazer por voc\u00ea!<\/p> <div class=\"ast-oembed-container\" style=\"height: 100%;\"><iframe title=\"Triturador de isopor poderoso: v\u00e1rios testes antes do envio\" width=\"500\" height=\"281\" src=\"https:\/\/www.youtube.com\/embed\/H_jnIKjkSqk?feature=oembed\" frameborder=\"0\" allow=\"accelerometer; autoplay; clipboard-write; encrypted-media; gyroscope; picture-in-picture; web-share\" referrerpolicy=\"strict-origin-when-cross-origin\" allowfullscreen><\/iframe><\/div> <h2>Como nosso triturador de isopor pode benefici\u00e1-lo?<\/h2> <h3>Principais recursos do triturador de espuma EPS<\/h3> <ol> <li><strong>Ampla aplica\u00e7\u00e3o:<\/strong> Nossa m\u00e1quina trituradora de EPS pode ser amplamente utilizada em esta\u00e7\u00f5es de reciclagem de isopor, f\u00e1bricas de reciclagem ou processamento de EPS, ind\u00fastria de embalagens, canteiros de obras e outros cen\u00e1rios para ajudar a lidar com uma variedade de mat\u00e9rias-primas de espuma e facilitar o transporte e processamento de espumas pl\u00e1sticas.<\/li> <li><strong>Alta efici\u00eancia:<\/strong> A capacidade dos britadores de espuma varia de 250 a 500kg\/h, e h\u00e1 uma variedade de modelos para escolher, permitindo uma britagem r\u00e1pida e eficiente.<\/li> <li><strong>Opera\u00e7\u00e3o f\u00e1cil:<\/strong> A entrada de alimenta\u00e7\u00e3o \u00e9 projetada horizontalmente, nivelada com o solo, o que facilita a alimenta\u00e7\u00e3o dos materiais pela equipe sem esfor\u00e7o. Os blocos de espuma triturados s\u00e3o ent\u00e3o transferidos para a tremonha. Todo o processo \u00e9 altamente automatizado.<\/li> <li><strong>Alta qualidade de produtos acabados:<\/strong> A forma e o tamanho dos blocos EPS\/EPE triturados s\u00e3o uniformes e a superf\u00edcie est\u00e1 completa sem poeira. Nenhum metal e outras impurezas misturadas, adequado para subsequente fus\u00e3o a quente, pelotiza\u00e7\u00e3o e outras etapas.<\/li> <li><strong>Economia de energia e prote\u00e7\u00e3o ambiental:<\/strong> A m\u00e1quina trituradora de isopor adota um design de redu\u00e7\u00e3o de ru\u00eddo e amortecimento de vibra\u00e7\u00e3o, e a tubula\u00e7\u00e3o conecta cada dispositivo para evitar poluir a qualidade do ar. Entretanto, est\u00e1 equipado com um motor de alta efici\u00eancia e l\u00e2minas afiadas para evitar o consumo ineficaz de energia e reduzir o desperd\u00edcio de energia.<\/li> <\/ol> <figure id=\"attachment_16935\" aria-describedby=\"caption-attachment-16935\" style=\"width: 720px\" class=\"wp-caption aligncenter\"><img fetchpriority=\"high\" decoding=\"async\" class=\"wp-image-16935 size-full\" src=\"https:\/\/recyclingequipinc.com\/wp-content\/uploads\/2025\/01\/Horizontal-foam-crushers1.webp\" alt=\"Triturador de espuma horizontal\" width=\"720\" height=\"540\" srcset=\"https:\/\/recyclingequipinc.com\/wp-content\/uploads\/2025\/01\/Horizontal-foam-crushers1.webp 720w, https:\/\/recyclingequipinc.com\/wp-content\/uploads\/2025\/01\/Horizontal-foam-crushers1-300x225.webp 300w, https:\/\/recyclingequipinc.com\/wp-content\/uploads\/2025\/01\/Horizontal-foam-crushers1-16x12.webp 16w\" sizes=\"(max-width: 720px) 100vw, 720px\" \/><figcaption id=\"caption-attachment-16935\" class=\"wp-caption-text\">Triturador de espuma horizontal<\/figcaption><\/figure> <h3>Que valor voc\u00ea pode obter\uff1f<\/h3> <ol> <li>Pode ser usado com um <a href=\"https:\/\/recyclingequipinc.com\/pt\/produto\/eps-epe-foam-hot-melting-machine\/\">m\u00e1quina de derreter isopor<\/a> derreter e comprimir o poliestireno expandido para obter lingotes de espuma de alta densidade.<\/li> <li>Esmagamento de espumas pl\u00e1sticas em peda\u00e7os uniformes para melhorar a efici\u00eancia da pelotiza\u00e7\u00e3o de EPS\/EPE.<\/li> <li>Reduz a quantidade de espuma que vai diretamente para aterro ou incinera\u00e7\u00e3o, o que \u00e9 ecologicamente correto.<\/li> <\/ol> <figure id=\"attachment_16938\" aria-describedby=\"caption-attachment-16938\" style=\"width: 300px\" class=\"wp-caption alignleft\"><img decoding=\"async\" class=\"wp-image-16938 size-medium\" src=\"https:\/\/recyclingequipinc.com\/wp-content\/uploads\/2025\/01\/styrofoam-shredder-machine-300x225.webp\" alt=\"\u2460m\u00e1quina trituradora de isopor\" width=\"300\" height=\"225\" srcset=\"https:\/\/recyclingequipinc.com\/wp-content\/uploads\/2025\/01\/styrofoam-shredder-machine-300x225.webp 300w, https:\/\/recyclingequipinc.com\/wp-content\/uploads\/2025\/01\/styrofoam-shredder-machine-16x12.webp 16w, https:\/\/recyclingequipinc.com\/wp-content\/uploads\/2025\/01\/styrofoam-shredder-machine.webp 720w\" sizes=\"(max-width: 300px) 100vw, 300px\" \/><figcaption id=\"caption-attachment-16938\" class=\"wp-caption-text\">m\u00e1quina trituradora de isopor<\/figcaption><\/figure> <figure id=\"attachment_16937\" aria-describedby=\"caption-attachment-16937\" style=\"width: 300px\" class=\"wp-caption alignleft\"><img decoding=\"async\" class=\"wp-image-16937 size-medium\" src=\"https:\/\/recyclingequipinc.com\/wp-content\/uploads\/2025\/01\/EPS-recycling-crushing-300x225.webp\" alt=\"\u2461EPS reciclagem de esmagamento\" width=\"300\" height=\"225\" srcset=\"https:\/\/recyclingequipinc.com\/wp-content\/uploads\/2025\/01\/EPS-recycling-crushing-300x225.webp 300w, https:\/\/recyclingequipinc.com\/wp-content\/uploads\/2025\/01\/EPS-recycling-crushing-16x12.webp 16w, https:\/\/recyclingequipinc.com\/wp-content\/uploads\/2025\/01\/EPS-recycling-crushing.webp 720w\" sizes=\"(max-width: 300px) 100vw, 300px\" \/><figcaption id=\"caption-attachment-16937\" class=\"wp-caption-text\">Tritura\u00e7\u00e3o de reciclagem de EPS<\/figcaption><\/figure> <figure id=\"attachment_16936\" aria-describedby=\"caption-attachment-16936\" style=\"width: 300px\" class=\"wp-caption alignleft\"><img loading=\"lazy\" decoding=\"async\" class=\"wp-image-16936 size-medium\" src=\"https:\/\/recyclingequipinc.com\/wp-content\/uploads\/2025\/01\/crushed-plastic-foam-300x225.webp\" alt=\"\u2462espuma pl\u00e1stica triturada\" width=\"300\" height=\"225\" srcset=\"https:\/\/recyclingequipinc.com\/wp-content\/uploads\/2025\/01\/crushed-plastic-foam-300x225.webp 300w, https:\/\/recyclingequipinc.com\/wp-content\/uploads\/2025\/01\/crushed-plastic-foam-16x12.webp 16w, https:\/\/recyclingequipinc.com\/wp-content\/uploads\/2025\/01\/crushed-plastic-foam.webp 720w\" sizes=\"(max-width: 300px) 100vw, 300px\" \/><figcaption id=\"caption-attachment-16936\" class=\"wp-caption-text\">espuma pl\u00e1stica esmagada<\/figcaption><\/figure> <p>&nbsp;<\/p> <p>&nbsp;<\/p> <p>&nbsp;<\/p> <p>&nbsp;<\/p> <p>&nbsp;<\/p> <p>&nbsp;<\/p> <p>&nbsp;<\/p> <figure id=\"attachment_16939\" aria-describedby=\"caption-attachment-16939\" style=\"width: 300px\" class=\"wp-caption alignleft\"><img loading=\"lazy\" decoding=\"async\" class=\"wp-image-16939 size-medium\" src=\"https:\/\/recyclingequipinc.com\/wp-content\/uploads\/2025\/01\/\u2460styrofoam-melter-300x225.webp\" alt=\"\u2460 derretedor de isopor\" width=\"300\" height=\"225\" srcset=\"https:\/\/recyclingequipinc.com\/wp-content\/uploads\/2025\/01\/\u2460styrofoam-melter-300x225.webp 300w, https:\/\/recyclingequipinc.com\/wp-content\/uploads\/2025\/01\/\u2460styrofoam-melter-16x12.webp 16w, https:\/\/recyclingequipinc.com\/wp-content\/uploads\/2025\/01\/\u2460styrofoam-melter.webp 720w\" sizes=\"(max-width: 300px) 100vw, 300px\" \/><figcaption id=\"caption-attachment-16939\" class=\"wp-caption-text\">\u2460 derretedor de isopor<\/figcaption><\/figure> <figure id=\"attachment_16940\" aria-describedby=\"caption-attachment-16940\" style=\"width: 300px\" class=\"wp-caption alignleft\"><img loading=\"lazy\" decoding=\"async\" class=\"wp-image-16940 size-medium\" src=\"https:\/\/recyclingequipinc.com\/wp-content\/uploads\/2025\/01\/\u2461foam-extruding-300x225.webp\" alt=\"\u2461extrus\u00e3o de espuma\" width=\"300\" height=\"225\" srcset=\"https:\/\/recyclingequipinc.com\/wp-content\/uploads\/2025\/01\/\u2461foam-extruding-300x225.webp 300w, https:\/\/recyclingequipinc.com\/wp-content\/uploads\/2025\/01\/\u2461foam-extruding-16x12.webp 16w, https:\/\/recyclingequipinc.com\/wp-content\/uploads\/2025\/01\/\u2461foam-extruding.webp 720w\" sizes=\"(max-width: 300px) 100vw, 300px\" \/><figcaption id=\"caption-attachment-16940\" class=\"wp-caption-text\">\u2461extrus\u00e3o de espuma<\/figcaption><\/figure> <figure id=\"attachment_16941\" aria-describedby=\"caption-attachment-16941\" style=\"width: 300px\" class=\"wp-caption alignleft\"><img loading=\"lazy\" decoding=\"async\" class=\"wp-image-16941 size-medium\" src=\"https:\/\/recyclingequipinc.com\/wp-content\/uploads\/2025\/01\/\u2462dense-styrofoam-ingots-300x225.webp\" alt=\"\u2462Lingotes de isopor densos\" width=\"300\" height=\"225\" srcset=\"https:\/\/recyclingequipinc.com\/wp-content\/uploads\/2025\/01\/\u2462dense-styrofoam-ingots-300x225.webp 300w, https:\/\/recyclingequipinc.com\/wp-content\/uploads\/2025\/01\/\u2462dense-styrofoam-ingots-16x12.webp 16w, https:\/\/recyclingequipinc.com\/wp-content\/uploads\/2025\/01\/\u2462dense-styrofoam-ingots.webp 720w\" sizes=\"(max-width: 300px) 100vw, 300px\" \/><figcaption id=\"caption-attachment-16941\" class=\"wp-caption-text\">\u2462Lingotes de isopor densos<\/figcaption><\/figure> <p>&nbsp;<\/p> <p>&nbsp;<\/p> <p>&nbsp;<\/p> <div class=\"mceTemp\"><\/div> <h2>Mat\u00e9rias-primas e produtos finais da m\u00e1quina trituradora de isopor<\/h2> <h3>Mat\u00e9rias-primas:<\/h3> <p>Triturador de poliestireno EFICIENTE \u00e9 comumente usado para processar EPS, EPE e outros materiais de espuma, comumente incluindo caixas de isopor, folhas de espuma de embalagem, isolamento de poliestireno, lancheiras EPS, placas de isolamento de edif\u00edcios XPS, tapetes de ioga, enchimento de sof\u00e1s, etc. pode ser usada em plantas de reciclagem de espuma de todos os tamanhos e \u00e9 a primeira m\u00e1quina em uma linha de reciclagem de poliestireno.<\/p> <figure id=\"attachment_16943\" aria-describedby=\"caption-attachment-16943\" style=\"width: 300px\" class=\"wp-caption alignleft\"><img loading=\"lazy\" decoding=\"async\" class=\"wp-image-16943 size-medium\" src=\"https:\/\/recyclingequipinc.com\/wp-content\/uploads\/2025\/01\/eps-board-300x225.webp\" alt=\"Placa XPS\" width=\"300\" height=\"225\" srcset=\"https:\/\/recyclingequipinc.com\/wp-content\/uploads\/2025\/01\/eps-board-300x225.webp 300w, https:\/\/recyclingequipinc.com\/wp-content\/uploads\/2025\/01\/eps-board-16x12.webp 16w, https:\/\/recyclingequipinc.com\/wp-content\/uploads\/2025\/01\/eps-board.webp 720w\" sizes=\"(max-width: 300px) 100vw, 300px\" \/><figcaption id=\"caption-attachment-16943\" class=\"wp-caption-text\">Placa XPS<\/figcaption><\/figure> <figure id=\"attachment_16944\" aria-describedby=\"caption-attachment-16944\" style=\"width: 300px\" class=\"wp-caption alignleft\"><img loading=\"lazy\" decoding=\"async\" class=\"wp-image-16944 size-medium\" src=\"https:\/\/recyclingequipinc.com\/wp-content\/uploads\/2025\/01\/fruit-packaging-foam-300x225.webp\" alt=\"espuma para embalagem de frutas\" width=\"300\" height=\"225\" srcset=\"https:\/\/recyclingequipinc.com\/wp-content\/uploads\/2025\/01\/fruit-packaging-foam-300x225.webp 300w, https:\/\/recyclingequipinc.com\/wp-content\/uploads\/2025\/01\/fruit-packaging-foam-16x12.webp 16w, https:\/\/recyclingequipinc.com\/wp-content\/uploads\/2025\/01\/fruit-packaging-foam.webp 720w\" sizes=\"(max-width: 300px) 100vw, 300px\" \/><figcaption id=\"caption-attachment-16944\" class=\"wp-caption-text\">espuma para embalagem de frutas<\/figcaption><\/figure> <figure id=\"attachment_16945\" aria-describedby=\"caption-attachment-16945\" style=\"width: 300px\" class=\"wp-caption alignleft\"><img loading=\"lazy\" decoding=\"async\" class=\"wp-image-16945 size-medium\" src=\"https:\/\/recyclingequipinc.com\/wp-content\/uploads\/2025\/01\/styrofoam-boxes-300x225.webp\" alt=\"caixas de isopor\" width=\"300\" height=\"225\" srcset=\"https:\/\/recyclingequipinc.com\/wp-content\/uploads\/2025\/01\/styrofoam-boxes-300x225.webp 300w, https:\/\/recyclingequipinc.com\/wp-content\/uploads\/2025\/01\/styrofoam-boxes-16x12.webp 16w, https:\/\/recyclingequipinc.com\/wp-content\/uploads\/2025\/01\/styrofoam-boxes.webp 720w\" sizes=\"(max-width: 300px) 100vw, 300px\" \/><figcaption id=\"caption-attachment-16945\" class=\"wp-caption-text\">caixas de isopor<\/figcaption><\/figure> <p>&nbsp;<\/p> <p>&nbsp;<\/p> <p>&nbsp;<\/p> <p>&nbsp;<\/p> <p>&nbsp;<\/p> <p>&nbsp;<\/p> <p>&nbsp;<\/p> <figure id=\"attachment_16942\" aria-describedby=\"caption-attachment-16942\" style=\"width: 300px\" class=\"wp-caption alignleft\"><img loading=\"lazy\" decoding=\"async\" class=\"wp-image-16942 size-medium\" src=\"https:\/\/recyclingequipinc.com\/wp-content\/uploads\/2025\/01\/epe-materials-300x225.webp\" alt=\"materiais epe\" width=\"300\" height=\"225\" srcset=\"https:\/\/recyclingequipinc.com\/wp-content\/uploads\/2025\/01\/epe-materials-300x225.webp 300w, https:\/\/recyclingequipinc.com\/wp-content\/uploads\/2025\/01\/epe-materials-16x12.webp 16w, https:\/\/recyclingequipinc.com\/wp-content\/uploads\/2025\/01\/epe-materials.webp 720w\" sizes=\"(max-width: 300px) 100vw, 300px\" \/><figcaption id=\"caption-attachment-16942\" class=\"wp-caption-text\">materiais epe<\/figcaption><\/figure> <figure id=\"attachment_16946\" aria-describedby=\"caption-attachment-16946\" style=\"width: 300px\" class=\"wp-caption alignleft\"><img loading=\"lazy\" decoding=\"async\" class=\"wp-image-16946 size-medium\" src=\"https:\/\/recyclingequipinc.com\/wp-content\/uploads\/2025\/01\/Yoga-mat--300x225.webp\" alt=\"Tapete de ioga\" width=\"300\" height=\"225\" srcset=\"https:\/\/recyclingequipinc.com\/wp-content\/uploads\/2025\/01\/Yoga-mat--300x225.webp 300w, https:\/\/recyclingequipinc.com\/wp-content\/uploads\/2025\/01\/Yoga-mat--16x12.webp 16w, https:\/\/recyclingequipinc.com\/wp-content\/uploads\/2025\/01\/Yoga-mat-.webp 720w\" sizes=\"(max-width: 300px) 100vw, 300px\" \/><figcaption id=\"caption-attachment-16946\" class=\"wp-caption-text\">Tapete de ioga<\/figcaption><\/figure> <h3>Produtos Finais:<\/h3> <p>Os blocos de espuma EPS triturados geralmente apresentam-se na forma de fragmentos de espuma de tamanho uniforme, com o material intacto e n\u00e3o contaminado, e os volumes globais s\u00e3o reduzidos, o que facilita a reciclagem posterior.<\/p> <h2>Dados t\u00e9cnicos b\u00e1sicos do triturador de espuma<\/h2> <p>Aqui est\u00e3o os par\u00e2metros de alguns modelos importantes para refer\u00eancia. Oferecemos v\u00e1rios tipos e trituradores de isopor personalizados para atender \u00e0s suas necessidades de produ\u00e7\u00e3o. Envie-nos sua situa\u00e7\u00e3o de produ\u00e7\u00e3o e recomendaremos a m\u00e1quina trituradora de isopor mais adequada para voc\u00ea.<\/p> <ul> <li>TIPO: SL-800\/ SL-1000\/ SL-1200\/ SL-1500<\/li> <li>POT\u00caNCIA (kW): 5,5\/ 5,5\/ 7,5\/ 11<\/li> <li>CAPACIDADE (kg\/h): 250-300\/ 300-350\/ 400-450\/ 450-500<\/li> <li>TAMANHO DE ENTRADA (cm): 800*600\/ 1000*600\/ 1200*600\/ 1500*600<\/li> <\/ul> <figure id=\"attachment_16947\" aria-describedby=\"caption-attachment-16947\" style=\"width: 720px\" class=\"wp-caption aligncenter\"><img loading=\"lazy\" decoding=\"async\" class=\"size-full wp-image-16947\" src=\"https:\/\/recyclingequipinc.com\/wp-content\/uploads\/2025\/01\/foam-crusher1.webp\" alt=\"Triturador de espuma EPS\" width=\"720\" height=\"540\" srcset=\"https:\/\/recyclingequipinc.com\/wp-content\/uploads\/2025\/01\/foam-crusher1.webp 720w, https:\/\/recyclingequipinc.com\/wp-content\/uploads\/2025\/01\/foam-crusher1-300x225.webp 300w, https:\/\/recyclingequipinc.com\/wp-content\/uploads\/2025\/01\/foam-crusher1-16x12.webp 16w\" sizes=\"(max-width: 720px) 100vw, 720px\" \/><figcaption id=\"caption-attachment-16947\" class=\"wp-caption-text\">Triturador de espuma EPS<\/figcaption><\/figure> <h2>Como funciona o triturador de espuma EPS?<\/h2> <p>A m\u00e1quina trituradora de isopor consiste em uma entrada de alimenta\u00e7\u00e3o, uma c\u00e2mara de britagem, l\u00e2minas, telas e uma base.<\/p> <p>As espumas pl\u00e1sticas residuais entram na c\u00e2mara de tritura\u00e7\u00e3o atrav\u00e9s da entrada de alimenta\u00e7\u00e3o e as l\u00e2minas de a\u00e7o inoxid\u00e1vel de alta qualidade giram para triturar a espuma no tamanho predefinido. Em seguida, os peda\u00e7os de espuma EPS que atendem aos requisitos passam pela tela e s\u00e3o transferidos para a tremonha do aparelho de fus\u00e3o de isopor para o pr\u00f3ximo processo de reciclagem.<\/p> <figure id=\"attachment_16948\" aria-describedby=\"caption-attachment-16948\" style=\"width: 720px\" class=\"wp-caption aligncenter\"><img loading=\"lazy\" decoding=\"async\" class=\"size-full wp-image-16948\" src=\"https:\/\/recyclingequipinc.com\/wp-content\/uploads\/2025\/01\/styrofoam-recycling-machines.webp\" alt=\"m\u00e1quinas de reciclagem de isopor\" width=\"720\" height=\"540\" srcset=\"https:\/\/recyclingequipinc.com\/wp-content\/uploads\/2025\/01\/styrofoam-recycling-machines.webp 720w, https:\/\/recyclingequipinc.com\/wp-content\/uploads\/2025\/01\/styrofoam-recycling-machines-300x225.webp 300w, https:\/\/recyclingequipinc.com\/wp-content\/uploads\/2025\/01\/styrofoam-recycling-machines-16x12.webp 16w\" sizes=\"(max-width: 720px) 100vw, 720px\" \/><figcaption id=\"caption-attachment-16948\" class=\"wp-caption-text\">m\u00e1quinas de reciclagem de isopor<\/figcaption><\/figure> <h2>Nossos servi\u00e7os<\/h2> <ul> <li>Respondendo \u00e0s suas d\u00favidas sobre reciclagem, compartilhando cases de sucesso e recomendando o modelo mais adequado para o seu projeto;<\/li> <li>O prazo de entrega \u00e9 de aproximadamente duas semanas ap\u00f3s a coloca\u00e7\u00e3o do pedido e enviaremos atualiza\u00e7\u00f5es regulares do progresso da produ\u00e7\u00e3o;<\/li> <li>Suporte t\u00e9cnico, instala\u00e7\u00e3o no local e um ano de garantia.<\/li> <\/ul> <h2>Resumo<\/h2> <p>Como primeira etapa na reciclagem do isopor, o processo de tritura\u00e7\u00e3o da espuma pl\u00e1stica afeta a efici\u00eancia de toda a reciclagem do poliestireno. Selecionar o triturador de isopor de alta qualidade certo pode ajudar a reduzir com efici\u00eancia o volume de espuma, facilitar o processamento subsequente e melhorar a efici\u00eancia da reciclagem. Se voc\u00ea estiver interessado, entre em contato conosco, faremos recomenda\u00e7\u00f5es para voc\u00ea!<\/p> <p>&nbsp;<\/p> <p>&nbsp;<\/p> <p>&nbsp;<\/p> <p>&nbsp;<\/p> <p>&nbsp;<\/p> <h1><\/h1>","protected":false},"excerpt":{"rendered":"<p>Como pr\u00e9-tratar os res\u00edduos de isopor antes da peletiza\u00e7\u00e3o? Usar uma m\u00e1quina trituradora de isopor para quebrar espumas volumosas de EPS em peda\u00e7os pequenos e uniformes pode reduzir a pegada da espuma, facilitar o processamento subsequente, etc.<\/p> <p>&nbsp;<\/p>","protected":false},"featured_media":16934,"template":"","meta":{"site-sidebar-layout":"default","site-content-layout":"","ast-site-content-layout":"default","site-content-style":"default","site-sidebar-style":"default","ast-global-header-display":"","ast-banner-title-visibility":"","ast-main-header-display":"","ast-hfb-above-header-display":"","ast-hfb-below-header-display":"","ast-hfb-mobile-header-display":"","site-post-title":"","ast-breadcrumbs-content":"","ast-featured-img":"","footer-sml-layout":"","ast-disable-related-posts":"","theme-transparent-header-meta":"default","adv-header-id-meta":"","stick-header-meta":"","header-above-stick-meta":"","header-main-stick-meta":"","header-below-stick-meta":"","astra-migrate-meta-layouts":"set","ast-page-background-enabled":"default","ast-page-background-meta":{"desktop":{"background-color":"","background-image":"","background-repeat":"repeat","background-position":"center center","background-size":"auto","background-attachment":"scroll","background-type":"","background-media":"","overlay-type":"","overlay-color":"","overlay-opacity":"","overlay-gradient":""},"tablet":{"background-color":"","background-image":"","background-repeat":"repeat","background-position":"center center","background-size":"auto","background-attachment":"scroll","background-type":"","background-media":"","overlay-type":"","overlay-color":"","overlay-opacity":"","overlay-gradient":""},"mobile":{"background-color":"","background-image":"","background-repeat":"repeat","background-position":"center center","background-size":"auto","background-attachment":"scroll","background-type":"","background-media":"","overlay-type":"","overlay-color":"","overlay-opacity":"","overlay-gradient":""}},"ast-content-background-meta":{"desktop":{"background-color":"var(--ast-global-color-5)","background-image":"","background-repeat":"repeat","background-position":"center center","background-size":"auto","background-attachment":"scroll","background-type":"","background-media":"","overlay-type":"","overlay-color":"","overlay-opacity":"","overlay-gradient":""},"tablet":{"background-color":"var(--ast-global-color-5)","background-image":"","background-repeat":"repeat","background-position":"center center","background-size":"auto","background-attachment":"scroll","background-type":"","background-media":"","overlay-type":"","overlay-color":"","overlay-opacity":"","overlay-gradient":""},"mobile":{"background-color":"var(--ast-global-color-5)","background-image":"","background-repeat":"repeat","background-position":"center center","background-size":"auto","background-attachment":"scroll","background-type":"","background-media":"","overlay-type":"","overlay-color":"","overlay-opacity":"","overlay-gradient":""}}},"product_brand":[],"product_cat":[36],"product_tag":[80,85],"class_list":{"0":"post-16917","1":"product","2":"type-product","3":"status-publish","4":"has-post-thumbnail","6":"product_cat-plastic-recycling-machine","7":"product_tag-foam","8":"product_tag-foam-crusher","9":"desktop-align-center","10":"tablet-align-center","11":"mobile-align-center","13":"first","14":"instock","15":"shipping-taxable","16":"product-type-simple"},"_links":{"self":[{"href":"https:\/\/recyclingequipinc.com\/pt\/wp-json\/wp\/v2\/product\/16917","targetHints":{"allow":["GET"]}}],"collection":[{"href":"https:\/\/recyclingequipinc.com\/pt\/wp-json\/wp\/v2\/product"}],"about":[{"href":"https:\/\/recyclingequipinc.com\/pt\/wp-json\/wp\/v2\/types\/product"}],"version-history":[{"count":0,"href":"https:\/\/recyclingequipinc.com\/pt\/wp-json\/wp\/v2\/product\/16917\/revisions"}],"wp:featuredmedia":[{"embeddable":true,"href":"https:\/\/recyclingequipinc.com\/pt\/wp-json\/wp\/v2\/media\/16934"}],"wp:attachment":[{"href":"https:\/\/recyclingequipinc.com\/pt\/wp-json\/wp\/v2\/media?parent=16917"}],"wp:term":[{"taxonomy":"product_brand","embeddable":true,"href":"https:\/\/recyclingequipinc.com\/pt\/wp-json\/wp\/v2\/product_brand?post=16917"},{"taxonomy":"product_cat","embeddable":true,"href":"https:\/\/recyclingequipinc.com\/pt\/wp-json\/wp\/v2\/product_cat?post=16917"},{"taxonomy":"product_tag","embeddable":true,"href":"https:\/\/recyclingequipinc.com\/pt\/wp-json\/wp\/v2\/product_tag?post=16917"}],"curies":[{"name":"wp","href":"https:\/\/api.w.org\/{rel}","templated":true}]}}