{"id":5699,"date":"2022-03-09T06:44:26","date_gmt":"2022-03-09T06:44:26","guid":{"rendered":"https:\/\/recyclingequipinc.com\/?post_type=product&#038;p=5699"},"modified":"2024-10-04T20:42:10","modified_gmt":"2024-10-04T12:42:10","slug":"machine-de-fabrication-de-filet-de-fruits","status":"publish","type":"product","link":"https:\/\/recyclingequipinc.com\/fr\/product\/fruit-net-making-machine\/","title":{"rendered":"Machine de fabrication de filet de fruits magiques | Machine d'extrusion de filet de mousse EPE"},"content":{"rendered":"<p>La machine de fabrication de filet en mousse EPE est un nouveau type de machine pour la fabrication de mat\u00e9riaux d'emballage flexibles. En raison de la structure de r\u00e9seau d'expansion unique et du filet en mousse \u00e9lastique du filet en mousse EPE, il est largement utilis\u00e9 dans l'emballage de produits en verre, d'instruments de pr\u00e9cision et de divers l\u00e9gumes, fruits et fleurs. Par cons\u00e9quent, de nombreuses personnes commencent \u00e0 apprendre les connaissances des machines \u00e0 filet en mousse de fruits en EPE.<\/p> <div class=\"ast-oembed-container\" style=\"height: 100%;\"><iframe title=\"Machine de filet en mousse EPE pour fruits | Machine de fabrication de filet en mousse EPE pour fruits | Machine de fabrication de filet pour fruits | Shorts #\" width=\"500\" height=\"281\" src=\"https:\/\/www.youtube.com\/embed\/sUfi2VsQCQY?feature=oembed\" frameborder=\"0\" allow=\"accelerometer; autoplay; clipboard-write; encrypted-media; gyroscope; picture-in-picture; web-share\" referrerpolicy=\"strict-origin-when-cross-origin\" allowfullscreen><\/iframe><\/div> <h2>Quel est le principe de moussage de la machine de fabrication de filet en mousse EPE pour les fruits ?<\/h2> <p>Vous devez pr\u00e9parer \u00e0 l'avance des r\u00e9servoirs de gaz liqu\u00e9fi\u00e9 de 50 kg (butane) et 2 bouteilles d'azote (azote). Tout d'abord, vous devez verser la mati\u00e8re premi\u00e8re (poly\u00e9thyl\u00e8ne haute pression basse densit\u00e9, poudre de talc 2-4 kg\/T, gaz butane 200 kg\/T, tr\u00e9sor en plastique 20-25 kg\/T) dans les mangeoires de l'extr\u00e9mit\u00e9 avant de la mousse de fruit. machine de fabrication de filets. Et le dispositif de m\u00e9lange dans le chargeur m\u00e9langera uniform\u00e9ment les mati\u00e8res premi\u00e8res. Ensuite, du m\u00e9thane et d\u2019autres gaz moussants sont introduits dans l\u2019h\u00f4te. Ensuite, le produit fini sort de la partie avant de l'h\u00f4te \u00e0 travers l'outil de meulage. D\u2019ailleurs, si vous souhaitez r\u00e9aliser des assortiments de fruits et l\u00e9gumes, vous ne devez pas utiliser de d\u00e9chets plastiques. C\u2019est pour le bien de la sant\u00e9 de tous.<\/p> <figure id=\"attachment_5703\" aria-describedby=\"caption-attachment-5703\" style=\"width: 720px\" class=\"wp-caption aligncenter\"><img fetchpriority=\"high\" decoding=\"async\" class=\"size-full wp-image-5703\" src=\"https:\/\/recyclingequipinc.com\/wp-content\/uploads\/2022\/03\/cooling-part.jpg\" alt=\"Partie de fusion et de refroidissement \" width=\"720\" height=\"540\" srcset=\"https:\/\/recyclingequipinc.com\/wp-content\/uploads\/2022\/03\/cooling-part.jpg 720w, https:\/\/recyclingequipinc.com\/wp-content\/uploads\/2022\/03\/cooling-part-300x225.jpg 300w, https:\/\/recyclingequipinc.com\/wp-content\/uploads\/2022\/03\/cooling-part-600x450.jpg 600w\" sizes=\"(max-width: 720px) 100vw, 720px\" \/><figcaption id=\"caption-attachment-5703\" class=\"wp-caption-text\">Partie de fusion et de refroidissement<\/figcaption><\/figure> <h2>La structure de la machine de fabrication de filet en mousse EPE pour les fruits<\/h2> <p>La machine \u00e0 filet en mousse EPE se compose de cinq parties : moteur principal, pompe \u00e0 gaz butane, pompe d'additif, armoire de commande \u00e9lectrique principale et traction de coupe. La machine principale, la pompe de butane, la t\u00eate de fili\u00e8re, le rouleau de traction et le moteur de coupe sont tous contr\u00f4l\u00e9s par un convertisseur de fr\u00e9quence.<\/p> <figure id=\"attachment_5702\" aria-describedby=\"caption-attachment-5702\" style=\"width: 720px\" class=\"wp-caption aligncenter\"><img decoding=\"async\" class=\"size-full wp-image-5702\" src=\"https:\/\/recyclingequipinc.com\/wp-content\/uploads\/2022\/03\/console-of-epe-foam-fruit-net-making-machine.jpg\" alt=\"console de la machine de fabrication de filet en mousse EPE pour fruits\" width=\"720\" height=\"540\" srcset=\"https:\/\/recyclingequipinc.com\/wp-content\/uploads\/2022\/03\/console-of-epe-foam-fruit-net-making-machine.jpg 720w, https:\/\/recyclingequipinc.com\/wp-content\/uploads\/2022\/03\/console-of-epe-foam-fruit-net-making-machine-300x225.jpg 300w, https:\/\/recyclingequipinc.com\/wp-content\/uploads\/2022\/03\/console-of-epe-foam-fruit-net-making-machine-600x450.jpg 600w\" sizes=\"(max-width: 720px) 100vw, 720px\" \/><figcaption id=\"caption-attachment-5702\" class=\"wp-caption-text\">console de la machine de fabrication de filet en mousse EPE pour fruits<\/figcaption><\/figure> <h2>Pourquoi choisir notre machine d'extrusion de filet en mousse EPE pour les fruits ?<\/h2> <ol> <li>L'unit\u00e9 est d\u00e9velopp\u00e9e sur la base de nombreuses ann\u00e9es d'exp\u00e9rience pratique dans notre <a href=\"https:\/\/recyclingequipinc.com\/fr\/\">usine SHULIY<\/a>. Et elle a \u00e9t\u00e9 export\u00e9e en Tha\u00eflande, au Vietnam et dans d'autres pays.<\/li> <li>La machine d'extrusion de filet en mousse EPE pour les fruits a une conception unique, une utilisation pratique, un fonctionnement stable, une s\u00e9curit\u00e9, une \u00e9conomie d'\u00e9nergie et un degr\u00e9 \u00e9lev\u00e9 d'automatisation.<\/li> <li>Les produits ont un rapport de moussage \u00e9lev\u00e9, une belle apparence, une nettet\u00e9, une sym\u00e9trie et une bonne luminosit\u00e9.<\/li> <li>700 000 \u00e0 1,2 million de jeux de filets de fruits de 12 cm de long peuvent \u00eatre produits en 24 heures.<\/li> <li>L'unit\u00e9 est \u00e9quip\u00e9e de diff\u00e9rentes t\u00eates de fili\u00e8re et de machines auxiliaires, ce qui permet de produire diverses couvertures en filet de mousse pour fruits (utilis\u00e9es pour l'emballage de pommes, poires, past\u00e8ques, melons, mangues, etc.), des housses de protection pour roses, des feuilles de mousse EPE, des tubes de mousse EPE et d'autres produits.<\/li> <li>La machine d'extrusion de filet en mousse EPE peut \u00e9galement produire des feuilles mouss\u00e9es, des tuyaux mouss\u00e9s, des barres mouss\u00e9es, des barres mouss\u00e9es et des profil\u00e9s en rempla\u00e7ant diff\u00e9rentes t\u00eates de fili\u00e8re et accessoires auxiliaires.<\/li> <\/ol> <figure id=\"attachment_5706\" aria-describedby=\"caption-attachment-5706\" style=\"width: 720px\" class=\"wp-caption aligncenter\"><img decoding=\"async\" class=\"size-full wp-image-5706\" src=\"https:\/\/recyclingequipinc.com\/wp-content\/uploads\/2022\/03\/the-factory-of-epe-foam-fruit-net-machine.jpg\" alt=\"l&#039;usine de la machine de fabrication de filet en mousse EPE pour fruits\" width=\"720\" height=\"540\" srcset=\"https:\/\/recyclingequipinc.com\/wp-content\/uploads\/2022\/03\/the-factory-of-epe-foam-fruit-net-machine.jpg 720w, https:\/\/recyclingequipinc.com\/wp-content\/uploads\/2022\/03\/the-factory-of-epe-foam-fruit-net-machine-300x225.jpg 300w, https:\/\/recyclingequipinc.com\/wp-content\/uploads\/2022\/03\/the-factory-of-epe-foam-fruit-net-machine-600x450.jpg 600w\" sizes=\"(max-width: 720px) 100vw, 720px\" \/><figcaption id=\"caption-attachment-5706\" class=\"wp-caption-text\">l'usine de la machine de fabrication de filet en mousse EPE pour fruits<\/figcaption><\/figure> <h2>Param\u00e8tres du produit :<\/h2> <div style='overflow:auto'> <table border=\"0\" style='white-space: nowrap'> <tbody> <tr> <td class=\"et2\">Mod\u00e8le<\/td> <td class=\"et2\">SJF-75<\/td> <td class=\"et2\">SJF-75A<\/td> <td class=\"et2\">SJF-75B<\/td> <\/tr> <tr> <td class=\"et2\">Rapport longueur\/diam\u00e8tre de la vis<\/td> <td class=\"et3\">1:50<\/td> <td class=\"et4\">01:53.2<\/td> <td class=\"et3\">1:55<\/td> <\/tr> <tr> <td>Puissance \u00e9lectrique de la fili\u00e8re<\/td> <td class=\"et2\">3KW<\/td> <td class=\"et2\">3KW<\/td> <td class=\"et2\">3KW<\/td> <\/tr> <tr> <td class=\"et2\">Puissance du moteur principal<\/td> <td class=\"et2\">11KW<\/td> <td class=\"et2\">11KW<\/td> <td class=\"et2\">11KW<\/td> <\/tr> <tr> <td class=\"et2\">Puissance du moteur principal<\/td> <td class=\"et2\">1.5KW<\/td> <td class=\"et2\">1.5KW<\/td> <td class=\"et2\">1.5KW<\/td> <\/tr> <tr> <td class=\"et2\">Puissance totale de l'anneau chauffant<\/td> <td class=\"et2\">18KW<\/td> <td class=\"et2\">20KW<\/td> <td class=\"et2\">20KW<\/td> <\/tr> <tr> <td class=\"et2\">Puissance du moteur de la pompe de chauffage<\/td> <td class=\"et2\">0.55KW<\/td> <td class=\"et2\">0.55KW<\/td> <td class=\"et2\">0.55KW<\/td> <\/tr> <tr> <td class=\"et2\">Puissance du moteur de la pompe \u00e0 butane<\/td> <td class=\"et2\">1.1KW<\/td> <td class=\"et2\">1.1KW<\/td> <td class=\"et2\">1.5KW<\/td> <\/tr> <tr> <td class=\"et2\">Puissance du ventilateur<\/td> <td class=\"et2\">480W<\/td> <td class=\"et2\">480W<\/td> <td class=\"et2\">480W<\/td> <\/tr> <tr> <td class=\"et2\">Consommation d'\u00e9nergie<\/td> <td class=\"et2\">220KW\/24h<\/td> <td class=\"et2\">200KW\/24h<\/td> <td class=\"et2\">200KW\/24h<\/td> <\/tr> <tr> <td class=\"et2\">Capacit\u00e9<\/td> <td class=\"et2\">500-1200 kg\/24h<\/td> <td class=\"et2\">500-1200 kg\/24h<\/td> <td class=\"et2\">500-1200 kg\/24h<\/td> <\/tr> <tr> <td class=\"et2\">Dimensions globales de la machine principale (mm)<\/td> <td class=\"et2\">5000x700x1350<\/td> <td class=\"et2\">5250x700x1350<\/td> <td class=\"et2\">5370x700x1350<\/td> <\/tr> <tr> <td class=\"et2\">Poids<\/td> <td class=\"et2\">2900kg<\/td> <td class=\"et2\">2950kg<\/td> <td class=\"et2\">3000kg<\/td> <\/tr> <tr> <td class=\"et2\">Surface couverte(mm)<\/td> <td class=\"et2\">3000&#215;9000<\/td> <td class=\"et2\">3000&#215;9500<\/td> <td class=\"et2\">3000&#215;10000<\/td> <\/tr> <\/tbody> <\/table> <\/div> <p>Comme indiqu\u00e9 sur l'image, nous avons trois machines \u00e0 filets en mousse pour l'emballage des fruits \u00e0 vendre. En raison de la production diff\u00e9rente, les trois machines ont des superficies et des tailles diff\u00e9rentes.<\/p> <figure id=\"attachment_5705\" aria-describedby=\"caption-attachment-5705\" style=\"width: 720px\" class=\"wp-caption aligncenter\"><img loading=\"lazy\" decoding=\"async\" class=\"size-full wp-image-5705\" src=\"https:\/\/recyclingequipinc.com\/wp-content\/uploads\/2022\/03\/foam-net-for-fruit-packing.jpg\" alt=\"filet en mousse pour l&#039;emballage des fruits\" width=\"720\" height=\"540\" srcset=\"https:\/\/recyclingequipinc.com\/wp-content\/uploads\/2022\/03\/foam-net-for-fruit-packing.jpg 720w, https:\/\/recyclingequipinc.com\/wp-content\/uploads\/2022\/03\/foam-net-for-fruit-packing-300x225.jpg 300w, https:\/\/recyclingequipinc.com\/wp-content\/uploads\/2022\/03\/foam-net-for-fruit-packing-600x450.jpg 600w\" sizes=\"(max-width: 720px) 100vw, 720px\" \/><figcaption id=\"caption-attachment-5705\" class=\"wp-caption-text\">filet en mousse pour l'emballage des fruits<\/figcaption><\/figure> <h2>Prix de la machine \u00e0 filet en mousse Epe pour les fruits<\/h2> <p>Pour \u00eatre honn\u00eate, le prix des machines de fabrication de filets en mousse pour les fruits est affect\u00e9 par de nombreux facteurs, tels que la distance, le taux d'imposition, etc. Mais il convient de mentionner que plus d'une tonne de produits peut \u00eatre produite avec une tonne de mati\u00e8res premi\u00e8res plus du gaz butane et des mat\u00e9riaux auxiliaires. Et une tonne de mati\u00e8res premi\u00e8res peut \u00eatre transform\u00e9e en 36 heures, donc le profit est consid\u00e9rable. Si vous souhaitez conna\u00eetre le devis d\u00e9taill\u00e9 sur le filet en mousse pour l'emballage des fruits, veuillez nous contacter. En tant que fournisseurs professionnels de filets en mousse pour l'emballage des fruits, notre vendeur vous fera parvenir un devis d\u00e9taill\u00e9 dans les plus brefs d\u00e9lais.<\/p> <figure id=\"attachment_5712\" aria-describedby=\"caption-attachment-5712\" style=\"width: 720px\" class=\"wp-caption aligncenter\"><img loading=\"lazy\" decoding=\"async\" class=\"size-full wp-image-5712\" src=\"https:\/\/recyclingequipinc.com\/wp-content\/uploads\/2022\/03\/fruit-net-application-range.jpg\" alt=\"Domaine d&#039;application du filet de fruits\" width=\"720\" height=\"540\" srcset=\"https:\/\/recyclingequipinc.com\/wp-content\/uploads\/2022\/03\/fruit-net-application-range.jpg 720w, https:\/\/recyclingequipinc.com\/wp-content\/uploads\/2022\/03\/fruit-net-application-range-300x225.jpg 300w, https:\/\/recyclingequipinc.com\/wp-content\/uploads\/2022\/03\/fruit-net-application-range-600x450.jpg 600w\" sizes=\"(max-width: 720px) 100vw, 720px\" \/><figcaption id=\"caption-attachment-5712\" class=\"wp-caption-text\">Domaine d'application du filet de fruits<\/figcaption><\/figure>","protected":false},"excerpt":{"rendered":"<p>EPE foam fruit net making machine is a new type of machine for making flexible packaging material. Due to the [&hellip;]<\/p>\n","protected":false},"featured_media":5701,"template":"","meta":{"site-sidebar-layout":"default","site-content-layout":"default","ast-site-content-layout":"default","site-content-style":"default","site-sidebar-style":"default","ast-global-header-display":"","ast-banner-title-visibility":"","ast-main-header-display":"","ast-hfb-above-header-display":"","ast-hfb-below-header-display":"","ast-hfb-mobile-header-display":"","site-post-title":"","ast-breadcrumbs-content":"","ast-featured-img":"","footer-sml-layout":"","ast-disable-related-posts":"","theme-transparent-header-meta":"default","adv-header-id-meta":"","stick-header-meta":"default","header-above-stick-meta":"","header-main-stick-meta":"","header-below-stick-meta":"","astra-migrate-meta-layouts":"default","ast-page-background-enabled":"default","ast-page-background-meta":{"desktop":{"background-color":"","background-image":"","background-repeat":"repeat","background-position":"center center","background-size":"auto","background-attachment":"scroll","background-type":"","background-media":"","overlay-type":"","overlay-color":"","overlay-opacity":"","overlay-gradient":""},"tablet":{"background-color":"","background-image":"","background-repeat":"repeat","background-position":"center center","background-size":"auto","background-attachment":"scroll","background-type":"","background-media":"","overlay-type":"","overlay-color":"","overlay-opacity":"","overlay-gradient":""},"mobile":{"background-color":"","background-image":"","background-repeat":"repeat","background-position":"center center","background-size":"auto","background-attachment":"scroll","background-type":"","background-media":"","overlay-type":"","overlay-color":"","overlay-opacity":"","overlay-gradient":""}},"ast-content-background-meta":{"desktop":{"background-color":"var(--ast-global-color-5)","background-image":"","background-repeat":"repeat","background-position":"center center","background-size":"auto","background-attachment":"scroll","background-type":"","background-media":"","overlay-type":"","overlay-color":"","overlay-opacity":"","overlay-gradient":""},"tablet":{"background-color":"var(--ast-global-color-5)","background-image":"","background-repeat":"repeat","background-position":"center center","background-size":"auto","background-attachment":"scroll","background-type":"","background-media":"","overlay-type":"","overlay-color":"","overlay-opacity":"","overlay-gradient":""},"mobile":{"background-color":"var(--ast-global-color-5)","background-image":"","background-repeat":"repeat","background-position":"center center","background-size":"auto","background-attachment":"scroll","background-type":"","background-media":"","overlay-type":"","overlay-color":"","overlay-opacity":"","overlay-gradient":""}}},"product_brand":[],"product_cat":[36],"product_tag":[76],"class_list":{"0":"post-5699","1":"product","2":"type-product","3":"status-publish","4":"has-post-thumbnail","6":"product_cat-plastic-recycling-machine","7":"product_tag-fruit-net-making-machine","8":"desktop-align-center","9":"tablet-align-center","10":"mobile-align-center","12":"first","13":"instock","14":"shipping-taxable","15":"product-type-simple"},"_links":{"self":[{"href":"https:\/\/recyclingequipinc.com\/fr\/wp-json\/wp\/v2\/product\/5699","targetHints":{"allow":["GET"]}}],"collection":[{"href":"https:\/\/recyclingequipinc.com\/fr\/wp-json\/wp\/v2\/product"}],"about":[{"href":"https:\/\/recyclingequipinc.com\/fr\/wp-json\/wp\/v2\/types\/product"}],"version-history":[{"count":0,"href":"https:\/\/recyclingequipinc.com\/fr\/wp-json\/wp\/v2\/product\/5699\/revisions"}],"wp:featuredmedia":[{"embeddable":true,"href":"https:\/\/recyclingequipinc.com\/fr\/wp-json\/wp\/v2\/media\/5701"}],"wp:attachment":[{"href":"https:\/\/recyclingequipinc.com\/fr\/wp-json\/wp\/v2\/media?parent=5699"}],"wp:term":[{"taxonomy":"product_brand","embeddable":true,"href":"https:\/\/recyclingequipinc.com\/fr\/wp-json\/wp\/v2\/product_brand?post=5699"},{"taxonomy":"product_cat","embeddable":true,"href":"https:\/\/recyclingequipinc.com\/fr\/wp-json\/wp\/v2\/product_cat?post=5699"},{"taxonomy":"product_tag","embeddable":true,"href":"https:\/\/recyclingequipinc.com\/fr\/wp-json\/wp\/v2\/product_tag?post=5699"}],"curies":[{"name":"wp","href":"https:\/\/api.w.org\/{rel}","templated":true}]}}