{"id":5569,"date":"2022-01-28T07:03:54","date_gmt":"2022-01-28T07:03:54","guid":{"rendered":"https:\/\/recyclingequipinc.com\/?post_type=product&#038;p=5569"},"modified":"2025-01-20T10:16:15","modified_gmt":"2025-01-20T02:16:15","slug":"machine-de-granulation-de-films-plastiques","status":"publish","type":"product","link":"https:\/\/recyclingequipinc.com\/fr\/product\/plastic-film-pelletizing-machine\/","title":{"rendered":"Machine de granulation de film plastique | \u00c9quipement de recyclage d'emballage plastique"},"content":{"rendered":"<p class=\"translation-block\">La machine de granulation de films plastiques est l'\u00e9quipement principal de la <a href=\"https:\/\/recyclingequipinc.com\/fr\/produit\/machine-de-recyclage-de-films-plastiques\/\">ligne de recyclage du plastique<\/a>. Elle peut transformer les d\u00e9chets de films plastiques PP PE en granul\u00e9s de plastique. Ces mati\u00e8res premi\u00e8res plastiques usag\u00e9es comprennent les sacs de courses, les films d'emballage, les sacs poubelles, les sacs tiss\u00e9s, les sacs non tiss\u00e9s, les films agricoles, les conteneurs, les sacs liquides, etc. Par cons\u00e9quent, notre machine de granulation de films plastiques a un large \u00e9ventail d'applications. L'utilisation g\u00e9n\u00e9ralis\u00e9e des granulateurs de films plastiques a efficacement r\u00e9duit la pollution blanche mondiale et am\u00e9lior\u00e9 notre environnement de vie.<\/p> <p>&nbsp;<\/p> <figure id=\"attachment_5581\" aria-describedby=\"caption-attachment-5581\" style=\"width: 750px\" class=\"wp-caption aligncenter\"><img fetchpriority=\"high\" decoding=\"async\" class=\"wp-image-5581 size-full\" src=\"https:\/\/recyclingequipinc.com\/wp-content\/uploads\/2022\/01\/plastic-film-pellet-mill-1.jpg\" alt=\"plastic film pellet mill\" width=\"750\" height=\"540\" srcset=\"https:\/\/recyclingequipinc.com\/wp-content\/uploads\/2022\/01\/plastic-film-pellet-mill-1.jpg 750w, https:\/\/recyclingequipinc.com\/wp-content\/uploads\/2022\/01\/plastic-film-pellet-mill-1-300x216.jpg 300w, https:\/\/recyclingequipinc.com\/wp-content\/uploads\/2022\/01\/plastic-film-pellet-mill-1-600x432.jpg 600w\" sizes=\"(max-width: 750px) 100vw, 750px\" \/><figcaption id=\"caption-attachment-5581\" class=\"wp-caption-text\">plastic film pellet mill<\/figcaption><\/figure> <h2>How is Plastic Film Recycled by Using the Plastic Film Pelletizing Machine?<\/h2> <p>La machine de granulation de film plastique est compos\u00e9e d'une machine principale et d'une machine auxiliaire. La machine h\u00f4te peut chauffer le film plastique pour en faire une p\u00e2te. Selon diff\u00e9rentes puissances, nous disposons de 125, 150 et 180 \u00e9quipements de granulation plastique avec diff\u00e9rents accessoires. De plus, le mode de chauffage de cette machine est le chauffage \u00e9lectromagn\u00e9tique. Le granulateur en plastique adopte un dispositif de contr\u00f4le automatique de la temp\u00e9rature. Cela signifie que par rapport aux autres marques de granulateurs, il consomme moins d\u2019\u00e9nergie et ne pollue pas. Bien entendu, la puissance et la quantit\u00e9 peuvent \u00eatre s\u00e9lectionn\u00e9es en fonction de la commande du client.<\/p> <figure id=\"attachment_5582\" aria-describedby=\"caption-attachment-5582\" style=\"width: 750px\" class=\"wp-caption aligncenter\"><img decoding=\"async\" class=\"wp-image-5582 size-full\" src=\"https:\/\/recyclingequipinc.com\/wp-content\/uploads\/2022\/01\/plastic-granulator-auxiliary-machine-1.jpg\" alt=\"plastic granulator auxiliary machine\" width=\"750\" height=\"540\" srcset=\"https:\/\/recyclingequipinc.com\/wp-content\/uploads\/2022\/01\/plastic-granulator-auxiliary-machine-1.jpg 750w, https:\/\/recyclingequipinc.com\/wp-content\/uploads\/2022\/01\/plastic-granulator-auxiliary-machine-1-300x216.jpg 300w, https:\/\/recyclingequipinc.com\/wp-content\/uploads\/2022\/01\/plastic-granulator-auxiliary-machine-1-600x432.jpg 600w\" sizes=\"(max-width: 750px) 100vw, 750px\" \/><figcaption id=\"caption-attachment-5582\" class=\"wp-caption-text\">plastic granulator auxiliary machine<\/figcaption><\/figure> <h3>Working Process of Plastic Granulation Equipment<\/h3> <p>Les mat\u00e9riaux s\u00e9ch\u00e9s entrent dans la machine de granulation de plastique par l'entr\u00e9e d'alimentation. Le mat\u00e9riau fond sous l\u2019effet du chauffage de l\u2019anneau chauffant. Et la temp\u00e9rature de l'anneau chauffant autour du granulateur en plastique peut rapidement atteindre plus de 110 \u2103, puis le mat\u00e9riau fondra sous le chauffage de l'anneau chauffant. Il convient de mentionner que le point de fusion de la plupart des films plastiques est compris entre 85 et 110 \u2103. Vous n\u2019avez donc pas \u00e0 vous soucier de la fusion incompl\u00e8te des mat\u00e9riaux. Ensuite, le film plastique fondu s'\u00e9coule hors de la sortie du moteur principal puis p\u00e9n\u00e8tre dans le moteur auxiliaire. Sous l'extrusion de la machine auxiliaire, il est extrud\u00e9 de la fili\u00e8re de la t\u00eate de la machine.<\/p> <figure id=\"attachment_5583\" aria-describedby=\"caption-attachment-5583\" style=\"width: 750px\" class=\"wp-caption aligncenter\"><img decoding=\"async\" class=\"wp-image-5583 size-full\" src=\"https:\/\/recyclingequipinc.com\/wp-content\/uploads\/2022\/01\/machine-structure-1.jpg\" alt=\"machine structure\" width=\"750\" height=\"500\" srcset=\"https:\/\/recyclingequipinc.com\/wp-content\/uploads\/2022\/01\/machine-structure-1.jpg 750w, https:\/\/recyclingequipinc.com\/wp-content\/uploads\/2022\/01\/machine-structure-1-300x200.jpg 300w, https:\/\/recyclingequipinc.com\/wp-content\/uploads\/2022\/01\/machine-structure-1-600x400.jpg 600w\" sizes=\"(max-width: 750px) 100vw, 750px\" \/><figcaption id=\"caption-attachment-5583\" class=\"wp-caption-text\">machine structure<\/figcaption><\/figure> <h2>Param\u00e8tres de la machine pelletiseur<\/h2> <table> <tbody> <tr> <td width=\"142\">Mod\u00e8le<\/td> <td width=\"142\">SL-125<\/td> <td width=\"142\">SL-150<\/td> <td width=\"142\">SL-180<\/td> <\/tr> <tr> <td width=\"142\">Screw diameter<\/td> <td width=\"142\">125mm<\/td> <td width=\"142\">150mm<\/td> <td width=\"142\">180mm<\/td> <\/tr> <tr> <td width=\"142\">Main shaft speed<\/td> <td width=\"142\">50-70min<\/td> <td width=\"142\">40-60min<\/td> <td width=\"142\">40-50min<\/td> <\/tr> <tr> <td width=\"142\">Main motor<\/td> <td width=\"142\">22+1.5kw<\/td> <td width=\"142\">30+1.5kw<\/td> <td width=\"142\">45kw<\/td> <\/tr> <tr> <td width=\"142\">Capacit\u00e9<\/td> <td width=\"142\">3T\/day<\/td> <td width=\"142\">5T\/day<\/td> <td width=\"142\">7T\/day<\/td> <\/tr> <\/tbody> <\/table> <p>We have three different models of plastic granulation equipment, and the output is 3t \/ day, 5t \/ day, and 7T \/ day respectively. At the same time, the larger the output, the larger the size of the machine. You can choose machines that meet your needs. If you have any questions, please feel free to contact us.<\/p> <div class=\"ast-oembed-container\" style=\"height: 100%;\"><iframe title=\"Complete Plastic Film Granulation Process | PP PE Plastic Film Pelletizing Machine\" width=\"500\" height=\"281\" src=\"https:\/\/www.youtube.com\/embed\/iu7bfQ2tTD8?feature=oembed\" frameborder=\"0\" allow=\"accelerometer; autoplay; clipboard-write; encrypted-media; gyroscope; picture-in-picture; web-share\" referrerpolicy=\"strict-origin-when-cross-origin\" allowfullscreen><\/iframe><\/div> <h2>Advantages of Plastic Film Pelletizing Machine<\/h2> <ul> <li>Our high-performance plastic film recycling equipment can help provide better productivity and higher efficiency.<\/li> <li>Our machines are made of durable materials.<\/li> <li>Easy to install, operate and maintain.<\/li> <li>The high degree of automation.<\/li> <li>Low <a href=\"https:\/\/en.wikipedia.org\/wiki\/Power\" target=\"_blank\" rel=\"noopener\">power<\/a> consumption and no pollution.<\/li> <li>After being processed into particles by the plastic mill, waste plastics still have excellent comprehensive material properties. Because it can meet the technical requirements of film blowing, wire drawing, pipe drawing, injection molding, extrusion profile, and so on. It is the ideal equipment for plastic wrap recycling.<\/li> <\/ul> <figure id=\"attachment_5584\" aria-describedby=\"caption-attachment-5584\" style=\"width: 750px\" class=\"wp-caption aligncenter\"><img loading=\"lazy\" decoding=\"async\" class=\"wp-image-5584 size-full\" src=\"https:\/\/recyclingequipinc.com\/wp-content\/uploads\/2022\/01\/plastic-recycling-equipment-1.jpg\" alt=\"plastic recycling equipment\" width=\"750\" height=\"540\" srcset=\"https:\/\/recyclingequipinc.com\/wp-content\/uploads\/2022\/01\/plastic-recycling-equipment-1.jpg 750w, https:\/\/recyclingequipinc.com\/wp-content\/uploads\/2022\/01\/plastic-recycling-equipment-1-300x216.jpg 300w, https:\/\/recyclingequipinc.com\/wp-content\/uploads\/2022\/01\/plastic-recycling-equipment-1-600x432.jpg 600w\" sizes=\"(max-width: 750px) 100vw, 750px\" \/><figcaption id=\"caption-attachment-5584\" class=\"wp-caption-text\">plastic recycling equipment<\/figcaption><\/figure> <h2>Application of This Plastic Recycling Machine<\/h2> <p class=\"translation-block\">Notre machine de granulation de films plastiques est largement utilis\u00e9e pour les sacs de courses, les films d'emballage, les sacs poubelles, les sacs tiss\u00e9s, les sacs non tiss\u00e9s, les films agricoles, les conteneurs, les sacs liquides, etc. Ainsi, elle peut \u00e9galement \u00eatre utilis\u00e9e comme machine de recyclage de sacs en plastique. Pour \u00eatre honn\u00eate, la <a href=\"https:\/\/recyclingequipinc.com\/fr\/produit\/granulateur-en-plastique\/\">machine de granulation de plastique<\/a> peut traiter de nombreuses mati\u00e8res premi\u00e8res plastiques diff\u00e9rentes. Cependant, en raison des diff\u00e9rents points de fusion et de la duret\u00e9 des mati\u00e8res premi\u00e8res, l'effet final sera diff\u00e9rent. Notre granulateur de plastique granule principalement des produits en plastique souple. Si votre mati\u00e8re plastique est souple, alors notre machine est votre \u00e9quipement de recyclage de plastique id\u00e9al. Si vous avez d'autres probl\u00e8mes de recyclage de plastique, veuillez nous contacter et nous vous r\u00e9pondrons \u00e0 temps.<\/p>","protected":false},"excerpt":{"rendered":"<p>Plastic film pelletizing machine is an important equipment of plastic recycling production line. With the help of the plastic recycling machine, you can easily handle a variety of plastic products, such as shopping bags, packaging films, garbage bags, woven bags, non-woven bags, agricultural films, containers, liquid bags, etc<\/p>","protected":false},"featured_media":5586,"template":"","meta":{"site-sidebar-layout":"default","site-content-layout":"default","ast-site-content-layout":"default","site-content-style":"default","site-sidebar-style":"default","ast-global-header-display":"","ast-banner-title-visibility":"","ast-main-header-display":"","ast-hfb-above-header-display":"","ast-hfb-below-header-display":"","ast-hfb-mobile-header-display":"","site-post-title":"","ast-breadcrumbs-content":"","ast-featured-img":"","footer-sml-layout":"","ast-disable-related-posts":"","theme-transparent-header-meta":"default","adv-header-id-meta":"","stick-header-meta":"default","header-above-stick-meta":"","header-main-stick-meta":"","header-below-stick-meta":"","astra-migrate-meta-layouts":"set","ast-page-background-enabled":"default","ast-page-background-meta":{"desktop":{"background-color":"","background-image":"","background-repeat":"repeat","background-position":"center center","background-size":"auto","background-attachment":"scroll","background-type":"","background-media":"","overlay-type":"","overlay-color":"","overlay-opacity":"","overlay-gradient":""},"tablet":{"background-color":"","background-image":"","background-repeat":"repeat","background-position":"center center","background-size":"auto","background-attachment":"scroll","background-type":"","background-media":"","overlay-type":"","overlay-color":"","overlay-opacity":"","overlay-gradient":""},"mobile":{"background-color":"","background-image":"","background-repeat":"repeat","background-position":"center center","background-size":"auto","background-attachment":"scroll","background-type":"","background-media":"","overlay-type":"","overlay-color":"","overlay-opacity":"","overlay-gradient":""}},"ast-content-background-meta":{"desktop":{"background-color":"var(--ast-global-color-5)","background-image":"","background-repeat":"repeat","background-position":"center center","background-size":"auto","background-attachment":"scroll","background-type":"","background-media":"","overlay-type":"","overlay-color":"","overlay-opacity":"","overlay-gradient":""},"tablet":{"background-color":"var(--ast-global-color-5)","background-image":"","background-repeat":"repeat","background-position":"center center","background-size":"auto","background-attachment":"scroll","background-type":"","background-media":"","overlay-type":"","overlay-color":"","overlay-opacity":"","overlay-gradient":""},"mobile":{"background-color":"var(--ast-global-color-5)","background-image":"","background-repeat":"repeat","background-position":"center center","background-size":"auto","background-attachment":"scroll","background-type":"","background-media":"","overlay-type":"","overlay-color":"","overlay-opacity":"","overlay-gradient":""}}},"product_brand":[],"product_cat":[36],"product_tag":[86],"class_list":{"0":"post-5569","1":"product","2":"type-product","3":"status-publish","4":"has-post-thumbnail","6":"product_cat-plastic-recycling-machine","7":"product_tag-granulator","8":"desktop-align-center","9":"tablet-align-center","10":"mobile-align-center","12":"first","13":"instock","14":"shipping-taxable","15":"product-type-simple"},"_links":{"self":[{"href":"https:\/\/recyclingequipinc.com\/fr\/wp-json\/wp\/v2\/product\/5569","targetHints":{"allow":["GET"]}}],"collection":[{"href":"https:\/\/recyclingequipinc.com\/fr\/wp-json\/wp\/v2\/product"}],"about":[{"href":"https:\/\/recyclingequipinc.com\/fr\/wp-json\/wp\/v2\/types\/product"}],"version-history":[{"count":0,"href":"https:\/\/recyclingequipinc.com\/fr\/wp-json\/wp\/v2\/product\/5569\/revisions"}],"wp:featuredmedia":[{"embeddable":true,"href":"https:\/\/recyclingequipinc.com\/fr\/wp-json\/wp\/v2\/media\/5586"}],"wp:attachment":[{"href":"https:\/\/recyclingequipinc.com\/fr\/wp-json\/wp\/v2\/media?parent=5569"}],"wp:term":[{"taxonomy":"product_brand","embeddable":true,"href":"https:\/\/recyclingequipinc.com\/fr\/wp-json\/wp\/v2\/product_brand?post=5569"},{"taxonomy":"product_cat","embeddable":true,"href":"https:\/\/recyclingequipinc.com\/fr\/wp-json\/wp\/v2\/product_cat?post=5569"},{"taxonomy":"product_tag","embeddable":true,"href":"https:\/\/recyclingequipinc.com\/fr\/wp-json\/wp\/v2\/product_tag?post=5569"}],"curies":[{"name":"wp","href":"https:\/\/api.w.org\/{rel}","templated":true}]}}