{"id":5426,"date":"2021-12-18T10:35:37","date_gmt":"2021-12-18T10:35:37","guid":{"rendered":"https:\/\/recyclingequipinc.com\/?post_type=product&#038;p=5426"},"modified":"2025-03-11T13:47:05","modified_gmt":"2025-03-11T05:47:05","slug":"machine-de-concassage-de-bouteilles-en-plastique-pour-animaux-de-compagnie","status":"publish","type":"product","link":"https:\/\/recyclingequipinc.com\/fr\/product\/pet-plastic-bottle-crushing-machine\/","title":{"rendered":"Broyeur PET puissant pour le recyclage des bouteilles"},"content":{"rendered":"<p class=\"translation-block\">Le broyeur de PET est l'un des \u00e9quipements de la <a href=\"https:\/\/recyclingequipinc.com\/fr\/produit\/machine-de-recyclage-de-films-plastiques\/\">ligne de recyclage des bouteilles en plastique<\/a>. Le principal objectif du broyeur de bouteilles en PET est de briser les bouteilles en PET enti\u00e8res en morceaux. C'est un \u00e9quipement incontournable pour les usines de recyclage de plastique. Le processus op\u00e9rationnel de la ligne de recyclage des bouteilles en PET comprend le d\u00e9collage des \u00e9tiquettes, le broyage, le lavage et la d\u00e9shydratation. De plus, la machine de broyage de bouteilles en plastique de shuliy se caract\u00e9rise par un haut degr\u00e9 d'automatisation, une s\u00e9curit\u00e9 accrue, une simplicit\u00e9 d'utilisation et une facilit\u00e9 d'entretien.<\/p> <div class=\"ast-oembed-container\" style=\"height: 100%;\"><iframe title=\"Comment un broyeur de bouteille pour animaux de compagnie stimule l&#039;efficacit\u00e9 du recyclage en plastique!\" width=\"500\" height=\"281\" src=\"https:\/\/www.youtube.com\/embed\/-DZniEtMiFI?feature=oembed\" frameborder=\"0\" allow=\"accelerometer; autoplay; clipboard-write; encrypted-media; gyroscope; picture-in-picture; web-share\" referrerpolicy=\"strict-origin-when-cross-origin\" allowfullscreen><\/iframe><\/div> <h2><strong>U<\/strong><strong>Caract\u00e9ristiques du <\/strong><strong>Concasseur en PET<\/strong><\/h2> <p>Le broyeur de bouteilles PET est une machine professionnelle qui brise tous les d\u00e9chets de bouteilles en plastique PET en flocons. Il brise des mat\u00e9riaux volumineux en petits fragments. Il est pratique pour le nettoyage et le s\u00e9chage dans le processus de recyclage du PET. L'utilisation de notre broyeur de bouteilles peut r\u00e9duire le travail de concassage manuel traditionnel du plastique et am\u00e9liorer l'efficacit\u00e9 du concassage. Le broyeur de bouteilles PET pr\u00e9sente les caract\u00e9ristiques suivantes :<\/p> <ol> <li>Une entr\u00e9e large et grande. Pratique pour l'alimentation et l'alimentation est rapide, m\u00eame pour les mat\u00e9riaux en vrac, sans besoin de les couper en petits morceaux.<\/li> <li>Les lames de concassage sont de haute qualit\u00e9, avec une grande duret\u00e9 et durabilit\u00e9.<\/li> <li>La capacit\u00e9 de concassage du concasseur de bouteilles en PET peut atteindre 1000 kg par heure ou plus. Nous avons une vari\u00e9t\u00e9 de machines de concassage de bouteilles en PET pour les petites, moyennes et grandes entreprises.<\/li> <li>La machine de concassage de bouteilles en PET convient \u00e0 divers mat\u00e9riaux plastiques, tels que les paniers en plastique, les barils d'huile, les barils de d\u00e9tergent \u00e0 lessive, etc.<\/li> <li>Il utilise un coussin en caoutchouc pour r\u00e9duire le bruit produit par le broyeur lorsqu'il fonctionne.<\/li> <\/ol> <div class=\"mceTemp\"><\/div> <figure id=\"attachment_5430\" aria-describedby=\"caption-attachment-5430\" style=\"width: 720px\" class=\"wp-caption aligncenter\"><img fetchpriority=\"high\" decoding=\"async\" class=\"size-full wp-image-5430\" src=\"https:\/\/recyclingequipinc.com\/wp-content\/uploads\/2021\/12\/plastic-bottle-crusher-machine.jpg\" alt=\"Machine de concassage de bouteilles en plastique\" width=\"720\" height=\"540\" srcset=\"https:\/\/recyclingequipinc.com\/wp-content\/uploads\/2021\/12\/plastic-bottle-crusher-machine.jpg 720w, https:\/\/recyclingequipinc.com\/wp-content\/uploads\/2021\/12\/plastic-bottle-crusher-machine-300x225.jpg 300w, https:\/\/recyclingequipinc.com\/wp-content\/uploads\/2021\/12\/plastic-bottle-crusher-machine-600x450.jpg 600w\" sizes=\"(max-width: 720px) 100vw, 720px\" \/><figcaption id=\"caption-attachment-5430\" class=\"wp-caption-text\">Machine de concassage de bouteilles en plastique<\/figcaption><\/figure> <h2>Param\u00e8tre du broyeur de bouteilles en plastique<\/h2> <table> <tbody> <tr> <td>Mod\u00e8le de broyeur<\/td> <td>SL-60<\/td> <td>SL-80<\/td> <td>SL-100<\/td> <td>SL-120<\/td> <\/tr> <tr> <td>Sortie (kg\/h)<\/td> <td>500<\/td> <td>1000<\/td> <td>1500<\/td> <td>3000<\/td> <\/tr> <tr> <td>Moteur (kw)<\/td> <td>22<\/td> <td>37<\/td> <td>75<\/td> <td>90<\/td> <\/tr> <tr> <td>Hauteur (m)<\/td> <td>1.8<\/td> <td>2.6<\/td> <td>2.6<\/td> <td>2.6<\/td> <\/tr> <tr> <td>\u00c9paisseur du couteau \uff08mm)<\/td> <td>30<\/td> <td>40<\/td> <td>40<\/td> <td>40<\/td> <\/tr> <tr> <td>\u00c9paisseur de la plaque \uff08mm)<\/td> <td>16<\/td> <td>20<\/td> <td>30<\/td> <td>30<\/td> <\/tr> <\/tbody> <\/table> <h2><strong>Principe de fonctionnement du concasseur de bouteilles en plastique<\/strong><\/h2> <p>Il y a 6 lames mobiles et 4 lames fixes dans la machine de concassage de bouteilles PET. Le moteur du broyeur de bouteilles en plastique entra\u00eene les couteaux mobiles \u00e0 se d\u00e9placer \u00e0 grande vitesse et, lors du processus de rotation \u00e0 grande vitesse des lames mobiles, il forme le mouvement relatif entre les lames mobiles et fixes. Par cons\u00e9quent, l\u2019\u00e9cart entre eux provoque la rupture des gros morceaux de plastique. Les morceaux de plastique d\u00e9chiquet\u00e9s traversent le filtre \u00e0 tamis et ressortent.<\/p> <figure id=\"attachment_5432\" aria-describedby=\"caption-attachment-5432\" style=\"width: 720px\" class=\"wp-caption aligncenter\"><img decoding=\"async\" class=\"wp-image-5432 size-full\" title=\"\u00c9clats de plastique PET\" src=\"https:\/\/recyclingequipinc.com\/wp-content\/uploads\/2021\/12\/PET-plastic-flakes.jpg\" alt=\"\u00c9clats de plastique PET\" width=\"720\" height=\"540\" srcset=\"https:\/\/recyclingequipinc.com\/wp-content\/uploads\/2021\/12\/PET-plastic-flakes.jpg 720w, https:\/\/recyclingequipinc.com\/wp-content\/uploads\/2021\/12\/PET-plastic-flakes-300x225.jpg 300w, https:\/\/recyclingequipinc.com\/wp-content\/uploads\/2021\/12\/PET-plastic-flakes-600x450.jpg 600w\" sizes=\"(max-width: 720px) 100vw, 720px\" \/><figcaption id=\"caption-attachment-5432\" class=\"wp-caption-text\">\u00c9clats de plastique PET<\/figcaption><\/figure> <h2><strong>Plastique<\/strong><strong> Prix du concasseur en PET<\/strong><\/h2> <p>Parce que les sp\u00e9cifications du concasseur de bouteilles en plastique en PET fourni par notre entreprise sont diverses. Nos lames sont fabriqu\u00e9es avec des mat\u00e9riaux en acier sp\u00e9cial, durables et tranchants. Le prix d'un concasseur de bouteilles en plastique varie en fonction des mat\u00e9riaux de la machine, des capacit\u00e9s, etc. Nous avons besoin de conna\u00eetre vos informations sp\u00e9cifiques, y compris le pays, l'\u00e9quipement achet\u00e9 et la quantit\u00e9. Le prix que nous pouvons vous proposer est tr\u00e8s comp\u00e9titif. Vous pouvez obtenir notre derni\u00e8re liste de prix en nous contactant d\u00e8s maintenant.<\/p> <h2><strong>Signification du recyclage des bouteilles en plastique en PET <\/strong><strong>Machine<\/strong><\/h2> <p class=\"translation-block\">En raison de sa l\u00e9g\u00e8ret\u00e9, de sa s\u00e9curit\u00e9 et de sa grande plasticit\u00e9, <a href=\"https:\/\/en.wikipedia.org\/wiki\/Pet\" target=\"_blank\" rel=\"noopener\">le PET<\/a> est souvent utilis\u00e9 comme mat\u00e9riau d'emballage alimentaire ainsi que pour les emballages pharmaceutiques et cosm\u00e9tiques. Mais avec le temps, nous avons constat\u00e9 que la commodit\u00e9 s'accompagnait de la gestion des emballages de produits. Sans une gestion raisonnable des d\u00e9chets plastiques en augmentation, cela entra\u00eenera davantage de probl\u00e8mes environnementaux. L'invention du broyeur de PET a ing\u00e9nieusement r\u00e9solu le probl\u00e8me de l'\u00e9limination des bouteilles en plastique usag\u00e9es. Elle atteint efficacement l'objectif d'un taux de conversion \u00e9lev\u00e9, d'une faible consommation d'\u00e9nergie et d'une pollution nulle.<\/p>","protected":false},"excerpt":{"rendered":"<p>La machine de concassage de bouteilles en PET est l'un des \u00e9quipements de la ligne de recyclage des bouteilles en PET. Le but principal du concasseur de bouteilles en PET est de briser les bouteilles en PET compl\u00e8tes en morceaux. C'est un \u00e9quipement indispensable pour les clients travaillant dans l'industrie du recyclage des bouteilles en plastique.<\/p>","protected":false},"featured_media":5614,"template":"","meta":{"site-sidebar-layout":"default","site-content-layout":"default","ast-site-content-layout":"default","site-content-style":"default","site-sidebar-style":"default","ast-global-header-display":"","ast-banner-title-visibility":"","ast-main-header-display":"","ast-hfb-above-header-display":"","ast-hfb-below-header-display":"","ast-hfb-mobile-header-display":"","site-post-title":"","ast-breadcrumbs-content":"","ast-featured-img":"","footer-sml-layout":"","ast-disable-related-posts":"","theme-transparent-header-meta":"default","adv-header-id-meta":"","stick-header-meta":"default","header-above-stick-meta":"","header-main-stick-meta":"","header-below-stick-meta":"","astra-migrate-meta-layouts":"set","ast-page-background-enabled":"default","ast-page-background-meta":{"desktop":{"background-color":"","background-image":"","background-repeat":"repeat","background-position":"center center","background-size":"auto","background-attachment":"scroll","background-type":"","background-media":"","overlay-type":"","overlay-color":"","overlay-opacity":"","overlay-gradient":""},"tablet":{"background-color":"","background-image":"","background-repeat":"repeat","background-position":"center center","background-size":"auto","background-attachment":"scroll","background-type":"","background-media":"","overlay-type":"","overlay-color":"","overlay-opacity":"","overlay-gradient":""},"mobile":{"background-color":"","background-image":"","background-repeat":"repeat","background-position":"center center","background-size":"auto","background-attachment":"scroll","background-type":"","background-media":"","overlay-type":"","overlay-color":"","overlay-opacity":"","overlay-gradient":""}},"ast-content-background-meta":{"desktop":{"background-color":"var(--ast-global-color-5)","background-image":"","background-repeat":"repeat","background-position":"center center","background-size":"auto","background-attachment":"scroll","background-type":"","background-media":"","overlay-type":"","overlay-color":"","overlay-opacity":"","overlay-gradient":""},"tablet":{"background-color":"var(--ast-global-color-5)","background-image":"","background-repeat":"repeat","background-position":"center center","background-size":"auto","background-attachment":"scroll","background-type":"","background-media":"","overlay-type":"","overlay-color":"","overlay-opacity":"","overlay-gradient":""},"mobile":{"background-color":"var(--ast-global-color-5)","background-image":"","background-repeat":"repeat","background-position":"center center","background-size":"auto","background-attachment":"scroll","background-type":"","background-media":"","overlay-type":"","overlay-color":"","overlay-opacity":"","overlay-gradient":""}}},"product_brand":[],"product_cat":[36],"product_tag":[87],"class_list":{"0":"post-5426","1":"product","2":"type-product","3":"status-publish","4":"has-post-thumbnail","6":"product_cat-plastic-recycling-machine","7":"product_tag-pet-crusher","8":"desktop-align-center","9":"tablet-align-center","10":"mobile-align-center","12":"first","13":"instock","14":"shipping-taxable","15":"product-type-simple"},"_links":{"self":[{"href":"https:\/\/recyclingequipinc.com\/fr\/wp-json\/wp\/v2\/product\/5426","targetHints":{"allow":["GET"]}}],"collection":[{"href":"https:\/\/recyclingequipinc.com\/fr\/wp-json\/wp\/v2\/product"}],"about":[{"href":"https:\/\/recyclingequipinc.com\/fr\/wp-json\/wp\/v2\/types\/product"}],"version-history":[{"count":0,"href":"https:\/\/recyclingequipinc.com\/fr\/wp-json\/wp\/v2\/product\/5426\/revisions"}],"wp:featuredmedia":[{"embeddable":true,"href":"https:\/\/recyclingequipinc.com\/fr\/wp-json\/wp\/v2\/media\/5614"}],"wp:attachment":[{"href":"https:\/\/recyclingequipinc.com\/fr\/wp-json\/wp\/v2\/media?parent=5426"}],"wp:term":[{"taxonomy":"product_brand","embeddable":true,"href":"https:\/\/recyclingequipinc.com\/fr\/wp-json\/wp\/v2\/product_brand?post=5426"},{"taxonomy":"product_cat","embeddable":true,"href":"https:\/\/recyclingequipinc.com\/fr\/wp-json\/wp\/v2\/product_cat?post=5426"},{"taxonomy":"product_tag","embeddable":true,"href":"https:\/\/recyclingequipinc.com\/fr\/wp-json\/wp\/v2\/product_tag?post=5426"}],"curies":[{"name":"wp","href":"https:\/\/api.w.org\/{rel}","templated":true}]}}