{"id":5411,"date":"2021-12-13T09:57:29","date_gmt":"2021-12-13T09:57:29","guid":{"rendered":"https:\/\/recyclingequipinc.com\/?post_type=product&#038;p=5411"},"modified":"2025-01-20T10:16:53","modified_gmt":"2025-01-20T02:16:53","slug":"machine-de-recyclage-de-granules-de-mousse-epe","status":"publish","type":"product","link":"https:\/\/recyclingequipinc.com\/fr\/product\/epe-foam-pelletizer-recycling-machine\/","title":{"rendered":"Granulateur de mousse EPE | Machine de recyclage de mousse de coton perle EPE"},"content":{"rendered":"<p>La granulatrice de mousse EPE est principalement utilis\u00e9e pour granuler les d\u00e9chets de coton perle, les emballages en mousse de poly\u00e9thyl\u00e8ne expans\u00e9, les mat\u00e9riaux d'isolation, les parties ext\u00e9rieures d'appareils \u00e9lectriques et autres d\u00e9chets de mousse EPE. La machine de recyclage de mousse EPE est con\u00e7ue pour transformer les mat\u00e9riaux de coton perle EPE en particules, qui peuvent \u00eatre utilis\u00e9es pour le retraitement et l'utilisation. L'ensemble de granulation complet comprend principalement le broyage de la mousse de d\u00e9chets, la plastification, le refroidissement et la coupe des grains. La machine de recyclage de mousse EPE\/PE pr\u00e9sente des caract\u00e9ristiques de conception raisonnable, degr\u00e9 d'automatisation \u00e9lev\u00e9, fonctionnement stable et large application.<\/p> <h2>Introduction \u00e0 la mousse EPE<\/h2> <p><img fetchpriority=\"high\" decoding=\"async\" class=\"size-full wp-image-5414\" src=\"https:\/\/recyclingequipinc.com\/wp-content\/uploads\/2021\/12\/epe-foam-pelletizing-machine.jpg\" alt=\"Machine de granulation de mousse EPE\" width=\"720\" height=\"540\" srcset=\"https:\/\/recyclingequipinc.com\/wp-content\/uploads\/2021\/12\/epe-foam-pelletizing-machine.jpg 720w, https:\/\/recyclingequipinc.com\/wp-content\/uploads\/2021\/12\/epe-foam-pelletizing-machine-300x225.jpg 300w, https:\/\/recyclingequipinc.com\/wp-content\/uploads\/2021\/12\/epe-foam-pelletizing-machine-600x450.jpg 600w\" sizes=\"(max-width: 720px) 100vw, 720px\" \/><\/p> <p>L'EPE (poly\u00e9thyl\u00e8ne expans\u00e9) est \u00e9galement connu sous le nom de coton perle. La mousse EPE est un nouveau mat\u00e9riau d'emballage respectueux de l'environnement. Il est compos\u00e9 de nombreuses bulles ind\u00e9pendantes g\u00e9n\u00e9r\u00e9es par l'expansion physique de la graisse de poly\u00e9thyl\u00e8ne basse densit\u00e9. Il surmonte les inconv\u00e9nients de la mousse EPS ordinaire, tels que la fragilit\u00e9, la d\u00e9formation et la mauvaise r\u00e9cup\u00e9ration. Il pr\u00e9sente les avantages d'\u00eatre imperm\u00e9able \u00e0 l'eau et \u00e0 l'humidit\u00e9, antichoc, isolant acoustique, isolant thermique, bonne plasticit\u00e9, grande r\u00e9sistance, recyclage, r\u00e9sistance aux chocs \u00e9lev\u00e9e et une bonne r\u00e9sistance chimique.<\/p> <p>En tant que substitut id\u00e9al aux mat\u00e9riaux d'emballage traditionnels, la mousse EPE ou le coton perle est largement utilis\u00e9 dans l'emballage d'une large gamme de mat\u00e9riaux, tels que les produits \u00e9lectroniques, les \u00e9quipements industriels, les objets artisanaux, le verre, la c\u00e9ramique, les appareils m\u00e9nagers, les meubles, les vins et les emballages de cadeaux, les jouets, les fruits, les articles de premi\u00e8re n\u00e9cessit\u00e9 et autres produits.<\/p> <h2>Structure de la granulatrice de mousse EPE<\/h2> <p>La machine de granulation de mousse EPE contient principalement l'entr\u00e9e, le r\u00e9ducteur \u00e0 engrenages, la sortie, la partie de chauffage, la t\u00eate de fili\u00e8re, l'armoire de distribution \u00e9lectrique, etc.<\/p> <figure id=\"attachment_5420\" aria-describedby=\"caption-attachment-5420\" style=\"width: 720px\" class=\"wp-caption alignnone\"><img decoding=\"async\" class=\"size-full wp-image-5420\" src=\"https:\/\/recyclingequipinc.com\/wp-content\/uploads\/2021\/12\/epe-foam-recycling-machine-structure-1.jpg\" alt=\"Structure de la machine de recyclage de mousse EPE 1\" width=\"720\" height=\"540\" srcset=\"https:\/\/recyclingequipinc.com\/wp-content\/uploads\/2021\/12\/epe-foam-recycling-machine-structure-1.jpg 720w, https:\/\/recyclingequipinc.com\/wp-content\/uploads\/2021\/12\/epe-foam-recycling-machine-structure-1-300x225.jpg 300w, https:\/\/recyclingequipinc.com\/wp-content\/uploads\/2021\/12\/epe-foam-recycling-machine-structure-1-600x450.jpg 600w\" sizes=\"(max-width: 720px) 100vw, 720px\" \/><figcaption id=\"caption-attachment-5420\" class=\"wp-caption-text\">Structure de la machine de recyclage de mousse EPE 1<\/figcaption><\/figure> <h2>Points forts de la granulatrice de mousse de coton perle<\/h2> <p>La machine de granulation de mousse de coton perle pr\u00e9sente de nombreux avantages et est souvent utilis\u00e9e dans les lignes de recyclage.<\/p> <ol> <li>La granulatrice de mousse EPE adopte un tube conique \u00e0 vis avec une vitesse d'alimentation rapide<\/li> <li>Contr\u00f4le automatique de la temp\u00e9rature, temp\u00e9rature de chauffage stable. La temp\u00e9rature atteint environ 200 degr\u00e9s Celsius.<\/li> <li>R\u00e9ducteur \u00e0 surface d'engrenage dur, assurant un fonctionnement stable avec peu de bruit et une longue dur\u00e9e de vie.<\/li> <li>Les particules r\u00e9g\u00e9n\u00e9r\u00e9es peuvent am\u00e9liorer efficacement la structure mol\u00e9culaire du mat\u00e9riau, et le plastique trait\u00e9 pr\u00e9sente une bonne finition, une surface lisse et sans pores.<\/li> <li>Les anneaux de chauffage \u00e9lectromagn\u00e9tiques et \u00e9lectriques chauffent rapidement et ont un bon effet d'isolation thermique.<\/li> <li>Le moule \u00e9lectrique permet de changer automatiquement la fili\u00e8re sans arr\u00eater la machine, r\u00e9alisant ainsi une efficacit\u00e9 de production \u00e9lev\u00e9e.<\/li> <li>Les bandes extraites sont uniformes et peuvent \u00eatre associ\u00e9es \u00e0 la machine de coupe de grains int\u00e9gr\u00e9e pour r\u00e9aliser la granulation.<\/li> <li>Plusieurs mod\u00e8les sont disponibles. Sp\u00e9cifications courantes : SL-160 et SL-180.<\/li> <\/ol> <p><img decoding=\"async\" class=\"size-full wp-image-5418\" src=\"https:\/\/recyclingequipinc.com\/wp-content\/uploads\/2021\/12\/epe-foam-pelletizer-machine.jpg\" alt=\"Machine de granulation de mousse de coton perle\" width=\"720\" height=\"540\" srcset=\"https:\/\/recyclingequipinc.com\/wp-content\/uploads\/2021\/12\/epe-foam-pelletizer-machine.jpg 720w, https:\/\/recyclingequipinc.com\/wp-content\/uploads\/2021\/12\/epe-foam-pelletizer-machine-300x225.jpg 300w, https:\/\/recyclingequipinc.com\/wp-content\/uploads\/2021\/12\/epe-foam-pelletizer-machine-600x450.jpg 600w\" sizes=\"(max-width: 720px) 100vw, 720px\" \/><\/p> <h2>La principale diff\u00e9rence entre la granulatrice EPE et la granulatrice EPS<\/h2> <p class=\"translation-block\">Le pelletiseur de mousse EPE adopte un design de structure int\u00e9gr\u00e9e, combinant l'\u00e9quipement principal et auxiliaire de pelletisation, tandis que le<a href=\"https:\/\/recyclingequipinc.com\/fr\/produit\/machine-de-granulation-de-mousse-eps\/\"> machine \u00e0 pelletiser EPS<\/a> implique les deux parties.<\/p> <figure id=\"attachment_5385\" aria-describedby=\"caption-attachment-5385\" style=\"width: 750px\" class=\"wp-caption alignnone\"><img loading=\"lazy\" decoding=\"async\" class=\"size-full wp-image-5385\" src=\"https:\/\/recyclingequipinc.com\/wp-content\/uploads\/2021\/12\/foam-recycling-line.jpg\" alt=\"Ligne de recyclage de mousse\" width=\"750\" height=\"866\" srcset=\"https:\/\/recyclingequipinc.com\/wp-content\/uploads\/2021\/12\/foam-recycling-line.jpg 750w, https:\/\/recyclingequipinc.com\/wp-content\/uploads\/2021\/12\/foam-recycling-line-260x300.jpg 260w, https:\/\/recyclingequipinc.com\/wp-content\/uploads\/2021\/12\/foam-recycling-line-600x693.jpg 600w\" sizes=\"(max-width: 750px) 100vw, 750px\" \/><figcaption id=\"caption-attachment-5385\" class=\"wp-caption-text\">Ligne de recyclage de mousse<\/figcaption><\/figure> <h2>Param\u00e8tre (SL-160)<\/h2> <table> <tbody> <tr> <td width=\"284\">Mod\u00e8le<\/td> <td width=\"284\">SL-160<\/td> <\/tr> <tr> <td width=\"284\">Machine size<\/td> <td width=\"284\">3400*2100*1600mm<\/td> <\/tr> <tr> <td width=\"284\">Taille de l'entr\u00e9e<\/td> <td width=\"284\">780*780mm<\/td> <\/tr> <tr> <td width=\"284\">Puissance<\/td> <td width=\"284\">30 kW<\/td> <\/tr> <tr> <td width=\"284\">Capacit\u00e9<\/td> <td width=\"284\">150-200kg\/h<\/td> <\/tr> <tr> <td width=\"284\">M\u00e9thode de chauffage<\/td> <td width=\"284\">Anneau de chauffage<\/td> <\/tr> <\/tbody> <\/table>","protected":false},"excerpt":{"rendered":"<p>La granulatrice de mousse EPE est principalement utilis\u00e9e pour granuler les d\u00e9chets de coton perle, les emballages en mousse de poly\u00e9thyl\u00e8ne expans\u00e9, les mat\u00e9riaux d'isolation, les parties ext\u00e9rieures d'appareils \u00e9lectriques et autres d\u00e9chets de mousse EPE. La machine de recyclage de mousse EPE est con\u00e7ue pour transformer les mat\u00e9riaux de coton perle EPE en particules, qui peuvent \u00eatre utilis\u00e9es pour le retraitement et l'utilisation.<\/p>","protected":false},"featured_media":5422,"template":"","meta":{"site-sidebar-layout":"default","site-content-layout":"default","ast-site-content-layout":"default","site-content-style":"default","site-sidebar-style":"default","ast-global-header-display":"","ast-banner-title-visibility":"","ast-main-header-display":"","ast-hfb-above-header-display":"","ast-hfb-below-header-display":"","ast-hfb-mobile-header-display":"","site-post-title":"","ast-breadcrumbs-content":"","ast-featured-img":"","footer-sml-layout":"","ast-disable-related-posts":"","theme-transparent-header-meta":"default","adv-header-id-meta":"","stick-header-meta":"default","header-above-stick-meta":"","header-main-stick-meta":"","header-below-stick-meta":"","astra-migrate-meta-layouts":"set","ast-page-background-enabled":"default","ast-page-background-meta":{"desktop":{"background-color":"","background-image":"","background-repeat":"repeat","background-position":"center center","background-size":"auto","background-attachment":"scroll","background-type":"","background-media":"","overlay-type":"","overlay-color":"","overlay-opacity":"","overlay-gradient":""},"tablet":{"background-color":"","background-image":"","background-repeat":"repeat","background-position":"center center","background-size":"auto","background-attachment":"scroll","background-type":"","background-media":"","overlay-type":"","overlay-color":"","overlay-opacity":"","overlay-gradient":""},"mobile":{"background-color":"","background-image":"","background-repeat":"repeat","background-position":"center center","background-size":"auto","background-attachment":"scroll","background-type":"","background-media":"","overlay-type":"","overlay-color":"","overlay-opacity":"","overlay-gradient":""}},"ast-content-background-meta":{"desktop":{"background-color":"var(--ast-global-color-5)","background-image":"","background-repeat":"repeat","background-position":"center center","background-size":"auto","background-attachment":"scroll","background-type":"","background-media":"","overlay-type":"","overlay-color":"","overlay-opacity":"","overlay-gradient":""},"tablet":{"background-color":"var(--ast-global-color-5)","background-image":"","background-repeat":"repeat","background-position":"center center","background-size":"auto","background-attachment":"scroll","background-type":"","background-media":"","overlay-type":"","overlay-color":"","overlay-opacity":"","overlay-gradient":""},"mobile":{"background-color":"var(--ast-global-color-5)","background-image":"","background-repeat":"repeat","background-position":"center center","background-size":"auto","background-attachment":"scroll","background-type":"","background-media":"","overlay-type":"","overlay-color":"","overlay-opacity":"","overlay-gradient":""}}},"product_brand":[],"product_cat":[36],"product_tag":[66],"class_list":{"0":"post-5411","1":"product","2":"type-product","3":"status-publish","4":"has-post-thumbnail","6":"product_cat-plastic-recycling-machine","7":"product_tag-foam-pelletizer","8":"desktop-align-center","9":"tablet-align-center","10":"mobile-align-center","12":"first","13":"instock","14":"shipping-taxable","15":"product-type-simple"},"_links":{"self":[{"href":"https:\/\/recyclingequipinc.com\/fr\/wp-json\/wp\/v2\/product\/5411","targetHints":{"allow":["GET"]}}],"collection":[{"href":"https:\/\/recyclingequipinc.com\/fr\/wp-json\/wp\/v2\/product"}],"about":[{"href":"https:\/\/recyclingequipinc.com\/fr\/wp-json\/wp\/v2\/types\/product"}],"version-history":[{"count":0,"href":"https:\/\/recyclingequipinc.com\/fr\/wp-json\/wp\/v2\/product\/5411\/revisions"}],"wp:featuredmedia":[{"embeddable":true,"href":"https:\/\/recyclingequipinc.com\/fr\/wp-json\/wp\/v2\/media\/5422"}],"wp:attachment":[{"href":"https:\/\/recyclingequipinc.com\/fr\/wp-json\/wp\/v2\/media?parent=5411"}],"wp:term":[{"taxonomy":"product_brand","embeddable":true,"href":"https:\/\/recyclingequipinc.com\/fr\/wp-json\/wp\/v2\/product_brand?post=5411"},{"taxonomy":"product_cat","embeddable":true,"href":"https:\/\/recyclingequipinc.com\/fr\/wp-json\/wp\/v2\/product_cat?post=5411"},{"taxonomy":"product_tag","embeddable":true,"href":"https:\/\/recyclingequipinc.com\/fr\/wp-json\/wp\/v2\/product_tag?post=5411"}],"curies":[{"name":"wp","href":"https:\/\/api.w.org\/{rel}","templated":true}]}}