{"id":5377,"date":"2021-12-08T07:06:59","date_gmt":"2021-12-08T07:06:59","guid":{"rendered":"https:\/\/recyclingequipinc.com\/?post_type=product&#038;p=5377"},"modified":"2025-01-20T10:17:19","modified_gmt":"2025-01-20T02:17:19","slug":"machine-de-granulation-de-mousse-eps","status":"publish","type":"product","link":"https:\/\/recyclingequipinc.com\/fr\/product\/eps-foam-pelletizing-machine\/","title":{"rendered":"Machine de pelletisation EPS | Machine de recyclage de polystyr\u00e8ne"},"content":{"rendered":"<p>Une machine de granulation EPS est une machine de recyclage sp\u00e9ciale pour broyer et granuler les d\u00e9chets de polystyr\u00e8ne ou de polystyr\u00e8ne expansible (EPS). Le pelletiseur EPS a une conception raisonnable, un degr\u00e9 \u00e9lev\u00e9 d'automatisation et une technologie de pointe sans pollution. Les particules de plastique produites sont de taille et de luminosit\u00e9 uniformes. Les granul\u00e9s produits sont largement utilis\u00e9s, tels que les mat\u00e9riaux d'isolation des murs, les mat\u00e9riaux d'emballage de produits et les mat\u00e9riaux auxiliaires pour certains produits.<\/p> <p>De nos jours, la quantit\u00e9 de polystyr\u00e8ne expansible (PSE) augmente rapidement. Ces d\u00e9chets de mousse de polystyr\u00e8ne sont l\u00e9gers, volumineux, r\u00e9sistants au vieillissement et difficiles \u00e0 corroder, ils sont donc devenus un probl\u00e8me majeur dans l'\u00e9limination des d\u00e9chets. Ces derni\u00e8res ann\u00e9es, le recyclage de la mousse EPS a attir\u00e9 de plus en plus d'attention et la valorisation du polystyr\u00e8ne expans\u00e9 a de larges perspectives. Les machines de granulation EPS sont souvent utilis\u00e9es dans les lignes de recyclage des plastiques et deviennent de plus en plus populaires dans l'industrie du recyclage. Outre la machine de granulation de mousse EPS, nous proposons \u00e9galement des granulateurs de coton EPE\/Pearl.<\/p> <div class=\"ast-oembed-container\" style=\"height: 100%;\"><iframe title=\"La mousse de polystyr\u00e8ne est-elle recyclable\u00a0? Pelletiseur de granulateur de machine de recyclage d&#039;EPE EPS\/styromousse pour vous\" width=\"500\" height=\"281\" src=\"https:\/\/www.youtube.com\/embed\/Yef7vuJI6-Q?list=PLmQgsSbeu0tXsNBww95upbWcnO_cYfyh4\" frameborder=\"0\" allow=\"accelerometer; autoplay; clipboard-write; encrypted-media; gyroscope; picture-in-picture; web-share\" referrerpolicy=\"strict-origin-when-cross-origin\" allowfullscreen><\/iframe><\/div> <p><img fetchpriority=\"high\" decoding=\"async\" class=\"size-full wp-image-5385\" src=\"https:\/\/recyclingequipinc.com\/wp-content\/uploads\/2021\/12\/foam-recycling-line.jpg\" alt=\"Ligne de recyclage de mousse\" width=\"750\" height=\"866\" srcset=\"https:\/\/recyclingequipinc.com\/wp-content\/uploads\/2021\/12\/foam-recycling-line.jpg 750w, https:\/\/recyclingequipinc.com\/wp-content\/uploads\/2021\/12\/foam-recycling-line-260x300.jpg 260w, https:\/\/recyclingequipinc.com\/wp-content\/uploads\/2021\/12\/foam-recycling-line-600x693.jpg 600w\" sizes=\"(max-width: 750px) 100vw, 750px\" \/><\/p> <h2>Application de la machine \u00e0 granuler EPS<\/h2> <p class=\"translation-block\">La machine de granulation de mousse EPS est utilis\u00e9e pour traiter le polystyr\u00b0ne provenant des boeetes de restauration rapide usage9es, des appareils me9nagers, des mousses de9livrables de9lai s pour protection, et ainsi de suite afin qulle puisse se transformer en billes recycle9es de mousse EPS. La mousse plastique traite9e par un<a href=\"https:\/\/recyclingequipinc.com\/fr\/produit\/machine-de-fusion-chaude-en-mousse-eps-epe\/\"> densificateur de fusion EPS<\/a> est e9galement applicable. Ce plastique recycle9 peut eatre utilise9 pour produire diverses matie8res isolantes, des emballages, des jouets et des appareils e9lectriques, et ainsi de suite.<\/p> <div id='gallery-1' class='gallery galleryid-5377 gallery-columns-2 gallery-size-full'><figure class='gallery-item'> \t\t\t<div class='gallery-icon landscape'> \t\t\t\t<img decoding=\"async\" width=\"720\" height=\"540\" src=\"https:\/\/recyclingequipinc.com\/wp-content\/uploads\/2021\/12\/box-inserts-and-packing-peanut.webp\" class=\"attachment-full size-full\" alt=\"inserts de bo\u00eetes et cacahu\u00e8tes d&#039;emballage\" aria-describedby=\"gallery-1-16875\" srcset=\"https:\/\/recyclingequipinc.com\/wp-content\/uploads\/2021\/12\/box-inserts-and-packing-peanut.webp 720w, https:\/\/recyclingequipinc.com\/wp-content\/uploads\/2021\/12\/box-inserts-and-packing-peanut-300x225.webp 300w, https:\/\/recyclingequipinc.com\/wp-content\/uploads\/2021\/12\/box-inserts-and-packing-peanut-16x12.webp 16w\" sizes=\"(max-width: 720px) 100vw, 720px\" \/> \t\t\t<\/div> \t\t\t\t<figcaption class='wp-caption-text gallery-caption' id='gallery-1-16875'> \t\t\t\tinserts de bo\u00eetes et cacahu\u00e8tes d'emballage \t\t\t\t<\/figcaption><\/figure><figure class='gallery-item'> \t\t\t<div class='gallery-icon landscape'> \t\t\t\t<img decoding=\"async\" width=\"720\" height=\"540\" src=\"https:\/\/recyclingequipinc.com\/wp-content\/uploads\/2021\/12\/EPS-pellets.webp\" class=\"attachment-full size-full\" alt=\"\" aria-describedby=\"gallery-1-16876\" srcset=\"https:\/\/recyclingequipinc.com\/wp-content\/uploads\/2021\/12\/EPS-pellets.webp 720w, https:\/\/recyclingequipinc.com\/wp-content\/uploads\/2021\/12\/EPS-pellets-300x225.webp 300w, https:\/\/recyclingequipinc.com\/wp-content\/uploads\/2021\/12\/EPS-pellets-16x12.webp 16w\" sizes=\"(max-width: 720px) 100vw, 720px\" \/> \t\t\t<\/div> \t\t\t\t<figcaption class='wp-caption-text gallery-caption' id='gallery-1-16876'> \t\t\t\tgranul\u00e9s de PSE recycl\u00e9s \t\t\t\t<\/figcaption><\/figure> \t\t<\/div>  <h2>Avantages exceptionnels de la machine \u00e0 granuler EPS<\/h2> <p>1. Les vis de la machine principale et de la machine auxiliaire sont en acier 45# trait\u00e9 thermiquement. Elles ont de bonnes propri\u00e9t\u00e9s m\u00e9caniques globales.<br \/> 2. Le moteur est \u00e9quip\u00e9 de deux r\u00e9ducteurs \u00e0 engrenages, ce qui permet un fonctionnement stable et une longue dur\u00e9e de vie.<br \/> 3. Le granulateur de mousse EPS adopte un f\u00fbt \u00e0 vis conique, ce qui permet un d\u00e9bit \u00e9lev\u00e9 et une production \u00e9lev\u00e9e.<br \/> 4. Les machines principales et auxiliaires sont utilis\u00e9es ensemble pour soutenir la production. La temp\u00e9rature de chauffage est stable, la structure mol\u00e9culaire du mat\u00e9riau est am\u00e9lior\u00e9e de mani\u00e8re efficace, la perm\u00e9abilit\u00e9 \u00e0 l'air est am\u00e9lior\u00e9e et la qualit\u00e9 des particules est nettement am\u00e9lior\u00e9e. La temp\u00e9rature de la machine principale est de 200 degr\u00e9s Celsius et la temp\u00e9rature de la machine auxiliaire est de 180 degr\u00e9s Celsius.<br \/> 5. Il existe deux m\u00e9thodes de chauffage au choix. \u00c9lectromagn\u00e9tique (temps de chauffage de 10 \u00e0 15 minutes), tube de chauffage \u00e9lectrique \/ anneau de chauffage \u00e9lectrique (30 \u00e0 40 minutes)<br \/> 6. La machine \u00e0 granuler la mousse EPS comprend principalement la partie concassage, les machines principales et auxiliaires, le moule \u00e9lectrique.<br \/> 7. Adoptez un moule de changement d'\u00e9cran \u00e9lectrique sans interruption pour atteindre une efficacit\u00e9 de production \u00e9lev\u00e9e.<br \/> 8. La machine \u00e0 granuler EPS est souvent associ\u00e9e \u00e0 un concasseur de mousse, \u00e0 un r\u00e9servoir de refroidissement \u00e0 l'eau et \u00e0 une machine de d\u00e9coupe de grains en plastique, qui sont tous souvent utilis\u00e9s dans les lignes de recyclage de la mousse.<\/p> <figure id=\"attachment_5380\" aria-describedby=\"caption-attachment-5380\" style=\"width: 720px\" class=\"wp-caption alignnone\"><img loading=\"lazy\" decoding=\"async\" class=\"size-full wp-image-5380\" src=\"https:\/\/recyclingequipinc.com\/wp-content\/uploads\/2021\/12\/EPS-pelletizer-machine-structure-details.jpg\" alt=\"D\u00e9tails de la structure de la machine \u00e0 granuler EPS\" width=\"720\" height=\"540\" srcset=\"https:\/\/recyclingequipinc.com\/wp-content\/uploads\/2021\/12\/EPS-pelletizer-machine-structure-details.jpg 720w, https:\/\/recyclingequipinc.com\/wp-content\/uploads\/2021\/12\/EPS-pelletizer-machine-structure-details-300x225.jpg 300w, https:\/\/recyclingequipinc.com\/wp-content\/uploads\/2021\/12\/EPS-pelletizer-machine-structure-details-600x450.jpg 600w\" sizes=\"(max-width: 720px) 100vw, 720px\" \/><figcaption id=\"caption-attachment-5380\" class=\"wp-caption-text\">D\u00e9tails de la structure de la machine \u00e0 granuler EPS<\/figcaption><\/figure> <figure id=\"attachment_5386\" aria-describedby=\"caption-attachment-5386\" style=\"width: 750px\" class=\"wp-caption alignnone\"><img loading=\"lazy\" decoding=\"async\" class=\"size-full wp-image-5386\" src=\"https:\/\/recyclingequipinc.com\/wp-content\/uploads\/2021\/12\/EPS-pelletizer-machine-details.jpg\" alt=\"D\u00e9tails de la machine \u00e0 granuler EPS\" width=\"750\" height=\"1163\" srcset=\"https:\/\/recyclingequipinc.com\/wp-content\/uploads\/2021\/12\/EPS-pelletizer-machine-details.jpg 750w, https:\/\/recyclingequipinc.com\/wp-content\/uploads\/2021\/12\/EPS-pelletizer-machine-details-193x300.jpg 193w, https:\/\/recyclingequipinc.com\/wp-content\/uploads\/2021\/12\/EPS-pelletizer-machine-details-660x1024.jpg 660w, https:\/\/recyclingequipinc.com\/wp-content\/uploads\/2021\/12\/EPS-pelletizer-machine-details-600x930.jpg 600w\" sizes=\"(max-width: 750px) 100vw, 750px\" \/><figcaption id=\"caption-attachment-5386\" class=\"wp-caption-text\">D\u00e9tails de la machine \u00e0 granuler EPS<\/figcaption><\/figure> <h2>Principe de fonctionnement du granulateur EPS<\/h2> <p>La machine \u00e0 granuler EPS est r\u00e9alis\u00e9e par le processus de broyage, de plastification, de d\u00e9nudage et de granulation de la mousse. La fonction principale de cette machine est de dissoudre la vieille mousse apr\u00e8s avoir \u00e9t\u00e9 broy\u00e9e par le concasseur de mousse, afin d'obtenir de petits granul\u00e9s par le processus de plastification, de d\u00e9coupe en bande et de d\u00e9coupe en grains. afin de faciliter la r\u00e9g\u00e9n\u00e9ration et la r\u00e9utilisation.<\/p> <div id='gallery-2' class='gallery galleryid-5377 gallery-columns-2 gallery-size-full'><figure class='gallery-item'> \t\t\t<div class='gallery-icon landscape'> \t\t\t\t<img loading=\"lazy\" decoding=\"async\" width=\"720\" height=\"540\" src=\"https:\/\/recyclingequipinc.com\/wp-content\/uploads\/2021\/12\/eps-recycling-machine.webp\" class=\"attachment-full size-full\" alt=\"machine de recyclage ENV\" aria-describedby=\"gallery-2-16856\" srcset=\"https:\/\/recyclingequipinc.com\/wp-content\/uploads\/2021\/12\/eps-recycling-machine.webp 720w, https:\/\/recyclingequipinc.com\/wp-content\/uploads\/2021\/12\/eps-recycling-machine-300x225.webp 300w, https:\/\/recyclingequipinc.com\/wp-content\/uploads\/2021\/12\/eps-recycling-machine-16x12.webp 16w\" sizes=\"(max-width: 720px) 100vw, 720px\" \/> \t\t\t<\/div> \t\t\t\t<figcaption class='wp-caption-text gallery-caption' id='gallery-2-16856'> \t\t\t\tmachine de recyclage ENV \t\t\t\t<\/figcaption><\/figure><figure class='gallery-item'> \t\t\t<div class='gallery-icon landscape'> \t\t\t\t<img loading=\"lazy\" decoding=\"async\" width=\"720\" height=\"540\" src=\"https:\/\/recyclingequipinc.com\/wp-content\/uploads\/2021\/12\/eps-polystyrene-recycling-machine.webp\" class=\"attachment-full size-full\" alt=\"machine de recyclage de polystyr\u00e8ne EPS\" aria-describedby=\"gallery-2-16854\" srcset=\"https:\/\/recyclingequipinc.com\/wp-content\/uploads\/2021\/12\/eps-polystyrene-recycling-machine.webp 720w, https:\/\/recyclingequipinc.com\/wp-content\/uploads\/2021\/12\/eps-polystyrene-recycling-machine-300x225.webp 300w, https:\/\/recyclingequipinc.com\/wp-content\/uploads\/2021\/12\/eps-polystyrene-recycling-machine-16x12.webp 16w\" sizes=\"(max-width: 720px) 100vw, 720px\" \/> \t\t\t<\/div> \t\t\t\t<figcaption class='wp-caption-text gallery-caption' id='gallery-2-16854'> \t\t\t\tmachine de recyclage de polystyr\u00e8ne EPS \t\t\t\t<\/figcaption><\/figure> \t\t<\/div>  <h2>Vid\u00e9o de la machine \u00e0 granuler EPS<\/h2> <div class=\"ast-oembed-container\" style=\"height: 100%;\"><iframe title=\"Profitez de la machine de granulation EPS pour d\u00e9marrer une entreprise prometteuse de recyclage des d\u00e9chets de polystyr\u00e8ne\" width=\"500\" height=\"281\" src=\"https:\/\/www.youtube.com\/embed\/O7APvAkmS0M?feature=oembed\" frameborder=\"0\" allow=\"accelerometer; autoplay; clipboard-write; encrypted-media; gyroscope; picture-in-picture; web-share\" referrerpolicy=\"strict-origin-when-cross-origin\" allowfullscreen><\/iframe><\/div> <h2>Param\u00e8tre de la machine \u00e0 granuler EPS<\/h2> <p>Le mod\u00e8le de la machine \u00e0 granuler EPS est bas\u00e9 sur les diff\u00e9rents diam\u00e8tres de l'arbre de vis. Pour des besoins sp\u00e9cifiques, nous proposons \u00e9galement des services personnalis\u00e9s.<\/p> <table> <tbody> <tr> <td width=\"67\">Mod\u00e8le<\/td> <td width=\"328\">Sp\u00e9cification<\/td> <\/tr> <tr> <td width=\"67\">Mod\u00e8le : 220+150<\/p> <p>&nbsp;<\/p> <p>&nbsp;<\/td> <td width=\"328\">Machine \u00e0 granuler avec concasseur<\/p> <p>Puissance : 15 kW + 5,5 kW<\/p> <p>Capacit\u00e9 : 150-200 kg\/h<\/p> <p>Double r\u00e9ducteur \u00e0 engrenages<\/td> <\/tr> <tr> <td width=\"67\">Mod\u00e8le : 270+150<\/p> <p>&nbsp;<\/td> <td width=\"328\">Machine \u00e0 granuler avec concasseur<\/p> <p>Puissance : 18,5 kW + 5,5 kW<\/p> <p>Capacit\u00e9 : 200-250 kg\/h<\/p> <p>Double r\u00e9ducteur \u00e0 engrenages<\/p> <p>&nbsp;<\/td> <\/tr> <tr> <td width=\"67\">Mod\u00e8le : 320+180<\/p> <p>&nbsp;<\/td> <td width=\"328\">Machine \u00e0 granuler avec concasseur<\/p> <p>Puissance : 18,5 kW + 11 kW<\/p> <p>Capacit\u00e9 : 250-300 kg\/h<\/p> <p>Double r\u00e9ducteur \u00e0 engrenages<\/td> <\/tr> <tr> <td width=\"67\">Mod\u00e8le : 350+180<\/p> <p>&nbsp;<\/td> <td width=\"328\">Machine \u00e0 granuler avec concasseur<\/p> <p>Capacit\u00e9 : 250-300 kg\/h<\/p> <p>Double r\u00e9ducteur \u00e0 engrenages<\/td> <\/tr> <\/tbody> <\/table> <h2>Machines associ\u00e9es<\/h2> <ol> <li>Machine \u00e0 concasser la mousse<img loading=\"lazy\" decoding=\"async\" class=\"size-full wp-image-5384\" src=\"https:\/\/recyclingequipinc.com\/wp-content\/uploads\/2021\/12\/foam-crusher-machine.jpg\" alt=\"Machine \u00e0 concasser la mousse\" width=\"720\" height=\"540\" srcset=\"https:\/\/recyclingequipinc.com\/wp-content\/uploads\/2021\/12\/foam-crusher-machine.jpg 720w, https:\/\/recyclingequipinc.com\/wp-content\/uploads\/2021\/12\/foam-crusher-machine-300x225.jpg 300w, https:\/\/recyclingequipinc.com\/wp-content\/uploads\/2021\/12\/foam-crusher-machine-600x450.jpg 600w\" sizes=\"(max-width: 720px) 100vw, 720px\" \/><\/li> <li>R\u00e9servoir de refroidissement \u00e0 l'eau <figure id=\"attachment_5390\" aria-describedby=\"caption-attachment-5390\" style=\"width: 750px\" class=\"wp-caption alignnone\"><img loading=\"lazy\" decoding=\"async\" class=\"size-full wp-image-5390\" src=\"https:\/\/recyclingequipinc.com\/wp-content\/uploads\/2021\/12\/water-cooling-tank.jpg\" alt=\"R\u00e9servoir de refroidissement \u00e0 l&#039;eau\" width=\"750\" height=\"750\" srcset=\"https:\/\/recyclingequipinc.com\/wp-content\/uploads\/2021\/12\/water-cooling-tank.jpg 750w, https:\/\/recyclingequipinc.com\/wp-content\/uploads\/2021\/12\/water-cooling-tank-100x100.jpg 100w, https:\/\/recyclingequipinc.com\/wp-content\/uploads\/2021\/12\/water-cooling-tank-300x300.jpg 300w, https:\/\/recyclingequipinc.com\/wp-content\/uploads\/2021\/12\/water-cooling-tank-150x150.jpg 150w, https:\/\/recyclingequipinc.com\/wp-content\/uploads\/2021\/12\/water-cooling-tank-600x600.jpg 600w\" sizes=\"(max-width: 750px) 100vw, 750px\" \/><figcaption id=\"caption-attachment-5390\" class=\"wp-caption-text\">R\u00e9servoir de refroidissement \u00e0 l'eau<\/figcaption><\/figure> <h2>Un autre type de machine \u00e0 granuler la mousse<\/h2> <p><a href=\"https:\/\/recyclingequipinc.com\/fr\/produit\/machine-de-recyclage-de-granules-de-mousse-epe\/\">Machine \u00e0 granuler la mousse EPE<\/a><\/li> <\/ol>","protected":false},"excerpt":{"rendered":"<p>Une machine \u00e0 granuler EPS est une machine sp\u00e9ciale pour broyer et granuler les d\u00e9chets de polystyr\u00e8ne expans\u00e9 (EPS) ou de mousse de polystyr\u00e8ne expans\u00e9. Le granulateur EPS a une conception raisonnable, un degr\u00e9 \u00e9lev\u00e9 d'automatisation, une technologie avanc\u00e9e sans pollution. Les particules de plastique produites sont uniformes en taille et en luminosit\u00e9.<\/p>","protected":false},"featured_media":5382,"template":"","meta":{"site-sidebar-layout":"default","site-content-layout":"default","ast-site-content-layout":"default","site-content-style":"default","site-sidebar-style":"default","ast-global-header-display":"","ast-banner-title-visibility":"","ast-main-header-display":"","ast-hfb-above-header-display":"","ast-hfb-below-header-display":"","ast-hfb-mobile-header-display":"","site-post-title":"","ast-breadcrumbs-content":"","ast-featured-img":"","footer-sml-layout":"","ast-disable-related-posts":"","theme-transparent-header-meta":"default","adv-header-id-meta":"","stick-header-meta":"default","header-above-stick-meta":"","header-main-stick-meta":"","header-below-stick-meta":"","astra-migrate-meta-layouts":"set","ast-page-background-enabled":"default","ast-page-background-meta":{"desktop":{"background-color":"","background-image":"","background-repeat":"repeat","background-position":"center center","background-size":"auto","background-attachment":"scroll","background-type":"","background-media":"","overlay-type":"","overlay-color":"","overlay-opacity":"","overlay-gradient":""},"tablet":{"background-color":"","background-image":"","background-repeat":"repeat","background-position":"center center","background-size":"auto","background-attachment":"scroll","background-type":"","background-media":"","overlay-type":"","overlay-color":"","overlay-opacity":"","overlay-gradient":""},"mobile":{"background-color":"","background-image":"","background-repeat":"repeat","background-position":"center center","background-size":"auto","background-attachment":"scroll","background-type":"","background-media":"","overlay-type":"","overlay-color":"","overlay-opacity":"","overlay-gradient":""}},"ast-content-background-meta":{"desktop":{"background-color":"var(--ast-global-color-5)","background-image":"","background-repeat":"repeat","background-position":"center center","background-size":"auto","background-attachment":"scroll","background-type":"","background-media":"","overlay-type":"","overlay-color":"","overlay-opacity":"","overlay-gradient":""},"tablet":{"background-color":"var(--ast-global-color-5)","background-image":"","background-repeat":"repeat","background-position":"center center","background-size":"auto","background-attachment":"scroll","background-type":"","background-media":"","overlay-type":"","overlay-color":"","overlay-opacity":"","overlay-gradient":""},"mobile":{"background-color":"var(--ast-global-color-5)","background-image":"","background-repeat":"repeat","background-position":"center center","background-size":"auto","background-attachment":"scroll","background-type":"","background-media":"","overlay-type":"","overlay-color":"","overlay-opacity":"","overlay-gradient":""}}},"product_brand":[],"product_cat":[36],"product_tag":[66],"class_list":{"0":"post-5377","1":"product","2":"type-product","3":"status-publish","4":"has-post-thumbnail","6":"product_cat-plastic-recycling-machine","7":"product_tag-foam-pelletizer","8":"desktop-align-center","9":"tablet-align-center","10":"mobile-align-center","12":"first","13":"instock","14":"shipping-taxable","15":"product-type-simple"},"_links":{"self":[{"href":"https:\/\/recyclingequipinc.com\/fr\/wp-json\/wp\/v2\/product\/5377","targetHints":{"allow":["GET"]}}],"collection":[{"href":"https:\/\/recyclingequipinc.com\/fr\/wp-json\/wp\/v2\/product"}],"about":[{"href":"https:\/\/recyclingequipinc.com\/fr\/wp-json\/wp\/v2\/types\/product"}],"version-history":[{"count":0,"href":"https:\/\/recyclingequipinc.com\/fr\/wp-json\/wp\/v2\/product\/5377\/revisions"}],"wp:featuredmedia":[{"embeddable":true,"href":"https:\/\/recyclingequipinc.com\/fr\/wp-json\/wp\/v2\/media\/5382"}],"wp:attachment":[{"href":"https:\/\/recyclingequipinc.com\/fr\/wp-json\/wp\/v2\/media?parent=5377"}],"wp:term":[{"taxonomy":"product_brand","embeddable":true,"href":"https:\/\/recyclingequipinc.com\/fr\/wp-json\/wp\/v2\/product_brand?post=5377"},{"taxonomy":"product_cat","embeddable":true,"href":"https:\/\/recyclingequipinc.com\/fr\/wp-json\/wp\/v2\/product_cat?post=5377"},{"taxonomy":"product_tag","embeddable":true,"href":"https:\/\/recyclingequipinc.com\/fr\/wp-json\/wp\/v2\/product_tag?post=5377"}],"curies":[{"name":"wp","href":"https:\/\/api.w.org\/{rel}","templated":true}]}}