{"id":5287,"date":"2021-11-24T09:59:18","date_gmt":"2021-11-24T09:59:18","guid":{"rendered":"https:\/\/recyclingequipinc.com\/?post_type=product&#038;p=5287"},"modified":"2025-01-20T10:19:05","modified_gmt":"2025-01-20T02:19:05","slug":"machine-de-fusion-chaude-en-mousse-eps-epe","status":"publish","type":"product","link":"https:\/\/recyclingequipinc.com\/fr\/product\/eps-epe-foam-hot-melting-machine\/","title":{"rendered":"Machine de fusion \u00e0 chaud EPS | Densificateur de polystyr\u00e8ne"},"content":{"rendered":"<p class=\"translation-block\">La machine de fusion \u00e0 chaud EPS est \u00e9galement appel\u00e9e machine de densification du polystyr\u00e8ne\/polystyr\u00e8ne expans\u00e9, un type de machine de recyclage du plastique. La machine de densification est utilis\u00e9e pour le traitement et le recyclage des d\u00e9chets EPS et EPE, tels que les bo\u00eetes de restauration rapide en polystyr\u00e8ne expans\u00e9, les cacahu\u00e8tes d'emballage en polystyr\u00e8ne, les bo\u00eetes \u00e0 g\u00e2teaux, les bo\u00eetes d'emballage en mousse, les mat\u00e9riaux d'isolation et autres mat\u00e9riaux en mousse. La partie broyage de la mousse peut broyer les d\u00e9chets de mousse EPS ou EPE en petits morceaux. La partie fusion peut dissoudre la mousse usag\u00e9e apr\u00e8s broyage, et plastifier la mousse avec une vis pour former un bloc. Les blocs de mousse finaux sont pratiques pour le stockage, le transport, la <a href=\"https:\/\/recyclingequipinc.com\/fr\/produit\/machine-de-granulation-de-mousse-eps\/\">granulation<\/a> et la vente.<\/p> <div class=\"ast-oembed-container\" style=\"height: 100%;\"><iframe title=\"Machine de densification de mousse de polystyr\u00e8ne pour les usines mondiales de recyclage de mousse EPS EPE\" width=\"500\" height=\"281\" src=\"https:\/\/www.youtube.com\/embed\/Ejx6RKAGfhA?feature=oembed\" frameborder=\"0\" allow=\"accelerometer; autoplay; clipboard-write; encrypted-media; gyroscope; picture-in-picture; web-share\" referrerpolicy=\"strict-origin-when-cross-origin\" allowfullscreen><\/iframe><\/div> <figure id=\"attachment_5403\" aria-describedby=\"caption-attachment-5403\" style=\"width: 750px\" class=\"wp-caption alignnone\"><img fetchpriority=\"high\" decoding=\"async\" class=\"size-full wp-image-5403\" src=\"https:\/\/recyclingequipinc.com\/wp-content\/uploads\/2021\/11\/raw-materials-1.jpg\" alt=\"mat\u00e9riaux en mousse EPS EPE\" width=\"750\" height=\"795\" srcset=\"https:\/\/recyclingequipinc.com\/wp-content\/uploads\/2021\/11\/raw-materials-1.jpg 750w, https:\/\/recyclingequipinc.com\/wp-content\/uploads\/2021\/11\/raw-materials-1-283x300.jpg 283w, https:\/\/recyclingequipinc.com\/wp-content\/uploads\/2021\/11\/raw-materials-1-600x636.jpg 600w\" sizes=\"(max-width: 750px) 100vw, 750px\" \/><figcaption id=\"caption-attachment-5403\" class=\"wp-caption-text\">mat\u00e9riaux en mousse EPS EPE<\/figcaption><\/figure> <figure id=\"attachment_5407\" aria-describedby=\"caption-attachment-5407\" style=\"width: 720px\" class=\"wp-caption alignnone\"><img decoding=\"async\" class=\"size-full wp-image-5407\" src=\"https:\/\/recyclingequipinc.com\/wp-content\/uploads\/2021\/11\/final-foam-lumps.jpg\" alt=\"morceaux de mousse finaux\" width=\"720\" height=\"540\" srcset=\"https:\/\/recyclingequipinc.com\/wp-content\/uploads\/2021\/11\/final-foam-lumps.jpg 720w, https:\/\/recyclingequipinc.com\/wp-content\/uploads\/2021\/11\/final-foam-lumps-300x225.jpg 300w, https:\/\/recyclingequipinc.com\/wp-content\/uploads\/2021\/11\/final-foam-lumps-600x450.jpg 600w\" sizes=\"(max-width: 720px) 100vw, 720px\" \/><figcaption id=\"caption-attachment-5407\" class=\"wp-caption-text\">morceaux de mousse finaux<\/figcaption><\/figure> <h2>Avantages de la machine de fusion \u00e0 chaud EPS<\/h2> <figure id=\"attachment_5291\" aria-describedby=\"caption-attachment-5291\" style=\"width: 750px\" class=\"wp-caption alignnone\"><img decoding=\"async\" class=\"size-full wp-image-5291\" src=\"https:\/\/recyclingequipinc.com\/wp-content\/uploads\/2021\/11\/EPS-Foam-Melting-Machine.jpg\" alt=\"Machine de fusion de mousse EPS\" width=\"750\" height=\"750\" srcset=\"https:\/\/recyclingequipinc.com\/wp-content\/uploads\/2021\/11\/EPS-Foam-Melting-Machine.jpg 750w, https:\/\/recyclingequipinc.com\/wp-content\/uploads\/2021\/11\/EPS-Foam-Melting-Machine-100x100.jpg 100w, https:\/\/recyclingequipinc.com\/wp-content\/uploads\/2021\/11\/EPS-Foam-Melting-Machine-300x300.jpg 300w, https:\/\/recyclingequipinc.com\/wp-content\/uploads\/2021\/11\/EPS-Foam-Melting-Machine-150x150.jpg 150w, https:\/\/recyclingequipinc.com\/wp-content\/uploads\/2021\/11\/EPS-Foam-Melting-Machine-600x600.jpg 600w\" sizes=\"(max-width: 750px) 100vw, 750px\" \/><figcaption id=\"caption-attachment-5291\" class=\"wp-caption-text\">Machine de fusion de mousse EPS<\/figcaption><\/figure> <ol> <li>La machine int\u00e9gr\u00e9e de recyclage de mousse EPS par fusion \u00e0 chaud est une combinaison de concassage et de fusion de mousse. Le densificateur EPS occupe une petite surface, \u00e9conomise du travail et est facile \u00e0 utiliser.<\/li> <li>La capacit\u00e9 de traitement de la machine de fusion de mousse EPS est \u00e9lev\u00e9e, et plusieurs sorties peuvent \u00eatre s\u00e9lectionn\u00e9es. Selon les diff\u00e9rentes densit\u00e9s de la mousse, la production est g\u00e9n\u00e9ralement d'environ 150 \u00e0 250 kg\/h par heure.<\/li> <li>La puissance de cet \u00e9quipement est d'environ 18,5 \u00e0 22,5 kW, et le co\u00fbt total de l'\u00e9lectricit\u00e9 est faible.<\/li> <li>Les produits fondus finaux prennent peu de place, ce qui facilite le stockage, le transport et le recyclage.<\/li> <li><span style=\"font-size: 16px;\">La fonction de contr\u00f4le automatique de la temp\u00e9rature peut \u00e9viter les situations anormales et atteindre l'effet de fusion attendu.<\/span><\/li> <li><span style=\"font-size: 16px;\"><span style=\"font-size: 16px;\">Faible bruit, faible poussi\u00e8re et aucune pollution.<\/span><\/span><\/li> <li><img loading=\"lazy\" decoding=\"async\" class=\"size-full wp-image-5400\" src=\"https:\/\/recyclingequipinc.com\/wp-content\/uploads\/2021\/11\/EPS-hot-melter-machine-features.jpg\" alt=\"Caract\u00e9ristiques de la machine de fusion \u00e0 chaud EPS\" width=\"750\" height=\"858\" srcset=\"https:\/\/recyclingequipinc.com\/wp-content\/uploads\/2021\/11\/EPS-hot-melter-machine-features.jpg 750w, https:\/\/recyclingequipinc.com\/wp-content\/uploads\/2021\/11\/EPS-hot-melter-machine-features-262x300.jpg 262w, https:\/\/recyclingequipinc.com\/wp-content\/uploads\/2021\/11\/EPS-hot-melter-machine-features-600x686.jpg 600w\" sizes=\"(max-width: 750px) 100vw, 750px\" \/><\/li> <\/ol> <div class=\"mceTemp\"><\/div> <h2>Structure et principe de fonctionnement du fondoir chaud EPS<\/h2> <p>La partie principale de la machine de fusion \u00e0 chaud EPS est une extrudeuse. Elle est compos\u00e9e d'un syst\u00e8me d'extrusion, d'un syst\u00e8me de transmission et d'un syst\u00e8me de chauffage. Le syst\u00e8me d'extrusion comprend la vis, le cylindre, la tr\u00e9mie et la fili\u00e8re.<\/p> <p>La mousse EPS\/EPE est plastifi\u00e9e en fusion uniforme \u00e0 travers un syst\u00e8me d'extrusion et est extrud\u00e9e en continu par une vis dans ce processus.<\/p> <ul> <li>Introduction de la vis : En tant que composant principal de l'extrudeuse, elle est directement li\u00e9e \u00e0 la port\u00e9e d'application et \u00e0 la productivit\u00e9 de l'extrudeuse. Elle est fabriqu\u00e9e en acier alli\u00e9 r\u00e9sistant \u00e0 la corrosion et de haute r\u00e9sistance.<\/li> <li><span style=\"font-size: 16px;\">Cylindre : il s'agit d'un cylindre m\u00e9tallique, g\u00e9n\u00e9ralement en acier r\u00e9sistant \u00e0 la chaleur, \u00e0 haute r\u00e9sistance \u00e0 la compression, \u00e0 l'usure et \u00e0 la corrosion. Le cylindre coop\u00e8re avec la vis pour r\u00e9aliser le concassage, l'assouplissement, la fusion, la plastification, l'\u00e9chappement et la compaction des plastiques, et transporter continuellement et uniform\u00e9ment le caoutchouc vers le syst\u00e8me de formation. La mousse plastifi\u00e9e peut \u00eatre enti\u00e8rement chauff\u00e9e et plastifi\u00e9e.<\/span><\/li> <li>Tr\u00e9mie : le fond de la tr\u00e9mie est \u00e9quip\u00e9 d'un dispositif de coupe pour ajuster et couper le flux de mat\u00e9riau. Le c\u00f4t\u00e9 de la tr\u00e9mie est un trou de visualisation et un dispositif de mesure calibr\u00e9.<\/li> <li><img loading=\"lazy\" decoding=\"async\" class=\"size-full wp-image-5399\" src=\"https:\/\/recyclingequipinc.com\/wp-content\/uploads\/2021\/11\/EPS-hot-melting-machine-structure.jpg\" alt=\"Structure de la machine de fusion \u00e0 chaud EPS\" width=\"750\" height=\"624\" srcset=\"https:\/\/recyclingequipinc.com\/wp-content\/uploads\/2021\/11\/EPS-hot-melting-machine-structure.jpg 750w, https:\/\/recyclingequipinc.com\/wp-content\/uploads\/2021\/11\/EPS-hot-melting-machine-structure-300x250.jpg 300w, https:\/\/recyclingequipinc.com\/wp-content\/uploads\/2021\/11\/EPS-hot-melting-machine-structure-600x499.jpg 600w\" sizes=\"(max-width: 750px) 100vw, 750px\" \/><\/li> <\/ul> <h2>Param\u00e8tre du densificateur de mousse de polystyr\u00e8ne (SL-800\/SL-1000)<\/h2> <table> <tbody> <tr> <td width=\"189\">Mode densificateur de fusion \u00e0 chaud EPS<\/td> <td width=\"189\">SL-800<\/td> <td width=\"189\">SL-1000<\/td> <\/tr> <tr> <td width=\"189\">Machine size<\/td> <td width=\"189\">1580*1300*850mm<\/td> <td width=\"189\">1900*1580*900mm<\/td> <\/tr> <tr> <td width=\"189\">Taille de l'entr\u00e9e<\/td> <td width=\"189\">800*600mm<\/td> <td width=\"189\">1000*700mm<\/td> <\/tr> <tr> <td width=\"189\">Puissance du moteur<\/td> <td width=\"189\">18,5 kW<\/td> <td width=\"189\">22kw<\/td> <\/tr> <tr> <td width=\"189\">Sortie<\/td> <td width=\"189\">150-200kg\/h<\/td> <td width=\"189\">200-250kg\/h<\/td> <\/tr> <\/tbody> <\/table>","protected":false},"excerpt":{"rendered":"<p>La machine de fusion \u00e0 chaud EPS est \u00e9galement appel\u00e9e machine de concassage et de compactage de mousse. La machine de fusion du plastique de mousse est utilis\u00e9e pour le traitement et le recyclage de d\u00e9chets EPS, EPE, tels que des bo\u00eetes de restauration rapide en mousse, des bo\u00eetes \u00e0 g\u00e2teaux, des bo\u00eetes d'emballage en mousse, des mat\u00e9riaux isolants et autres mat\u00e9riaux en mousse.<\/p>","protected":false},"featured_media":16826,"template":"","meta":{"site-sidebar-layout":"default","site-content-layout":"default","ast-site-content-layout":"default","site-content-style":"default","site-sidebar-style":"default","ast-global-header-display":"","ast-banner-title-visibility":"","ast-main-header-display":"","ast-hfb-above-header-display":"","ast-hfb-below-header-display":"","ast-hfb-mobile-header-display":"","site-post-title":"","ast-breadcrumbs-content":"","ast-featured-img":"","footer-sml-layout":"","ast-disable-related-posts":"","theme-transparent-header-meta":"default","adv-header-id-meta":"","stick-header-meta":"default","header-above-stick-meta":"","header-main-stick-meta":"","header-below-stick-meta":"","astra-migrate-meta-layouts":"set","ast-page-background-enabled":"default","ast-page-background-meta":{"desktop":{"background-color":"","background-image":"","background-repeat":"repeat","background-position":"center center","background-size":"auto","background-attachment":"scroll","background-type":"","background-media":"","overlay-type":"","overlay-color":"","overlay-opacity":"","overlay-gradient":""},"tablet":{"background-color":"","background-image":"","background-repeat":"repeat","background-position":"center center","background-size":"auto","background-attachment":"scroll","background-type":"","background-media":"","overlay-type":"","overlay-color":"","overlay-opacity":"","overlay-gradient":""},"mobile":{"background-color":"","background-image":"","background-repeat":"repeat","background-position":"center center","background-size":"auto","background-attachment":"scroll","background-type":"","background-media":"","overlay-type":"","overlay-color":"","overlay-opacity":"","overlay-gradient":""}},"ast-content-background-meta":{"desktop":{"background-color":"var(--ast-global-color-5)","background-image":"","background-repeat":"repeat","background-position":"center center","background-size":"auto","background-attachment":"scroll","background-type":"","background-media":"","overlay-type":"","overlay-color":"","overlay-opacity":"","overlay-gradient":""},"tablet":{"background-color":"var(--ast-global-color-5)","background-image":"","background-repeat":"repeat","background-position":"center center","background-size":"auto","background-attachment":"scroll","background-type":"","background-media":"","overlay-type":"","overlay-color":"","overlay-opacity":"","overlay-gradient":""},"mobile":{"background-color":"var(--ast-global-color-5)","background-image":"","background-repeat":"repeat","background-position":"center center","background-size":"auto","background-attachment":"scroll","background-type":"","background-media":"","overlay-type":"","overlay-color":"","overlay-opacity":"","overlay-gradient":""}}},"product_brand":[],"product_cat":[36],"product_tag":[80,89],"class_list":{"0":"post-5287","1":"product","2":"type-product","3":"status-publish","4":"has-post-thumbnail","6":"product_cat-plastic-recycling-machine","7":"product_tag-foam","8":"product_tag-foam-melter","9":"desktop-align-center","10":"tablet-align-center","11":"mobile-align-center","13":"first","14":"instock","15":"shipping-taxable","16":"product-type-simple"},"_links":{"self":[{"href":"https:\/\/recyclingequipinc.com\/fr\/wp-json\/wp\/v2\/product\/5287","targetHints":{"allow":["GET"]}}],"collection":[{"href":"https:\/\/recyclingequipinc.com\/fr\/wp-json\/wp\/v2\/product"}],"about":[{"href":"https:\/\/recyclingequipinc.com\/fr\/wp-json\/wp\/v2\/types\/product"}],"version-history":[{"count":0,"href":"https:\/\/recyclingequipinc.com\/fr\/wp-json\/wp\/v2\/product\/5287\/revisions"}],"wp:featuredmedia":[{"embeddable":true,"href":"https:\/\/recyclingequipinc.com\/fr\/wp-json\/wp\/v2\/media\/16826"}],"wp:attachment":[{"href":"https:\/\/recyclingequipinc.com\/fr\/wp-json\/wp\/v2\/media?parent=5287"}],"wp:term":[{"taxonomy":"product_brand","embeddable":true,"href":"https:\/\/recyclingequipinc.com\/fr\/wp-json\/wp\/v2\/product_brand?post=5287"},{"taxonomy":"product_cat","embeddable":true,"href":"https:\/\/recyclingequipinc.com\/fr\/wp-json\/wp\/v2\/product_cat?post=5287"},{"taxonomy":"product_tag","embeddable":true,"href":"https:\/\/recyclingequipinc.com\/fr\/wp-json\/wp\/v2\/product_tag?post=5287"}],"curies":[{"name":"wp","href":"https:\/\/api.w.org\/{rel}","templated":true}]}}