{"id":5268,"date":"2021-12-07T07:51:24","date_gmt":"2021-12-07T07:51:24","guid":{"rendered":"https:\/\/recyclingequipinc.com\/?post_type=product&#038;p=5268"},"modified":"2025-06-04T11:46:58","modified_gmt":"2025-06-04T03:46:58","slug":"ligne-de-lavage-de-bouteilles-en-plastique-2","status":"publish","type":"product","link":"https:\/\/recyclingequipinc.com\/fr\/product\/pet-bottle-washing-line-2\/","title":{"rendered":"Ligne de recyclage des bouteilles PET | Ligne de concassage et de lavage des bouteilles PET"},"content":{"rendered":"<p class=\"translation-block\"><strong><b>La ligne de recyclage des bouteilles en PET<\/b><\/strong>, \u00e9galement connue sous le nom de <a href=\"https:\/\/recyclingequipinc.com\/fr\/produit\/machine-de-recyclage-de-bouteilles-en-plastique\/\">machine de recyclage des bouteilles en PET<\/a>, comprend le processus de d\u00e9-marquage des bouteilles en plastique, de tri des bouteilles en plastique, de concassage, de lavage, de nettoyage \u00e0 haute temp\u00e9rature, de nettoyage par friction, de d\u00e9shydratation et de stockage. Les mati\u00e8res premi\u00e8res de la ligne de recyclage des bouteilles en plastique sont les bouteilles d'eau et les bouteilles de boissons de la vie quotidienne. En r\u00e9alit\u00e9, nous pouvons utiliser ces flocons de plastique finaux pour produire des produits en plastique, des ceintures d'emballage, l'ingr\u00e9dient des pentes, etc. Notre entreprise con\u00e7oit et produit des dispositifs de retrait des \u00e9tiquettes des bouteilles en plastique usag\u00e9es, des broyeurs de bouteilles en plastique usag\u00e9es et d'autres \u00e9quipements \u00e9conomiques et de protection de l'environnement. Les machines impliqu\u00e9es dans ce projet peuvent \u00eatre personnalis\u00e9es en fonction des besoins des clients.<\/p> <p>Par cons\u00e9quent, si vous souhaitez conna\u00eetre le type de machine ou notre entreprise, vous pouvez laisser votre num\u00e9ro de t\u00e9l\u00e9phone et vos besoins sur le site ou \u00e0 la fin de l'article. Le contenu suivant abordera \u00e9galement des informations sur la fa\u00e7on de choisir la machine et l'objectif de l'\u00e9quipement.<\/p> <h2>Fabricants de bouteilles en PET en Chine<\/h2> <p>Zhengzhou Shuliy Machinery Equipment Co., Ltd. a \u00e9t\u00e9 cr\u00e9\u00e9e en 2011 et est une entreprise de machines et d'\u00e9quipements bien connue en Chine. Notre usine se concentre sur la fabrication d'\u00e9quipements \u00e9conomiques et \u00e9cologiques, agricoles et alimentaires. Des consid\u00e9rations scientifiques ont \u00e9t\u00e9 prises en compte dans le choix des pi\u00e8ces d'\u00e9quipement, de la conception de l'apparence et des co\u00fbts de production des utilisateurs. De plus, nous fournirons une s\u00e9rie de solutions pour les clients du monde entier. \u00c0 l'heure actuelle, nous avons coop\u00e9r\u00e9 avec succ\u00e8s avec 111 pays. Notre objectif est d'aider les clients \u00e0 changer leur mode de production et de vie en fournissant des produits et des services, en am\u00e9liorant leur efficacit\u00e9 de production et en permettant \u00e0 la fabrication chinoise de s'enraciner dans le monde.<\/p> <h2>Machines dans la ligne de recyclage des bouteilles en PET<\/h2> <figure id=\"attachment_5370\" aria-describedby=\"caption-attachment-5370\" style=\"width: 750px\" class=\"wp-caption aligncenter\"><img fetchpriority=\"high\" decoding=\"async\" class=\"size-full wp-image-5370\" src=\"https:\/\/recyclingequipinc.com\/wp-content\/uploads\/2021\/12\/PET-bottle-washing-and-crushing-line.jpg\" alt=\"Ligne de lavage et de concassage des bouteilles en PET\" width=\"750\" height=\"750\" srcset=\"https:\/\/recyclingequipinc.com\/wp-content\/uploads\/2021\/12\/PET-bottle-washing-and-crushing-line.jpg 750w, https:\/\/recyclingequipinc.com\/wp-content\/uploads\/2021\/12\/PET-bottle-washing-and-crushing-line-100x100.jpg 100w, https:\/\/recyclingequipinc.com\/wp-content\/uploads\/2021\/12\/PET-bottle-washing-and-crushing-line-300x300.jpg 300w, https:\/\/recyclingequipinc.com\/wp-content\/uploads\/2021\/12\/PET-bottle-washing-and-crushing-line-150x150.jpg 150w, https:\/\/recyclingequipinc.com\/wp-content\/uploads\/2021\/12\/PET-bottle-washing-and-crushing-line-600x600.jpg 600w\" sizes=\"(max-width: 750px) 100vw, 750px\" \/><figcaption id=\"caption-attachment-5370\" class=\"wp-caption-text\">Ligne de lavage et de concassage des bouteilles en PET<\/figcaption><\/figure> <h3>Le convoyeur \u00e0 bande<\/h3> <p>C'est l'une des machines indispensables dans la ligne de recyclage des bouteilles en plastique. Son cadre global est compos\u00e9 d'acier, de poulies et de courroies. Pendant le fonctionnement, il peut transporter les mati\u00e8res premi\u00e8res ou les fragments vers le maillon suivant. Il s'agit de la premi\u00e8re \u00e9tape pour obtenir des mati\u00e8res premi\u00e8res pures dans la ligne de production, ce qui am\u00e9liore consid\u00e9rablement l'efficacit\u00e9 du travail et le taux de d\u00e9charge.<\/p> <h3>Machine de retrait d'\u00e9tiquettes<\/h3> <p>Cette machine sert \u00e0 enlever les \u00e9tiquettes des bouteilles en plastique. Il y a de nombreux engrenages dans la machine. Lorsque la bouteille entre, l'engrenage tourne d'avant en arri\u00e8re pour gratter l'\u00e9tiquette. La sortie est \u00e9quip\u00e9e d'un ventilateur pour souffler l'\u00e9tiquette par une sortie et enlever les \u00e9tiquettes par l'autre sortie, au lieu du d\u00e9collement manuel. R\u00e9pondre aux besoins de la production de masse. Cette conception \u00e9vite le travail dangereux de nettoyage manuel des \u00e9tiquettes jet\u00e9es et de ramassage des mat\u00e9riaux, et l'ensemble du processus est tr\u00e8s automatis\u00e9.<\/p> <p><img decoding=\"async\" width=\"750\" height=\"750\" class=\"size-full wp-image-5475 aligncenter\" src=\"https:\/\/recyclingequipinc.com\/wp-content\/uploads\/2021\/09\/Plastic-Label-Remove-Machine.jpg\" alt=\"&lt;yoastmark\" srcset=\"https:\/\/recyclingequipinc.com\/wp-content\/uploads\/2021\/09\/Plastic-Label-Remove-Machine.jpg 750w, https:\/\/recyclingequipinc.com\/wp-content\/uploads\/2021\/09\/Plastic-Label-Remove-Machine-100x100.jpg 100w, https:\/\/recyclingequipinc.com\/wp-content\/uploads\/2021\/09\/Plastic-Label-Remove-Machine-300x300.jpg 300w, https:\/\/recyclingequipinc.com\/wp-content\/uploads\/2021\/09\/Plastic-Label-Remove-Machine-150x150.jpg 150w, https:\/\/recyclingequipinc.com\/wp-content\/uploads\/2021\/09\/Plastic-Label-Remove-Machine-600x600.jpg 600w\" sizes=\"(max-width: 750px) 100vw, 750px\" \/><\/p> <h3>Broyeur en plastique<\/h3> <p>Notre broyeur en plastique est l'\u00e9tape la plus importante dans la ligne de recyclage des bouteilles en plastique. Et c'est un choix n\u00e9cessaire pour l'industrie du recyclage des bouteilles en plastique PET. Cette \u00e9tape consiste \u00e0 briser la bouteille en plastique en morceaux. Il y a 10 couteaux m\u00e9caniques en 9CrSi dans cet appareil qui sont pratiques et rapides \u00e0 utiliser. Compar\u00e9 au travail manuel, la force de concassage est plus grande, les produits obtenus sont plus raffin\u00e9s, les mat\u00e9riaux transform\u00e9s sont plus diversifi\u00e9s et la quantit\u00e9 est plus importante.<\/p> <figure id=\"attachment_5477\" aria-describedby=\"caption-attachment-5477\" style=\"width: 750px\" class=\"wp-caption aligncenter\"><img decoding=\"async\" class=\"size-full wp-image-5477\" src=\"https:\/\/recyclingequipinc.com\/wp-content\/uploads\/2021\/09\/Plastic-Crusher-Machine.jpg\" alt=\"Machine de broyage en plastique\" width=\"750\" height=\"750\" srcset=\"https:\/\/recyclingequipinc.com\/wp-content\/uploads\/2021\/09\/Plastic-Crusher-Machine.jpg 750w, https:\/\/recyclingequipinc.com\/wp-content\/uploads\/2021\/09\/Plastic-Crusher-Machine-100x100.jpg 100w, https:\/\/recyclingequipinc.com\/wp-content\/uploads\/2021\/09\/Plastic-Crusher-Machine-300x300.jpg 300w, https:\/\/recyclingequipinc.com\/wp-content\/uploads\/2021\/09\/Plastic-Crusher-Machine-150x150.jpg 150w, https:\/\/recyclingequipinc.com\/wp-content\/uploads\/2021\/09\/Plastic-Crusher-Machine-600x600.jpg 600w\" sizes=\"(max-width: 750px) 100vw, 750px\" \/><figcaption id=\"caption-attachment-5477\" class=\"wp-caption-text\">Machine de broyage en plastique<\/figcaption><\/figure> <h3>Cuve de lavage<\/h3> <p>La cuve de lavage des bouteilles en plastique sert \u00e0 effectuer un nettoyage pr\u00e9liminaire des fragments cass\u00e9s. Il y a un dispositif de pouss\u00e9e \u00e0 vis \u00e0 l'int\u00e9rieur, qui pousse le mat\u00e9riau vers l'avant d'une part, et retourne les d\u00e9bris pour le nettoyage d'autre part. Cette \u00e9tape consiste \u00e9galement \u00e0 s\u00e9parer le bouchon de bouteille en PET des fragments de bouteille en PET en fonction des diff\u00e9rentes densit\u00e9s.<\/p> <h3>Cuve de lavage \u00e0 l'eau chaude<\/h3> <p>Cette machine est une structure ouverte avec des temp\u00e9ratures \u00e9lev\u00e9es internes contr\u00f4lables. En r\u00e9alit\u00e9, les bouteilles en plastique auront in\u00e9vitablement diverses taches telles que l'huile, le mucus et les colorants. Une temp\u00e9rature \u00e9lev\u00e9e appropri\u00e9e associ\u00e9e \u00e0 une agitation appropri\u00e9e du d\u00e9tergent peut \u00e9liminer efficacement les taches de produit. La temp\u00e9rature atteint 80-90 degr\u00e9s Celsius. Il s'agit d'une \u00e9tape importante pour garantir la propret\u00e9 du produit.<\/p> <h3>Machine de friction<\/h3> <p class=\"translation-block\"><strong><b>La machine \u00e0 friction <\/b><\/strong>est compos\u00e9e du moteur principal, du moteur, du cadre de pied, de l'entr\u00e9e d'eau, de l'entr\u00e9e de chargement, du trou de d\u00e9charge, etc. Le bas du corps est un filtre \u00e0 maille fine, il y a une entr\u00e9e d'eau externe sur le dessus. Les mat\u00e9riaux entrent par l'entr\u00e9e de chargement, la vis tournante \u00e0 grande vitesse permet au mat\u00e9riau d'\u00eatre enti\u00e8rement frott\u00e9 avec l'eau en circulation. Cette \u00e9tape permet de nettoyer compl\u00e8tement le mat\u00e9riau.<\/p> <h3>Cuve de lavage<\/h3> <p class=\"translation-block\"><strong><b>Le r\u00e9servoir de lavage <\/b><\/strong>sert \u00e0 nettoyer \u00e0 nouveau les fragments de PET. Le dispositif de pouss\u00e9e \u00e0 vis \u00e0 l'int\u00e9rieur pousse le mat\u00e9riau vers l'avant.<\/p> <h3>Machine de d\u00e9shydratation en plastique<\/h3> <p>Une machine de d\u00e9shydratation en plastique est utilis\u00e9e pour la d\u00e9shydratation et le s\u00e9chage des fragments. Les fragments humides sont transf\u00e9r\u00e9s au d\u00e9shydrateur par un convoyeur \u00e0 vis pour une rotation \u00e0 grande vitesse afin d'\u00e9liminer l'exc\u00e8s d'eau et d'impuret\u00e9s et d'\u00eatre s\u00e9ch\u00e9s, afin d'obtenir un produit fini sec et propre, facile \u00e0 stocker.<\/p> <figure id=\"attachment_5478\" aria-describedby=\"caption-attachment-5478\" style=\"width: 750px\" class=\"wp-caption aligncenter\"><img loading=\"lazy\" decoding=\"async\" class=\"size-full wp-image-5478\" src=\"https:\/\/recyclingequipinc.com\/wp-content\/uploads\/2021\/09\/Plastic-Dewatering-Machine.jpg\" alt=\"Machine de d\u00e9shydratation en plastique\" width=\"750\" height=\"750\" srcset=\"https:\/\/recyclingequipinc.com\/wp-content\/uploads\/2021\/09\/Plastic-Dewatering-Machine.jpg 750w, https:\/\/recyclingequipinc.com\/wp-content\/uploads\/2021\/09\/Plastic-Dewatering-Machine-100x100.jpg 100w, https:\/\/recyclingequipinc.com\/wp-content\/uploads\/2021\/09\/Plastic-Dewatering-Machine-300x300.jpg 300w, https:\/\/recyclingequipinc.com\/wp-content\/uploads\/2021\/09\/Plastic-Dewatering-Machine-150x150.jpg 150w, https:\/\/recyclingequipinc.com\/wp-content\/uploads\/2021\/09\/Plastic-Dewatering-Machine-600x600.jpg 600w\" sizes=\"(max-width: 750px) 100vw, 750px\" \/><figcaption id=\"caption-attachment-5478\" class=\"wp-caption-text\">Machine de d\u00e9shydratation en plastique<\/figcaption><\/figure> <h3>Bac de stockage<\/h3> <p>Les bacs de stockage peuvent stocker les produits finis. Le processus comprend principalement des soufflantes, des tuyaux, des barils de stockage, etc. Le vent des soufflantes est utilis\u00e9 pour transporter les produits s\u00e9ch\u00e9s vers les barils de stockage. C'est pratique et rapide et r\u00e9duit la pollution possible lors du processus de construction.<\/p> <h2>Caract\u00e9ristiques de la ligne de nettoyage des bouteilles en PET<\/h2> <figure id=\"attachment_5371\" aria-describedby=\"caption-attachment-5371\" style=\"width: 1079px\" class=\"wp-caption alignnone\"><img loading=\"lazy\" decoding=\"async\" class=\"wp-image-5371 size-full\" src=\"https:\/\/recyclingequipinc.com\/wp-content\/uploads\/2021\/12\/PET-bottle-washing-line-chartflow.jpg\" alt=\"Sch\u00e9ma du flux de la ligne de recyclage des bouteilles en PET\" width=\"1079\" height=\"282\" srcset=\"https:\/\/recyclingequipinc.com\/wp-content\/uploads\/2021\/12\/PET-bottle-washing-line-chartflow.jpg 1079w, https:\/\/recyclingequipinc.com\/wp-content\/uploads\/2021\/12\/PET-bottle-washing-line-chartflow-750x196.jpg 750w, https:\/\/recyclingequipinc.com\/wp-content\/uploads\/2021\/12\/PET-bottle-washing-line-chartflow-300x78.jpg 300w, https:\/\/recyclingequipinc.com\/wp-content\/uploads\/2021\/12\/PET-bottle-washing-line-chartflow-1024x268.jpg 1024w, https:\/\/recyclingequipinc.com\/wp-content\/uploads\/2021\/12\/PET-bottle-washing-line-chartflow-768x201.jpg 768w, https:\/\/recyclingequipinc.com\/wp-content\/uploads\/2021\/12\/PET-bottle-washing-line-chartflow-600x157.jpg 600w\" sizes=\"(max-width: 1079px) 100vw, 1079px\" \/><figcaption id=\"caption-attachment-5371\" class=\"wp-caption-text\">Sch\u00e9ma du flux de la ligne de recyclage des bouteilles en PET<\/figcaption><\/figure> <p>L'ensemble de la ligne de lavage des bouteilles en PET pr\u00e9sente les avantages d'une automatisation \u00e9lev\u00e9e, d'une faible consommation d'\u00e9nergie, d'un rendement \u00e9lev\u00e9 et d'une qualit\u00e9 de traitement \u00e9lev\u00e9e. Ainsi, les flocons de PET finaux sont tr\u00e8s propres et en petites pi\u00e8ces, pr\u00eats \u00e0 \u00eatre transform\u00e9s en fibres polyester ou en granul\u00e9s plastiques. L'usine de fibres chimiques ou les fabricants de produits en plastique peuvent les utiliser directement sans autre nettoyage. En m\u00eame temps, vous pouvez choisir diff\u00e9rentes combinaisons en fonction des types de mati\u00e8res premi\u00e8res et des diff\u00e9rentes exigences de qualit\u00e9 de nettoyage des bouteilles. Ainsi, cela peut r\u00e9pondre aux besoins des diff\u00e9rents utilisateurs.<\/p> <div id='gallery-1' class='gallery galleryid-5268 gallery-columns-3 gallery-size-thumbnail'><figure class='gallery-item'> \t\t\t<div class='gallery-icon landscape'> \t\t\t\t<a href='https:\/\/recyclingequipinc.com\/fr\/?attachment_id=5373'><img loading=\"lazy\" decoding=\"async\" width=\"150\" height=\"150\" src=\"https:\/\/recyclingequipinc.com\/wp-content\/uploads\/2021\/12\/raw-PET-bottles-150x150.png\" class=\"attachment-thumbnail size-thumbnail\" alt=\"Bouteilles en PET brutes\" aria-describedby=\"gallery-1-5373\" srcset=\"https:\/\/recyclingequipinc.com\/wp-content\/uploads\/2021\/12\/raw-PET-bottles-150x150.png 150w, https:\/\/recyclingequipinc.com\/wp-content\/uploads\/2021\/12\/raw-PET-bottles-100x100.png 100w, https:\/\/recyclingequipinc.com\/wp-content\/uploads\/2021\/12\/raw-PET-bottles-300x300.png 300w\" sizes=\"(max-width: 150px) 100vw, 150px\" \/><\/a> \t\t\t<\/div> \t\t\t\t<figcaption class='wp-caption-text gallery-caption' id='gallery-1-5373'> \t\t\t\tBouteilles en PET brutes \t\t\t\t<\/figcaption><\/figure><figure class='gallery-item'> \t\t\t<div class='gallery-icon landscape'> \t\t\t\t<a href='https:\/\/recyclingequipinc.com\/fr\/?attachment_id=5372'><img loading=\"lazy\" decoding=\"async\" width=\"150\" height=\"150\" src=\"https:\/\/recyclingequipinc.com\/wp-content\/uploads\/2021\/12\/PET-flakes-150x150.png\" class=\"attachment-thumbnail size-thumbnail\" alt=\"Flocons de PET\" aria-describedby=\"gallery-1-5372\" srcset=\"https:\/\/recyclingequipinc.com\/wp-content\/uploads\/2021\/12\/PET-flakes-150x150.png 150w, https:\/\/recyclingequipinc.com\/wp-content\/uploads\/2021\/12\/PET-flakes-100x100.png 100w, https:\/\/recyclingequipinc.com\/wp-content\/uploads\/2021\/12\/PET-flakes-300x300.png 300w\" sizes=\"(max-width: 150px) 100vw, 150px\" \/><\/a> \t\t\t<\/div> \t\t\t\t<figcaption class='wp-caption-text gallery-caption' id='gallery-1-5372'> \t\t\t\tFlocons de PET \t\t\t\t<\/figcaption><\/figure> \t\t<\/div>  <h3>Vid\u00e9o de l'\u00e9quipement de recyclage des bouteilles en PET<\/h3> <div class=\"ast-oembed-container\" style=\"height: 100%;\"><iframe title=\"Explicit Video Of Automatic PET Bottle Waste Recycling Line For Making PET Plastic Flakes In Factory\" width=\"500\" height=\"281\" src=\"https:\/\/www.youtube.com\/embed\/NxbTX2KwQfA?feature=oembed\" frameborder=\"0\" allow=\"accelerometer; autoplay; clipboard-write; encrypted-media; gyroscope; picture-in-picture; web-share\" referrerpolicy=\"strict-origin-when-cross-origin\" allowfullscreen><\/iframe><\/div> <h3>Comment choisir la bonne ligne de recyclage des bouteilles en plastique?<\/h3> <p>Lorsque vous choisissez l'\u00e9quipement de recyclage des bouteilles en PET, vous devez d'abord pr\u00e9ciser les mati\u00e8res premi\u00e8res que vous souhaitez traiter et les produits que vous obtenez, puis rechercher l'\u00e9quipement sur Internet dans un but pr\u00e9cis. Les \u00e9quipements dans le recyclage des bouteilles en plastique sont essentiellement les m\u00eames. Mais en raison de la propret\u00e9 diff\u00e9rente des bouteilles en plastique usag\u00e9es, plusieurs nettoyages sont n\u00e9cessaires pendant le processus de production. Il est donc n\u00e9cessaire d'acheter une vari\u00e9t\u00e9 d'\u00e9quipements de nettoyage. Lors de l'achat, vous pouvez pr\u00eater attention \u00e0 la dur\u00e9e de vie de l'\u00e9quipement, \u00e0 la consommation d'\u00e9nergie, aux m\u00e9thodes de nettoyage, etc. Si vous achetez chez notre entreprise, nous prendrons l'initiative de vous demander vos besoins et de vous donner des suggestions raisonnables, et nous les prendrons en compte de mani\u00e8re globale.<\/p> <h2>Prix de la machine de recyclage des bouteilles en PET<\/h2> <p>Sans doute, tout le monde veut conna\u00eetre le prix de l'\u00e9quipement de recyclage des bouteilles en plastique usag\u00e9es. En raison de la limitation du d\u00e9lai de livraison, du mode de transport et d'autres conditions, la liste des prix de la ligne de recyclage des bouteilles en PET peut \u00eatre diff\u00e9rente. De plus, l'\u00e9quipement est personnalisable. Si vous voulez que la machine ait de meilleures pi\u00e8ces et une conception plus conviviale, nous devons discuter davantage. Nous vous proposerons des produits plus rentables \u00e0 un prix plus favorable.<\/p> <h2>Qu'est-ce que le recyclage du plastique?<\/h2> <p class=\"translation-block\"><strong><b>Le recyclage des plastiques<\/b><\/strong> fait r\u00e9f\u00e9rence \u00e0 l'utilisation de certains processus de recyclage pour recycler les plastiques usag\u00e9s afin d'atteindre l'objectif de transformer les d\u00e9chets en tr\u00e9sor. Actuellement, les plastiques usag\u00e9s sont principalement des films plastiques, des filaments plastiques et des produits tiss\u00e9s, des bo\u00eetes et conteneurs en plastique, des produits plastiques quotidiens, des sacs en plastique et des paillis agricoles. La ligne de recyclage des bouteilles en plastique utilise des \u00e9quipements de pelletisation sp\u00e9ciaux pour traiter les d\u00e9chets <a href=\"https:\/\/en.wikipedia.org\/wiki\/Polyethylene\" target=\"_blank\" rel=\"noopener\">poly\u00e9thyl\u00e8ne<\/a>, polypropyl\u00e8ne et autres plastiques par le biais de processus de concassage, de nettoyage, de chauffage, de plastification, et de moulage par extrusion pour produire des granul\u00e9s plastiques destin\u00e9s \u00e0 la vente sur le march\u00e9.<\/p> <h2>Effets du recyclage des bouteilles en plastique<\/h2> <p class=\"translation-block\"><strong>La valeur des flocons de plastique<\/strong><\/p> <p>La plupart des bouteilles de boissons sont fabriqu\u00e9es en plastique PET, PE et PP. Il existe un nombre \u00e9tonnant de d\u00e9chets de mat\u00e9riaux d\u2019emballage de boissons, tels que les bouteilles en plastique. Par cons\u00e9quent, s\u2019ils sont recycl\u00e9s et trait\u00e9s efficacement, ils g\u00e9n\u00e9reront une \u00e9norme valeur de recyclage et deviendront une \u00ab ressource pour le lieu \u00bb.<\/p> <p class=\"translation-block\"><strong>Combien de fois le PET peut-il \u00eatre recycl\u00e9 ?<\/strong><\/p> <p>Vid\u00e9o explicite de la ligne automatique de recyclage des bouteilles en PET pour la production de flocons de plastique PET en usine<\/p> <h2>Contactez-nous<\/h2> <p>Les machines de la ligne de recyclage de bouteilles PET comprennent principalement une machine d'\u00e9tiquetage, un broyeur de bouteilles en plastique, une machine de nettoyage \u00e0 haute temp\u00e9rature, une machine de nettoyage par friction, etc. Les services personnalis\u00e9s de l'entreprise sont disponibles pour r\u00e9pondre \u00e0 vos besoins. Si vous avez encore des questions, veuillez nous contacter ou laisser vos coordonn\u00e9es. Nous pourrons alors r\u00e9soudre le probl\u00e8me en d\u00e9tail pour vous.<\/p>","protected":false},"excerpt":{"rendered":"<p>The PET bottle recycling line, also known as the PET bottle recycling machine, includes the process of plastic bottle de-marking, [&hellip;]<\/p>\n","protected":false},"featured_media":5392,"template":"","meta":{"site-sidebar-layout":"default","site-content-layout":"default","ast-site-content-layout":"default","site-content-style":"default","site-sidebar-style":"default","ast-global-header-display":"","ast-banner-title-visibility":"","ast-main-header-display":"","ast-hfb-above-header-display":"","ast-hfb-below-header-display":"","ast-hfb-mobile-header-display":"","site-post-title":"","ast-breadcrumbs-content":"","ast-featured-img":"","footer-sml-layout":"","ast-disable-related-posts":"","theme-transparent-header-meta":"default","adv-header-id-meta":"","stick-header-meta":"default","header-above-stick-meta":"","header-main-stick-meta":"","header-below-stick-meta":"","astra-migrate-meta-layouts":"set","ast-page-background-enabled":"default","ast-page-background-meta":{"desktop":{"background-color":"","background-image":"","background-repeat":"repeat","background-position":"center center","background-size":"auto","background-attachment":"scroll","background-type":"","background-media":"","overlay-type":"","overlay-color":"","overlay-opacity":"","overlay-gradient":""},"tablet":{"background-color":"","background-image":"","background-repeat":"repeat","background-position":"center center","background-size":"auto","background-attachment":"scroll","background-type":"","background-media":"","overlay-type":"","overlay-color":"","overlay-opacity":"","overlay-gradient":""},"mobile":{"background-color":"","background-image":"","background-repeat":"repeat","background-position":"center center","background-size":"auto","background-attachment":"scroll","background-type":"","background-media":"","overlay-type":"","overlay-color":"","overlay-opacity":"","overlay-gradient":""}},"ast-content-background-meta":{"desktop":{"background-color":"var(--ast-global-color-5)","background-image":"","background-repeat":"repeat","background-position":"center center","background-size":"auto","background-attachment":"scroll","background-type":"","background-media":"","overlay-type":"","overlay-color":"","overlay-opacity":"","overlay-gradient":""},"tablet":{"background-color":"var(--ast-global-color-5)","background-image":"","background-repeat":"repeat","background-position":"center center","background-size":"auto","background-attachment":"scroll","background-type":"","background-media":"","overlay-type":"","overlay-color":"","overlay-opacity":"","overlay-gradient":""},"mobile":{"background-color":"var(--ast-global-color-5)","background-image":"","background-repeat":"repeat","background-position":"center center","background-size":"auto","background-attachment":"scroll","background-type":"","background-media":"","overlay-type":"","overlay-color":"","overlay-opacity":"","overlay-gradient":""}}},"product_brand":[],"product_cat":[130],"product_tag":[88],"class_list":{"0":"post-5268","1":"product","2":"type-product","3":"status-publish","4":"has-post-thumbnail","6":"product_cat-solution","7":"product_tag-pet-recycling","8":"desktop-align-center","9":"tablet-align-center","10":"mobile-align-center","12":"first","13":"instock","14":"shipping-taxable","15":"product-type-simple"},"_links":{"self":[{"href":"https:\/\/recyclingequipinc.com\/fr\/wp-json\/wp\/v2\/product\/5268","targetHints":{"allow":["GET"]}}],"collection":[{"href":"https:\/\/recyclingequipinc.com\/fr\/wp-json\/wp\/v2\/product"}],"about":[{"href":"https:\/\/recyclingequipinc.com\/fr\/wp-json\/wp\/v2\/types\/product"}],"version-history":[{"count":0,"href":"https:\/\/recyclingequipinc.com\/fr\/wp-json\/wp\/v2\/product\/5268\/revisions"}],"wp:featuredmedia":[{"embeddable":true,"href":"https:\/\/recyclingequipinc.com\/fr\/wp-json\/wp\/v2\/media\/5392"}],"wp:attachment":[{"href":"https:\/\/recyclingequipinc.com\/fr\/wp-json\/wp\/v2\/media?parent=5268"}],"wp:term":[{"taxonomy":"product_brand","embeddable":true,"href":"https:\/\/recyclingequipinc.com\/fr\/wp-json\/wp\/v2\/product_brand?post=5268"},{"taxonomy":"product_cat","embeddable":true,"href":"https:\/\/recyclingequipinc.com\/fr\/wp-json\/wp\/v2\/product_cat?post=5268"},{"taxonomy":"product_tag","embeddable":true,"href":"https:\/\/recyclingequipinc.com\/fr\/wp-json\/wp\/v2\/product_tag?post=5268"}],"curies":[{"name":"wp","href":"https:\/\/api.w.org\/{rel}","templated":true}]}}