{"id":5245,"date":"2021-11-05T06:58:31","date_gmt":"2021-11-05T06:58:31","guid":{"rendered":"https:\/\/recyclingequipinc.com\/?post_type=product&#038;p=5245"},"modified":"2025-01-20T10:19:20","modified_gmt":"2025-01-20T02:19:20","slug":"granulateur-en-plastique","status":"publish","type":"product","link":"https:\/\/recyclingequipinc.com\/fr\/product\/plastic-granulator-machine\/","title":{"rendered":"Machine de granulation en plastique pour le recyclage du PP LDPE HDPE"},"content":{"rendered":"<p class=\"translation-block\">La <strong>machine de granulation de plastique<\/strong>, \u00e9galement appel\u00e9e machine de fabrication de granul\u00e9s de plastique. C'est l'\u00e9quipement qui fait fondre et extrude les d\u00e9chets de copeaux de PP (poly\u00e9thyl\u00e8ne) ou de PE (polypropyl\u00e8ne) afin de fabriquer des granul\u00e9s de plastique. Le moteur principal de la granulateur est une extrudeuse, qui se compose d'un syst\u00e8me d'extrusion, d'un syst\u00e8me de transmission et d'un syst\u00e8me de chauffage et de refroidissement. Les plastiques cass\u00e9s, nettoy\u00e9s et s\u00e9ch\u00e9s peuvent \u00eatre directement introduits dans la machine d'extrusion. Ensuite, les bandes de plastique extrud\u00e9es doivent g\u00e9n\u00e9ralement \u00eatre refroidies dans un r\u00e9servoir de refroidissement et coup\u00e9es en granul\u00e9s par une machine de coupe de granul\u00e9s. La machine de granulation de films plastiques est une partie importante de l'installation de recyclage de plastique. Elle est b\u00e9n\u00e9fique pour le d\u00e9veloppement vigoureux des ressources renouvelables et la transformation des d\u00e9chets en tr\u00e9sor.<\/p> <h2>Vid\u00e9o de travail<\/h2> <div class=\"ast-oembed-container\" style=\"height: 100%;\"><iframe title=\"Machine de fabrication de granul\u00e9s PVC\/LDPE\/HDPE pour les usines mondiales de recyclage du plastique\" width=\"500\" height=\"281\" src=\"https:\/\/www.youtube.com\/embed\/byd5tq96FqE?feature=oembed\" frameborder=\"0\" allow=\"accelerometer; autoplay; clipboard-write; encrypted-media; gyroscope; picture-in-picture; web-share\" referrerpolicy=\"strict-origin-when-cross-origin\" allowfullscreen><\/iframe><\/div> <h2>Mat\u00e9riau applicable pour le granulateur de recyclage<\/h2> <p>La conception de la machine de fabrication de granul\u00e9s de plastique lui permet de traiter efficacement une large gamme de d\u00e9chets en granul\u00e9s. Pour les d\u00e9chets plastiques, nous les divisons en plastiques post-consommation et post-industriels, qui peuvent tous deux \u00eatre trait\u00e9s dans nos machines de recyclage.<\/p> <p>Mat\u00e9riaux de recyclage post-industriel\u00a0: Afin d'\u00e9conomiser sur les co\u00fbts des mati\u00e8res premi\u00e8res et de r\u00e9aliser une \u00e9conomie circulaire, de nombreux producteurs de plastique, comme les fabricants de sacs en plastique, recyclent leurs chutes et continuent ensuite \u00e0 transformer les granul\u00e9s qu'ils produisent en produits en plastique. Ces plastiques post-industriels comprennent les coupures de sacs HDPE\/LDPE, les films en rouleaux, les produits de films et de sacs d\u00e9fectueux, les sacs imprim\u00e9s \u00e0 fermeture \u00e9clair, les tuyaux en PVC HDPE d\u00e9fectueux, les rebroy\u00e9s PP\/HDPE\/LDPE, les tuyaux d'irrigation souples\/rigides en HDPE, etc. .<\/p> <p>Mat\u00e9riaux de recyclage post-consommation\u00a0: tous les produits en plastique utilis\u00e9s et mis au rebut, tels que les bouteilles en plastique usag\u00e9es, les sacs en plastique, les compteurs abandonn\u00e9s, les pi\u00e8ces automobiles, les contenants alimentaires, les f\u00fbts de produits chimiques, les palettes en plastique, les cordes en PP, les morceaux de plastique, les jerrycans, les tubes cosm\u00e9tiques, les films \u00e0 bulles. , films lamin\u00e9s\/multicouches, mat\u00e9riaux d'emballage flexibles, etc.<\/p> <h2>Machine \u00e0 granuler le plastique \u00e0 vendre<\/h2> <p class=\"translation-block\">En tant que machine principale de la <a href=\"https:\/\/recyclingequipinc.com\/fr\/produit\/machine-de-recyclage-de-films-plastiques\/\"><strong>ligne de production de granul\u00e9s de plastique<\/strong><\/a>, l'\u00e9quipement s'applique \u00e0 la granulation de divers mat\u00e9riaux. L'apparence des granulateurs pour le traitement de diff\u00e9rents mat\u00e9riaux est similaire, mais pas identique. Leurs composants internes doivent \u00eatre ajust\u00e9s en fonction du mat\u00e9riau sp\u00e9cifique, tels que le diam\u00e8tre de la vis interne, la distance entre la vis et la paroi du cylindre, et la longueur de la vis.<\/p> <p>Par cons\u00e9quent, une machine r\u00e9gl\u00e9e correspond \u00e0 un type de mat\u00e9riau. L'\u00e9quipement ajust\u00e9 est plus adapt\u00e9 \u00e0 la propri\u00e9t\u00e9 de votre mati\u00e8re premi\u00e8re. Vous pouvez donc nous contacter pour obtenir des informations plus d\u00e9taill\u00e9es en nous indiquant quel mat\u00e9riau vous souhaitez granuler. En outre, nous prenons en charge les services de personnalisation en fonction de vos besoins sp\u00e9cifiques en mati\u00e8re de recyclage.<\/p> <h2>Sc\u00e8ne d'affichage de la machine d'usine<\/h2> <div id='gallery-1' class='gallery galleryid-5245 gallery-columns-2 gallery-size-full'><figure class='gallery-item'> \t\t\t<div class='gallery-icon landscape'> \t\t\t\t<img fetchpriority=\"high\" decoding=\"async\" width=\"720\" height=\"540\" src=\"https:\/\/recyclingequipinc.com\/wp-content\/uploads\/2021\/11\/plastic-granulation-machine.webp\" class=\"attachment-full size-full\" alt=\"machine de granulation de plastique\" aria-describedby=\"gallery-1-16776\" srcset=\"https:\/\/recyclingequipinc.com\/wp-content\/uploads\/2021\/11\/plastic-granulation-machine.webp 720w, https:\/\/recyclingequipinc.com\/wp-content\/uploads\/2021\/11\/plastic-granulation-machine-300x225.webp 300w, https:\/\/recyclingequipinc.com\/wp-content\/uploads\/2021\/11\/plastic-granulation-machine-16x12.webp 16w\" sizes=\"(max-width: 720px) 100vw, 720px\" \/> \t\t\t<\/div> \t\t\t\t<figcaption class='wp-caption-text gallery-caption' id='gallery-1-16776'> \t\t\t\tmachine de granulation de plastique \t\t\t\t<\/figcaption><\/figure><figure class='gallery-item'> \t\t\t<div class='gallery-icon landscape'> \t\t\t\t<img decoding=\"async\" width=\"720\" height=\"540\" src=\"https:\/\/recyclingequipinc.com\/wp-content\/uploads\/2021\/11\/HDPE-granule-making-machine-1.webp\" class=\"attachment-full size-full\" alt=\"Machine de fabrication de granul\u00e9s HDPE\" aria-describedby=\"gallery-1-16790\" srcset=\"https:\/\/recyclingequipinc.com\/wp-content\/uploads\/2021\/11\/HDPE-granule-making-machine-1.webp 720w, https:\/\/recyclingequipinc.com\/wp-content\/uploads\/2021\/11\/HDPE-granule-making-machine-1-300x225.webp 300w, https:\/\/recyclingequipinc.com\/wp-content\/uploads\/2021\/11\/HDPE-granule-making-machine-1-16x12.webp 16w\" sizes=\"(max-width: 720px) 100vw, 720px\" \/> \t\t\t<\/div> \t\t\t\t<figcaption class='wp-caption-text gallery-caption' id='gallery-1-16790'> \t\t\t\tMachine de fabrication de granul\u00e9s HDPE  \t\t\t\t<\/figcaption><\/figure> \t\t<\/div>  <div id='gallery-2' class='gallery galleryid-5245 gallery-columns-2 gallery-size-full'><figure class='gallery-item'> \t\t\t<div class='gallery-icon landscape'> \t\t\t\t<img decoding=\"async\" width=\"720\" height=\"540\" src=\"https:\/\/recyclingequipinc.com\/wp-content\/uploads\/2021\/11\/plastic-granules-production-machine.webp\" class=\"attachment-full size-full\" alt=\"machine de production de granul\u00e9s de plastique\" aria-describedby=\"gallery-2-16780\" srcset=\"https:\/\/recyclingequipinc.com\/wp-content\/uploads\/2021\/11\/plastic-granules-production-machine.webp 720w, https:\/\/recyclingequipinc.com\/wp-content\/uploads\/2021\/11\/plastic-granules-production-machine-300x225.webp 300w, https:\/\/recyclingequipinc.com\/wp-content\/uploads\/2021\/11\/plastic-granules-production-machine-16x12.webp 16w\" sizes=\"(max-width: 720px) 100vw, 720px\" \/> \t\t\t<\/div> \t\t\t\t<figcaption class='wp-caption-text gallery-caption' id='gallery-2-16780'> \t\t\t\tmachine de production de granul\u00e9s de plastique \t\t\t\t<\/figcaption><\/figure><figure class='gallery-item'> \t\t\t<div class='gallery-icon landscape'> \t\t\t\t<img loading=\"lazy\" decoding=\"async\" width=\"720\" height=\"540\" src=\"https:\/\/recyclingequipinc.com\/wp-content\/uploads\/2021\/11\/PP-LDPE-HDPE-granulator.webp\" class=\"attachment-full size-full\" alt=\"Granulateur PP LDPE HDPE\" aria-describedby=\"gallery-2-16775\" srcset=\"https:\/\/recyclingequipinc.com\/wp-content\/uploads\/2021\/11\/PP-LDPE-HDPE-granulator.webp 720w, https:\/\/recyclingequipinc.com\/wp-content\/uploads\/2021\/11\/PP-LDPE-HDPE-granulator-300x225.webp 300w, https:\/\/recyclingequipinc.com\/wp-content\/uploads\/2021\/11\/PP-LDPE-HDPE-granulator-16x12.webp 16w\" sizes=\"(max-width: 720px) 100vw, 720px\" \/> \t\t\t<\/div> \t\t\t\t<figcaption class='wp-caption-text gallery-caption' id='gallery-2-16775'> \t\t\t\tGranulateur PP LDPE HDPE \t\t\t\t<\/figcaption><\/figure> \t\t<\/div>  <p>&nbsp;<\/p> <h2>Caract\u00e9ristiques et avantages de l'\u00e9quipement de granulation du plastique<\/h2> <ol> <li>Conception unique, bonnes performances, faible bruit, fonctionnement stable, op\u00e9ration simple<\/li> <li>Processus simple, technologie avanc\u00e9e et adapt\u00e9 \u00e0 divers plastiques<\/li> <li>La vis et le cylindre sont r\u00e9sistants \u00e0 l'usure, durables, \u00e0 haut rendement.<\/li> <li>La machine de granulation de plastique peut traiter 2 \u00e0 30 tonnes de d\u00e9chets plastiques par jour.<\/li> <li>Machines principales et auxiliaires int\u00e9gr\u00e9es, installation simple, encombrement r\u00e9duit, performances \u00e9lev\u00e9es.<\/li> <li>Utilise un chauffage par friction haute pression sans interruption, un mode de chauffage multifonction, \u00e9quip\u00e9 d'un syst\u00e8me de temp\u00e9rature constante<\/li> <li>N'a pas besoin d'\u00eatre chauff\u00e9 en continu, r\u00e9duisant la consommation d'\u00e9nergie de 30 \u00e0 40%<\/li> <li>Haute automatisation, peu d'interventions humaines<\/li> <li>Service de personnalisation disponible.<\/li> <\/ol> <figure id=\"attachment_5257\" aria-describedby=\"caption-attachment-5257\" style=\"width: 750px\" class=\"wp-caption aligncenter\"><img loading=\"lazy\" decoding=\"async\" class=\"size-full wp-image-5257\" src=\"https:\/\/recyclingequipinc.com\/wp-content\/uploads\/2021\/11\/electric-mold-head.jpg\" alt=\"t\u00eate de moulage \u00e9lectrique\" width=\"750\" height=\"500\" srcset=\"https:\/\/recyclingequipinc.com\/wp-content\/uploads\/2021\/11\/electric-mold-head.jpg 750w, https:\/\/recyclingequipinc.com\/wp-content\/uploads\/2021\/11\/electric-mold-head-300x200.jpg 300w, https:\/\/recyclingequipinc.com\/wp-content\/uploads\/2021\/11\/electric-mold-head-600x400.jpg 600w\" sizes=\"(max-width: 750px) 100vw, 750px\" \/><figcaption id=\"caption-attachment-5257\" class=\"wp-caption-text\">t\u00eate de moulage \u00e9lectrique<\/figcaption><\/figure> <h2>Structure de la machine<\/h2> <p>La structure de la machine \u00e0 fabriquer des granul\u00e9s plastiques est compos\u00e9e d'un r\u00e9ducteur, d'une ouverture d'alimentation, d'un dispositif de chauffage, d'une chambre de pressage, d'une sortie, d'une vis de pressage, d'une t\u00eate de moulage, d'une base et d'autres pi\u00e8ces.<\/p> <p class=\"translation-block\">Le <strong><b>r\u00e9ducteur<\/b><\/strong> est un r\u00e9ducteur \u00e0 surface d'engrenage dur. Sa qualit\u00e9 est tr\u00e8s importante car c'est une pi\u00e8ce cruciale de l'extrudeuse de plastique. \u00c0 l'heure actuelle, le classement de la qualit\u00e9 des r\u00e9ducteurs courants sur le march\u00e9 est le suivant : r\u00e9ducteur \u00e0 vis sans fin ancien mod\u00e8le &lt; r\u00e9ducteur courant &lt; r\u00e9ducteur \u00e0 surface d&#039;engrenage semi-dur &lt; r\u00e9ducteur \u00e0 surface d&#039;engrenage dur.<\/p> <p class=\"translation-block\">Il existe deux types principaux de <strong><b>fili\u00e8re<\/b><\/strong> pour l'extrusion de plastique : la fili\u00e8re \u00e9lectrique et la fili\u00e8re hydraulique. Le tamis de filtration de la fili\u00e8re hydraulique peut \u00eatre remplac\u00e9 sans arr\u00eater la machine. Pour les mat\u00e9riaux contenant de nombreuses impuret\u00e9s, la fili\u00e8re <a href=\"https:\/\/en.wikipedia.org\/wiki\/Hydraulics\" target=\"_blank\" rel=\"noopener\">hydraulique<\/a> est plus adapt\u00e9e. Mais le co\u00fbt est \u00e9galement plus \u00e9lev\u00e9. Le mod\u00e8le de la machine de granulation de plastique est principalement divis\u00e9 par le diam\u00e8tre de la vis. La vis est en acier 45#, 40CR, 38CRSI. Le mod\u00e8le de l'\u00e9quipement de granulation de plastique est principalement divis\u00e9 selon le diam\u00e8tre de la presse \u00e0 vis. Des services de personnalisation de placage au chrome, de nitruration et d'autres proc\u00e9d\u00e9s sont disponibles en fonction de leurs caract\u00e9ristiques de traitement du plastique.<\/p> <figure id=\"attachment_5249\" aria-describedby=\"caption-attachment-5249\" style=\"width: 750px\" class=\"wp-caption aligncenter\"><img loading=\"lazy\" decoding=\"async\" class=\"size-full wp-image-5249\" src=\"https:\/\/recyclingequipinc.com\/wp-content\/uploads\/2021\/11\/plastic-pellet-making-machine-structure.jpg\" alt=\"Structure de la machine de fabrication de granul\u00e9s plastiques\" width=\"750\" height=\"500\" srcset=\"https:\/\/recyclingequipinc.com\/wp-content\/uploads\/2021\/11\/plastic-pellet-making-machine-structure.jpg 750w, https:\/\/recyclingequipinc.com\/wp-content\/uploads\/2021\/11\/plastic-pellet-making-machine-structure-300x200.jpg 300w, https:\/\/recyclingequipinc.com\/wp-content\/uploads\/2021\/11\/plastic-pellet-making-machine-structure-600x400.jpg 600w\" sizes=\"(max-width: 750px) 100vw, 750px\" \/><figcaption id=\"caption-attachment-5249\" class=\"wp-caption-text\">Structure de la machine de fabrication de granul\u00e9s plastiques<\/figcaption><\/figure> <h2>Le syst\u00e8me de chauffage de la granulatrice LDPE\/HDPE<\/h2> <p>La m\u00e9thode de chauffage de l'extrudeuse en plastique est divis\u00e9e en chauffage par anneau en aluminium coul\u00e9, chauffage par tube en quartz, chauffage par anneau en c\u00e9ramique, chauffage \u00e9lectromagn\u00e9tique. Parmi eux, le meilleur effet de chauffage est le chauffage \u00e9lectromagn\u00e9tique. L'anneau de chauffage en aluminium coul\u00e9 n\u00e9cessite 30 \u00e0 40 minutes de chauffage, tandis que l'anneau de chauffage \u00e9lectromagn\u00e9tique n\u00e9cessite 15 \u00e0 20 minutes. Le chauffage \u00e9lectromagn\u00e9tique peut augmenter rapidement la temp\u00e9rature. Et il a un bon effet de maintien de la temp\u00e9rature, fonctionne de mani\u00e8re stable. Mais il n'est pas adapt\u00e9 au traitement des mat\u00e9riaux en mousse. La m\u00e9thode de chauffage doit \u00eatre choisie en fonction des mati\u00e8res premi\u00e8res et de la couleur du produit final.<\/p> <h2>Principe de fonctionnement de la machine \u00e0 fabriquer des granul\u00e9s plastiques<\/h2> <ol> <li>Allumez la machine de granulation HDPE\/PP\/PVC. Regarder la machine s'il y a un bruit ou une vibration anormale. Sinon, utilisez-le.<\/li> <li>Veillez \u00e0 pr\u00e9chauffer la machine \u00e0 granuler le plastique afin de fondre le plastique. Le plastique fondu deviendra noir si la temp\u00e9rature est trop \u00e9lev\u00e9e. Tandis que la basse temp\u00e9rature ne peut pas fondre le plastique.<\/li> <li>Il est pr\u00e9f\u00e9rable d'\u00e9quiper la machine \u00e0 granuler le plastique d'une machine d'alimentation automatique pour alimenter les copeaux de plastique dans l'\u00e9quipement de granulation du plastique car le mat\u00e9riau du film plastique est tr\u00e8s l\u00e9ger et difficile \u00e0 alimenter.<\/li> <li>Les copeaux de film plastique seront fondus et press\u00e9s dans le moteur principal, puis pouss\u00e9s avec la vis dans le moteur auxiliaire. Enfin, le mat\u00e9riau fondu sera extrud\u00e9 du moteur auxiliaire sous forme de bandes de plastique.<\/li> <li>Placez un r\u00e9servoir de refroidissement sous la t\u00eate de moulage afin que les bandes de plastique chaudes refroidissent dans le r\u00e9servoir et prennent forme.<\/li> <\/ol> <h2>Ce qu'il faut prendre en compte lors de l'utilisation de l'\u00e9quipement de granulation du plastique<\/h2> <ul> <li>L'int\u00e9rieur de la machine ne doit contenir aucun r\u00e9sidu m\u00e9tallique ou sable fin. Ne placez pas d'objets m\u00e9talliques ou d'autres objets autour de l'entr\u00e9e qui pourraient tomber dans la machine et causer des dommages \u00e0 la machine \u00e0 granuler le plastique, provoquer un blocage ou une destruction.<\/li> <li>Il est pr\u00e9f\u00e9rable que l'op\u00e9rateur re\u00e7oive une v\u00e9ritable formation sur le fonctionnement de la machine \u00e0 granuler. En outre, ils doivent \u00e9galement apprendre la structure de l\u2019\u00e9quipement et les proc\u00e9dures de fonctionnement.<\/li> <li>Contr\u00f4lez la temp\u00e9rature de l'eau du r\u00e9servoir de refroidissement. En effet, les bandes de plastique se casseront si la temp\u00e9rature est trop basse. Tandis que des temp\u00e9ratures \u00e9lev\u00e9es ne permettront pas aux bandes de plastique de refroidir et de prendre forme correctement, et les bandes pourraient coller.<\/li> <li>Le plastique fondu doit \u00eatre extrud\u00e9 en bandes de mani\u00e8re uniforme avant d'entrer dans la machine \u00e0 couper les granul\u00e9s de plastique. Des bandes in\u00e9gales pourraient endommager la machine \u00e0 couper les granul\u00e9s de plastique. Les trous de la t\u00eate de moulage pourraient \u00eatre obstru\u00e9s par des impuret\u00e9s si la bande extrud\u00e9e est fine ou cass\u00e9e. Vous devez donc remplacer l'\u00e9cran de filtre.<\/li> <\/ul> <h2>Param\u00e8tres de la machine de fabrication de granul\u00e9s HDPE<\/h2> <table> <tbody> <tr> <td width=\"71\">Type<\/td> <td width=\"71\">105<\/td> <td width=\"71\">125<\/td> <td width=\"71\">135<\/td> <td width=\"71\">150<\/td> <td width=\"71\">180<\/td> <td width=\"71\">200<\/td> <td width=\"71\">220<\/td> <\/tr> <tr> <td width=\"71\">Screw diameter<\/td> <td width=\"71\">105 mm<\/td> <td width=\"71\">125mm<\/td> <td width=\"71\">135 mm<\/td> <td width=\"71\">150mm<\/td> <td width=\"71\">180mm<\/td> <td width=\"71\">200 mm<\/td> <td width=\"71\">220 mm<\/td> <\/tr> <tr> <td width=\"71\">Vitesse de la broche<\/td> <td width=\"71\">50-70\/min<\/td> <td width=\"71\">50-70\/min<\/td> <td width=\"71\">40-50\/min<\/td> <td width=\"71\">40-50\/min<\/td> <td width=\"71\">40-50\/min<\/td> <td width=\"71\">40-50\/min<\/td> <td width=\"71\">40-50\/min<\/td> <\/tr> <tr> <td width=\"71\">Puissance du moteur principal<\/td> <td width=\"71\">18,5 kW<\/td> <td width=\"71\">30 kW<\/td> <td width=\"71\">37 kW<\/td> <td width=\"71\">37 kW<\/td> <td width=\"71\">55 kW<\/td> <td width=\"71\">75 kW<\/td> <td width=\"71\">90 kW<\/td> <\/tr> <tr> <td width=\"71\">R\u00e9ducteur (engrenage dur)<\/td> <td width=\"71\">200<\/td> <td width=\"71\">225<\/td> <td width=\"71\">250<\/td> <td width=\"71\">250<\/td> <td width=\"71\">280<\/td> <td width=\"71\">315<\/td> <td width=\"71\">330<\/td> <\/tr> <tr> <td width=\"71\">Poids<\/td> <td width=\"71\">1,3 T<\/td> <td width=\"71\">1,8 T<\/td> <td width=\"71\">2 T<\/td> <td width=\"71\">2 T<\/td> <td width=\"71\">2,2 T<\/td> <td width=\"71\">2,8 T<\/td> <td width=\"71\">3,2 T<\/td> <\/tr> <tr> <td width=\"71\">Taille<\/td> <td width=\"71\">2.4*0.7*0.7<\/td> <td width=\"71\">2.6*0.7*0.7<\/td> <td width=\"71\">2.8*0.7*0.7<\/td> <td width=\"71\">3.0*0.7*0.8<\/td> <td width=\"71\">3.2*0.7*0.8<\/td> <td width=\"71\">3.5*1*1<\/td> <td width=\"71\">3.8*1.2*1<\/td> <\/tr> <tr> <td width=\"71\">Sortie<\/td> <td width=\"71\">150 kg\/h<\/td> <td width=\"71\">180 kg\/h<\/td> <td width=\"71\">200 kg\/h<\/td> <td width=\"71\">300 kg\/h<\/td> <td width=\"71\">350 kg\/h<\/td> <td width=\"71\">380 kg\/h<\/td> <td width=\"71\">420 kg\/h<\/td> <\/tr> <\/tbody> <\/table> <p>Nous avons 7 mod\u00e8les de machines de granulation parmi lesquels vous pouvez choisir. La plus grande diff\u00e9rence entre les 7 machines est le rendement. La sortie est respectivement de 150 kg\/h, 180 kg\/h, 200 kg\/h, 300 kg\/h, 350 kg\/h, 380 kg\/h et 420 kg\/h. De m\u00eame, une production diff\u00e9rente correspond \u00e0 des prix diff\u00e9rents. Si vous poss\u00e9dez une grande usine de recyclage de plastique, nous vous sugg\u00e9rons d'acheter des machines de 380 kg\/h ou 420 kg\/h. Nous vous proposerons \u00e9galement le meilleur prix. Deuxi\u00e8mement, vous devez tenir compte de la superficie de votre usine et de la taille de votre machine. Comme vous pouvez le constater, une production plus importante signifie une taille plus grande. Par exemple, la taille d'une machine avec un rendement de 150 kg\/h est de 2,4 * 0,7 * 0,7, tandis que la taille d'une machine avec un rendement de 420 kg\/h est de 3,8 * 102 * 1. Si la superficie de votre usine est trop petite, il ne convient pas aux machines surdimensionn\u00e9es, ou vous pouvez ajuster la taille de votre installation.<\/p>","protected":false},"excerpt":{"rendered":"<p>La machine \u00e0 granuler le plastique est l'\u00e9quipement pour fondre et extruder des d\u00e9chets de plastique PP (poly\u00e9thyl\u00e8ne) ou PE (polypropyl\u00e8ne) en granul\u00e9s plastiques. C'est une partie importante de la ligne de recyclage des films plastiques. La machine de granulation du plastique est utilis\u00e9e pour fondre, nettoyer, broyer et s\u00e9cher les plastiques en bandes, les refroidir dans un r\u00e9servoir de refroidissement \u00e0 l'eau et les couper avec une machine \u00e0 couper les granul\u00e9s de plastique. Cela permet de d\u00e9velopper vigoureusement les ressources renouvelables et de transformer les d\u00e9chets en tr\u00e9sor.<\/p>","protected":false},"featured_media":16798,"template":"","meta":{"site-sidebar-layout":"default","site-content-layout":"default","ast-site-content-layout":"default","site-content-style":"default","site-sidebar-style":"default","ast-global-header-display":"","ast-banner-title-visibility":"","ast-main-header-display":"","ast-hfb-above-header-display":"","ast-hfb-below-header-display":"","ast-hfb-mobile-header-display":"","site-post-title":"","ast-breadcrumbs-content":"","ast-featured-img":"","footer-sml-layout":"","ast-disable-related-posts":"","theme-transparent-header-meta":"default","adv-header-id-meta":"","stick-header-meta":"default","header-above-stick-meta":"","header-main-stick-meta":"","header-below-stick-meta":"","astra-migrate-meta-layouts":"set","ast-page-background-enabled":"default","ast-page-background-meta":{"desktop":{"background-color":"","background-image":"","background-repeat":"repeat","background-position":"center center","background-size":"auto","background-attachment":"scroll","background-type":"","background-media":"","overlay-type":"","overlay-color":"","overlay-opacity":"","overlay-gradient":""},"tablet":{"background-color":"","background-image":"","background-repeat":"repeat","background-position":"center center","background-size":"auto","background-attachment":"scroll","background-type":"","background-media":"","overlay-type":"","overlay-color":"","overlay-opacity":"","overlay-gradient":""},"mobile":{"background-color":"","background-image":"","background-repeat":"repeat","background-position":"center center","background-size":"auto","background-attachment":"scroll","background-type":"","background-media":"","overlay-type":"","overlay-color":"","overlay-opacity":"","overlay-gradient":""}},"ast-content-background-meta":{"desktop":{"background-color":"var(--ast-global-color-5)","background-image":"","background-repeat":"repeat","background-position":"center center","background-size":"auto","background-attachment":"scroll","background-type":"","background-media":"","overlay-type":"","overlay-color":"","overlay-opacity":"","overlay-gradient":""},"tablet":{"background-color":"var(--ast-global-color-5)","background-image":"","background-repeat":"repeat","background-position":"center center","background-size":"auto","background-attachment":"scroll","background-type":"","background-media":"","overlay-type":"","overlay-color":"","overlay-opacity":"","overlay-gradient":""},"mobile":{"background-color":"var(--ast-global-color-5)","background-image":"","background-repeat":"repeat","background-position":"center center","background-size":"auto","background-attachment":"scroll","background-type":"","background-media":"","overlay-type":"","overlay-color":"","overlay-opacity":"","overlay-gradient":""}}},"product_brand":[],"product_cat":[36],"product_tag":[83],"class_list":{"0":"post-5245","1":"product","2":"type-product","3":"status-publish","4":"has-post-thumbnail","6":"product_cat-plastic-recycling-machine","7":"product_tag-pelletizer","8":"desktop-align-center","9":"tablet-align-center","10":"mobile-align-center","12":"first","13":"instock","14":"shipping-taxable","15":"product-type-simple"},"_links":{"self":[{"href":"https:\/\/recyclingequipinc.com\/fr\/wp-json\/wp\/v2\/product\/5245","targetHints":{"allow":["GET"]}}],"collection":[{"href":"https:\/\/recyclingequipinc.com\/fr\/wp-json\/wp\/v2\/product"}],"about":[{"href":"https:\/\/recyclingequipinc.com\/fr\/wp-json\/wp\/v2\/types\/product"}],"version-history":[{"count":0,"href":"https:\/\/recyclingequipinc.com\/fr\/wp-json\/wp\/v2\/product\/5245\/revisions"}],"wp:featuredmedia":[{"embeddable":true,"href":"https:\/\/recyclingequipinc.com\/fr\/wp-json\/wp\/v2\/media\/16798"}],"wp:attachment":[{"href":"https:\/\/recyclingequipinc.com\/fr\/wp-json\/wp\/v2\/media?parent=5245"}],"wp:term":[{"taxonomy":"product_brand","embeddable":true,"href":"https:\/\/recyclingequipinc.com\/fr\/wp-json\/wp\/v2\/product_brand?post=5245"},{"taxonomy":"product_cat","embeddable":true,"href":"https:\/\/recyclingequipinc.com\/fr\/wp-json\/wp\/v2\/product_cat?post=5245"},{"taxonomy":"product_tag","embeddable":true,"href":"https:\/\/recyclingequipinc.com\/fr\/wp-json\/wp\/v2\/product_tag?post=5245"}],"curies":[{"name":"wp","href":"https:\/\/api.w.org\/{rel}","templated":true}]}}