{"id":5223,"date":"2021-11-03T03:04:46","date_gmt":"2021-11-03T03:04:46","guid":{"rendered":"https:\/\/recyclingequipinc.com\/?post_type=product&#038;p=5223"},"modified":"2024-11-18T15:33:29","modified_gmt":"2024-11-18T07:33:29","slug":"machine-de-fabrication-de-plateau-a-chaussures","status":"publish","type":"product","link":"https:\/\/recyclingequipinc.com\/fr\/product\/shoe-tray-making-machine\/","title":{"rendered":"Machine \u00e0 fabriquer des plateaux \u00e0 chaussures"},"content":{"rendered":"<p><strong><b>S<\/b><\/strong><strong><b>hoe tray <\/b><\/strong><strong><b>making <\/b><\/strong><strong><b>machine<\/b><\/strong>\u00a0is an environmentally friendly machine that makes waste paper into shoe trays. Obviously, the shoe tray is a paper tray, which belongs to the reuse of resources. In fact, the machine used is the same as the egg tray machine, the difference is the dies of the molding machine. Different shapes of paper trays require different molds. Therefore, the shoe tray machine can not only produce shoe trays, but also coffee trays, egg trays, egg carton trays, seed trays, medical trays, hardware trays, etc. Our Shuliy\u00a0company can customize the mold according to your needs. Welcome your inquiry!<\/p>\n<figure id=\"attachment_5238\" aria-describedby=\"caption-attachment-5238\" style=\"width: 300px\" class=\"wp-caption aligncenter\"><img fetchpriority=\"high\" decoding=\"async\" class=\"size-medium wp-image-5238\" src=\"https:\/\/recyclingequipinc.com\/wp-content\/uploads\/2021\/11\/shoe-tray-making-machine-300x228.jpg\" alt=\"shoe tray making machine\" width=\"300\" height=\"228\" srcset=\"https:\/\/recyclingequipinc.com\/wp-content\/uploads\/2021\/11\/shoe-tray-making-machine-300x228.jpg 300w, https:\/\/recyclingequipinc.com\/wp-content\/uploads\/2021\/11\/shoe-tray-making-machine-600x456.jpg 600w, https:\/\/recyclingequipinc.com\/wp-content\/uploads\/2021\/11\/shoe-tray-making-machine.jpg 750w\" sizes=\"(max-width: 300px) 100vw, 300px\" \/><figcaption id=\"caption-attachment-5238\" class=\"wp-caption-text\">shoe tray making machine<\/figcaption><\/figure>\n<h2><strong><b>Working Process of the Paper <\/b><\/strong><strong><b>Shoe<\/b><\/strong><strong><b>\u00a0Making Machine<\/b><\/strong><\/h2>\n<p>The shoe tray making machine, similar to the <a href=\"https:\/\/recyclingequipinc.com\/product\/egg-tray-making-machine\/\">egg tray making machine<\/a>, consists of pulping system, molding system, drying system, and packing system.<\/p>\n<p><strong><b>Firstly<\/b><\/strong>, place the raw materials, water into hydraulic pulper proportionally;<\/p>\n<p>Equipment used: pulping machine, homogenizer, slurry supply pump, vibrating screen, pulp decomposing machine.<\/p>\n<p><strong><b>Secondly<\/b><\/strong>, the molding machine can make pulp into required molds;<\/p>\n<p>Equipment used: molding machine, mold, vacuum pump, negative pressure tank, water pump, air compressor, mold cleaning machine.<\/p>\n<p><strong><b>Thirdly<\/b><\/strong>, dry the wet paper trays;<\/p>\n<p>Three methods: natural drying method; traditional drying: brick tunnel kiln; new-type multi-layer drying line.<\/p>\n<p><strong><b>Auxiliary packaging of finished products<\/b><\/strong><\/p>\n<ol>\n<li>Automatic stacking machine<\/li>\n<li>Packing machine<\/li>\n<li>Transfer conveyor<\/li>\n<\/ol>\n<p>[one_half]<\/p>\n<figure id=\"attachment_5231\" aria-describedby=\"caption-attachment-5231\" style=\"width: 300px\" class=\"wp-caption aligncenter\"><img decoding=\"async\" class=\"size-medium wp-image-5231\" src=\"https:\/\/recyclingequipinc.com\/wp-content\/uploads\/2021\/11\/work-process-of-the-paper-tray-making-machine-300x200.jpg\" alt=\"work process of the paper tray making machine\" width=\"300\" height=\"200\" srcset=\"https:\/\/recyclingequipinc.com\/wp-content\/uploads\/2021\/11\/work-process-of-the-paper-tray-making-machine-300x200.jpg 300w, https:\/\/recyclingequipinc.com\/wp-content\/uploads\/2021\/11\/work-process-of-the-paper-tray-making-machine-600x400.jpg 600w, https:\/\/recyclingequipinc.com\/wp-content\/uploads\/2021\/11\/work-process-of-the-paper-tray-making-machine.jpg 750w\" sizes=\"(max-width: 300px) 100vw, 300px\" \/><figcaption id=\"caption-attachment-5231\" class=\"wp-caption-text\">work process of the paper tray making machine<\/figcaption><\/figure>\n<p>[\/one_half][one_half_last]<\/p>\n<figure id=\"attachment_5232\" aria-describedby=\"caption-attachment-5232\" style=\"width: 300px\" class=\"wp-caption aligncenter\"><img decoding=\"async\" class=\"size-medium wp-image-5232\" src=\"https:\/\/recyclingequipinc.com\/wp-content\/uploads\/2021\/11\/equipment-to-be-used-300x200.jpg\" alt=\"equipment to be used\" width=\"300\" height=\"200\" srcset=\"https:\/\/recyclingequipinc.com\/wp-content\/uploads\/2021\/11\/equipment-to-be-used-300x200.jpg 300w, https:\/\/recyclingequipinc.com\/wp-content\/uploads\/2021\/11\/equipment-to-be-used-600x400.jpg 600w, https:\/\/recyclingequipinc.com\/wp-content\/uploads\/2021\/11\/equipment-to-be-used.jpg 750w\" sizes=\"(max-width: 300px) 100vw, 300px\" \/><figcaption id=\"caption-attachment-5232\" class=\"wp-caption-text\">equipment to be used<\/figcaption><\/figure>\n<p>[\/one_half_last]<\/p>\n<h2><strong><b>Why shoe tray machine is environmentally friendly machine?<\/b><\/strong><\/h2>\n<p>The environmentally friendly machine can make no bad effect on the environment, and meanwhile, reduce the burden of the earth. The shoe tray making machine is called an environmental friendly machine, the reasons are below:<\/p>\n<p><strong><b>Raw materials<\/b><\/strong>. This kind of paper shoe tray uses the waste materials, such as waste paper, waste boxes, waste magazines, etc. Reuse these materials, and make sure that it\u2019s used in the right way, it will not pollute the environment.<\/p>\n<figure id=\"attachment_5235\" aria-describedby=\"caption-attachment-5235\" style=\"width: 300px\" class=\"wp-caption aligncenter\"><img loading=\"lazy\" decoding=\"async\" class=\"size-medium wp-image-5235\" src=\"https:\/\/recyclingequipinc.com\/wp-content\/uploads\/2021\/11\/raw-materials-300x200.jpg\" alt=\"raw materials\" width=\"300\" height=\"200\" srcset=\"https:\/\/recyclingequipinc.com\/wp-content\/uploads\/2021\/11\/raw-materials-300x200.jpg 300w, https:\/\/recyclingequipinc.com\/wp-content\/uploads\/2021\/11\/raw-materials-600x400.jpg 600w, https:\/\/recyclingequipinc.com\/wp-content\/uploads\/2021\/11\/raw-materials.jpg 750w\" sizes=\"(max-width: 300px) 100vw, 300px\" \/><figcaption id=\"caption-attachment-5235\" class=\"wp-caption-text\">raw materials<\/figcaption><\/figure>\n<p><strong><b>Reduce the burden<\/b><\/strong>. Because of the raw materials, if not utilized again, more and more waste materials will be stacked. If things go on like this, it will put a heavy burden on the earth.<\/p>\n<p><strong><b>Environmental protection<\/b><\/strong>. Although the shoe tray-making machine makes waste materials into shoe trays, it has no environmental pollution. To some extent, it has a positive effect on the environment.<\/p>\n<h2><strong><b>Why We Are Your Top Priority?<\/b><\/strong><\/h2>\n<p>As a strong and reliable machine manufacturer and supplier, we have the powerful strength to be able to be your top choice.<\/p>\n<p><strong><b>Experienced team<\/b><\/strong>. We have developed for years and formed a strong and experienced team to support. Every member has grown into the expertise, solving your problems about the shoe tray making machine.<\/p>\n<p><strong><b>Thoughtful service<\/b><\/strong>. We offer 24-hour online services to deal with all kinds of difficulties. Besides, we supply after-sales service. This guarantees the customers\u2019\u00a0interests. Also, 24 months warranty period and lifetime maintenance.<\/p>\n<p><strong><b>Good reputation<\/b><\/strong>. Our machines have been exported to more than 80 countries and regions, such as Japan, the Philippines, Indonesia, etc. And we receive good reviews and feedback. Thus, we have a good reputation in the international market.<\/p>\n<figure id=\"attachment_5236\" aria-describedby=\"caption-attachment-5236\" style=\"width: 300px\" class=\"wp-caption aligncenter\"><img loading=\"lazy\" decoding=\"async\" class=\"size-medium wp-image-5236\" src=\"https:\/\/recyclingequipinc.com\/wp-content\/uploads\/2021\/11\/professional-teams-300x240.jpg\" alt=\"professional teams\" width=\"300\" height=\"240\" srcset=\"https:\/\/recyclingequipinc.com\/wp-content\/uploads\/2021\/11\/professional-teams-300x240.jpg 300w, https:\/\/recyclingequipinc.com\/wp-content\/uploads\/2021\/11\/professional-teams-600x480.jpg 600w, https:\/\/recyclingequipinc.com\/wp-content\/uploads\/2021\/11\/professional-teams.jpg 750w\" sizes=\"(max-width: 300px) 100vw, 300px\" \/><figcaption id=\"caption-attachment-5236\" class=\"wp-caption-text\">professional teams<\/figcaption><\/figure>\n<h2><strong><b>Conclusion <\/b><\/strong><\/h2>\n<p><a href=\"https:\/\/recyclingequipinc.com\/\">Shuliy Company<\/a> mainly supplies environmentally friendly machines, not only the shoe tray making machine, but also the egg tray machine, apple tray making machine, and so on. Of course, these belong to a series of machines. Among these machines, it has an extremely similar working process. Only the molding machine has differences. Actually, the mold varies. For example, the egg tray molding machine is different from the <a href=\"https:\/\/recyclingequipinc.com\/product\/apple-tray-making-machine\/\">apple tray making machine<\/a>. Mold will be tailored to meet your requirements. If any questions, you can contact us at any time and we will get back to you as soon as possible!<\/p>\n","protected":false},"excerpt":{"rendered":"<p class=\"translation-block\">La <strong><b>machine<\/b><\/strong> <strong><b>\u00e0<\/b><\/strong> <strong><b>fabriquer<\/b><\/strong> <strong><b>des<\/b><\/strong> <strong><b>plateaux<\/b><\/strong> <strong><b>\u00e0<\/b><\/strong> <strong><b>chaussures<\/b><\/strong> est une machine respectueuse de l'environnement qui transforme le papier usag\u00e9 en plateaux \u00e0 chaussures. \u00c9videmment, le plateau \u00e0 chaussures est un plateau en papier, qui appartient \u00e0 la r\u00e9utilisation des ressources. La machine \u00e0 plateaux \u00e0 chaussures peut non seulement produire des plateaux \u00e0 chaussures, mais aussi des plateaux \u00e0 caf\u00e9, des paniers \u00e0 \u0153ufs, des bo\u00eetes \u00e0 \u0153ufs, des semoirs, des plateaux m\u00e9dicaux, des plateaux pour quincaillerie, etc. Notre soci\u00e9t\u00e9 Shuliy peut personnaliser le moule selon vos besoins. Bienvenue \u00e0 votre demande !<\/p>","protected":false},"featured_media":5240,"template":"","meta":{"site-sidebar-layout":"default","site-content-layout":"default","ast-site-content-layout":"default","site-content-style":"default","site-sidebar-style":"default","ast-global-header-display":"","ast-banner-title-visibility":"","ast-main-header-display":"","ast-hfb-above-header-display":"","ast-hfb-below-header-display":"","ast-hfb-mobile-header-display":"","site-post-title":"","ast-breadcrumbs-content":"","ast-featured-img":"","footer-sml-layout":"","ast-disable-related-posts":"","theme-transparent-header-meta":"default","adv-header-id-meta":"","stick-header-meta":"default","header-above-stick-meta":"","header-main-stick-meta":"","header-below-stick-meta":"","astra-migrate-meta-layouts":"default","ast-page-background-enabled":"default","ast-page-background-meta":{"desktop":{"background-color":"","background-image":"","background-repeat":"repeat","background-position":"center center","background-size":"auto","background-attachment":"scroll","background-type":"","background-media":"","overlay-type":"","overlay-color":"","overlay-opacity":"","overlay-gradient":""},"tablet":{"background-color":"","background-image":"","background-repeat":"repeat","background-position":"center center","background-size":"auto","background-attachment":"scroll","background-type":"","background-media":"","overlay-type":"","overlay-color":"","overlay-opacity":"","overlay-gradient":""},"mobile":{"background-color":"","background-image":"","background-repeat":"repeat","background-position":"center center","background-size":"auto","background-attachment":"scroll","background-type":"","background-media":"","overlay-type":"","overlay-color":"","overlay-opacity":"","overlay-gradient":""}},"ast-content-background-meta":{"desktop":{"background-color":"var(--ast-global-color-5)","background-image":"","background-repeat":"repeat","background-position":"center center","background-size":"auto","background-attachment":"scroll","background-type":"","background-media":"","overlay-type":"","overlay-color":"","overlay-opacity":"","overlay-gradient":""},"tablet":{"background-color":"var(--ast-global-color-5)","background-image":"","background-repeat":"repeat","background-position":"center center","background-size":"auto","background-attachment":"scroll","background-type":"","background-media":"","overlay-type":"","overlay-color":"","overlay-opacity":"","overlay-gradient":""},"mobile":{"background-color":"var(--ast-global-color-5)","background-image":"","background-repeat":"repeat","background-position":"center center","background-size":"auto","background-attachment":"scroll","background-type":"","background-media":"","overlay-type":"","overlay-color":"","overlay-opacity":"","overlay-gradient":""}}},"product_brand":[],"product_cat":[35],"product_tag":[],"class_list":{"0":"post-5223","1":"product","2":"type-product","3":"status-publish","4":"has-post-thumbnail","6":"product_cat-egg-tray-machine","7":"desktop-align-center","8":"tablet-align-center","9":"mobile-align-center","11":"first","12":"instock","13":"shipping-taxable","14":"product-type-simple"},"_links":{"self":[{"href":"https:\/\/recyclingequipinc.com\/fr\/wp-json\/wp\/v2\/product\/5223","targetHints":{"allow":["GET"]}}],"collection":[{"href":"https:\/\/recyclingequipinc.com\/fr\/wp-json\/wp\/v2\/product"}],"about":[{"href":"https:\/\/recyclingequipinc.com\/fr\/wp-json\/wp\/v2\/types\/product"}],"version-history":[{"count":0,"href":"https:\/\/recyclingequipinc.com\/fr\/wp-json\/wp\/v2\/product\/5223\/revisions"}],"wp:featuredmedia":[{"embeddable":true,"href":"https:\/\/recyclingequipinc.com\/fr\/wp-json\/wp\/v2\/media\/5240"}],"wp:attachment":[{"href":"https:\/\/recyclingequipinc.com\/fr\/wp-json\/wp\/v2\/media?parent=5223"}],"wp:term":[{"taxonomy":"product_brand","embeddable":true,"href":"https:\/\/recyclingequipinc.com\/fr\/wp-json\/wp\/v2\/product_brand?post=5223"},{"taxonomy":"product_cat","embeddable":true,"href":"https:\/\/recyclingequipinc.com\/fr\/wp-json\/wp\/v2\/product_cat?post=5223"},{"taxonomy":"product_tag","embeddable":true,"href":"https:\/\/recyclingequipinc.com\/fr\/wp-json\/wp\/v2\/product_tag?post=5223"}],"curies":[{"name":"wp","href":"https:\/\/api.w.org\/{rel}","templated":true}]}}