{"id":5215,"date":"2021-11-02T08:47:53","date_gmt":"2021-11-02T08:47:53","guid":{"rendered":"https:\/\/recyclingequipinc.com\/?post_type=product&#038;p=5215"},"modified":"2025-01-20T10:20:58","modified_gmt":"2025-01-20T02:20:58","slug":"machine-denlevement-detiquettes-de-bouteilles-en-plastique","status":"publish","type":"product","link":"https:\/\/recyclingequipinc.com\/fr\/product\/pet-bottle-label-remover-machine\/","title":{"rendered":"Machine \u00e0 enlever les \u00e9tiquettes de bouteilles PET"},"content":{"rendered":"<p class=\"translation-block\"><strong>La machine de retrait d'\u00e9tiquettes pour bouteilles PET<\/strong> est l'\u00e9quipement sp\u00e9cialis\u00e9 pour retirer les \u00e9tiquettes des bouteilles en plastique PET. Le taux de retrait peut atteindre 98 %. Il y a beaucoup de lames \u00e0 l'int\u00e9rieur de l'\u00e9quipement. Les lames sp\u00e9cialement con\u00e7ues sont en acier alli\u00e9, ce qui les rend durables, avec une grande duret\u00e9 et une grande t\u00e9nacit\u00e9. La machine de retrait d'\u00e9tiquettes pour bouteilles PET peut r\u00e9pondre \u00e0 une grande capacit\u00e9 dans la ligne de recyclage des bouteilles PET, am\u00e9liorant l'efficacit\u00e9, \u00e9conomisant du travail et du temps. De plus, un service de personnalisation est disponible selon les besoins r\u00e9els des clients.<\/p> <figure id=\"attachment_5218\" aria-describedby=\"caption-attachment-5218\" style=\"width: 750px\" class=\"wp-caption aligncenter\"><img fetchpriority=\"high\" decoding=\"async\" class=\"wp-image-5218 size-full\" src=\"https:\/\/recyclingequipinc.com\/wp-content\/uploads\/2021\/11\/PET-bottle-label-removing-machine.jpg\" alt=\"Machine \u00e0 enlever les \u00e9tiquettes de bouteilles PET\" width=\"750\" height=\"500\" srcset=\"https:\/\/recyclingequipinc.com\/wp-content\/uploads\/2021\/11\/PET-bottle-label-removing-machine.jpg 750w, https:\/\/recyclingequipinc.com\/wp-content\/uploads\/2021\/11\/PET-bottle-label-removing-machine-300x200.jpg 300w, https:\/\/recyclingequipinc.com\/wp-content\/uploads\/2021\/11\/PET-bottle-label-removing-machine-600x400.jpg 600w\" sizes=\"(max-width: 750px) 100vw, 750px\" \/><figcaption id=\"caption-attachment-5218\" class=\"wp-caption-text\">Machine de retrait des \u00e9tiquettes de bouteilles en PET<\/figcaption><\/figure> <h2>Processus de travail de la machine de d\u00e9collage des \u00e9tiquettes de bouteilles en plastique<\/h2> <p class=\"translation-block\">Dans la <a href=\"https:\/\/recyclingequipinc.com\/fr\/produit\/machine-de-recyclage-de-bouteilles-en-plastique\/\"><strong>ligne de recyclage des bouteilles PET<\/strong><\/a>, les bouteilles PET seront transport\u00e9es dans la machine de d\u00e9-\u00e9tiquetage par <a href=\"https:\/\/recyclingequipinc.com\/fr\/produit\/convoyeur-a-bande\/\"><strong>un convoyeur \u00e0 bande<\/strong><\/a>. Les coupeurs en acier alli\u00e9 \u00e0 l'int\u00e9rieur de la machine de retrait d'\u00e9tiquettes couperont un orifice sur la marque des bouteilles en plastique PET. Le couteau dent\u00e9 sur la lame peut d\u00e9coller les \u00e9tiquettes des bouteilles. Ensuite, le moteur du ventilateur g\u00e9n\u00e8re un vent pour s\u00e9parer les \u00e9tiquettes et les bouteilles. Puis, la machine expulsent les morceaux d'\u00e9tiquettes par la sortie sup\u00e9rieure et transporte les bouteilles vers le port de d\u00e9charge.<\/p> <h2>Vid\u00e9o de travail de la machine de retrait des \u00e9tiquettes de bouteilles en PET<\/h2> <div class=\"ast-oembed-container\" style=\"height: 100%;\"><iframe title=\"Comment retirer les \u00e9tiquettes en PVC des bouteilles PET | \u00c9quipement de retrait de bouteilles pour le recyclage des bouteilles PET\" width=\"500\" height=\"281\" src=\"https:\/\/www.youtube.com\/embed\/Kc_A5SJQNI0?feature=oembed\" frameborder=\"0\" allow=\"accelerometer; autoplay; clipboard-write; encrypted-media; gyroscope; picture-in-picture; web-share\" referrerpolicy=\"strict-origin-when-cross-origin\" allowfullscreen><\/iframe><\/div> <h2>Caract\u00e9ristiques de la machine de retrait des \u00e9tiquettes de bouteilles en PET<\/h2> <ol> <li>Convient pour retirer les \u00e9tiquettes des bouteilles en PET, et le taux de retrait des \u00e9tiquettes peut atteindre 98%.<\/li> <li>Convient aux exigences de production en masse pour la capacit\u00e9 de la machine.<\/li> <li>Il remplace le retrait manuel des \u00e9tiquettes des bouteilles en plastique, am\u00e9liorant ainsi l'efficacit\u00e9 du travail.<\/li> <li>Adopte des lames en acier alli\u00e9, qui ont les caract\u00e9ristiques de durabilit\u00e9, haute duret\u00e9 et haute r\u00e9sistance.<\/li> <li>La machine \u00e0 enlever les \u00e9tiquettes des bouteilles PET s'adapte \u00e0 diff\u00e9rentes tailles de bouteilles en ajustant les lames.<\/li> <li>La longueur et la largeur de la machine peuvent \u00eatre personnalis\u00e9es selon les exigences du client.<\/li> <\/ol> <figure id=\"attachment_5220\" aria-describedby=\"caption-attachment-5220\" style=\"width: 750px\" class=\"wp-caption aligncenter\"><img decoding=\"async\" class=\"wp-image-5220 size-full\" src=\"https:\/\/recyclingequipinc.com\/wp-content\/uploads\/2021\/11\/alloy-steel-blades-of-PET-bottle-de-labeling-machine.jpg\" alt=\"lames en acier alli\u00e9 de la machine de d\u00e9collage des \u00e9tiquettes de bouteilles en PET\" width=\"750\" height=\"500\" srcset=\"https:\/\/recyclingequipinc.com\/wp-content\/uploads\/2021\/11\/alloy-steel-blades-of-PET-bottle-de-labeling-machine.jpg 750w, https:\/\/recyclingequipinc.com\/wp-content\/uploads\/2021\/11\/alloy-steel-blades-of-PET-bottle-de-labeling-machine-300x200.jpg 300w, https:\/\/recyclingequipinc.com\/wp-content\/uploads\/2021\/11\/alloy-steel-blades-of-PET-bottle-de-labeling-machine-600x400.jpg 600w\" sizes=\"(max-width: 750px) 100vw, 750px\" \/><figcaption id=\"caption-attachment-5220\" class=\"wp-caption-text\">lames en acier alli\u00e9 de la machine de d\u00e9collage des \u00e9tiquettes de bouteilles en PET<\/figcaption><\/figure> <h2>Pourquoi utiliser la machine de retrait des \u00e9tiquettes de bouteilles en PET ?<\/h2> <p class=\"translation-block\">Les bouteilles PET devront g\u00e9n\u00e9ralement avoir leurs \u00e9tiquettes retir\u00e9es avant d'entrer dans la machine de broyage, car le mat\u00e9riau des \u00e9tiquettes est diff\u00e9rent de celui des bouteilles PET. Si les bouteilles PET avec \u00e9tiquettes sont broy\u00e9es, il est difficile de s\u00e9parer les morceaux d'\u00e9tiquettes des flocons de PET. Les morceaux d'\u00e9tiquettes diminueront la puret\u00e9 des flocons de PET, donc il est pr\u00e9f\u00e9rable de retirer les \u00e9tiquettes avant que les bouteilles PET n'entrent dans le <a href=\"https:\/\/recyclingequipinc.com\/fr\/produit\/broyeur-de-plastique\/\"><strong>brouilleur de plastique<\/strong><\/a>. Compar\u00e9 au retrait manuel des \u00e9tiquettes, la machine de d\u00e9-\u00e9tiquetage fonctionne de mani\u00e8re plus efficace et plus rapide. Si vous souhaitez am\u00e9liorer encore la puret\u00e9 des flocons de PET, vous pouvez associer une machine de tri de plastique pour extraire d'autres mat\u00e9riaux par le travail.<\/p> <h2>Param\u00e8tres de la machine de retrait des \u00e9tiquettes de bouteilles en PET<\/h2> <table style=\"height: 265px;\" width=\"599\"> <tbody> <tr> <td width=\"274\">Mod\u00e8le<\/td> <td width=\"278\">SL-600<\/td> <\/tr> <tr> <td width=\"274\">La puissance principale du dissolvant de bouteilles en plastique<\/td> <td width=\"278\">11 kW<\/td> <\/tr> <tr> <td width=\"274\">Puissance des ventilateurs<\/td> <td width=\"278\">3 kW<\/td> <\/tr> <tr> <td width=\"274\">Capacit\u00e9<\/td> <td width=\"278\">1-1,2 t\/h<\/td> <\/tr> <tr> <td width=\"274\">Le taux de retrait de l'\u00e9tiquette<\/td> <td width=\"278\">98%<\/td> <\/tr> <tr> <td width=\"274\">Taille<\/td> <td width=\"278\">4000*1800*1600 mm<\/td> <\/tr> <tr> <td width=\"274\">Poids<\/td> <td width=\"278\">1500 kg<\/td> <\/tr> <\/tbody> <\/table> <h2><\/h2>","protected":false},"excerpt":{"rendered":"<p>La machine de retrait des \u00e9tiquettes de bouteilles en PET est l'\u00e9quipement permettant de retirer les \u00e9tiquettes des bouteilles en PET afin d'am\u00e9liorer la puret\u00e9 des produits finis en PET. Elle utilise des lames en acier alli\u00e9, durables, dures et r\u00e9sistantes. La machine de retrait des \u00e9tiquettes avec une grande capacit\u00e9 fonctionne efficacement, et son taux de retrait peut atteindre 98%. De plus, la longueur et la largeur de la machine peuvent \u00eatre personnalis\u00e9es selon vos besoins.<\/p>","protected":false},"featured_media":16801,"template":"","meta":{"site-sidebar-layout":"default","site-content-layout":"default","ast-site-content-layout":"default","site-content-style":"default","site-sidebar-style":"default","ast-global-header-display":"","ast-banner-title-visibility":"","ast-main-header-display":"","ast-hfb-above-header-display":"","ast-hfb-below-header-display":"","ast-hfb-mobile-header-display":"","site-post-title":"","ast-breadcrumbs-content":"","ast-featured-img":"","footer-sml-layout":"","ast-disable-related-posts":"","theme-transparent-header-meta":"default","adv-header-id-meta":"","stick-header-meta":"default","header-above-stick-meta":"","header-main-stick-meta":"","header-below-stick-meta":"","astra-migrate-meta-layouts":"set","ast-page-background-enabled":"default","ast-page-background-meta":{"desktop":{"background-color":"","background-image":"","background-repeat":"repeat","background-position":"center center","background-size":"auto","background-attachment":"scroll","background-type":"","background-media":"","overlay-type":"","overlay-color":"","overlay-opacity":"","overlay-gradient":""},"tablet":{"background-color":"","background-image":"","background-repeat":"repeat","background-position":"center center","background-size":"auto","background-attachment":"scroll","background-type":"","background-media":"","overlay-type":"","overlay-color":"","overlay-opacity":"","overlay-gradient":""},"mobile":{"background-color":"","background-image":"","background-repeat":"repeat","background-position":"center center","background-size":"auto","background-attachment":"scroll","background-type":"","background-media":"","overlay-type":"","overlay-color":"","overlay-opacity":"","overlay-gradient":""}},"ast-content-background-meta":{"desktop":{"background-color":"var(--ast-global-color-5)","background-image":"","background-repeat":"repeat","background-position":"center center","background-size":"auto","background-attachment":"scroll","background-type":"","background-media":"","overlay-type":"","overlay-color":"","overlay-opacity":"","overlay-gradient":""},"tablet":{"background-color":"var(--ast-global-color-5)","background-image":"","background-repeat":"repeat","background-position":"center center","background-size":"auto","background-attachment":"scroll","background-type":"","background-media":"","overlay-type":"","overlay-color":"","overlay-opacity":"","overlay-gradient":""},"mobile":{"background-color":"var(--ast-global-color-5)","background-image":"","background-repeat":"repeat","background-position":"center center","background-size":"auto","background-attachment":"scroll","background-type":"","background-media":"","overlay-type":"","overlay-color":"","overlay-opacity":"","overlay-gradient":""}}},"product_brand":[],"product_cat":[36],"product_tag":[91,90],"class_list":{"0":"post-5215","1":"product","2":"type-product","3":"status-publish","4":"has-post-thumbnail","6":"product_cat-plastic-recycling-machine","7":"product_tag-label-remover","8":"product_tag-pet-part","9":"desktop-align-center","10":"tablet-align-center","11":"mobile-align-center","13":"first","14":"instock","15":"shipping-taxable","16":"product-type-simple"},"_links":{"self":[{"href":"https:\/\/recyclingequipinc.com\/fr\/wp-json\/wp\/v2\/product\/5215","targetHints":{"allow":["GET"]}}],"collection":[{"href":"https:\/\/recyclingequipinc.com\/fr\/wp-json\/wp\/v2\/product"}],"about":[{"href":"https:\/\/recyclingequipinc.com\/fr\/wp-json\/wp\/v2\/types\/product"}],"version-history":[{"count":0,"href":"https:\/\/recyclingequipinc.com\/fr\/wp-json\/wp\/v2\/product\/5215\/revisions"}],"wp:featuredmedia":[{"embeddable":true,"href":"https:\/\/recyclingequipinc.com\/fr\/wp-json\/wp\/v2\/media\/16801"}],"wp:attachment":[{"href":"https:\/\/recyclingequipinc.com\/fr\/wp-json\/wp\/v2\/media?parent=5215"}],"wp:term":[{"taxonomy":"product_brand","embeddable":true,"href":"https:\/\/recyclingequipinc.com\/fr\/wp-json\/wp\/v2\/product_brand?post=5215"},{"taxonomy":"product_cat","embeddable":true,"href":"https:\/\/recyclingequipinc.com\/fr\/wp-json\/wp\/v2\/product_cat?post=5215"},{"taxonomy":"product_tag","embeddable":true,"href":"https:\/\/recyclingequipinc.com\/fr\/wp-json\/wp\/v2\/product_tag?post=5215"}],"curies":[{"name":"wp","href":"https:\/\/api.w.org\/{rel}","templated":true}]}}