{"id":5099,"date":"2021-10-28T01:59:58","date_gmt":"2021-10-28T01:59:58","guid":{"rendered":"https:\/\/recyclingequipinc.com\/?post_type=product&#038;p=5099"},"modified":"2025-01-20T10:21:14","modified_gmt":"2025-01-20T02:21:14","slug":"machine-de-deshydratation-verticale-sechoir-vertical","status":"publish","type":"product","link":"https:\/\/recyclingequipinc.com\/fr\/product\/vertical-dewatering-machine-vertical-dryer\/","title":{"rendered":"Machine de d\u00e9shydratation en plastique | S\u00e9cheuse verticale en plastique"},"content":{"rendered":"<p>La machine de d\u00e9shydratation en plastique a une fonction de d\u00e9shydratation \u00e0 grande vitesse, principalement utilis\u00e9e pour le s\u00e9chage de films plastiques humides, de sacs tiss\u00e9s, de flocons, etc., dans la ligne de recyclage de films plastiques. La machine non seulement tourne et s\u00e8che le mat\u00e9riau humide, mais s\u00e9pare \u00e9galement certaines impuret\u00e9s sur le mat\u00e9riau pour augmenter le niveau de qualit\u00e9 de nettoyage. Vous devez installer le s\u00e9choir en plastique de type vertical \u00e0 la fin du bassin d'eau, utilis\u00e9 apr\u00e8s le concassage et le nettoyage. Pour am\u00e9liorer l'efficacit\u00e9 de production, le d\u00e9shydrateur en plastique de type vertical peut \u00eatre associ\u00e9 \u00e0 un convoyeur automatique pour transporter les flocons de plastique d\u00e9shydrat\u00e9s dans une machine d'alimentation automatique, rempla\u00e7ant l'alimentation manuelle et \u00e9conomisant du travail. L'int\u00e9rieur de la machine de d\u00e9shydratation en plastique est un dispositif d'alimentation \u00e0 vis qui utilise une force centrifuge puissante pour \u00e9jecter l'eau pendant le processus de transport \u00e0 vis.<\/p> <div class=\"ast-oembed-container\" style=\"height: 100%;\"><iframe title=\"Machine de levage et de d\u00e9shydratation verticale pour les usines de recyclage du plastique\" width=\"500\" height=\"281\" src=\"https:\/\/www.youtube.com\/embed\/b9OoE2BIFGA?feature=oembed\" frameborder=\"0\" allow=\"accelerometer; autoplay; clipboard-write; encrypted-media; gyroscope; picture-in-picture; web-share\" referrerpolicy=\"strict-origin-when-cross-origin\" allowfullscreen><\/iframe><\/div> <figure id=\"attachment_5465\" aria-describedby=\"caption-attachment-5465\" style=\"width: 750px\" class=\"wp-caption aligncenter\"><img fetchpriority=\"high\" decoding=\"async\" class=\"size-full wp-image-5465\" src=\"https:\/\/recyclingequipinc.com\/wp-content\/uploads\/2021\/10\/vertical-centrifugal-plastic-dehydrator.jpg\" alt=\"D\u00e9shydrateur en plastique centrifuge vertical\" width=\"750\" height=\"540\" srcset=\"https:\/\/recyclingequipinc.com\/wp-content\/uploads\/2021\/10\/vertical-centrifugal-plastic-dehydrator.jpg 750w, https:\/\/recyclingequipinc.com\/wp-content\/uploads\/2021\/10\/vertical-centrifugal-plastic-dehydrator-300x216.jpg 300w, https:\/\/recyclingequipinc.com\/wp-content\/uploads\/2021\/10\/vertical-centrifugal-plastic-dehydrator-600x432.jpg 600w\" sizes=\"(max-width: 750px) 100vw, 750px\" \/><figcaption id=\"caption-attachment-5465\" class=\"wp-caption-text\">D\u00e9shydrateur en plastique centrifuge vertical<\/figcaption><\/figure> <h2>Caract\u00e9ristiques de la machine de d\u00e9shydratation en plastique<\/h2> <ul> <li>Principe de fonctionnement : s\u00e9chage par tourbillonnement puissant, \u00e9jection automatique, fonction d'auto-amor\u00e7age, haute vitesse\u00a0<a href=\"https:\/\/en.wikipedia.org\/wiki\/Centrifugal\" target=\"_blank\" rel=\"noopener\">centrifuge<\/a> d\u00e9shydratation, dispositif de guidage de l'\u00e9coulement<\/li> <li>Structure d'apparence : puissance unique, transport vertical<\/li> <li>Vitesse de travail : (900-1500) tr\/min (un acc\u00e9l\u00e9rateur peut \u00eatre ajout\u00e9)<\/li> <\/ul> <h2>M\u00e9thode d'exploitation du d\u00e9shydrateur en plastique :<\/h2> <ul> <li>V\u00e9rifiez s'il y a des impuret\u00e9s dans la machine. Les impuret\u00e9s dans la machine de d\u00e9shydratation en plastique affecteront l'effet de fonctionnement de la machine. Lors du d\u00e9marrage du moteur d'entra\u00eenement de la broche, tournez-le dans le sens de la fl\u00e8che.<\/li> <li>Faites un essai de fonctionnement pendant 5 minutes. Lorsque le nouveau d\u00e9shydrateur en plastique est d\u00e9marr\u00e9, il doit fonctionner pendant 5 minutes. S'il n'y a pas d'anomalie, il peut \u00eatre d\u00e9shydrat\u00e9. En cas d'anomalie, coupez imm\u00e9diatement l'alimentation pour r\u00e9soudre le probl\u00e8me.<\/li> <li>L'effet de d\u00e9shydratation n'est pas bon. Si l'effet de d\u00e9shydratation n'est pas aussi bon qu'avant, veuillez couper l'alimentation et ouvrir le couvercle de la machine pour v\u00e9rifier s'il y a des corps \u00e9trangers. Si oui, retirez les corps \u00e9trangers dans la machine et red\u00e9marrez.<\/li> <li>Apr\u00e8s la d\u00e9shydratation, coupez l'alimentation du d\u00e9shydrateur en plastique, ouvrez l'int\u00e9rieur du d\u00e9shydrateur, nettoyez l'exc\u00e8s de plastique et gardez toute la machine propre.<\/li> <\/ul> <figure id=\"attachment_5464\" aria-describedby=\"caption-attachment-5464\" style=\"width: 720px\" class=\"wp-caption aligncenter\"><img decoding=\"async\" class=\"size-full wp-image-5464\" src=\"https:\/\/recyclingequipinc.com\/wp-content\/uploads\/2021\/10\/plastic-dewatering-machine.jpg\" alt=\"machine de d\u00e9shydratation en plastique\" width=\"720\" height=\"540\" srcset=\"https:\/\/recyclingequipinc.com\/wp-content\/uploads\/2021\/10\/plastic-dewatering-machine.jpg 720w, https:\/\/recyclingequipinc.com\/wp-content\/uploads\/2021\/10\/plastic-dewatering-machine-300x225.jpg 300w, https:\/\/recyclingequipinc.com\/wp-content\/uploads\/2021\/10\/plastic-dewatering-machine-600x450.jpg 600w\" sizes=\"(max-width: 720px) 100vw, 720px\" \/><figcaption id=\"caption-attachment-5464\" class=\"wp-caption-text\">machine de d\u00e9shydratation en plastique<\/figcaption><\/figure> <h2>Que pouvons-nous fournir si vous coop\u00e9rez avec nous ?<\/h2> <p class=\"translation-block\">En tant que fabricant et fournisseur exp\u00e9riment\u00e9 de machines de recyclage, Shuliy Machinery poss\u00e8de une riche exp\u00e9rience dans les <a href=\"https:\/\/recyclingequipinc.com\/fr\/produit\/machine-de-recyclage-de-films-plastiques\/\"><strong>machines de recyclage de films plastiques<\/strong><\/a>. Car notre entreprise dispose de techniciens professionnels pour la recherche, la conception et la fabrication. Et la machine de d\u00e9shydratation en plastique a \u00e9t\u00e9 export\u00e9e dans de nombreux pays en raison de ses bonnes performances, de sa bonne qualit\u00e9 et de son prix raisonnable. De plus, nous prenons en charge les services de personnalisation en fonction de vos besoins et de votre situation r\u00e9els. Apr\u00e8s-vente, nous pouvons envoyer des techniciens pour guider l'installation de l'\u00e9quipement si n\u00e9cessaire. Voulez-vous en savoir plus ? Bienvenue \u00e0 nous contacter pour plus de d\u00e9tails et un devis.<\/p> <h2>Param\u00e8tres de la machine de d\u00e9shydratation en plastique verticale<\/h2> <table> <tbody> <tr> <td width=\"189\">Mod\u00e8le<\/td> <td width=\"189\">500<\/td> <td width=\"189\">600<\/td> <\/tr> <tr> <td width=\"189\">Puissance<\/td> <td width=\"189\">7,5 kW<\/td> <td width=\"189\">15 kW<\/td> <\/tr> <\/tbody> <\/table>","protected":false},"excerpt":{"rendered":"<p>La machine de d\u00e9shydratation en plastique a les fonctions de d\u00e9shydratation centrifuge \u00e0 grande vitesse, de s\u00e9chage par tourbillonnement puissant et d'\u00e9jection automatique. Elle est principalement utilis\u00e9e dans le s\u00e9chage des copeaux de film plastique de d\u00e9chets dans la ligne de recyclage de films PP PE. La machine non seulement tourne et s\u00e8che le mat\u00e9riau humide, mais s\u00e9pare \u00e9galement certaines impuret\u00e9s sur le mat\u00e9riau pour augmenter le niveau de qualit\u00e9 de nettoyage.<\/p>","protected":false},"featured_media":16819,"template":"","meta":{"site-sidebar-layout":"default","site-content-layout":"default","ast-site-content-layout":"default","site-content-style":"default","site-sidebar-style":"default","ast-global-header-display":"","ast-banner-title-visibility":"","ast-main-header-display":"","ast-hfb-above-header-display":"","ast-hfb-below-header-display":"","ast-hfb-mobile-header-display":"","site-post-title":"","ast-breadcrumbs-content":"","ast-featured-img":"","footer-sml-layout":"","ast-disable-related-posts":"","theme-transparent-header-meta":"default","adv-header-id-meta":"","stick-header-meta":"default","header-above-stick-meta":"","header-main-stick-meta":"","header-below-stick-meta":"","astra-migrate-meta-layouts":"set","ast-page-background-enabled":"default","ast-page-background-meta":{"desktop":{"background-color":"","background-image":"","background-repeat":"repeat","background-position":"center center","background-size":"auto","background-attachment":"scroll","background-type":"","background-media":"","overlay-type":"","overlay-color":"","overlay-opacity":"","overlay-gradient":""},"tablet":{"background-color":"","background-image":"","background-repeat":"repeat","background-position":"center center","background-size":"auto","background-attachment":"scroll","background-type":"","background-media":"","overlay-type":"","overlay-color":"","overlay-opacity":"","overlay-gradient":""},"mobile":{"background-color":"","background-image":"","background-repeat":"repeat","background-position":"center center","background-size":"auto","background-attachment":"scroll","background-type":"","background-media":"","overlay-type":"","overlay-color":"","overlay-opacity":"","overlay-gradient":""}},"ast-content-background-meta":{"desktop":{"background-color":"var(--ast-global-color-5)","background-image":"","background-repeat":"repeat","background-position":"center center","background-size":"auto","background-attachment":"scroll","background-type":"","background-media":"","overlay-type":"","overlay-color":"","overlay-opacity":"","overlay-gradient":""},"tablet":{"background-color":"var(--ast-global-color-5)","background-image":"","background-repeat":"repeat","background-position":"center center","background-size":"auto","background-attachment":"scroll","background-type":"","background-media":"","overlay-type":"","overlay-color":"","overlay-opacity":"","overlay-gradient":""},"mobile":{"background-color":"var(--ast-global-color-5)","background-image":"","background-repeat":"repeat","background-position":"center center","background-size":"auto","background-attachment":"scroll","background-type":"","background-media":"","overlay-type":"","overlay-color":"","overlay-opacity":"","overlay-gradient":""}}},"product_brand":[],"product_cat":[36],"product_tag":[92],"class_list":{"0":"post-5099","1":"product","2":"type-product","3":"status-publish","4":"has-post-thumbnail","6":"product_cat-plastic-recycling-machine","7":"product_tag-dryer","8":"desktop-align-center","9":"tablet-align-center","10":"mobile-align-center","12":"first","13":"instock","14":"shipping-taxable","15":"product-type-simple"},"_links":{"self":[{"href":"https:\/\/recyclingequipinc.com\/fr\/wp-json\/wp\/v2\/product\/5099","targetHints":{"allow":["GET"]}}],"collection":[{"href":"https:\/\/recyclingequipinc.com\/fr\/wp-json\/wp\/v2\/product"}],"about":[{"href":"https:\/\/recyclingequipinc.com\/fr\/wp-json\/wp\/v2\/types\/product"}],"version-history":[{"count":0,"href":"https:\/\/recyclingequipinc.com\/fr\/wp-json\/wp\/v2\/product\/5099\/revisions"}],"wp:featuredmedia":[{"embeddable":true,"href":"https:\/\/recyclingequipinc.com\/fr\/wp-json\/wp\/v2\/media\/16819"}],"wp:attachment":[{"href":"https:\/\/recyclingequipinc.com\/fr\/wp-json\/wp\/v2\/media?parent=5099"}],"wp:term":[{"taxonomy":"product_brand","embeddable":true,"href":"https:\/\/recyclingequipinc.com\/fr\/wp-json\/wp\/v2\/product_brand?post=5099"},{"taxonomy":"product_cat","embeddable":true,"href":"https:\/\/recyclingequipinc.com\/fr\/wp-json\/wp\/v2\/product_cat?post=5099"},{"taxonomy":"product_tag","embeddable":true,"href":"https:\/\/recyclingequipinc.com\/fr\/wp-json\/wp\/v2\/product_tag?post=5099"}],"curies":[{"name":"wp","href":"https:\/\/api.w.org\/{rel}","templated":true}]}}