{"id":5066,"date":"2021-10-26T10:03:36","date_gmt":"2021-10-26T10:03:36","guid":{"rendered":"https:\/\/recyclingequipinc.com\/?post_type=product&#038;p=5066"},"modified":"2025-01-20T10:22:27","modified_gmt":"2025-01-20T02:22:27","slug":"presse-a-balles-pour-metaux-usages","status":"publish","type":"product","link":"https:\/\/recyclingequipinc.com\/fr\/product\/scrap-metal-baler\/","title":{"rendered":"Presse \u00e0 m\u00e9taux usag\u00e9s"},"content":{"rendered":"<p class=\"translation-block\"><strong>Fer \u00e0 baler<\/strong> m\u00e9tallique a de larges applications dans l\u2019industrie du traitement des d\u00e9chets m\u00e9talliques et l\u2019industrie de la fusion des m\u00e9taux, adapt\u00e9e \u00e0 diverses aci\u00e9ries grandes, moyennes et petites. Il peut extruder divers types de ferrailles en cubo\u00efdes, cubes, poly\u00e8dres et cylindres. Les mati\u00e8res premi\u00e8res applicables comprennent la ferraille m\u00e9tallique, copeaux d\u2019acier, ferraille d\u2019acier, ferraille de fer, ferraille de cuivre, ferraille d\u2019aluminium, copeaux d\u2019aluminium, coques de voiture d\u00e9mantel\u00e9es, bo\u00eetes de conserve, alliage d\u2019aluminium, f\u00fbt d\u2019huile usag\u00e9e, etc. Apr\u00e8s compression, la machine peut faire sortir le bale de m\u00e9tal sur le c\u00f4t\u00e9 ou vers l\u2019avant. La ferraille m\u00e9tallique compress\u00e9e est pratique \u00e0 stocker, transporter et fondre.<\/p> <figure id=\"attachment_5083\" aria-describedby=\"caption-attachment-5083\" style=\"width: 750px\" class=\"wp-caption alignnone\"><img fetchpriority=\"high\" decoding=\"async\" class=\"size-full wp-image-5083\" src=\"https:\/\/recyclingequipinc.com\/wp-content\/uploads\/2021\/10\/hydraulic-scrap-metal-baler.jpg\" alt=\"presse \u00e0 balles de ferraille hydraulique\" width=\"750\" height=\"500\" srcset=\"https:\/\/recyclingequipinc.com\/wp-content\/uploads\/2021\/10\/hydraulic-scrap-metal-baler.jpg 750w, https:\/\/recyclingequipinc.com\/wp-content\/uploads\/2021\/10\/hydraulic-scrap-metal-baler-300x200.jpg 300w, https:\/\/recyclingequipinc.com\/wp-content\/uploads\/2021\/10\/hydraulic-scrap-metal-baler-600x400.jpg 600w\" sizes=\"(max-width: 750px) 100vw, 750px\" \/><figcaption id=\"caption-attachment-5083\" class=\"wp-caption-text\">presse \u00e0 balles de ferraille hydraulique<\/figcaption><\/figure> <h2>Proc\u00e9dure de travail de la presse \u00e0 balles de ferraille<\/h2> <p>Alimentation automatique de mat\u00e9riau m\u00e9tallique dans la chambre de compression \u2192 la plaque de couverture en acier de la porte appuie vers le bas et se verrouille \u2192 la plaque de pression arri\u00e8re appuie vers l'avant par un v\u00e9rin hydraulique \u2192 la plaque de pression lat\u00e9rale appuie de l'autre c\u00f4t\u00e9 \u2192 le bloc est form\u00e9 selon une certaine forme \u2192 la plaque de couverture en acier se soul\u00e8ve \u2192 le dispositif de rotation du bloc fait sortir le mat\u00e9riau m\u00e9tallique compress\u00e9 \u2192 le v\u00e9rin se r\u00e9initialise \u2192 tout le processus est termin\u00e9<\/p> <h2>Caract\u00e9ristiques et avantages de la presse \u00e0 balles m\u00e9tallique<\/h2> <ol> <li>Entra\u00eenement hydraulique, fonctionne de mani\u00e8re fluide, s\u00fbre et fiable<\/li> <li>La presse \u00e0 balles de ferraille adopte un contr\u00f4le manuel ou automatique par PLC.<\/li> <li>La forme de d\u00e9chargement comprend quatre types : bloc m\u00e9tallique tourn\u00e9 sur le c\u00f4t\u00e9, bloc pouss\u00e9 sur le c\u00f4t\u00e9, pouss\u00e9e vers l'avant et tourn\u00e9e vers l'avant.<\/li> <li>L'installation ne n\u00e9cessite pas de vis de fixation, et le moteur diesel peut \u00eatre utilis\u00e9 dans un endroit sans alimentation \u00e9lectrique.<\/li> <li>Structure compacte, fonctionnement simple, entretien facile, \u00e9tanch\u00e9it\u00e9 fiable, chargement et d\u00e9chargement pratiques.<\/li> <li>L'\u00e9quipement am\u00e9liore l'efficacit\u00e9 du travail, r\u00e9duit l'intensit\u00e9 du travail, \u00e9conomise la main-d'\u0153uvre et r\u00e9duit les co\u00fbts de transport.<\/li> <li>Les utilisateurs peuvent personnaliser les sp\u00e9cifications et les tailles d'emballage en fonction de leurs besoins afin de maximiser la coop\u00e9ration avec le transport ou le stockage.<\/li> <\/ol> <figure id=\"attachment_5079\" aria-describedby=\"caption-attachment-5079\" style=\"width: 750px\" class=\"wp-caption alignleft\"><img decoding=\"async\" class=\"size-full wp-image-5079\" src=\"https:\/\/recyclingequipinc.com\/wp-content\/uploads\/2021\/10\/final-products-of-waste-metal-baler.jpg\" alt=\"produits finaux de la presse \u00e0 balles pour m\u00e9taux usag\u00e9s\" width=\"750\" height=\"687\" srcset=\"https:\/\/recyclingequipinc.com\/wp-content\/uploads\/2021\/10\/final-products-of-waste-metal-baler.jpg 750w, https:\/\/recyclingequipinc.com\/wp-content\/uploads\/2021\/10\/final-products-of-waste-metal-baler-300x275.jpg 300w, https:\/\/recyclingequipinc.com\/wp-content\/uploads\/2021\/10\/final-products-of-waste-metal-baler-600x550.jpg 600w\" sizes=\"(max-width: 750px) 100vw, 750px\" \/><figcaption id=\"caption-attachment-5079\" class=\"wp-caption-text\">produits finaux de la presse \u00e0 balles pour m\u00e9taux usag\u00e9s<\/figcaption><\/figure> <h2>Presse \u00e0 balles de ferraille \u00e0 vendre chez Shuliy Machinery<\/h2> <p>La presse \u00e0 balles hydraulique pour d\u00e9chets m\u00e9talliques comprend 10 vari\u00e9t\u00e9s et plus de 20 sp\u00e9cifications, de 63 tonnes \u00e0 600 tonnes, ce qui permet de r\u00e9pondre aux diff\u00e9rentes demandes des clients. Les diff\u00e9rentes sp\u00e9cifications des presses \u00e0 balles m\u00e9talliques hydrauliques sont \u00e9quip\u00e9es de diff\u00e9rentes tailles de bennes, de tailles compress\u00e9es, de temps de moulage, de puissance et de prix, etc. Vous pouvez choisir en fonction de vos besoins r\u00e9els, ou nous contacter pour obtenir des suggestions professionnelles. De plus, nous proposons \u00e9galement des services personnalis\u00e9s. Cela signifie que nous pouvons personnaliser la machine \u00e0 balles m\u00e9talliques en fonction de vos besoins sp\u00e9cifiques pour l'\u00e9quipement. Nous ferons de notre mieux pour vous fournir le meilleur service.<\/p> <h2>Que devez-vous prendre en compte lors de l'achat d'une presse \u00e0 balles de ferraille ?<\/h2> <p>Pour choisir et acheter une presse \u00e0 balles m\u00e9tallique adapt\u00e9e, il est pr\u00e9f\u00e9rable de prendre en compte les \u00e9l\u00e9ments suivants.<\/p> <ol> <li>Quel mat\u00e9riau m\u00e9tallique voulez-vous compresser en bloc ? Les diff\u00e9rents mat\u00e9riaux n\u00e9cessitent une puissance, des tailles de benne et un temps de moulage diff\u00e9rents, etc.<\/li> <li>Quelle est la taille du bloc m\u00e9tallique que vous souhaitez obtenir ? La taille compress\u00e9e a un effet sur l'espace de stockage et de transport.<\/li> <li>Quelle est la taille de l'espace de compression ? La taille de la benne d\u00e9termine sa taille compress\u00e9e, vous pouvez donc choisir une machine \u00e0 balles m\u00e9talliques adapt\u00e9e en fonction de l'espace de compression.<\/li> <li>Combien de tonnes de pression ? Plus le mat\u00e9riau m\u00e9tallique est lourd, plus la pression n\u00e9cessaire est importante. Et une plus grande pression peut compresser le mat\u00e9riau m\u00e9tallique de mani\u00e8re plus compacte.<\/li> <\/ol> <p>&nbsp;<\/p>","protected":false},"excerpt":{"rendered":"<p>La presse \u00e0 balles de ferraille est utilis\u00e9e pour extruder divers types de ferraille m\u00e9tallique en cubo\u00efdes, cubes, poly\u00e8dres ou cylindres, etc. La machine convient aux mati\u00e8res premi\u00e8res telles que les d\u00e9chets m\u00e9talliques, les copeaux d'acier, la ferraille d'acier, la ferraille de fer, la ferraille de cuivre, la ferraille d'aluminium, les copeaux d'aluminium, les coques de voitures d\u00e9mont\u00e9es, les bo\u00eetes de conserve, les alliages d'aluminium, les barils d'huile usag\u00e9s, etc. Elle est entra\u00een\u00e9e par une force hydraulique, fonctionne de mani\u00e8re fluide, s\u00fbre et fiable. Elle adopte un contr\u00f4le manuel ou automatique par PLC. Quatre types de formes de d\u00e9chargement sont optionnels : balle m\u00e9tallique tourn\u00e9e sur le c\u00f4t\u00e9, balle pouss\u00e9e sur le c\u00f4t\u00e9, pouss\u00e9e vers l'avant et tourn\u00e9e vers l'avant.<\/p>","protected":false},"featured_media":5074,"template":"","meta":{"site-sidebar-layout":"default","site-content-layout":"default","ast-site-content-layout":"default","site-content-style":"default","site-sidebar-style":"default","ast-global-header-display":"","ast-banner-title-visibility":"","ast-main-header-display":"","ast-hfb-above-header-display":"","ast-hfb-below-header-display":"","ast-hfb-mobile-header-display":"","site-post-title":"","ast-breadcrumbs-content":"","ast-featured-img":"","footer-sml-layout":"","ast-disable-related-posts":"","theme-transparent-header-meta":"default","adv-header-id-meta":"","stick-header-meta":"default","header-above-stick-meta":"","header-main-stick-meta":"","header-below-stick-meta":"","astra-migrate-meta-layouts":"default","ast-page-background-enabled":"default","ast-page-background-meta":{"desktop":{"background-color":"","background-image":"","background-repeat":"repeat","background-position":"center center","background-size":"auto","background-attachment":"scroll","background-type":"","background-media":"","overlay-type":"","overlay-color":"","overlay-opacity":"","overlay-gradient":""},"tablet":{"background-color":"","background-image":"","background-repeat":"repeat","background-position":"center center","background-size":"auto","background-attachment":"scroll","background-type":"","background-media":"","overlay-type":"","overlay-color":"","overlay-opacity":"","overlay-gradient":""},"mobile":{"background-color":"","background-image":"","background-repeat":"repeat","background-position":"center center","background-size":"auto","background-attachment":"scroll","background-type":"","background-media":"","overlay-type":"","overlay-color":"","overlay-opacity":"","overlay-gradient":""}},"ast-content-background-meta":{"desktop":{"background-color":"var(--ast-global-color-5)","background-image":"","background-repeat":"repeat","background-position":"center center","background-size":"auto","background-attachment":"scroll","background-type":"","background-media":"","overlay-type":"","overlay-color":"","overlay-opacity":"","overlay-gradient":""},"tablet":{"background-color":"var(--ast-global-color-5)","background-image":"","background-repeat":"repeat","background-position":"center center","background-size":"auto","background-attachment":"scroll","background-type":"","background-media":"","overlay-type":"","overlay-color":"","overlay-opacity":"","overlay-gradient":""},"mobile":{"background-color":"var(--ast-global-color-5)","background-image":"","background-repeat":"repeat","background-position":"center center","background-size":"auto","background-attachment":"scroll","background-type":"","background-media":"","overlay-type":"","overlay-color":"","overlay-opacity":"","overlay-gradient":""}}},"product_brand":[],"product_cat":[34],"product_tag":[94,52,93],"class_list":{"0":"post-5066","1":"product","2":"type-product","3":"status-publish","4":"has-post-thumbnail","6":"product_cat-industrial-baler","7":"product_tag-hydraulic-baler","8":"product_tag-metal-baler","9":"product_tag-scrap-baler","10":"desktop-align-center","11":"tablet-align-center","12":"mobile-align-center","14":"first","15":"instock","16":"shipping-taxable","17":"product-type-simple"},"_links":{"self":[{"href":"https:\/\/recyclingequipinc.com\/fr\/wp-json\/wp\/v2\/product\/5066","targetHints":{"allow":["GET"]}}],"collection":[{"href":"https:\/\/recyclingequipinc.com\/fr\/wp-json\/wp\/v2\/product"}],"about":[{"href":"https:\/\/recyclingequipinc.com\/fr\/wp-json\/wp\/v2\/types\/product"}],"version-history":[{"count":0,"href":"https:\/\/recyclingequipinc.com\/fr\/wp-json\/wp\/v2\/product\/5066\/revisions"}],"wp:featuredmedia":[{"embeddable":true,"href":"https:\/\/recyclingequipinc.com\/fr\/wp-json\/wp\/v2\/media\/5074"}],"wp:attachment":[{"href":"https:\/\/recyclingequipinc.com\/fr\/wp-json\/wp\/v2\/media?parent=5066"}],"wp:term":[{"taxonomy":"product_brand","embeddable":true,"href":"https:\/\/recyclingequipinc.com\/fr\/wp-json\/wp\/v2\/product_brand?post=5066"},{"taxonomy":"product_cat","embeddable":true,"href":"https:\/\/recyclingequipinc.com\/fr\/wp-json\/wp\/v2\/product_cat?post=5066"},{"taxonomy":"product_tag","embeddable":true,"href":"https:\/\/recyclingequipinc.com\/fr\/wp-json\/wp\/v2\/product_tag?post=5066"}],"curies":[{"name":"wp","href":"https:\/\/api.w.org\/{rel}","templated":true}]}}