{"id":5063,"date":"2021-10-27T03:31:39","date_gmt":"2021-10-27T03:31:39","guid":{"rendered":"https:\/\/recyclingequipinc.com\/?post_type=product&#038;p=5063"},"modified":"2024-11-14T15:04:05","modified_gmt":"2024-11-14T07:04:05","slug":"machine-a-fabriquer-des-plateaux-de-pommes","status":"publish","type":"product","link":"https:\/\/recyclingequipinc.com\/fr\/product\/apple-tray-making-machine\/","title":{"rendered":"Machine de fabrication de plateaux \u00e0 pommes"},"content":{"rendered":"<p class=\"translation-block\"><strong><b>Machine de fabrication de plateaux \u00e0 pommes<\/b><\/strong>, comme son nom l'indique, est une machine con\u00e7ue pour produire des plateaux en papier pour les pommes et autres fruits. Bien s\u00fbr, non seulement des plateaux \u00e0 fruits, mais aussi d'autres plateaux \u00e0 chaussures, des barquettes \u00e0 \u0153ufs, des bo\u00eetes \u00e0 \u0153ufs, des plateaux \u00e0 caf\u00e9, etc. sont \u00e9galement disponibles. La machine est exquise dans sa conception, raisonnable dans sa structure, stable dans ses performances et de haute qualit\u00e9. Cette machine est respectueuse de l'environnement car les plateaux \u00e0 pommes produits avec cette machine sont des plateaux en papier. Les mati\u00e8res premi\u00e8res utilis\u00e9es dans la production de plateaux en papier sont les vieux papiers, les vieux magazines, les bo\u00eetes en carton usag\u00e9es et autres mat\u00e9riaux en papier, qui sont utilis\u00e9s et r\u00e9utilis\u00e9s. Si vous \u00eates dans ce secteur, cela peut vous apporter de grands b\u00e9n\u00e9fices. Bienvenue \u00e0 votre demande \u00e0 tout moment !<\/p> <figure id=\"attachment_5071\" aria-describedby=\"caption-attachment-5071\" style=\"width: 820px\" class=\"wp-caption aligncenter\"><img fetchpriority=\"high\" decoding=\"async\" class=\"size-full wp-image-5071\" src=\"https:\/\/recyclingequipinc.com\/wp-content\/uploads\/2021\/10\/apple-trays.jpg\" alt=\"des plateaux de pommes\" width=\"820\" height=\"217\" srcset=\"https:\/\/recyclingequipinc.com\/wp-content\/uploads\/2021\/10\/apple-trays.jpg 820w, https:\/\/recyclingequipinc.com\/wp-content\/uploads\/2021\/10\/apple-trays-750x198.jpg 750w, https:\/\/recyclingequipinc.com\/wp-content\/uploads\/2021\/10\/apple-trays-300x79.jpg 300w, https:\/\/recyclingequipinc.com\/wp-content\/uploads\/2021\/10\/apple-trays-768x203.jpg 768w, https:\/\/recyclingequipinc.com\/wp-content\/uploads\/2021\/10\/apple-trays-600x159.jpg 600w\" sizes=\"(max-width: 820px) 100vw, 820px\" \/><figcaption id=\"caption-attachment-5071\" class=\"wp-caption-text\">des plateaux de pommes<\/figcaption><\/figure> <h2><strong><b>Principaux mod\u00e8les \u00e0 vendre<\/b><\/strong><\/h2> <p>Selon les diff\u00e9rentes normes, les machines de fabrication de plateaux de pommes peuvent \u00eatre class\u00e9es comme suit :<\/p> <p class=\"translation-block\"><strong>En fonction des diff\u00e9rentes capacit\u00e9s<\/strong>, elle peut \u00eatre divis\u00e9e en petites, moyennes et grandes capacit\u00e9s. La petite capacit\u00e9 est d'environ 1000 \u00e0 1500 plateaux en papier par heure. La capacit\u00e9 moyenne est d'environ 2000 \u00e0 4000 par heure. La grande capacit\u00e9 est sup\u00e9rieure \u00e0 4000 plateaux en papier par heure.<\/p> <p class=\"translation-block\"><strong>Conform\u00e9ment aux diff\u00e9rentes m\u00e9thodes de s\u00e9chage<\/strong>, la machine \u00e0 plateaux \u00e0 pommes est divis\u00e9e en semi-automatique et enti\u00e8rement automatique. La m\u00e9thode de s\u00e9chage semi-automatique est le s\u00e9chage naturel et le s\u00e9chage par chariot. L'automatisation compl\u00e8te comprend deux types : le s\u00e9chage en four de brique et le s\u00e9chage en m\u00e9tal. Entre ces deux, le s\u00e9chage en four de brique n\u00e9cessite que les clients construisent eux-m\u00eames leurs fours de brique, mais nous pouvons fournir des conseils techniques professionnels aux clients en fonction de leurs besoins.<\/p> <figure id=\"attachment_5213\" aria-describedby=\"caption-attachment-5213\" style=\"width: 300px\" class=\"wp-caption aligncenter\"><img decoding=\"async\" class=\"size-medium wp-image-5213\" src=\"https:\/\/recyclingequipinc.com\/wp-content\/uploads\/2021\/10\/apple-tray-making-machine-300x200.jpg\" alt=\"machine \u00e0 fabriquer des plateaux de pommes\" width=\"300\" height=\"200\" srcset=\"https:\/\/recyclingequipinc.com\/wp-content\/uploads\/2021\/10\/apple-tray-making-machine-300x200.jpg 300w, https:\/\/recyclingequipinc.com\/wp-content\/uploads\/2021\/10\/apple-tray-making-machine-600x400.jpg 600w, https:\/\/recyclingequipinc.com\/wp-content\/uploads\/2021\/10\/apple-tray-making-machine.jpg 750w\" sizes=\"(max-width: 300px) 100vw, 300px\" \/><figcaption id=\"caption-attachment-5213\" class=\"wp-caption-text\">machine \u00e0 fabriquer des plateaux de pommes<\/figcaption><\/figure> <h2><strong><b>Produits finis de la machine \u00e0 plateaux de pommes<\/b><\/strong><\/h2> <p>Bien qu'il s'agisse d'une machine \u00e0 plateaux de pommes, elle ne peut pas seulement produire des plateaux de pommes. La partie la plus importante de cette machine est la machine de moulage, qui peut produire les plateaux en papier dont vous avez besoin \u00e0 l'aide de matrices. Par exemple, si vous exploitez actuellement une ferme avicole et que vous avez besoin d'utiliser des plateaux en papier lors de la vente d'\u0153ufs. Alors, \u00e0 ce moment-l\u00e0, vous avez besoin d'une machine \u00e0 plateaux d'\u0153ufs, c'est-\u00e0-dire une machine \u00e0 mouler les plateaux d'\u0153ufs. La matrice doit correspondre \u00e0 la taille de l'\u0153uf. Par cons\u00e9quent, le produit fini peut \u00e9galement \u00eatre des bo\u00eetes \u00e0 \u0153ufs, des plateaux \u00e0 chaussures, des plateaux de caf\u00e9, des plateaux \u00e0 graines, des plateaux \u00e0 vin, des plateaux de fruits, des plateaux m\u00e9dicaux, des plateaux pour mat\u00e9riel, etc. Si vous en avez besoin, vous pouvez nous contacter et nous vous r\u00e9pondrons d\u00e8s que possible !<\/p> <figure id=\"attachment_4492\" aria-describedby=\"caption-attachment-4492\" style=\"width: 750px\" class=\"wp-caption aligncenter\"><img decoding=\"async\" class=\"size-full wp-image-4492\" src=\"https:\/\/recyclingequipinc.com\/wp-content\/uploads\/2021\/09\/finished-products.jpg\" alt=\"produits finis\" width=\"750\" height=\"354\" srcset=\"https:\/\/recyclingequipinc.com\/wp-content\/uploads\/2021\/09\/finished-products.jpg 750w, https:\/\/recyclingequipinc.com\/wp-content\/uploads\/2021\/09\/finished-products-300x142.jpg 300w, https:\/\/recyclingequipinc.com\/wp-content\/uploads\/2021\/09\/finished-products-600x283.jpg 600w\" sizes=\"(max-width: 750px) 100vw, 750px\" \/><figcaption id=\"caption-attachment-4492\" class=\"wp-caption-text\">produits finis<\/figcaption><\/figure> <h2><strong><b>Processus de fabrication de plateaux de pommes<\/b><\/strong><\/h2> <p>L'op\u00e9ration est facile dans le processus de fabrication de plateaux de pommes. . Elle peut \u00eatre grossi\u00e8rement divis\u00e9e en pulv\u00e9risation, moulage, s\u00e9chage, pressage \u00e0 chaud et emballage.<\/p> <p class=\"translation-block\"><strong>Mise en p\u00e2te<\/strong> : dans ce processus, les vieux papiers sont en fait d\u00e9chiquet\u00e9s en p\u00e2te par une machine de mise en p\u00e2te \u00e0 haute pression. Pr\u00e9paration pour l'\u00e9tape suivante - le moulage. Cependant, certaines proc\u00e9dures doivent \u00eatre suivies. Les clients doivent construire trois bassins, un pour le stockage de l'eau, un pour la p\u00e2te \u00e9cras\u00e9e et un pour la p\u00e2te m\u00e9lang\u00e9e proportionnellement.<\/p> <p class=\"translation-block\"><strong>Moulage<\/strong> : cette \u00e9tape consiste principalement \u00e0 former la p\u00e2te, c'est-\u00e0-dire, gr\u00e2ce \u00e0 la machine de formage, \u00e0 transformer la p\u00e2te en plateau en papier d\u00e9sir\u00e9. Une pompe \u00e0 vide et un compresseur d'air sont \u00e9galement requis entre la mise en p\u00e2te et le moulage. La pompe \u00e0 vide aspire la p\u00e2te sur le moule de formage, tandis que le compresseur d'air souffle le moule form\u00e9 sur le moule de transfert.<\/p> <p class=\"translation-block\"><strong>S\u00e9chage<\/strong> : comme le moule nouvellement form\u00e9 contient une certaine humidit\u00e9 et est mouill\u00e9, il doit \u00eatre s\u00e9ch\u00e9. Il existe trois m\u00e9thodes de s\u00e9chage : s\u00e9chage naturel, s\u00e9chage en four de brique et s\u00e9chage en m\u00e9tal. Vous pouvez choisir la m\u00e9thode de s\u00e9chage appropri\u00e9e en fonction de votre propre \u00e9chelle de production.<\/p> <p class=\"translation-block\"><strong>Pressage \u00e0 chaud et emballage<\/strong> : G\u00e9n\u00e9ralement, les bo\u00eetes n\u00e9cessitent un pressage \u00e0 chaud pour le fa\u00e7onnage, car cela rendra le plateau en papier plus beau et \u00e9conomisera de l'espace. L'emballage consiste \u00e0 collecter et \u00e0 organiser le plateau en papier pour le rendre soign\u00e9 et pratique \u00e0 utiliser.<\/p> <figure id=\"attachment_4495\" aria-describedby=\"caption-attachment-4495\" style=\"width: 750px\" class=\"wp-caption aligncenter\"><img loading=\"lazy\" decoding=\"async\" class=\"size-full wp-image-4495\" src=\"https:\/\/recyclingequipinc.com\/wp-content\/uploads\/2021\/09\/technological-process-.jpg\" alt=\"processus technologique-\" width=\"750\" height=\"457\" srcset=\"https:\/\/recyclingequipinc.com\/wp-content\/uploads\/2021\/09\/technological-process-.jpg 750w, https:\/\/recyclingequipinc.com\/wp-content\/uploads\/2021\/09\/technological-process--300x183.jpg 300w, https:\/\/recyclingequipinc.com\/wp-content\/uploads\/2021\/09\/technological-process--600x366.jpg 600w\" sizes=\"(max-width: 750px) 100vw, 750px\" \/><figcaption id=\"caption-attachment-4495\" class=\"wp-caption-text\">est n\u00e9cessaire. Il est compos\u00e9 d'un pulpeur et d'une vanne papillon. Bien s\u00fbr, d'autres agencements comprennent une pompe \u00e0 pulpe, un batteur de bassin de pulpe, une pompe \u00e0 eaux us\u00e9es, un tuyau de transport de pulpe. Mais cela varie l\u00e9g\u00e8rement en fonction de la productivit\u00e9. Ce processus consiste \u00e0 mettre le papier usag\u00e9 dans le pulpeur et \u00e0 ajouter de l'eau pour le broyer et obtenir la pulpe.<\/figcaption><\/figure> <h2><strong><b>Pourquoi choisir Shuliy Machinery ?<\/b><\/strong><\/h2> <p class=\"translation-block\">En fait, il existe de nombreux fabricants de machines de fabrication de plateaux \u00e0 pommes sur le march\u00e9, et il existe de nombreux types. Alors pourquoi choisir <a href=\"https:\/\/recyclingequipinc.com\/fr\/\">Shuliy Machinery<\/a> comme fournisseur ? Les points principaux sont les suivants :<\/p> <p class=\"translation-block\"><strong>Service attentionn\u00e9<\/strong> : nous fournissons un service avant-vente, pendant la vente et apr\u00e8s-vente, et un service manuel en ligne 24h\/24 peut r\u00e9pondre \u00e0 vos questions en ligne \u00e0 tout moment.<\/p> <p class=\"translation-block\"><strong>Assurance qualit\u00e9<\/strong> : nos machines ont des certificats de qualification pertinents, tels que CE, GMP, etc. Et nous avons notre propre ensemble de syst\u00e8mes de contr\u00f4le qualit\u00e9, qui peuvent contr\u00f4ler strictement la qualit\u00e9 de chaque composant pendant la production.<\/p> <p class=\"translation-block\"><strong>Services personnalis\u00e9s<\/strong> : vous pourriez avoir des besoins diff\u00e9rents en fonction de votre entreprise. Mais nous pouvons personnaliser la machine pour vous selon vos exigences. Nos techniciens peuvent fournir des suggestions professionnelles pour r\u00e9pondre \u00e0 vos besoins.<\/p> <figure id=\"attachment_4545\" aria-describedby=\"caption-attachment-4545\" style=\"width: 720px\" class=\"wp-caption aligncenter\"><img loading=\"lazy\" decoding=\"async\" class=\"size-full wp-image-4545\" src=\"https:\/\/recyclingequipinc.com\/wp-content\/uploads\/2021\/09\/factory-display.jpg\" alt=\"factory display\" width=\"720\" height=\"378\" srcset=\"https:\/\/recyclingequipinc.com\/wp-content\/uploads\/2021\/09\/factory-display.jpg 720w, https:\/\/recyclingequipinc.com\/wp-content\/uploads\/2021\/09\/factory-display-300x158.jpg 300w, https:\/\/recyclingequipinc.com\/wp-content\/uploads\/2021\/09\/factory-display-600x315.jpg 600w\" sizes=\"(max-width: 720px) 100vw, 720px\" \/><figcaption id=\"caption-attachment-4545\" class=\"wp-caption-text\">factory display<\/figcaption><\/figure> <h2><strong><b>Perspectives larges de l' <\/b><\/strong><strong><b>abricant<\/b><\/strong><strong><b>Machine \u00e0 Plateaux de Pommes <\/b><\/strong><strong><b>Temp\u00e9rature de chauffage de la mati\u00e8re premi\u00e8re<\/b><\/strong><strong><b>ray<\/b><\/strong><strong><b>\u00a0Machine<\/b><\/strong><\/h2> <p class=\"translation-block\">Avec le d\u00e9veloppement continu de la soci\u00e9t\u00e9, les gens accordent de plus en plus d'attention \u00e0 l'environnement. Cette machine de fabrication de plateaux \u00e0 pommes est une machine respectueuse de l'environnement, qui apporte non seulement des b\u00e9n\u00e9fices aux entreprises mais prot\u00e8ge \u00e9galement l'environnement. De plus, elle sera tr\u00e8s courante dans la vie quotidienne. Le plateau \u00e0 pommes peut non seulement emballer les pommes, mais aussi \u00e9conomiser de l'espace, et il est propre et rang\u00e9 lors du stockage. Et les mati\u00e8res premi\u00e8res sont peu co\u00fbteuses et faciles \u00e0 collecter, ce qui permet d'\u00e9conomiser les co\u00fbts. C'est une grande valeur en tant qu'entreprise. De m\u00eame, il en va de m\u00eame pour la <a href=\"https:\/\/recyclingequipinc.com\/fr\/produit\/machine-a-fabriquer-des-plateaux-doeufs\/\">machine \u00e0 plateaux \u00e0 \u0153ufs<\/a>. Au plaisir de recevoir vos appels !<\/p>","protected":false},"excerpt":{"rendered":"<p class=\"translation-block\"><strong><b>Machine de fabrication de plateaux \u00e0 pommes<\/b><\/strong>, comme son nom l'indique, est une machine con\u00e7ue pour produire des plateaux \u00e0 pommes. Bien s\u00fbr, non seulement des plateaux \u00e0 pommes, mais aussi d'autres plateaux \u00e0 chaussures, des barquettes \u00e0 \u0153ufs, des bo\u00eetes \u00e0 \u0153ufs, des plateaux \u00e0 caf\u00e9, etc. sont \u00e9galement disponibles. Si vous \u00eates dans ce secteur, cela peut vous apporter de grands b\u00e9n\u00e9fices. Bienvenue \u00e0 votre demande \u00e0 tout moment !<\/p>","protected":false},"featured_media":5090,"template":"","meta":{"site-sidebar-layout":"default","site-content-layout":"default","ast-site-content-layout":"default","site-content-style":"default","site-sidebar-style":"default","ast-global-header-display":"","ast-banner-title-visibility":"","ast-main-header-display":"","ast-hfb-above-header-display":"","ast-hfb-below-header-display":"","ast-hfb-mobile-header-display":"","site-post-title":"","ast-breadcrumbs-content":"","ast-featured-img":"","footer-sml-layout":"","ast-disable-related-posts":"","theme-transparent-header-meta":"default","adv-header-id-meta":"","stick-header-meta":"default","header-above-stick-meta":"","header-main-stick-meta":"","header-below-stick-meta":"","astra-migrate-meta-layouts":"set","ast-page-background-enabled":"default","ast-page-background-meta":{"desktop":{"background-color":"","background-image":"","background-repeat":"repeat","background-position":"center center","background-size":"auto","background-attachment":"scroll","background-type":"","background-media":"","overlay-type":"","overlay-color":"","overlay-opacity":"","overlay-gradient":""},"tablet":{"background-color":"","background-image":"","background-repeat":"repeat","background-position":"center center","background-size":"auto","background-attachment":"scroll","background-type":"","background-media":"","overlay-type":"","overlay-color":"","overlay-opacity":"","overlay-gradient":""},"mobile":{"background-color":"","background-image":"","background-repeat":"repeat","background-position":"center center","background-size":"auto","background-attachment":"scroll","background-type":"","background-media":"","overlay-type":"","overlay-color":"","overlay-opacity":"","overlay-gradient":""}},"ast-content-background-meta":{"desktop":{"background-color":"var(--ast-global-color-5)","background-image":"","background-repeat":"repeat","background-position":"center center","background-size":"auto","background-attachment":"scroll","background-type":"","background-media":"","overlay-type":"","overlay-color":"","overlay-opacity":"","overlay-gradient":""},"tablet":{"background-color":"var(--ast-global-color-5)","background-image":"","background-repeat":"repeat","background-position":"center center","background-size":"auto","background-attachment":"scroll","background-type":"","background-media":"","overlay-type":"","overlay-color":"","overlay-opacity":"","overlay-gradient":""},"mobile":{"background-color":"var(--ast-global-color-5)","background-image":"","background-repeat":"repeat","background-position":"center center","background-size":"auto","background-attachment":"scroll","background-type":"","background-media":"","overlay-type":"","overlay-color":"","overlay-opacity":"","overlay-gradient":""}}},"product_brand":[],"product_cat":[35],"product_tag":[],"class_list":{"0":"post-5063","1":"product","2":"type-product","3":"status-publish","4":"has-post-thumbnail","6":"product_cat-egg-tray-machine","7":"desktop-align-center","8":"tablet-align-center","9":"mobile-align-center","11":"first","12":"instock","13":"shipping-taxable","14":"product-type-simple"},"_links":{"self":[{"href":"https:\/\/recyclingequipinc.com\/fr\/wp-json\/wp\/v2\/product\/5063","targetHints":{"allow":["GET"]}}],"collection":[{"href":"https:\/\/recyclingequipinc.com\/fr\/wp-json\/wp\/v2\/product"}],"about":[{"href":"https:\/\/recyclingequipinc.com\/fr\/wp-json\/wp\/v2\/types\/product"}],"version-history":[{"count":0,"href":"https:\/\/recyclingequipinc.com\/fr\/wp-json\/wp\/v2\/product\/5063\/revisions"}],"wp:featuredmedia":[{"embeddable":true,"href":"https:\/\/recyclingequipinc.com\/fr\/wp-json\/wp\/v2\/media\/5090"}],"wp:attachment":[{"href":"https:\/\/recyclingequipinc.com\/fr\/wp-json\/wp\/v2\/media?parent=5063"}],"wp:term":[{"taxonomy":"product_brand","embeddable":true,"href":"https:\/\/recyclingequipinc.com\/fr\/wp-json\/wp\/v2\/product_brand?post=5063"},{"taxonomy":"product_cat","embeddable":true,"href":"https:\/\/recyclingequipinc.com\/fr\/wp-json\/wp\/v2\/product_cat?post=5063"},{"taxonomy":"product_tag","embeddable":true,"href":"https:\/\/recyclingequipinc.com\/fr\/wp-json\/wp\/v2\/product_tag?post=5063"}],"curies":[{"name":"wp","href":"https:\/\/api.w.org\/{rel}","templated":true}]}}