{"id":4980,"date":"2021-10-09T07:51:32","date_gmt":"2021-10-09T07:51:32","guid":{"rendered":"https:\/\/recyclingequipinc.com\/?post_type=product&#038;p=4980"},"modified":"2021-12-01T02:54:16","modified_gmt":"2021-12-01T02:54:16","slug":"fish-meal-packing-machine","status":"publish","type":"product","link":"https:\/\/recyclingequipinc.com\/fr\/product\/fish-meal-packing-machine\/","title":{"rendered":"Machine d'emballage de farine de poisson"},"content":{"rendered":"<p>La machine d'emballage de farine de poisson est utilis\u00e9e pour conditionner la farine de poisson produite dans des sacs d'un certain poids ou volume. L'\u00e9quipement d'emballage est similaire \u00e0 celui d'une machine d'emballage de poudre courante, et il peut automatiquement r\u00e9aliser le processus de mesure, de fabrication de sacs, de remplissage, de scellage, de d\u00e9coupe et de comptage. La machine d'emballage de farine de poisson utilise une puce micro-informatique pour le contr\u00f4le, et le panneau de contr\u00f4le permet de r\u00e9gler la vitesse d'emballage, la longueur du sac d'emballage, la temp\u00e9rature de scellage, etc. De plus, un service de personnalisation est disponible selon les besoins r\u00e9els.<\/p> <h2>Caract\u00e9ristiques et avantages de la machine d'emballage de farine de poisson<\/h2> <ol> <li>Conception raisonnable, structure compacte, encombrement r\u00e9duit<\/li> <li>Fonctionnement stable, utilisation simple, emballage automatique<\/li> <li>R\u00e9duction des co\u00fbts de main-d'\u0153uvre, am\u00e9lioration de l'efficacit\u00e9 du travail<\/li> <li>La farine de poisson bien emball\u00e9e est propre et attrayante sur le march\u00e9<\/li> <li>L'\u00e9cran tactile permet de r\u00e9gler facilement divers param\u00e8tres de travail.<\/li> <li>\u00c9quip\u00e9e d'un couvercle de s\u00e9curit\u00e9 autour de la machine de scellage horizontale en pr\u00e9vention.<\/li> <\/ol> <h2>Structure de la machine d'emballage de farine de poisson<\/h2> <p>La machine d'emballage de farine de poisson est compos\u00e9e d'un dispositif de fixation du rouleau de film d'emballage, d'un panneau de contr\u00f4le, d'une tr\u00e9mie, d'une vis sans fin, d'un fabricant de sacs, d'un dispositif de scellage vertical, d'une machine de scellage horizontale et d'une d\u00e9coupeuse. Comme son nom l'indique, un fixateur de rouleau est utilis\u00e9 pour installer le film d'emballage. Le panneau de contr\u00f4le est constitu\u00e9 d'un \u00e9cran tactile, d'un affichage de la temp\u00e9rature de scellage vertical et horizontal, d'un interrupteur marche-arr\u00eat, d'un bouton d'urgence, etc. Et l'\u00e9cran tactile g\u00e8re l'utilisation de la langue, la longueur du sac d'emballage, la vitesse d'emballage, etc. La vis sans fin est install\u00e9e \u00e0 la sortie de la tr\u00e9mie. La machine contr\u00f4le le volume d'emballage en modifiant le nombre de tours de rotation de la vis sans fin, la vitesse de rotation de la spirale et la taille de la vis, etc.<\/p> <h2>Conclusion<\/h2> <p>En tant que fabricant professionnel de machines \u00e0 farine de poisson, nous fournissons non seulement des machines d'emballage de farine de poisson, mais aussi d'autres machines \u00e0 farine de poisson \u00e0 vendre, telles que des machines de d\u00e9coupe de poisson, des machines de cuisson de poisson, des machines d'extraction de jus de poisson, des machines de s\u00e9chage de farine de poisson, des machines de tamisage de farine de poisson, etc. De plus, nous pouvons \u00e9galement vous aider \u00e0 concevoir le motif et la forme de votre sac d'emballage si vous en avez besoin. De plus, nous proposons un service OEM selon vos besoins r\u00e9els. Contactez-nous pour obtenir plus de d\u00e9tails et le meilleur prix, nous vous r\u00e9pondrons dans les meilleurs d\u00e9lais.<\/p> <p>&nbsp;<\/p>","protected":false},"excerpt":{"rendered":"<p>La machine d'emballage de farine de poisson peut automatiquement r\u00e9aliser tout le processus de mesure, de fabrication de sacs, de remplissage, de scellage, de d\u00e9coupe et de comptage. La puce micro-informatique permet de r\u00e9gler intelligemment divers param\u00e8tres. Elle occupe peu d'espace, fonctionne efficacement et est facile \u00e0 utiliser. De plus, un service OEM est disponible.<\/p>","protected":false},"featured_media":4982,"template":"","meta":{"site-sidebar-layout":"default","site-content-layout":"default","ast-site-content-layout":"default","site-content-style":"default","site-sidebar-style":"default","ast-global-header-display":"","ast-banner-title-visibility":"","ast-main-header-display":"","ast-hfb-above-header-display":"","ast-hfb-below-header-display":"","ast-hfb-mobile-header-display":"","site-post-title":"","ast-breadcrumbs-content":"","ast-featured-img":"","footer-sml-layout":"","ast-disable-related-posts":"","theme-transparent-header-meta":"default","adv-header-id-meta":"","stick-header-meta":"default","header-above-stick-meta":"","header-main-stick-meta":"","header-below-stick-meta":"","astra-migrate-meta-layouts":"default","ast-page-background-enabled":"default","ast-page-background-meta":{"desktop":{"background-color":"","background-image":"","background-repeat":"repeat","background-position":"center center","background-size":"auto","background-attachment":"scroll","background-type":"","background-media":"","overlay-type":"","overlay-color":"","overlay-opacity":"","overlay-gradient":""},"tablet":{"background-color":"","background-image":"","background-repeat":"repeat","background-position":"center center","background-size":"auto","background-attachment":"scroll","background-type":"","background-media":"","overlay-type":"","overlay-color":"","overlay-opacity":"","overlay-gradient":""},"mobile":{"background-color":"","background-image":"","background-repeat":"repeat","background-position":"center center","background-size":"auto","background-attachment":"scroll","background-type":"","background-media":"","overlay-type":"","overlay-color":"","overlay-opacity":"","overlay-gradient":""}},"ast-content-background-meta":{"desktop":{"background-color":"var(--ast-global-color-5)","background-image":"","background-repeat":"repeat","background-position":"center center","background-size":"auto","background-attachment":"scroll","background-type":"","background-media":"","overlay-type":"","overlay-color":"","overlay-opacity":"","overlay-gradient":""},"tablet":{"background-color":"var(--ast-global-color-5)","background-image":"","background-repeat":"repeat","background-position":"center center","background-size":"auto","background-attachment":"scroll","background-type":"","background-media":"","overlay-type":"","overlay-color":"","overlay-opacity":"","overlay-gradient":""},"mobile":{"background-color":"var(--ast-global-color-5)","background-image":"","background-repeat":"repeat","background-position":"center center","background-size":"auto","background-attachment":"scroll","background-type":"","background-media":"","overlay-type":"","overlay-color":"","overlay-opacity":"","overlay-gradient":""}}},"product_brand":[],"product_cat":[15],"product_tag":[],"class_list":{"0":"post-4980","1":"product","2":"type-product","3":"status-publish","4":"has-post-thumbnail","6":"product_cat-fish-meal-plant","7":"desktop-align-center","8":"tablet-align-center","9":"mobile-align-center","11":"first","12":"instock","13":"shipping-taxable","14":"product-type-simple"},"_links":{"self":[{"href":"https:\/\/recyclingequipinc.com\/fr\/wp-json\/wp\/v2\/product\/4980","targetHints":{"allow":["GET"]}}],"collection":[{"href":"https:\/\/recyclingequipinc.com\/fr\/wp-json\/wp\/v2\/product"}],"about":[{"href":"https:\/\/recyclingequipinc.com\/fr\/wp-json\/wp\/v2\/types\/product"}],"version-history":[{"count":0,"href":"https:\/\/recyclingequipinc.com\/fr\/wp-json\/wp\/v2\/product\/4980\/revisions"}],"wp:featuredmedia":[{"embeddable":true,"href":"https:\/\/recyclingequipinc.com\/fr\/wp-json\/wp\/v2\/media\/4982"}],"wp:attachment":[{"href":"https:\/\/recyclingequipinc.com\/fr\/wp-json\/wp\/v2\/media?parent=4980"}],"wp:term":[{"taxonomy":"product_brand","embeddable":true,"href":"https:\/\/recyclingequipinc.com\/fr\/wp-json\/wp\/v2\/product_brand?post=4980"},{"taxonomy":"product_cat","embeddable":true,"href":"https:\/\/recyclingequipinc.com\/fr\/wp-json\/wp\/v2\/product_cat?post=4980"},{"taxonomy":"product_tag","embeddable":true,"href":"https:\/\/recyclingequipinc.com\/fr\/wp-json\/wp\/v2\/product_tag?post=4980"}],"curies":[{"name":"wp","href":"https:\/\/api.w.org\/{rel}","templated":true}]}}