{"id":4974,"date":"2021-10-09T07:28:30","date_gmt":"2021-10-09T07:28:30","guid":{"rendered":"https:\/\/recyclingequipinc.com\/?post_type=product&#038;p=4974"},"modified":"2025-11-10T15:58:49","modified_gmt":"2025-11-10T07:58:49","slug":"machine-de-farine-de-poisson-de-5t","status":"publish","type":"product","link":"https:\/\/recyclingequipinc.com\/fr\/product\/5t-fish-meal-machine\/","title":{"rendered":"Machine \u00e0 farine de poisson 5T\/D"},"content":{"rendered":"<p>Les farines de poisson sont des mati\u00e8res premi\u00e8res d'alimentation riches en prot\u00e9ines obtenues \u00e0 partir d'un ou plusieurs types de poissons apr\u00e8s d\u00e9shuilage, d\u00e9shydratation et broyage, ce qui favorise la croissance des animaux. La mati\u00e8re premi\u00e8re provient des os et des abats restants des poissons qui ne sont pas utilis\u00e9s pour la consommation humaine. Pour la production de farine de poisson, il existe \u00e0 la fois une ligne de production \u00e0 gros d\u00e9bit et un type int\u00e9gr\u00e9 d'\u00e9quipement de farine de poisson disponible pour une production de petite ou moyenne envergure. L'usine de farine de poisson de 5T\/Jour est compos\u00e9e d'une machine de cuisson de poisson, d'une machine d'extraction de poisson, d'un s\u00e9choir \u00e0 farine de poisson et d'un s\u00e9parateur d'huile de poisson. Elle peut \u00eatre utilis\u00e9e dans les petits ateliers et sur les bateaux pendant la p\u00eache en mer. La farine de poisson de qualit\u00e9 sup\u00e9rieure peut \u00eatre obtenue \u00e0 partir de poissons frais.<\/p> <h2>Machine de farine de poisson de 5T\/Jour \u00e0 vendre<\/h2> <p>L'unit\u00e9 de production de poudre de poisson s'applique aux petits ou moyens ateliers de farine de poisson, et peut \u00e9galement \u00eatre install\u00e9e sur les bateaux pour produire de la farine de poisson et de l'huile de poisson en mer. Compar\u00e9e \u00e0 la grande ligne de production de farine de poisson, la machine de farine de poisson embarqu\u00e9e n\u00e9cessite un investissement moindre, et c'est un \u00e9quipement int\u00e9gr\u00e9 qui peut accomplir ind\u00e9pendamment les processus de cuisson, de pressage et de d\u00e9shydratation. Si la mati\u00e8re premi\u00e8re n'est pas petite, il est pr\u00e9f\u00e9rable d'utiliser une machine de d\u00e9coupe de poisson avant la cuisson. De plus, vous pouvez choisir d'autres machines de soutien en fonction de vos besoins r\u00e9els, comme un transporteur \u00e0 vis, une cribleuse de farine de poisson, un broyeur de farine de poisson et une machine d'emballage de farine de poisson, etc. Bien que le type embarqu\u00e9 de machine de farine de poisson pr\u00e9sente quelques diff\u00e9rences par rapport \u00e0 la ligne de production de farine de poisson compl\u00e8te, les principaux processus de production sont les m\u00eames.<\/p> <figure id=\"attachment_4989\" aria-describedby=\"caption-attachment-4989\" style=\"width: 713px\" class=\"wp-caption aligncenter\"><img fetchpriority=\"high\" decoding=\"async\" class=\"size-full wp-image-4989\" src=\"https:\/\/recyclingequipinc.com\/wp-content\/uploads\/2021\/10\/integrated-fish-meal-unit.jpg\" alt=\"unit\u00e9 de farine de poisson int\u00e9gr\u00e9e\" width=\"713\" height=\"540\" srcset=\"https:\/\/recyclingequipinc.com\/wp-content\/uploads\/2021\/10\/integrated-fish-meal-unit.jpg 713w, https:\/\/recyclingequipinc.com\/wp-content\/uploads\/2021\/10\/integrated-fish-meal-unit-300x227.jpg 300w, https:\/\/recyclingequipinc.com\/wp-content\/uploads\/2021\/10\/integrated-fish-meal-unit-600x454.jpg 600w\" sizes=\"(max-width: 713px) 100vw, 713px\" \/><figcaption id=\"caption-attachment-4989\" class=\"wp-caption-text\">unit\u00e9 de farine de poisson int\u00e9gr\u00e9e<\/figcaption><\/figure> <h2>Structure de la machine de farine de poisson de 5T\/Jour<\/h2> <p>L'usine de farine de poisson de 5T\/Jour est compos\u00e9e d'une machine de cuisson de poisson, d'une machine d'extraction de poisson et d'une machine de s\u00e9chage de poisson. La machine de cuisson de poisson utilise une m\u00e9thode de chauffage \u00e0 la vapeur pour cuire et st\u00e9riliser le poisson. Le moteur \u00e0 r\u00e9gulation continue peut changer la vitesse de l'arbre principal de la machine de cuisson, ce qui convient aux diff\u00e9rentes exigences de processus de production en fonction des saisons, des esp\u00e8ces de poissons et des tailles de poissons. La machine d'extraction de poisson est l'\u00e9quipement permettant de d\u00e9shydrater les morceaux de poisson cuits et de s\u00e9parer l'huile de poisson des farines de poisson. Pendant la production de farine de poisson, la machine d'extraction de poisson presse autant de liquide que possible pour am\u00e9liorer la qualit\u00e9 de la farine de poisson et r\u00e9duire la teneur en humidit\u00e9 de la farine de poisson humide. La machine de s\u00e9chage de la farine de poisson s\u00e8che la farine de poisson humide et r\u00e9duit sa teneur en eau \u00e0 moins de 10%. Le s\u00e9choir bien con\u00e7u peut garantir la plus grande surface de chauffage pour la farine de poisson, un chauffage uniforme, un bon effet de s\u00e9chage et une grande efficacit\u00e9.<\/p> <h2>Caract\u00e9ristiques de l'usine de farine de poisson embarqu\u00e9e<\/h2> <ol> <li>Structure compacte, conception raisonnable, facilit\u00e9 de d\u00e9placement, gain d'espace<\/li> <li>Prix appropri\u00e9, espace \u00e9troit, grande stabilit\u00e9, simplicit\u00e9 d'utilisation<\/li> <li>Haute efficacit\u00e9, commodit\u00e9, \u00e9conomie de co\u00fbts, bon effet de production<\/li> <li>\u00c9quipement int\u00e9gr\u00e9 pour r\u00e9aliser la cuisson, le pressage et le s\u00e9chage<\/li> <\/ol> <h2>Le processus complet de production de farine de poisson<\/h2> <p>Convoyeur \u00e0 vis de coupe de poisson transportant - rago\u00fbt de poisson \u00e9cras\u00e9 - morceaux de poisson cuits pressant - s\u00e9chage de farine de poisson - criblage de farine de poisson - rebroyage de farine de poisson - emballage de farine de poisson<\/p> <h2>\u00c9quipement connexe<\/h2> <h3>Machine de d\u00e9coupe de poisson #<\/h3> <p>Le broyeur de poisson est utilis\u00e9 pour couper de gros poissons en petits morceaux d'une taille inf\u00e9rieure \u00e0 5 mm afin de transporter la mati\u00e8re premi\u00e8re dans la machine de cuisson de poisson par un transporteur \u00e0 vis. La machine de broyage de poisson est compos\u00e9e d'un ch\u00e2ssis principal, d'un moteur, d'une entr\u00e9e de poisson, d'une sortie broy\u00e9e et d'une paire de couteaux roulants.<\/p> <figure id=\"attachment_5000\" aria-describedby=\"caption-attachment-5000\" style=\"width: 720px\" class=\"wp-caption aligncenter\"><img decoding=\"async\" class=\"size-full wp-image-5000\" src=\"https:\/\/recyclingequipinc.com\/wp-content\/uploads\/2021\/10\/fish-cutting-machine.jpg\" alt=\"machine de d\u00e9coupe de poisson\" width=\"720\" height=\"540\" srcset=\"https:\/\/recyclingequipinc.com\/wp-content\/uploads\/2021\/10\/fish-cutting-machine.jpg 720w, https:\/\/recyclingequipinc.com\/wp-content\/uploads\/2021\/10\/fish-cutting-machine-300x225.jpg 300w, https:\/\/recyclingequipinc.com\/wp-content\/uploads\/2021\/10\/fish-cutting-machine-600x450.jpg 600w\" sizes=\"(max-width: 720px) 100vw, 720px\" \/><figcaption id=\"caption-attachment-5000\" class=\"wp-caption-text\">machine de d\u00e9coupe de poisson<\/figcaption><\/figure> <h3>Transporteur \u00e0 vis #<\/h3> <p>Le transporteur \u00e0 vis est une machine de support courante dans la production industrielle. Dans la ligne de production de farine de poisson, il transporte le poisson broy\u00e9 dans la machine de cuisson de poisson. L'\u00e9quipement pr\u00e9sente les avantages d'une structure simple, de bonnes performances et d'une \u00e9conomie de main-d'\u0153uvre, etc.<\/p> <h3>Cribleuse de farine de poisson #<\/h3> <p>La cribleuse de farine de poisson tamise la farine de poisson apr\u00e8s s\u00e9chage. La petite farine de poisson sortira de l'\u00e9quipement, mais cette farine de poisson qui ne correspond pas \u00e0 la taille requise peut \u00eatre re-broy\u00e9e par une petite machine de broyage. Diff\u00e9rentes mailles de tamisage peuvent \u00eatre chang\u00e9es pour la cribleuse \u00e0 tambour.<\/p> <figure id=\"attachment_5004\" aria-describedby=\"caption-attachment-5004\" style=\"width: 720px\" class=\"wp-caption aligncenter\"><img decoding=\"async\" class=\"size-full wp-image-5004\" src=\"https:\/\/recyclingequipinc.com\/wp-content\/uploads\/2021\/10\/fish-meal-screening-machine.jpg\" alt=\"cribleuse de farine de poisson\" width=\"720\" height=\"540\" srcset=\"https:\/\/recyclingequipinc.com\/wp-content\/uploads\/2021\/10\/fish-meal-screening-machine.jpg 720w, https:\/\/recyclingequipinc.com\/wp-content\/uploads\/2021\/10\/fish-meal-screening-machine-300x225.jpg 300w, https:\/\/recyclingequipinc.com\/wp-content\/uploads\/2021\/10\/fish-meal-screening-machine-600x450.jpg 600w\" sizes=\"(max-width: 720px) 100vw, 720px\" \/><figcaption id=\"caption-attachment-5004\" class=\"wp-caption-text\">cribleuse de farine de poisson<\/figcaption><\/figure> <h3>Machine d'emballage de farine de poisson #<\/h3> <p class=\"translation-block\">The<a href=\"https:\/\/recyclingequipinc.com\/fr\/produit\/fish-meal-packing-machine\/\"><strong> machine d'emballage de farine de poisson<\/strong><\/a> est l\u2019\u00e9quipement pour emballer les farines dans des sacs selon des exigences de volume ou de poids. Une farine bien emball\u00e9e est propre et attractive sur le march\u00e9. L\u2019emballeur poss\u00e8de des fonctions de pesage, de fabrication du sac, de remplissage, de scellement, de d\u00e9coupe et de comptage.<\/p> <h2>Conclusion<\/h2> <p>La machine de farine de poisson de 5T\/Jour peut r\u00e9aliser ind\u00e9pendamment la cuisson, le pressage et le s\u00e9chage en tant que machine int\u00e9gr\u00e9e. Elle ne n\u00e9cessite pas beaucoup d'espace en raison de sa structure compacte. Compar\u00e9 aux machines de la ligne de production de farine de poisson compl\u00e8te, ce type de machine de farine de poisson de 5T\/Jour est peu co\u00fbteux. Si vous avez besoin d'autres machines de support, vous pouvez choisir en fonction de vos besoins r\u00e9els, ou nous contacter et notre personnel professionnel vous fournira des suggestions utiles.<\/p>","protected":false},"excerpt":{"rendered":"<p>La farine de poisson est un aliment riche en prot\u00e9ines obtenu \u00e0 partir d'un ou plusieurs types de poissons apr\u00e8s d\u00e9shuilage, d\u00e9shydratation et broyage, ce qui favorise la croissance des animaux. L'usine de farine de poisson de 5 tonnes\/jour est compos\u00e9e d'une machine de cuisson de poisson, d'une machine \u00e0 presser le poisson, d'un s\u00e9choir \u00e0 farine de poisson et d'un s\u00e9parateur d'huile de poisson. Elle peut \u00eatre utilis\u00e9e dans les petits ateliers et sur les navires pendant la p\u00eache en mer. Le poisson frais peut \u00eatre transform\u00e9 en farine de poisson de la plus haute qualit\u00e9.<\/p>","protected":false},"featured_media":4977,"template":"","meta":{"site-sidebar-layout":"default","site-content-layout":"default","ast-site-content-layout":"default","site-content-style":"default","site-sidebar-style":"default","ast-global-header-display":"","ast-banner-title-visibility":"","ast-main-header-display":"","ast-hfb-above-header-display":"","ast-hfb-below-header-display":"","ast-hfb-mobile-header-display":"","site-post-title":"","ast-breadcrumbs-content":"","ast-featured-img":"","footer-sml-layout":"","ast-disable-related-posts":"","theme-transparent-header-meta":"default","adv-header-id-meta":"","stick-header-meta":"default","header-above-stick-meta":"","header-main-stick-meta":"","header-below-stick-meta":"","astra-migrate-meta-layouts":"set","ast-page-background-enabled":"default","ast-page-background-meta":{"desktop":{"background-color":"","background-image":"","background-repeat":"repeat","background-position":"center center","background-size":"auto","background-attachment":"scroll","background-type":"","background-media":"","overlay-type":"","overlay-color":"","overlay-opacity":"","overlay-gradient":""},"tablet":{"background-color":"","background-image":"","background-repeat":"repeat","background-position":"center center","background-size":"auto","background-attachment":"scroll","background-type":"","background-media":"","overlay-type":"","overlay-color":"","overlay-opacity":"","overlay-gradient":""},"mobile":{"background-color":"","background-image":"","background-repeat":"repeat","background-position":"center center","background-size":"auto","background-attachment":"scroll","background-type":"","background-media":"","overlay-type":"","overlay-color":"","overlay-opacity":"","overlay-gradient":""}},"ast-content-background-meta":{"desktop":{"background-color":"var(--ast-global-color-5)","background-image":"","background-repeat":"repeat","background-position":"center center","background-size":"auto","background-attachment":"scroll","background-type":"","background-media":"","overlay-type":"","overlay-color":"","overlay-opacity":"","overlay-gradient":""},"tablet":{"background-color":"var(--ast-global-color-5)","background-image":"","background-repeat":"repeat","background-position":"center center","background-size":"auto","background-attachment":"scroll","background-type":"","background-media":"","overlay-type":"","overlay-color":"","overlay-opacity":"","overlay-gradient":""},"mobile":{"background-color":"var(--ast-global-color-5)","background-image":"","background-repeat":"repeat","background-position":"center center","background-size":"auto","background-attachment":"scroll","background-type":"","background-media":"","overlay-type":"","overlay-color":"","overlay-opacity":"","overlay-gradient":""}}},"product_brand":[],"product_cat":[15],"product_tag":[43],"class_list":{"0":"post-4974","1":"product","2":"type-product","3":"status-publish","4":"has-post-thumbnail","6":"product_cat-fish-meal-plant","7":"product_tag-fish-meal-machine","8":"desktop-align-center","9":"tablet-align-center","10":"mobile-align-center","12":"first","13":"instock","14":"shipping-taxable","15":"product-type-simple"},"_links":{"self":[{"href":"https:\/\/recyclingequipinc.com\/fr\/wp-json\/wp\/v2\/product\/4974","targetHints":{"allow":["GET"]}}],"collection":[{"href":"https:\/\/recyclingequipinc.com\/fr\/wp-json\/wp\/v2\/product"}],"about":[{"href":"https:\/\/recyclingequipinc.com\/fr\/wp-json\/wp\/v2\/types\/product"}],"version-history":[{"count":0,"href":"https:\/\/recyclingequipinc.com\/fr\/wp-json\/wp\/v2\/product\/4974\/revisions"}],"wp:featuredmedia":[{"embeddable":true,"href":"https:\/\/recyclingequipinc.com\/fr\/wp-json\/wp\/v2\/media\/4977"}],"wp:attachment":[{"href":"https:\/\/recyclingequipinc.com\/fr\/wp-json\/wp\/v2\/media?parent=4974"}],"wp:term":[{"taxonomy":"product_brand","embeddable":true,"href":"https:\/\/recyclingequipinc.com\/fr\/wp-json\/wp\/v2\/product_brand?post=4974"},{"taxonomy":"product_cat","embeddable":true,"href":"https:\/\/recyclingequipinc.com\/fr\/wp-json\/wp\/v2\/product_cat?post=4974"},{"taxonomy":"product_tag","embeddable":true,"href":"https:\/\/recyclingequipinc.com\/fr\/wp-json\/wp\/v2\/product_tag?post=4974"}],"curies":[{"name":"wp","href":"https:\/\/api.w.org\/{rel}","templated":true}]}}