{"id":4938,"date":"2021-10-08T07:59:30","date_gmt":"2021-10-08T07:59:30","guid":{"rendered":"https:\/\/recyclingequipinc.com\/?post_type=product&#038;p=4938"},"modified":"2021-10-26T09:33:30","modified_gmt":"2021-10-26T09:33:30","slug":"machine-de-sechage-de-plateaux-doeufs","status":"publish","type":"product","link":"https:\/\/recyclingequipinc.com\/fr\/product\/egg-tray-dryer-machine\/","title":{"rendered":"Machine de s\u00e9chage de plateaux d'\u0153ufs"},"content":{"rendered":"<p class=\"translation-block\"><strong><b>S\u00e8che-\u0153ufs<\/b><\/strong><strong><b>\u00a0machine<\/b><\/strong>\u00a0fonctionne\u00a0pour enlever l'humidit\u00e9 des plateaux \u00e0 \u0153ufs\u00a0des plateaux \u00e0 \u0153ufs mouill\u00e9s en peu de temps. Cela\u00a0aide les plateaux \u00e0 \u0153ufs \u00e0 s\u00e9cher rapidement en grande quantit\u00e9. Ainsi, le s\u00e8che-plateaux \u00e0 \u0153ufs est l'\u00e9quipement group\u00e9 le plus important de la machine \u00e0 fabriquer des plateaux \u00e0 \u0153ufs. De plus, la m\u00e9thode de s\u00e9chage des plateaux \u00e0 \u0153ufs d\u00e9termine le niveau d'automatisation d'une ligne de production de plateaux \u00e0 \u0153ufs. Bien s\u00fbr, le prix de la machine \u00e0 plateaux \u00e0 \u0153ufs varie. Si vous \u00eates int\u00e9ress\u00e9 par des machines recycl\u00e9es, n'h\u00e9sitez pas \u00e0 nous contacter \u00e0 tout moment, et nous vous r\u00e9pondrons d\u00e8s que possible !<\/p> <figure id=\"attachment_4964\" aria-describedby=\"caption-attachment-4964\" style=\"width: 800px\" class=\"wp-caption aligncenter\"><img fetchpriority=\"high\" decoding=\"async\" class=\"size-full wp-image-4964\" src=\"https:\/\/recyclingequipinc.com\/wp-content\/uploads\/2021\/10\/egg-tray-drying-methods.jpg\" alt=\"m\u00e9thodes de s\u00e9chage des plateaux d&#039;\u0153ufs\" width=\"800\" height=\"800\" srcset=\"https:\/\/recyclingequipinc.com\/wp-content\/uploads\/2021\/10\/egg-tray-drying-methods.jpg 800w, https:\/\/recyclingequipinc.com\/wp-content\/uploads\/2021\/10\/egg-tray-drying-methods-100x100.jpg 100w, https:\/\/recyclingequipinc.com\/wp-content\/uploads\/2021\/10\/egg-tray-drying-methods-750x750.jpg 750w, https:\/\/recyclingequipinc.com\/wp-content\/uploads\/2021\/10\/egg-tray-drying-methods-300x300.jpg 300w, https:\/\/recyclingequipinc.com\/wp-content\/uploads\/2021\/10\/egg-tray-drying-methods-150x150.jpg 150w, https:\/\/recyclingequipinc.com\/wp-content\/uploads\/2021\/10\/egg-tray-drying-methods-768x768.jpg 768w, https:\/\/recyclingequipinc.com\/wp-content\/uploads\/2021\/10\/egg-tray-drying-methods-600x600.jpg 600w\" sizes=\"(max-width: 800px) 100vw, 800px\" \/><figcaption id=\"caption-attachment-4964\" class=\"wp-caption-text\">m\u00e9thodes de s\u00e9chage des plateaux d'\u0153ufs<\/figcaption><\/figure> <h2><strong><b>Trois fa\u00e7ons de s\u00e9cher les plateaux d'\u0153ufs <\/b><\/strong><\/h2> <p>Il existe trois types de s\u00e9chage des plateaux d'\u0153ufs humides, \u00e0 savoir le s\u00e9chage naturel, la ligne de s\u00e9chage en briques et le s\u00e9cheur en m\u00e9tal. En tant que fabricant et fournisseur professionnel de machines \u00e0 plateaux d'\u0153ufs, nous souhaitons vous fournir les d\u00e9tails pour que vous puissiez choisir.<\/p> <p>&nbsp;<\/p> <h3><strong><b>S\u00e9chage naturel<\/b><\/strong><\/h3> <p>Comme son nom l'indique, le s\u00e9chage naturel consiste \u00e0 mettre les plateaux d'\u0153ufs humides au soleil. Il convient aux petites machines \u00e0 plateaux d'\u0153ufs. Il pr\u00e9sente l'avantage d'un faible co\u00fbt, d'un faible risque et d'un petit espace requis pour l'usine de plateaux d'\u0153ufs. En raison de cette m\u00e9thode de s\u00e9chage, il faut suffisamment d'espace pour poser les plateaux d'\u0153ufs humides et l'aide d'un travailleur. Mais plus de temps est n\u00e9cessaire pour s\u00e9cher les plateaux d'\u0153ufs. Et la progression du s\u00e9chage des plateaux d'\u0153ufs d\u00e9pend beaucoup du temps.<\/p> <figure id=\"attachment_4960\" aria-describedby=\"caption-attachment-4960\" style=\"width: 1071px\" class=\"wp-caption aligncenter\"><img decoding=\"async\" class=\"size-full wp-image-4960\" src=\"https:\/\/recyclingequipinc.com\/wp-content\/uploads\/2021\/10\/natural-drying-for-egg-trays.jpg\" alt=\"s\u00e9chage naturel pour les plateaux d&#039;\u0153ufs\" width=\"1071\" height=\"414\" srcset=\"https:\/\/recyclingequipinc.com\/wp-content\/uploads\/2021\/10\/natural-drying-for-egg-trays.jpg 1071w, https:\/\/recyclingequipinc.com\/wp-content\/uploads\/2021\/10\/natural-drying-for-egg-trays-750x290.jpg 750w, https:\/\/recyclingequipinc.com\/wp-content\/uploads\/2021\/10\/natural-drying-for-egg-trays-300x116.jpg 300w, https:\/\/recyclingequipinc.com\/wp-content\/uploads\/2021\/10\/natural-drying-for-egg-trays-1024x396.jpg 1024w, https:\/\/recyclingequipinc.com\/wp-content\/uploads\/2021\/10\/natural-drying-for-egg-trays-768x297.jpg 768w, https:\/\/recyclingequipinc.com\/wp-content\/uploads\/2021\/10\/natural-drying-for-egg-trays-600x232.jpg 600w\" sizes=\"(max-width: 1071px) 100vw, 1071px\" \/><figcaption id=\"caption-attachment-4960\" class=\"wp-caption-text\">s\u00e9chage naturel<\/figcaption><\/figure> <h3><strong><b>Ligne de s\u00e9chage en briques<\/b><\/strong><\/h3> <p>Par l'interm\u00e9diaire d'un convoyeur \u00e0 bande, les plateaux d'\u0153ufs humides peuvent \u00eatre transport\u00e9s automatiquement dans la salle de s\u00e9chage. Cette m\u00e9thode de s\u00e9chage peut \u00eatre utilis\u00e9e pour tous les mod\u00e8les, mais elle est recommand\u00e9e pour les machines \u00e0 plateaux d'\u0153ufs de taille moyenne. Elle est plus efficace que le s\u00e9chage naturel et moins ch\u00e8re qu'un s\u00e9cheur en m\u00e9tal automatique. Elle est facile \u00e0 entretenir et \u00e0 utiliser, et a \u00e9galement une longue dur\u00e9e de vie. Cependant, elle n\u00e9cessite davantage de travaux de construction et d'espace.<\/p> <figure id=\"attachment_4958\" aria-describedby=\"caption-attachment-4958\" style=\"width: 1200px\" class=\"wp-caption aligncenter\"><img decoding=\"async\" class=\"size-full wp-image-4958\" src=\"https:\/\/recyclingequipinc.com\/wp-content\/uploads\/2021\/10\/brick-drying.jpg\" alt=\"s\u00e9chage en briques\" width=\"1200\" height=\"500\" srcset=\"https:\/\/recyclingequipinc.com\/wp-content\/uploads\/2021\/10\/brick-drying.jpg 1200w, https:\/\/recyclingequipinc.com\/wp-content\/uploads\/2021\/10\/brick-drying-750x313.jpg 750w, https:\/\/recyclingequipinc.com\/wp-content\/uploads\/2021\/10\/brick-drying-300x125.jpg 300w, https:\/\/recyclingequipinc.com\/wp-content\/uploads\/2021\/10\/brick-drying-1024x427.jpg 1024w, https:\/\/recyclingequipinc.com\/wp-content\/uploads\/2021\/10\/brick-drying-768x320.jpg 768w, https:\/\/recyclingequipinc.com\/wp-content\/uploads\/2021\/10\/brick-drying-600x250.jpg 600w\" sizes=\"(max-width: 1200px) 100vw, 1200px\" \/><figcaption id=\"caption-attachment-4958\" class=\"wp-caption-text\">s\u00e9chage en briques<\/figcaption><\/figure> <h3><strong><b>S\u00e9cheur en m\u00e9tal<\/b><\/strong><\/h3> <p>Il s'agit d'un syst\u00e8me de s\u00e9chage automatique. Plusieurs couches sont disponibles pour votre choix. Il convient \u00e0 tous les mod\u00e8les. En termes de co\u00fbt, il est presque utilis\u00e9 pour la production \u00e0 grande \u00e9chelle. Il est non seulement facile \u00e0 transporter, \u00e0 installer et \u00e0 utiliser, mais il permet \u00e9galement de gagner de l'espace au sol. Et il est efficace. Mais il est cher et le combustible ne peut \u00eatre que du fioul ou de l'\u00e9lectricit\u00e9, etc.<\/p> <figure id=\"attachment_4962\" aria-describedby=\"caption-attachment-4962\" style=\"width: 1200px\" class=\"wp-caption aligncenter\"><img loading=\"lazy\" decoding=\"async\" class=\"size-full wp-image-4962\" src=\"https:\/\/recyclingequipinc.com\/wp-content\/uploads\/2021\/10\/metal-drying-for-egg-trays.jpg\" alt=\"s\u00e9chage en m\u00e9tal pour les plateaux d&#039;\u0153ufs\" width=\"1200\" height=\"500\" srcset=\"https:\/\/recyclingequipinc.com\/wp-content\/uploads\/2021\/10\/metal-drying-for-egg-trays.jpg 1200w, https:\/\/recyclingequipinc.com\/wp-content\/uploads\/2021\/10\/metal-drying-for-egg-trays-750x313.jpg 750w, https:\/\/recyclingequipinc.com\/wp-content\/uploads\/2021\/10\/metal-drying-for-egg-trays-300x125.jpg 300w, https:\/\/recyclingequipinc.com\/wp-content\/uploads\/2021\/10\/metal-drying-for-egg-trays-1024x427.jpg 1024w, https:\/\/recyclingequipinc.com\/wp-content\/uploads\/2021\/10\/metal-drying-for-egg-trays-768x320.jpg 768w, https:\/\/recyclingequipinc.com\/wp-content\/uploads\/2021\/10\/metal-drying-for-egg-trays-600x250.jpg 600w\" sizes=\"(max-width: 1200px) 100vw, 1200px\" \/><figcaption id=\"caption-attachment-4962\" class=\"wp-caption-text\">s\u00e9chage en m\u00e9tal<\/figcaption><\/figure> <h2><strong><b>\u00c9quipement connexe pour former un syst\u00e8me complet<\/b><\/strong><\/h2> <p class=\"translation-block\">Parce que la machine \u00e0 plateaux \u00e0 \u0153ufs est une machine respectueuse de l'environnement, ses mati\u00e8res premi\u00e8res sont du papier usag\u00e9, des magazines usag\u00e9s, des bo\u00eetes usag\u00e9es, etc., l'ensemble du processus comprend la machine \u00e0 p\u00e2te, la machine \u00e0 mouler, la machine \u00e0 s\u00e9cher, la machine de reformage et d'emballage. La <a href=\"https:\/\/recyclingequipinc.com\/fr\/produit\/machine-demballage-de-farine-de-poisson\/\">machine \u00e0 p\u00e2te<\/a> est la premi\u00e8re \u00e9tape, transformant les d\u00e9chets en p\u00e2te. La <a href=\"https:\/\/recyclingequipinc.com\/fr\/produit\/machine-de-moulage-de-plateau-a-oeufs\/\">machine \u00e0 mouler<\/a> forme le moule pour contenir divers articles. La machine \u00e0 s\u00e9cher sert \u00e0 enlever l'exc\u00e8s d'eau des plateaux \u00e0 \u0153ufs mouill\u00e9s. La <a href=\"https:\/\/recyclingequipinc.com\/fr\/produit\/progression-demballage-de-remodelage-de-plateau-doeufs\/\">machine de reformage et d'emballage<\/a> permet d'\u00e9conomiser de l'espace et de collecter les produits finis. L'automatisation de l'ensemble du processus d\u00e9pend de la m\u00e9thode de s\u00e9chage. <a href=\"https:\/\/recyclingequipinc.com\/fr\/\">Shuliy Machinery<\/a>\u00a0dispose de mod\u00e8les semi-automatiques et enti\u00e8rement automatiques. Le s\u00e9chage naturel appartient \u00e0 la semi-automatisation, tandis que le s\u00e8che-brique et le s\u00e8che-m\u00e9tal sont enti\u00e8rement automatiques. Si vous avez des doutes, n'h\u00e9sitez pas \u00e0 <a href=\"https:\/\/recyclingequipinc.com\/fr\/contact\/\">nous contacter<\/a> !<\/p> <figure id=\"attachment_4957\" aria-describedby=\"caption-attachment-4957\" style=\"width: 800px\" class=\"wp-caption aligncenter\"><img loading=\"lazy\" decoding=\"async\" class=\"wp-image-4957 size-full\" src=\"https:\/\/recyclingequipinc.com\/wp-content\/uploads\/2021\/10\/related-equipment.jpg\" alt=\"\u00e9quipement connexe - travail avec la machine de s\u00e9chage de plateaux d&#039;\u0153ufs\" width=\"800\" height=\"697\" srcset=\"https:\/\/recyclingequipinc.com\/wp-content\/uploads\/2021\/10\/related-equipment.jpg 800w, https:\/\/recyclingequipinc.com\/wp-content\/uploads\/2021\/10\/related-equipment-750x653.jpg 750w, https:\/\/recyclingequipinc.com\/wp-content\/uploads\/2021\/10\/related-equipment-300x261.jpg 300w, https:\/\/recyclingequipinc.com\/wp-content\/uploads\/2021\/10\/related-equipment-768x669.jpg 768w, https:\/\/recyclingequipinc.com\/wp-content\/uploads\/2021\/10\/related-equipment-600x523.jpg 600w\" sizes=\"(max-width: 800px) 100vw, 800px\" \/><figcaption id=\"caption-attachment-4957\" class=\"wp-caption-text\">\u00e9quipement connexe<\/figcaption><\/figure>","protected":false},"excerpt":{"rendered":"<p>Le s\u00e9choir \u00e0 plateau d'\u0153ufs est l'\u00e9quipement regroup\u00e9 le plus important de la machine de fabrication de plateaux d'\u0153ufs. De plus, la m\u00e9thode de s\u00e9chage du plateau d'\u0153ufs d\u00e9termine le niveau automatique d'une ligne de production de plateaux d'\u0153ufs. Bien s\u00fbr, le prix de la machine \u00e0 plateaux d'\u0153ufs diff\u00e8re. Si vous \u00eates int\u00e9ress\u00e9 par les machines recycl\u00e9es, veuillez nous contacter \u00e0 tout moment, et nous vous r\u00e9pondrons d\u00e8s que possible !<\/p>","protected":false},"featured_media":4953,"template":"","meta":{"site-sidebar-layout":"default","site-content-layout":"default","ast-site-content-layout":"default","site-content-style":"default","site-sidebar-style":"default","ast-global-header-display":"","ast-banner-title-visibility":"","ast-main-header-display":"","ast-hfb-above-header-display":"","ast-hfb-below-header-display":"","ast-hfb-mobile-header-display":"","site-post-title":"","ast-breadcrumbs-content":"","ast-featured-img":"","footer-sml-layout":"","ast-disable-related-posts":"","theme-transparent-header-meta":"default","adv-header-id-meta":"","stick-header-meta":"default","header-above-stick-meta":"","header-main-stick-meta":"","header-below-stick-meta":"","astra-migrate-meta-layouts":"default","ast-page-background-enabled":"default","ast-page-background-meta":{"desktop":{"background-color":"","background-image":"","background-repeat":"repeat","background-position":"center center","background-size":"auto","background-attachment":"scroll","background-type":"","background-media":"","overlay-type":"","overlay-color":"","overlay-opacity":"","overlay-gradient":""},"tablet":{"background-color":"","background-image":"","background-repeat":"repeat","background-position":"center center","background-size":"auto","background-attachment":"scroll","background-type":"","background-media":"","overlay-type":"","overlay-color":"","overlay-opacity":"","overlay-gradient":""},"mobile":{"background-color":"","background-image":"","background-repeat":"repeat","background-position":"center center","background-size":"auto","background-attachment":"scroll","background-type":"","background-media":"","overlay-type":"","overlay-color":"","overlay-opacity":"","overlay-gradient":""}},"ast-content-background-meta":{"desktop":{"background-color":"var(--ast-global-color-5)","background-image":"","background-repeat":"repeat","background-position":"center center","background-size":"auto","background-attachment":"scroll","background-type":"","background-media":"","overlay-type":"","overlay-color":"","overlay-opacity":"","overlay-gradient":""},"tablet":{"background-color":"var(--ast-global-color-5)","background-image":"","background-repeat":"repeat","background-position":"center center","background-size":"auto","background-attachment":"scroll","background-type":"","background-media":"","overlay-type":"","overlay-color":"","overlay-opacity":"","overlay-gradient":""},"mobile":{"background-color":"var(--ast-global-color-5)","background-image":"","background-repeat":"repeat","background-position":"center center","background-size":"auto","background-attachment":"scroll","background-type":"","background-media":"","overlay-type":"","overlay-color":"","overlay-opacity":"","overlay-gradient":""}}},"product_brand":[],"product_cat":[35],"product_tag":[],"class_list":{"0":"post-4938","1":"product","2":"type-product","3":"status-publish","4":"has-post-thumbnail","6":"product_cat-egg-tray-machine","7":"desktop-align-center","8":"tablet-align-center","9":"mobile-align-center","11":"first","12":"instock","13":"shipping-taxable","14":"product-type-simple"},"_links":{"self":[{"href":"https:\/\/recyclingequipinc.com\/fr\/wp-json\/wp\/v2\/product\/4938","targetHints":{"allow":["GET"]}}],"collection":[{"href":"https:\/\/recyclingequipinc.com\/fr\/wp-json\/wp\/v2\/product"}],"about":[{"href":"https:\/\/recyclingequipinc.com\/fr\/wp-json\/wp\/v2\/types\/product"}],"version-history":[{"count":0,"href":"https:\/\/recyclingequipinc.com\/fr\/wp-json\/wp\/v2\/product\/4938\/revisions"}],"wp:featuredmedia":[{"embeddable":true,"href":"https:\/\/recyclingequipinc.com\/fr\/wp-json\/wp\/v2\/media\/4953"}],"wp:attachment":[{"href":"https:\/\/recyclingequipinc.com\/fr\/wp-json\/wp\/v2\/media?parent=4938"}],"wp:term":[{"taxonomy":"product_brand","embeddable":true,"href":"https:\/\/recyclingequipinc.com\/fr\/wp-json\/wp\/v2\/product_brand?post=4938"},{"taxonomy":"product_cat","embeddable":true,"href":"https:\/\/recyclingequipinc.com\/fr\/wp-json\/wp\/v2\/product_cat?post=4938"},{"taxonomy":"product_tag","embeddable":true,"href":"https:\/\/recyclingequipinc.com\/fr\/wp-json\/wp\/v2\/product_tag?post=4938"}],"curies":[{"name":"wp","href":"https:\/\/api.w.org\/{rel}","templated":true}]}}