{"id":4528,"date":"2021-09-16T10:00:36","date_gmt":"2021-09-16T10:00:36","guid":{"rendered":"https:\/\/recyclingequipinc.com\/?post_type=product&#038;p=4528"},"modified":"2025-01-22T11:30:57","modified_gmt":"2025-01-22T03:30:57","slug":"cuve-de-rincage","status":"publish","type":"product","link":"https:\/\/recyclingequipinc.com\/fr\/product\/rinsing-tank\/","title":{"rendered":"R\u00e9servoir de rin\u00e7age en plastique pour le recyclage du PP LDPE HDPE"},"content":{"rendered":"<p class=\"translation-block\"><strong>R\u00e9servoir de rin\u00e7age en plastique<\/strong> est l'une des machines pour le recyclage des plastiques. Apr\u00e8s le processus de broyage, les mat\u00e9riaux plastiques sont encore sales. Il est donc important d'utiliser le r\u00e9servoir de rin\u00e7age pour nettoyer soigneusement les flocons de plastique. L'\u00e9quipement est \u00e9quip\u00e9 de nombreuses plaques dent\u00e9es qui peuvent forcer les copeaux de plastique \u00e0 avancer.<\/p> <div class=\"ast-oembed-container\" style=\"height: 100%;\"><iframe title=\"Processus de fabrication de d\u00e9chets plastiques de haute qualit\u00e9 au Nigeria\" width=\"500\" height=\"281\" src=\"https:\/\/www.youtube.com\/embed\/zTQX3SMuR1o?feature=oembed\" frameborder=\"0\" allow=\"accelerometer; autoplay; clipboard-write; encrypted-media; gyroscope; picture-in-picture; web-share\" referrerpolicy=\"strict-origin-when-cross-origin\" allowfullscreen><\/iframe><\/div> <h2>Machine de nettoyage de rebroyage PP LDPE HDPE \u00e0 vendre<\/h2> <p><span style=\"font-size: 16px;\">\u00c9quipement de r\u00e9servoir de lavage de flocons de plastique<\/span><\/p> <div id='gallery-1' class='gallery galleryid-4528 gallery-columns-2 gallery-size-full'><figure class='gallery-item'> \t\t\t<div class='gallery-icon landscape'> \t\t\t\t<img fetchpriority=\"high\" decoding=\"async\" width=\"720\" height=\"540\" src=\"https:\/\/recyclingequipinc.com\/wp-content\/uploads\/2021\/09\/plastic-washing-tank-2.webp\" class=\"attachment-full size-full\" alt=\"cuve de lavage en plastique\" aria-describedby=\"gallery-1-16836\" srcset=\"https:\/\/recyclingequipinc.com\/wp-content\/uploads\/2021\/09\/plastic-washing-tank-2.webp 720w, https:\/\/recyclingequipinc.com\/wp-content\/uploads\/2021\/09\/plastic-washing-tank-2-300x225.webp 300w, https:\/\/recyclingequipinc.com\/wp-content\/uploads\/2021\/09\/plastic-washing-tank-2-16x12.webp 16w\" sizes=\"(max-width: 720px) 100vw, 720px\" \/> \t\t\t<\/div> \t\t\t\t<figcaption class='wp-caption-text gallery-caption' id='gallery-1-16836'> \t\t\t\tcuve de lavage en plastique \t\t\t\t<\/figcaption><\/figure><figure class='gallery-item'> \t\t\t<div class='gallery-icon landscape'> \t\t\t\t<img decoding=\"async\" width=\"720\" height=\"540\" src=\"https:\/\/recyclingequipinc.com\/wp-content\/uploads\/2021\/09\/plastic-washing-tank.webp\" class=\"attachment-full size-full\" alt=\"cuve de rin\u00e7age en plastique\" aria-describedby=\"gallery-1-16835\" srcset=\"https:\/\/recyclingequipinc.com\/wp-content\/uploads\/2021\/09\/plastic-washing-tank.webp 720w, https:\/\/recyclingequipinc.com\/wp-content\/uploads\/2021\/09\/plastic-washing-tank-300x225.webp 300w, https:\/\/recyclingequipinc.com\/wp-content\/uploads\/2021\/09\/plastic-washing-tank-16x12.webp 16w\" sizes=\"(max-width: 720px) 100vw, 720px\" \/> \t\t\t<\/div> \t\t\t\t<figcaption class='wp-caption-text gallery-caption' id='gallery-1-16835'> \t\t\t\tcuve de rin\u00e7age en plastique \t\t\t\t<\/figcaption><\/figure> \t\t<\/div>  <h2>Structure du r\u00e9servoir de lavage des flocons de PET<\/h2> <ul> <li>Dans le processus de lavage \u00e0 chaud des flocons de PET, le d\u00e9tergent sera ajout\u00e9 pour nettoyer les flocons de plastique. Donc, une certaine mousse de nettoyage restera dans les flocons de PET. Cependant, avec l'aide de la machine \u00e0 laver les flocons de PET, la mousse de nettoyage dans les flocons de plastique sera lav\u00e9e. <a href=\"https:\/\/recyclingequipinc.com\/fr\/produit\/machine-de-recyclage-de-films-plastiques\/\"><strong>ligne de recyclage de film plastique<\/strong><\/a> Machine de fusion de mousse EPS (2) <a href=\"https:\/\/recyclingequipinc.com\/fr\/produit\/machine-de-recyclage-de-bouteilles-en-plastique\/\"><strong>Le r\u00e9servoir de lavage est en acier inoxydable ou en fer. G\u00e9n\u00e9ralement, la longueur de l'\u00e9quipement est d'environ 15-20 m\u00e8tres. La distance entre deux plaques ou roues dent\u00e9es agitantes est de 1,5-2 m\u00e8tres. Vous pouvez choisir selon vos besoins. Si vous ne savez pas quelle taille vous convient, vous pouvez nous contacter pour obtenir plus de d\u00e9tails et nous vous r\u00e9pondrons d\u00e8s que possible.<\/strong><\/a> Machine \u00e0 laver les flocons de PET | R\u00e9servoir de lavage pour films et bouteilles<\/li> <li>In the process of hot-washed pet flakes, the detergent will be added to clean the plastic flakes. So some cleaning foam will remain in the pet flakes. However, with the help of the pet flakes washing machine, the cleaning foam in the plastic flakes will be washed away.<\/li> <\/ul> <p>&nbsp;<\/p> <h2>Structure de cuve de rin\u00e7age en plastique<\/h2> <p class=\"translation-block\">Le r\u00e9servoir de lavage est fabriqu\u00e9 en <a href=\"https:\/\/en.wikipedia.org\/wiki\/Stainless_steel\" target=\"_blank\" rel=\"noopener\">acier inoxydable<\/a> ou en plaque de fer. En g\u00e9n\u00e9ral, la longueur de l'\u00e9quipement est d'environ 15-20 m\u00e8tres. La distance entre deux plaques dent\u00e9es ou roues de brassage est de 1,5-2 m\u00e8tres. Vous pouvez choisir en fonction de vos besoins. Si vous ne savez pas quelle taille vous convient, vous pouvez nous contacter pour obtenir plus de d\u00e9tails et nous vous r\u00e9pondrons d\u00e8s que possible.<\/p>","protected":false},"excerpt":{"rendered":"<p>Plastic rinsing tank is one of the machines for plastic recycling. After the crushing process, the plastic materials are still [&hellip;]<\/p>\n","protected":false},"featured_media":16818,"template":"","meta":{"site-sidebar-layout":"default","site-content-layout":"default","ast-site-content-layout":"default","site-content-style":"default","site-sidebar-style":"default","ast-global-header-display":"","ast-banner-title-visibility":"","ast-main-header-display":"","ast-hfb-above-header-display":"","ast-hfb-below-header-display":"","ast-hfb-mobile-header-display":"","site-post-title":"","ast-breadcrumbs-content":"","ast-featured-img":"","footer-sml-layout":"","ast-disable-related-posts":"","theme-transparent-header-meta":"default","adv-header-id-meta":"","stick-header-meta":"default","header-above-stick-meta":"","header-main-stick-meta":"","header-below-stick-meta":"","astra-migrate-meta-layouts":"set","ast-page-background-enabled":"default","ast-page-background-meta":{"desktop":{"background-color":"","background-image":"","background-repeat":"repeat","background-position":"center center","background-size":"auto","background-attachment":"scroll","background-type":"","background-media":"","overlay-type":"","overlay-color":"","overlay-opacity":"","overlay-gradient":""},"tablet":{"background-color":"","background-image":"","background-repeat":"repeat","background-position":"center center","background-size":"auto","background-attachment":"scroll","background-type":"","background-media":"","overlay-type":"","overlay-color":"","overlay-opacity":"","overlay-gradient":""},"mobile":{"background-color":"","background-image":"","background-repeat":"repeat","background-position":"center center","background-size":"auto","background-attachment":"scroll","background-type":"","background-media":"","overlay-type":"","overlay-color":"","overlay-opacity":"","overlay-gradient":""}},"ast-content-background-meta":{"desktop":{"background-color":"var(--ast-global-color-5)","background-image":"","background-repeat":"repeat","background-position":"center center","background-size":"auto","background-attachment":"scroll","background-type":"","background-media":"","overlay-type":"","overlay-color":"","overlay-opacity":"","overlay-gradient":""},"tablet":{"background-color":"var(--ast-global-color-5)","background-image":"","background-repeat":"repeat","background-position":"center center","background-size":"auto","background-attachment":"scroll","background-type":"","background-media":"","overlay-type":"","overlay-color":"","overlay-opacity":"","overlay-gradient":""},"mobile":{"background-color":"var(--ast-global-color-5)","background-image":"","background-repeat":"repeat","background-position":"center center","background-size":"auto","background-attachment":"scroll","background-type":"","background-media":"","overlay-type":"","overlay-color":"","overlay-opacity":"","overlay-gradient":""}}},"product_brand":[],"product_cat":[36],"product_tag":[95],"class_list":{"0":"post-4528","1":"product","2":"type-product","3":"status-publish","4":"has-post-thumbnail","6":"product_cat-plastic-recycling-machine","7":"product_tag-washing","8":"desktop-align-center","9":"tablet-align-center","10":"mobile-align-center","12":"first","13":"instock","14":"shipping-taxable","15":"product-type-simple"},"_links":{"self":[{"href":"https:\/\/recyclingequipinc.com\/fr\/wp-json\/wp\/v2\/product\/4528","targetHints":{"allow":["GET"]}}],"collection":[{"href":"https:\/\/recyclingequipinc.com\/fr\/wp-json\/wp\/v2\/product"}],"about":[{"href":"https:\/\/recyclingequipinc.com\/fr\/wp-json\/wp\/v2\/types\/product"}],"version-history":[{"count":0,"href":"https:\/\/recyclingequipinc.com\/fr\/wp-json\/wp\/v2\/product\/4528\/revisions"}],"wp:featuredmedia":[{"embeddable":true,"href":"https:\/\/recyclingequipinc.com\/fr\/wp-json\/wp\/v2\/media\/16818"}],"wp:attachment":[{"href":"https:\/\/recyclingequipinc.com\/fr\/wp-json\/wp\/v2\/media?parent=4528"}],"wp:term":[{"taxonomy":"product_brand","embeddable":true,"href":"https:\/\/recyclingequipinc.com\/fr\/wp-json\/wp\/v2\/product_brand?post=4528"},{"taxonomy":"product_cat","embeddable":true,"href":"https:\/\/recyclingequipinc.com\/fr\/wp-json\/wp\/v2\/product_cat?post=4528"},{"taxonomy":"product_tag","embeddable":true,"href":"https:\/\/recyclingequipinc.com\/fr\/wp-json\/wp\/v2\/product_tag?post=4528"}],"curies":[{"name":"wp","href":"https:\/\/api.w.org\/{rel}","templated":true}]}}