{"id":4415,"date":"2021-09-13T10:21:58","date_gmt":"2021-09-13T10:21:58","guid":{"rendered":"https:\/\/recyclingequipinc.com\/?post_type=product&#038;p=4415"},"modified":"2025-11-10T16:32:20","modified_gmt":"2025-11-10T08:32:20","slug":"progression-demballage-de-remodelage-de-plateau-doeufs","status":"publish","type":"product","link":"https:\/\/recyclingequipinc.com\/fr\/product\/egg-tray-reshaping-packing-progress\/","title":{"rendered":"Processus de remodelage et d'emballage de plateaux d'\u0153ufs"},"content":{"rendered":"<p class=\"translation-block\"><strong><b>La mise en forme et l'emballage des barquettes \u00e0 \u0153ufs<\/b><\/strong> constituent la derni\u00e8re \u00e9tape de l'ensemble du processus de fabrication des barquettes \u00e0 \u0153ufs. Elle comprend deux \u00e9tapes : le pressage \u00e0 chaud et l'emballage. Ainsi, une machine de pressage \u00e0 chaud et une machine d'emballage sont n\u00e9cessaires. La presse \u00e0 chaud sert \u00e0 r\u00e9duire le volume de la barquette \u00e0 \u0153ufs et \u00e0 \u00e9conomiser de l'espace. La machine d'emballage sert \u00e0 emballer les produits finis. Mais vous pouvez choisir l'emballage manuel ou automatique en fonction des besoins r\u00e9els. D'une mani\u00e8re g\u00e9n\u00e9rale, lors du processus de fabrication des barquettes \u00e0 \u0153ufs, seules les bo\u00eetes \u00e0 \u0153ufs doivent \u00eatre mises en forme. Cette \u00e9tape se d\u00e9roule toujours apr\u00e8s le s\u00e9chage. Ainsi, l'ensemble du processus de fabrication des barquettes \u00e0 \u0153ufs comprend le d\u00e9fibrage, la formation, le s\u00e9chage, le pressage \u00e0 chaud et l'emballage. Contactez-nous pour plus d'informations !<\/p> <figure id=\"attachment_4532\" aria-describedby=\"caption-attachment-4532\" style=\"width: 750px\" class=\"wp-caption aligncenter\"><img fetchpriority=\"high\" decoding=\"async\" class=\"wp-image-4532 size-full\" src=\"https:\/\/recyclingequipinc.com\/wp-content\/uploads\/2021\/09\/reshaping-machine-1.jpg\" alt=\"machine de fa\u00e7onnage pour plateaux \u00e0 \u0153ufs en papier\" width=\"750\" height=\"572\" srcset=\"https:\/\/recyclingequipinc.com\/wp-content\/uploads\/2021\/09\/reshaping-machine-1.jpg 750w, https:\/\/recyclingequipinc.com\/wp-content\/uploads\/2021\/09\/reshaping-machine-1-300x229.jpg 300w, https:\/\/recyclingequipinc.com\/wp-content\/uploads\/2021\/09\/reshaping-machine-1-600x458.jpg 600w\" sizes=\"(max-width: 750px) 100vw, 750px\" \/><figcaption id=\"caption-attachment-4532\" class=\"wp-caption-text\">machine de fa\u00e7onnage pour plateaux \u00e0 \u0153ufs en papier<\/figcaption><\/figure> <h2><strong><b>Progression du remodelage des plateaux \u00e0 \u0153ufs<\/b><\/strong><\/h2> <p>Dans ce processus, la presse \u00e0 chaud est une machine indispensable. La presse \u00e0 chaud est sp\u00e9cialement utilis\u00e9e pour les produits respectueux de l'environnement tels que les bo\u00eetes \u00e0 \u0153ufs pour rendre la surface plus lisse et plus belle. De plus, apr\u00e8s le remodelage des chariots \u00e0 \u0153ufs, elle permet de gagner de l'espace et d'en stocker davantage. La structure de la presse \u00e0 chaud comprend les parties suivantes : le panneau de contr\u00f4le, le cylindre, la tige de guidage, le cadre, la plaque de r\u00e9glage, le moule sup\u00e9rieur, le moule inf\u00e9rieur, le triplet et la soupape de r\u00e9gulation de pression. Et elle est contr\u00f4l\u00e9e par une commande pneumatique. Mais il convient de noter que l'air comprim\u00e9 du fluide de travail de la commande pneumatique doit \u00eatre purifi\u00e9 et s\u00e9ch\u00e9, afin de garantir la dur\u00e9e de vie de la commande pneumatique.<\/p> <p>&nbsp;<\/p> <h2><strong><b>Progression de l'emballage<\/b><\/strong><\/h2> <p>Cette progression est l'\u00e9tape finale. La machine d'emballage est utilis\u00e9e pour emballer les plateaux \u00e0 \u0153ufs, facilitant la livraison. L'ensemble du processus de fabrication des plateaux \u00e0 \u0153ufs est ordonn\u00e9 : d\u00e9fibrage, formage, s\u00e9chage, remodelage et emballage. Le d\u00e9fibrage consiste \u00e0 transformer les d\u00e9chets de papier ou de magazines, etc. en pulpe. Le formage consiste \u00e0 transformer la pulpe en moules. Le s\u00e9chage consiste \u00e0 s\u00e9cher le moule par s\u00e9chage naturel, s\u00e9chage au feu ou s\u00e9chage m\u00e9tallique. Le remodelage et l'emballage consistent \u00e0 remodeler le moule et \u00e0 faciliter la livraison. Pour fabriquer un plateau \u00e0 \u0153ufs, chaque \u00e9tape est absolument n\u00e9cessaire. Tout doit \u00eatre assorti. Donc, si vous avez des doutes, veuillez nous contacter d\u00e8s que possible !<\/p> <figure id=\"attachment_4541\" aria-describedby=\"caption-attachment-4541\" style=\"width: 670px\" class=\"wp-caption aligncenter\"><img decoding=\"async\" class=\"wp-image-4541 size-full\" src=\"https:\/\/recyclingequipinc.com\/wp-content\/uploads\/2021\/09\/flow-chart.jpg\" alt=\"Organigramme\" width=\"670\" height=\"470\" srcset=\"https:\/\/recyclingequipinc.com\/wp-content\/uploads\/2021\/09\/flow-chart.jpg 670w, https:\/\/recyclingequipinc.com\/wp-content\/uploads\/2021\/09\/flow-chart-300x210.jpg 300w, https:\/\/recyclingequipinc.com\/wp-content\/uploads\/2021\/09\/flow-chart-600x421.jpg 600w\" sizes=\"(max-width: 670px) 100vw, 670px\" \/><figcaption id=\"caption-attachment-4541\" class=\"wp-caption-text\">Organigramme<\/figcaption><\/figure> <h2><strong><b>Instructions pour la machine de pressage \u00e0 chaud<\/b><\/strong><\/h2> <p class=\"translation-block\"><strong><b>V\u00e9rifications avant le d\u00e9marrage :<\/b><\/strong><\/p> <ol> <li>V\u00e9rifier si le moule de la machine est bien install\u00e9.<\/li> <li>V\u00e9rifier si les pi\u00e8ces mobiles de la machine sont bien lubrifi\u00e9es et si les vis de chaque partie sont desserr\u00e9es.<\/li> <li>V\u00e9rifier si la pression d'air de travail et la temp\u00e9rature de travail r\u00e9pondent aux exigences du processus de production (pression d'air de 0,5 \u00b1 0,05 MPa, temp\u00e9rature de travail de 165 \u00b1 15 \u00b0C) et allumer l'interrupteur de r\u00e9gulation de temp\u00e9rature sur le panneau.<\/li> <li>Faire fonctionner manuellement la machine pour v\u00e9rifier si le contr\u00f4le de fonctionnement de la machine est normal.<\/li> <\/ol> <p>&nbsp;<\/p> <h2><strong><b>M\u00e9thode d'exploitation<\/b><\/strong><strong><b>:<\/b><\/strong><\/h2> <ol> <li>Les travaux de v\u00e9rification sont termin\u00e9s et confirm\u00e9s avant le d\u00e9marrage, et l'op\u00e9ration de production peut \u00eatre effectu\u00e9e.<\/li> <li>Mettez le commutateur rotatif \u00ab manuel\/automatique \u00bb du panneau de commande sur la position automatique.<\/li> <li>Prendre le produit semi-fini correspondant au moule sur l'\u00e9quipement et le poser \u00e0 plat sur le moule, puis appuyer simultan\u00e9ment sur les deux interrupteurs de d\u00e9marrage avec les deux mains.<\/li> <li>Apr\u00e8s que les plateaux sup\u00e9rieur et inf\u00e9rieur de l'\u00e9quipement sont ferm\u00e9s, rel\u00e2cher le bouton de d\u00e9marrage pour pr\u00e9parer le produit suivant et attendre que les moules sup\u00e9rieur et inf\u00e9rieur se s\u00e9parent.<\/li> <li>Apr\u00e8s la s\u00e9paration des moules sup\u00e9rieur et inf\u00e9rieur, sortir le produit fa\u00e7onn\u00e9 et v\u00e9rifier s'il r\u00e9pond aux normes de qualit\u00e9.<\/li> <li>V\u00e9rifier et empiler les produits finis pour poursuivre le travail de fa\u00e7onnage du produit suivant.<\/li> <\/ol> <p>&nbsp;<\/p> <h2><strong><b>Points <\/b><\/strong><strong><b>\u00e0 prendre en compte<\/b><\/strong><strong><b>:<\/b><\/strong><\/h2> <ol> <li>1. Les op\u00e9rateurs doivent porter des gants et des manches lorsqu'ils travaillent pour \u00e9viter les br\u00fblures.<\/li> <li>2. Il est strictement interdit \u00e0 une personne de d\u00e9marrer la machine et \u00e0 plusieurs personnes de prendre et de placer le produit pour \u00e9viter l'\u00e9crasement.<\/li> <li>3. Faire attention \u00e0 l'op\u00e9ration de l'\u00e9quipement pendant le travail. En cas d'anomalie, appuyer sur l'interrupteur d'arr\u00eat d'urgence et couper imm\u00e9diatement l'alimentation, puis signaler imm\u00e9diatement au superviseur de service et au personnel technique concern\u00e9.<\/li> <\/ol> <p>&nbsp;<\/p> <h2><strong><b>Maintenance<\/b><\/strong><\/h2> <ol> <li>Pendant l'utilisation de l'\u00e9quipement, v\u00e9rifier toujours si le syst\u00e8me d'alimentation en gaz est normal, si la ligne d'alimentation \u00e9lectrique est normale, s'il y a des dommages et une surchauffe de la ligne.<\/li> <li>En cas de choc ou de bruit anormal pendant le fonctionnement de l'\u00e9quipement, il faut l'arr\u00eater imm\u00e9diatement pour l'inspection afin de trouver la cause et l'\u00e9liminer.<\/li> <li>Les pi\u00e8ces pneumatiques doivent \u00eatre lubrifi\u00e9es et de l'huile moteur n\u00b0 20 doit \u00eatre ajout\u00e9e r\u00e9guli\u00e8rement dans la tasse \u00e0 huile du triplet.<\/li> <li>En cas d'arr\u00eat prolong\u00e9, abaisser le moule sup\u00e9rieur \u00e0 la position la plus basse, placer des cales en bois entre les moules sup\u00e9rieur et inf\u00e9rieur, puis fermer la source d'air de l'\u00e9quipement. Graisser r\u00e9guli\u00e8rement et v\u00e9rifier les pi\u00e8ces mobiles de l'\u00e9quipement pour garantir son bon fonctionnement lors de son utilisation.<\/li> <\/ol> <p>&nbsp;<\/p> <h2><strong><b>Que penser de notre service ?<\/b><\/strong><\/h2> <p>Tous les produits achet\u00e9s dans notre soci\u00e9t\u00e9 sont garantis pour rester en bon \u00e9tat de r\u00e9paration pendant un an. Si des probl\u00e8mes de qualit\u00e9 surviennent pendant la p\u00e9riode de garantie, notre soci\u00e9t\u00e9 effectuera des r\u00e9parations gratuites.<\/p> <ol> <li>Avant d'envoyer la machine, nous la testerons et la mettrons en service, de sorte que vous pouvez l'utiliser directement d\u00e8s que vous la recevez.<\/li> <li>Une vid\u00e9o d'exploitation et des instructions seront envoy\u00e9es aux clients pour les aider \u00e0 mieux utiliser les machines.<\/li> <li>Des conseils professionnels seront offerts en cas de probl\u00e8mes lors de l'utilisation.<\/li> <li>Toutes sortes de pi\u00e8ces fr\u00e9quemment utilis\u00e9es sont fournies toute l'ann\u00e9e.<\/li> <\/ol> <p>&nbsp;<\/p> <p>De plus, notre soci\u00e9t\u00e9 fournit une assistance technique et des raccords \u00e0 vie. Le service apr\u00e8s-vente n'est pas limit\u00e9 dans le temps et nous r\u00e9soudrons vos probl\u00e8mes \u00e0 temps. Si vous rencontrez des probl\u00e8mes lors de l'utilisation de nos produits, n'h\u00e9sitez pas \u00e0 nous contacter \u00e0 tout moment.<\/p> <figure id=\"attachment_4543\" aria-describedby=\"caption-attachment-4543\" style=\"width: 670px\" class=\"wp-caption aligncenter\"><img decoding=\"async\" class=\"wp-image-4543 size-full\" src=\"https:\/\/recyclingequipinc.com\/wp-content\/uploads\/2021\/09\/door-to-door-service.jpg\" alt=\"Service porte-\u00e0-porte\" width=\"670\" height=\"470\" srcset=\"https:\/\/recyclingequipinc.com\/wp-content\/uploads\/2021\/09\/door-to-door-service.jpg 670w, https:\/\/recyclingequipinc.com\/wp-content\/uploads\/2021\/09\/door-to-door-service-300x210.jpg 300w, https:\/\/recyclingequipinc.com\/wp-content\/uploads\/2021\/09\/door-to-door-service-600x421.jpg 600w\" sizes=\"(max-width: 670px) 100vw, 670px\" \/><figcaption id=\"caption-attachment-4543\" class=\"wp-caption-text\">Service porte-\u00e0-porte<\/figcaption><\/figure> <h2><strong><b>Conclusion<\/b><\/strong><\/h2> <p>Les machines utilis\u00e9es dans le processus de remodelage et d'emballage sont de structure raisonnable, de performance stable et d'apparence exquise. Le prix varie en fonction de la configuration de la machine compl\u00e8te. En tant qu'entreprise fiable et tr\u00e8s r\u00e9put\u00e9e, nous sommes situ\u00e9s dans le hub de transport pratique de la Chine. Par cons\u00e9quent, la m\u00e9thode de livraison rentable est g\u00e9n\u00e9ralement utilis\u00e9e. \u00c0 savoir, le transport maritime. Cependant, lors de la livraison par mer, l'emballage est tr\u00e8s important. Ainsi, les machines de notre soci\u00e9t\u00e9, Zhengzhou Shuliy Corporation, seront envelopp\u00e9es dans un film plastique avant l'emballage, afin d'\u00e9viter l'humidit\u00e9 pendant l'exp\u00e9dition. De plus, elles sont plac\u00e9es dans un solide bo\u00eetier en t\u00f4le d'acier\/bois qui est exempt de fumigation, doubl\u00e9 de fil m\u00e9tallique si n\u00e9cessaire. Nous proposons \u00e9galement des services de personnalisation. Nous sommes impatients de recevoir vos demandes ! Nous vous r\u00e9pondrons tr\u00e8s bient\u00f4t !<\/p> <p>&nbsp;<\/p> <p>&nbsp;<\/p>","protected":false},"excerpt":{"rendered":"<p>En r\u00e8gle g\u00e9n\u00e9rale, pendant la fabrication des plateaux \u00e0 \u0153ufs, seules les bo\u00eetes \u00e0 \u0153ufs doivent \u00eatre remodel\u00e9es. Cette \u00e9tape se d\u00e9roule toujours apr\u00e8s le s\u00e9chage. Ainsi, l'ensemble du processus de fabrication des plateaux \u00e0 \u0153ufs comprend le d\u00e9fibrage, le formage, le s\u00e9chage, le pressage \u00e0 chaud et l'emballage. Contactez-nous pour plus d'informations !<\/p>","protected":false},"featured_media":4485,"template":"","meta":{"site-sidebar-layout":"default","site-content-layout":"default","ast-site-content-layout":"default","site-content-style":"default","site-sidebar-style":"default","ast-global-header-display":"","ast-banner-title-visibility":"","ast-main-header-display":"","ast-hfb-above-header-display":"","ast-hfb-below-header-display":"","ast-hfb-mobile-header-display":"","site-post-title":"","ast-breadcrumbs-content":"","ast-featured-img":"","footer-sml-layout":"","ast-disable-related-posts":"","theme-transparent-header-meta":"default","adv-header-id-meta":"","stick-header-meta":"default","header-above-stick-meta":"","header-main-stick-meta":"","header-below-stick-meta":"","astra-migrate-meta-layouts":"set","ast-page-background-enabled":"default","ast-page-background-meta":{"desktop":{"background-color":"","background-image":"","background-repeat":"repeat","background-position":"center center","background-size":"auto","background-attachment":"scroll","background-type":"","background-media":"","overlay-type":"","overlay-color":"","overlay-opacity":"","overlay-gradient":""},"tablet":{"background-color":"","background-image":"","background-repeat":"repeat","background-position":"center center","background-size":"auto","background-attachment":"scroll","background-type":"","background-media":"","overlay-type":"","overlay-color":"","overlay-opacity":"","overlay-gradient":""},"mobile":{"background-color":"","background-image":"","background-repeat":"repeat","background-position":"center center","background-size":"auto","background-attachment":"scroll","background-type":"","background-media":"","overlay-type":"","overlay-color":"","overlay-opacity":"","overlay-gradient":""}},"ast-content-background-meta":{"desktop":{"background-color":"var(--ast-global-color-5)","background-image":"","background-repeat":"repeat","background-position":"center center","background-size":"auto","background-attachment":"scroll","background-type":"","background-media":"","overlay-type":"","overlay-color":"","overlay-opacity":"","overlay-gradient":""},"tablet":{"background-color":"var(--ast-global-color-5)","background-image":"","background-repeat":"repeat","background-position":"center center","background-size":"auto","background-attachment":"scroll","background-type":"","background-media":"","overlay-type":"","overlay-color":"","overlay-opacity":"","overlay-gradient":""},"mobile":{"background-color":"var(--ast-global-color-5)","background-image":"","background-repeat":"repeat","background-position":"center center","background-size":"auto","background-attachment":"scroll","background-type":"","background-media":"","overlay-type":"","overlay-color":"","overlay-opacity":"","overlay-gradient":""}}},"product_brand":[],"product_cat":[35],"product_tag":[],"class_list":{"0":"post-4415","1":"product","2":"type-product","3":"status-publish","4":"has-post-thumbnail","6":"product_cat-egg-tray-machine","7":"desktop-align-center","8":"tablet-align-center","9":"mobile-align-center","11":"first","12":"instock","13":"shipping-taxable","14":"product-type-simple"},"_links":{"self":[{"href":"https:\/\/recyclingequipinc.com\/fr\/wp-json\/wp\/v2\/product\/4415","targetHints":{"allow":["GET"]}}],"collection":[{"href":"https:\/\/recyclingequipinc.com\/fr\/wp-json\/wp\/v2\/product"}],"about":[{"href":"https:\/\/recyclingequipinc.com\/fr\/wp-json\/wp\/v2\/types\/product"}],"version-history":[{"count":0,"href":"https:\/\/recyclingequipinc.com\/fr\/wp-json\/wp\/v2\/product\/4415\/revisions"}],"wp:featuredmedia":[{"embeddable":true,"href":"https:\/\/recyclingequipinc.com\/fr\/wp-json\/wp\/v2\/media\/4485"}],"wp:attachment":[{"href":"https:\/\/recyclingequipinc.com\/fr\/wp-json\/wp\/v2\/media?parent=4415"}],"wp:term":[{"taxonomy":"product_brand","embeddable":true,"href":"https:\/\/recyclingequipinc.com\/fr\/wp-json\/wp\/v2\/product_brand?post=4415"},{"taxonomy":"product_cat","embeddable":true,"href":"https:\/\/recyclingequipinc.com\/fr\/wp-json\/wp\/v2\/product_cat?post=4415"},{"taxonomy":"product_tag","embeddable":true,"href":"https:\/\/recyclingequipinc.com\/fr\/wp-json\/wp\/v2\/product_tag?post=4415"}],"curies":[{"name":"wp","href":"https:\/\/api.w.org\/{rel}","templated":true}]}}