{"id":4411,"date":"2021-09-13T10:12:43","date_gmt":"2021-09-13T10:12:43","guid":{"rendered":"https:\/\/recyclingequipinc.com\/?post_type=product&#038;p=4411"},"modified":"2025-11-10T16:05:50","modified_gmt":"2025-11-10T08:05:50","slug":"machine-demballage-de-farine-de-poisson","status":"publish","type":"product","link":"https:\/\/recyclingequipinc.com\/fr\/product\/egg-tray-pulping-machine\/","title":{"rendered":"Machine \u00e0 pulper les plateaux d'\u0153ufs"},"content":{"rendered":"<p>La machine \u00e0 pulper les plateaux d'\u0153ufs peut transformer divers mat\u00e9riaux de papier usag\u00e9 en p\u00e2te, ce qui peut apporter de nombreux avantages aux investisseurs. C'est \u00e9galement un \u00e9quipement essentiel pour la fabrication de plateaux d'\u0153ufs. En plus de la fabrication de divers plateaux d'\u0153ufs, ces p\u00e2tes peuvent \u00e9galement \u00eatre utilis\u00e9es pour fabriquer des plateaux de pommes, des plateaux de tasses, des plateaux \u00e0 chaussures, des plateaux m\u00e9dicaux, etc. Compte tenu du r\u00f4le de la p\u00e2te, chaque ligne de production compl\u00e8te a besoin d'une machine \u00e0 pulper de haute qualit\u00e9 pour garantir la qualit\u00e9 du produit fini. Zhengzhou Shuliy Machinery Co., Ltd. propose diff\u00e9rentes machines \u00e0 pulper les plateaux d'\u0153ufs \u00e0 choisir. Avec une exp\u00e9rience riche et une \u00e9quipe technique professionnelle, nos machines sont fiables en termes de qualit\u00e9 et stables en termes de performances. Si vous avez des besoins, n'h\u00e9sitez pas \u00e0 nous contacter pour plus d'informations.<\/p> <figure id=\"attachment_4523\" aria-describedby=\"caption-attachment-4523\" style=\"width: 750px\" class=\"wp-caption aligncenter\"><img fetchpriority=\"high\" decoding=\"async\" class=\"wp-image-4523 size-full\" src=\"https:\/\/recyclingequipinc.com\/wp-content\/uploads\/2021\/09\/pulp.jpg\" alt=\"Machine \u00e0 pulper les plateaux d&#039;\u0153ufs\" width=\"750\" height=\"710\" srcset=\"https:\/\/recyclingequipinc.com\/wp-content\/uploads\/2021\/09\/pulp.jpg 750w, https:\/\/recyclingequipinc.com\/wp-content\/uploads\/2021\/09\/pulp-300x284.jpg 300w, https:\/\/recyclingequipinc.com\/wp-content\/uploads\/2021\/09\/pulp-600x568.jpg 600w\" sizes=\"(max-width: 750px) 100vw, 750px\" \/><figcaption id=\"caption-attachment-4523\" class=\"wp-caption-text\">Machine \u00e0 pulper les plateaux d'\u0153ufs<\/figcaption><\/figure> <h2><strong><b>Qu'est-ce que le pulpage des plateaux d'\u0153ufs <\/b><\/strong><strong><b>syst\u00e8me ?<\/b><\/strong><\/h2> <p>Le syst\u00e8me de r\u00e9duction en p\u00e2te des plateaux \u00e0 \u0153ufs est une \u00e9tape tr\u00e8s critique dans la production de plateaux \u00e0 \u0153ufs. Sa fonction est de transformer divers d\u00e9chets tels que les vieux cartons, les vieilles bo\u00eetes de papier, les vieux livres et les vieux journaux en p\u00e2te. L\u2019ensemble du processus op\u00e9rationnel est tr\u00e8s simple. Mettez les mati\u00e8res premi\u00e8res du plateau \u00e0 \u0153ufs dans le pulpeur hydraulique. Ensuite, il y a un batteur pour bassin \u00e0 pulpe qui peut \u00eatre utilis\u00e9 pour polir la pulpe afin de la rendre plus uniforme et plus lisse. En plus du pulpeur hydraulique, nous avons \u00e9galement besoin d\u2019autres \u00e9quipements pour nous aider dans le processus de r\u00e9duction en p\u00e2te. Tels qu'un r\u00e9servoir agit\u00e9, une pompe \u00e0 pulpe, etc. En tant que fournisseur professionnel de machines \u00e0 r\u00e9duire en p\u00e2te les plateaux \u00e0 \u0153ufs, nos machines sont non seulement de haute qualit\u00e9, mais \u00e9galement de diff\u00e9rents types. De plus, nous pouvons \u00e9galement fournir des services personnalis\u00e9s selon les exigences sp\u00e9cifiques des clients. N'h\u00e9sitez pas \u00e0 nous contacter pour plus de d\u00e9tails.<\/p> <h2><strong><b>Processus de travail de la machine \u00e0 pulper la p\u00e2te de plateaux d'\u0153ufs<\/b><\/strong><strong><b>Verser toutes sortes de mat\u00e9riaux de papier usag\u00e9 et d'eau dans le pulpeur hydraulique dans une proportion appropri\u00e9e. Ensuite, le processus de broyage et de d\u00e9chiquetage commence \u00e0 l'int\u00e9rieur du tambour rempli d'eau.<\/b><\/strong><strong><b>Mettez la p\u00e2te dans la cuve agit\u00e9e et s\u00e9lectionnez-la davantage \u00e0 travers l'homog\u00e9n\u00e9isateur. De cette mani\u00e8re, la p\u00e2te peut \u00eatre plus uniforme et lisse.<\/b><\/strong><\/h2> <ol> <li>Pendant le processus de m\u00e9lange, les travailleurs peuvent ajouter un agent de viscosit\u00e9 sp\u00e9cifique, ce qui permet d'obtenir une meilleure forme de la p\u00e2te. De plus, les travailleurs peuvent \u00e9galement ajouter divers pigments pour obtenir diff\u00e9rentes couleurs de p\u00e2te.<\/li> <li>Apr\u00e8s que la machine ait m\u00e9lang\u00e9 la p\u00e2te jusqu'\u00e0 la consistance requise, transportez la p\u00e2te dans le r\u00e9servoir d'alimentation pour une utilisation dans le processus suivant.<\/li> <li>Principales pi\u00e8ces du syst\u00e8me de pulpage des plateaux d'\u0153ufs<\/li> <li>Pulpeur hydraulique : Il est utilis\u00e9 pour m\u00e9langer toutes sortes de papier usag\u00e9, de livres usag\u00e9s, de journaux usag\u00e9s et d'autres mati\u00e8res premi\u00e8res pour la fabrication de plateaux d'\u0153ufs en une p\u00e2te.<\/li> <\/ol> <h2><strong><b>Batteur de bassin de p\u00e2te : Par collision, s\u00e9lection et autre m\u00e9thode, il peut briser la p\u00e2te et la rendre plus uniforme. <\/b><\/strong><strong><b>Pompe \u00e0 p\u00e2te : Sa fonction est de transporter la p\u00e2te vers le bassin de stockage de p\u00e2te et le bassin de p\u00e2te raffin\u00e9e.<\/b><\/strong><\/h2> <p class=\"translation-block\"><strong><b>Pulpeur hydraulique<\/b><\/strong> : Il est utilis\u00e9 pour m\u00e9langer toutes sortes de vieux papiers, livres usag\u00e9s, journaux usag\u00e9s et autres mati\u00e8res premi\u00e8res pour la fabrication de bo\u00eetes \u00e0 \u0153ufs en une bouillie.<\/p> <p class=\"translation-block\"><strong><b>Agitateur de cuve \u00e0 pulpe<\/b><\/strong> : Par le broyage, la s\u00e9lection et d'autres m\u00e9thodes, il peut d\u00e9composer la pulpe et rendre la pulpe plus uniforme.<\/p> <p class=\"translation-block\"><strong><b>Pompe \u00e0 pulpe<\/b><\/strong> : Sa fonction est de transporter la pulpe vers la cuve de stockage de pulpe et la cuve de pulpe raffin\u00e9e.<\/p> <p class=\"translation-block\"><strong><b>Pompe \u00e0 eau : <\/b><\/strong>Elle est utilis\u00e9e pour transporter l'eau dans la cuve vers le pulpeur hydraulique, et elle est \u00e9galement utilis\u00e9e pour r\u00e9cup\u00e9rer les eaux us\u00e9es produites dans le processus de mise en p\u00e2te.<\/p> <p class=\"translation-block\"><strong><b>Cuve d'eau : <\/b><\/strong>Stocke l'eau n\u00e9cessaire \u00e0 la mise en p\u00e2te et les eaux us\u00e9es g\u00e9n\u00e9r\u00e9es pendant le processus de mise en p\u00e2te.<\/p> <p class=\"translation-block\"><strong><b>Cuve de stockage de pulpe : <\/b><\/strong>Stocke la pulpe qui a \u00e9t\u00e9 m\u00e9lang\u00e9e, s\u00e9par\u00e9e et broy\u00e9e pour \u00eatre utilis\u00e9e dans le processus suivant.<\/p> <p class=\"translation-block\"><strong><b>Cuve de pulpe raffin\u00e9e : <\/b><\/strong>M\u00e9lange la pulpe d\u00e9chiquet\u00e9e plus uniform\u00e9ment par agitation, s\u00e9paration et autres m\u00e9thodes.<\/p> <figure id=\"attachment_4525\" aria-describedby=\"caption-attachment-4525\" style=\"width: 750px\" class=\"wp-caption aligncenter\"><img decoding=\"async\" class=\"wp-image-4525 size-full\" src=\"https:\/\/recyclingequipinc.com\/wp-content\/uploads\/2021\/09\/pulping-progress.jpg\" alt=\"Progr\u00e8s du d\u00e9chiquetage du papier usag\u00e9\" width=\"750\" height=\"522\" srcset=\"https:\/\/recyclingequipinc.com\/wp-content\/uploads\/2021\/09\/pulping-progress.jpg 750w, https:\/\/recyclingequipinc.com\/wp-content\/uploads\/2021\/09\/pulping-progress-300x209.jpg 300w, https:\/\/recyclingequipinc.com\/wp-content\/uploads\/2021\/09\/pulping-progress-600x418.jpg 600w\" sizes=\"(max-width: 750px) 100vw, 750px\" \/><figcaption id=\"caption-attachment-4525\" class=\"wp-caption-text\">Progr\u00e8s du d\u00e9chiquetage du papier usag\u00e9<\/figcaption><\/figure> <h2><strong><b>Benefits of <\/b><\/strong><strong><b>Egg Tray Pulp<\/b><\/strong><strong><b>ing System <\/b><\/strong><\/h2> <ol> <li>Save costs. The main raw material for making paper pulp is waste paper, which is rich in source and low in price, and belongs to the comprehensive development and utilization of waste.<\/li> <li>Simple operation. The machine adopts advanced control system. Workers only need to put waste paper into the hydraulic pulper. This makes the operation simple and safe. One worker can complete the whole process.<\/li> <li>High degree of automation. The entire operation process is controlled by the machine. This not only greatly reduces the work intensity, but also improves work efficiency and precision, so that the quality of pulp products is correspondingly improved.<\/li> <li>Small footprint. We use metal tanks instead of pulp pools. There is no need to build a pulp pond separately. So the entire system occupies a small area and saves more space.<\/li> <\/ol> <h2><strong><b>Factors <\/b><\/strong><strong><b>B<\/b><\/strong><strong><b>ffecting the <\/b><\/strong><strong><b>abricant<\/b><\/strong><strong><b>rice of Egg Tray Pulping Machine<\/b><\/strong><\/h2> <ol> <li>Quality of the machine.<\/li> <li>Cost of the machine.<\/li> <li>Shipping cost<\/li> <li>Degree of automation.<\/li> <li>Marque.<\/li> <li>Mat\u00e9riau de la machine.<\/li> <\/ol> <h2><strong><b>Nos services<\/b><\/strong><\/h2> <ol> <li>Nous proposons des services de conseil complets. Vous pouvez nous contacter si vous rencontrez des probl\u00e8mes lors de l'achat de la machine, et nous vous r\u00e9pondrons d\u00e8s que possible.<\/li> <li>Nous fournissons des conseils d'installation gratuits, de mise en service et de production d'essai. Nous nous assurons que la machine peut r\u00e9pondre aux exigences de production dans les d\u00e9lais pr\u00e9vus.<\/li> <li>Nous fournissons une formation technique gratuite, comprenant l'installation de l'\u00e9quipement, son fonctionnement, les pr\u00e9cautions et la maintenance. Parall\u00e8lement, une vid\u00e9o et des instructions d'utilisation seront envoy\u00e9es aux clients pour les aider \u00e0 mieux utiliser les machines.<\/li> <li>Service apr\u00e8s-vente parfait. Tous les produits achet\u00e9s dans notre entreprise sont garantis en bon \u00e9tat pendant un an. Si des probl\u00e8mes de qualit\u00e9 surviennent pendant la p\u00e9riode de garantie, notre entreprise assurera gratuitement leur r\u00e9paration.<\/li> <\/ol> <figure id=\"attachment_4521\" aria-describedby=\"caption-attachment-4521\" style=\"width: 734px\" class=\"wp-caption aligncenter\"><img decoding=\"async\" class=\"wp-image-4521 size-full\" src=\"https:\/\/recyclingequipinc.com\/wp-content\/uploads\/2021\/09\/customer-photo.jpg\" alt=\"Photo du client de Shuliy Machinery\" width=\"734\" height=\"603\" srcset=\"https:\/\/recyclingequipinc.com\/wp-content\/uploads\/2021\/09\/customer-photo.jpg 734w, https:\/\/recyclingequipinc.com\/wp-content\/uploads\/2021\/09\/customer-photo-300x246.jpg 300w, https:\/\/recyclingequipinc.com\/wp-content\/uploads\/2021\/09\/customer-photo-600x493.jpg 600w\" sizes=\"(max-width: 734px) 100vw, 734px\" \/><figcaption id=\"caption-attachment-4521\" class=\"wp-caption-text\">Photo du client de Shuliy Machinery<\/figcaption><\/figure> <h2><strong><b>Conclusion<\/b><\/strong><\/h2> <p>L'investissement dans l'activit\u00e9 de la machine \u00e0 pulpe de plateau d'\u0153ufs est tr\u00e8s rentable. D'une part, il y a un vaste march\u00e9 et une grande demande. Vous pouvez facilement vendre toutes sortes de plateaux en pulpe. De plus, le co\u00fbt de production est faible. Les mati\u00e8res premi\u00e8res pour la fabrication de la p\u00e2te sont divers d\u00e9chets de papier et leur prix est bas. Nous sommes un fournisseur professionnel de machines \u00e0 pulpe de plateau d'\u0153ufs et pouvons fournir aux clients des solutions satisfaisantes. De plus, nous avons notre propre usine, donc nos prix sont relativement favorables. Si vous avez des besoins, veuillez nous contacter d\u00e8s que possible.<\/p>","protected":false},"excerpt":{"rendered":"<p>La machine \u00e0 pulper les plateaux d'\u0153ufs peut transformer divers mat\u00e9riaux de papier usag\u00e9 en p\u00e2te, ce qui peut apporter de nombreux avantages aux investisseurs. C'est \u00e9galement un \u00e9quipement essentiel pour la fabrication de plateaux d'\u0153ufs. En plus de la fabrication de divers plateaux d'\u0153ufs, ces p\u00e2tes peuvent \u00e9galement \u00eatre utilis\u00e9es pour fabriquer des plateaux de pommes, des plateaux de tasses, des plateaux \u00e0 chaussures, des plateaux m\u00e9dicaux, etc. Compte tenu du r\u00f4le de la p\u00e2te, chaque ligne de production compl\u00e8te a besoin d'une machine \u00e0 pulper de haute qualit\u00e9 pour garantir la qualit\u00e9 du produit fini.<\/p>","protected":false},"featured_media":4484,"template":"","meta":{"site-sidebar-layout":"default","site-content-layout":"default","ast-site-content-layout":"default","site-content-style":"default","site-sidebar-style":"default","ast-global-header-display":"","ast-banner-title-visibility":"","ast-main-header-display":"","ast-hfb-above-header-display":"","ast-hfb-below-header-display":"","ast-hfb-mobile-header-display":"","site-post-title":"","ast-breadcrumbs-content":"","ast-featured-img":"","footer-sml-layout":"","ast-disable-related-posts":"","theme-transparent-header-meta":"default","adv-header-id-meta":"","stick-header-meta":"default","header-above-stick-meta":"","header-main-stick-meta":"","header-below-stick-meta":"","astra-migrate-meta-layouts":"set","ast-page-background-enabled":"default","ast-page-background-meta":{"desktop":{"background-color":"","background-image":"","background-repeat":"repeat","background-position":"center center","background-size":"auto","background-attachment":"scroll","background-type":"","background-media":"","overlay-type":"","overlay-color":"","overlay-opacity":"","overlay-gradient":""},"tablet":{"background-color":"","background-image":"","background-repeat":"repeat","background-position":"center center","background-size":"auto","background-attachment":"scroll","background-type":"","background-media":"","overlay-type":"","overlay-color":"","overlay-opacity":"","overlay-gradient":""},"mobile":{"background-color":"","background-image":"","background-repeat":"repeat","background-position":"center center","background-size":"auto","background-attachment":"scroll","background-type":"","background-media":"","overlay-type":"","overlay-color":"","overlay-opacity":"","overlay-gradient":""}},"ast-content-background-meta":{"desktop":{"background-color":"var(--ast-global-color-5)","background-image":"","background-repeat":"repeat","background-position":"center center","background-size":"auto","background-attachment":"scroll","background-type":"","background-media":"","overlay-type":"","overlay-color":"","overlay-opacity":"","overlay-gradient":""},"tablet":{"background-color":"var(--ast-global-color-5)","background-image":"","background-repeat":"repeat","background-position":"center center","background-size":"auto","background-attachment":"scroll","background-type":"","background-media":"","overlay-type":"","overlay-color":"","overlay-opacity":"","overlay-gradient":""},"mobile":{"background-color":"var(--ast-global-color-5)","background-image":"","background-repeat":"repeat","background-position":"center center","background-size":"auto","background-attachment":"scroll","background-type":"","background-media":"","overlay-type":"","overlay-color":"","overlay-opacity":"","overlay-gradient":""}}},"product_brand":[],"product_cat":[35],"product_tag":[],"class_list":{"0":"post-4411","1":"product","2":"type-product","3":"status-publish","4":"has-post-thumbnail","6":"product_cat-egg-tray-machine","7":"desktop-align-center","8":"tablet-align-center","9":"mobile-align-center","11":"first","12":"instock","13":"shipping-taxable","14":"product-type-simple"},"_links":{"self":[{"href":"https:\/\/recyclingequipinc.com\/fr\/wp-json\/wp\/v2\/product\/4411","targetHints":{"allow":["GET"]}}],"collection":[{"href":"https:\/\/recyclingequipinc.com\/fr\/wp-json\/wp\/v2\/product"}],"about":[{"href":"https:\/\/recyclingequipinc.com\/fr\/wp-json\/wp\/v2\/types\/product"}],"version-history":[{"count":0,"href":"https:\/\/recyclingequipinc.com\/fr\/wp-json\/wp\/v2\/product\/4411\/revisions"}],"wp:featuredmedia":[{"embeddable":true,"href":"https:\/\/recyclingequipinc.com\/fr\/wp-json\/wp\/v2\/media\/4484"}],"wp:attachment":[{"href":"https:\/\/recyclingequipinc.com\/fr\/wp-json\/wp\/v2\/media?parent=4411"}],"wp:term":[{"taxonomy":"product_brand","embeddable":true,"href":"https:\/\/recyclingequipinc.com\/fr\/wp-json\/wp\/v2\/product_brand?post=4411"},{"taxonomy":"product_cat","embeddable":true,"href":"https:\/\/recyclingequipinc.com\/fr\/wp-json\/wp\/v2\/product_cat?post=4411"},{"taxonomy":"product_tag","embeddable":true,"href":"https:\/\/recyclingequipinc.com\/fr\/wp-json\/wp\/v2\/product_tag?post=4411"}],"curies":[{"name":"wp","href":"https:\/\/api.w.org\/{rel}","templated":true}]}}