{"id":4406,"date":"2021-09-13T10:08:23","date_gmt":"2021-09-13T10:08:23","guid":{"rendered":"https:\/\/recyclingequipinc.com\/?post_type=product&#038;p=4406"},"modified":"2022-02-08T01:57:23","modified_gmt":"2022-02-08T01:57:23","slug":"machine-de-fabrication-de-boites-a-oeufs","status":"publish","type":"product","link":"https:\/\/recyclingequipinc.com\/fr\/product\/egg-carton-making-machine\/","title":{"rendered":"Machine de fabrication de bo\u00eetes \u00e0 \u0153ufs"},"content":{"rendered":"<p class=\"translation-block\">La machine de fabrication de bo\u00eetes \u00e0 \u0153ufs est con\u00e7ue et fabriqu\u00e9e pour produire diverses bo\u00eetes \u00e0 \u0153ufs en pulpe pour le transport longue distance des \u0153ufs. Elle peut recycler toutes sortes de bo\u00eetes en carton usag\u00e9es, de journaux usag\u00e9s et de livres usag\u00e9s et transformer ces mat\u00e9riaux en bo\u00eetes \u00e0 \u0153ufs de diff\u00e9rents styles. Avec la sensibilisation croissante \u00e0 la protection de l'environnement, les gens sont plus enclins \u00e0 choisir des machines relativement respectueuses de l'environnement. Et la principale mati\u00e8re premi\u00e8re de la machine de fabrication de bo\u00eetes \u00e0 \u0153ufs est le papier usag\u00e9, ce qui correspond au concept de protection de l'environnement des gens. De plus, la machine \u00e0 bo\u00eetes \u00e0 \u0153ufs a un large \u00e9ventail d'utilisations. Outre la fabrication de toutes sortes de bo\u00eetes \u00e0 \u0153ufs, elle peut \u00e9galement fabriquer divers <a href=\"https:\/\/recyclingequipinc.com\/fr\/produit\/machine-a-fabriquer-des-plateaux-de-pommes\/\">plateaux \u00e0 pommes<\/a>, plateaux \u00e0 vin, plateaux \u00e0 tasses, plateaux m\u00e9dicaux, plateaux \u00e0 caf\u00e9, plateaux \u00e0 semis.<\/p> <p>De plus, notre machine a \u00e9galement des performances stables et une grande efficacit\u00e9 de travail, ce qui peut vous apporter de nombreux avantages. N'h\u00e9sitez pas \u00e0 nous contacter pour plus d'informations.<\/p> <figure id=\"attachment_4514\" aria-describedby=\"caption-attachment-4514\" style=\"width: 600px\" class=\"wp-caption aligncenter\"><img fetchpriority=\"high\" decoding=\"async\" class=\"wp-image-4514 size-full\" src=\"https:\/\/recyclingequipinc.com\/wp-content\/uploads\/2021\/09\/egg-carton-maker.jpg\" alt=\"fabricant de bo\u00eetes \u00e0 \u0153ufs\" width=\"600\" height=\"397\" srcset=\"https:\/\/recyclingequipinc.com\/wp-content\/uploads\/2021\/09\/egg-carton-maker.jpg 600w, https:\/\/recyclingequipinc.com\/wp-content\/uploads\/2021\/09\/egg-carton-maker-300x199.jpg 300w\" sizes=\"(max-width: 600px) 100vw, 600px\" \/><figcaption id=\"caption-attachment-4514\" class=\"wp-caption-text\">fabricant de bo\u00eetes \u00e0 \u0153ufs<\/figcaption><\/figure> <h2><strong><b>Diff\u00e9rentes\u00a0<\/b><\/strong><strong><b>machines \u00e0 fabriquer des <\/b><\/strong><strong><b>bo\u00eetes \u00e0 \u0153ufs <\/b><\/strong><strong><b>\u00e0 <\/b><\/strong><strong><b>: filtrer et d\u00e9shydrater le moule inf\u00e9rieur du corps rotatif inf\u00e9rieur dans la cuve de la p\u00e2te, faire basculer les corps rotatifs sup\u00e9rieur et inf\u00e9rieur d'avant en arri\u00e8re, jusqu'\u00e0 ce que les moules sup\u00e9rieur et inf\u00e9rieur soient en place, puis les former par filtration sous vide.<\/b><\/strong><strong><b>vendre<\/b><\/strong><strong><b>\u00a0<\/b><\/strong><\/h2> <p>En tant que fournisseur professionnel de machines \u00e0 fabriquer des bo\u00eetes \u00e0 \u0153ufs, il existe diff\u00e9rents types de machines \u00e0 fabriquer des bo\u00eetes \u00e0 \u0153ufs disponibles. Par exemple, en fonction de la production de la machine, nous avons des grandes machines \u00e0 fabriquer des bo\u00eetes \u00e0 \u0153ufs et des petites machines \u00e0 fabriquer des bo\u00eetes \u00e0 \u0153ufs au choix. La petite machine convient aux petites entreprises ou aux maisons. Tandis que la grande machine convient \u00e0 la production \u00e0 grande \u00e9chelle et pr\u00e9sente les avantages d'une grande efficacit\u00e9 et d'une grande production. De plus, en fonction du degr\u00e9 d'automatisation, nous avons des machines \u00e0 fabriquer des bo\u00eetes \u00e0 \u0153ufs semi-automatiques et des machines \u00e0 fabriquer des bo\u00eetes \u00e0 \u0153ufs enti\u00e8rement automatiques. Leur partie principale est enti\u00e8rement automatique, mais le syst\u00e8me de s\u00e9chage est diff\u00e9rent. Le syst\u00e8me enti\u00e8rement automatique utilise le s\u00e9chage m\u00e9tallique, qui peut terminer automatiquement le processus de s\u00e9chage, ce qui permet de gagner beaucoup de temps et de co\u00fbts de main-d'\u0153uvre. Le syst\u00e8me de s\u00e9chage semi-automatique comprend le s\u00e9chage en four \u00e0 briques et le s\u00e9chage en chariot. Ses avantages sont un faible co\u00fbt. Vous pouvez choisir en fonction de vos besoins sp\u00e9cifiques.<\/p> <figure id=\"attachment_4518\" aria-describedby=\"caption-attachment-4518\" style=\"width: 750px\" class=\"wp-caption aligncenter\"><img decoding=\"async\" class=\"wp-image-4518 size-full\" src=\"https:\/\/recyclingequipinc.com\/wp-content\/uploads\/2021\/09\/egg-box-machine.jpg\" alt=\"machine \u00e0 bo\u00eetes \u00e0 \u0153ufs\" width=\"750\" height=\"750\" srcset=\"https:\/\/recyclingequipinc.com\/wp-content\/uploads\/2021\/09\/egg-box-machine.jpg 750w, https:\/\/recyclingequipinc.com\/wp-content\/uploads\/2021\/09\/egg-box-machine-100x100.jpg 100w, https:\/\/recyclingequipinc.com\/wp-content\/uploads\/2021\/09\/egg-box-machine-300x300.jpg 300w, https:\/\/recyclingequipinc.com\/wp-content\/uploads\/2021\/09\/egg-box-machine-150x150.jpg 150w, https:\/\/recyclingequipinc.com\/wp-content\/uploads\/2021\/09\/egg-box-machine-600x600.jpg 600w\" sizes=\"(max-width: 750px) 100vw, 750px\" \/><figcaption id=\"caption-attachment-4518\" class=\"wp-caption-text\">machine \u00e0 bo\u00eetes \u00e0 \u0153ufs<\/figcaption><\/figure> <h2><strong><b>Composants principaux de la <\/b><\/strong><strong><b>e<\/b><\/strong><strong><b>P <\/b><\/strong><strong><b>machine \u00e0 fabriquer des bo\u00eetes<\/b><\/strong><strong><b>\u00e0<\/b><\/strong><strong><b>\u00a0\u0153ufs<\/b><\/strong><strong><b>\u00a0<\/b><\/strong><strong><b>M<\/b><\/strong><strong><b>achine<\/b><\/strong><\/h2> <p>Une machine \u00e0 fabriquer des bo\u00eetes \u00e0 \u0153ufs compl\u00e8te comprend principalement des parties de pulpage, de formation, de vide et de pressage \u00e0 chaud.<\/p> <p class=\"translation-block\"><strong><b>Pi\u00e8ces de mise en p\u00e2te<\/b><\/strong><strong><b> :<\/b><\/strong> Cette partie comprend un pulpeur hydraulique, un tuyau de transport, un agitateur de bassin \u00e0 pulpe, etc. Gr\u00e2ce \u00e0 ce processus, divers papiers usag\u00e9s peuvent \u00eatre transform\u00e9s en pulpe.<\/p> <p class=\"translation-block\"><strong><b>Pi\u00e8ces de formage<\/b><\/strong><strong><b> : <\/b><\/strong>Cette partie est principalement compos\u00e9e d'une machine de moulage et d'un moule de formage, qui peut transformer la pulpe de papier en diff\u00e9rents types de bo\u00eetes \u00e0 \u0153ufs selon les besoins sp\u00e9cifiques.<\/p> <p class=\"translation-block\"><strong><b>Pi\u00e8ces de vide<\/b><\/strong><strong><b> : <\/b><\/strong>Cette partie est construite avec une pompe \u00e0 vide, un conteneur \u00e0 sous-pression de vide, etc. Le syst\u00e8me de vide peut aspirer la pulpe sur le moule de la machine de formage et absorber l'exc\u00e8s d'eau dans le r\u00e9servoir de s\u00e9paration vapeur-eau.<\/p> <p class=\"translation-block\"><strong><b>Pi\u00e8ces de pressage \u00e0 chaud et d'emballage<\/b><\/strong><strong><b> :<\/b><\/strong><\/p> <p>travail de<\/p> <h2><strong><b>Le processus de fabrication de bo\u00eetes \u00e0 \u0153ufs comprend principalement quatre parties : le pulpage, la formation, le s\u00e9chage et le pressage \u00e0 chaud. <\/b><\/strong><strong><b>abricant<\/b><\/strong><strong><b>Pulpage<\/b><\/strong><strong><b>\u00a0<\/b><\/strong><strong><b>M<\/b><\/strong><strong><b>achine<\/b><\/strong><\/h2> <p>Mettez les mati\u00e8res premi\u00e8res telles que divers papiers usag\u00e9s, des livres usag\u00e9s et des bo\u00eetes usag\u00e9es dans le pulpeur hydraulique. Ajoutez ensuite la quantit\u00e9 appropri\u00e9e d'eau et remuez pendant longtemps. De cette mani\u00e8re, une certaine consistance de pulpe peut \u00eatre obtenue. Ensuite, la p\u00e2te de papier uniforme est stock\u00e9e dans le bassin d'alimentation en pulpe en attente.<\/p> <ol> <li><b><\/b><strong><b>Formation<\/b><\/strong><strong><b>Une machine de moulage de pulpe est utilis\u00e9e pour cette t\u00e2che. Elle peut absorber la pulpe pr\u00e9par\u00e9e sur le moule de formation, ce qui permet de fabriquer une bo\u00eete \u00e0 \u0153ufs compl\u00e8te.<\/b><\/strong><\/li> <\/ol> <p>S\u00e9chage<\/p> <ol start=\"2\"> <li><strong><b> Il existe quatre m\u00e9thodes de s\u00e9chage. Vous pouvez choisir le s\u00e9chage naturel, le s\u00e9chage en four \u00e0 briques, le s\u00e9chage en chariot et le s\u00e9chage m\u00e9tallique.<\/b><\/strong><\/li> <\/ol> <p>S\u00e9chage naturel : La bo\u00eete \u00e0 \u0153ufs est s\u00e9ch\u00e9e directement par le soleil et le vent naturel.<\/p> <ol start=\"3\"> <li><strong><b> S\u00e9chage en four \u00e0 briques : Lors de la construction de tunnels de four \u00e0 briques, nous pouvons choisir le gaz naturel, le diesel, le charbon, et autres combustibles. <\/b><\/strong><\/li> <\/ol> <p>(3) S\u00e9chage en chariot : Pousser les plateaux \u00e0 \u0153ufs form\u00e9s \u00e0 un endroit avec un chariot pour un s\u00e9chage centralis\u00e9.<\/p> <ul> <li>(4) S\u00e9chage m\u00e9tallique : il s'agit d'une m\u00e9thode de s\u00e9chage enti\u00e8rement automatique.<\/li> <li>Pressage \u00e0 chaud<\/li> <\/ul> <p>(3) Trolley drying:\u00a0Push the formed egg trays to one place with a trolley for centralized drying.<\/p> <p>(4) Metal drying:\u00a0it is a fully automatic drying method.<\/p> <ol start=\"4\"> <li><strong><b> Hot pressing<\/b><\/strong><\/li> <\/ol> <p>Utilisez une machine de fa\u00e7onnage \u00e0 chaud pour fa\u00e7onner le carton d'\u0153ufs s\u00e9ch\u00e9, ce qui permet de rendre la surface du carton d'\u0153ufs plus propre et d'\u00e9conomiser de l'espace. Ensuite, emballez les plateaux \u00e0 \u0153ufs fa\u00e7onn\u00e9s pour une utilisation.<\/p> <figure id=\"attachment_4495\" aria-describedby=\"caption-attachment-4495\" style=\"width: 750px\" class=\"wp-caption aligncenter\"><img decoding=\"async\" class=\"wp-image-4495 size-full\" src=\"https:\/\/recyclingequipinc.com\/wp-content\/uploads\/2021\/09\/technological-process-.jpg\" alt=\"processus technologique-\" width=\"750\" height=\"457\" srcset=\"https:\/\/recyclingequipinc.com\/wp-content\/uploads\/2021\/09\/technological-process-.jpg 750w, https:\/\/recyclingequipinc.com\/wp-content\/uploads\/2021\/09\/technological-process--300x183.jpg 300w, https:\/\/recyclingequipinc.com\/wp-content\/uploads\/2021\/09\/technological-process--600x366.jpg 600w\" sizes=\"(max-width: 750px) 100vw, 750px\" \/><figcaption id=\"caption-attachment-4495\" class=\"wp-caption-text\">est n\u00e9cessaire. Il est compos\u00e9 d'un pulpeur et d'une vanne papillon. Bien s\u00fbr, d'autres agencements comprennent une pompe \u00e0 pulpe, un batteur de bassin de pulpe, une pompe \u00e0 eaux us\u00e9es, un tuyau de transport de pulpe. Mais cela varie l\u00e9g\u00e8rement en fonction de la productivit\u00e9. Ce processus consiste \u00e0 mettre le papier usag\u00e9 dans le pulpeur et \u00e0 ajouter de l'eau pour le broyer et obtenir la pulpe.<\/figcaption><\/figure> <h2><strong><b>Divers avantages de la machine \u00e0 bo\u00eetes \u00e0 \u0153ufs<\/b><\/strong><\/h2> <ol> <li>Les principaux composants des machines de fabrication de cartons d'\u0153ufs sont de marques bien connues, ce qui les rend hautement efficaces, \u00e9conomes en \u00e9nergie et durables.<\/li> <li>Les syst\u00e8mes de s\u00e9chage sont diversifi\u00e9s et les clients peuvent choisir la ligne de s\u00e9chage la plus adapt\u00e9e en fonction de la situation sp\u00e9cifique. De plus, le syst\u00e8me de combustion du syst\u00e8me de s\u00e9chage peut utiliser divers combustibles tels que le gaz naturel, <a href=\"https:\/\/en.wikipedia.org\/wiki\/Coal\" target=\"_blank\" rel=\"noopener\">le charbon<\/a>, p\u00e9trole, etc., qui peuvent \u00eatre s\u00e9lectionn\u00e9s en fonction des conditions locales du client.<\/li> <li>Cette ligne de production de machine \u00e0 plateaux d'\u0153ufs est \u00e9conome en \u00e9nergie, respectueuse de l'environnement, pratique et esth\u00e9tique. Tout au long du processus de production, il n'y a pas de rejet d'eaux us\u00e9es.<\/li> <li>Les mati\u00e8res premi\u00e8res des plateaux \u00e0 \u0153ufs sont les journaux, les magazines, les livres, les cartons, etc. Par cons\u00e9quent, les mati\u00e8res premi\u00e8res sont abondantes et leur prix est bas, ce qui permet de r\u00e9duire les co\u00fbts pour les clients et d'am\u00e9liorer l'efficacit\u00e9.<\/li> <\/ol> <h2><strong><b>Entretien de la machine \u00e0 fabriquer des bo\u00eetes \u00e0 \u0153ufs<\/b><\/strong><\/h2> <ol> <li>Pendant l'utilisation de l'\u00e9quipement, v\u00e9rifiez toujours si le syst\u00e8me d'alimentation en gaz est normal et si la ligne d'alimentation \u00e9lectrique est endommag\u00e9e ou chauff\u00e9e.<\/li> <li>En cas d'impact ou de bruit anormal pendant le fonctionnement de l'\u00e9quipement, vous devez l'arr\u00eater imm\u00e9diatement pour inspection afin de trouver la cause et l'\u00e9liminer.<\/li> <li>Les pi\u00e8ces pneumatiques doivent \u00eatre lubrifi\u00e9es et de l'huile doit \u00eatre ajout\u00e9e r\u00e9guli\u00e8rement \u00e0 la coupelle d'huile du triple.<\/li> <li>Pour les arr\u00eats de longue dur\u00e9e, coupez l'alimentation \u00e9lectrique de l'\u00e9quipement et graissez r\u00e9guli\u00e8rement et inspectez les pi\u00e8ces mobiles de l'\u00e9quipement pour vous assurer que l'\u00e9quipement fonctionne normalement pendant son utilisation.<\/li> <\/ol> <h2><strong><b>Comment choisir la bonne machine \u00e0 fabriquer des bo\u00eetes \u00e0 \u0153ufs ?<\/b><\/strong><\/h2> <ol> <li>D\u00e9terminez l'objectif de l'appareil. Si vous envisagez d'\u00e9tendre votre entreprise, vous aurez peut-\u00eatre besoin d'une machine \u00e0 fabriquer des bo\u00eetes d'\u0153ufs qui peut \u00e9galement produire d'autres types de plateaux en papier.<\/li> <li>Co\u00fbt. De nombreux fabricants ont leur propre site web. Ils utilisent ces sites web pour promouvoir leurs machines. Vous pouvez visiter diff\u00e9rents sites web et v\u00e9rifier les frais. Comparez les prix et les avantages des diff\u00e9rents fabricants.<\/li> <li>La qualit\u00e9 de la machine. Apr\u00e8s avoir compris les co\u00fbts du fabricant, l\u2019\u00e9tape suivante consiste \u00e0 d\u00e9terminer la qualit\u00e9 de ses machines. Les prix de certains fabricants peuvent \u00eatre particuli\u00e8rement bas, mais la qualit\u00e9 de leurs machines n'est g\u00e9n\u00e9ralement pas \u00e9lev\u00e9e. Vous pouvez comparer plusieurs fabricants et choisir celui le plus rentable.<\/li> <li>Exp\u00e9rience du fabricant. \u00c0 quel fabricant faut-il faire confiance ? Vous feriez mieux de choisir un fabricant exp\u00e9riment\u00e9 de fabrication de plateaux \u00e0 \u0153ufs. Parce qu\u2019ils disposent peut-\u00eatre de meilleures machines et de meilleurs services.<\/li> <\/ol> <h2><strong><b>Pourquoi nous choisir comme fabricant ?<\/b><\/strong><\/h2> <p class=\"translation-block\">Lorsque vous achetez une machine, vous devez pr\u00eater attention \u00e0 certaines informations importantes. Ces<a href=\"https:\/\/recyclingequipinc.com\/fr\/ce-que-vous-devez-savoir-sur-lachat-de-machines-a-fabriquer-des-plateaux-doeufs\/\"> informations vous aideront \u00e0 acheter des machines \u00e0 fabriquer des bo\u00eetes \u00e0 \u0153ufs de meilleure qualit\u00e9<\/a> et des fabricants de confiance. Voici les raisons pour lesquelles nos clients nous choisissent.<\/p> <p class=\"translation-block\"><strong><b>Riche exp\u00e9rience<\/b><\/strong>. Zhengzhou Shuliy Machinery Co., Ltd a plus de 20 ans d'histoire. Pendant ce temps, nous nous sommes engag\u00e9s \u00e0 produire des machines \u00e0 bo\u00eetes \u00e0 \u0153ufs de haute qualit\u00e9. Par cons\u00e9quent, nous avons accumul\u00e9 une richesse d'exp\u00e9rience et de technologie.<\/p> <figure id=\"attachment_4512\" aria-describedby=\"caption-attachment-4512\" style=\"width: 634px\" class=\"wp-caption aligncenter\"><img loading=\"lazy\" decoding=\"async\" class=\"wp-image-4512 size-full\" src=\"https:\/\/recyclingequipinc.com\/wp-content\/uploads\/2021\/09\/display.jpg\" alt=\"afficher\" width=\"634\" height=\"651\" srcset=\"https:\/\/recyclingequipinc.com\/wp-content\/uploads\/2021\/09\/display.jpg 634w, https:\/\/recyclingequipinc.com\/wp-content\/uploads\/2021\/09\/display-292x300.jpg 292w, https:\/\/recyclingequipinc.com\/wp-content\/uploads\/2021\/09\/display-600x616.jpg 600w\" sizes=\"(max-width: 634px) 100vw, 634px\" \/><figcaption id=\"caption-attachment-4512\" class=\"wp-caption-text\">afficher<\/figcaption><\/figure> <p class=\"translation-block\"><strong><b>Machine de haute qualit\u00e9<\/b><\/strong>. Nos machines ont pass\u00e9 des inspections de qualit\u00e9 strictes et sont enti\u00e8rement conformes aux normes internationales. Nos machines sont non seulement de haute qualit\u00e9, mais aussi stables en performance. Vous pouvez acheter en toute confiance.<\/p> <p class=\"translation-block\"><strong><b>Vaste march\u00e9<\/b><\/strong>. Nos <a href=\"https:\/\/recyclingequipinc.com\/fr\/avantages-des-plateaux-doeufs\/\">machines \u00e0 plateaux \u00e0 \u0153ufs<\/a> sont appr\u00e9ci\u00e9es par les clients en raison de leur haute qualit\u00e9 et de leurs prix avantageux. Actuellement, nos produits sont export\u00e9s dans plus de 50 pays et r\u00e9gions tels que les \u00c9tats-Unis, le Canada, la Cor\u00e9e du Sud et le Japon.<\/p> <p class=\"translation-block\"><strong><b>Service parfait<\/b><\/strong>. Nous fournissons des services de pr\u00e9-vente, de vente et d'apr\u00e8s-vente de haute qualit\u00e9. Peu importe les probl\u00e8mes que vous rencontrez, vous pouvez toujours nous contacter. Nous avons un personnel professionnel pour r\u00e9pondre \u00e0 vos questions. N'h\u00e9sitez pas \u00e0 nous contacter d\u00e8s que possible.<\/p>","protected":false},"excerpt":{"rendered":"<p>La machine de fabrication de bo\u00eetes \u00e0 \u0153ufs est un \u00e9quipement permettant de produire diverses bo\u00eetes \u00e0 \u0153ufs en pulpe pour le transport \u00e0 longue distance des \u0153ufs. Elle peut recycler toutes sortes de bo\u00eetes en papier, de journaux et de livres usag\u00e9s et fabriquer ces mat\u00e9riaux en bo\u00eetes \u00e0 \u0153ufs de diff\u00e9rents styles. Contactez-nous pour obtenir une liste de prix gratuite.<\/p>","protected":false},"featured_media":4472,"template":"","meta":{"site-sidebar-layout":"default","site-content-layout":"default","ast-site-content-layout":"default","site-content-style":"default","site-sidebar-style":"default","ast-global-header-display":"","ast-banner-title-visibility":"","ast-main-header-display":"","ast-hfb-above-header-display":"","ast-hfb-below-header-display":"","ast-hfb-mobile-header-display":"","site-post-title":"","ast-breadcrumbs-content":"","ast-featured-img":"","footer-sml-layout":"","ast-disable-related-posts":"","theme-transparent-header-meta":"default","adv-header-id-meta":"","stick-header-meta":"default","header-above-stick-meta":"","header-main-stick-meta":"","header-below-stick-meta":"","astra-migrate-meta-layouts":"default","ast-page-background-enabled":"default","ast-page-background-meta":{"desktop":{"background-color":"","background-image":"","background-repeat":"repeat","background-position":"center center","background-size":"auto","background-attachment":"scroll","background-type":"","background-media":"","overlay-type":"","overlay-color":"","overlay-opacity":"","overlay-gradient":""},"tablet":{"background-color":"","background-image":"","background-repeat":"repeat","background-position":"center center","background-size":"auto","background-attachment":"scroll","background-type":"","background-media":"","overlay-type":"","overlay-color":"","overlay-opacity":"","overlay-gradient":""},"mobile":{"background-color":"","background-image":"","background-repeat":"repeat","background-position":"center center","background-size":"auto","background-attachment":"scroll","background-type":"","background-media":"","overlay-type":"","overlay-color":"","overlay-opacity":"","overlay-gradient":""}},"ast-content-background-meta":{"desktop":{"background-color":"var(--ast-global-color-5)","background-image":"","background-repeat":"repeat","background-position":"center center","background-size":"auto","background-attachment":"scroll","background-type":"","background-media":"","overlay-type":"","overlay-color":"","overlay-opacity":"","overlay-gradient":""},"tablet":{"background-color":"var(--ast-global-color-5)","background-image":"","background-repeat":"repeat","background-position":"center center","background-size":"auto","background-attachment":"scroll","background-type":"","background-media":"","overlay-type":"","overlay-color":"","overlay-opacity":"","overlay-gradient":""},"mobile":{"background-color":"var(--ast-global-color-5)","background-image":"","background-repeat":"repeat","background-position":"center center","background-size":"auto","background-attachment":"scroll","background-type":"","background-media":"","overlay-type":"","overlay-color":"","overlay-opacity":"","overlay-gradient":""}}},"product_brand":[],"product_cat":[35],"product_tag":[73],"class_list":{"0":"post-4406","1":"product","2":"type-product","3":"status-publish","4":"has-post-thumbnail","6":"product_cat-egg-tray-machine","7":"product_tag-egg-carton-making-machine","8":"desktop-align-center","9":"tablet-align-center","10":"mobile-align-center","12":"first","13":"instock","14":"shipping-taxable","15":"product-type-simple"},"_links":{"self":[{"href":"https:\/\/recyclingequipinc.com\/fr\/wp-json\/wp\/v2\/product\/4406","targetHints":{"allow":["GET"]}}],"collection":[{"href":"https:\/\/recyclingequipinc.com\/fr\/wp-json\/wp\/v2\/product"}],"about":[{"href":"https:\/\/recyclingequipinc.com\/fr\/wp-json\/wp\/v2\/types\/product"}],"version-history":[{"count":0,"href":"https:\/\/recyclingequipinc.com\/fr\/wp-json\/wp\/v2\/product\/4406\/revisions"}],"wp:featuredmedia":[{"embeddable":true,"href":"https:\/\/recyclingequipinc.com\/fr\/wp-json\/wp\/v2\/media\/4472"}],"wp:attachment":[{"href":"https:\/\/recyclingequipinc.com\/fr\/wp-json\/wp\/v2\/media?parent=4406"}],"wp:term":[{"taxonomy":"product_brand","embeddable":true,"href":"https:\/\/recyclingequipinc.com\/fr\/wp-json\/wp\/v2\/product_brand?post=4406"},{"taxonomy":"product_cat","embeddable":true,"href":"https:\/\/recyclingequipinc.com\/fr\/wp-json\/wp\/v2\/product_cat?post=4406"},{"taxonomy":"product_tag","embeddable":true,"href":"https:\/\/recyclingequipinc.com\/fr\/wp-json\/wp\/v2\/product_tag?post=4406"}],"curies":[{"name":"wp","href":"https:\/\/api.w.org\/{rel}","templated":true}]}}