{"id":4403,"date":"2021-09-13T09:58:16","date_gmt":"2021-09-13T09:58:16","guid":{"rendered":"https:\/\/recyclingequipinc.com\/?post_type=product&#038;p=4403"},"modified":"2024-10-04T20:42:43","modified_gmt":"2024-10-04T12:42:43","slug":"machine-de-moulage-de-plateau-a-oeufs","status":"publish","type":"product","link":"https:\/\/recyclingequipinc.com\/fr\/product\/egg-tray-molding-machine\/","title":{"rendered":"Machine de moulage de plateaux d'\u0153ufs"},"content":{"rendered":"<p class=\"translation-block\"><strong><b>La machine \u00e0 mouler des plateaux \u00e0 \u0153ufs<\/b><\/strong> est la principale partie du processus de moulage lors de la fabrication du plateau \u00e0 \u0153ufs. Le syst\u00e8me de moulage des plateaux \u00e0 \u0153ufs est la partie centrale de la ligne de production des plateaux \u00e0 \u0153ufs, et la machine \u00e0 mouler la pulpe est la priorit\u00e9 absolue. Si l'ensemble de la ligne de production des plateaux \u00e0 \u0153ufs est consid\u00e9r\u00e9 comme un humain, la machine \u00e0 mouler la pulpe est le cerveau des humains. Par cons\u00e9quent, l'importance est \u00e9vidente. De plus, l'\u00e9quipement est g\u00e9n\u00e9ralement une machine \u00e0 mouler la pulpe rotative. Selon le diff\u00e9rent moule, nous pouvons fabriquer diff\u00e9rents plateaux, tels que des plateaux \u00e0 \u0153ufs, des <a href=\"https:\/\/recyclingequipinc.com\/fr\/produit\/machine-a-fabriquer-des-plateaux-de-pommes\/\">plateaux \u00e0 pommes<\/a>, des cartons \u00e0 \u0153ufs, des plateaux m\u00e9dicaux, etc. Ce qui est encore plus important, cette machine est une machine respectueuse de l'environnement, b\u00e9n\u00e9fique pour nos conditions de vie. Contactez-nous pour en savoir plus !<\/p> <figure id=\"attachment_4477\" aria-describedby=\"caption-attachment-4477\" style=\"width: 750px\" class=\"wp-caption aligncenter\"><img fetchpriority=\"high\" decoding=\"async\" class=\"wp-image-4477 size-full\" src=\"https:\/\/recyclingequipinc.com\/wp-content\/uploads\/2021\/09\/egg-carton-marker.jpg\" alt=\"marqueur de bo\u00eete \u00e0 \u0153ufs\" width=\"750\" height=\"750\" srcset=\"https:\/\/recyclingequipinc.com\/wp-content\/uploads\/2021\/09\/egg-carton-marker.jpg 750w, https:\/\/recyclingequipinc.com\/wp-content\/uploads\/2021\/09\/egg-carton-marker-100x100.jpg 100w, https:\/\/recyclingequipinc.com\/wp-content\/uploads\/2021\/09\/egg-carton-marker-300x300.jpg 300w, https:\/\/recyclingequipinc.com\/wp-content\/uploads\/2021\/09\/egg-carton-marker-150x150.jpg 150w, https:\/\/recyclingequipinc.com\/wp-content\/uploads\/2021\/09\/egg-carton-marker-600x600.jpg 600w\" sizes=\"(max-width: 750px) 100vw, 750px\" \/><figcaption id=\"caption-attachment-4477\" class=\"wp-caption-text\">marqueur de bo\u00eete \u00e0 \u0153ufs<\/figcaption><\/figure> <h2><strong><b>Usine de travail de la machine de moulage de plateaux d'\u0153ufs<\/b><\/strong><\/h2> <p>La machine de moulage de plateaux d'\u0153ufs est un \u00e9quipement \u00e0 haute efficacit\u00e9, \u00e0 faible consommation d'\u00e9nergie et d'une stabilit\u00e9 ultra-\u00e9lev\u00e9e. G\u00e9n\u00e9ralement, la machine de moulage, le syst\u00e8me de vide, le compresseur d'air + tuyau haute pression et la machine de nettoyage des moules composent le syst\u00e8me de formation. Nous les d\u00e9taillerons comme suit.<\/p> <figure id=\"attachment_4547\" aria-describedby=\"caption-attachment-4547\" style=\"width: 750px\" class=\"wp-caption aligncenter\"><img decoding=\"async\" class=\"wp-image-4547 size-full\" src=\"https:\/\/recyclingequipinc.com\/wp-content\/uploads\/2021\/09\/machien-components.jpg\" alt=\"composants de la machine\" width=\"750\" height=\"750\" srcset=\"https:\/\/recyclingequipinc.com\/wp-content\/uploads\/2021\/09\/machien-components.jpg 750w, https:\/\/recyclingequipinc.com\/wp-content\/uploads\/2021\/09\/machien-components-100x100.jpg 100w, https:\/\/recyclingequipinc.com\/wp-content\/uploads\/2021\/09\/machien-components-300x300.jpg 300w, https:\/\/recyclingequipinc.com\/wp-content\/uploads\/2021\/09\/machien-components-150x150.jpg 150w, https:\/\/recyclingequipinc.com\/wp-content\/uploads\/2021\/09\/machien-components-600x600.jpg 600w\" sizes=\"(max-width: 750px) 100vw, 750px\" \/><figcaption id=\"caption-attachment-4547\" class=\"wp-caption-text\">composants de la machine<\/figcaption><\/figure> <h3><strong><b>Machine de moulage de plateaux d'\u0153ufs<\/b><\/strong><\/h3> <p>Il est compos\u00e9 de moules de formation et de moules de transfert. Le nombre de moules de formation influencera la capacit\u00e9 de la machine. Il comprend \u00e9galement d'autres composants, tels que la vanne \u00e9lectromagn\u00e9tique, la vanne \u00e0 deux positions \u00e0 cinq voies, la vanne papillon, l'armoire de commande, la vanne \u00e0 globe, le tuyau en caoutchouc, le commutateur de proximit\u00e9. Ce sont des combinaisons courantes. Cependant, l'allocation diff\u00e9rera en fonction de la capacit\u00e9 de production.<\/p> <h3><strong><b>Syst\u00e8me de vide<\/b><\/strong><\/h3> <p>Le syst\u00e8me de vide est compos\u00e9 de la pompe \u00e0 vide et de la tuyauterie \u00e0 vide. Sa fonction est de fixer la p\u00e2te aux moules de formation et de retirer la plus grande partie de l'eau de la p\u00e2te. Le m\u00eame principe s'applique au syst\u00e8me de vide. Sa configuration change en fonction de la capacit\u00e9 de production.<\/p> <h3><strong><b>Compresseur d'air<\/b><\/strong><\/h3> <p>Le compresseur d'air fonctionne normalement pour la machine de moulage. Dans le processus de moulage, il s\u00e9pare principalement le moule form\u00e9 des moules de formation, permettant au moule form\u00e9 de passer au moule de transfert.<\/p> <h3><strong><b>Machine de nettoyage de moules<\/b><\/strong><\/h3> <p>Comme son nom l'indique, il est utilis\u00e9 pour nettoyer le moule. Parce que la p\u00e2te est un m\u00e9lange de papier usag\u00e9 et d'eau, lorsqu'on finit de mouler, il reste des salet\u00e9s. \u00c0 ce moment-l\u00e0, une machine de nettoyage des moules est n\u00e9cessaire pour le rendre propre et ordonn\u00e9 afin qu'il puisse \u00eatre r\u00e9utilis\u00e9.<\/p> <p>En r\u00e9sum\u00e9, le syst\u00e8me de vide, le compresseur d'air, la machine de nettoyage des moules servent tous \u00e0 la machine de moulage. Lorsque vous allez en acheter une, ces trois \u00e9l\u00e9ments sont n\u00e9cessaires.<\/p> <h2><strong><b>Diverses machines de moulage de plateaux d'\u0153ufs de <\/b><\/strong><strong><b>Shuliy Machinery<\/b><\/strong><\/h2> <p>Du point de vue du rendement, plusieurs types sont de 1000 pcs\/h, de 1500 \u00e0 2000 pcs\/h, de 3000 pcs\/h, de 5000 pcs\/h, de 6000 pcs\/h, de 8000 pcs\/h. En tant que pi\u00e8ces cl\u00e9s de l'\u00e9quipement de moulage, la forme, l'apparence et la taille du moule doivent \u00eatre pris en compte lors de la conception du moule, m\u00eame si le moule est souvent utilis\u00e9, leur texture doit \u00eatre durable. Il existe g\u00e9n\u00e9ralement deux types de moules, \u00e0 savoir les moules de formation et les moules de transfert. Nous vous fournirons les solutions les plus satisfaisantes en fonction des diff\u00e9rents besoins et vous aiderons \u00e0 construire une ligne de production de plateaux d'\u0153ufs compl\u00e8te. Notre machine de moulage peut non seulement produire des plateaux d'\u0153ufs, mais aussi des plateaux de fruits, des plateaux \u00e0 chaussures, des plateaux industriels, des plateaux m\u00e9dicaux, etc. Vous voulez en savoir plus? N'h\u00e9sitez pas \u00e0 nous appeler!<\/p> <figure id=\"attachment_4510\" aria-describedby=\"caption-attachment-4510\" style=\"width: 720px\" class=\"wp-caption aligncenter\"><img decoding=\"async\" class=\"wp-image-4510 size-full\" src=\"https:\/\/recyclingequipinc.com\/wp-content\/uploads\/2021\/09\/molding-machine.jpg\" alt=\"machine de moulage\" width=\"720\" height=\"540\" srcset=\"https:\/\/recyclingequipinc.com\/wp-content\/uploads\/2021\/09\/molding-machine.jpg 720w, https:\/\/recyclingequipinc.com\/wp-content\/uploads\/2021\/09\/molding-machine-300x225.jpg 300w, https:\/\/recyclingequipinc.com\/wp-content\/uploads\/2021\/09\/molding-machine-600x450.jpg 600w\" sizes=\"(max-width: 720px) 100vw, 720px\" \/><figcaption id=\"caption-attachment-4510\" class=\"wp-caption-text\">machine de moulage<\/figcaption><\/figure> <h2><strong><b>Avantages des machines de moulage de p\u00e2te en papier<\/b><\/strong><\/h2> <ol> <li>La machine principale adopte la technologie de division des engrenages de Taiwan pour atteindre une pr\u00e9cision de fonctionnement de l'\u00e9quipement sans erreur.<\/li> <li>La base de la machine principale est en acier en U de 16# \u00e9paissi, et l'arbre de transmission est usin\u00e9 avec pr\u00e9cision avec de l'acier rond de 45#.<\/li> <li>Le moteur de la machine enti\u00e8re adopte des marques bien connues nationales.<\/li> <li>Le coulisseau de positionnement de la machine principale est soud\u00e9 avec une plaque d'acier de 45# apr\u00e8s traitement thermique.<\/li> <li>Des marques bien connues nationales sont s\u00e9lectionn\u00e9es pour les pompes \u00e0 vide et les compresseurs d'air.<\/li> <li>Retour sur investissement \u00e9lev\u00e9 et rapide pour les investisseurs.<\/li> <li>Il est \u00e9quip\u00e9 d'un panneau de contr\u00f4le convivial avec un syst\u00e8me de service \u00e0 faible maintenance.<\/li> <li>Nous soutenons les services de personnalisation.<\/li> <\/ol> <h2><strong><b>Produits finaux de la ligne de production de moulage de p\u00e2te<\/b><\/strong><\/h2> <p class=\"translation-block\">Les produits finaux de la machine \u00e0 mouler la pulpe ne sont pas seulement des plateaux \u00e0 \u0153ufs, mais aussi des bo\u00eetes \u00e0 \u0153ufs, des plateaux \u00e0 fruits, des plateaux \u00e0 vin, des plateaux m\u00e9dicaux, des plateaux \u00e0 chaussures, des plateaux \u00e0 semis, des plateaux industriels, des plateaux \u00e9lectriques, des plateaux \u00e0 tasses, etc. En fait, les mati\u00e8res premi\u00e8res pour les machines \u00e0 mouler proviennent de sources vari\u00e9es. Par exemple, du papier usag\u00e9, des bo\u00eetes usag\u00e9es, des journaux usag\u00e9s, des magazines usag\u00e9s, etc. C'est bon march\u00e9 et tr\u00e8s facile \u00e0 obtenir. Pour les investisseurs, c'est un faible co\u00fbt. \u00c9videmment, la ligne de production de moulage de pulpe est un excellent investissement. De plus, la machine \u00e0 mouler la pulpe fabrique des plateaux en papier moul\u00e9s, qui sont <a href=\"https:\/\/en.wikipedia.org\/wiki\/Biodegradation\" target=\"_blank\" rel=\"noopener\">biod\u00e9gradables<\/a>. Avec l'interdiction du plastique dans de nombreux pays, les plateaux en papier deviennent populaires. En outre, la ligne de production de moulage de pulpe est sans pollution.<\/p> <figure id=\"attachment_4507\" aria-describedby=\"caption-attachment-4507\" style=\"width: 1024px\" class=\"wp-caption aligncenter\"><img loading=\"lazy\" decoding=\"async\" class=\"wp-image-4507 size-large\" src=\"https:\/\/recyclingequipinc.com\/wp-content\/uploads\/2021\/09\/end-products-1024x512.jpg\" alt=\"l&#039;entreprise Shuliy\" width=\"1024\" height=\"512\" srcset=\"https:\/\/recyclingequipinc.com\/wp-content\/uploads\/2021\/09\/end-products-1024x512.jpg 1024w, https:\/\/recyclingequipinc.com\/wp-content\/uploads\/2021\/09\/end-products-750x375.jpg 750w, https:\/\/recyclingequipinc.com\/wp-content\/uploads\/2021\/09\/end-products-300x150.jpg 300w, https:\/\/recyclingequipinc.com\/wp-content\/uploads\/2021\/09\/end-products-768x384.jpg 768w, https:\/\/recyclingequipinc.com\/wp-content\/uploads\/2021\/09\/end-products-1536x768.jpg 1536w, https:\/\/recyclingequipinc.com\/wp-content\/uploads\/2021\/09\/end-products-600x300.jpg 600w, https:\/\/recyclingequipinc.com\/wp-content\/uploads\/2021\/09\/end-products.jpg 1800w\" sizes=\"(max-width: 1024px) 100vw, 1024px\" \/><figcaption id=\"caption-attachment-4507\" class=\"wp-caption-text\">l'entreprise Shuliy<\/figcaption><\/figure> <h2><strong><b>Laissez vos informations<\/b><\/strong><\/h2> <p class=\"translation-block\">En tant que fabricant et fournisseur fiable de machines \u00e0 mouler en papier, nous fournissons des machines de moulage de haute qualit\u00e9, \u00e0 prix raisonnable, avec une longue dur\u00e9e de vie. Le prix de la machine \u00e0 mouler la pulpe varie en fonction de la capacit\u00e9 de production et de la configuration. Nous \u00e9quipons la machine \u00e0 mouler de marques bien connues. Dans une certaine mesure, une configuration \u00e9lev\u00e9e entra\u00eene un prix plus \u00e9lev\u00e9. Mais tout cela en vaut la peine. Si vous \u00eates pr\u00eat pour la machine \u00e0 fabriquer des plateaux en papier, dites-nous quelle capacit\u00e9 de production vous souhaitez. Nous offrons des solutions parfaites avec des services attentionn\u00e9s. Bien s\u00fbr, le service apr\u00e8s-vente est inclus. Faites-nous confiance, cette machine offre un excellent retour sur investissement (ROI). Voulez-vous savoir comment choisir la meilleure machine \u00e0 mouler des plateaux \u00e0 \u0153ufs, veuillez cliquer sur ce <a href=\"https:\/\/recyclingequipinc.com\/fr\/ce-que-vous-devez-savoir-sur-lachat-de-machines-a-fabriquer-des-plateaux-doeufs\/\">guide d'achat de machines \u00e0 fabriquer des plateaux \u00e0 \u0153ufs<\/a>. Si vous avez des doutes, veuillez nous contacter imm\u00e9diatement, nous vous r\u00e9pondrons tr\u00e8s bient\u00f4t.<\/p>","protected":false},"excerpt":{"rendered":"<p class=\"translation-block\"><strong><b>La machine \u00e0 mouler des plateaux \u00e0 \u0153ufs<\/b><\/strong> est la principale partie du processus de moulage lors de la fabrication du plateau \u00e0 \u0153ufs. Le syst\u00e8me de moulage des plateaux \u00e0 \u0153ufs est la partie centrale de la ligne de production des plateaux \u00e0 \u0153ufs, et la machine \u00e0 mouler la pulpe est la priorit\u00e9 absolue. Envoyez-nous un e-mail ou appelez-nous pour un devis d\u00e9taill\u00e9.<\/p>","protected":false},"featured_media":4463,"template":"","meta":{"site-sidebar-layout":"default","site-content-layout":"default","ast-site-content-layout":"default","site-content-style":"default","site-sidebar-style":"default","ast-global-header-display":"","ast-banner-title-visibility":"","ast-main-header-display":"","ast-hfb-above-header-display":"","ast-hfb-below-header-display":"","ast-hfb-mobile-header-display":"","site-post-title":"","ast-breadcrumbs-content":"","ast-featured-img":"","footer-sml-layout":"","ast-disable-related-posts":"","theme-transparent-header-meta":"default","adv-header-id-meta":"","stick-header-meta":"default","header-above-stick-meta":"","header-main-stick-meta":"","header-below-stick-meta":"","astra-migrate-meta-layouts":"default","ast-page-background-enabled":"default","ast-page-background-meta":{"desktop":{"background-color":"","background-image":"","background-repeat":"repeat","background-position":"center center","background-size":"auto","background-attachment":"scroll","background-type":"","background-media":"","overlay-type":"","overlay-color":"","overlay-opacity":"","overlay-gradient":""},"tablet":{"background-color":"","background-image":"","background-repeat":"repeat","background-position":"center center","background-size":"auto","background-attachment":"scroll","background-type":"","background-media":"","overlay-type":"","overlay-color":"","overlay-opacity":"","overlay-gradient":""},"mobile":{"background-color":"","background-image":"","background-repeat":"repeat","background-position":"center center","background-size":"auto","background-attachment":"scroll","background-type":"","background-media":"","overlay-type":"","overlay-color":"","overlay-opacity":"","overlay-gradient":""}},"ast-content-background-meta":{"desktop":{"background-color":"var(--ast-global-color-5)","background-image":"","background-repeat":"repeat","background-position":"center center","background-size":"auto","background-attachment":"scroll","background-type":"","background-media":"","overlay-type":"","overlay-color":"","overlay-opacity":"","overlay-gradient":""},"tablet":{"background-color":"var(--ast-global-color-5)","background-image":"","background-repeat":"repeat","background-position":"center center","background-size":"auto","background-attachment":"scroll","background-type":"","background-media":"","overlay-type":"","overlay-color":"","overlay-opacity":"","overlay-gradient":""},"mobile":{"background-color":"var(--ast-global-color-5)","background-image":"","background-repeat":"repeat","background-position":"center center","background-size":"auto","background-attachment":"scroll","background-type":"","background-media":"","overlay-type":"","overlay-color":"","overlay-opacity":"","overlay-gradient":""}}},"product_brand":[],"product_cat":[35],"product_tag":[73],"class_list":{"0":"post-4403","1":"product","2":"type-product","3":"status-publish","4":"has-post-thumbnail","6":"product_cat-egg-tray-machine","7":"product_tag-egg-carton-making-machine","8":"desktop-align-center","9":"tablet-align-center","10":"mobile-align-center","12":"first","13":"instock","14":"shipping-taxable","15":"product-type-simple"},"_links":{"self":[{"href":"https:\/\/recyclingequipinc.com\/fr\/wp-json\/wp\/v2\/product\/4403","targetHints":{"allow":["GET"]}}],"collection":[{"href":"https:\/\/recyclingequipinc.com\/fr\/wp-json\/wp\/v2\/product"}],"about":[{"href":"https:\/\/recyclingequipinc.com\/fr\/wp-json\/wp\/v2\/types\/product"}],"version-history":[{"count":0,"href":"https:\/\/recyclingequipinc.com\/fr\/wp-json\/wp\/v2\/product\/4403\/revisions"}],"wp:featuredmedia":[{"embeddable":true,"href":"https:\/\/recyclingequipinc.com\/fr\/wp-json\/wp\/v2\/media\/4463"}],"wp:attachment":[{"href":"https:\/\/recyclingequipinc.com\/fr\/wp-json\/wp\/v2\/media?parent=4403"}],"wp:term":[{"taxonomy":"product_brand","embeddable":true,"href":"https:\/\/recyclingequipinc.com\/fr\/wp-json\/wp\/v2\/product_brand?post=4403"},{"taxonomy":"product_cat","embeddable":true,"href":"https:\/\/recyclingequipinc.com\/fr\/wp-json\/wp\/v2\/product_cat?post=4403"},{"taxonomy":"product_tag","embeddable":true,"href":"https:\/\/recyclingequipinc.com\/fr\/wp-json\/wp\/v2\/product_tag?post=4403"}],"curies":[{"name":"wp","href":"https:\/\/api.w.org\/{rel}","templated":true}]}}