{"id":4400,"date":"2021-09-13T09:54:32","date_gmt":"2021-09-13T09:54:32","guid":{"rendered":"https:\/\/recyclingequipinc.com\/?post_type=product&#038;p=4400"},"modified":"2025-11-10T16:19:23","modified_gmt":"2025-11-10T08:19:23","slug":"machine-a-fabriquer-des-plateaux-doeufs","status":"publish","type":"product","link":"https:\/\/recyclingequipinc.com\/fr\/product\/egg-tray-making-machine\/","title":{"rendered":"Machine de fabrication de plateaux d'\u0153ufs"},"content":{"rendered":"<p class=\"translation-block\"><strong><b>Machine de fabrication de plateaux \u00e0 \u0153ufs<\/b><\/strong> est une machine \u00e9cologique, qui peut transformer les d\u00e9chets en tr\u00e9sor. C\u2019est \u00e0 cause de ses mati\u00e8res premi\u00e8res. Les mati\u00e8res premi\u00e8res proviennent principalement de divers panneaux de p\u00e2te comme les cartons de papier usag\u00e9, le papier de bo\u00eete en papier usag\u00e9, le papier blanc usag\u00e9, la p\u00e2te de roseau, la p\u00e2te de paille, la boue, la p\u00e2te de bambou et la p\u00e2te de bois, ainsi que les d\u00e9chets de p\u00e2te de fin de production de papier, etc. Les mati\u00e8res premi\u00e8res sont particuli\u00e8rement faciles \u00e0 collecter, et un grand nombre de mati\u00e8res premi\u00e8res sont produites chaque jour. Avec le d\u00e9veloppement de la soci\u00e9t\u00e9, les r\u00e9gions et les pays du monde entier accordent plus d\u2019attention \u00e0 l\u2019environnement. C\u2019est une tendance de progr\u00e8s social. C\u2019est pourquoi la machine \u00e0 plateaux \u00e0 \u0153ufs est bien accueillie. Donc, voulez-vous cette machine \u00e0 fabriquer des plateaux en papier ? Contactez-nous maintenant !<\/p> <figure id=\"attachment_4498\" aria-describedby=\"caption-attachment-4498\" style=\"width: 750px\" class=\"wp-caption aligncenter\"><img fetchpriority=\"high\" decoding=\"async\" class=\"wp-image-4498 size-full\" src=\"https:\/\/recyclingequipinc.com\/wp-content\/uploads\/2021\/09\/egg-tray-marker.jpg\" alt=\"fabricant de plateaux d&#039;\u0153ufs\" width=\"750\" height=\"732\" srcset=\"https:\/\/recyclingequipinc.com\/wp-content\/uploads\/2021\/09\/egg-tray-marker.jpg 750w, https:\/\/recyclingequipinc.com\/wp-content\/uploads\/2021\/09\/egg-tray-marker-300x293.jpg 300w, https:\/\/recyclingequipinc.com\/wp-content\/uploads\/2021\/09\/egg-tray-marker-600x586.jpg 600w\" sizes=\"(max-width: 750px) 100vw, 750px\" \/><figcaption id=\"caption-attachment-4498\" class=\"wp-caption-text\">fabricant de plateaux d'\u0153ufs<\/figcaption><\/figure> <h2><strong><b>Fabricant de plateaux d'\u0153ufs en papier exceptionnel \u00e0 vendre<\/b><\/strong><\/h2> <p>Dans Zhengzhou Shuliy Machinery Co., Ltd, nous divisons g\u00e9n\u00e9ralement la machine \u00e0 plateaux d'\u0153ufs \u00e0 vendre en fonction des m\u00e9thodes de s\u00e9chage. Normalement, il y a deux types : enti\u00e8rement automatique et semi-automatique. Enti\u00e8rement automatique fait r\u00e9f\u00e9rence \u00e0 la m\u00e9thode de s\u00e9chage de la ligne de s\u00e9chage de plateaux d'\u0153ufs en m\u00e9tal avec plusieurs couches. Le semi-automatique fait r\u00e9f\u00e9rence \u00e0 la m\u00e9thode de s\u00e9chage en plein air et \u00e0 la ligne de s\u00e9chage de plateaux d'\u0153ufs en brique. Cependant, la ligne de s\u00e9chage de plateaux d'\u0153ufs en brique doit \u00eatre construite par les clients eux-m\u00eames. En fonction de la productivit\u00e9, nous la classons en 1000 pcs\/h, 1500-2000 pcs\/h, 3000 pcs\/h, 4000 pcs\/h, 5000 pcs\/h, 6000-7000 pcs\/h. En g\u00e9n\u00e9ral, nous utilisons deux chiffres pour d\u00e9crire. Par exemple, nous utilisons 3*1 pour exprimer la productivit\u00e9 de 1000 pcs\/h (3 repr\u00e9sente trois pi\u00e8ces \u00e0 la fois, 1 repr\u00e9sente un seul moule de formation). Veuillez nous contacter pour plus de d\u00e9tails !<\/p> <figure id=\"attachment_4496\" aria-describedby=\"caption-attachment-4496\" style=\"width: 750px\" class=\"wp-caption aligncenter\"><img decoding=\"async\" class=\"wp-image-4496 size-full\" title=\"machine \u00e0 fabriquer des plateaux d&#039;\u0153ufs\" src=\"https:\/\/recyclingequipinc.com\/wp-content\/uploads\/2021\/09\/egg-tray-making-machine-1.jpg\" alt=\"machine \u00e0 fabriquer des plateaux d&#039;\u0153ufs\" width=\"750\" height=\"750\" srcset=\"https:\/\/recyclingequipinc.com\/wp-content\/uploads\/2021\/09\/egg-tray-making-machine-1.jpg 750w, https:\/\/recyclingequipinc.com\/wp-content\/uploads\/2021\/09\/egg-tray-making-machine-1-100x100.jpg 100w, https:\/\/recyclingequipinc.com\/wp-content\/uploads\/2021\/09\/egg-tray-making-machine-1-300x300.jpg 300w, https:\/\/recyclingequipinc.com\/wp-content\/uploads\/2021\/09\/egg-tray-making-machine-1-150x150.jpg 150w, https:\/\/recyclingequipinc.com\/wp-content\/uploads\/2021\/09\/egg-tray-making-machine-1-600x600.jpg 600w\" sizes=\"(max-width: 750px) 100vw, 750px\" \/><figcaption id=\"caption-attachment-4496\" class=\"wp-caption-text\">machine \u00e0 fabriquer des plateaux d'\u0153ufs<\/figcaption><\/figure> <h2><strong><b>Diverses applications de la machine de fabrication de plateaux en papier<\/b><\/strong><\/h2> <p class=\"translation-block\">Nous recyclons les mat\u00e9riaux d\u00e9chets afin de produire des articles utilis\u00e9s dans la vie. La machine \u00e0 fabriquer des plateaux en papier est une telle machine. Les produits finis de la machine de fabrication de plateaux \u00e0 \u0153ufs sont des plateaux \u00e0 \u0153ufs. De plus, les produits finaux peuvent \u00e9galement \u00eatre des bo\u00eetes \u00e0 \u0153ufs, <a href=\"https:\/\/recyclingequipinc.com\/fr\/avantages-des-plateaux-doeufs\/\">cartons \u00e0 \u0153ufs<\/a>, des plateaux \u00e0 \u0153ufs de caille, <a href=\"https:\/\/recyclingequipinc.com\/fr\/produit\/machine-a-fabriquer-des-plateaux-de-pommes\/\">plateaux \u00e0 pommes<\/a>, des plateaux \u00e0 fruits, <a href=\"https:\/\/recyclingequipinc.com\/fr\/produit\/machine-de-fabrication-de-plateau-a-chaussures\/\">plateaux \u00e0 chaussures<\/a>, des plateaux \u00e9lectriques, des plateaux \u00e0 caf\u00e9, des mod\u00e8les en papier, des plateaux \u00e0 semis, des plateaux \u00e0 vin, des plateaux m\u00e9dicaux, etc. Ce \u00e0 quoi il faut faire attention, c\u2019est que c\u2019est une machine \u00e0 fabriquer des plateaux en papier, pas une machine \u00e0 fabriquer des plateaux en plastique. De plus, il existe de nombreuses mati\u00e8res premi\u00e8res qui peuvent \u00eatre utilis\u00e9es pour fabriquer des porte-\u0153ufs. Les mati\u00e8res premi\u00e8res comprennent le papier usag\u00e9, le journal usag\u00e9, le magazine usag\u00e9, le papier ondul\u00e9 et d'autres. C'est le charme des machines \u00e9cologiques. La machine \u00e0 fabriquer des plateaux \u00e0 \u0153ufs est en mesure de remplir cette obligation. Voulez-vous \u00eatre notre partenaire ? Contactez-nous tr\u00e8s bient\u00f4t !<\/p> <figure id=\"attachment_4492\" aria-describedby=\"caption-attachment-4492\" style=\"width: 750px\" class=\"wp-caption aligncenter\"><img decoding=\"async\" class=\"wp-image-4492 size-full\" src=\"https:\/\/recyclingequipinc.com\/wp-content\/uploads\/2021\/09\/finished-products.jpg\" alt=\"produits finis de la machine \u00e0 fabriquer des plateaux d&#039;\u0153ufs\" width=\"750\" height=\"354\" srcset=\"https:\/\/recyclingequipinc.com\/wp-content\/uploads\/2021\/09\/finished-products.jpg 750w, https:\/\/recyclingequipinc.com\/wp-content\/uploads\/2021\/09\/finished-products-300x142.jpg 300w, https:\/\/recyclingequipinc.com\/wp-content\/uploads\/2021\/09\/finished-products-600x283.jpg 600w\" sizes=\"(max-width: 750px) 100vw, 750px\" \/><figcaption id=\"caption-attachment-4492\" class=\"wp-caption-text\">produits finis de la machine \u00e0 fabriquer des plateaux d'\u0153ufs<\/figcaption><\/figure> <h2><strong><b>Quel est le processus technologique de la machine \u00e0 plateaux d'\u0153ufs ?<\/b><\/strong><strong><b>Le processus de production de plateaux d'\u0153ufs est d\u00e9crit comme suit : papier usag\u00e9 \u2192 pulpage \u2192 m\u00e9lange de pulpe \u2192 tamisage \u2192 alimentation en pulpe \u2192 fa\u00e7onnage \u2192 s\u00e9chage \u2192 contr\u00f4le \u2192 emballage. Le processus global peut \u00eatre r\u00e9sum\u00e9 en plusieurs \u00e9tapes : le syst\u00e8me de pulpage, le syst\u00e8me de formation, le syst\u00e8me de s\u00e9chage et le syst\u00e8me de remodelage et d'emballage des plateaux d'\u0153ufs.<\/b><\/strong><strong><b>processus technologique<\/b><\/strong><\/h2> <p>Le pulpage est la premi\u00e8re \u00e9tape de la production de plateaux d'\u0153ufs. \u00c0 cette \u00e9tape, un<\/p> <figure id=\"attachment_4495\" aria-describedby=\"caption-attachment-4495\" style=\"width: 750px\" class=\"wp-caption aligncenter\"><img loading=\"lazy\" decoding=\"async\" class=\"wp-image-4495 size-full\" src=\"https:\/\/recyclingequipinc.com\/wp-content\/uploads\/2021\/09\/technological-process-.jpg\" alt=\"processus technologique du fabricant de plateaux d&#039;\u0153ufs\" width=\"750\" height=\"457\" srcset=\"https:\/\/recyclingequipinc.com\/wp-content\/uploads\/2021\/09\/technological-process-.jpg 750w, https:\/\/recyclingequipinc.com\/wp-content\/uploads\/2021\/09\/technological-process--300x183.jpg 300w, https:\/\/recyclingequipinc.com\/wp-content\/uploads\/2021\/09\/technological-process--600x366.jpg 600w\" sizes=\"(max-width: 750px) 100vw, 750px\" \/><figcaption id=\"caption-attachment-4495\" class=\"wp-caption-text\">processus technologique du fabricant de plateaux d'\u0153ufs<\/figcaption><\/figure> <p>&nbsp;<\/p> <h2><strong><b>Syst\u00e8me de pulpage<\/b><\/strong><\/h2> <p class=\"translation-block\">Le pulpage est la premi\u00e8re \u00e9tape pour produire des plateaux \u00e0 \u0153ufs. Dans cette \u00e9tape, une <a href=\"https:\/\/recyclingequipinc.com\/fr\/produit\/machine-demballage-de-farine-de-poisson\/\">machine de pulpage de plateaux \u00e0 \u0153ufs<\/a> est n\u00e9cessaire. Elle se compose d'un pulpeur et d'une vanne papillon. Bien s\u00fbr, d'autres configurations incluent la pompe \u00e0 p\u00e2te, le batteur de bassin de p\u00e2te, la pompe \u00e0 eaux us\u00e9es, le tuyau de transport de p\u00e2te. Mais cela a l\u00e9g\u00e8rement chang\u00e9 en fonction de la productivit\u00e9 diff\u00e9rente. Ce processus consiste \u00e0 mettre le papier usag\u00e9 dans le pulpeur et \u00e0 ajouter de l'eau afin de le broyer et d'obtenir la p\u00e2te.<\/p> <p>syst\u00e8me, compresseur d'air et tuyau haute pression, et machines de nettoyage du moulage sont couramment utilis\u00e9s. Par le biais du tuyau de transport de pulpe, la pulpe arrive dans le r\u00e9servoir d'alimentation de la machine de moulage. Ensuite, avec l'aide du syst\u00e8me de vide, la pulpe est absorb\u00e9e dans le moule de formation. Pendant ce temps, l'eau blanche est aspir\u00e9e et renvoy\u00e9e dans le bassin. Ensuite, le moule form\u00e9 est souffl\u00e9 vers le moule de transfert par le compresseur d'air. Enfin, le moule est envoy\u00e9 par le moule de transfert. Il est important de noter qu'une machine de fabrication de plateaux d'\u0153ufs n'a qu'un seul moule de moulage.<\/p> <h2><strong><b>Syst\u00e8me de formation<\/b><\/strong><\/h2> <p class=\"translation-block\">La machine de moulage, le syst\u00e8me de <a href=\"https:\/\/en.wikipedia.org\/wiki\/Vacuum\" target=\"_blank\" rel=\"noopener\">vide<\/a>, le compresseur d'air et les machines de nettoyage de moulage sont couramment utilis\u00e9s. Gr\u00e2ce au tuyau de transport de p\u00e2te, la p\u00e2te arrive au r\u00e9servoir d'alimentation de la machine de moulage. Ensuite, avec l'assistance du syst\u00e8me de vide, la p\u00e2te est absorb\u00e9e dans le moule de formation. Pendant ce temps, l'eau blanche est aspir\u00e9e et transport\u00e9e de nouveau dans le bassin. Ensuite, le moule form\u00e9 est souffl\u00e9 vers le moule de transfert par le compresseur d'air. Enfin, le moule est envoy\u00e9 par le moule de transfert. Ce qui doit \u00eatre soulign\u00e9, c'est qu'une machine \u00e0 fabriquer des plateaux \u00e0 \u0153ufs a seulement un moule de formation.<\/p> <h2><strong><b>Syst\u00e8me de s\u00e9chage<\/b><\/strong><\/h2> <p>Le s\u00e9choir \u00e0 plateaux d'\u0153ufs en brique est adapt\u00e9 \u00e0 2500 pi\u00e8ces et plus ; c'est une production \u00e0 moyenne \u00e9chelle. Moins de travailleurs sont n\u00e9cessaires malgr\u00e9 le four en brique \u00e0 construire \u00e0 leurs propres frais.<\/p> <ul> <li>Le syst\u00e8me de s\u00e9chage en m\u00e9tal pour plateaux d'\u0153ufs est utilis\u00e9 pour les clients disposant d'un espace limit\u00e9. Il est g\u00e9n\u00e9ralement compos\u00e9 d'une seule couche ou de plusieurs couches. Presque aucun travailleur n'est n\u00e9cessaire, car il est enti\u00e8rement automatis\u00e9.<\/li> <li>Le remodelage n\u00e9cessite une machine \u00e0 chaud. L'objectif est d'\u00e9conomiser de l'espace et des co\u00fbts. De plus, il rend l'apparence lisse. G\u00e9n\u00e9ralement, le plateau d'\u0153ufs n'a pas besoin d'un processus de remodelage, sauf s'il s'agit du carton d'\u0153ufs. Enfin, nous utilisons une machine \u00e0 emballer les plateaux d'\u0153ufs pour emballer le plateau d'\u0153ufs, ce qui facilite la livraison.<\/li> <li>Et vous pouvez \u00e9galement choisir un collecteur automatique, collectant automatiquement le plateau d'\u0153ufs apr\u00e8s le s\u00e9chage.<\/li> <\/ul> <h2><strong><b>Syst\u00e8me de remodelage et d'emballage des plateaux d'\u0153ufs<\/b><\/strong><\/h2> <p>Nous pouvons fournir des dessins de trois bassins et produire des produits personnalis\u00e9s selon vos besoins r\u00e9els.<\/p> <p>affichage de l'avancement<\/p> <p>Comment<\/p> <figure id=\"attachment_4502\" aria-describedby=\"caption-attachment-4502\" style=\"width: 1024px\" class=\"wp-caption aligncenter\"><img loading=\"lazy\" decoding=\"async\" class=\"wp-image-4502 size-large\" src=\"https:\/\/recyclingequipinc.com\/wp-content\/uploads\/2021\/09\/progress-display-1024x471.jpg\" alt=\"affichage complet de la progression de la production de plateaux d&#039;\u0153ufs\" width=\"1024\" height=\"471\" srcset=\"https:\/\/recyclingequipinc.com\/wp-content\/uploads\/2021\/09\/progress-display-1024x471.jpg 1024w, https:\/\/recyclingequipinc.com\/wp-content\/uploads\/2021\/09\/progress-display-750x345.jpg 750w, https:\/\/recyclingequipinc.com\/wp-content\/uploads\/2021\/09\/progress-display-300x138.jpg 300w, https:\/\/recyclingequipinc.com\/wp-content\/uploads\/2021\/09\/progress-display-768x353.jpg 768w, https:\/\/recyclingequipinc.com\/wp-content\/uploads\/2021\/09\/progress-display-600x276.jpg 600w, https:\/\/recyclingequipinc.com\/wp-content\/uploads\/2021\/09\/progress-display.jpg 1087w\" sizes=\"(max-width: 1024px) 100vw, 1024px\" \/><figcaption id=\"caption-attachment-4502\" class=\"wp-caption-text\">affichage complet de la progression de la production de plateaux d'\u0153ufs<\/figcaption><\/figure> <h2><strong><b>rouver <\/b><\/strong><strong><b>U<\/b><\/strong><strong><b>n <\/b><\/strong><strong><b>B<\/b><\/strong><strong><b>\u00a0<\/b><\/strong><strong><b>on<\/b><\/strong><strong><b>R <\/b><\/strong><strong><b>\u00e9putable<\/b><\/strong><strong><b>F <\/b><\/strong><strong><b>abricant<\/b><\/strong><strong><b>D <\/b><\/strong><strong><b>e<\/b><\/strong><strong><b>P <\/b><\/strong><strong><b>Temp\u00e9rature de chauffage de la mati\u00e8re premi\u00e8re<\/b><\/strong><strong><b>ray <\/b><\/strong><strong><b>M<\/b><\/strong><strong><b>aking <\/b><\/strong><strong><b>M<\/b><\/strong><strong><b>achine <\/b><\/strong><strong><b>M<\/b><\/strong><strong><b>anufacturer<\/b><\/strong><strong><b>\u00a0&amp; Supplier<\/b><\/strong><strong><b>?<\/b><\/strong><\/h2> <p class=\"translation-block\">Nous<strong><b>\u00a0<\/b><\/strong>Zhengzhou Shuliy Machinery Co., Ltd est une entreprise int\u00e9grant recherche et production. Nous avons des avantages comme suit. Tout d'abord, notre entreprise a accumul\u00e9 pr\u00e8s de trente ans d'exp\u00e9rience dans ce domaine. Ainsi, nous sommes la soci\u00e9t\u00e9 riche en exp\u00e9rience pour fournir la machine \u00e0 fabriquer des plateaux \u00e0 \u0153ufs. Deuxi\u00e8mement, nous coop\u00e9rons avec des marques c\u00e9l\u00e8bres. Gr\u00e2ce aux composants de marques c\u00e9l\u00e8bres, nos machines ont une qualit\u00e9 sup\u00e9rieure et des performances stables. Troisi\u00e8mement, nous offrons d'excellents services \u00e0 nos clients. Peu importe l'heure, tant que les clients ont des besoins, nous proposerons des solutions et des r\u00e9ponses rapides. De plus, vous pouvez obtenir ces machines \u00e0 fabriquer des plateaux \u00e0 \u0153ufs en p\u00e2te si vous g\u00e9rez une ferme avicole. La machine peut vous aider \u00e0 promouvoir vos int\u00e9r\u00eats et \u00e0 b\u00e9n\u00e9ficier \u00e0 votre entreprise.<\/p> <figure id=\"attachment_4545\" aria-describedby=\"caption-attachment-4545\" style=\"width: 720px\" class=\"wp-caption aligncenter\"><img loading=\"lazy\" decoding=\"async\" class=\"wp-image-4545 size-full\" src=\"https:\/\/recyclingequipinc.com\/wp-content\/uploads\/2021\/09\/factory-display.jpg\" alt=\"affichage de l&#039;usine de fabricants de plateaux d&#039;\u0153ufs Shuliy\" width=\"720\" height=\"378\" srcset=\"https:\/\/recyclingequipinc.com\/wp-content\/uploads\/2021\/09\/factory-display.jpg 720w, https:\/\/recyclingequipinc.com\/wp-content\/uploads\/2021\/09\/factory-display-300x158.jpg 300w, https:\/\/recyclingequipinc.com\/wp-content\/uploads\/2021\/09\/factory-display-600x315.jpg 600w\" sizes=\"(max-width: 720px) 100vw, 720px\" \/><figcaption id=\"caption-attachment-4545\" class=\"wp-caption-text\">affichage de l'usine de fabricants de plateaux d'\u0153ufs Shuliy<\/figcaption><\/figure> <h2><strong><b>Quel est le processus technologique de la machine \u00e0 plateaux d'\u0153ufs ?<\/b><\/strong><strong><b>Le processus de production de plateaux d'\u0153ufs est d\u00e9crit comme suit : papier usag\u00e9 \u2192 pulpage \u2192 m\u00e9lange de pulpe \u2192 tamisage \u2192 alimentation en pulpe \u2192 fa\u00e7onnage \u2192 s\u00e9chage \u2192 contr\u00f4le \u2192 emballage. Le processus global peut \u00eatre r\u00e9sum\u00e9 en plusieurs \u00e9tapes : le syst\u00e8me de pulpage, le syst\u00e8me de formation, le syst\u00e8me de s\u00e9chage et le syst\u00e8me de remodelage et d'emballage des plateaux d'\u0153ufs.<\/b><\/strong><strong><b>s E<\/b><\/strong><strong><b>P <\/b><\/strong><strong><b>Temp\u00e9rature de chauffage de la mati\u00e8re premi\u00e8re<\/b><\/strong><strong><b>ray <\/b><\/strong><strong><b>M<\/b><\/strong><strong><b>achine <\/b><\/strong><strong><b>abricant<\/b><\/strong><strong><b>rice<\/b><\/strong><strong><b>?<\/b><\/strong><\/h2> <p>Lorsque vous allez acheter la machine de fabrication de plateaux d'\u0153ufs, il est imp\u00e9ratif que vous soyez clair sur vos plans de commande. Parce que maintenant de nombreux fabricants et fournisseurs proposent cette machine, vous devez comparer pour obtenir la plus avantageuse. Nos machines de fabrication de plateaux d'\u0153ufs sont \u00e9quip\u00e9es de composants bien connus, elles ont donc une comp\u00e9titivit\u00e9. Mais en m\u00eame temps, leur prix varie en fonction de la configuration. De plus, vous devez tenir compte de votre budget et du co\u00fbt de la machine \u00e0 plateaux en papier. Votre budget d\u00e9termine la taille de la machine que vous allez acheter. Et parmi tous les fabricants de plateaux d'\u0153ufs, le prix de la machine de fabrication de plateaux d'\u0153ufs manuelle est le plus bas. Ainsi, si vous d\u00e9cidez d'acheter de telles machines respectueuses de l'environnement, vous devez prendre en compte vos plans de commande, votre budget et le co\u00fbt de la machine.<\/p> <h2><strong><b>Contactez-nous pour faciliter votre entreprise<\/b><\/strong><\/h2> <p>En tant qu'entreprise responsable, nous suivons de pr\u00e8s le rythme du d\u00e9veloppement social. Ainsi, dans notre entreprise, la machine automatique de fabrication de plateaux d'\u0153ufs est naturellement con\u00e7ue pour r\u00e9duire le fardeau de la terre et promouvoir le progr\u00e8s durable. Si vous avez beaucoup de papier recycl\u00e9, c'est pourquoi nous vous recommandons cette machine. Le premier avantage de la machine est son respect de l'environnement, elle remplace les plateaux en plastique. Le deuxi\u00e8me avantage est la large disponibilit\u00e9 des mati\u00e8res premi\u00e8res et le faible co\u00fbt. Les mati\u00e8res premi\u00e8res sont faciles \u00e0 collecter et peu co\u00fbteuses. Par cons\u00e9quent, contactez-nous pour faire quelque chose afin de prot\u00e9ger notre environnement. Veuillez nous appeler pour plus de d\u00e9tails et nous vous r\u00e9pondrons tr\u00e8s rapidement !<\/p>","protected":false},"excerpt":{"rendered":"<p class=\"translation-block\"><strong><b>Machine de fabrication de plateaux \u00e0 \u0153ufs<\/b><\/strong> est une machine \u00e9cologique, qui peut transformer les d\u00e9chets en tr\u00e9sor. C\u2019est \u00e0 cause de ses mati\u00e8res premi\u00e8res. Les mati\u00e8res premi\u00e8res proviennent principalement de divers panneaux de p\u00e2te comme les cartons de papier usag\u00e9, le papier de bo\u00eete en papier usag\u00e9, le papier blanc usag\u00e9, la p\u00e2te de roseau, la p\u00e2te de paille, la boue, la p\u00e2te de bambou et la p\u00e2te de bois, ainsi que les d\u00e9chets de p\u00e2te de fin de production de papier, etc. Contactez-nous pour un devis gratuit.<\/p>","protected":false},"featured_media":4443,"template":"","meta":{"site-sidebar-layout":"default","site-content-layout":"default","ast-site-content-layout":"default","site-content-style":"default","site-sidebar-style":"default","ast-global-header-display":"","ast-banner-title-visibility":"","ast-main-header-display":"","ast-hfb-above-header-display":"","ast-hfb-below-header-display":"","ast-hfb-mobile-header-display":"","site-post-title":"","ast-breadcrumbs-content":"","ast-featured-img":"","footer-sml-layout":"","ast-disable-related-posts":"","theme-transparent-header-meta":"default","adv-header-id-meta":"","stick-header-meta":"default","header-above-stick-meta":"","header-main-stick-meta":"","header-below-stick-meta":"","astra-migrate-meta-layouts":"set","ast-page-background-enabled":"default","ast-page-background-meta":{"desktop":{"background-color":"","background-image":"","background-repeat":"repeat","background-position":"center center","background-size":"auto","background-attachment":"scroll","background-type":"","background-media":"","overlay-type":"","overlay-color":"","overlay-opacity":"","overlay-gradient":""},"tablet":{"background-color":"","background-image":"","background-repeat":"repeat","background-position":"center center","background-size":"auto","background-attachment":"scroll","background-type":"","background-media":"","overlay-type":"","overlay-color":"","overlay-opacity":"","overlay-gradient":""},"mobile":{"background-color":"","background-image":"","background-repeat":"repeat","background-position":"center center","background-size":"auto","background-attachment":"scroll","background-type":"","background-media":"","overlay-type":"","overlay-color":"","overlay-opacity":"","overlay-gradient":""}},"ast-content-background-meta":{"desktop":{"background-color":"var(--ast-global-color-5)","background-image":"","background-repeat":"repeat","background-position":"center center","background-size":"auto","background-attachment":"scroll","background-type":"","background-media":"","overlay-type":"","overlay-color":"","overlay-opacity":"","overlay-gradient":""},"tablet":{"background-color":"var(--ast-global-color-5)","background-image":"","background-repeat":"repeat","background-position":"center center","background-size":"auto","background-attachment":"scroll","background-type":"","background-media":"","overlay-type":"","overlay-color":"","overlay-opacity":"","overlay-gradient":""},"mobile":{"background-color":"var(--ast-global-color-5)","background-image":"","background-repeat":"repeat","background-position":"center center","background-size":"auto","background-attachment":"scroll","background-type":"","background-media":"","overlay-type":"","overlay-color":"","overlay-opacity":"","overlay-gradient":""}}},"product_brand":[],"product_cat":[35],"product_tag":[73],"class_list":{"0":"post-4400","1":"product","2":"type-product","3":"status-publish","4":"has-post-thumbnail","6":"product_cat-egg-tray-machine","7":"product_tag-egg-carton-making-machine","8":"desktop-align-center","9":"tablet-align-center","10":"mobile-align-center","12":"first","13":"instock","14":"shipping-taxable","15":"product-type-simple"},"_links":{"self":[{"href":"https:\/\/recyclingequipinc.com\/fr\/wp-json\/wp\/v2\/product\/4400","targetHints":{"allow":["GET"]}}],"collection":[{"href":"https:\/\/recyclingequipinc.com\/fr\/wp-json\/wp\/v2\/product"}],"about":[{"href":"https:\/\/recyclingequipinc.com\/fr\/wp-json\/wp\/v2\/types\/product"}],"version-history":[{"count":0,"href":"https:\/\/recyclingequipinc.com\/fr\/wp-json\/wp\/v2\/product\/4400\/revisions"}],"wp:featuredmedia":[{"embeddable":true,"href":"https:\/\/recyclingequipinc.com\/fr\/wp-json\/wp\/v2\/media\/4443"}],"wp:attachment":[{"href":"https:\/\/recyclingequipinc.com\/fr\/wp-json\/wp\/v2\/media?parent=4400"}],"wp:term":[{"taxonomy":"product_brand","embeddable":true,"href":"https:\/\/recyclingequipinc.com\/fr\/wp-json\/wp\/v2\/product_brand?post=4400"},{"taxonomy":"product_cat","embeddable":true,"href":"https:\/\/recyclingequipinc.com\/fr\/wp-json\/wp\/v2\/product_cat?post=4400"},{"taxonomy":"product_tag","embeddable":true,"href":"https:\/\/recyclingequipinc.com\/fr\/wp-json\/wp\/v2\/product_tag?post=4400"}],"curies":[{"name":"wp","href":"https:\/\/api.w.org\/{rel}","templated":true}]}}