{"id":4397,"date":"2021-09-13T09:45:45","date_gmt":"2021-09-13T09:45:45","guid":{"rendered":"https:\/\/recyclingequipinc.com\/?post_type=product&#038;p=4397"},"modified":"2025-01-20T10:22:57","modified_gmt":"2025-01-20T02:22:57","slug":"broyeur-de-plastique","status":"publish","type":"product","link":"https:\/\/recyclingequipinc.com\/fr\/product\/waste-plastic-crusher\/","title":{"rendered":"Broyeur de plastique pour d\u00e9chets"},"content":{"rendered":"<p class=\"translation-block\">Le broyeur de plastique est l'\u00e9quipement pour broyer la mati\u00e8re premi\u00e8re dans la ligne de recyclage du plastique. Il convient au <a href=\"https:\/\/recyclingequipinc.com\/fr\/produit\/machine-de-recyclage-de-films-plastiques\/\"><strong>recyclage des films PP PE<\/strong><\/a>, des bouteilles, etc. Le broyeur en plastique coupera la mati\u00e8re premi\u00e8re en flocons apr\u00e8s que le convoyeur \u00e0 bande de la ligne de production ait envoy\u00e9 les objets en plastique dans le broyeur. Si vous souhaitez obtenir des fragments de plastique de diff\u00e9rentes tailles, vous pouvez les obtenir en rempla\u00e7ant des tamis de diff\u00e9rentes tailles. Il vise \u00e0 casser toutes sortes de plastiques souples et durs, tels que les films plastiques, les bouteilles en plastique, les tuyaux en PVC et autres d\u00e9chets plastiques.<\/p> <figure id=\"attachment_5477\" aria-describedby=\"caption-attachment-5477\" style=\"width: 750px\" class=\"wp-caption aligncenter\"><img fetchpriority=\"high\" decoding=\"async\" src=\"https:\/\/recyclingequipinc.com\/wp-content\/uploads\/2021\/09\/Plastic-Crusher-Machine.jpg\" alt=\"Machine de broyage en plastique\" width=\"750\" height=\"750\" \/><figcaption id=\"caption-attachment-5477\" class=\"wp-caption-text\">Machine de broyage en plastique<\/figcaption><\/figure> <h2>Vid\u00e9o de travail sur le broyeur de plastique pour le recyclage<\/h2> <div class=\"ast-oembed-container\" style=\"height: 100%;\"><iframe title=\"Broyeur de plastique pour broyer les barils, f\u00fbts et bouteilles en PEHD | Machines d&#039;usine de recyclage de plastique\" width=\"500\" height=\"281\" src=\"https:\/\/www.youtube.com\/embed\/yePaMCce--I?feature=oembed\" frameborder=\"0\" allow=\"accelerometer; autoplay; clipboard-write; encrypted-media; gyroscope; picture-in-picture; web-share\" referrerpolicy=\"strict-origin-when-cross-origin\" allowfullscreen><\/iframe><\/div> <h2>Caract\u00e9ristiques de la machine de broyage de plastique<\/h2> <ul> <li>Le broyeur de plastique adopte des lames en acier alli\u00e9, qui ont une grande duret\u00e9 et une longue dur\u00e9e d'utilisation.<\/li> <li>Le broyage humide permet non seulement d'am\u00e9liorer l'effet de lavage des copeaux de plastique, mais r\u00e9duit \u00e9galement la chaleur de friction gr\u00e2ce \u00e0 l'effet de refroidissement de l'eau, prolongeant ainsi la dur\u00e9e de vie de la lame.<\/li> <li>La machine de concassage de plastique pr\u00e9sente \u00e9galement les caract\u00e9ristiques d'une faible vitesse, d'un faible bruit, d'une longue dur\u00e9e de service, d'un faible co\u00fbt de maintenance et de l'absence de scories.<\/li> <li>Conception sp\u00e9ciale de la chambre de broyage, grande ouverture d'alimentation et chargement pratique<\/li> <li>Mouvement stable, faible vibration et utilisation pratique<\/li> <\/ul> <h2>Param\u00e8tres du broyeur de plastique<\/h2> <table style=\"border-collapse: collapse; width: 426.1pt; margin-left: 6.75pt; margin-right: 6.75pt; border: initial none initial;\" border=\"1\" cellspacing=\"0\"> <tbody> <tr> <td style=\"width: 142pt; padding: 0pt 5.4pt; border-width: 1pt; border-color: windowtext;\" valign=\"top\" width=\"189\">Mod\u00e8le<\/td> <td style=\"width: 142.05pt; padding: 0pt 5.4pt; border-width: 1pt; border-color: windowtext;\" valign=\"top\" width=\"189\">60<\/td> <td style=\"width: 142.05pt; padding: 0pt 5.4pt; border-width: 1pt; border-color: windowtext;\" valign=\"top\" width=\"189\">80<\/td> <\/tr> <tr> <td style=\"width: 142pt; padding: 0pt 5.4pt; border-left-width: 1pt; border-left-color: windowtext; border-right-width: 1pt; border-right-color: windowtext; border-top: none; border-bottom-width: 1pt; border-bottom-color: windowtext;\" valign=\"top\" width=\"189\">Capacit\u00e9<\/td> <td style=\"width: 142.05pt; padding: 0pt 5.4pt; border-left-width: 1pt; border-left-color: windowtext; border-right-width: 1pt; border-right-color: windowtext; border-top: none; border-bottom-width: 1pt; border-bottom-color: windowtext;\" valign=\"top\" width=\"189\">500 kg\/h<\/td> <td style=\"width: 142.05pt; padding: 0pt 5.4pt; border-left-width: 1pt; border-left-color: windowtext; border-right-width: 1pt; border-right-color: windowtext; border-top: none; border-bottom-width: 1pt; border-bottom-color: windowtext;\" valign=\"top\" width=\"189\">1 tonne\/h<\/td> <\/tr> <tr> <td style=\"width: 142pt; padding: 0pt 5.4pt; border-left-width: 1pt; border-left-color: windowtext; border-right-width: 1pt; border-right-color: windowtext; border-top: none; border-bottom-width: 1pt; border-bottom-color: windowtext;\" valign=\"top\" width=\"189\">Largeur de la lame<\/td> <td style=\"width: 142.05pt; padding: 0pt 5.4pt; border-left-width: 1pt; border-left-color: windowtext; border-right-width: 1pt; border-right-color: windowtext; border-top: none; border-bottom-width: 1pt; border-bottom-color: windowtext;\" valign=\"top\" width=\"189\">60 cm + 30 cm<\/td> <td style=\"width: 142.05pt; padding: 0pt 5.4pt; border-left-width: 1pt; border-left-color: windowtext; border-right-width: 1pt; border-right-color: windowtext; border-top: none; border-bottom-width: 1pt; border-bottom-color: windowtext;\" valign=\"top\" width=\"189\">80 cm + 40 cm<\/td> <\/tr> <tr> <td style=\"width: 142pt; padding: 0pt 5.4pt; border-left-width: 1pt; border-left-color: windowtext; border-right-width: 1pt; border-right-color: windowtext; border-top: none; border-bottom-width: 1pt; border-bottom-color: windowtext;\" valign=\"top\" width=\"189\">Puissance<\/td> <td style=\"width: 142.05pt; padding: 0pt 5.4pt; border-left-width: 1pt; border-left-color: windowtext; border-right-width: 1pt; border-right-color: windowtext; border-top: none; border-bottom-width: 1pt; border-bottom-color: windowtext;\" valign=\"top\" width=\"189\">15 + 7.5 kW<\/td> <td style=\"width: 142.05pt; padding: 0pt 5.4pt; border-left-width: 1pt; border-left-color: windowtext; border-right-width: 1pt; border-right-color: windowtext; border-top: none; border-bottom-width: 1pt; border-bottom-color: windowtext;\" valign=\"top\" width=\"189\">30 + 11 kW<\/td> <\/tr> <\/tbody> <\/table> <p>Ce sont deux mod\u00e8les de machines de broyage du plastique dans notre entreprise. La plus grande diff\u00e9rence entre les deux machines est la production. L'une est de 500 kg\/h et l'autre est de 1 tonne\/h. Vous pouvez choisir le mod\u00e8le de machine que vous souhaitez en fonction de vos besoins. Si vous avez des questions, n'h\u00e9sitez pas \u00e0 nous contacter et nous vous r\u00e9pondrons dans les plus brefs d\u00e9lais.<\/p> <h2>Applications du broyeur de plastique pour le recyclage<\/h2> <p>Le broyeur de d\u00e9chets plastiques est g\u00e9n\u00e9ralement une \u00e9tape importante du film plastique LDPE LLDPE et des plastiques rigides HDPE. Il est utilis\u00e9 pour broyer et laver une vari\u00e9t\u00e9 de d\u00e9chets plastiques, y compris les plastiques souples et durs, tels que les tubes en plastique, les tiges en plastique, les films plastiques, les jouets en plastique, les d\u00e9chets de produits en caoutchouc, etc. Il a une grande capacit\u00e9 de traitement, fonctionne efficacement et re\u00e7oit les \u00e9loges unanimes des clients.<\/p> <p class=\"translation-block\">Shuliy Group fournit \u00e9galement une d\u00e9chiqueteuse professionnelle pour la <a href=\"https:\/\/recyclingequipinc.com\/fr\/produit\/machine-de-recyclage-de-bouteilles-en-plastique\/\"><strong>ligne de recyclage de bouteilles PET<\/strong><\/a>. Si vos mati\u00e8res premi\u00e8res sont des bouteilles PET, nous vous recommandons de choisir celle-ci : <strong><a href=\"https:\/\/recyclingequipinc.com\/fr\/produit\/machine-de-concassage-de-bouteilles-en-plastique-pour-animaux-de-compagnie\/\">broyeur de plastique pour le recyclage du PET<\/a><\/strong>.<\/p>","protected":false},"excerpt":{"rendered":"<p>Le broyeur de plastique est l'\u00e9quipement utilis\u00e9 pour broyer les mati\u00e8res premi\u00e8res dans la ligne de recyclage du plastique. Il convient aux films PP PE, aux bouteilles et aux bo\u00eetes, etc. Le convoyeur \u00e0 bande dans la ligne de production envoie les mati\u00e8res premi\u00e8res dans le broyeur, qui d\u00e9coupe les flocons en morceaux. Contactez-nous pour obtenir une liste de prix gratuite.<\/p>","protected":false},"featured_media":5650,"template":"","meta":{"site-sidebar-layout":"default","site-content-layout":"default","ast-site-content-layout":"default","site-content-style":"default","site-sidebar-style":"default","ast-global-header-display":"","ast-banner-title-visibility":"","ast-main-header-display":"","ast-hfb-above-header-display":"","ast-hfb-below-header-display":"","ast-hfb-mobile-header-display":"","site-post-title":"","ast-breadcrumbs-content":"","ast-featured-img":"","footer-sml-layout":"","ast-disable-related-posts":"","theme-transparent-header-meta":"default","adv-header-id-meta":"","stick-header-meta":"default","header-above-stick-meta":"","header-main-stick-meta":"","header-below-stick-meta":"","astra-migrate-meta-layouts":"set","ast-page-background-enabled":"default","ast-page-background-meta":{"desktop":{"background-color":"","background-image":"","background-repeat":"repeat","background-position":"center center","background-size":"auto","background-attachment":"scroll","background-type":"","background-media":"","overlay-type":"","overlay-color":"","overlay-opacity":"","overlay-gradient":""},"tablet":{"background-color":"","background-image":"","background-repeat":"repeat","background-position":"center center","background-size":"auto","background-attachment":"scroll","background-type":"","background-media":"","overlay-type":"","overlay-color":"","overlay-opacity":"","overlay-gradient":""},"mobile":{"background-color":"","background-image":"","background-repeat":"repeat","background-position":"center center","background-size":"auto","background-attachment":"scroll","background-type":"","background-media":"","overlay-type":"","overlay-color":"","overlay-opacity":"","overlay-gradient":""}},"ast-content-background-meta":{"desktop":{"background-color":"var(--ast-global-color-5)","background-image":"","background-repeat":"repeat","background-position":"center center","background-size":"auto","background-attachment":"scroll","background-type":"","background-media":"","overlay-type":"","overlay-color":"","overlay-opacity":"","overlay-gradient":""},"tablet":{"background-color":"var(--ast-global-color-5)","background-image":"","background-repeat":"repeat","background-position":"center center","background-size":"auto","background-attachment":"scroll","background-type":"","background-media":"","overlay-type":"","overlay-color":"","overlay-opacity":"","overlay-gradient":""},"mobile":{"background-color":"var(--ast-global-color-5)","background-image":"","background-repeat":"repeat","background-position":"center center","background-size":"auto","background-attachment":"scroll","background-type":"","background-media":"","overlay-type":"","overlay-color":"","overlay-opacity":"","overlay-gradient":""}}},"product_brand":[],"product_cat":[36],"product_tag":[96],"class_list":{"0":"post-4397","1":"product","2":"type-product","3":"status-publish","4":"has-post-thumbnail","6":"product_cat-plastic-recycling-machine","7":"product_tag-crusher","8":"desktop-align-center","9":"tablet-align-center","10":"mobile-align-center","12":"first","13":"instock","14":"shipping-taxable","15":"product-type-simple"},"_links":{"self":[{"href":"https:\/\/recyclingequipinc.com\/fr\/wp-json\/wp\/v2\/product\/4397","targetHints":{"allow":["GET"]}}],"collection":[{"href":"https:\/\/recyclingequipinc.com\/fr\/wp-json\/wp\/v2\/product"}],"about":[{"href":"https:\/\/recyclingequipinc.com\/fr\/wp-json\/wp\/v2\/types\/product"}],"version-history":[{"count":0,"href":"https:\/\/recyclingequipinc.com\/fr\/wp-json\/wp\/v2\/product\/4397\/revisions"}],"wp:featuredmedia":[{"embeddable":true,"href":"https:\/\/recyclingequipinc.com\/fr\/wp-json\/wp\/v2\/media\/5650"}],"wp:attachment":[{"href":"https:\/\/recyclingequipinc.com\/fr\/wp-json\/wp\/v2\/media?parent=4397"}],"wp:term":[{"taxonomy":"product_brand","embeddable":true,"href":"https:\/\/recyclingequipinc.com\/fr\/wp-json\/wp\/v2\/product_brand?post=4397"},{"taxonomy":"product_cat","embeddable":true,"href":"https:\/\/recyclingequipinc.com\/fr\/wp-json\/wp\/v2\/product_cat?post=4397"},{"taxonomy":"product_tag","embeddable":true,"href":"https:\/\/recyclingequipinc.com\/fr\/wp-json\/wp\/v2\/product_tag?post=4397"}],"curies":[{"name":"wp","href":"https:\/\/api.w.org\/{rel}","templated":true}]}}